{"id":36666,"date":"2024-10-11T13:25:48","date_gmt":"2024-10-16T12:40:54","guid":{"rendered":"https:\/\/naturalpoland.com\/produkty\/uncategorized\/zyt-lqrnfl\/"},"modified":"2024-10-16T14:40:54","modified_gmt":"2024-10-16T12:40:54","slug":"zyt-lqrnfl","status":"publish","type":"product","link":"https:\/\/naturalpoland.com\/ar\/produkty\/muntajat-sinaat-altajmil\/zyw-atryh\/zyt-lqrnfl\/","title":{"rendered":"\u0632\u064a\u062a \u0627\u0644\u0642\u0631\u0646\u0641\u0644"},"content":{"rendered":"<p>\u064a\u062d\u062a\u0648\u064a \u0632\u064a\u062a \u0627\u0644\u0642\u0631\u0646\u0641\u0644 \u0627\u0644\u0639\u0637\u0631\u064a \u0639\u0644\u0649 \u0645\u0633\u062a\u0648\u064a\u0627\u062a \u0639\u0627\u0644\u064a\u0629 \u0645\u0646 <strong>\u0627\u0644\u0623\u0648\u062c\u064a\u0646\u0648\u0644<\/strong> <strong>\u0648\u0628\u064a\u062a\u0627-\u0643\u0627\u0631\u064a\u0648\u0641\u064a\u0644\u064a\u0646<\/strong> \u0645\u0639 \u062e\u0635\u0627\u0626\u0635 \u0645\u0636\u0627\u062f\u0629 \u0644\u0644\u0628\u0643\u062a\u064a\u0631\u064a\u0627 \u0648\u0645\u0636\u0627\u062f\u0629 \u0644\u0644\u0627\u0644\u062a\u0647\u0627\u0628\u0627\u062a \u0648\u0645\u062e\u062f\u0631\u0629. \u064a\u064f\u0633\u062a\u062e\u062f\u0645 \u0627\u0644\u0632\u064a\u062a \u0641\u064a \u0627\u0644\u0639\u0644\u0627\u062c \u0628\u0627\u0644\u0631\u0648\u0627\u0626\u062d \u0627\u0644\u0639\u0637\u0631\u064a\u0629 \u0648\u0643\u0630\u0644\u0643 \u0641\u064a \u0645\u0646\u062a\u062c\u0627\u062a \u0627\u0644\u0639\u0646\u0627\u064a\u0629 \u0628\u0627\u0644\u0628\u0634\u0631\u0629 \u0648\u0627\u0644\u0645\u0646\u062a\u062c\u0627\u062a \u0627\u0644\u0639\u0644\u0627\u062c\u064a\u0629\u060c \u062e\u0627\u0635\u0629\u064b \u0644\u062a\u062e\u0641\u064a\u0641 \u0627\u0644\u0623\u0644\u0645 \u0648\u062a\u0642\u0644\u064a\u0644 \u0627\u0644\u0627\u0644\u062a\u0647\u0627\u0628 \u0648\u062f\u0639\u0645 \u0639\u0644\u0627\u062c \u062d\u0628 \u0627\u0644\u0634\u0628\u0627\u0628. \u064a\u0633\u062a\u062e\u062f\u0645 \u0627\u0644\u0632\u064a\u062a \u0623\u064a\u0636\u0627\u064b \u0641\u064a \u062a\u0631\u0643\u064a\u0628\u0627\u062a \u0646\u0638\u0627\u0641\u0629 \u0627\u0644\u0641\u0645 \u0644\u062e\u0635\u0627\u0626\u0635\u0647 \u0627\u0644\u0645\u0637\u0647\u0631\u0629 \u0648\u0627\u0644\u0645\u0646\u0639\u0634\u0629. \u0632\u064a\u062a \u0627\u0644\u0642\u0631\u0646\u0641\u0644 \u0645\u062e\u0635\u0635 \u0644\u0644\u0627\u0633\u062a\u062e\u062f\u0627\u0645 \u0627\u0644\u062e\u0627\u0631\u062c\u064a \u0641\u0642\u0637\u060c \u0648\u064a\u062c\u0628 \u0627\u0633\u062a\u062e\u062f\u0627\u0645\u0647 \u0628\u062a\u062e\u0641\u064a\u0641 \u0645\u0646\u0627\u0633\u0628 \u0639\u0646\u062f \u0645\u0644\u0627\u0645\u0633\u062a\u0647 \u0644\u0644\u062c\u0644\u062f \u0645\u0628\u0627\u0634\u0631\u0629. \u064a\u0645\u0643\u0646 \u0623\u0646 \u064a\u0633\u0628\u0628 \u0627\u0644\u0632\u064a\u062a \u062a\u0647\u064a\u062c \u0627\u0644\u062c\u0644\u062f \u0648\u0627\u0644\u0639\u064a\u0646\u064a\u0646\u060c \u0644\u0630\u0644\u0643 \u064a\u0648\u0635\u0649 \u0628\u062a\u062c\u0646\u0628 \u0627\u0644\u062a\u0644\u0627\u0645\u0633 \u0627\u0644\u0645\u0628\u0627\u0634\u0631 \u0648\u0627\u0633\u062a\u062e\u062f\u0627\u0645 \u0627\u0644\u062d\u0645\u0627\u064a\u0629 \u0627\u0644\u0634\u062e\u0635\u064a\u0629 \u0639\u0646\u062f \u0627\u0633\u062a\u062e\u062f\u0627\u0645\u0647.  <\/p>\n<p>&nbsp;<\/p>\n","protected":false},"excerpt":{"rendered":"<p>\u064a\u064f\u0633\u062a\u062e\u0631\u062c <strong>\u0632\u064a\u062a \u0627\u0644\u0642\u0631\u0646\u0641\u0644 \u0627\u0644\u0639\u0637\u0631\u064a<\/strong> \u0645\u0646 \u0623\u0648\u0631\u0627\u0642 \u0646\u0628\u0627\u062a <em>\u064a\u0648\u062c\u064a\u0646\u064a\u0627 \u0643\u0627\u0631\u064a\u0648\u0641\u064a\u0644\u0648\u0633<\/em>. \u064a\u062a\u0645\u064a\u0632 \u0628\u0631\u0627\u0626\u062d\u0629 \u0642\u0648\u064a\u0629 \u0648\u062d\u0627\u0631\u0629.<\/p>\n","protected":false},"featured_media":36463,"template":"","meta":[],"product_brand":[],"product_cat":[6260],"product_tag":[],"class_list":{"0":"post-36666","1":"product","2":"type-product","3":"status-publish","4":"has-post-thumbnail","6":"product_cat-zyw-atryh","8":"first","9":"instock","10":"shipping-taxable","11":"product-type-simple"},"yoast_head":"<!-- This site is optimized with the Yoast SEO plugin v27.3 - https:\/\/yoast.com\/product\/yoast-seo-wordpress\/ -->\n<title>\u0632\u064a\u062a \u0627\u0644\u0642\u0631\u0646\u0641\u0644 - NATURAL POLAND - \u0645\u0648\u0632\u0639 \u0645\u0648\u0627\u062f \u062e\u0627\u0645 \u0628\u0627\u0644\u062c\u0645\u0644\u0629<\/title>\n<meta name=\"description\" content=\"\u064a\u062a\u0645\u064a\u0632 \u0632\u064a\u062a \u0627\u0644\u0642\u0631\u0646\u0641\u0644 \u0627\u0644\u0645\u0633\u062a\u062e\u0631\u062c \u0645\u0646 \u0623\u0648\u0631\u0627\u0642 \u0646\u0628\u062a\u0629 \u064a\u0648\u062c\u064a\u0646\u064a\u0627 \u0643\u0627\u0631\u064a\u0648\u0641\u064a\u0644\u0648\u0633 \u0628\u0631\u0627\u0626\u062d\u062a\u0647 \u0627\u0644\u062d\u0627\u0631\u0629 \u0627\u0644\u0642\u0648\u064a\u0629 \u0648\u0645\u062d\u062a\u0648\u0627\u0647 \u0627\u0644\u0639\u0627\u0644\u064a \u0645\u0646 \u0627\u0644\u0623\u0648\u062c\u064a\u0646\u0648\u0644.\" \/>\n<meta name=\"robots\" content=\"index, follow, max-snippet:-1, max-image-preview:large, max-video-preview:-1\" \/>\n<link rel=\"canonical\" href=\"https:\/\/naturalpoland.com\/ar\/produkty\/muntajat-sinaat-altajmil\/zyw-atryh\/zyt-lqrnfl\/\" \/>\n<meta property=\"og:locale\" content=\"ar_AR\" \/>\n<meta property=\"og:type\" content=\"article\" \/>\n<meta property=\"og:title\" content=\"\u0632\u064a\u062a \u0627\u0644\u0642\u0631\u0646\u0641\u0644 - NATURAL POLAND - \u0645\u0648\u0632\u0639 \u0645\u0648\u0627\u062f \u062e\u0627\u0645 \u0628\u0627\u0644\u062c\u0645\u0644\u0629\" \/>\n<meta property=\"og:description\" content=\"\u064a\u062a\u0645\u064a\u0632 \u0632\u064a\u062a \u0627\u0644\u0642\u0631\u0646\u0641\u0644 \u0627\u0644\u0645\u0633\u062a\u062e\u0631\u062c \u0645\u0646 \u0623\u0648\u0631\u0627\u0642 \u0646\u0628\u062a\u0629 \u064a\u0648\u062c\u064a\u0646\u064a\u0627 \u0643\u0627\u0631\u064a\u0648\u0641\u064a\u0644\u0648\u0633 \u0628\u0631\u0627\u0626\u062d\u062a\u0647 \u0627\u0644\u062d\u0627\u0631\u0629 \u0627\u0644\u0642\u0648\u064a\u0629 \u0648\u0645\u062d\u062a\u0648\u0627\u0647 \u0627\u0644\u0639\u0627\u0644\u064a \u0645\u0646 \u0627\u0644\u0623\u0648\u062c\u064a\u0646\u0648\u0644.\" \/>\n<meta property=\"og:url\" content=\"https:\/\/naturalpoland.com\/ar\/produkty\/muntajat-sinaat-altajmil\/zyw-atryh\/zyt-lqrnfl\/\" \/>\n<meta property=\"og:site_name\" content=\"NATURAL POLAND - \u0645\u0648\u0632\u0639 \u0645\u0648\u0627\u062f \u062e\u0627\u0645 \u0628\u0627\u0644\u062c\u0645\u0644\u0629\" \/>\n<meta property=\"article:publisher\" content=\"https:\/\/www.facebook.com\/naturalpoland.b2b\" \/>\n<meta property=\"og:image\" content=\"https:\/\/naturalpoland.com\/wp-content\/uploads\/olejek-eteryczny-z-lisci-gozdzikow.webp\" \/>\n\t<meta property=\"og:image:width\" content=\"610\" \/>\n\t<meta property=\"og:image:height\" content=\"610\" \/>\n\t<meta property=\"og:image:type\" content=\"image\/webp\" \/>\n<script type=\"application\/ld+json\" class=\"yoast-schema-graph\">{\"@context\":\"https:\\\/\\\/schema.org\",\"@graph\":[{\"@type\":\"WebPage\",\"@id\":\"https:\\\/\\\/naturalpoland.com\\\/ar\\\/produkty\\\/muntajat-sinaat-altajmil\\\/zyw-atryh\\\/zyt-lqrnfl\\\/\",\"url\":\"https:\\\/\\\/naturalpoland.com\\\/ar\\\/produkty\\\/muntajat-sinaat-altajmil\\\/zyw-atryh\\\/zyt-lqrnfl\\\/\",\"name\":\"\u0632\u064a\u062a \u0627\u0644\u0642\u0631\u0646\u0641\u0644 - NATURAL POLAND - \u0645\u0648\u0632\u0639 \u0645\u0648\u0627\u062f \u062e\u0627\u0645 \u0628\u0627\u0644\u062c\u0645\u0644\u0629\",\"isPartOf\":{\"@id\":\"https:\\\/\\\/naturalpoland.com\\\/ar\\\/#website\"},\"primaryImageOfPage\":{\"@id\":\"https:\\\/\\\/naturalpoland.com\\\/ar\\\/produkty\\\/muntajat-sinaat-altajmil\\\/zyw-atryh\\\/zyt-lqrnfl\\\/#primaryimage\"},\"image\":{\"@id\":\"https:\\\/\\\/naturalpoland.com\\\/ar\\\/produkty\\\/muntajat-sinaat-altajmil\\\/zyw-atryh\\\/zyt-lqrnfl\\\/#primaryimage\"},\"thumbnailUrl\":\"https:\\\/\\\/naturalpoland.com\\\/wp-content\\\/uploads\\\/olejek-eteryczny-z-lisci-gozdzikow.webp\",\"datePublished\":\"2024-10-16T12:40:54+00:00\",\"description\":\"\u064a\u062a\u0645\u064a\u0632 \u0632\u064a\u062a \u0627\u0644\u0642\u0631\u0646\u0641\u0644 \u0627\u0644\u0645\u0633\u062a\u062e\u0631\u062c \u0645\u0646 \u0623\u0648\u0631\u0627\u0642 \u0646\u0628\u062a\u0629 \u064a\u0648\u062c\u064a\u0646\u064a\u0627 \u0643\u0627\u0631\u064a\u0648\u0641\u064a\u0644\u0648\u0633 \u0628\u0631\u0627\u0626\u062d\u062a\u0647 \u0627\u0644\u062d\u0627\u0631\u0629 \u0627\u0644\u0642\u0648\u064a\u0629 \u0648\u0645\u062d\u062a\u0648\u0627\u0647 \u0627\u0644\u0639\u0627\u0644\u064a \u0645\u0646 \u0627\u0644\u0623\u0648\u062c\u064a\u0646\u0648\u0644.\",\"breadcrumb\":{\"@id\":\"https:\\\/\\\/naturalpoland.com\\\/ar\\\/produkty\\\/muntajat-sinaat-altajmil\\\/zyw-atryh\\\/zyt-lqrnfl\\\/#breadcrumb\"},\"inLanguage\":\"ar\",\"potentialAction\":[{\"@type\":\"ReadAction\",\"target\":[\"https:\\\/\\\/naturalpoland.com\\\/ar\\\/produkty\\\/muntajat-sinaat-altajmil\\\/zyw-atryh\\\/zyt-lqrnfl\\\/\"]}]},{\"@type\":\"ImageObject\",\"inLanguage\":\"ar\",\"@id\":\"https:\\\/\\\/naturalpoland.com\\\/ar\\\/produkty\\\/muntajat-sinaat-altajmil\\\/zyw-atryh\\\/zyt-lqrnfl\\\/#primaryimage\",\"url\":\"https:\\\/\\\/naturalpoland.com\\\/wp-content\\\/uploads\\\/olejek-eteryczny-z-lisci-gozdzikow.webp\",\"contentUrl\":\"https:\\\/\\\/naturalpoland.com\\\/wp-content\\\/uploads\\\/olejek-eteryczny-z-lisci-gozdzikow.webp\",\"width\":610,\"height\":610,\"caption\":\"olejek eteryczny z li\u015bci go\u017adzik\u00f3w\"},{\"@type\":\"BreadcrumbList\",\"@id\":\"https:\\\/\\\/naturalpoland.com\\\/ar\\\/produkty\\\/muntajat-sinaat-altajmil\\\/zyw-atryh\\\/zyt-lqrnfl\\\/#breadcrumb\",\"itemListElement\":[{\"@type\":\"ListItem\",\"position\":1,\"name\":\"\u0627\u0644\u0631\u0626\u064a\u0633\u064a\u0629\",\"item\":\"https:\\\/\\\/naturalpoland.com\\\/ar\\\/\"},{\"@type\":\"ListItem\",\"position\":2,\"name\":\"\u0627\u0644\u0645\u0646\u062a\u062c\u0627\u062a\",\"item\":\"https:\\\/\\\/naturalpoland.com\\\/ar\\\/%d8%a7%d9%84%d9%85%d9%86%d8%aa%d8%ac%d8%a7%d8%aa\\\/\"},{\"@type\":\"ListItem\",\"position\":3,\"name\":\"\u0632\u064a\u062a \u0627\u0644\u0642\u0631\u0646\u0641\u0644\"}]},{\"@type\":\"WebSite\",\"@id\":\"https:\\\/\\\/naturalpoland.com\\\/ar\\\/#website\",\"url\":\"https:\\\/\\\/naturalpoland.com\\\/ar\\\/\",\"name\":\"NATURAL POLAND - \u0645\u0648\u0632\u0639 \u0645\u0648\u0627\u062f \u062e\u0627\u0645 \u0628\u0627\u0644\u062c\u0645\u0644\u0629\",\"description\":\"Surowce dla przemys\u0142u spo\u017cywczego, kosmetycznego i farmaceutycznego\",\"publisher\":{\"@id\":\"https:\\\/\\\/naturalpoland.com\\\/ar\\\/#organization\"},\"potentialAction\":[{\"@type\":\"SearchAction\",\"target\":{\"@type\":\"EntryPoint\",\"urlTemplate\":\"https:\\\/\\\/naturalpoland.com\\\/ar\\\/?s={search_term_string}\"},\"query-input\":{\"@type\":\"PropertyValueSpecification\",\"valueRequired\":true,\"valueName\":\"search_term_string\"}}],\"inLanguage\":\"ar\"},{\"@type\":\"Organization\",\"@id\":\"https:\\\/\\\/naturalpoland.com\\\/ar\\\/#organization\",\"name\":\"Natural Poland\",\"url\":\"https:\\\/\\\/naturalpoland.com\\\/ar\\\/\",\"logo\":{\"@type\":\"ImageObject\",\"inLanguage\":\"ar\",\"@id\":\"https:\\\/\\\/naturalpoland.com\\\/ar\\\/#\\\/schema\\\/logo\\\/image\\\/\",\"url\":\"https:\\\/\\\/naturalpoland.com\\\/wp-content\\\/uploads\\\/2021\\\/05\\\/natural-poland-icon.png\",\"contentUrl\":\"https:\\\/\\\/naturalpoland.com\\\/wp-content\\\/uploads\\\/2021\\\/05\\\/natural-poland-icon.png\",\"width\":512,\"height\":512,\"caption\":\"Natural Poland\"},\"image\":{\"@id\":\"https:\\\/\\\/naturalpoland.com\\\/ar\\\/#\\\/schema\\\/logo\\\/image\\\/\"},\"sameAs\":[\"https:\\\/\\\/www.facebook.com\\\/naturalpoland.b2b\",\"https:\\\/\\\/pl.linkedin.com\\\/company\\\/natural-poland\",\"https:\\\/\\\/www.youtube.com\\\/channel\\\/UCgeGGkvOMahZo-xu_MSEWxg\"]}]}<\/script>\n<!-- \/ Yoast SEO plugin. -->","yoast_head_json":{"title":"\u0632\u064a\u062a \u0627\u0644\u0642\u0631\u0646\u0641\u0644 - NATURAL POLAND - \u0645\u0648\u0632\u0639 \u0645\u0648\u0627\u062f \u062e\u0627\u0645 \u0628\u0627\u0644\u062c\u0645\u0644\u0629","description":"\u064a\u062a\u0645\u064a\u0632 \u0632\u064a\u062a \u0627\u0644\u0642\u0631\u0646\u0641\u0644 \u0627\u0644\u0645\u0633\u062a\u062e\u0631\u062c \u0645\u0646 \u0623\u0648\u0631\u0627\u0642 \u0646\u0628\u062a\u0629 \u064a\u0648\u062c\u064a\u0646\u064a\u0627 \u0643\u0627\u0631\u064a\u0648\u0641\u064a\u0644\u0648\u0633 \u0628\u0631\u0627\u0626\u062d\u062a\u0647 \u0627\u0644\u062d\u0627\u0631\u0629 \u0627\u0644\u0642\u0648\u064a\u0629 \u0648\u0645\u062d\u062a\u0648\u0627\u0647 \u0627\u0644\u0639\u0627\u0644\u064a \u0645\u0646 \u0627\u0644\u0623\u0648\u062c\u064a\u0646\u0648\u0644.","robots":{"index":"index","follow":"follow","max-snippet":"max-snippet:-1","max-image-preview":"max-image-preview:large","max-video-preview":"max-video-preview:-1"},"canonical":"https:\/\/naturalpoland.com\/ar\/produkty\/muntajat-sinaat-altajmil\/zyw-atryh\/zyt-lqrnfl\/","og_locale":"ar_AR","og_type":"article","og_title":"\u0632\u064a\u062a \u0627\u0644\u0642\u0631\u0646\u0641\u0644 - NATURAL POLAND - \u0645\u0648\u0632\u0639 \u0645\u0648\u0627\u062f \u062e\u0627\u0645 \u0628\u0627\u0644\u062c\u0645\u0644\u0629","og_description":"\u064a\u062a\u0645\u064a\u0632 \u0632\u064a\u062a \u0627\u0644\u0642\u0631\u0646\u0641\u0644 \u0627\u0644\u0645\u0633\u062a\u062e\u0631\u062c \u0645\u0646 \u0623\u0648\u0631\u0627\u0642 \u0646\u0628\u062a\u0629 \u064a\u0648\u062c\u064a\u0646\u064a\u0627 \u0643\u0627\u0631\u064a\u0648\u0641\u064a\u0644\u0648\u0633 \u0628\u0631\u0627\u0626\u062d\u062a\u0647 \u0627\u0644\u062d\u0627\u0631\u0629 \u0627\u0644\u0642\u0648\u064a\u0629 \u0648\u0645\u062d\u062a\u0648\u0627\u0647 \u0627\u0644\u0639\u0627\u0644\u064a \u0645\u0646 \u0627\u0644\u0623\u0648\u062c\u064a\u0646\u0648\u0644.","og_url":"https:\/\/naturalpoland.com\/ar\/produkty\/muntajat-sinaat-altajmil\/zyw-atryh\/zyt-lqrnfl\/","og_site_name":"NATURAL POLAND - \u0645\u0648\u0632\u0639 \u0645\u0648\u0627\u062f \u062e\u0627\u0645 \u0628\u0627\u0644\u062c\u0645\u0644\u0629","article_publisher":"https:\/\/www.facebook.com\/naturalpoland.b2b","og_image":[{"width":610,"height":610,"url":"https:\/\/naturalpoland.com\/wp-content\/uploads\/olejek-eteryczny-z-lisci-gozdzikow.webp","type":"image\/webp"}],"schema":{"@context":"https:\/\/schema.org","@graph":[{"@type":"WebPage","@id":"https:\/\/naturalpoland.com\/ar\/produkty\/muntajat-sinaat-altajmil\/zyw-atryh\/zyt-lqrnfl\/","url":"https:\/\/naturalpoland.com\/ar\/produkty\/muntajat-sinaat-altajmil\/zyw-atryh\/zyt-lqrnfl\/","name":"\u0632\u064a\u062a \u0627\u0644\u0642\u0631\u0646\u0641\u0644 - NATURAL POLAND - \u0645\u0648\u0632\u0639 \u0645\u0648\u0627\u062f \u062e\u0627\u0645 \u0628\u0627\u0644\u062c\u0645\u0644\u0629","isPartOf":{"@id":"https:\/\/naturalpoland.com\/ar\/#website"},"primaryImageOfPage":{"@id":"https:\/\/naturalpoland.com\/ar\/produkty\/muntajat-sinaat-altajmil\/zyw-atryh\/zyt-lqrnfl\/#primaryimage"},"image":{"@id":"https:\/\/naturalpoland.com\/ar\/produkty\/muntajat-sinaat-altajmil\/zyw-atryh\/zyt-lqrnfl\/#primaryimage"},"thumbnailUrl":"https:\/\/naturalpoland.com\/wp-content\/uploads\/olejek-eteryczny-z-lisci-gozdzikow.webp","datePublished":"2024-10-16T12:40:54+00:00","description":"\u064a\u062a\u0645\u064a\u0632 \u0632\u064a\u062a \u0627\u0644\u0642\u0631\u0646\u0641\u0644 \u0627\u0644\u0645\u0633\u062a\u062e\u0631\u062c \u0645\u0646 \u0623\u0648\u0631\u0627\u0642 \u0646\u0628\u062a\u0629 \u064a\u0648\u062c\u064a\u0646\u064a\u0627 \u0643\u0627\u0631\u064a\u0648\u0641\u064a\u0644\u0648\u0633 \u0628\u0631\u0627\u0626\u062d\u062a\u0647 \u0627\u0644\u062d\u0627\u0631\u0629 \u0627\u0644\u0642\u0648\u064a\u0629 \u0648\u0645\u062d\u062a\u0648\u0627\u0647 \u0627\u0644\u0639\u0627\u0644\u064a \u0645\u0646 \u0627\u0644\u0623\u0648\u062c\u064a\u0646\u0648\u0644.","breadcrumb":{"@id":"https:\/\/naturalpoland.com\/ar\/produkty\/muntajat-sinaat-altajmil\/zyw-atryh\/zyt-lqrnfl\/#breadcrumb"},"inLanguage":"ar","potentialAction":[{"@type":"ReadAction","target":["https:\/\/naturalpoland.com\/ar\/produkty\/muntajat-sinaat-altajmil\/zyw-atryh\/zyt-lqrnfl\/"]}]},{"@type":"ImageObject","inLanguage":"ar","@id":"https:\/\/naturalpoland.com\/ar\/produkty\/muntajat-sinaat-altajmil\/zyw-atryh\/zyt-lqrnfl\/#primaryimage","url":"https:\/\/naturalpoland.com\/wp-content\/uploads\/olejek-eteryczny-z-lisci-gozdzikow.webp","contentUrl":"https:\/\/naturalpoland.com\/wp-content\/uploads\/olejek-eteryczny-z-lisci-gozdzikow.webp","width":610,"height":610,"caption":"olejek eteryczny z li\u015bci go\u017adzik\u00f3w"},{"@type":"BreadcrumbList","@id":"https:\/\/naturalpoland.com\/ar\/produkty\/muntajat-sinaat-altajmil\/zyw-atryh\/zyt-lqrnfl\/#breadcrumb","itemListElement":[{"@type":"ListItem","position":1,"name":"\u0627\u0644\u0631\u0626\u064a\u0633\u064a\u0629","item":"https:\/\/naturalpoland.com\/ar\/"},{"@type":"ListItem","position":2,"name":"\u0627\u0644\u0645\u0646\u062a\u062c\u0627\u062a","item":"https:\/\/naturalpoland.com\/ar\/%d8%a7%d9%84%d9%85%d9%86%d8%aa%d8%ac%d8%a7%d8%aa\/"},{"@type":"ListItem","position":3,"name":"\u0632\u064a\u062a \u0627\u0644\u0642\u0631\u0646\u0641\u0644"}]},{"@type":"WebSite","@id":"https:\/\/naturalpoland.com\/ar\/#website","url":"https:\/\/naturalpoland.com\/ar\/","name":"NATURAL POLAND - \u0645\u0648\u0632\u0639 \u0645\u0648\u0627\u062f \u062e\u0627\u0645 \u0628\u0627\u0644\u062c\u0645\u0644\u0629","description":"Surowce dla przemys\u0142u spo\u017cywczego, kosmetycznego i farmaceutycznego","publisher":{"@id":"https:\/\/naturalpoland.com\/ar\/#organization"},"potentialAction":[{"@type":"SearchAction","target":{"@type":"EntryPoint","urlTemplate":"https:\/\/naturalpoland.com\/ar\/?s={search_term_string}"},"query-input":{"@type":"PropertyValueSpecification","valueRequired":true,"valueName":"search_term_string"}}],"inLanguage":"ar"},{"@type":"Organization","@id":"https:\/\/naturalpoland.com\/ar\/#organization","name":"Natural Poland","url":"https:\/\/naturalpoland.com\/ar\/","logo":{"@type":"ImageObject","inLanguage":"ar","@id":"https:\/\/naturalpoland.com\/ar\/#\/schema\/logo\/image\/","url":"https:\/\/naturalpoland.com\/wp-content\/uploads\/2021\/05\/natural-poland-icon.png","contentUrl":"https:\/\/naturalpoland.com\/wp-content\/uploads\/2021\/05\/natural-poland-icon.png","width":512,"height":512,"caption":"Natural Poland"},"image":{"@id":"https:\/\/naturalpoland.com\/ar\/#\/schema\/logo\/image\/"},"sameAs":["https:\/\/www.facebook.com\/naturalpoland.b2b","https:\/\/pl.linkedin.com\/company\/natural-poland","https:\/\/www.youtube.com\/channel\/UCgeGGkvOMahZo-xu_MSEWxg"]}]}},"_links":{"self":[{"href":"https:\/\/naturalpoland.com\/ar\/wp-json\/wp\/v2\/product\/36666","targetHints":{"allow":["GET"]}}],"collection":[{"href":"https:\/\/naturalpoland.com\/ar\/wp-json\/wp\/v2\/product"}],"about":[{"href":"https:\/\/naturalpoland.com\/ar\/wp-json\/wp\/v2\/types\/product"}],"wp:featuredmedia":[{"embeddable":true,"href":"https:\/\/naturalpoland.com\/ar\/wp-json\/wp\/v2\/media\/36463"}],"wp:attachment":[{"href":"https:\/\/naturalpoland.com\/ar\/wp-json\/wp\/v2\/media?parent=36666"}],"wp:term":[{"taxonomy":"product_brand","embeddable":true,"href":"https:\/\/naturalpoland.com\/ar\/wp-json\/wp\/v2\/product_brand?post=36666"},{"taxonomy":"product_cat","embeddable":true,"href":"https:\/\/naturalpoland.com\/ar\/wp-json\/wp\/v2\/product_cat?post=36666"},{"taxonomy":"product_tag","embeddable":true,"href":"https:\/\/naturalpoland.com\/ar\/wp-json\/wp\/v2\/product_tag?post=36666"}],"curies":[{"name":"wp","href":"https:\/\/api.w.org\/{rel}","templated":true}]}}