{"id":16748,"date":"2021-12-22T11:05:22","date_gmt":"2021-12-22T10:05:22","guid":{"rendered":"https:\/\/naturalpoland.pl\/zasady-ochrany-osobnich-udaju\/"},"modified":"2023-09-13T10:44:26","modified_gmt":"2023-09-13T08:44:26","slug":"zasady-ochrany-osobnich-udaju","status":"publish","type":"page","link":"https:\/\/naturalpoland.com\/cs\/zasady-ochrany-osobnich-udaju\/","title":{"rendered":"Z\u00e1sady ochrany osobn\u00edch \u00fadaj\u016f"},"content":{"rendered":"\n<h3 style=\"text-align: center;\">\u00a71 OBECN\u00c1 USTANOVEN\u00cd<\/h3>\n<ol>\n<li>Tyto z\u00e1sady ochrany osobn\u00edch \u00fadaj\u016f se vztahuj\u00ed na v\u0161echny aspekty zpracov\u00e1n\u00ed osobn\u00edch \u00fadaj\u016f na webov\u00fdch str\u00e1nk\u00e1ch naturalpoland.com (d\u00e1le jen &#8222;webov\u00e9 str\u00e1nky&#8220;), kter\u00e9 provozuje spole\u010dnost STRZELCZYK Sp. z o.o. se s\u00eddlem ve Var\u0161av\u011b (d\u0159\u00edve: &#8222;BRACIA STRZELCZYK&#8220; WITOLD STRZELCZYK), ul. Marsza\u0142kowska 58\/11 a 12, 00-545 Var\u0161ava, NIP: 7011162661, KRS: 0001055409, d\u00e1le jen &#8222;ADMINISTR\u00c1TOR&#8220;.   <\/li>\n<li>Kontakt s ADMINISTR\u00c1TOREM se uskute\u010d\u0148uje prost\u0159ednictv\u00edm e-mailov\u00e9 adresy: <a href=\"mailto:kontakt@naturalpoland.com\">kontakt@naturalpoland.com<\/a>.<\/li>\n<li>Osobn\u00ed \u00fadaje u\u017eivatel\u016f WEBOV\u00ddCH STR\u00c1NEK jsou zpracov\u00e1v\u00e1ny v souladu s na\u0159\u00edzen\u00edm Evropsk\u00e9ho parlamentu.<br>a Rady (EU) 2016\/679 ze dne 27. dubna 2016. o ochran\u011b fyzick\u00fdch osob v souvislosti se zpracov\u00e1n\u00edm \u00fadaj\u016f<br>o osobn\u00edch \u00fadaj\u00edch a o voln\u00e9m pohybu t\u011bchto \u00fadaj\u016f a o zru\u0161en\u00ed sm\u011brnice 95\/46\/ES (obecn\u00e1 sm\u011brnice o ochran\u011b osobn\u00edch \u00fadaj\u016f).<br>Na\u0159\u00edzen\u00ed o ochran\u011b osobn\u00edch \u00fadaj\u016f, RODO; \u00da\u0159. v\u011bst. EU. L. 2016. 119, s. 1, ve zn\u011bn\u00ed pozd\u011bj\u0161\u00edch p\u0159edpis\u016f).<\/li>\n<\/ol>\n<p> <\/p>\n<p> <\/p>\n<h3 style=\"text-align: center;\">\u00a72 OSOBN\u00cd \u00daDAJE<\/h3>\n<ol>\n<li>Osobn\u00ed \u00fadaje u\u017eivatel\u016f webov\u00fdch str\u00e1nek jsou zpracov\u00e1v\u00e1ny pro n\u00e1sleduj\u00edc\u00ed \u00fa\u010dely:\n<ul>\n<li>nakl\u00e1d\u00e1n\u00ed se soubory cookie, tj. anal\u00fdza zp\u016fsobu, jak\u00fdm u\u017eivatel pou\u017e\u00edv\u00e1 a proch\u00e1z\u00ed WEBOV\u00c9 STR\u00c1NKY, aby je p\u0159izp\u016fsobil pot\u0159eb\u00e1m a chov\u00e1n\u00ed u\u017eivatel\u016f &#8211; pr\u00e1vn\u00edm z\u00e1kladem pro zpracov\u00e1n\u00ed \u00fadaj\u016f je opr\u00e1vn\u011bn\u00fd z\u00e1jem ADMINISTR\u00c1TORA, jak je pops\u00e1no v Z\u00e1sad\u00e1ch pou\u017e\u00edv\u00e1n\u00ed soubor\u016f cookie, podle \u010dl. 6 sec. 1f) RODO;<\/li>\n<li>odpov\u011b\u010f na zpr\u00e1vu zaslanou prost\u0159ednictv\u00edm kontaktn\u00edho formul\u00e1\u0159e nebo na e-mailovou adresu ADMINISTR\u00c1TORA nebo p\u0159edlo\u017een\u00ed nab\u00eddky &#8211; pr\u00e1vn\u00edm z\u00e1kladem pro zpracov\u00e1n\u00ed \u00fadaj\u016f je opr\u00e1vn\u011bn\u00fd z\u00e1jem ADMINISTR\u00c1TORA zpracov\u00e1vat \u00fadaje u\u017eivatele za \u00fa\u010delem komunikace s n\u00edm podle \u010dl. 6 sec. 1 p\u00edsm. f) na\u0159\u00edzen\u00ed RODO a nezbytnou povahu zpracov\u00e1n\u00ed pro p\u0159ijet\u00ed opat\u0159en\u00ed na \u017e\u00e1dost subjektu \u00fadaj\u016f p\u0159ed uzav\u0159en\u00edm smlouvy podle \u010dl. 6 sec. 1(b);<\/li>\n<li>zas\u00edl\u00e1n\u00ed newsletter\u016f &#8211; pr\u00e1vn\u00edm z\u00e1kladem pro zpracov\u00e1n\u00ed je souhlas subjektu \u00fadaj\u016f se zpracov\u00e1n\u00edm pro jeden nebo v\u00edce stanoven\u00fdch \u00fa\u010del\u016f (\u010dl. 6 odst. 1 p\u00edsm. a) RODO).<\/li>\n<\/ul>\n<\/li>\n<li>ADMINISTR\u00c1TOR zaji\u0161\u0165uje ochranu dat U\u017eivatel\u016f WEBOV\u00c9 STR\u00c1NKY (v\u010detn\u011b pou\u017e\u00edv\u00e1n\u00ed protokolu SSL) v souladu s platn\u00fdmi pr\u00e1vn\u00edmi p\u0159edpisy a standardy bezpe\u010dnosti informac\u00ed.<\/li>\n<li>P\u0159\u00edjemci osobn\u00edch \u00fadaj\u016f u\u017eivatel\u016f WEBOV\u00ddCH STR\u00c1NEK mohou b\u00fdt partne\u0159i spolupracuj\u00edc\u00ed se SPR\u00c1VCEM v r\u00e1mci jeho organiza\u010dn\u00ed struktury a subjekty zpracov\u00e1vaj\u00edc\u00ed \u00fadaje jm\u00e9nem SPR\u00c1VCE na z\u00e1klad\u011b uzav\u0159en\u00fdch smluv o pov\u011b\u0159en\u00ed zpracov\u00e1n\u00edm osobn\u00edch \u00fadaj\u016f.<\/li>\n<li>Extern\u00ed n\u00e1stroje, jako je Google Analytics, Google Ads a Google Tag Manager, p\u0159ed\u00e1vaj\u00ed \u00fadaje o pou\u017e\u00edv\u00e1n\u00ed WEBOV\u00c9 STR\u00c1NKY poskytovateli slu\u017eeb, tzn. Google LLC, mimo Evropsk\u00fd hospod\u00e1\u0159sk\u00fd prostor. \u00dadaje jsou p\u0159en\u00e1\u0161eny do Spojen\u00fdch st\u00e1t\u016f, kde mohou ve\u0159ejn\u00e9 org\u00e1ny USA p\u0159istupovat k va\u0161im \u00fadaj\u016fm v r\u00e1mci ur\u010dit\u00fdch n\u00e1rodn\u00edch bezpe\u010dnostn\u00edch program\u016f.<\/li>\n<li>Osobn\u00ed \u00fadaje budou uchov\u00e1v\u00e1ny po n\u00e1sleduj\u00edc\u00ed dobu:\n<ul>\n<li>\u00fadaje zpracov\u00e1van\u00e9 za \u00fa\u010delem zpracov\u00e1n\u00ed soubor\u016f cookie &#8211; dokud nevypr\u0161\u00ed platnost soubor\u016f cookie pou\u017e\u00edvan\u00fdch pro analytick\u00e9 \u00fa\u010dely nebo dokud je u\u017eivatel nesma\u017ee,<\/li>\n<li>\u00fadaje zpracov\u00e1van\u00e9 za \u00fa\u010delem odpov\u011bdi nebo poskytnut\u00ed nab\u00eddky &#8211; do odvol\u00e1n\u00ed souhlasu nebo do proml\u010den\u00ed n\u00e1rok\u016f,<\/li>\n<li>\u00fadaje zpracov\u00e1van\u00e9 za \u00fa\u010delem zas\u00edl\u00e1n\u00ed newsletteru &#8211; dokud sv\u016fj souhlas neodvol\u00e1te.<\/li>\n<\/ul>\n<\/li>\n<li>M\u00e1te pr\u00e1vo (s v\u00fdhradou z\u00e1kladu zpracov\u00e1n\u00ed):\n<ul>\n<li>Pr\u00e1vo na p\u0159\u00edstup ke sv\u00fdm osobn\u00edm \u00fadaj\u016fm a na jejich kopii,<\/li>\n<li>Pr\u00e1vo na opravu (zm\u011bnu) va\u0161ich \u00fadaj\u016f,<\/li>\n<li>Pr\u00e1vo po\u017eadovat v\u00fdmaz nebo omezen\u00ed zpracov\u00e1n\u00ed,<\/li>\n<li>Pr\u00e1vo vzn\u00e9st n\u00e1mitku proti zpracov\u00e1n\u00ed,<\/li>\n<li>pr\u00e1vo na p\u0159enositelnost \u00fadaj\u016f,<\/li>\n<li>pr\u00e1vo podat st\u00ed\u017enost u dozorov\u00e9ho \u00fa\u0159adu, tj. p\u0159edsedu \u00da\u0159adu pro ochranu osobn\u00edch \u00fadaj\u016f v p\u0159\u00edpad\u011b, \u017ee zpracov\u00e1n\u00ed va\u0161ich osobn\u00edch \u00fadaj\u016f je pova\u017eov\u00e1no za poru\u0161en\u00ed ustanoven\u00ed RODO,<\/li>\n<li>pr\u00e1vo kdykoli odvolat souhlas, ani\u017e by byla dot\u010dena z\u00e1konnost zpracov\u00e1n\u00ed proveden\u00e9ho na z\u00e1klad\u011b souhlasu p\u0159ed jeho odvol\u00e1n\u00edm; odvol\u00e1n\u00ed souhlasu lze prov\u00e9st zasl\u00e1n\u00edm e-mailu na adresu: <a href=\"mailto:kontakt@naturalpoland.pl\">kontakt@naturalpoland.pl.<\/a><\/li>\n<\/ul>\n<\/li>\n<li>D\u016fsledky neposkytnut\u00ed \u00fadaj\u016f jsou n\u00e1sleduj\u00edc\u00ed:\n<ul>\n<li>v p\u0159\u00edpad\u011b \u00fadaj\u016f zpracov\u00e1van\u00fdch pro soubory cookie nen\u00ed mo\u017en\u00e9 zohlednit preference t\u00fdkaj\u00edc\u00ed se pou\u017e\u00edv\u00e1n\u00ed WEBOV\u00ddCH STR\u00c1NEK.<\/li>\n<li>v p\u0159\u00edpad\u011b \u00fadaj\u016f zpracov\u00e1van\u00fdch za \u00fa\u010delem odpov\u011bdi nebo poskytnut\u00ed nab\u00eddky nen\u00ed mo\u017en\u00e9 na zaslan\u00fd dotaz odpov\u011bd\u011bt,<\/li>\n<li>v p\u0159\u00edpad\u011b \u00fadaj\u016f zpracov\u00e1van\u00fdch za \u00fa\u010delem zas\u00edl\u00e1n\u00ed newsletteru nelze newsletter zas\u00edlat.<\/li>\n<\/ul>\n<\/li>\n<\/ol>\n<h3 style=\"text-align: center;\">\u00a73 Z\u00c1SADY COOKIES<\/h3>\n<ol>\n<li>Soubory cookie jsou textov\u00e9 soubory odes\u00edlan\u00e9 webov\u00fdm serverem do za\u0159\u00edzen\u00ed u\u017eivatele.<br>p\u0159i pou\u017e\u00edv\u00e1n\u00ed WEBOV\u00ddCH STR\u00c1NEK.<\/li>\n<li>Soubory cookie pou\u017e\u00edv\u00e1 ADMINISTR\u00c1TOR k zaji\u0161t\u011bn\u00ed spr\u00e1vn\u00e9ho fungov\u00e1n\u00ed WEBOV\u00ddCH STR\u00c1NEK, k poskytov\u00e1n\u00ed<br>bezpe\u010dnost, p\u0159izp\u016fsoben\u00ed obsahu WEBOV\u00ddCH STR\u00c1NEK preferenc\u00edm u\u017eivatel\u016f (nap\u0159. v\u00fdb\u011br verze<br>jazyka), k sestavov\u00e1n\u00ed statistik a k poskytov\u00e1n\u00ed reklamn\u00edho obsahu u\u017eivatel\u016fm, kter\u00fd je v\u00edce p\u0159izp\u016fsoben jejich pot\u0159eb\u00e1m.<br>jejich z\u00e1jmy.<\/li>\n<li>U\u017eivatel\u00e9 WEBOV\u00c9 STR\u00c1NKY mohou kdykoli zm\u011bnit nastaven\u00ed soubor\u016f cookie.<\/li>\n<li>Podrobn\u00e9 informace o mo\u017enostech a nakl\u00e1d\u00e1n\u00ed se soubory cookie jsou k dispozici v nastaven\u00ed prohl\u00ed\u017ee\u010de.<br>Internet.<\/li>\n<li>U\u017dIVATEL WEBOV\u00ddCH STR\u00c1NEK m\u016f\u017ee nav\u00edc v nastaven\u00ed soubor\u016f cookie nastavit, v jak\u00e9m rozsahu mohou b\u00fdt soubory cookie ukl\u00e1d\u00e1ny.<br>&#8222;cookies&#8220; webov\u00fdm serverem; omezen\u00ed jejich pou\u017e\u00edv\u00e1n\u00ed v\u0161ak m\u016f\u017ee m\u00edt nep\u0159\u00edzniv\u00fd vliv na n\u011bkter\u00e9 funkce webov\u00e9ho serveru.<br>k dispozici na WEBOV\u00ddCH STR\u00c1NK\u00c1CH.<\/li>\n<li>Pou\u017e\u00edv\u00e1n\u00edm WEBOV\u00ddCH STR\u00c1NEK souhlas\u00edte s pou\u017e\u00edv\u00e1n\u00edm soubor\u016f cookie v souladu s t\u011bmito z\u00e1sadami.<br>soukrom\u00ed.<\/li>\n<\/ol>\n<p> <\/p>\n\n\n","protected":false},"excerpt":{"rendered":"","protected":false},"author":1,"featured_media":0,"parent":0,"menu_order":0,"comment_status":"closed","ping_status":"closed","template":"","meta":{"_acf_changed":false,"footnotes":""},"class_list":["post-16748","page","type-page","status-publish","hentry"],"acf":[],"yoast_head":"<!-- This site is optimized with the Yoast SEO plugin v27.5 - https:\/\/yoast.com\/product\/yoast-seo-wordpress\/ -->\n<title>Z\u00e1sady ochrany osobn\u00edch \u00fadaj\u016f - NATURAL POLAND - Velkoobchodn\u00ed distributor surovin<\/title>\n<meta name=\"robots\" content=\"index, follow, max-snippet:-1, max-image-preview:large, max-video-preview:-1\" \/>\n<link rel=\"canonical\" href=\"https:\/\/naturalpoland.com\/cs\/zasady-ochrany-osobnich-udaju\/\" \/>\n<meta property=\"og:locale\" content=\"cs_CZ\" \/>\n<meta property=\"og:type\" content=\"article\" \/>\n<meta property=\"og:title\" content=\"Z\u00e1sady ochrany osobn\u00edch \u00fadaj\u016f - NATURAL POLAND - Velkoobchodn\u00ed distributor surovin\" \/>\n<meta property=\"og:url\" content=\"https:\/\/naturalpoland.com\/cs\/zasady-ochrany-osobnich-udaju\/\" \/>\n<meta property=\"og:site_name\" content=\"NATURAL POLAND - Velkoobchodn\u00ed distributor surovin\" \/>\n<meta property=\"article:publisher\" content=\"https:\/\/www.facebook.com\/naturalpoland.b2b\" \/>\n<meta property=\"article:modified_time\" content=\"2023-09-13T08:44:26+00:00\" \/>\n<meta property=\"og:image\" content=\"https:\/\/naturalpoland.com\/wp-content\/uploads\/2021\/05\/natural-poland-icon.png\" \/>\n\t<meta property=\"og:image:width\" content=\"512\" \/>\n\t<meta property=\"og:image:height\" content=\"512\" \/>\n\t<meta property=\"og:image:type\" content=\"image\/png\" \/>\n<script type=\"application\/ld+json\" class=\"yoast-schema-graph\">{\"@context\":\"https:\\\/\\\/schema.org\",\"@graph\":[{\"@type\":\"WebPage\",\"@id\":\"https:\\\/\\\/naturalpoland.com\\\/cs\\\/zasady-ochrany-osobnich-udaju\\\/\",\"url\":\"https:\\\/\\\/naturalpoland.com\\\/cs\\\/zasady-ochrany-osobnich-udaju\\\/\",\"name\":\"Z\u00e1sady ochrany osobn\u00edch \u00fadaj\u016f - NATURAL POLAND - Velkoobchodn\u00ed distributor surovin\",\"isPartOf\":{\"@id\":\"https:\\\/\\\/naturalpoland.com\\\/cs\\\/#website\"},\"datePublished\":\"2021-12-22T10:05:22+00:00\",\"dateModified\":\"2023-09-13T08:44:26+00:00\",\"breadcrumb\":{\"@id\":\"https:\\\/\\\/naturalpoland.com\\\/cs\\\/zasady-ochrany-osobnich-udaju\\\/#breadcrumb\"},\"inLanguage\":\"cs\",\"potentialAction\":[{\"@type\":\"ReadAction\",\"target\":[\"https:\\\/\\\/naturalpoland.com\\\/cs\\\/zasady-ochrany-osobnich-udaju\\\/\"]}]},{\"@type\":\"BreadcrumbList\",\"@id\":\"https:\\\/\\\/naturalpoland.com\\\/cs\\\/zasady-ochrany-osobnich-udaju\\\/#breadcrumb\",\"itemListElement\":[{\"@type\":\"ListItem\",\"position\":1,\"name\":\"Dom\u016f\",\"item\":\"https:\\\/\\\/naturalpoland.com\\\/cs\\\/\"},{\"@type\":\"ListItem\",\"position\":2,\"name\":\"Z\u00e1sady ochrany osobn\u00edch \u00fadaj\u016f\"}]},{\"@type\":\"WebSite\",\"@id\":\"https:\\\/\\\/naturalpoland.com\\\/cs\\\/#website\",\"url\":\"https:\\\/\\\/naturalpoland.com\\\/cs\\\/\",\"name\":\"NATURAL POLAND - Velkoobchodn\u00ed distributor surovin\",\"description\":\"Surowce dla przemys\u0142u spo\u017cywczego, kosmetycznego i farmaceutycznego\",\"publisher\":{\"@id\":\"https:\\\/\\\/naturalpoland.com\\\/cs\\\/#organization\"},\"potentialAction\":[{\"@type\":\"SearchAction\",\"target\":{\"@type\":\"EntryPoint\",\"urlTemplate\":\"https:\\\/\\\/naturalpoland.com\\\/cs\\\/?s={search_term_string}\"},\"query-input\":{\"@type\":\"PropertyValueSpecification\",\"valueRequired\":true,\"valueName\":\"search_term_string\"}}],\"inLanguage\":\"cs\"},{\"@type\":\"Organization\",\"@id\":\"https:\\\/\\\/naturalpoland.com\\\/cs\\\/#organization\",\"name\":\"Natural Poland\",\"url\":\"https:\\\/\\\/naturalpoland.com\\\/cs\\\/\",\"logo\":{\"@type\":\"ImageObject\",\"inLanguage\":\"cs\",\"@id\":\"https:\\\/\\\/naturalpoland.com\\\/cs\\\/#\\\/schema\\\/logo\\\/image\\\/\",\"url\":\"https:\\\/\\\/naturalpoland.com\\\/wp-content\\\/uploads\\\/2021\\\/05\\\/natural-poland-icon.png\",\"contentUrl\":\"https:\\\/\\\/naturalpoland.com\\\/wp-content\\\/uploads\\\/2021\\\/05\\\/natural-poland-icon.png\",\"width\":512,\"height\":512,\"caption\":\"Natural Poland\"},\"image\":{\"@id\":\"https:\\\/\\\/naturalpoland.com\\\/cs\\\/#\\\/schema\\\/logo\\\/image\\\/\"},\"sameAs\":[\"https:\\\/\\\/www.facebook.com\\\/naturalpoland.b2b\",\"https:\\\/\\\/pl.linkedin.com\\\/company\\\/natural-poland\",\"https:\\\/\\\/www.youtube.com\\\/channel\\\/UCgeGGkvOMahZo-xu_MSEWxg\"]}]}<\/script>\n<!-- \/ Yoast SEO plugin. -->","yoast_head_json":{"title":"Z\u00e1sady ochrany osobn\u00edch \u00fadaj\u016f - NATURAL POLAND - Velkoobchodn\u00ed distributor surovin","robots":{"index":"index","follow":"follow","max-snippet":"max-snippet:-1","max-image-preview":"max-image-preview:large","max-video-preview":"max-video-preview:-1"},"canonical":"https:\/\/naturalpoland.com\/cs\/zasady-ochrany-osobnich-udaju\/","og_locale":"cs_CZ","og_type":"article","og_title":"Z\u00e1sady ochrany osobn\u00edch \u00fadaj\u016f - NATURAL POLAND - Velkoobchodn\u00ed distributor surovin","og_url":"https:\/\/naturalpoland.com\/cs\/zasady-ochrany-osobnich-udaju\/","og_site_name":"NATURAL POLAND - Velkoobchodn\u00ed distributor surovin","article_publisher":"https:\/\/www.facebook.com\/naturalpoland.b2b","article_modified_time":"2023-09-13T08:44:26+00:00","og_image":[{"width":512,"height":512,"url":"https:\/\/naturalpoland.com\/wp-content\/uploads\/2021\/05\/natural-poland-icon.png","type":"image\/png"}],"schema":{"@context":"https:\/\/schema.org","@graph":[{"@type":"WebPage","@id":"https:\/\/naturalpoland.com\/cs\/zasady-ochrany-osobnich-udaju\/","url":"https:\/\/naturalpoland.com\/cs\/zasady-ochrany-osobnich-udaju\/","name":"Z\u00e1sady ochrany osobn\u00edch \u00fadaj\u016f - NATURAL POLAND - Velkoobchodn\u00ed distributor surovin","isPartOf":{"@id":"https:\/\/naturalpoland.com\/cs\/#website"},"datePublished":"2021-12-22T10:05:22+00:00","dateModified":"2023-09-13T08:44:26+00:00","breadcrumb":{"@id":"https:\/\/naturalpoland.com\/cs\/zasady-ochrany-osobnich-udaju\/#breadcrumb"},"inLanguage":"cs","potentialAction":[{"@type":"ReadAction","target":["https:\/\/naturalpoland.com\/cs\/zasady-ochrany-osobnich-udaju\/"]}]},{"@type":"BreadcrumbList","@id":"https:\/\/naturalpoland.com\/cs\/zasady-ochrany-osobnich-udaju\/#breadcrumb","itemListElement":[{"@type":"ListItem","position":1,"name":"Dom\u016f","item":"https:\/\/naturalpoland.com\/cs\/"},{"@type":"ListItem","position":2,"name":"Z\u00e1sady ochrany osobn\u00edch \u00fadaj\u016f"}]},{"@type":"WebSite","@id":"https:\/\/naturalpoland.com\/cs\/#website","url":"https:\/\/naturalpoland.com\/cs\/","name":"NATURAL POLAND - Velkoobchodn\u00ed distributor surovin","description":"Surowce dla przemys\u0142u spo\u017cywczego, kosmetycznego i farmaceutycznego","publisher":{"@id":"https:\/\/naturalpoland.com\/cs\/#organization"},"potentialAction":[{"@type":"SearchAction","target":{"@type":"EntryPoint","urlTemplate":"https:\/\/naturalpoland.com\/cs\/?s={search_term_string}"},"query-input":{"@type":"PropertyValueSpecification","valueRequired":true,"valueName":"search_term_string"}}],"inLanguage":"cs"},{"@type":"Organization","@id":"https:\/\/naturalpoland.com\/cs\/#organization","name":"Natural Poland","url":"https:\/\/naturalpoland.com\/cs\/","logo":{"@type":"ImageObject","inLanguage":"cs","@id":"https:\/\/naturalpoland.com\/cs\/#\/schema\/logo\/image\/","url":"https:\/\/naturalpoland.com\/wp-content\/uploads\/2021\/05\/natural-poland-icon.png","contentUrl":"https:\/\/naturalpoland.com\/wp-content\/uploads\/2021\/05\/natural-poland-icon.png","width":512,"height":512,"caption":"Natural Poland"},"image":{"@id":"https:\/\/naturalpoland.com\/cs\/#\/schema\/logo\/image\/"},"sameAs":["https:\/\/www.facebook.com\/naturalpoland.b2b","https:\/\/pl.linkedin.com\/company\/natural-poland","https:\/\/www.youtube.com\/channel\/UCgeGGkvOMahZo-xu_MSEWxg"]}]}},"_links":{"self":[{"href":"https:\/\/naturalpoland.com\/cs\/wp-json\/wp\/v2\/pages\/16748","targetHints":{"allow":["GET"]}}],"collection":[{"href":"https:\/\/naturalpoland.com\/cs\/wp-json\/wp\/v2\/pages"}],"about":[{"href":"https:\/\/naturalpoland.com\/cs\/wp-json\/wp\/v2\/types\/page"}],"author":[{"embeddable":true,"href":"https:\/\/naturalpoland.com\/cs\/wp-json\/wp\/v2\/users\/1"}],"replies":[{"embeddable":true,"href":"https:\/\/naturalpoland.com\/cs\/wp-json\/wp\/v2\/comments?post=16748"}],"version-history":[{"count":0,"href":"https:\/\/naturalpoland.com\/cs\/wp-json\/wp\/v2\/pages\/16748\/revisions"}],"wp:attachment":[{"href":"https:\/\/naturalpoland.com\/cs\/wp-json\/wp\/v2\/media?parent=16748"}],"curies":[{"name":"wp","href":"https:\/\/api.w.org\/{rel}","templated":true}]}}