{"id":20819,"date":"2023-02-08T10:04:27","date_gmt":"2023-02-08T09:04:27","guid":{"rendered":"https:\/\/naturalpoland.pl\/pro-vyrobce-a-dodavatele\/"},"modified":"2023-07-05T14:01:49","modified_gmt":"2023-07-05T12:01:49","slug":"pro-vyrobce-a-dodavatele","status":"publish","type":"page","link":"https:\/\/naturalpoland.com\/cs\/pro-vyrobce-a-dodavatele\/","title":{"rendered":"PRO V\u00ddROBCE A DODAVATELE"},"content":{"rendered":"\n\n  <div class=\"banner has-hover\" id=\"banner-1041360700\">\n          <div class=\"banner-inner fill\">\n        <div class=\"banner-bg fill\" >\n            <img decoding=\"async\" width=\"1020\" height=\"680\" src=\"https:\/\/naturalpoland.com\/wp-content\/uploads\/2011\/07\/Fotolia_84309657_Subscription_Monthly_M_shadow.jpg\" class=\"bg attachment-large size-large\" alt=\"Global Spread NATURAL POLAND\" \/>                        <div class=\"overlay\"><\/div>            \n                    <\/div>\n\t\t\n        <div class=\"banner-layers container\">\n            <div class=\"fill banner-link\"><\/div>            \n\n   <div id=\"text-box-941341989\" class=\"text-box banner-layer x50 md-x50 lg-x50 y50 md-y50 lg-y50 res-text\">\n                                <div class=\"text-box-content text dark\">\n              \n              <div class=\"text-inner text-center\">\n                  \n\n<h1 class=\"uppercase\">PRO V\u00ddROBCE A DODAVATELE<\/h1>\n\n              <\/div>\n           <\/div>\n                            \n<style>\n#text-box-941341989 {\n  width: 89%;\n}\n#text-box-941341989 .text-box-content {\n  font-size: 100%;\n}\n<\/style>\n    <\/div>\n \n\n        <\/div>\n      <\/div>\n\n            \n<style>\n#banner-1041360700 {\n  padding-top: 350px;\n}\n#banner-1041360700 .overlay {\n  background-color: rgba(0, 0, 0, 0.5);\n}\n#banner-1041360700 .banner-bg img {\n  object-position: 77% 24%;\n}\n<\/style>\n  <\/div>\n\n\n\n\t<section class=\"section\" id=\"section_170095311\">\n\t\t<div class=\"section-bg fill\" >\n\t\t\t\t\t\t\t\t\t\n\t\t\t\n\n\t\t<\/div>\n\n\t\t\n\n\t\t<div class=\"section-content relative\">\n\t\t\t\n\n\t<div id=\"gap-1163874814\" class=\"gap-element clearfix\" style=\"display:block; height:auto;\">\n\t\t\n<style>\n#gap-1163874814 {\n  padding-top: 40px;\n}\n<\/style>\n\t<\/div>\n\t\n\n<div class=\"row\"  id=\"row-467684954\">\n\n\n\t<div id=\"col-289691645\" class=\"col medium-8 small-12 large-8\"  >\n\t\t\t\t<div class=\"col-inner\"  >\n\t\t\t\n\t\t\t\n\n<p><span style=\"font-size:150%\"><strong>Zna\u010dka Natural Poland je zn\u00e1m\u00e1 po cel\u00e9m sv\u011bt\u011b jako d\u016fv\u011bryhodn\u00fd a spolehliv\u00fd dodavatel potravin\u00e1\u0159sk\u00fdch, kosmetick\u00fdch a farmaceutick\u00fdch surovin. M\u00e1me z\u00e1kladnu st\u00e1l\u00fdch z\u00e1kazn\u00edk\u016f a st\u00e1le z\u00edsk\u00e1v\u00e1me nov\u00e9. <\/strong><\/span><\/p>\n<p style=\"font-size:120%\">Na\u0161imi z\u00e1kazn\u00edky jsou v\u00fdrobci potravin, kosmetiky a dopl\u0148k\u016f stravy p\u0159edev\u0161\u00edm z asijsk\u00fdch a evropsk\u00fdch zem\u00ed. Neexistuj\u00ed pro n\u00e1s \u017e\u00e1dn\u00e1 kulturn\u00ed ani jazykov\u00e1 omezen\u00ed, a proto m\u00e1me zku\u0161enosti se spoluprac\u00ed s firmami i na t\u011bch nejobt\u00ed\u017en\u011bj\u0161\u00edch sv\u011btov\u00fdch trz\u00edch. <\/p>\n<p style=\"font-size:120%\">Vedouc\u00ed pozice vybudovan\u00e1 v pr\u016fb\u011bhu let vedla k tomu, \u017ee n\u00e1s spole\u010dnosti z cel\u00e9ho sv\u011bta nyn\u00ed pov\u011b\u0159uj\u00ed hled\u00e1n\u00edm r\u016fzn\u00fdch surovin a produkt\u016f, v\u010detn\u011b t\u011bch vz\u00e1cn\u00fdch.<\/p>\n\n\t\t<\/div>\n\t\t\t\t\t<\/div>\n\n\t\n\n\t<div id=\"col-1236562163\" class=\"col medium-4 small-12 large-4\"  >\n\t\t\t\t<div class=\"col-inner\"  >\n\t\t\t\n\t\t\t\n\n\t<div class=\"img has-hover x md-x lg-x y md-y lg-y\" id=\"image_836539900\">\n\t\t\t\t\t\t\t\t<div class=\"img-inner dark\" >\n\t\t\t<img decoding=\"async\" width=\"627\" height=\"1024\" src=\"https:\/\/naturalpoland.com\/wp-content\/uploads\/wspolpraca-natural-poland-627x1024.jpg\" class=\"attachment-large size-large\" alt=\"\" srcset=\"https:\/\/naturalpoland.com\/wp-content\/uploads\/wspolpraca-natural-poland-627x1024.jpg 627w, https:\/\/naturalpoland.com\/wp-content\/uploads\/wspolpraca-natural-poland-510x833.jpg 510w, https:\/\/naturalpoland.com\/wp-content\/uploads\/wspolpraca-natural-poland-184x300.jpg 184w, https:\/\/naturalpoland.com\/wp-content\/uploads\/wspolpraca-natural-poland.jpg 700w\" sizes=\"(max-width: 627px) 100vw, 627px\" \/>\t\t\t\t\t\t\n\t\t\t\t\t<\/div>\n\t\t\t\t\t\t\t\t\n<style>\n#image_836539900 {\n  width: 100%;\n}\n<\/style>\n\t<\/div>\n\t\n\n\n\t\t<\/div>\n\t\t\t\t\t<\/div>\n\n\t\n\n<\/div>\n<div class=\"container section-title-container\" ><h3 class=\"section-title section-title-normal\"><b aria-hidden=\"true\"><\/b><span class=\"section-title-main\" >Nav\u00e1\u017eeme spolupr\u00e1ci s v\u00fdrobci a dodavateli surovin<\/span><b aria-hidden=\"true\"><\/b><\/h3><\/div>\n\n  <div class=\"banner-grid-wrapper\">\n  <div id=\"banner-grid-964554953\" class=\"banner-grid row row-grid row-small\" data-packery-options=\"\">\n                      \n\n<div class=\"col grid-col large-6 grid-col-1\" ><div class=\"col-inner\">\n\n\n  <div class=\"banner has-hover\" id=\"banner-344135805\">\n          <div class=\"banner-inner fill\">\n        <div class=\"banner-bg fill\" >\n                                    <div class=\"overlay\"><\/div>            \n                    <\/div>\n\t\t\n        <div class=\"banner-layers container\">\n            <div class=\"fill banner-link\"><\/div>            \n\n   <div id=\"text-box-2059657297\" class=\"text-box banner-layer x50 md-x50 lg-x50 y50 md-y50 lg-y50 res-text\">\n                                <div class=\"text-box-content text dark\">\n              \n              <div class=\"text-inner text-center\">\n                  \n\n\n\n<div class=\"pipedriveWebForms\" data-pd-webforms=\"https:\/\/webforms.pipedrive.com\/f\/6Fq8zsW3yb55Vy8austFjzKdsQGG21DaCnjlfFLLnqNUWJgDgI8n5YJKxkqwo3d5eP\"><script src=\"https:\/\/webforms.pipedrive.com\/f\/loader\"><\/script><\/div>\n\n\n              <\/div>\n           <\/div>\n                            \n<style>\n#text-box-2059657297 {\n  width: 88%;\n}\n#text-box-2059657297 .text-box-content {\n  font-size: 100%;\n}\n<\/style>\n    <\/div>\n \n\n        <\/div>\n      <\/div>\n\n            \n<style>\n#banner-344135805 {\n  padding-top: 700px;\n  background-color: rgb(255,255,255);\n}\n#banner-344135805 .overlay {\n  background-color: rgba(0, 0, 0, 0.17);\n}\n<\/style>\n  <\/div>\n\n\n\n<\/div><\/div>\n<div class=\"col grid-col large-6 grid-col-1\" ><div class=\"col-inner\">\n\n\n  <div class=\"banner has-hover\" id=\"banner-1409992467\">\n          <div class=\"banner-inner fill\">\n        <div class=\"banner-bg fill\" >\n                                    <div class=\"overlay\"><\/div>            \n                    <\/div>\n\t\t\n        <div class=\"banner-layers container\">\n            <div class=\"fill banner-link\"><\/div>            \n\n   <div id=\"text-box-1831682985\" class=\"text-box banner-layer x5 md-x5 lg-x5 y50 md-y50 lg-y50 res-text\">\n                                <div class=\"text-box-content text \">\n              \n              <div class=\"text-inner text-left\">\n                  \n\n\t<div id=\"text-2782687914\" class=\"text\">\n\t\t\n\n<ul>\n<li><strong>N\u00e1\u0161 t\u00fdm se skl\u00e1d\u00e1 z kompetentn\u00edch specialist\u016f<\/strong> s biotechnologick\u00fdm, farmaceutick\u00fdm a kosmetick\u00fdm vzd\u011bl\u00e1n\u00edm a tak\u00e9 z potravin\u00e1\u0159sk\u00fdch technolog\u016f. Na\u0161e znalosti a zku\u0161enosti buduj\u00ed d\u016fv\u011bru. \u010casto jsme schopni na\u0161im z\u00e1kazn\u00edk\u016fm poradit vhodn\u00e9 komponenty pro jejich slo\u017een\u00ed. <\/li>\n<li><strong>M\u00e1me vlastn\u00ed sklad v Polsku,<\/strong> d\u00edky \u010demu m\u016f\u017eeme objedn\u00e1vat v\u011bt\u0161\u00ed mno\u017estv\u00ed surovin najednou<\/li>\n<li><strong>M\u00e1me zku\u0161enosti se spoluprac\u00ed s r\u016fzn\u00fdmi dopravci,<\/strong> kte\u0159\u00ed poskytuj\u00ed slu\u017eby pozemn\u00ed, leteck\u00e9 i vodn\u00ed dopravy.<\/li>\n<li><strong>M\u00e1me podporu pr\u00e1vn\u00edk\u016f<\/strong> v oblasti pr\u00e1vn\u00edch, celn\u00edch a da\u0148ov\u00fdch po\u017eadavk\u016f na dod\u00e1vky surovin do jednotliv\u00fdch zem\u00ed.<\/li>\n<li><strong>Investujeme do reklamy n\u00e1mi nab\u00edzen\u00fdch produkt\u016f.<\/strong> M\u00e1me znalosti, n\u00e1stroje a prost\u0159edky k prov\u00e1d\u011bn\u00ed marketingov\u00fdch aktivit v celosv\u011btov\u00e9m m\u011b\u0159\u00edtku. Jsme p\u0159\u00edtomni na m\u00edstn\u00edch i mezin\u00e1rodn\u00edch veletrz\u00edch. V p\u0159\u00edpad\u011b exkluzivn\u00ed smlouvy p\u0159ipravujeme specializovan\u00e9 marketingov\u00e9 materi\u00e1ly a reklamn\u00ed kampan\u011b pro vybran\u00e9 produktov\u00e9 skupiny.   <\/li>\n<\/ul>\n\t\t\n<style>\n#text-2782687914 {\n  font-size: 1rem;\n  line-height: 1.4;\n  color: rgb(255, 255, 255);\n}\n#text-2782687914 > * {\n  color: rgb(255, 255, 255);\n}\n<\/style>\n\t<\/div>\n\t\n\n              <\/div>\n           <\/div>\n                            \n<style>\n#text-box-1831682985 {\n  width: 60%;\n}\n#text-box-1831682985 .text-box-content {\n  font-size: 100%;\n}\n@media (min-width:550px) {\n  #text-box-1831682985 {\n    width: 93%;\n  }\n}\n<\/style>\n    <\/div>\n \n\n        <\/div>\n      <\/div>\n\n            \n<style>\n#banner-1409992467 {\n  padding-top: 500px;\n  background-color: #204a4f;\n}\n#banner-1409992467 .overlay {\n  background-color: rgba(190, 190, 190, 0.2);\n}\n<\/style>\n  <\/div>\n\n\n\n<\/div><\/div>\n\n            <\/div>\n    <style>\n    #banner-grid-964554953 .grid-col-1{height: 600px}\n    #banner-grid-964554953 .grid-col-1-2{height: 300px}\n    #banner-grid-964554953 .grid-col-1-3{height:200px}\n    #banner-grid-964554953 .grid-col-2-3{height: 400px}\n    #banner-grid-964554953 .grid-col-1-4{height: 150px}\n    #banner-grid-964554953 .grid-col-3-4{height: 450px}\n\n\n    \n    \n\n  <\/style>\n    <\/div>\n  \n\n\t\t<\/div>\n\n\t\t\n<style>\n#section_170095311 {\n  padding-top: 30px;\n  padding-bottom: 30px;\n}\n<\/style>\n\t<\/section>\n\t\n\n","protected":false},"excerpt":{"rendered":"","protected":false},"author":1,"featured_media":0,"parent":0,"menu_order":0,"comment_status":"closed","ping_status":"closed","template":"page-blank.php","meta":{"footnotes":""},"class_list":["post-20819","page","type-page","status-publish","hentry"],"yoast_head":"<!-- This site is optimized with the Yoast SEO plugin v27.3 - https:\/\/yoast.com\/product\/yoast-seo-wordpress\/ -->\n<title>PRO V\u00ddROBCE A DODAVATELE - NATURAL POLAND - Velkoobchodn\u00ed distributor surovin<\/title>\n<meta name=\"robots\" content=\"index, follow, max-snippet:-1, max-image-preview:large, max-video-preview:-1\" \/>\n<link rel=\"canonical\" href=\"https:\/\/naturalpoland.com\/cs\/pro-vyrobce-a-dodavatele\/\" \/>\n<meta property=\"og:locale\" content=\"cs_CZ\" \/>\n<meta property=\"og:type\" content=\"article\" \/>\n<meta property=\"og:title\" content=\"PRO V\u00ddROBCE A DODAVATELE - NATURAL POLAND - Velkoobchodn\u00ed distributor surovin\" \/>\n<meta property=\"og:url\" content=\"https:\/\/naturalpoland.com\/cs\/pro-vyrobce-a-dodavatele\/\" \/>\n<meta property=\"og:site_name\" content=\"NATURAL POLAND - Velkoobchodn\u00ed distributor surovin\" \/>\n<meta property=\"article:publisher\" content=\"https:\/\/www.facebook.com\/naturalpoland.b2b\" \/>\n<meta property=\"article:modified_time\" content=\"2023-07-05T12:01:49+00:00\" \/>\n<meta property=\"og:image\" content=\"https:\/\/naturalpoland.com\/wp-content\/uploads\/2021\/05\/natural-poland-icon.png\" \/>\n\t<meta property=\"og:image:width\" content=\"512\" \/>\n\t<meta property=\"og:image:height\" content=\"512\" \/>\n\t<meta property=\"og:image:type\" content=\"image\/png\" \/>\n<script type=\"application\/ld+json\" class=\"yoast-schema-graph\">{\"@context\":\"https:\\\/\\\/schema.org\",\"@graph\":[{\"@type\":\"WebPage\",\"@id\":\"https:\\\/\\\/naturalpoland.com\\\/cs\\\/pro-vyrobce-a-dodavatele\\\/\",\"url\":\"https:\\\/\\\/naturalpoland.com\\\/cs\\\/pro-vyrobce-a-dodavatele\\\/\",\"name\":\"PRO V\u00ddROBCE A DODAVATELE - NATURAL POLAND - Velkoobchodn\u00ed distributor surovin\",\"isPartOf\":{\"@id\":\"https:\\\/\\\/naturalpoland.com\\\/cs\\\/#website\"},\"datePublished\":\"2023-02-08T09:04:27+00:00\",\"dateModified\":\"2023-07-05T12:01:49+00:00\",\"breadcrumb\":{\"@id\":\"https:\\\/\\\/naturalpoland.com\\\/cs\\\/pro-vyrobce-a-dodavatele\\\/#breadcrumb\"},\"inLanguage\":\"cs\",\"potentialAction\":[{\"@type\":\"ReadAction\",\"target\":[\"https:\\\/\\\/naturalpoland.com\\\/cs\\\/pro-vyrobce-a-dodavatele\\\/\"]}]},{\"@type\":\"BreadcrumbList\",\"@id\":\"https:\\\/\\\/naturalpoland.com\\\/cs\\\/pro-vyrobce-a-dodavatele\\\/#breadcrumb\",\"itemListElement\":[{\"@type\":\"ListItem\",\"position\":1,\"name\":\"Dom\u016f\",\"item\":\"https:\\\/\\\/naturalpoland.com\\\/cs\\\/\"},{\"@type\":\"ListItem\",\"position\":2,\"name\":\"PRO V\u00ddROBCE A DODAVATELE\"}]},{\"@type\":\"WebSite\",\"@id\":\"https:\\\/\\\/naturalpoland.com\\\/cs\\\/#website\",\"url\":\"https:\\\/\\\/naturalpoland.com\\\/cs\\\/\",\"name\":\"NATURAL POLAND - Velkoobchodn\u00ed distributor surovin\",\"description\":\"Surowce dla przemys\u0142u spo\u017cywczego, kosmetycznego i farmaceutycznego\",\"publisher\":{\"@id\":\"https:\\\/\\\/naturalpoland.com\\\/cs\\\/#organization\"},\"potentialAction\":[{\"@type\":\"SearchAction\",\"target\":{\"@type\":\"EntryPoint\",\"urlTemplate\":\"https:\\\/\\\/naturalpoland.com\\\/cs\\\/?s={search_term_string}\"},\"query-input\":{\"@type\":\"PropertyValueSpecification\",\"valueRequired\":true,\"valueName\":\"search_term_string\"}}],\"inLanguage\":\"cs\"},{\"@type\":\"Organization\",\"@id\":\"https:\\\/\\\/naturalpoland.com\\\/cs\\\/#organization\",\"name\":\"Natural Poland\",\"url\":\"https:\\\/\\\/naturalpoland.com\\\/cs\\\/\",\"logo\":{\"@type\":\"ImageObject\",\"inLanguage\":\"cs\",\"@id\":\"https:\\\/\\\/naturalpoland.com\\\/cs\\\/#\\\/schema\\\/logo\\\/image\\\/\",\"url\":\"https:\\\/\\\/naturalpoland.com\\\/wp-content\\\/uploads\\\/2021\\\/05\\\/natural-poland-icon.png\",\"contentUrl\":\"https:\\\/\\\/naturalpoland.com\\\/wp-content\\\/uploads\\\/2021\\\/05\\\/natural-poland-icon.png\",\"width\":512,\"height\":512,\"caption\":\"Natural Poland\"},\"image\":{\"@id\":\"https:\\\/\\\/naturalpoland.com\\\/cs\\\/#\\\/schema\\\/logo\\\/image\\\/\"},\"sameAs\":[\"https:\\\/\\\/www.facebook.com\\\/naturalpoland.b2b\",\"https:\\\/\\\/pl.linkedin.com\\\/company\\\/natural-poland\",\"https:\\\/\\\/www.youtube.com\\\/channel\\\/UCgeGGkvOMahZo-xu_MSEWxg\"]}]}<\/script>\n<!-- \/ Yoast SEO plugin. -->","yoast_head_json":{"title":"PRO V\u00ddROBCE A DODAVATELE - NATURAL POLAND - Velkoobchodn\u00ed distributor surovin","robots":{"index":"index","follow":"follow","max-snippet":"max-snippet:-1","max-image-preview":"max-image-preview:large","max-video-preview":"max-video-preview:-1"},"canonical":"https:\/\/naturalpoland.com\/cs\/pro-vyrobce-a-dodavatele\/","og_locale":"cs_CZ","og_type":"article","og_title":"PRO V\u00ddROBCE A DODAVATELE - NATURAL POLAND - Velkoobchodn\u00ed distributor surovin","og_url":"https:\/\/naturalpoland.com\/cs\/pro-vyrobce-a-dodavatele\/","og_site_name":"NATURAL POLAND - Velkoobchodn\u00ed distributor surovin","article_publisher":"https:\/\/www.facebook.com\/naturalpoland.b2b","article_modified_time":"2023-07-05T12:01:49+00:00","og_image":[{"width":512,"height":512,"url":"https:\/\/naturalpoland.com\/wp-content\/uploads\/2021\/05\/natural-poland-icon.png","type":"image\/png"}],"schema":{"@context":"https:\/\/schema.org","@graph":[{"@type":"WebPage","@id":"https:\/\/naturalpoland.com\/cs\/pro-vyrobce-a-dodavatele\/","url":"https:\/\/naturalpoland.com\/cs\/pro-vyrobce-a-dodavatele\/","name":"PRO V\u00ddROBCE A DODAVATELE - NATURAL POLAND - Velkoobchodn\u00ed distributor surovin","isPartOf":{"@id":"https:\/\/naturalpoland.com\/cs\/#website"},"datePublished":"2023-02-08T09:04:27+00:00","dateModified":"2023-07-05T12:01:49+00:00","breadcrumb":{"@id":"https:\/\/naturalpoland.com\/cs\/pro-vyrobce-a-dodavatele\/#breadcrumb"},"inLanguage":"cs","potentialAction":[{"@type":"ReadAction","target":["https:\/\/naturalpoland.com\/cs\/pro-vyrobce-a-dodavatele\/"]}]},{"@type":"BreadcrumbList","@id":"https:\/\/naturalpoland.com\/cs\/pro-vyrobce-a-dodavatele\/#breadcrumb","itemListElement":[{"@type":"ListItem","position":1,"name":"Dom\u016f","item":"https:\/\/naturalpoland.com\/cs\/"},{"@type":"ListItem","position":2,"name":"PRO V\u00ddROBCE A DODAVATELE"}]},{"@type":"WebSite","@id":"https:\/\/naturalpoland.com\/cs\/#website","url":"https:\/\/naturalpoland.com\/cs\/","name":"NATURAL POLAND - Velkoobchodn\u00ed distributor surovin","description":"Surowce dla przemys\u0142u spo\u017cywczego, kosmetycznego i farmaceutycznego","publisher":{"@id":"https:\/\/naturalpoland.com\/cs\/#organization"},"potentialAction":[{"@type":"SearchAction","target":{"@type":"EntryPoint","urlTemplate":"https:\/\/naturalpoland.com\/cs\/?s={search_term_string}"},"query-input":{"@type":"PropertyValueSpecification","valueRequired":true,"valueName":"search_term_string"}}],"inLanguage":"cs"},{"@type":"Organization","@id":"https:\/\/naturalpoland.com\/cs\/#organization","name":"Natural Poland","url":"https:\/\/naturalpoland.com\/cs\/","logo":{"@type":"ImageObject","inLanguage":"cs","@id":"https:\/\/naturalpoland.com\/cs\/#\/schema\/logo\/image\/","url":"https:\/\/naturalpoland.com\/wp-content\/uploads\/2021\/05\/natural-poland-icon.png","contentUrl":"https:\/\/naturalpoland.com\/wp-content\/uploads\/2021\/05\/natural-poland-icon.png","width":512,"height":512,"caption":"Natural Poland"},"image":{"@id":"https:\/\/naturalpoland.com\/cs\/#\/schema\/logo\/image\/"},"sameAs":["https:\/\/www.facebook.com\/naturalpoland.b2b","https:\/\/pl.linkedin.com\/company\/natural-poland","https:\/\/www.youtube.com\/channel\/UCgeGGkvOMahZo-xu_MSEWxg"]}]}},"_links":{"self":[{"href":"https:\/\/naturalpoland.com\/cs\/wp-json\/wp\/v2\/pages\/20819","targetHints":{"allow":["GET"]}}],"collection":[{"href":"https:\/\/naturalpoland.com\/cs\/wp-json\/wp\/v2\/pages"}],"about":[{"href":"https:\/\/naturalpoland.com\/cs\/wp-json\/wp\/v2\/types\/page"}],"author":[{"embeddable":true,"href":"https:\/\/naturalpoland.com\/cs\/wp-json\/wp\/v2\/users\/1"}],"replies":[{"embeddable":true,"href":"https:\/\/naturalpoland.com\/cs\/wp-json\/wp\/v2\/comments?post=20819"}],"version-history":[{"count":0,"href":"https:\/\/naturalpoland.com\/cs\/wp-json\/wp\/v2\/pages\/20819\/revisions"}],"wp:attachment":[{"href":"https:\/\/naturalpoland.com\/cs\/wp-json\/wp\/v2\/media?parent=20819"}],"curies":[{"name":"wp","href":"https:\/\/api.w.org\/{rel}","templated":true}]}}