{"id":21446,"date":"2023-04-04T14:57:15","date_gmt":"2023-04-04T12:57:15","guid":{"rendered":"https:\/\/naturalpoland.pl\/dekujeme-za-vasi-zadost\/"},"modified":"2023-04-04T14:57:16","modified_gmt":"2023-04-04T12:57:16","slug":"dekujeme-za-vasi-zadost","status":"publish","type":"page","link":"https:\/\/naturalpoland.com\/cs\/dekujeme-za-vasi-zadost\/","title":{"rendered":"D\u011aKUJEME ZA VA\u0160I \u017d\u00c1DOST"},"content":{"rendered":"\n\n\t<section class=\"section dark\" id=\"section_474775364\">\n\t\t<div class=\"section-bg fill\" >\n\t\t\t\t\t\t\t\t\t\n\t\t\t\n\n\t\t<\/div>\n\n\t\t\n\n\t\t<div class=\"section-content relative\">\n\t\t\t\n\n<div class=\"row align-center\"  id=\"row-2088948850\">\n\n\n\t<div id=\"col-1758352961\" class=\"col medium-10 small-12 large-8\"  >\n\t\t\t\t<div class=\"col-inner\"  >\n\t\t\t\n\t\t\t\n\n<div class=\"row align-center\"  id=\"row-1118143649\">\n\n\n\t<div id=\"col-607502439\" class=\"col small-12 large-12\"  >\n\t\t\t\t<div class=\"col-inner text-center\"  >\n\t\t\t\n\t\t\t\n\n\t<div id=\"text-720442364\" class=\"text\">\n\t\t\n\n<h1 class=\"uppercase\"><span style=\"font-size: 150%;\">D\u011aKUJEME ZA VA\u0160I \u017d\u00c1DOST<\/span><\/h1>\n<p>Budeme V\u00e1s co nejd\u0159\u00edve kontaktovat.<\/p>\n\n\t\t\n<style>\n#text-720442364 {\n  font-size: 0.9rem;\n}\n@media (min-width:550px) {\n  #text-720442364 {\n    font-size: 1.5rem;\n  }\n}\n<\/style>\n\t<\/div>\n\t\n\n\t\t<\/div>\n\t\t\t\t\n<style>\n#col-607502439 > .col-inner {\n  margin: -40px 0px 0px 0px;\n}\n<\/style>\n\t<\/div>\n\n\t\n\n<\/div>\n\n\t\t<\/div>\n\t\t\t\t\n<style>\n#col-1758352961 > .col-inner {\n  padding: 60px 0px 0px 0px;\n}\n<\/style>\n\t<\/div>\n\n\t\n\n<\/div>\n\n\t\t<\/div>\n\n\t\t\n<style>\n#section_474775364 {\n  padding-top: 30px;\n  padding-bottom: 30px;\n  margin-bottom: 60px;\n  background-color: rgb(32, 74, 79);\n}\n<\/style>\n\t<\/section>\n\t\n<div class=\"container section-title-container\" ><h3 class=\"section-title section-title-normal\"><b aria-hidden=\"true\"><\/b><span class=\"section-title-main\" >pod\u00edvejte se na na\u0161e dal\u0161\u00ed produkty:<\/span><b aria-hidden=\"true\"><\/b><\/h3><\/div>\n\n\n  \n    <div class=\"row large-columns-4 medium-columns-3 small-columns-2 row-small slider row-slider slider-nav-reveal slider-nav-push\"  data-flickity-options='{&quot;imagesLoaded&quot;: true, &quot;groupCells&quot;: &quot;100%&quot;, &quot;dragThreshold&quot; : 5, &quot;cellAlign&quot;: &quot;left&quot;,&quot;wrapAround&quot;: true,&quot;prevNextButtons&quot;: true,&quot;percentPosition&quot;: true,&quot;pageDots&quot;: false, &quot;rightToLeft&quot;: false, &quot;autoPlay&quot; : false}' >\n\n  <div class=\"product-category col\" >\n            <div class=\"col-inner\">\n              <a aria-label=\"Nav\u0161tivte kategorii produktu Potravin\u00e1\u0159sk\u00e9 suroviny\" href=\"https:\/\/naturalpoland.com\/cs\/kategorie\/produkty-pro-potravinarsky-prumysl\/\">                <div class=\"box box-category has-hover box-normal \">\n                <div class=\"box-image\" >\n                  <div class=\"\" >\n                  <img decoding=\"async\" src=\"https:\/\/naturalpoland.com\/wp-content\/uploads\/2021\/05\/produkty-dla-przemyslu-spozywczego-247x247.jpg\" alt=\"Potravin\u00e1\u0159sk\u00e9 suroviny\" width=\"300\" height=\"300\" \/>                                                      <\/div>\n                <\/div>\n                <div class=\"box-text text-center\" >\n                  <div class=\"box-text-inner\">\n                      <h5 class=\"uppercase header-title\">\n                              Potravin\u00e1\u0159sk\u00e9 suroviny                      <\/h5>\n                                            <p class=\"is-xsmall uppercase count \">\n\t                      172 Produkty                      <\/p>\n                                            \n                  <\/div>\n                <\/div>\n                <\/div>\n            <\/a>            <\/div>\n            <\/div><div class=\"product-category col\" >\n            <div class=\"col-inner\">\n              <a aria-label=\"Nav\u0161tivte kategorii produktu Produkty pro kosmetick\u00fd pr\u016fmysl\" href=\"https:\/\/naturalpoland.com\/cs\/kategorie\/produkty-pro-kosmeticky-prumysl\/\">                <div class=\"box box-category has-hover box-normal \">\n                <div class=\"box-image\" >\n                  <div class=\"\" >\n                  <img decoding=\"async\" src=\"https:\/\/naturalpoland.com\/wp-content\/uploads\/2021\/05\/produkty-do-przemyslu-kosmetycznego-247x247.jpg\" alt=\"Produkty pro kosmetick\u00fd pr\u016fmysl\" width=\"300\" height=\"300\" \/>                                                      <\/div>\n                <\/div>\n                <div class=\"box-text text-center\" >\n                  <div class=\"box-text-inner\">\n                      <h5 class=\"uppercase header-title\">\n                              Produkty pro kosmetick\u00fd pr\u016fmysl                      <\/h5>\n                                            <p class=\"is-xsmall uppercase count \">\n\t                      336 Produkty                      <\/p>\n                                            \n                  <\/div>\n                <\/div>\n                <\/div>\n            <\/a>            <\/div>\n            <\/div><div class=\"product-category col\" >\n            <div class=\"col-inner\">\n              <a aria-label=\"Nav\u0161tivte kategorii produktu Produkty pro farmaceutick\u00fd a zdravotnick\u00fd pr\u016fmysl\" href=\"https:\/\/naturalpoland.com\/cs\/kategorie\/produkty-pro-farmaceuticky-a-zdravotnicky-prumysl\/\">                <div class=\"box box-category has-hover box-normal \">\n                <div class=\"box-image\" >\n                  <div class=\"\" >\n                  <img decoding=\"async\" src=\"https:\/\/naturalpoland.com\/wp-content\/uploads\/2021\/05\/produkty-dla-przemyslu-farmaceutycznego-i-medycznego-247x247.jpg\" alt=\"Produkty pro farmaceutick\u00fd a zdravotnick\u00fd pr\u016fmysl\" width=\"300\" height=\"300\" \/>                                                      <\/div>\n                <\/div>\n                <div class=\"box-text text-center\" >\n                  <div class=\"box-text-inner\">\n                      <h5 class=\"uppercase header-title\">\n                              Produkty pro farmaceutick\u00fd a zdravotnick\u00fd pr\u016fmysl                      <\/h5>\n                                            <p class=\"is-xsmall uppercase count \">\n\t                      176 Produkty                      <\/p>\n                                            \n                  <\/div>\n                <\/div>\n                <\/div>\n            <\/a>            <\/div>\n            <\/div><div class=\"product-category col\" >\n            <div class=\"col-inner\">\n              <a aria-label=\"Nav\u0161tivte kategorii produktu Suroviny pro zv\u00ed\u0159ata\" href=\"https:\/\/naturalpoland.com\/cs\/kategorie\/suroviny-pro-krmiva-pro-zvirata\/\">                <div class=\"box box-category has-hover box-normal \">\n                <div class=\"box-image\" >\n                  <div class=\"\" >\n                  <img decoding=\"async\" src=\"https:\/\/naturalpoland.com\/wp-content\/uploads\/surowce-do-karm-dla-zwierzat-247x247.jpg\" alt=\"Suroviny pro zv\u00ed\u0159ata\" width=\"300\" height=\"300\" \/>                                                      <\/div>\n                <\/div>\n                <div class=\"box-text text-center\" >\n                  <div class=\"box-text-inner\">\n                      <h5 class=\"uppercase header-title\">\n                              Suroviny pro zv\u00ed\u0159ata                      <\/h5>\n                                            <p class=\"is-xsmall uppercase count \">\n\t                      22 Produkty                      <\/p>\n                                            \n                  <\/div>\n                <\/div>\n                <\/div>\n            <\/a>            <\/div>\n            <\/div><div class=\"product-category col\" >\n            <div class=\"col-inner\">\n              <a aria-label=\"Nav\u0161tivte kategorii produktu Rostlinn\u00e9 extrakty\" href=\"https:\/\/naturalpoland.com\/cs\/kategorie\/rostlinne-vytazky\/\">                <div class=\"box box-category has-hover box-normal \">\n                <div class=\"box-image\" >\n                  <div class=\"\" >\n                  <img decoding=\"async\" src=\"https:\/\/naturalpoland.com\/wp-content\/uploads\/2021\/05\/ekstrakty-roslinne-247x247.jpg\" alt=\"Rostlinn\u00e9 extrakty\" width=\"300\" height=\"300\" \/>                                                      <\/div>\n                <\/div>\n                <div class=\"box-text text-center\" >\n                  <div class=\"box-text-inner\">\n                      <h5 class=\"uppercase header-title\">\n                              Rostlinn\u00e9 extrakty                      <\/h5>\n                                            <p class=\"is-xsmall uppercase count \">\n\t                      176 Produkty                      <\/p>\n                                            \n                  <\/div>\n                <\/div>\n                <\/div>\n            <\/a>            <\/div>\n            <\/div><div class=\"product-category col\" >\n            <div class=\"col-inner\">\n              <a aria-label=\"Nav\u0161tivte kategorii produktu Jedl\u00e9 a kosmetick\u00e9 oleje\" href=\"https:\/\/naturalpoland.com\/cs\/kategorie\/jedle-a-kosmeticke-oleje\/\">                <div class=\"box box-category has-hover box-normal \">\n                <div class=\"box-image\" >\n                  <div class=\"\" >\n                  <img decoding=\"async\" src=\"https:\/\/naturalpoland.com\/wp-content\/uploads\/2021\/05\/oleje-247x247.jpg\" alt=\"Jedl\u00e9 a kosmetick\u00e9 oleje\" width=\"300\" height=\"300\" \/>                                                      <\/div>\n                <\/div>\n                <div class=\"box-text text-center\" >\n                  <div class=\"box-text-inner\">\n                      <h5 class=\"uppercase header-title\">\n                              Jedl\u00e9 a kosmetick\u00e9 oleje                      <\/h5>\n                                            <p class=\"is-xsmall uppercase count \">\n\t                      104 Produkty                      <\/p>\n                                            \n                  <\/div>\n                <\/div>\n                <\/div>\n            <\/a>            <\/div>\n            <\/div><div class=\"product-category col\" >\n            <div class=\"col-inner\">\n              <a aria-label=\"Nav\u0161tivte kategorii produktu Hotov\u00e9 v\u00fdrobky\" href=\"https:\/\/naturalpoland.com\/cs\/kategorie\/hotove-vyrobky\/\">                <div class=\"box box-category has-hover box-normal \">\n                <div class=\"box-image\" >\n                  <div class=\"\" >\n                  <img decoding=\"async\" src=\"https:\/\/naturalpoland.com\/wp-content\/uploads\/produkty-gotowe-247x247.jpg\" alt=\"Hotov\u00e9 v\u00fdrobky\" width=\"300\" height=\"300\" \/>                                                      <\/div>\n                <\/div>\n                <div class=\"box-text text-center\" >\n                  <div class=\"box-text-inner\">\n                      <h5 class=\"uppercase header-title\">\n                              Hotov\u00e9 v\u00fdrobky                      <\/h5>\n                                            <p class=\"is-xsmall uppercase count \">\n\t                      4 Produkty                      <\/p>\n                                            \n                  <\/div>\n                <\/div>\n                <\/div>\n            <\/a>            <\/div>\n            <\/div><div class=\"product-category col\" >\n            <div class=\"col-inner\">\n              <a aria-label=\"Nav\u0161tivte kategorii produktu Rostlinn\u00e9 produkty\" href=\"https:\/\/naturalpoland.com\/cs\/kategorie\/rostlinne-produkty\/\">                <div class=\"box box-category has-hover box-normal \">\n                <div class=\"box-image\" >\n                  <div class=\"\" >\n                  <img decoding=\"async\" src=\"https:\/\/naturalpoland.com\/wp-content\/uploads\/2021\/05\/produkty-roslinne-247x247.jpg\" alt=\"Rostlinn\u00e9 produkty\" width=\"300\" height=\"300\" \/>                                                      <\/div>\n                <\/div>\n                <div class=\"box-text text-center\" >\n                  <div class=\"box-text-inner\">\n                      <h5 class=\"uppercase header-title\">\n                              Rostlinn\u00e9 produkty                      <\/h5>\n                                            <p class=\"is-xsmall uppercase count \">\n\t                      9 Produkty                      <\/p>\n                                            \n                  <\/div>\n                <\/div>\n                <\/div>\n            <\/a>            <\/div>\n            <\/div><div class=\"product-category col\" >\n            <div class=\"col-inner\">\n              <a aria-label=\"Nav\u0161tivte kategorii produktu Vosky\" href=\"https:\/\/naturalpoland.com\/cs\/kategorie\/vosky\/\">                <div class=\"box box-category has-hover box-normal \">\n                <div class=\"box-image\" >\n                  <div class=\"\" >\n                  <img decoding=\"async\" src=\"https:\/\/naturalpoland.com\/wp-content\/uploads\/2021\/05\/woski-247x247.jpg\" alt=\"Vosky\" width=\"300\" height=\"300\" \/>                                                      <\/div>\n                <\/div>\n                <div class=\"box-text text-center\" >\n                  <div class=\"box-text-inner\">\n                      <h5 class=\"uppercase header-title\">\n                              Vosky                      <\/h5>\n                                            <p class=\"is-xsmall uppercase count \">\n\t                      12 Produkty                      <\/p>\n                                            \n                  <\/div>\n                <\/div>\n                <\/div>\n            <\/a>            <\/div>\n            <\/div><\/div>\n","protected":false},"excerpt":{"rendered":"","protected":false},"author":1,"featured_media":0,"parent":0,"menu_order":0,"comment_status":"closed","ping_status":"closed","template":"","meta":{"footnotes":""},"class_list":["post-21446","page","type-page","status-publish","hentry"],"yoast_head":"<!-- This site is optimized with the Yoast SEO plugin v27.3 - https:\/\/yoast.com\/product\/yoast-seo-wordpress\/ -->\n<title>D\u011aKUJEME ZA VA\u0160I \u017d\u00c1DOST - NATURAL POLAND - Velkoobchodn\u00ed distributor surovin<\/title>\n<meta name=\"robots\" content=\"index, nofollow, max-snippet:-1, max-image-preview:large, max-video-preview:-1\" \/>\n<link rel=\"canonical\" href=\"https:\/\/naturalpoland.com\/cs\/dekujeme-za-vasi-zadost\/\" \/>\n<meta property=\"og:locale\" content=\"cs_CZ\" \/>\n<meta property=\"og:type\" content=\"article\" \/>\n<meta property=\"og:title\" content=\"D\u011aKUJEME ZA VA\u0160I \u017d\u00c1DOST - NATURAL POLAND - Velkoobchodn\u00ed distributor surovin\" \/>\n<meta property=\"og:url\" content=\"https:\/\/naturalpoland.com\/cs\/dekujeme-za-vasi-zadost\/\" \/>\n<meta property=\"og:site_name\" content=\"NATURAL POLAND - Velkoobchodn\u00ed distributor surovin\" \/>\n<meta property=\"article:publisher\" content=\"https:\/\/www.facebook.com\/naturalpoland.b2b\" \/>\n<meta property=\"article:modified_time\" content=\"2023-04-04T12:57:16+00:00\" \/>\n<meta property=\"og:image\" content=\"https:\/\/naturalpoland.com\/wp-content\/uploads\/2021\/05\/natural-poland-icon.png\" \/>\n\t<meta property=\"og:image:width\" content=\"512\" \/>\n\t<meta property=\"og:image:height\" content=\"512\" \/>\n\t<meta property=\"og:image:type\" content=\"image\/png\" \/>\n<script type=\"application\/ld+json\" class=\"yoast-schema-graph\">{\"@context\":\"https:\\\/\\\/schema.org\",\"@graph\":[{\"@type\":\"WebPage\",\"@id\":\"https:\\\/\\\/naturalpoland.com\\\/cs\\\/dekujeme-za-vasi-zadost\\\/\",\"url\":\"https:\\\/\\\/naturalpoland.com\\\/cs\\\/dekujeme-za-vasi-zadost\\\/\",\"name\":\"D\u011aKUJEME ZA VA\u0160I \u017d\u00c1DOST - NATURAL POLAND - Velkoobchodn\u00ed distributor surovin\",\"isPartOf\":{\"@id\":\"https:\\\/\\\/naturalpoland.com\\\/cs\\\/#website\"},\"datePublished\":\"2023-04-04T12:57:15+00:00\",\"dateModified\":\"2023-04-04T12:57:16+00:00\",\"breadcrumb\":{\"@id\":\"https:\\\/\\\/naturalpoland.com\\\/cs\\\/dekujeme-za-vasi-zadost\\\/#breadcrumb\"},\"inLanguage\":\"cs\",\"potentialAction\":[{\"@type\":\"ReadAction\",\"target\":[\"https:\\\/\\\/naturalpoland.com\\\/cs\\\/dekujeme-za-vasi-zadost\\\/\"]}]},{\"@type\":\"BreadcrumbList\",\"@id\":\"https:\\\/\\\/naturalpoland.com\\\/cs\\\/dekujeme-za-vasi-zadost\\\/#breadcrumb\",\"itemListElement\":[{\"@type\":\"ListItem\",\"position\":1,\"name\":\"Dom\u016f\",\"item\":\"https:\\\/\\\/naturalpoland.com\\\/cs\\\/\"},{\"@type\":\"ListItem\",\"position\":2,\"name\":\"D\u011aKUJEME ZA VA\u0160I \u017d\u00c1DOST\"}]},{\"@type\":\"WebSite\",\"@id\":\"https:\\\/\\\/naturalpoland.com\\\/cs\\\/#website\",\"url\":\"https:\\\/\\\/naturalpoland.com\\\/cs\\\/\",\"name\":\"NATURAL POLAND - Velkoobchodn\u00ed distributor surovin\",\"description\":\"Surowce dla przemys\u0142u spo\u017cywczego, kosmetycznego i farmaceutycznego\",\"publisher\":{\"@id\":\"https:\\\/\\\/naturalpoland.com\\\/cs\\\/#organization\"},\"potentialAction\":[{\"@type\":\"SearchAction\",\"target\":{\"@type\":\"EntryPoint\",\"urlTemplate\":\"https:\\\/\\\/naturalpoland.com\\\/cs\\\/?s={search_term_string}\"},\"query-input\":{\"@type\":\"PropertyValueSpecification\",\"valueRequired\":true,\"valueName\":\"search_term_string\"}}],\"inLanguage\":\"cs\"},{\"@type\":\"Organization\",\"@id\":\"https:\\\/\\\/naturalpoland.com\\\/cs\\\/#organization\",\"name\":\"Natural Poland\",\"url\":\"https:\\\/\\\/naturalpoland.com\\\/cs\\\/\",\"logo\":{\"@type\":\"ImageObject\",\"inLanguage\":\"cs\",\"@id\":\"https:\\\/\\\/naturalpoland.com\\\/cs\\\/#\\\/schema\\\/logo\\\/image\\\/\",\"url\":\"https:\\\/\\\/naturalpoland.com\\\/wp-content\\\/uploads\\\/2021\\\/05\\\/natural-poland-icon.png\",\"contentUrl\":\"https:\\\/\\\/naturalpoland.com\\\/wp-content\\\/uploads\\\/2021\\\/05\\\/natural-poland-icon.png\",\"width\":512,\"height\":512,\"caption\":\"Natural Poland\"},\"image\":{\"@id\":\"https:\\\/\\\/naturalpoland.com\\\/cs\\\/#\\\/schema\\\/logo\\\/image\\\/\"},\"sameAs\":[\"https:\\\/\\\/www.facebook.com\\\/naturalpoland.b2b\",\"https:\\\/\\\/pl.linkedin.com\\\/company\\\/natural-poland\",\"https:\\\/\\\/www.youtube.com\\\/channel\\\/UCgeGGkvOMahZo-xu_MSEWxg\"]}]}<\/script>\n<!-- \/ Yoast SEO plugin. -->","yoast_head_json":{"title":"D\u011aKUJEME ZA VA\u0160I \u017d\u00c1DOST - NATURAL POLAND - Velkoobchodn\u00ed distributor surovin","robots":{"index":"index","follow":"nofollow","max-snippet":"max-snippet:-1","max-image-preview":"max-image-preview:large","max-video-preview":"max-video-preview:-1"},"canonical":"https:\/\/naturalpoland.com\/cs\/dekujeme-za-vasi-zadost\/","og_locale":"cs_CZ","og_type":"article","og_title":"D\u011aKUJEME ZA VA\u0160I \u017d\u00c1DOST - NATURAL POLAND - Velkoobchodn\u00ed distributor surovin","og_url":"https:\/\/naturalpoland.com\/cs\/dekujeme-za-vasi-zadost\/","og_site_name":"NATURAL POLAND - Velkoobchodn\u00ed distributor surovin","article_publisher":"https:\/\/www.facebook.com\/naturalpoland.b2b","article_modified_time":"2023-04-04T12:57:16+00:00","og_image":[{"width":512,"height":512,"url":"https:\/\/naturalpoland.com\/wp-content\/uploads\/2021\/05\/natural-poland-icon.png","type":"image\/png"}],"schema":{"@context":"https:\/\/schema.org","@graph":[{"@type":"WebPage","@id":"https:\/\/naturalpoland.com\/cs\/dekujeme-za-vasi-zadost\/","url":"https:\/\/naturalpoland.com\/cs\/dekujeme-za-vasi-zadost\/","name":"D\u011aKUJEME ZA VA\u0160I \u017d\u00c1DOST - NATURAL POLAND - Velkoobchodn\u00ed distributor surovin","isPartOf":{"@id":"https:\/\/naturalpoland.com\/cs\/#website"},"datePublished":"2023-04-04T12:57:15+00:00","dateModified":"2023-04-04T12:57:16+00:00","breadcrumb":{"@id":"https:\/\/naturalpoland.com\/cs\/dekujeme-za-vasi-zadost\/#breadcrumb"},"inLanguage":"cs","potentialAction":[{"@type":"ReadAction","target":["https:\/\/naturalpoland.com\/cs\/dekujeme-za-vasi-zadost\/"]}]},{"@type":"BreadcrumbList","@id":"https:\/\/naturalpoland.com\/cs\/dekujeme-za-vasi-zadost\/#breadcrumb","itemListElement":[{"@type":"ListItem","position":1,"name":"Dom\u016f","item":"https:\/\/naturalpoland.com\/cs\/"},{"@type":"ListItem","position":2,"name":"D\u011aKUJEME ZA VA\u0160I \u017d\u00c1DOST"}]},{"@type":"WebSite","@id":"https:\/\/naturalpoland.com\/cs\/#website","url":"https:\/\/naturalpoland.com\/cs\/","name":"NATURAL POLAND - Velkoobchodn\u00ed distributor surovin","description":"Surowce dla przemys\u0142u spo\u017cywczego, kosmetycznego i farmaceutycznego","publisher":{"@id":"https:\/\/naturalpoland.com\/cs\/#organization"},"potentialAction":[{"@type":"SearchAction","target":{"@type":"EntryPoint","urlTemplate":"https:\/\/naturalpoland.com\/cs\/?s={search_term_string}"},"query-input":{"@type":"PropertyValueSpecification","valueRequired":true,"valueName":"search_term_string"}}],"inLanguage":"cs"},{"@type":"Organization","@id":"https:\/\/naturalpoland.com\/cs\/#organization","name":"Natural Poland","url":"https:\/\/naturalpoland.com\/cs\/","logo":{"@type":"ImageObject","inLanguage":"cs","@id":"https:\/\/naturalpoland.com\/cs\/#\/schema\/logo\/image\/","url":"https:\/\/naturalpoland.com\/wp-content\/uploads\/2021\/05\/natural-poland-icon.png","contentUrl":"https:\/\/naturalpoland.com\/wp-content\/uploads\/2021\/05\/natural-poland-icon.png","width":512,"height":512,"caption":"Natural Poland"},"image":{"@id":"https:\/\/naturalpoland.com\/cs\/#\/schema\/logo\/image\/"},"sameAs":["https:\/\/www.facebook.com\/naturalpoland.b2b","https:\/\/pl.linkedin.com\/company\/natural-poland","https:\/\/www.youtube.com\/channel\/UCgeGGkvOMahZo-xu_MSEWxg"]}]}},"_links":{"self":[{"href":"https:\/\/naturalpoland.com\/cs\/wp-json\/wp\/v2\/pages\/21446","targetHints":{"allow":["GET"]}}],"collection":[{"href":"https:\/\/naturalpoland.com\/cs\/wp-json\/wp\/v2\/pages"}],"about":[{"href":"https:\/\/naturalpoland.com\/cs\/wp-json\/wp\/v2\/types\/page"}],"author":[{"embeddable":true,"href":"https:\/\/naturalpoland.com\/cs\/wp-json\/wp\/v2\/users\/1"}],"replies":[{"embeddable":true,"href":"https:\/\/naturalpoland.com\/cs\/wp-json\/wp\/v2\/comments?post=21446"}],"version-history":[{"count":0,"href":"https:\/\/naturalpoland.com\/cs\/wp-json\/wp\/v2\/pages\/21446\/revisions"}],"wp:attachment":[{"href":"https:\/\/naturalpoland.com\/cs\/wp-json\/wp\/v2\/media?parent=21446"}],"curies":[{"name":"wp","href":"https:\/\/api.w.org\/{rel}","templated":true}]}}