{"id":10583,"date":"2021-05-11T13:44:11","date_gmt":"2021-09-16T13:47:05","guid":{"rendered":"https:\/\/naturalpoland.pl\/produkty\/nezarazene\/koenzym-q10\/"},"modified":"2025-01-30T11:06:40","modified_gmt":"2025-01-30T10:06:40","slug":"koenzym-q10-2","status":"publish","type":"product","link":"https:\/\/naturalpoland.com\/cs\/produkty\/produkty-pro-farmaceuticky-a-zdravotnicky-prumysl\/pridavky-k-doplnkum-stravy\/koenzym-q10-2\/","title":{"rendered":"Koenzym Q10"},"content":{"rendered":"<p>Koenzym Q10 jako dopln\u011bk stravy m\u00e1 antioxida\u010dn\u00ed a antihypertenzn\u00ed vlastnosti (u lid\u00ed s hypertenz\u00ed), p\u0159edch\u00e1z\u00ed z\u00e1chvat\u016fm migr\u00e9ny a zm\u00edr\u0148uje dermatitidu.<\/p>\n<p>Koenzym Q10 je organick\u00e1 slou\u010denina quinionu, kter\u00e1 se tak\u00e9 naz\u00fdv\u00e1<strong> ubichinon<\/strong> . Nach\u00e1z\u00ed se v mitochondri\u00edch rostlinn\u00fdch a \u017eivo\u010di\u0161n\u00fdch bun\u011bk a je d\u016fle\u017eitou sou\u010d\u00e1st\u00ed d\u00fdchac\u00edho \u0159et\u011bzce. Velmi \u010dasto je sou\u010d\u00e1st\u00ed kosmetiky, nap\u0159. Kr\u00e9m\u016f, masek, s\u00e9r a dopl\u0148k\u016f stravy. Koenzym Q10 je vysoce d\u016fv\u011bryhodn\u00fd tak\u00e9 d\u00edky sv\u00e9 \u0161irok\u00e9 aplikaci.<\/p>\n<p>Koenzym Q10 podporuje stav vlas\u016f, poko\u017eky a neht\u016f, proto\u017ee ovliv\u0148uje efektivn\u00ed vst\u0159eb\u00e1v\u00e1n\u00ed vitaminu E, selenu a zinku. Podporuje fungov\u00e1n\u00ed imunitn\u00edho a nervov\u00e9ho syst\u00e9mu. M\u00e1 tak\u00e9 velk\u00fd v\u00fdznam pro spr\u00e1vnou synt\u00e9zu kolagenu. Koenzym je tak\u00e9 nezbytn\u00fd k udr\u017een\u00ed spr\u00e1vn\u00fdch psychologick\u00fdch funkc\u00ed.<\/p>\n<hr>\n<h2>CoQXorb\u2122 LSMe<\/h2>\n<p><strong>CoQXorb\u2122 LSMe<\/strong> je pokro\u010dil\u00fd produkt, kter\u00fd vyu\u017e\u00edv\u00e1 technologii BioSNEDS\u2122 k v\u00fdrazn\u00e9mu zv\u00fd\u0161en\u00ed biologick\u00e9 dostupnosti koenzymu Q10 (CoQ10), kl\u00ed\u010dov\u00e9 slo\u017eky, kter\u00e1 podporuje zdrav\u00ed srdce, produkci bun\u011b\u010dn\u00e9 energie a antioxida\u010dn\u00ed funkci.<\/p>\n<h3>V\u00fdhody technologie BioSNEDS\u2122<\/h3>\n<ul>\n<li>CoQXorb\u2122 je 39kr\u00e1t biologicky dostupn\u011bj\u0161\u00ed ne\u017e b\u011b\u017en\u00fd CoQ10, co\u017e znamen\u00e1, \u017ee 6 mg aktivn\u00edho CoQ10 v p\u0159\u00edpravku BioSNEDS\u2122 je bioekvivalentn\u00ed 200 mg b\u011b\u017en\u00e9ho CoQ10.<\/li>\n<li>V\u00edce d\u00e1vek na kilogram &#8211; 16 666 d\u00e1vek na kilogram ve srovn\u00e1n\u00ed s 4 950 d\u00e1vkami b\u011b\u017en\u00e9ho CoQ10.<\/li>\n<li>Dostupn\u00e9 ve form\u011b pr\u00e1\u0161k\u016f a emulz\u00ed s neutr\u00e1ln\u00ed chut\u00ed a bez z\u00e1pachu.<\/li>\n<\/ul>\n<h3>Pou\u017eit\u00ed:<\/h3>\n<p>Dopl\u0148ky stravy, funk\u010dn\u00ed potraviny, lok\u00e1ln\u00ed kosmetika, v\u00fd\u017eiva zv\u00ed\u0159at.<\/p>\n<h3>Zdravotn\u00ed v\u00fdhody:<\/h3>\n<ul>\n<li>CoQ10 podporuje zdrav\u00ed kardiovaskul\u00e1rn\u00edho syst\u00e9mu.<\/li>\n<li>Podporuje tvorbu energie v bu\u0148k\u00e1ch, co\u017e je kl\u00ed\u010dov\u00e9 pro zdrav\u00ed a vytrvalost sval\u016f.<\/li>\n<li>Chr\u00e1n\u00ed bu\u0148ky p\u0159ed oxida\u010dn\u00edm stresem, co\u017e m\u016f\u017ee zabr\u00e1nit st\u00e1rnut\u00ed a chronick\u00fdm onemocn\u011bn\u00edm.<\/li>\n<li>Podporuje funkci mozku a neurologick\u00e9 zdrav\u00ed.<\/li>\n<li>Dok\u00e1\u017ee zlep\u0161it stav poko\u017eky a zm\u00edrnit zn\u00e1mky st\u00e1rnut\u00ed.<\/li>\n<\/ul>\n","protected":false},"excerpt":{"rendered":"<p>Nab\u00edz\u00edme velkoobchodn\u00ed distribuci vysoce kvalitn\u00edho koenzymu Q10 (ubichinonu). Produkt je k dispozici tak\u00e9 v technologii BioSNEDS\u2122 ve form\u011b<strong>CoQXorb\u2122 LSMe<\/strong>.<\/p>\n<p>&nbsp;<\/p>\n","protected":false},"featured_media":10586,"template":"","meta":{"_acf_changed":false},"product_brand":[],"product_cat":[629],"product_tag":[],"class_list":{"0":"post-10583","1":"product","2":"type-product","3":"status-publish","4":"has-post-thumbnail","6":"product_cat-pridavky-k-doplnkum-stravy","7":"pa_grupa-substancji-nutraceutika","8":"pa_technologia-technologie-biosneds","10":"first","11":"instock","12":"shipping-taxable","13":"product-type-simple"},"acf":[],"yoast_head":"<!-- This site is optimized with the Yoast SEO plugin v27.4 - https:\/\/yoast.com\/product\/yoast-seo-wordpress\/ -->\n<title>Koenzym Q10 - NATURAL POLAND - Velkoobchodn\u00ed distributor surovin<\/title>\n<meta name=\"description\" content=\"Koenzym Q10 m\u00e1 antioxida\u010dn\u00ed \u00fa\u010dinky, sni\u017euje krevn\u00ed tlak (u lid\u00ed s hypertenz\u00ed), zabra\u0148uje z\u00e1chvat\u016fm migr\u00e9ny a zm\u00edr\u0148uje dermatitidu.\" \/>\n<meta name=\"robots\" content=\"index, follow, max-snippet:-1, max-image-preview:large, max-video-preview:-1\" \/>\n<link rel=\"canonical\" href=\"https:\/\/naturalpoland.com\/cs\/produkty\/produkty-pro-farmaceuticky-a-zdravotnicky-prumysl\/pridavky-k-doplnkum-stravy\/koenzym-q10-2\/\" \/>\n<meta property=\"og:locale\" content=\"cs_CZ\" \/>\n<meta property=\"og:type\" content=\"article\" \/>\n<meta property=\"og:title\" content=\"Koenzym Q10 - NATURAL POLAND - Velkoobchodn\u00ed distributor surovin\" \/>\n<meta property=\"og:description\" content=\"Koenzym Q10 m\u00e1 antioxida\u010dn\u00ed \u00fa\u010dinky, sni\u017euje krevn\u00ed tlak (u lid\u00ed s hypertenz\u00ed), zabra\u0148uje z\u00e1chvat\u016fm migr\u00e9ny a zm\u00edr\u0148uje dermatitidu.\" \/>\n<meta property=\"og:url\" content=\"https:\/\/naturalpoland.com\/cs\/produkty\/produkty-pro-farmaceuticky-a-zdravotnicky-prumysl\/pridavky-k-doplnkum-stravy\/koenzym-q10-2\/\" \/>\n<meta property=\"og:site_name\" content=\"NATURAL POLAND - Velkoobchodn\u00ed distributor surovin\" \/>\n<meta property=\"article:publisher\" content=\"https:\/\/www.facebook.com\/naturalpoland.b2b\" \/>\n<meta property=\"article:modified_time\" content=\"2025-01-30T10:06:40+00:00\" \/>\n<meta property=\"og:image\" content=\"https:\/\/naturalpoland.com\/wp-content\/uploads\/2021\/05\/coenzyme-q10.jpg\" \/>\n\t<meta property=\"og:image:width\" content=\"288\" \/>\n\t<meta property=\"og:image:height\" content=\"175\" \/>\n\t<meta property=\"og:image:type\" content=\"image\/jpeg\" \/>\n<script type=\"application\/ld+json\" class=\"yoast-schema-graph\">{\"@context\":\"https:\\\/\\\/schema.org\",\"@graph\":[{\"@type\":\"WebPage\",\"@id\":\"https:\\\/\\\/naturalpoland.com\\\/cs\\\/produkty\\\/produkty-pro-farmaceuticky-a-zdravotnicky-prumysl\\\/pridavky-k-doplnkum-stravy\\\/koenzym-q10-2\\\/\",\"url\":\"https:\\\/\\\/naturalpoland.com\\\/cs\\\/produkty\\\/produkty-pro-farmaceuticky-a-zdravotnicky-prumysl\\\/pridavky-k-doplnkum-stravy\\\/koenzym-q10-2\\\/\",\"name\":\"Koenzym Q10 - NATURAL POLAND - Velkoobchodn\u00ed distributor surovin\",\"isPartOf\":{\"@id\":\"https:\\\/\\\/naturalpoland.com\\\/cs\\\/#website\"},\"primaryImageOfPage\":{\"@id\":\"https:\\\/\\\/naturalpoland.com\\\/cs\\\/produkty\\\/produkty-pro-farmaceuticky-a-zdravotnicky-prumysl\\\/pridavky-k-doplnkum-stravy\\\/koenzym-q10-2\\\/#primaryimage\"},\"image\":{\"@id\":\"https:\\\/\\\/naturalpoland.com\\\/cs\\\/produkty\\\/produkty-pro-farmaceuticky-a-zdravotnicky-prumysl\\\/pridavky-k-doplnkum-stravy\\\/koenzym-q10-2\\\/#primaryimage\"},\"thumbnailUrl\":\"https:\\\/\\\/naturalpoland.com\\\/wp-content\\\/uploads\\\/2021\\\/05\\\/coenzyme-q10.jpg\",\"datePublished\":\"2021-09-16T13:47:05+00:00\",\"dateModified\":\"2025-01-30T10:06:40+00:00\",\"description\":\"Koenzym Q10 m\u00e1 antioxida\u010dn\u00ed \u00fa\u010dinky, sni\u017euje krevn\u00ed tlak (u lid\u00ed s hypertenz\u00ed), zabra\u0148uje z\u00e1chvat\u016fm migr\u00e9ny a zm\u00edr\u0148uje dermatitidu.\",\"breadcrumb\":{\"@id\":\"https:\\\/\\\/naturalpoland.com\\\/cs\\\/produkty\\\/produkty-pro-farmaceuticky-a-zdravotnicky-prumysl\\\/pridavky-k-doplnkum-stravy\\\/koenzym-q10-2\\\/#breadcrumb\"},\"inLanguage\":\"cs\",\"potentialAction\":[{\"@type\":\"ReadAction\",\"target\":[\"https:\\\/\\\/naturalpoland.com\\\/cs\\\/produkty\\\/produkty-pro-farmaceuticky-a-zdravotnicky-prumysl\\\/pridavky-k-doplnkum-stravy\\\/koenzym-q10-2\\\/\"]}]},{\"@type\":\"ImageObject\",\"inLanguage\":\"cs\",\"@id\":\"https:\\\/\\\/naturalpoland.com\\\/cs\\\/produkty\\\/produkty-pro-farmaceuticky-a-zdravotnicky-prumysl\\\/pridavky-k-doplnkum-stravy\\\/koenzym-q10-2\\\/#primaryimage\",\"url\":\"https:\\\/\\\/naturalpoland.com\\\/wp-content\\\/uploads\\\/2021\\\/05\\\/coenzyme-q10.jpg\",\"contentUrl\":\"https:\\\/\\\/naturalpoland.com\\\/wp-content\\\/uploads\\\/2021\\\/05\\\/coenzyme-q10.jpg\",\"width\":288,\"height\":175},{\"@type\":\"BreadcrumbList\",\"@id\":\"https:\\\/\\\/naturalpoland.com\\\/cs\\\/produkty\\\/produkty-pro-farmaceuticky-a-zdravotnicky-prumysl\\\/pridavky-k-doplnkum-stravy\\\/koenzym-q10-2\\\/#breadcrumb\",\"itemListElement\":[{\"@type\":\"ListItem\",\"position\":1,\"name\":\"Dom\u016f\",\"item\":\"https:\\\/\\\/naturalpoland.com\\\/cs\\\/\"},{\"@type\":\"ListItem\",\"position\":2,\"name\":\"Produkty\",\"item\":\"https:\\\/\\\/naturalpoland.com\\\/cs\\\/produkty\\\/\"},{\"@type\":\"ListItem\",\"position\":3,\"name\":\"Koenzym Q10\"}]},{\"@type\":\"WebSite\",\"@id\":\"https:\\\/\\\/naturalpoland.com\\\/cs\\\/#website\",\"url\":\"https:\\\/\\\/naturalpoland.com\\\/cs\\\/\",\"name\":\"NATURAL POLAND - Velkoobchodn\u00ed distributor surovin\",\"description\":\"Surowce dla przemys\u0142u spo\u017cywczego, kosmetycznego i farmaceutycznego\",\"publisher\":{\"@id\":\"https:\\\/\\\/naturalpoland.com\\\/cs\\\/#organization\"},\"potentialAction\":[{\"@type\":\"SearchAction\",\"target\":{\"@type\":\"EntryPoint\",\"urlTemplate\":\"https:\\\/\\\/naturalpoland.com\\\/cs\\\/?s={search_term_string}\"},\"query-input\":{\"@type\":\"PropertyValueSpecification\",\"valueRequired\":true,\"valueName\":\"search_term_string\"}}],\"inLanguage\":\"cs\"},{\"@type\":\"Organization\",\"@id\":\"https:\\\/\\\/naturalpoland.com\\\/cs\\\/#organization\",\"name\":\"Natural Poland\",\"url\":\"https:\\\/\\\/naturalpoland.com\\\/cs\\\/\",\"logo\":{\"@type\":\"ImageObject\",\"inLanguage\":\"cs\",\"@id\":\"https:\\\/\\\/naturalpoland.com\\\/cs\\\/#\\\/schema\\\/logo\\\/image\\\/\",\"url\":\"https:\\\/\\\/naturalpoland.com\\\/wp-content\\\/uploads\\\/2021\\\/05\\\/natural-poland-icon.png\",\"contentUrl\":\"https:\\\/\\\/naturalpoland.com\\\/wp-content\\\/uploads\\\/2021\\\/05\\\/natural-poland-icon.png\",\"width\":512,\"height\":512,\"caption\":\"Natural Poland\"},\"image\":{\"@id\":\"https:\\\/\\\/naturalpoland.com\\\/cs\\\/#\\\/schema\\\/logo\\\/image\\\/\"},\"sameAs\":[\"https:\\\/\\\/www.facebook.com\\\/naturalpoland.b2b\",\"https:\\\/\\\/pl.linkedin.com\\\/company\\\/natural-poland\",\"https:\\\/\\\/www.youtube.com\\\/channel\\\/UCgeGGkvOMahZo-xu_MSEWxg\"]}]}<\/script>\n<!-- \/ Yoast SEO plugin. -->","yoast_head_json":{"title":"Koenzym Q10 - NATURAL POLAND - Velkoobchodn\u00ed distributor surovin","description":"Koenzym Q10 m\u00e1 antioxida\u010dn\u00ed \u00fa\u010dinky, sni\u017euje krevn\u00ed tlak (u lid\u00ed s hypertenz\u00ed), zabra\u0148uje z\u00e1chvat\u016fm migr\u00e9ny a zm\u00edr\u0148uje dermatitidu.","robots":{"index":"index","follow":"follow","max-snippet":"max-snippet:-1","max-image-preview":"max-image-preview:large","max-video-preview":"max-video-preview:-1"},"canonical":"https:\/\/naturalpoland.com\/cs\/produkty\/produkty-pro-farmaceuticky-a-zdravotnicky-prumysl\/pridavky-k-doplnkum-stravy\/koenzym-q10-2\/","og_locale":"cs_CZ","og_type":"article","og_title":"Koenzym Q10 - NATURAL POLAND - Velkoobchodn\u00ed distributor surovin","og_description":"Koenzym Q10 m\u00e1 antioxida\u010dn\u00ed \u00fa\u010dinky, sni\u017euje krevn\u00ed tlak (u lid\u00ed s hypertenz\u00ed), zabra\u0148uje z\u00e1chvat\u016fm migr\u00e9ny a zm\u00edr\u0148uje dermatitidu.","og_url":"https:\/\/naturalpoland.com\/cs\/produkty\/produkty-pro-farmaceuticky-a-zdravotnicky-prumysl\/pridavky-k-doplnkum-stravy\/koenzym-q10-2\/","og_site_name":"NATURAL POLAND - Velkoobchodn\u00ed distributor surovin","article_publisher":"https:\/\/www.facebook.com\/naturalpoland.b2b","article_modified_time":"2025-01-30T10:06:40+00:00","og_image":[{"width":288,"height":175,"url":"https:\/\/naturalpoland.com\/wp-content\/uploads\/2021\/05\/coenzyme-q10.jpg","type":"image\/jpeg"}],"schema":{"@context":"https:\/\/schema.org","@graph":[{"@type":"WebPage","@id":"https:\/\/naturalpoland.com\/cs\/produkty\/produkty-pro-farmaceuticky-a-zdravotnicky-prumysl\/pridavky-k-doplnkum-stravy\/koenzym-q10-2\/","url":"https:\/\/naturalpoland.com\/cs\/produkty\/produkty-pro-farmaceuticky-a-zdravotnicky-prumysl\/pridavky-k-doplnkum-stravy\/koenzym-q10-2\/","name":"Koenzym Q10 - NATURAL POLAND - Velkoobchodn\u00ed distributor surovin","isPartOf":{"@id":"https:\/\/naturalpoland.com\/cs\/#website"},"primaryImageOfPage":{"@id":"https:\/\/naturalpoland.com\/cs\/produkty\/produkty-pro-farmaceuticky-a-zdravotnicky-prumysl\/pridavky-k-doplnkum-stravy\/koenzym-q10-2\/#primaryimage"},"image":{"@id":"https:\/\/naturalpoland.com\/cs\/produkty\/produkty-pro-farmaceuticky-a-zdravotnicky-prumysl\/pridavky-k-doplnkum-stravy\/koenzym-q10-2\/#primaryimage"},"thumbnailUrl":"https:\/\/naturalpoland.com\/wp-content\/uploads\/2021\/05\/coenzyme-q10.jpg","datePublished":"2021-09-16T13:47:05+00:00","dateModified":"2025-01-30T10:06:40+00:00","description":"Koenzym Q10 m\u00e1 antioxida\u010dn\u00ed \u00fa\u010dinky, sni\u017euje krevn\u00ed tlak (u lid\u00ed s hypertenz\u00ed), zabra\u0148uje z\u00e1chvat\u016fm migr\u00e9ny a zm\u00edr\u0148uje dermatitidu.","breadcrumb":{"@id":"https:\/\/naturalpoland.com\/cs\/produkty\/produkty-pro-farmaceuticky-a-zdravotnicky-prumysl\/pridavky-k-doplnkum-stravy\/koenzym-q10-2\/#breadcrumb"},"inLanguage":"cs","potentialAction":[{"@type":"ReadAction","target":["https:\/\/naturalpoland.com\/cs\/produkty\/produkty-pro-farmaceuticky-a-zdravotnicky-prumysl\/pridavky-k-doplnkum-stravy\/koenzym-q10-2\/"]}]},{"@type":"ImageObject","inLanguage":"cs","@id":"https:\/\/naturalpoland.com\/cs\/produkty\/produkty-pro-farmaceuticky-a-zdravotnicky-prumysl\/pridavky-k-doplnkum-stravy\/koenzym-q10-2\/#primaryimage","url":"https:\/\/naturalpoland.com\/wp-content\/uploads\/2021\/05\/coenzyme-q10.jpg","contentUrl":"https:\/\/naturalpoland.com\/wp-content\/uploads\/2021\/05\/coenzyme-q10.jpg","width":288,"height":175},{"@type":"BreadcrumbList","@id":"https:\/\/naturalpoland.com\/cs\/produkty\/produkty-pro-farmaceuticky-a-zdravotnicky-prumysl\/pridavky-k-doplnkum-stravy\/koenzym-q10-2\/#breadcrumb","itemListElement":[{"@type":"ListItem","position":1,"name":"Dom\u016f","item":"https:\/\/naturalpoland.com\/cs\/"},{"@type":"ListItem","position":2,"name":"Produkty","item":"https:\/\/naturalpoland.com\/cs\/produkty\/"},{"@type":"ListItem","position":3,"name":"Koenzym Q10"}]},{"@type":"WebSite","@id":"https:\/\/naturalpoland.com\/cs\/#website","url":"https:\/\/naturalpoland.com\/cs\/","name":"NATURAL POLAND - Velkoobchodn\u00ed distributor surovin","description":"Surowce dla przemys\u0142u spo\u017cywczego, kosmetycznego i farmaceutycznego","publisher":{"@id":"https:\/\/naturalpoland.com\/cs\/#organization"},"potentialAction":[{"@type":"SearchAction","target":{"@type":"EntryPoint","urlTemplate":"https:\/\/naturalpoland.com\/cs\/?s={search_term_string}"},"query-input":{"@type":"PropertyValueSpecification","valueRequired":true,"valueName":"search_term_string"}}],"inLanguage":"cs"},{"@type":"Organization","@id":"https:\/\/naturalpoland.com\/cs\/#organization","name":"Natural Poland","url":"https:\/\/naturalpoland.com\/cs\/","logo":{"@type":"ImageObject","inLanguage":"cs","@id":"https:\/\/naturalpoland.com\/cs\/#\/schema\/logo\/image\/","url":"https:\/\/naturalpoland.com\/wp-content\/uploads\/2021\/05\/natural-poland-icon.png","contentUrl":"https:\/\/naturalpoland.com\/wp-content\/uploads\/2021\/05\/natural-poland-icon.png","width":512,"height":512,"caption":"Natural Poland"},"image":{"@id":"https:\/\/naturalpoland.com\/cs\/#\/schema\/logo\/image\/"},"sameAs":["https:\/\/www.facebook.com\/naturalpoland.b2b","https:\/\/pl.linkedin.com\/company\/natural-poland","https:\/\/www.youtube.com\/channel\/UCgeGGkvOMahZo-xu_MSEWxg"]}]}},"_links":{"self":[{"href":"https:\/\/naturalpoland.com\/cs\/wp-json\/wp\/v2\/product\/10583","targetHints":{"allow":["GET"]}}],"collection":[{"href":"https:\/\/naturalpoland.com\/cs\/wp-json\/wp\/v2\/product"}],"about":[{"href":"https:\/\/naturalpoland.com\/cs\/wp-json\/wp\/v2\/types\/product"}],"wp:featuredmedia":[{"embeddable":true,"href":"https:\/\/naturalpoland.com\/cs\/wp-json\/wp\/v2\/media\/10586"}],"wp:attachment":[{"href":"https:\/\/naturalpoland.com\/cs\/wp-json\/wp\/v2\/media?parent=10583"}],"wp:term":[{"taxonomy":"product_brand","embeddable":true,"href":"https:\/\/naturalpoland.com\/cs\/wp-json\/wp\/v2\/product_brand?post=10583"},{"taxonomy":"product_cat","embeddable":true,"href":"https:\/\/naturalpoland.com\/cs\/wp-json\/wp\/v2\/product_cat?post=10583"},{"taxonomy":"product_tag","embeddable":true,"href":"https:\/\/naturalpoland.com\/cs\/wp-json\/wp\/v2\/product_tag?post=10583"}],"curies":[{"name":"wp","href":"https:\/\/api.w.org\/{rel}","templated":true}]}}