{"id":10782,"date":"2021-05-11T13:44:34","date_gmt":"2021-05-11T11:44:34","guid":{"rendered":"https:\/\/naturalpoland.pl\/produkty\/nezarazene\/komplex-chlorofylu-medi\/"},"modified":"2025-11-03T09:39:13","modified_gmt":"2025-11-03T08:39:13","slug":"komplex-med-chlorofyl","status":"publish","type":"product","link":"https:\/\/naturalpoland.com\/cs\/produkty\/produkty-pro-farmaceuticky-a-zdravotnicky-prumysl\/pridavky-k-doplnkum-stravy\/komplex-med-chlorofyl\/","title":{"rendered":"Komplex chlorofylu m\u011bdi"},"content":{"rendered":"<p>V procesu z\u00edsk\u00e1v\u00e1n\u00ed m\u011bd\u011bn\u00e9ho komplexu chlorofylu je p\u0159\u00edrodn\u00ed ho\u0159\u010d\u00edk p\u0159\u00edtomn\u00fd v chlorofylu nahrazen ionty m\u011bdi. To zaji\u0161\u0165uje v\u011bt\u0161\u00ed stabilitu a rozpustnost ve vod\u011b. V p\u0159\u00edpad\u011b nab\u00edzen\u00e9 suroviny je v\u00fdchoz\u00edm materi\u00e1lem <strong>Morus alba L<\/strong>. (moru\u0161ovn\u00edk b\u00edl\u00fd) a forma produktu je tmav\u011b zelen\u00fd, jemn\u011b mlet\u00fd pr\u00e1\u0161ek s charakteristick\u00fdm z\u00e1pachem a pH v rozmez\u00ed 9,5\u201310,7.   <\/p>\n<h2>Vlastnosti a v\u00fdhody<\/h2>\n<p>M\u011bd\u011bn\u00fd komplex chlorofylu se vyzna\u010duje vysok\u00fdm obsahem chelatovan\u00e9 m\u011bdi (min. 4 %) a celkov\u00e9 m\u011bdi (min. 4,25 %). Produkt vykazuje siln\u00e9 antioxida\u010dn\u00ed vlastnosti, podporuje <strong>detoxikaci organismu<\/strong> a podporuje p\u0159irozen\u00e9 ochrann\u00e9 mechanismy poko\u017eky. D\u00edky obsahu m\u011bdi se m\u016f\u017ee pod\u00edlet na regenera\u010dn\u00edch procesech poko\u017eky a tak\u00e9 podporovat produkci kolagenu a elastinu.  <\/p>\n<p>Nav\u00edc vykazuje deodoriza\u010dn\u00ed \u00fa\u010dinek \u2013 <strong>neutralizuje nep\u0159\u00edjemn\u00e9 t\u011blesn\u00e9 pachy<\/strong>, proto je \u010dasto pou\u017e\u00edv\u00e1n u osob s probl\u00e9my se stomi\u00ed, inkontinenc\u00ed nebo zv\u00fd\u0161en\u00fdm pocen\u00edm. V dopl\u0148c\u00edch stravy m\u016f\u017ee podporovat eliminaci toxin\u016f a zlep\u0161en\u00ed celkov\u00e9 kondice organismu. <\/p>\n<h2>Pou\u017eit\u00ed<\/h2>\n<ul>\n<li><strong>Kosmetika<\/strong>: barvivo a aktivn\u00ed slo\u017eka v \u010distic\u00edch, detoxika\u010dn\u00edch a regenera\u010dn\u00edch produktech pro poko\u017eku.<\/li>\n<li><strong>Dopl\u0148ky stravy<\/strong>: jako detoxika\u010dn\u00ed, antioxida\u010dn\u00ed slo\u017eka podporuj\u00edc\u00ed st\u0159evn\u00ed mikrofl\u00f3ru a neutralizuj\u00edc\u00ed nep\u0159\u00edjemn\u00e9 t\u011blesn\u00e9 pachy.<\/li>\n<li><strong>Potravin\u00e1\u0159sk\u00fd pr\u016fmysl<\/strong>: pou\u017e\u00edv\u00e1n jako <strong>zelen\u00e9 barvivo E141<\/strong>, zejm\u00e9na v produktech ur\u010den\u00fdch pro d\u011bti, n\u00e1poj\u00edch, sladkostech nebo rozpustn\u00fdch dopl\u0148c\u00edch.<\/li>\n<li><strong>Farmaceutick\u00e9 a hygienick\u00e9 produkty<\/strong>: podporuje hojen\u00ed, eliminuje nep\u0159\u00edjemn\u00fd z\u00e1pach a m\u00e1 uklid\u0148uj\u00edc\u00ed vlastnosti.<\/li>\n<\/ul>\n","protected":false},"excerpt":{"rendered":"<p>M\u011bd\u011bn\u00fd komplex chlorofylu je polosyntetick\u00e1 slou\u010denina p\u0159\u00edrodn\u00edho p\u016fvodu z\u00edsk\u00e1van\u00e1 na b\u00e1zi chlorofylu \u2013 zelen\u00e9ho <a href=\"https:\/\/naturalpoland.com\/cs\/produkty\/produkty-pro-kosmeticky-prumysl\/kosmeticka-barviva\/barviva-prirodniho-puvodu\/\">barviva<\/a> p\u0159\u00edtomn\u00e9ho v rostlin\u00e1ch.<\/p>\n","protected":false},"featured_media":42236,"template":"","meta":{"_acf_changed":false},"product_brand":[],"product_cat":[629],"product_tag":[],"class_list":{"0":"post-10782","1":"product","2":"type-product","3":"status-publish","4":"has-post-thumbnail","6":"product_cat-pridavky-k-doplnkum-stravy","8":"first","9":"instock","10":"shipping-taxable","11":"product-type-simple"},"acf":[],"yoast_head":"<!-- This site is optimized with the Yoast SEO plugin v27.5 - https:\/\/yoast.com\/product\/yoast-seo-wordpress\/ -->\n<title>Komplex chlorofylu m\u011bdi - Velkoobchodn\u00ed distributor<\/title>\n<meta name=\"description\" content=\"M\u011bd\u011bn\u00fd komplex chlorofylu je polosyntetick\u00e1 slou\u010denina p\u0159\u00edrodn\u00edho p\u016fvodu z\u00edsk\u00e1van\u00e1 na b\u00e1zi chlorofylu \u2013 zelen\u00e9ho barviva p\u0159\u00edtomn\u00e9ho v rostlin\u00e1ch.\" \/>\n<meta name=\"robots\" content=\"index, follow, max-snippet:-1, max-image-preview:large, max-video-preview:-1\" \/>\n<link rel=\"canonical\" href=\"https:\/\/naturalpoland.com\/cs\/produkty\/produkty-pro-farmaceuticky-a-zdravotnicky-prumysl\/pridavky-k-doplnkum-stravy\/komplex-med-chlorofyl\/\" \/>\n<meta property=\"og:locale\" content=\"cs_CZ\" \/>\n<meta property=\"og:type\" content=\"article\" \/>\n<meta property=\"og:title\" content=\"Komplex chlorofylu m\u011bdi - Velkoobchodn\u00ed distributor\" \/>\n<meta property=\"og:description\" content=\"M\u011bd\u011bn\u00fd komplex chlorofylu je polosyntetick\u00e1 slou\u010denina p\u0159\u00edrodn\u00edho p\u016fvodu z\u00edsk\u00e1van\u00e1 na b\u00e1zi chlorofylu \u2013 zelen\u00e9ho barviva p\u0159\u00edtomn\u00e9ho v rostlin\u00e1ch.\" \/>\n<meta property=\"og:url\" content=\"https:\/\/naturalpoland.com\/cs\/produkty\/produkty-pro-farmaceuticky-a-zdravotnicky-prumysl\/pridavky-k-doplnkum-stravy\/komplex-med-chlorofyl\/\" \/>\n<meta property=\"og:site_name\" content=\"NATURAL POLAND - Velkoobchodn\u00ed distributor surovin\" \/>\n<meta property=\"article:publisher\" content=\"https:\/\/www.facebook.com\/naturalpoland.b2b\" \/>\n<meta property=\"article:modified_time\" content=\"2025-11-03T08:39:13+00:00\" \/>\n<meta property=\"og:image\" content=\"https:\/\/naturalpoland.com\/wp-content\/uploads\/kompleks-miedziowy-chlorofilu.webp\" \/>\n\t<meta property=\"og:image:width\" content=\"1024\" \/>\n\t<meta property=\"og:image:height\" content=\"1024\" \/>\n\t<meta property=\"og:image:type\" content=\"image\/webp\" \/>\n<script type=\"application\/ld+json\" class=\"yoast-schema-graph\">{\"@context\":\"https:\\\/\\\/schema.org\",\"@graph\":[{\"@type\":\"WebPage\",\"@id\":\"https:\\\/\\\/naturalpoland.com\\\/cs\\\/produkty\\\/produkty-pro-farmaceuticky-a-zdravotnicky-prumysl\\\/pridavky-k-doplnkum-stravy\\\/komplex-med-chlorofyl\\\/\",\"url\":\"https:\\\/\\\/naturalpoland.com\\\/cs\\\/produkty\\\/produkty-pro-farmaceuticky-a-zdravotnicky-prumysl\\\/pridavky-k-doplnkum-stravy\\\/komplex-med-chlorofyl\\\/\",\"name\":\"Komplex chlorofylu m\u011bdi - Velkoobchodn\u00ed distributor\",\"isPartOf\":{\"@id\":\"https:\\\/\\\/naturalpoland.com\\\/cs\\\/#website\"},\"primaryImageOfPage\":{\"@id\":\"https:\\\/\\\/naturalpoland.com\\\/cs\\\/produkty\\\/produkty-pro-farmaceuticky-a-zdravotnicky-prumysl\\\/pridavky-k-doplnkum-stravy\\\/komplex-med-chlorofyl\\\/#primaryimage\"},\"image\":{\"@id\":\"https:\\\/\\\/naturalpoland.com\\\/cs\\\/produkty\\\/produkty-pro-farmaceuticky-a-zdravotnicky-prumysl\\\/pridavky-k-doplnkum-stravy\\\/komplex-med-chlorofyl\\\/#primaryimage\"},\"thumbnailUrl\":\"https:\\\/\\\/naturalpoland.com\\\/wp-content\\\/uploads\\\/kompleks-miedziowy-chlorofilu.webp\",\"datePublished\":\"2021-05-11T11:44:34+00:00\",\"dateModified\":\"2025-11-03T08:39:13+00:00\",\"description\":\"M\u011bd\u011bn\u00fd komplex chlorofylu je polosyntetick\u00e1 slou\u010denina p\u0159\u00edrodn\u00edho p\u016fvodu z\u00edsk\u00e1van\u00e1 na b\u00e1zi chlorofylu \u2013 zelen\u00e9ho barviva p\u0159\u00edtomn\u00e9ho v rostlin\u00e1ch.\",\"breadcrumb\":{\"@id\":\"https:\\\/\\\/naturalpoland.com\\\/cs\\\/produkty\\\/produkty-pro-farmaceuticky-a-zdravotnicky-prumysl\\\/pridavky-k-doplnkum-stravy\\\/komplex-med-chlorofyl\\\/#breadcrumb\"},\"inLanguage\":\"cs\",\"potentialAction\":[{\"@type\":\"ReadAction\",\"target\":[\"https:\\\/\\\/naturalpoland.com\\\/cs\\\/produkty\\\/produkty-pro-farmaceuticky-a-zdravotnicky-prumysl\\\/pridavky-k-doplnkum-stravy\\\/komplex-med-chlorofyl\\\/\"]}]},{\"@type\":\"ImageObject\",\"inLanguage\":\"cs\",\"@id\":\"https:\\\/\\\/naturalpoland.com\\\/cs\\\/produkty\\\/produkty-pro-farmaceuticky-a-zdravotnicky-prumysl\\\/pridavky-k-doplnkum-stravy\\\/komplex-med-chlorofyl\\\/#primaryimage\",\"url\":\"https:\\\/\\\/naturalpoland.com\\\/wp-content\\\/uploads\\\/kompleks-miedziowy-chlorofilu.webp\",\"contentUrl\":\"https:\\\/\\\/naturalpoland.com\\\/wp-content\\\/uploads\\\/kompleks-miedziowy-chlorofilu.webp\",\"width\":1024,\"height\":1024,\"caption\":\"Komplex chlorofylu m\u011bdi\"},{\"@type\":\"BreadcrumbList\",\"@id\":\"https:\\\/\\\/naturalpoland.com\\\/cs\\\/produkty\\\/produkty-pro-farmaceuticky-a-zdravotnicky-prumysl\\\/pridavky-k-doplnkum-stravy\\\/komplex-med-chlorofyl\\\/#breadcrumb\",\"itemListElement\":[{\"@type\":\"ListItem\",\"position\":1,\"name\":\"Dom\u016f\",\"item\":\"https:\\\/\\\/naturalpoland.com\\\/cs\\\/\"},{\"@type\":\"ListItem\",\"position\":2,\"name\":\"Produkty\",\"item\":\"https:\\\/\\\/naturalpoland.com\\\/cs\\\/produkty\\\/\"},{\"@type\":\"ListItem\",\"position\":3,\"name\":\"Komplex chlorofylu m\u011bdi\"}]},{\"@type\":\"WebSite\",\"@id\":\"https:\\\/\\\/naturalpoland.com\\\/cs\\\/#website\",\"url\":\"https:\\\/\\\/naturalpoland.com\\\/cs\\\/\",\"name\":\"NATURAL POLAND - Velkoobchodn\u00ed distributor surovin\",\"description\":\"Surowce dla przemys\u0142u spo\u017cywczego, kosmetycznego i farmaceutycznego\",\"publisher\":{\"@id\":\"https:\\\/\\\/naturalpoland.com\\\/cs\\\/#organization\"},\"potentialAction\":[{\"@type\":\"SearchAction\",\"target\":{\"@type\":\"EntryPoint\",\"urlTemplate\":\"https:\\\/\\\/naturalpoland.com\\\/cs\\\/?s={search_term_string}\"},\"query-input\":{\"@type\":\"PropertyValueSpecification\",\"valueRequired\":true,\"valueName\":\"search_term_string\"}}],\"inLanguage\":\"cs\"},{\"@type\":\"Organization\",\"@id\":\"https:\\\/\\\/naturalpoland.com\\\/cs\\\/#organization\",\"name\":\"Natural Poland\",\"url\":\"https:\\\/\\\/naturalpoland.com\\\/cs\\\/\",\"logo\":{\"@type\":\"ImageObject\",\"inLanguage\":\"cs\",\"@id\":\"https:\\\/\\\/naturalpoland.com\\\/cs\\\/#\\\/schema\\\/logo\\\/image\\\/\",\"url\":\"https:\\\/\\\/naturalpoland.com\\\/wp-content\\\/uploads\\\/2021\\\/05\\\/natural-poland-icon.png\",\"contentUrl\":\"https:\\\/\\\/naturalpoland.com\\\/wp-content\\\/uploads\\\/2021\\\/05\\\/natural-poland-icon.png\",\"width\":512,\"height\":512,\"caption\":\"Natural Poland\"},\"image\":{\"@id\":\"https:\\\/\\\/naturalpoland.com\\\/cs\\\/#\\\/schema\\\/logo\\\/image\\\/\"},\"sameAs\":[\"https:\\\/\\\/www.facebook.com\\\/naturalpoland.b2b\",\"https:\\\/\\\/pl.linkedin.com\\\/company\\\/natural-poland\",\"https:\\\/\\\/www.youtube.com\\\/channel\\\/UCgeGGkvOMahZo-xu_MSEWxg\"]}]}<\/script>\n<!-- \/ Yoast SEO plugin. -->","yoast_head_json":{"title":"Komplex chlorofylu m\u011bdi - Velkoobchodn\u00ed distributor","description":"M\u011bd\u011bn\u00fd komplex chlorofylu je polosyntetick\u00e1 slou\u010denina p\u0159\u00edrodn\u00edho p\u016fvodu z\u00edsk\u00e1van\u00e1 na b\u00e1zi chlorofylu \u2013 zelen\u00e9ho barviva p\u0159\u00edtomn\u00e9ho v rostlin\u00e1ch.","robots":{"index":"index","follow":"follow","max-snippet":"max-snippet:-1","max-image-preview":"max-image-preview:large","max-video-preview":"max-video-preview:-1"},"canonical":"https:\/\/naturalpoland.com\/cs\/produkty\/produkty-pro-farmaceuticky-a-zdravotnicky-prumysl\/pridavky-k-doplnkum-stravy\/komplex-med-chlorofyl\/","og_locale":"cs_CZ","og_type":"article","og_title":"Komplex chlorofylu m\u011bdi - Velkoobchodn\u00ed distributor","og_description":"M\u011bd\u011bn\u00fd komplex chlorofylu je polosyntetick\u00e1 slou\u010denina p\u0159\u00edrodn\u00edho p\u016fvodu z\u00edsk\u00e1van\u00e1 na b\u00e1zi chlorofylu \u2013 zelen\u00e9ho barviva p\u0159\u00edtomn\u00e9ho v rostlin\u00e1ch.","og_url":"https:\/\/naturalpoland.com\/cs\/produkty\/produkty-pro-farmaceuticky-a-zdravotnicky-prumysl\/pridavky-k-doplnkum-stravy\/komplex-med-chlorofyl\/","og_site_name":"NATURAL POLAND - Velkoobchodn\u00ed distributor surovin","article_publisher":"https:\/\/www.facebook.com\/naturalpoland.b2b","article_modified_time":"2025-11-03T08:39:13+00:00","og_image":[{"width":1024,"height":1024,"url":"https:\/\/naturalpoland.com\/wp-content\/uploads\/kompleks-miedziowy-chlorofilu.webp","type":"image\/webp"}],"schema":{"@context":"https:\/\/schema.org","@graph":[{"@type":"WebPage","@id":"https:\/\/naturalpoland.com\/cs\/produkty\/produkty-pro-farmaceuticky-a-zdravotnicky-prumysl\/pridavky-k-doplnkum-stravy\/komplex-med-chlorofyl\/","url":"https:\/\/naturalpoland.com\/cs\/produkty\/produkty-pro-farmaceuticky-a-zdravotnicky-prumysl\/pridavky-k-doplnkum-stravy\/komplex-med-chlorofyl\/","name":"Komplex chlorofylu m\u011bdi - Velkoobchodn\u00ed distributor","isPartOf":{"@id":"https:\/\/naturalpoland.com\/cs\/#website"},"primaryImageOfPage":{"@id":"https:\/\/naturalpoland.com\/cs\/produkty\/produkty-pro-farmaceuticky-a-zdravotnicky-prumysl\/pridavky-k-doplnkum-stravy\/komplex-med-chlorofyl\/#primaryimage"},"image":{"@id":"https:\/\/naturalpoland.com\/cs\/produkty\/produkty-pro-farmaceuticky-a-zdravotnicky-prumysl\/pridavky-k-doplnkum-stravy\/komplex-med-chlorofyl\/#primaryimage"},"thumbnailUrl":"https:\/\/naturalpoland.com\/wp-content\/uploads\/kompleks-miedziowy-chlorofilu.webp","datePublished":"2021-05-11T11:44:34+00:00","dateModified":"2025-11-03T08:39:13+00:00","description":"M\u011bd\u011bn\u00fd komplex chlorofylu je polosyntetick\u00e1 slou\u010denina p\u0159\u00edrodn\u00edho p\u016fvodu z\u00edsk\u00e1van\u00e1 na b\u00e1zi chlorofylu \u2013 zelen\u00e9ho barviva p\u0159\u00edtomn\u00e9ho v rostlin\u00e1ch.","breadcrumb":{"@id":"https:\/\/naturalpoland.com\/cs\/produkty\/produkty-pro-farmaceuticky-a-zdravotnicky-prumysl\/pridavky-k-doplnkum-stravy\/komplex-med-chlorofyl\/#breadcrumb"},"inLanguage":"cs","potentialAction":[{"@type":"ReadAction","target":["https:\/\/naturalpoland.com\/cs\/produkty\/produkty-pro-farmaceuticky-a-zdravotnicky-prumysl\/pridavky-k-doplnkum-stravy\/komplex-med-chlorofyl\/"]}]},{"@type":"ImageObject","inLanguage":"cs","@id":"https:\/\/naturalpoland.com\/cs\/produkty\/produkty-pro-farmaceuticky-a-zdravotnicky-prumysl\/pridavky-k-doplnkum-stravy\/komplex-med-chlorofyl\/#primaryimage","url":"https:\/\/naturalpoland.com\/wp-content\/uploads\/kompleks-miedziowy-chlorofilu.webp","contentUrl":"https:\/\/naturalpoland.com\/wp-content\/uploads\/kompleks-miedziowy-chlorofilu.webp","width":1024,"height":1024,"caption":"Komplex chlorofylu m\u011bdi"},{"@type":"BreadcrumbList","@id":"https:\/\/naturalpoland.com\/cs\/produkty\/produkty-pro-farmaceuticky-a-zdravotnicky-prumysl\/pridavky-k-doplnkum-stravy\/komplex-med-chlorofyl\/#breadcrumb","itemListElement":[{"@type":"ListItem","position":1,"name":"Dom\u016f","item":"https:\/\/naturalpoland.com\/cs\/"},{"@type":"ListItem","position":2,"name":"Produkty","item":"https:\/\/naturalpoland.com\/cs\/produkty\/"},{"@type":"ListItem","position":3,"name":"Komplex chlorofylu m\u011bdi"}]},{"@type":"WebSite","@id":"https:\/\/naturalpoland.com\/cs\/#website","url":"https:\/\/naturalpoland.com\/cs\/","name":"NATURAL POLAND - Velkoobchodn\u00ed distributor surovin","description":"Surowce dla przemys\u0142u spo\u017cywczego, kosmetycznego i farmaceutycznego","publisher":{"@id":"https:\/\/naturalpoland.com\/cs\/#organization"},"potentialAction":[{"@type":"SearchAction","target":{"@type":"EntryPoint","urlTemplate":"https:\/\/naturalpoland.com\/cs\/?s={search_term_string}"},"query-input":{"@type":"PropertyValueSpecification","valueRequired":true,"valueName":"search_term_string"}}],"inLanguage":"cs"},{"@type":"Organization","@id":"https:\/\/naturalpoland.com\/cs\/#organization","name":"Natural Poland","url":"https:\/\/naturalpoland.com\/cs\/","logo":{"@type":"ImageObject","inLanguage":"cs","@id":"https:\/\/naturalpoland.com\/cs\/#\/schema\/logo\/image\/","url":"https:\/\/naturalpoland.com\/wp-content\/uploads\/2021\/05\/natural-poland-icon.png","contentUrl":"https:\/\/naturalpoland.com\/wp-content\/uploads\/2021\/05\/natural-poland-icon.png","width":512,"height":512,"caption":"Natural Poland"},"image":{"@id":"https:\/\/naturalpoland.com\/cs\/#\/schema\/logo\/image\/"},"sameAs":["https:\/\/www.facebook.com\/naturalpoland.b2b","https:\/\/pl.linkedin.com\/company\/natural-poland","https:\/\/www.youtube.com\/channel\/UCgeGGkvOMahZo-xu_MSEWxg"]}]}},"_links":{"self":[{"href":"https:\/\/naturalpoland.com\/cs\/wp-json\/wp\/v2\/product\/10782","targetHints":{"allow":["GET"]}}],"collection":[{"href":"https:\/\/naturalpoland.com\/cs\/wp-json\/wp\/v2\/product"}],"about":[{"href":"https:\/\/naturalpoland.com\/cs\/wp-json\/wp\/v2\/types\/product"}],"wp:featuredmedia":[{"embeddable":true,"href":"https:\/\/naturalpoland.com\/cs\/wp-json\/wp\/v2\/media\/42236"}],"wp:attachment":[{"href":"https:\/\/naturalpoland.com\/cs\/wp-json\/wp\/v2\/media?parent=10782"}],"wp:term":[{"taxonomy":"product_brand","embeddable":true,"href":"https:\/\/naturalpoland.com\/cs\/wp-json\/wp\/v2\/product_brand?post=10782"},{"taxonomy":"product_cat","embeddable":true,"href":"https:\/\/naturalpoland.com\/cs\/wp-json\/wp\/v2\/product_cat?post=10782"},{"taxonomy":"product_tag","embeddable":true,"href":"https:\/\/naturalpoland.com\/cs\/wp-json\/wp\/v2\/product_tag?post=10782"}],"curies":[{"name":"wp","href":"https:\/\/api.w.org\/{rel}","templated":true}]}}