{"id":10945,"date":"2021-05-11T13:46:10","date_gmt":"2021-09-20T10:36:06","guid":{"rendered":"https:\/\/naturalpoland.pl\/produkty\/nezarazene\/mrkvovy-macerat\/"},"modified":"2021-12-20T14:53:45","modified_gmt":"2021-12-20T13:53:45","slug":"mrkev-macerat","status":"publish","type":"product","link":"https:\/\/naturalpoland.com\/cs\/produkty\/produkty-pro-kosmeticky-prumysl\/maceraty-cs\/mrkev-macerat\/","title":{"rendered":"Mrkvov\u00fd macer\u00e1t"},"content":{"rendered":"<p>Skv\u011bl\u00e9 pro k\u016f\u017ei:<br \/>\nMrkvov\u00fd macer\u00e1t se pou\u017e\u00edv\u00e1 hlavn\u011b p\u0159i v\u00fdrob\u011b kosmetiky ur\u010den\u00e9 pro p\u00e9\u010di o zralou ple\u0165. Vitam\u00edn K v n\u011bm obsa\u017een\u00fd pom\u00e1h\u00e1 redukovat vr\u00e1sky a zadr\u017eovat vodu v t\u011ble. Zvy\u0161uje produkci ko\u017en\u00edho mazu, tak\u017ee dob\u0159e funguje v p\u00e9\u010di o \u0161upinatou a suchou poko\u017eku. Vitam\u00edn A podporuje regeneraci poko\u017eky a dod\u00e1v\u00e1 j\u00ed zdrav\u00fd vzhled.<\/p>\n","protected":false},"excerpt":{"rendered":"<p><strong>Mrkvov\u00fd macer\u00e1t<\/strong> se z\u00edsk\u00e1v\u00e1 macerac\u00ed such\u00e9ho ko\u0159ene v oleji. D\u00edky vysok\u00e9 koncentraci karotenu, vitam\u00edn\u016f E a K je tento macer\u00e1t ide\u00e1ln\u00ed pro kosmetiku po opalov\u00e1n\u00ed. M\u016f\u017ee b\u00fdt tak\u00e9 pou\u017eit v p\u0159\u00edpravc\u00edch proti st\u00e1rnut\u00ed. Macerate chr\u00e1n\u00ed p\u0159ed voln\u00fdmi radik\u00e1ly a po\u0161kozen\u00edm, kter\u00e9 zp\u016fsobuj\u00ed.<\/p>\n","protected":false},"featured_media":10951,"template":"","meta":[],"product_brand":[],"product_cat":[634],"product_tag":[],"class_list":{"0":"post-10945","1":"product","2":"type-product","3":"status-publish","4":"has-post-thumbnail","6":"product_cat-maceraty-cs","8":"first","9":"instock","10":"shipping-taxable","11":"product-type-simple"},"yoast_head":"<!-- This site is optimized with the Yoast SEO plugin v27.4 - https:\/\/yoast.com\/product\/yoast-seo-wordpress\/ -->\n<title>Mrkvov\u00fd macer\u00e1t - Velkoobchodn\u00ed distributor<\/title>\n<meta name=\"robots\" content=\"index, follow, max-snippet:-1, max-image-preview:large, max-video-preview:-1\" \/>\n<link rel=\"canonical\" href=\"https:\/\/naturalpoland.com\/cs\/produkty\/produkty-pro-kosmeticky-prumysl\/maceraty-cs\/mrkev-macerat\/\" \/>\n<meta property=\"og:locale\" content=\"cs_CZ\" \/>\n<meta property=\"og:type\" content=\"article\" \/>\n<meta property=\"og:title\" content=\"Mrkvov\u00fd macer\u00e1t - Velkoobchodn\u00ed distributor\" \/>\n<meta property=\"og:description\" content=\"Mrkvov\u00fd macer\u00e1t se z\u00edsk\u00e1v\u00e1 macerac\u00ed such\u00e9ho ko\u0159ene v oleji. D\u00edky vysok\u00e9 koncentraci karotenu, vitam\u00edn\u016f E a K je tento macer\u00e1t ide\u00e1ln\u00ed pro kosmetiku po opalov\u00e1n\u00ed. M\u016f\u017ee b\u00fdt tak\u00e9 pou\u017eit v p\u0159\u00edpravc\u00edch proti st\u00e1rnut\u00ed. Macerate chr\u00e1n\u00ed p\u0159ed voln\u00fdmi radik\u00e1ly a po\u0161kozen\u00edm, kter\u00e9 zp\u016fsobuj\u00ed.\" \/>\n<meta property=\"og:url\" content=\"https:\/\/naturalpoland.com\/cs\/produkty\/produkty-pro-kosmeticky-prumysl\/maceraty-cs\/mrkev-macerat\/\" \/>\n<meta property=\"og:site_name\" content=\"NATURAL POLAND - Velkoobchodn\u00ed distributor surovin\" \/>\n<meta property=\"article:publisher\" content=\"https:\/\/www.facebook.com\/naturalpoland.b2b\" \/>\n<meta property=\"article:modified_time\" content=\"2021-12-20T13:53:45+00:00\" \/>\n<meta property=\"og:image\" content=\"https:\/\/naturalpoland.com\/wp-content\/uploads\/2021\/05\/carrot-macerate.jpg\" \/>\n\t<meta property=\"og:image:width\" content=\"701\" \/>\n\t<meta property=\"og:image:height\" content=\"468\" \/>\n\t<meta property=\"og:image:type\" content=\"image\/jpeg\" \/>\n<script type=\"application\/ld+json\" class=\"yoast-schema-graph\">{\"@context\":\"https:\\\/\\\/schema.org\",\"@graph\":[{\"@type\":\"WebPage\",\"@id\":\"https:\\\/\\\/naturalpoland.com\\\/cs\\\/produkty\\\/produkty-pro-kosmeticky-prumysl\\\/maceraty-cs\\\/mrkev-macerat\\\/\",\"url\":\"https:\\\/\\\/naturalpoland.com\\\/cs\\\/produkty\\\/produkty-pro-kosmeticky-prumysl\\\/maceraty-cs\\\/mrkev-macerat\\\/\",\"name\":\"Mrkvov\u00fd macer\u00e1t - Velkoobchodn\u00ed distributor\",\"isPartOf\":{\"@id\":\"https:\\\/\\\/naturalpoland.com\\\/cs\\\/#website\"},\"primaryImageOfPage\":{\"@id\":\"https:\\\/\\\/naturalpoland.com\\\/cs\\\/produkty\\\/produkty-pro-kosmeticky-prumysl\\\/maceraty-cs\\\/mrkev-macerat\\\/#primaryimage\"},\"image\":{\"@id\":\"https:\\\/\\\/naturalpoland.com\\\/cs\\\/produkty\\\/produkty-pro-kosmeticky-prumysl\\\/maceraty-cs\\\/mrkev-macerat\\\/#primaryimage\"},\"thumbnailUrl\":\"https:\\\/\\\/naturalpoland.com\\\/wp-content\\\/uploads\\\/2021\\\/05\\\/carrot-macerate.jpg\",\"datePublished\":\"2021-09-20T10:36:06+00:00\",\"dateModified\":\"2021-12-20T13:53:45+00:00\",\"breadcrumb\":{\"@id\":\"https:\\\/\\\/naturalpoland.com\\\/cs\\\/produkty\\\/produkty-pro-kosmeticky-prumysl\\\/maceraty-cs\\\/mrkev-macerat\\\/#breadcrumb\"},\"inLanguage\":\"cs\",\"potentialAction\":[{\"@type\":\"ReadAction\",\"target\":[\"https:\\\/\\\/naturalpoland.com\\\/cs\\\/produkty\\\/produkty-pro-kosmeticky-prumysl\\\/maceraty-cs\\\/mrkev-macerat\\\/\"]}]},{\"@type\":\"ImageObject\",\"inLanguage\":\"cs\",\"@id\":\"https:\\\/\\\/naturalpoland.com\\\/cs\\\/produkty\\\/produkty-pro-kosmeticky-prumysl\\\/maceraty-cs\\\/mrkev-macerat\\\/#primaryimage\",\"url\":\"https:\\\/\\\/naturalpoland.com\\\/wp-content\\\/uploads\\\/2021\\\/05\\\/carrot-macerate.jpg\",\"contentUrl\":\"https:\\\/\\\/naturalpoland.com\\\/wp-content\\\/uploads\\\/2021\\\/05\\\/carrot-macerate.jpg\",\"width\":701,\"height\":468},{\"@type\":\"BreadcrumbList\",\"@id\":\"https:\\\/\\\/naturalpoland.com\\\/cs\\\/produkty\\\/produkty-pro-kosmeticky-prumysl\\\/maceraty-cs\\\/mrkev-macerat\\\/#breadcrumb\",\"itemListElement\":[{\"@type\":\"ListItem\",\"position\":1,\"name\":\"Dom\u016f\",\"item\":\"https:\\\/\\\/naturalpoland.com\\\/cs\\\/\"},{\"@type\":\"ListItem\",\"position\":2,\"name\":\"Produkty\",\"item\":\"https:\\\/\\\/naturalpoland.com\\\/cs\\\/produkty\\\/\"},{\"@type\":\"ListItem\",\"position\":3,\"name\":\"Mrkvov\u00fd macer\u00e1t\"}]},{\"@type\":\"WebSite\",\"@id\":\"https:\\\/\\\/naturalpoland.com\\\/cs\\\/#website\",\"url\":\"https:\\\/\\\/naturalpoland.com\\\/cs\\\/\",\"name\":\"NATURAL POLAND - Velkoobchodn\u00ed distributor surovin\",\"description\":\"Surowce dla przemys\u0142u spo\u017cywczego, kosmetycznego i farmaceutycznego\",\"publisher\":{\"@id\":\"https:\\\/\\\/naturalpoland.com\\\/cs\\\/#organization\"},\"potentialAction\":[{\"@type\":\"SearchAction\",\"target\":{\"@type\":\"EntryPoint\",\"urlTemplate\":\"https:\\\/\\\/naturalpoland.com\\\/cs\\\/?s={search_term_string}\"},\"query-input\":{\"@type\":\"PropertyValueSpecification\",\"valueRequired\":true,\"valueName\":\"search_term_string\"}}],\"inLanguage\":\"cs\"},{\"@type\":\"Organization\",\"@id\":\"https:\\\/\\\/naturalpoland.com\\\/cs\\\/#organization\",\"name\":\"Natural Poland\",\"url\":\"https:\\\/\\\/naturalpoland.com\\\/cs\\\/\",\"logo\":{\"@type\":\"ImageObject\",\"inLanguage\":\"cs\",\"@id\":\"https:\\\/\\\/naturalpoland.com\\\/cs\\\/#\\\/schema\\\/logo\\\/image\\\/\",\"url\":\"https:\\\/\\\/naturalpoland.com\\\/wp-content\\\/uploads\\\/2021\\\/05\\\/natural-poland-icon.png\",\"contentUrl\":\"https:\\\/\\\/naturalpoland.com\\\/wp-content\\\/uploads\\\/2021\\\/05\\\/natural-poland-icon.png\",\"width\":512,\"height\":512,\"caption\":\"Natural Poland\"},\"image\":{\"@id\":\"https:\\\/\\\/naturalpoland.com\\\/cs\\\/#\\\/schema\\\/logo\\\/image\\\/\"},\"sameAs\":[\"https:\\\/\\\/www.facebook.com\\\/naturalpoland.b2b\",\"https:\\\/\\\/pl.linkedin.com\\\/company\\\/natural-poland\",\"https:\\\/\\\/www.youtube.com\\\/channel\\\/UCgeGGkvOMahZo-xu_MSEWxg\"]}]}<\/script>\n<!-- \/ Yoast SEO plugin. -->","yoast_head_json":{"title":"Mrkvov\u00fd macer\u00e1t - Velkoobchodn\u00ed distributor","robots":{"index":"index","follow":"follow","max-snippet":"max-snippet:-1","max-image-preview":"max-image-preview:large","max-video-preview":"max-video-preview:-1"},"canonical":"https:\/\/naturalpoland.com\/cs\/produkty\/produkty-pro-kosmeticky-prumysl\/maceraty-cs\/mrkev-macerat\/","og_locale":"cs_CZ","og_type":"article","og_title":"Mrkvov\u00fd macer\u00e1t - Velkoobchodn\u00ed distributor","og_description":"Mrkvov\u00fd macer\u00e1t se z\u00edsk\u00e1v\u00e1 macerac\u00ed such\u00e9ho ko\u0159ene v oleji. D\u00edky vysok\u00e9 koncentraci karotenu, vitam\u00edn\u016f E a K je tento macer\u00e1t ide\u00e1ln\u00ed pro kosmetiku po opalov\u00e1n\u00ed. M\u016f\u017ee b\u00fdt tak\u00e9 pou\u017eit v p\u0159\u00edpravc\u00edch proti st\u00e1rnut\u00ed. Macerate chr\u00e1n\u00ed p\u0159ed voln\u00fdmi radik\u00e1ly a po\u0161kozen\u00edm, kter\u00e9 zp\u016fsobuj\u00ed.","og_url":"https:\/\/naturalpoland.com\/cs\/produkty\/produkty-pro-kosmeticky-prumysl\/maceraty-cs\/mrkev-macerat\/","og_site_name":"NATURAL POLAND - Velkoobchodn\u00ed distributor surovin","article_publisher":"https:\/\/www.facebook.com\/naturalpoland.b2b","article_modified_time":"2021-12-20T13:53:45+00:00","og_image":[{"width":701,"height":468,"url":"https:\/\/naturalpoland.com\/wp-content\/uploads\/2021\/05\/carrot-macerate.jpg","type":"image\/jpeg"}],"schema":{"@context":"https:\/\/schema.org","@graph":[{"@type":"WebPage","@id":"https:\/\/naturalpoland.com\/cs\/produkty\/produkty-pro-kosmeticky-prumysl\/maceraty-cs\/mrkev-macerat\/","url":"https:\/\/naturalpoland.com\/cs\/produkty\/produkty-pro-kosmeticky-prumysl\/maceraty-cs\/mrkev-macerat\/","name":"Mrkvov\u00fd macer\u00e1t - Velkoobchodn\u00ed distributor","isPartOf":{"@id":"https:\/\/naturalpoland.com\/cs\/#website"},"primaryImageOfPage":{"@id":"https:\/\/naturalpoland.com\/cs\/produkty\/produkty-pro-kosmeticky-prumysl\/maceraty-cs\/mrkev-macerat\/#primaryimage"},"image":{"@id":"https:\/\/naturalpoland.com\/cs\/produkty\/produkty-pro-kosmeticky-prumysl\/maceraty-cs\/mrkev-macerat\/#primaryimage"},"thumbnailUrl":"https:\/\/naturalpoland.com\/wp-content\/uploads\/2021\/05\/carrot-macerate.jpg","datePublished":"2021-09-20T10:36:06+00:00","dateModified":"2021-12-20T13:53:45+00:00","breadcrumb":{"@id":"https:\/\/naturalpoland.com\/cs\/produkty\/produkty-pro-kosmeticky-prumysl\/maceraty-cs\/mrkev-macerat\/#breadcrumb"},"inLanguage":"cs","potentialAction":[{"@type":"ReadAction","target":["https:\/\/naturalpoland.com\/cs\/produkty\/produkty-pro-kosmeticky-prumysl\/maceraty-cs\/mrkev-macerat\/"]}]},{"@type":"ImageObject","inLanguage":"cs","@id":"https:\/\/naturalpoland.com\/cs\/produkty\/produkty-pro-kosmeticky-prumysl\/maceraty-cs\/mrkev-macerat\/#primaryimage","url":"https:\/\/naturalpoland.com\/wp-content\/uploads\/2021\/05\/carrot-macerate.jpg","contentUrl":"https:\/\/naturalpoland.com\/wp-content\/uploads\/2021\/05\/carrot-macerate.jpg","width":701,"height":468},{"@type":"BreadcrumbList","@id":"https:\/\/naturalpoland.com\/cs\/produkty\/produkty-pro-kosmeticky-prumysl\/maceraty-cs\/mrkev-macerat\/#breadcrumb","itemListElement":[{"@type":"ListItem","position":1,"name":"Dom\u016f","item":"https:\/\/naturalpoland.com\/cs\/"},{"@type":"ListItem","position":2,"name":"Produkty","item":"https:\/\/naturalpoland.com\/cs\/produkty\/"},{"@type":"ListItem","position":3,"name":"Mrkvov\u00fd macer\u00e1t"}]},{"@type":"WebSite","@id":"https:\/\/naturalpoland.com\/cs\/#website","url":"https:\/\/naturalpoland.com\/cs\/","name":"NATURAL POLAND - Velkoobchodn\u00ed distributor surovin","description":"Surowce dla przemys\u0142u spo\u017cywczego, kosmetycznego i farmaceutycznego","publisher":{"@id":"https:\/\/naturalpoland.com\/cs\/#organization"},"potentialAction":[{"@type":"SearchAction","target":{"@type":"EntryPoint","urlTemplate":"https:\/\/naturalpoland.com\/cs\/?s={search_term_string}"},"query-input":{"@type":"PropertyValueSpecification","valueRequired":true,"valueName":"search_term_string"}}],"inLanguage":"cs"},{"@type":"Organization","@id":"https:\/\/naturalpoland.com\/cs\/#organization","name":"Natural Poland","url":"https:\/\/naturalpoland.com\/cs\/","logo":{"@type":"ImageObject","inLanguage":"cs","@id":"https:\/\/naturalpoland.com\/cs\/#\/schema\/logo\/image\/","url":"https:\/\/naturalpoland.com\/wp-content\/uploads\/2021\/05\/natural-poland-icon.png","contentUrl":"https:\/\/naturalpoland.com\/wp-content\/uploads\/2021\/05\/natural-poland-icon.png","width":512,"height":512,"caption":"Natural Poland"},"image":{"@id":"https:\/\/naturalpoland.com\/cs\/#\/schema\/logo\/image\/"},"sameAs":["https:\/\/www.facebook.com\/naturalpoland.b2b","https:\/\/pl.linkedin.com\/company\/natural-poland","https:\/\/www.youtube.com\/channel\/UCgeGGkvOMahZo-xu_MSEWxg"]}]}},"_links":{"self":[{"href":"https:\/\/naturalpoland.com\/cs\/wp-json\/wp\/v2\/product\/10945","targetHints":{"allow":["GET"]}}],"collection":[{"href":"https:\/\/naturalpoland.com\/cs\/wp-json\/wp\/v2\/product"}],"about":[{"href":"https:\/\/naturalpoland.com\/cs\/wp-json\/wp\/v2\/types\/product"}],"wp:featuredmedia":[{"embeddable":true,"href":"https:\/\/naturalpoland.com\/cs\/wp-json\/wp\/v2\/media\/10951"}],"wp:attachment":[{"href":"https:\/\/naturalpoland.com\/cs\/wp-json\/wp\/v2\/media?parent=10945"}],"wp:term":[{"taxonomy":"product_brand","embeddable":true,"href":"https:\/\/naturalpoland.com\/cs\/wp-json\/wp\/v2\/product_brand?post=10945"},{"taxonomy":"product_cat","embeddable":true,"href":"https:\/\/naturalpoland.com\/cs\/wp-json\/wp\/v2\/product_cat?post=10945"},{"taxonomy":"product_tag","embeddable":true,"href":"https:\/\/naturalpoland.com\/cs\/wp-json\/wp\/v2\/product_tag?post=10945"}],"curies":[{"name":"wp","href":"https:\/\/api.w.org\/{rel}","templated":true}]}}