{"id":10961,"date":"2021-05-11T13:48:32","date_gmt":"2021-09-20T10:38:39","guid":{"rendered":"https:\/\/naturalpoland.pl\/produkty\/nezarazene\/n-acetylglukosamin\/"},"modified":"2025-01-28T15:38:41","modified_gmt":"2025-01-28T14:38:41","slug":"n-acetylglukosamin","status":"publish","type":"product","link":"https:\/\/naturalpoland.com\/cs\/produkty\/produkty-pro-farmaceuticky-a-zdravotnicky-prumysl\/pridavky-k-doplnkum-stravy\/n-acetylglukosamin\/","title":{"rendered":"N-acetylglukosamin"},"content":{"rendered":"<h2>Zdravotn\u00ed vlastnosti N-acetylglukosaminu<\/h2>\n<p>NAG neboli N-acetylglukosamin m\u00e1 <strong>schopnost inhibovat glykosylaci tyrosin\u00e1zy<\/strong>. D\u00edky tomu sni\u017euje zm\u011bny pigmentace poko\u017eky, rozjas\u0148uje je a \u010din\u00ed poko\u017eku pru\u017en\u011bj\u0161\u00ed. NAG <strong>tak\u00e9 stimuluje obnovu bun\u011bk<\/strong>, co\u017e urychluje hojen\u00ed mal\u00fdch ran a m\u016f\u017ee pomoci sn\u00ed\u017eit v\u00fdskyt jizev. Vyplat\u00ed se ho pou\u017e\u00edvat tak\u00e9 p\u0159i l\u00e9\u010db\u011b akn\u00e9, proto\u017ee m\u00e1 protiz\u00e1n\u011btliv\u00e9 vlastnosti a z\u00e1rove\u0148 m\u016f\u017ee redukovat stopy po l\u00e9z\u00edch.<\/p>\n<p>NAG hraje d\u016fle\u017eitou roli p\u0159i <strong>regeneraci kloub\u016f<\/strong>. Je p\u0159\u00edtomna v synovi\u00e1ln\u00ed tekutin\u011b, kde sni\u017euje t\u0159en\u00ed mezi kloubn\u00edmi chrupavkami. V tr\u00e1vic\u00edm traktu je sou\u010d\u00e1st\u00ed jeho ochrann\u00e9 vrstvy &#8211; glykokalyxu. Jeho p\u0159\u00edtomnost v t\u011ble zlep\u0161uje udr\u017eov\u00e1n\u00ed zdrav\u00ed st\u0159ev. <\/p>\n","protected":false},"excerpt":{"rendered":"<p><strong>N-acetylglukosamin<\/strong> (N-acetyl-D-glukosamin, NAG) je slou\u010denina pat\u0159\u00edc\u00ed do skupiny aminocukr\u016f, syntetizovan\u00e1 z gluk\u00f3zy a aminokyseliny L-glutaminu. Jedn\u00e1 se o amid glukosaminu a kyseliny octov\u00e9.  Je to velmi d\u016fle\u017eit\u00fd stimul\u00e1tor produkce kyseliny hyaluronov\u00e9 v k\u016f\u017ei. D\u00edky tomu \u00fa\u010dinn\u011b ovliv\u0148uje jej\u00ed mladistv\u00fd vzhled a v n\u011bkter\u00fdch p\u0159\u00edpadech m\u016f\u017ee dokonce omezit ji\u017e existuj\u00edc\u00ed zn\u00e1mky st\u00e1rnut\u00ed.<\/p>\n","protected":false},"featured_media":38899,"template":"","meta":{"_acf_changed":false},"product_brand":[],"product_cat":[629],"product_tag":[],"class_list":{"0":"post-10961","1":"product","2":"type-product","3":"status-publish","4":"has-post-thumbnail","6":"product_cat-pridavky-k-doplnkum-stravy","8":"first","9":"instock","10":"shipping-taxable","11":"product-type-simple"},"acf":[],"yoast_head":"<!-- This site is optimized with the Yoast SEO plugin v27.4 - https:\/\/yoast.com\/product\/yoast-seo-wordpress\/ -->\n<title>N-acetylglukosamin - Velkoobchodn\u00ed distributor surovin NATURAL POLAND - Velkoobchodn\u00ed distributor surovin<\/title>\n<meta name=\"description\" content=\"N-acetylglukosamin m\u00e1 schopnost podporovat regeneraci a obnovu bun\u011bk. Stimuluje tvorbu kyseliny hyaluronov\u00e9 v poko\u017ece, \u010d\u00edm\u017e zlep\u0161uje jej\u00ed elasticitu\" \/>\n<meta name=\"robots\" content=\"index, follow, max-snippet:-1, max-image-preview:large, max-video-preview:-1\" \/>\n<link rel=\"canonical\" href=\"https:\/\/naturalpoland.com\/cs\/produkty\/produkty-pro-farmaceuticky-a-zdravotnicky-prumysl\/pridavky-k-doplnkum-stravy\/n-acetylglukosamin\/\" \/>\n<meta property=\"og:locale\" content=\"cs_CZ\" \/>\n<meta property=\"og:type\" content=\"article\" \/>\n<meta property=\"og:title\" content=\"N-acetylglukosamin - Velkoobchodn\u00ed distributor surovin NATURAL POLAND - Velkoobchodn\u00ed distributor surovin\" \/>\n<meta property=\"og:description\" content=\"N-acetylglukosamin m\u00e1 schopnost podporovat regeneraci a obnovu bun\u011bk. Stimuluje tvorbu kyseliny hyaluronov\u00e9 v poko\u017ece, \u010d\u00edm\u017e zlep\u0161uje jej\u00ed elasticitu\" \/>\n<meta property=\"og:url\" content=\"https:\/\/naturalpoland.com\/cs\/produkty\/produkty-pro-farmaceuticky-a-zdravotnicky-prumysl\/pridavky-k-doplnkum-stravy\/n-acetylglukosamin\/\" \/>\n<meta property=\"og:site_name\" content=\"NATURAL POLAND - Velkoobchodn\u00ed distributor surovin\" \/>\n<meta property=\"article:publisher\" content=\"https:\/\/www.facebook.com\/naturalpoland.b2b\" \/>\n<meta property=\"article:modified_time\" content=\"2025-01-28T14:38:41+00:00\" \/>\n<meta property=\"og:image\" content=\"https:\/\/naturalpoland.com\/wp-content\/uploads\/n-acetyloglukozamina.webp\" \/>\n\t<meta property=\"og:image:width\" content=\"590\" \/>\n\t<meta property=\"og:image:height\" content=\"590\" \/>\n\t<meta property=\"og:image:type\" content=\"image\/webp\" \/>\n<script type=\"application\/ld+json\" class=\"yoast-schema-graph\">{\"@context\":\"https:\\\/\\\/schema.org\",\"@graph\":[{\"@type\":\"WebPage\",\"@id\":\"https:\\\/\\\/naturalpoland.com\\\/cs\\\/produkty\\\/produkty-pro-farmaceuticky-a-zdravotnicky-prumysl\\\/pridavky-k-doplnkum-stravy\\\/n-acetylglukosamin\\\/\",\"url\":\"https:\\\/\\\/naturalpoland.com\\\/cs\\\/produkty\\\/produkty-pro-farmaceuticky-a-zdravotnicky-prumysl\\\/pridavky-k-doplnkum-stravy\\\/n-acetylglukosamin\\\/\",\"name\":\"N-acetylglukosamin - Velkoobchodn\u00ed distributor surovin NATURAL POLAND - Velkoobchodn\u00ed distributor surovin\",\"isPartOf\":{\"@id\":\"https:\\\/\\\/naturalpoland.com\\\/cs\\\/#website\"},\"primaryImageOfPage\":{\"@id\":\"https:\\\/\\\/naturalpoland.com\\\/cs\\\/produkty\\\/produkty-pro-farmaceuticky-a-zdravotnicky-prumysl\\\/pridavky-k-doplnkum-stravy\\\/n-acetylglukosamin\\\/#primaryimage\"},\"image\":{\"@id\":\"https:\\\/\\\/naturalpoland.com\\\/cs\\\/produkty\\\/produkty-pro-farmaceuticky-a-zdravotnicky-prumysl\\\/pridavky-k-doplnkum-stravy\\\/n-acetylglukosamin\\\/#primaryimage\"},\"thumbnailUrl\":\"https:\\\/\\\/naturalpoland.com\\\/wp-content\\\/uploads\\\/n-acetyloglukozamina.webp\",\"datePublished\":\"2021-09-20T10:38:39+00:00\",\"dateModified\":\"2025-01-28T14:38:41+00:00\",\"description\":\"N-acetylglukosamin m\u00e1 schopnost podporovat regeneraci a obnovu bun\u011bk. Stimuluje tvorbu kyseliny hyaluronov\u00e9 v poko\u017ece, \u010d\u00edm\u017e zlep\u0161uje jej\u00ed elasticitu\",\"breadcrumb\":{\"@id\":\"https:\\\/\\\/naturalpoland.com\\\/cs\\\/produkty\\\/produkty-pro-farmaceuticky-a-zdravotnicky-prumysl\\\/pridavky-k-doplnkum-stravy\\\/n-acetylglukosamin\\\/#breadcrumb\"},\"inLanguage\":\"cs\",\"potentialAction\":[{\"@type\":\"ReadAction\",\"target\":[\"https:\\\/\\\/naturalpoland.com\\\/cs\\\/produkty\\\/produkty-pro-farmaceuticky-a-zdravotnicky-prumysl\\\/pridavky-k-doplnkum-stravy\\\/n-acetylglukosamin\\\/\"]}]},{\"@type\":\"ImageObject\",\"inLanguage\":\"cs\",\"@id\":\"https:\\\/\\\/naturalpoland.com\\\/cs\\\/produkty\\\/produkty-pro-farmaceuticky-a-zdravotnicky-prumysl\\\/pridavky-k-doplnkum-stravy\\\/n-acetylglukosamin\\\/#primaryimage\",\"url\":\"https:\\\/\\\/naturalpoland.com\\\/wp-content\\\/uploads\\\/n-acetyloglukozamina.webp\",\"contentUrl\":\"https:\\\/\\\/naturalpoland.com\\\/wp-content\\\/uploads\\\/n-acetyloglukozamina.webp\",\"width\":590,\"height\":590,\"caption\":\"N-Acetyl-D-Glucosamine\"},{\"@type\":\"BreadcrumbList\",\"@id\":\"https:\\\/\\\/naturalpoland.com\\\/cs\\\/produkty\\\/produkty-pro-farmaceuticky-a-zdravotnicky-prumysl\\\/pridavky-k-doplnkum-stravy\\\/n-acetylglukosamin\\\/#breadcrumb\",\"itemListElement\":[{\"@type\":\"ListItem\",\"position\":1,\"name\":\"Dom\u016f\",\"item\":\"https:\\\/\\\/naturalpoland.com\\\/cs\\\/\"},{\"@type\":\"ListItem\",\"position\":2,\"name\":\"Produkty\",\"item\":\"https:\\\/\\\/naturalpoland.com\\\/cs\\\/produkty\\\/\"},{\"@type\":\"ListItem\",\"position\":3,\"name\":\"N-acetylglukosamin\"}]},{\"@type\":\"WebSite\",\"@id\":\"https:\\\/\\\/naturalpoland.com\\\/cs\\\/#website\",\"url\":\"https:\\\/\\\/naturalpoland.com\\\/cs\\\/\",\"name\":\"NATURAL POLAND - Velkoobchodn\u00ed distributor surovin\",\"description\":\"Surowce dla przemys\u0142u spo\u017cywczego, kosmetycznego i farmaceutycznego\",\"publisher\":{\"@id\":\"https:\\\/\\\/naturalpoland.com\\\/cs\\\/#organization\"},\"potentialAction\":[{\"@type\":\"SearchAction\",\"target\":{\"@type\":\"EntryPoint\",\"urlTemplate\":\"https:\\\/\\\/naturalpoland.com\\\/cs\\\/?s={search_term_string}\"},\"query-input\":{\"@type\":\"PropertyValueSpecification\",\"valueRequired\":true,\"valueName\":\"search_term_string\"}}],\"inLanguage\":\"cs\"},{\"@type\":\"Organization\",\"@id\":\"https:\\\/\\\/naturalpoland.com\\\/cs\\\/#organization\",\"name\":\"Natural Poland\",\"url\":\"https:\\\/\\\/naturalpoland.com\\\/cs\\\/\",\"logo\":{\"@type\":\"ImageObject\",\"inLanguage\":\"cs\",\"@id\":\"https:\\\/\\\/naturalpoland.com\\\/cs\\\/#\\\/schema\\\/logo\\\/image\\\/\",\"url\":\"https:\\\/\\\/naturalpoland.com\\\/wp-content\\\/uploads\\\/2021\\\/05\\\/natural-poland-icon.png\",\"contentUrl\":\"https:\\\/\\\/naturalpoland.com\\\/wp-content\\\/uploads\\\/2021\\\/05\\\/natural-poland-icon.png\",\"width\":512,\"height\":512,\"caption\":\"Natural Poland\"},\"image\":{\"@id\":\"https:\\\/\\\/naturalpoland.com\\\/cs\\\/#\\\/schema\\\/logo\\\/image\\\/\"},\"sameAs\":[\"https:\\\/\\\/www.facebook.com\\\/naturalpoland.b2b\",\"https:\\\/\\\/pl.linkedin.com\\\/company\\\/natural-poland\",\"https:\\\/\\\/www.youtube.com\\\/channel\\\/UCgeGGkvOMahZo-xu_MSEWxg\"]}]}<\/script>\n<!-- \/ Yoast SEO plugin. -->","yoast_head_json":{"title":"N-acetylglukosamin - Velkoobchodn\u00ed distributor surovin NATURAL POLAND - Velkoobchodn\u00ed distributor surovin","description":"N-acetylglukosamin m\u00e1 schopnost podporovat regeneraci a obnovu bun\u011bk. Stimuluje tvorbu kyseliny hyaluronov\u00e9 v poko\u017ece, \u010d\u00edm\u017e zlep\u0161uje jej\u00ed elasticitu","robots":{"index":"index","follow":"follow","max-snippet":"max-snippet:-1","max-image-preview":"max-image-preview:large","max-video-preview":"max-video-preview:-1"},"canonical":"https:\/\/naturalpoland.com\/cs\/produkty\/produkty-pro-farmaceuticky-a-zdravotnicky-prumysl\/pridavky-k-doplnkum-stravy\/n-acetylglukosamin\/","og_locale":"cs_CZ","og_type":"article","og_title":"N-acetylglukosamin - Velkoobchodn\u00ed distributor surovin NATURAL POLAND - Velkoobchodn\u00ed distributor surovin","og_description":"N-acetylglukosamin m\u00e1 schopnost podporovat regeneraci a obnovu bun\u011bk. Stimuluje tvorbu kyseliny hyaluronov\u00e9 v poko\u017ece, \u010d\u00edm\u017e zlep\u0161uje jej\u00ed elasticitu","og_url":"https:\/\/naturalpoland.com\/cs\/produkty\/produkty-pro-farmaceuticky-a-zdravotnicky-prumysl\/pridavky-k-doplnkum-stravy\/n-acetylglukosamin\/","og_site_name":"NATURAL POLAND - Velkoobchodn\u00ed distributor surovin","article_publisher":"https:\/\/www.facebook.com\/naturalpoland.b2b","article_modified_time":"2025-01-28T14:38:41+00:00","og_image":[{"width":590,"height":590,"url":"https:\/\/naturalpoland.com\/wp-content\/uploads\/n-acetyloglukozamina.webp","type":"image\/webp"}],"schema":{"@context":"https:\/\/schema.org","@graph":[{"@type":"WebPage","@id":"https:\/\/naturalpoland.com\/cs\/produkty\/produkty-pro-farmaceuticky-a-zdravotnicky-prumysl\/pridavky-k-doplnkum-stravy\/n-acetylglukosamin\/","url":"https:\/\/naturalpoland.com\/cs\/produkty\/produkty-pro-farmaceuticky-a-zdravotnicky-prumysl\/pridavky-k-doplnkum-stravy\/n-acetylglukosamin\/","name":"N-acetylglukosamin - Velkoobchodn\u00ed distributor surovin NATURAL POLAND - Velkoobchodn\u00ed distributor surovin","isPartOf":{"@id":"https:\/\/naturalpoland.com\/cs\/#website"},"primaryImageOfPage":{"@id":"https:\/\/naturalpoland.com\/cs\/produkty\/produkty-pro-farmaceuticky-a-zdravotnicky-prumysl\/pridavky-k-doplnkum-stravy\/n-acetylglukosamin\/#primaryimage"},"image":{"@id":"https:\/\/naturalpoland.com\/cs\/produkty\/produkty-pro-farmaceuticky-a-zdravotnicky-prumysl\/pridavky-k-doplnkum-stravy\/n-acetylglukosamin\/#primaryimage"},"thumbnailUrl":"https:\/\/naturalpoland.com\/wp-content\/uploads\/n-acetyloglukozamina.webp","datePublished":"2021-09-20T10:38:39+00:00","dateModified":"2025-01-28T14:38:41+00:00","description":"N-acetylglukosamin m\u00e1 schopnost podporovat regeneraci a obnovu bun\u011bk. Stimuluje tvorbu kyseliny hyaluronov\u00e9 v poko\u017ece, \u010d\u00edm\u017e zlep\u0161uje jej\u00ed elasticitu","breadcrumb":{"@id":"https:\/\/naturalpoland.com\/cs\/produkty\/produkty-pro-farmaceuticky-a-zdravotnicky-prumysl\/pridavky-k-doplnkum-stravy\/n-acetylglukosamin\/#breadcrumb"},"inLanguage":"cs","potentialAction":[{"@type":"ReadAction","target":["https:\/\/naturalpoland.com\/cs\/produkty\/produkty-pro-farmaceuticky-a-zdravotnicky-prumysl\/pridavky-k-doplnkum-stravy\/n-acetylglukosamin\/"]}]},{"@type":"ImageObject","inLanguage":"cs","@id":"https:\/\/naturalpoland.com\/cs\/produkty\/produkty-pro-farmaceuticky-a-zdravotnicky-prumysl\/pridavky-k-doplnkum-stravy\/n-acetylglukosamin\/#primaryimage","url":"https:\/\/naturalpoland.com\/wp-content\/uploads\/n-acetyloglukozamina.webp","contentUrl":"https:\/\/naturalpoland.com\/wp-content\/uploads\/n-acetyloglukozamina.webp","width":590,"height":590,"caption":"N-Acetyl-D-Glucosamine"},{"@type":"BreadcrumbList","@id":"https:\/\/naturalpoland.com\/cs\/produkty\/produkty-pro-farmaceuticky-a-zdravotnicky-prumysl\/pridavky-k-doplnkum-stravy\/n-acetylglukosamin\/#breadcrumb","itemListElement":[{"@type":"ListItem","position":1,"name":"Dom\u016f","item":"https:\/\/naturalpoland.com\/cs\/"},{"@type":"ListItem","position":2,"name":"Produkty","item":"https:\/\/naturalpoland.com\/cs\/produkty\/"},{"@type":"ListItem","position":3,"name":"N-acetylglukosamin"}]},{"@type":"WebSite","@id":"https:\/\/naturalpoland.com\/cs\/#website","url":"https:\/\/naturalpoland.com\/cs\/","name":"NATURAL POLAND - Velkoobchodn\u00ed distributor surovin","description":"Surowce dla przemys\u0142u spo\u017cywczego, kosmetycznego i farmaceutycznego","publisher":{"@id":"https:\/\/naturalpoland.com\/cs\/#organization"},"potentialAction":[{"@type":"SearchAction","target":{"@type":"EntryPoint","urlTemplate":"https:\/\/naturalpoland.com\/cs\/?s={search_term_string}"},"query-input":{"@type":"PropertyValueSpecification","valueRequired":true,"valueName":"search_term_string"}}],"inLanguage":"cs"},{"@type":"Organization","@id":"https:\/\/naturalpoland.com\/cs\/#organization","name":"Natural Poland","url":"https:\/\/naturalpoland.com\/cs\/","logo":{"@type":"ImageObject","inLanguage":"cs","@id":"https:\/\/naturalpoland.com\/cs\/#\/schema\/logo\/image\/","url":"https:\/\/naturalpoland.com\/wp-content\/uploads\/2021\/05\/natural-poland-icon.png","contentUrl":"https:\/\/naturalpoland.com\/wp-content\/uploads\/2021\/05\/natural-poland-icon.png","width":512,"height":512,"caption":"Natural Poland"},"image":{"@id":"https:\/\/naturalpoland.com\/cs\/#\/schema\/logo\/image\/"},"sameAs":["https:\/\/www.facebook.com\/naturalpoland.b2b","https:\/\/pl.linkedin.com\/company\/natural-poland","https:\/\/www.youtube.com\/channel\/UCgeGGkvOMahZo-xu_MSEWxg"]}]}},"_links":{"self":[{"href":"https:\/\/naturalpoland.com\/cs\/wp-json\/wp\/v2\/product\/10961","targetHints":{"allow":["GET"]}}],"collection":[{"href":"https:\/\/naturalpoland.com\/cs\/wp-json\/wp\/v2\/product"}],"about":[{"href":"https:\/\/naturalpoland.com\/cs\/wp-json\/wp\/v2\/types\/product"}],"wp:featuredmedia":[{"embeddable":true,"href":"https:\/\/naturalpoland.com\/cs\/wp-json\/wp\/v2\/media\/38899"}],"wp:attachment":[{"href":"https:\/\/naturalpoland.com\/cs\/wp-json\/wp\/v2\/media?parent=10961"}],"wp:term":[{"taxonomy":"product_brand","embeddable":true,"href":"https:\/\/naturalpoland.com\/cs\/wp-json\/wp\/v2\/product_brand?post=10961"},{"taxonomy":"product_cat","embeddable":true,"href":"https:\/\/naturalpoland.com\/cs\/wp-json\/wp\/v2\/product_cat?post=10961"},{"taxonomy":"product_tag","embeddable":true,"href":"https:\/\/naturalpoland.com\/cs\/wp-json\/wp\/v2\/product_tag?post=10961"}],"curies":[{"name":"wp","href":"https:\/\/api.w.org\/{rel}","templated":true}]}}