{"id":11162,"date":"2021-05-11T13:43:21","date_gmt":"2021-09-20T10:41:43","guid":{"rendered":"https:\/\/naturalpoland.pl\/produkty\/nezarazene\/ruzova-hlina\/"},"modified":"2021-09-20T12:41:43","modified_gmt":"2021-09-20T10:41:43","slug":"jilove-ruzova","status":"publish","type":"product","link":"https:\/\/naturalpoland.com\/cs\/produkty\/produkty-pro-kosmeticky-prumysl\/jily\/jilove-ruzova\/","title":{"rendered":"R\u016f\u017eov\u00e1 hl\u00edna"},"content":{"rendered":"<p>R\u016f\u017eov\u00fd j\u00edl je kombinac\u00ed b\u00edl\u00e9ho a \u010derven\u00e9ho j\u00edlu, tak\u017ee m\u00e1 vlastnosti obou. Doporu\u010duje se p\u0159i p\u00e9\u010di o akn\u00f3zn\u00ed, problematickou, s l\u00e9zemi, alergickou a extr\u00e9mn\u011b citlivou poko\u017ekou. M\u00e1 zklid\u0148uj\u00edc\u00ed, uklid\u0148uj\u00edc\u00ed, antidobarevn\u00fd, dezinfek\u010dn\u00ed a regenera\u010dn\u00ed \u00fa\u010dinek. D\u00edky tomu je r\u016f\u017eov\u00fd j\u00edl kosmetikou, kter\u00e1 m\u016f\u017ee zm\u011bnit stav poko\u017eky.<\/p>\n<p>R\u016f\u017eov\u00fd j\u00edl se obvykle pou\u017e\u00edv\u00e1 jako z\u00e1klad pro v\u00fdrobu obli\u010dejov\u00e9 masky. Nejjednodu\u0161\u0161\u00ed recept je jednodu\u0161e pr\u00e1\u0161kov\u00e1 hl\u00edna a trochu vody, aby m\u011bla pastovitou konzistenci.<\/p>\n<p>M\u016f\u017ee b\u00fdt tak\u00e9 pou\u017eit jako p\u0159\u00edsada do koupele. T\u00edmto zp\u016fsobem m\u016f\u017ee v kr\u00e1tk\u00e9 dob\u011b ovlivnit stav poko\u017eky cel\u00e9ho t\u011bla.<\/p>\n","protected":false},"excerpt":{"rendered":"<p>R\u016f\u017eov\u00fd j\u00edl (Kaolin, Bentonit) p\u0159ich\u00e1z\u00ed ve form\u011b homogenn\u00edho pr\u00e1\u0161ku, kter\u00fd m\u00e1 barvu od sv\u011btle \u010derven\u00e9 po r\u016f\u017eovou, od sv\u011btle hn\u011bd\u00e9 po sv\u011btle \u010dervenou. Pou\u017e\u00edv\u00e1 se ve farmaceutick\u00e9m, kosmetick\u00e9m a potravin\u00e1\u0159sk\u00e9m pr\u016fmyslu. R\u016f\u017eov\u00fd j\u00edl m\u00e1 pH 4,0 &#8211; 8,5.<\/p>\n","protected":false},"featured_media":11165,"template":"","meta":{"_acf_changed":false},"product_brand":[],"product_cat":[633],"product_tag":[],"class_list":{"0":"post-11162","1":"product","2":"type-product","3":"status-publish","4":"has-post-thumbnail","6":"product_cat-jily","8":"first","9":"instock","10":"shipping-taxable","11":"product-type-simple"},"acf":[],"yoast_head":"<!-- This site is optimized with the Yoast SEO plugin v27.4 - https:\/\/yoast.com\/product\/yoast-seo-wordpress\/ -->\n<title>R\u016f\u017eov\u00e1 hl\u00edna - Velkoobchodn\u00ed distributor<\/title>\n<meta name=\"robots\" content=\"index, follow, max-snippet:-1, max-image-preview:large, max-video-preview:-1\" \/>\n<link rel=\"canonical\" href=\"https:\/\/naturalpoland.com\/cs\/produkty\/produkty-pro-kosmeticky-prumysl\/jily\/jilove-ruzova\/\" \/>\n<meta property=\"og:locale\" content=\"cs_CZ\" \/>\n<meta property=\"og:type\" content=\"article\" \/>\n<meta property=\"og:title\" content=\"R\u016f\u017eov\u00e1 hl\u00edna - Velkoobchodn\u00ed distributor\" \/>\n<meta property=\"og:description\" content=\"R\u016f\u017eov\u00fd j\u00edl (Kaolin, Bentonit) p\u0159ich\u00e1z\u00ed ve form\u011b homogenn\u00edho pr\u00e1\u0161ku, kter\u00fd m\u00e1 barvu od sv\u011btle \u010derven\u00e9 po r\u016f\u017eovou, od sv\u011btle hn\u011bd\u00e9 po sv\u011btle \u010dervenou. Pou\u017e\u00edv\u00e1 se ve farmaceutick\u00e9m, kosmetick\u00e9m a potravin\u00e1\u0159sk\u00e9m pr\u016fmyslu. R\u016f\u017eov\u00fd j\u00edl m\u00e1 pH 4,0 - 8,5.\" \/>\n<meta property=\"og:url\" content=\"https:\/\/naturalpoland.com\/cs\/produkty\/produkty-pro-kosmeticky-prumysl\/jily\/jilove-ruzova\/\" \/>\n<meta property=\"og:site_name\" content=\"NATURAL POLAND - Velkoobchodn\u00ed distributor surovin\" \/>\n<meta property=\"article:publisher\" content=\"https:\/\/www.facebook.com\/naturalpoland.b2b\" \/>\n<meta property=\"og:image\" content=\"https:\/\/naturalpoland.com\/wp-content\/uploads\/2021\/05\/pink-clay.jpg\" \/>\n\t<meta property=\"og:image:width\" content=\"393\" \/>\n\t<meta property=\"og:image:height\" content=\"306\" \/>\n\t<meta property=\"og:image:type\" content=\"image\/jpeg\" \/>\n<script type=\"application\/ld+json\" class=\"yoast-schema-graph\">{\"@context\":\"https:\\\/\\\/schema.org\",\"@graph\":[{\"@type\":\"WebPage\",\"@id\":\"https:\\\/\\\/naturalpoland.com\\\/cs\\\/produkty\\\/produkty-pro-kosmeticky-prumysl\\\/jily\\\/jilove-ruzova\\\/\",\"url\":\"https:\\\/\\\/naturalpoland.com\\\/cs\\\/produkty\\\/produkty-pro-kosmeticky-prumysl\\\/jily\\\/jilove-ruzova\\\/\",\"name\":\"R\u016f\u017eov\u00e1 hl\u00edna - Velkoobchodn\u00ed distributor\",\"isPartOf\":{\"@id\":\"https:\\\/\\\/naturalpoland.com\\\/cs\\\/#website\"},\"primaryImageOfPage\":{\"@id\":\"https:\\\/\\\/naturalpoland.com\\\/cs\\\/produkty\\\/produkty-pro-kosmeticky-prumysl\\\/jily\\\/jilove-ruzova\\\/#primaryimage\"},\"image\":{\"@id\":\"https:\\\/\\\/naturalpoland.com\\\/cs\\\/produkty\\\/produkty-pro-kosmeticky-prumysl\\\/jily\\\/jilove-ruzova\\\/#primaryimage\"},\"thumbnailUrl\":\"https:\\\/\\\/naturalpoland.com\\\/wp-content\\\/uploads\\\/2021\\\/05\\\/pink-clay.jpg\",\"datePublished\":\"2021-09-20T10:41:43+00:00\",\"breadcrumb\":{\"@id\":\"https:\\\/\\\/naturalpoland.com\\\/cs\\\/produkty\\\/produkty-pro-kosmeticky-prumysl\\\/jily\\\/jilove-ruzova\\\/#breadcrumb\"},\"inLanguage\":\"cs\",\"potentialAction\":[{\"@type\":\"ReadAction\",\"target\":[\"https:\\\/\\\/naturalpoland.com\\\/cs\\\/produkty\\\/produkty-pro-kosmeticky-prumysl\\\/jily\\\/jilove-ruzova\\\/\"]}]},{\"@type\":\"ImageObject\",\"inLanguage\":\"cs\",\"@id\":\"https:\\\/\\\/naturalpoland.com\\\/cs\\\/produkty\\\/produkty-pro-kosmeticky-prumysl\\\/jily\\\/jilove-ruzova\\\/#primaryimage\",\"url\":\"https:\\\/\\\/naturalpoland.com\\\/wp-content\\\/uploads\\\/2021\\\/05\\\/pink-clay.jpg\",\"contentUrl\":\"https:\\\/\\\/naturalpoland.com\\\/wp-content\\\/uploads\\\/2021\\\/05\\\/pink-clay.jpg\",\"width\":393,\"height\":306},{\"@type\":\"BreadcrumbList\",\"@id\":\"https:\\\/\\\/naturalpoland.com\\\/cs\\\/produkty\\\/produkty-pro-kosmeticky-prumysl\\\/jily\\\/jilove-ruzova\\\/#breadcrumb\",\"itemListElement\":[{\"@type\":\"ListItem\",\"position\":1,\"name\":\"Dom\u016f\",\"item\":\"https:\\\/\\\/naturalpoland.com\\\/cs\\\/\"},{\"@type\":\"ListItem\",\"position\":2,\"name\":\"Produkty\",\"item\":\"https:\\\/\\\/naturalpoland.com\\\/cs\\\/produkty\\\/\"},{\"@type\":\"ListItem\",\"position\":3,\"name\":\"R\u016f\u017eov\u00e1 hl\u00edna\"}]},{\"@type\":\"WebSite\",\"@id\":\"https:\\\/\\\/naturalpoland.com\\\/cs\\\/#website\",\"url\":\"https:\\\/\\\/naturalpoland.com\\\/cs\\\/\",\"name\":\"NATURAL POLAND - Velkoobchodn\u00ed distributor surovin\",\"description\":\"Surowce dla przemys\u0142u spo\u017cywczego, kosmetycznego i farmaceutycznego\",\"publisher\":{\"@id\":\"https:\\\/\\\/naturalpoland.com\\\/cs\\\/#organization\"},\"potentialAction\":[{\"@type\":\"SearchAction\",\"target\":{\"@type\":\"EntryPoint\",\"urlTemplate\":\"https:\\\/\\\/naturalpoland.com\\\/cs\\\/?s={search_term_string}\"},\"query-input\":{\"@type\":\"PropertyValueSpecification\",\"valueRequired\":true,\"valueName\":\"search_term_string\"}}],\"inLanguage\":\"cs\"},{\"@type\":\"Organization\",\"@id\":\"https:\\\/\\\/naturalpoland.com\\\/cs\\\/#organization\",\"name\":\"Natural Poland\",\"url\":\"https:\\\/\\\/naturalpoland.com\\\/cs\\\/\",\"logo\":{\"@type\":\"ImageObject\",\"inLanguage\":\"cs\",\"@id\":\"https:\\\/\\\/naturalpoland.com\\\/cs\\\/#\\\/schema\\\/logo\\\/image\\\/\",\"url\":\"https:\\\/\\\/naturalpoland.com\\\/wp-content\\\/uploads\\\/2021\\\/05\\\/natural-poland-icon.png\",\"contentUrl\":\"https:\\\/\\\/naturalpoland.com\\\/wp-content\\\/uploads\\\/2021\\\/05\\\/natural-poland-icon.png\",\"width\":512,\"height\":512,\"caption\":\"Natural Poland\"},\"image\":{\"@id\":\"https:\\\/\\\/naturalpoland.com\\\/cs\\\/#\\\/schema\\\/logo\\\/image\\\/\"},\"sameAs\":[\"https:\\\/\\\/www.facebook.com\\\/naturalpoland.b2b\",\"https:\\\/\\\/pl.linkedin.com\\\/company\\\/natural-poland\",\"https:\\\/\\\/www.youtube.com\\\/channel\\\/UCgeGGkvOMahZo-xu_MSEWxg\"]}]}<\/script>\n<!-- \/ Yoast SEO plugin. -->","yoast_head_json":{"title":"R\u016f\u017eov\u00e1 hl\u00edna - Velkoobchodn\u00ed distributor","robots":{"index":"index","follow":"follow","max-snippet":"max-snippet:-1","max-image-preview":"max-image-preview:large","max-video-preview":"max-video-preview:-1"},"canonical":"https:\/\/naturalpoland.com\/cs\/produkty\/produkty-pro-kosmeticky-prumysl\/jily\/jilove-ruzova\/","og_locale":"cs_CZ","og_type":"article","og_title":"R\u016f\u017eov\u00e1 hl\u00edna - Velkoobchodn\u00ed distributor","og_description":"R\u016f\u017eov\u00fd j\u00edl (Kaolin, Bentonit) p\u0159ich\u00e1z\u00ed ve form\u011b homogenn\u00edho pr\u00e1\u0161ku, kter\u00fd m\u00e1 barvu od sv\u011btle \u010derven\u00e9 po r\u016f\u017eovou, od sv\u011btle hn\u011bd\u00e9 po sv\u011btle \u010dervenou. Pou\u017e\u00edv\u00e1 se ve farmaceutick\u00e9m, kosmetick\u00e9m a potravin\u00e1\u0159sk\u00e9m pr\u016fmyslu. R\u016f\u017eov\u00fd j\u00edl m\u00e1 pH 4,0 - 8,5.","og_url":"https:\/\/naturalpoland.com\/cs\/produkty\/produkty-pro-kosmeticky-prumysl\/jily\/jilove-ruzova\/","og_site_name":"NATURAL POLAND - Velkoobchodn\u00ed distributor surovin","article_publisher":"https:\/\/www.facebook.com\/naturalpoland.b2b","og_image":[{"width":393,"height":306,"url":"https:\/\/naturalpoland.com\/wp-content\/uploads\/2021\/05\/pink-clay.jpg","type":"image\/jpeg"}],"schema":{"@context":"https:\/\/schema.org","@graph":[{"@type":"WebPage","@id":"https:\/\/naturalpoland.com\/cs\/produkty\/produkty-pro-kosmeticky-prumysl\/jily\/jilove-ruzova\/","url":"https:\/\/naturalpoland.com\/cs\/produkty\/produkty-pro-kosmeticky-prumysl\/jily\/jilove-ruzova\/","name":"R\u016f\u017eov\u00e1 hl\u00edna - Velkoobchodn\u00ed distributor","isPartOf":{"@id":"https:\/\/naturalpoland.com\/cs\/#website"},"primaryImageOfPage":{"@id":"https:\/\/naturalpoland.com\/cs\/produkty\/produkty-pro-kosmeticky-prumysl\/jily\/jilove-ruzova\/#primaryimage"},"image":{"@id":"https:\/\/naturalpoland.com\/cs\/produkty\/produkty-pro-kosmeticky-prumysl\/jily\/jilove-ruzova\/#primaryimage"},"thumbnailUrl":"https:\/\/naturalpoland.com\/wp-content\/uploads\/2021\/05\/pink-clay.jpg","datePublished":"2021-09-20T10:41:43+00:00","breadcrumb":{"@id":"https:\/\/naturalpoland.com\/cs\/produkty\/produkty-pro-kosmeticky-prumysl\/jily\/jilove-ruzova\/#breadcrumb"},"inLanguage":"cs","potentialAction":[{"@type":"ReadAction","target":["https:\/\/naturalpoland.com\/cs\/produkty\/produkty-pro-kosmeticky-prumysl\/jily\/jilove-ruzova\/"]}]},{"@type":"ImageObject","inLanguage":"cs","@id":"https:\/\/naturalpoland.com\/cs\/produkty\/produkty-pro-kosmeticky-prumysl\/jily\/jilove-ruzova\/#primaryimage","url":"https:\/\/naturalpoland.com\/wp-content\/uploads\/2021\/05\/pink-clay.jpg","contentUrl":"https:\/\/naturalpoland.com\/wp-content\/uploads\/2021\/05\/pink-clay.jpg","width":393,"height":306},{"@type":"BreadcrumbList","@id":"https:\/\/naturalpoland.com\/cs\/produkty\/produkty-pro-kosmeticky-prumysl\/jily\/jilove-ruzova\/#breadcrumb","itemListElement":[{"@type":"ListItem","position":1,"name":"Dom\u016f","item":"https:\/\/naturalpoland.com\/cs\/"},{"@type":"ListItem","position":2,"name":"Produkty","item":"https:\/\/naturalpoland.com\/cs\/produkty\/"},{"@type":"ListItem","position":3,"name":"R\u016f\u017eov\u00e1 hl\u00edna"}]},{"@type":"WebSite","@id":"https:\/\/naturalpoland.com\/cs\/#website","url":"https:\/\/naturalpoland.com\/cs\/","name":"NATURAL POLAND - Velkoobchodn\u00ed distributor surovin","description":"Surowce dla przemys\u0142u spo\u017cywczego, kosmetycznego i farmaceutycznego","publisher":{"@id":"https:\/\/naturalpoland.com\/cs\/#organization"},"potentialAction":[{"@type":"SearchAction","target":{"@type":"EntryPoint","urlTemplate":"https:\/\/naturalpoland.com\/cs\/?s={search_term_string}"},"query-input":{"@type":"PropertyValueSpecification","valueRequired":true,"valueName":"search_term_string"}}],"inLanguage":"cs"},{"@type":"Organization","@id":"https:\/\/naturalpoland.com\/cs\/#organization","name":"Natural Poland","url":"https:\/\/naturalpoland.com\/cs\/","logo":{"@type":"ImageObject","inLanguage":"cs","@id":"https:\/\/naturalpoland.com\/cs\/#\/schema\/logo\/image\/","url":"https:\/\/naturalpoland.com\/wp-content\/uploads\/2021\/05\/natural-poland-icon.png","contentUrl":"https:\/\/naturalpoland.com\/wp-content\/uploads\/2021\/05\/natural-poland-icon.png","width":512,"height":512,"caption":"Natural Poland"},"image":{"@id":"https:\/\/naturalpoland.com\/cs\/#\/schema\/logo\/image\/"},"sameAs":["https:\/\/www.facebook.com\/naturalpoland.b2b","https:\/\/pl.linkedin.com\/company\/natural-poland","https:\/\/www.youtube.com\/channel\/UCgeGGkvOMahZo-xu_MSEWxg"]}]}},"_links":{"self":[{"href":"https:\/\/naturalpoland.com\/cs\/wp-json\/wp\/v2\/product\/11162","targetHints":{"allow":["GET"]}}],"collection":[{"href":"https:\/\/naturalpoland.com\/cs\/wp-json\/wp\/v2\/product"}],"about":[{"href":"https:\/\/naturalpoland.com\/cs\/wp-json\/wp\/v2\/types\/product"}],"wp:featuredmedia":[{"embeddable":true,"href":"https:\/\/naturalpoland.com\/cs\/wp-json\/wp\/v2\/media\/11165"}],"wp:attachment":[{"href":"https:\/\/naturalpoland.com\/cs\/wp-json\/wp\/v2\/media?parent=11162"}],"wp:term":[{"taxonomy":"product_brand","embeddable":true,"href":"https:\/\/naturalpoland.com\/cs\/wp-json\/wp\/v2\/product_brand?post=11162"},{"taxonomy":"product_cat","embeddable":true,"href":"https:\/\/naturalpoland.com\/cs\/wp-json\/wp\/v2\/product_cat?post=11162"},{"taxonomy":"product_tag","embeddable":true,"href":"https:\/\/naturalpoland.com\/cs\/wp-json\/wp\/v2\/product_tag?post=11162"}],"curies":[{"name":"wp","href":"https:\/\/api.w.org\/{rel}","templated":true}]}}