{"id":11342,"date":"2021-05-11T13:45:44","date_gmt":"2021-09-20T13:26:05","guid":{"rendered":"https:\/\/naturalpoland.pl\/produkty\/nezarazene\/l-lysin\/"},"modified":"2025-06-26T10:53:31","modified_gmt":"2025-06-26T08:53:31","slug":"l-lysin","status":"publish","type":"product","link":"https:\/\/naturalpoland.com\/cs\/produkty\/produkty-pro-farmaceuticky-a-zdravotnicky-prumysl\/aminokyseliny\/l-lysin\/","title":{"rendered":"L-lysin"},"content":{"rendered":"<p><strong>L-lysin<\/strong> je kl\u00ed\u010dov\u00fdm stavebn\u00edm prvkem strukturn\u00edch a funk\u010dn\u00edch protein\u016f a pod\u00edl\u00ed se tak\u00e9 na synt\u00e9ze protil\u00e1tek, hormon\u016f a enzym\u016f. Je nezbytn\u00fd pro spr\u00e1vn\u00e9 fungov\u00e1n\u00ed imunitn\u00edho, endokrinn\u00edho a enzymov\u00e9ho syst\u00e9mu. <\/p>\n<p>L-lysin <strong>podporuje metabolismus tuk\u016f<\/strong> a <strong>reguluje<\/strong> <strong>metabolismus<\/strong> <strong>dus\u00edku<\/strong>, kter\u00fd je d\u016fle\u017eit\u00fd pro regeneraci a udr\u017een\u00ed svalov\u00e9 hmoty. Je jednou z nejd\u016fle\u017eit\u011bj\u0161\u00edch slo\u017eek dopl\u0148k\u016f stravy pro sportovce a fyzicky aktivn\u00ed osoby. Vykazuje schopnost stimulovat produkci karnitinu, kter\u00fd podporuje kardiovaskul\u00e1rn\u00ed syst\u00e9m a usnad\u0148uje transport mastn\u00fdch kyselin do mitochondri\u00ed, \u010d\u00edm\u017e zvy\u0161uje v\u00fdkonnost organismu. <span style=\"font-size: 14.4px;\">Krom\u011b toho L-lysin <\/span><strong style=\"font-size: 14.4px;\">zlep\u0161uje vst\u0159eb\u00e1v\u00e1n\u00ed v\u00e1pn\u00edku<\/strong><span style=\"font-size: 14.4px;\"> a zabra\u0148uje<\/span><strong style=\"font-size: 14.4px;\">jeho<\/strong> nadm\u011brn\u00fdm ztr\u00e1t\u00e1m, \u010d\u00edm\u017e chr\u00e1n\u00ed p\u0159ed demineralizac\u00ed kost\u00ed a podporuje jejich zdrav\u00ed.  <\/p>\n<p>Nedostatek lysinu se m\u016f\u017ee projevit sn\u00ed\u017eenou koncentrac\u00ed, chronickou \u00fanavou, oslaben\u00edm imunity a z dlouhodob\u00e9ho hlediska demineralizac\u00ed kost\u00ed a \u00fabytkem svalov\u00e9 hmoty.<\/p>\n<p>Produkt m\u00e1 vysokou \u010distotu (99,3 % podle specifikace USP39) a bezpe\u010dn\u00fd kvalitativn\u00ed profil (obsah t\u011b\u017ek\u00fdch kov\u016f a organick\u00fdch ne\u010distot je hluboko pod p\u0159ijateln\u00fdmi limity). Je to vynikaj\u00edc\u00ed surovina pro pou\u017eit\u00ed v dopl\u0148c\u00edch stravy, sportovn\u00ed v\u00fd\u017eiv\u011b a p\u0159\u00edpravc\u00edch na podporu regenerace a spr\u00e1vn\u00e9ho fungov\u00e1n\u00ed organismu. <\/p>\n","protected":false},"excerpt":{"rendered":"<p><strong>L-lysin<\/strong> ve form\u011b <strong>monohydrochloridu L-lysinu<\/strong> je vysoce \u010di\u0161t\u011bn\u00e1 esenci\u00e1ln\u00ed aminokyselina, kterou si lidsk\u00e9 t\u011blo nedok\u00e1\u017ee samo syntetizovat, a proto mus\u00ed b\u00fdt dod\u00e1v\u00e1na stravou nebo dopl\u0148kem.<\/p>\n<p>&nbsp;<\/p>\n","protected":false},"featured_media":41634,"template":"","meta":{"_acf_changed":false},"product_brand":[],"product_cat":[628],"product_tag":[],"class_list":{"0":"post-11342","1":"product","2":"type-product","3":"status-publish","4":"has-post-thumbnail","6":"product_cat-aminokyseliny","8":"first","9":"instock","10":"shipping-taxable","11":"product-type-simple"},"acf":[],"yoast_head":"<!-- This site is optimized with the Yoast SEO plugin v27.4 - https:\/\/yoast.com\/product\/yoast-seo-wordpress\/ -->\n<title>L-lysin - Velkoobchodn\u00ed distributor<\/title>\n<meta name=\"description\" content=\"L-lysin ve form\u011b monohydrochloridu L-lysinu je esenci\u00e1ln\u00ed aminokyselina, kterou si lidsk\u00e9 t\u011blo nedok\u00e1\u017ee samo syntetizovat.\" \/>\n<meta name=\"robots\" content=\"index, follow, max-snippet:-1, max-image-preview:large, max-video-preview:-1\" \/>\n<link rel=\"canonical\" href=\"https:\/\/naturalpoland.com\/cs\/produkty\/produkty-pro-farmaceuticky-a-zdravotnicky-prumysl\/aminokyseliny\/l-lysin\/\" \/>\n<meta property=\"og:locale\" content=\"cs_CZ\" \/>\n<meta property=\"og:type\" content=\"article\" \/>\n<meta property=\"og:title\" content=\"L-lysin - Velkoobchodn\u00ed distributor\" \/>\n<meta property=\"og:description\" content=\"L-lysin ve form\u011b monohydrochloridu L-lysinu je esenci\u00e1ln\u00ed aminokyselina, kterou si lidsk\u00e9 t\u011blo nedok\u00e1\u017ee samo syntetizovat.\" \/>\n<meta property=\"og:url\" content=\"https:\/\/naturalpoland.com\/cs\/produkty\/produkty-pro-farmaceuticky-a-zdravotnicky-prumysl\/aminokyseliny\/l-lysin\/\" \/>\n<meta property=\"og:site_name\" content=\"NATURAL POLAND - Velkoobchodn\u00ed distributor surovin\" \/>\n<meta property=\"article:publisher\" content=\"https:\/\/www.facebook.com\/naturalpoland.b2b\" \/>\n<meta property=\"article:modified_time\" content=\"2025-06-26T08:53:31+00:00\" \/>\n<meta property=\"og:image\" content=\"https:\/\/naturalpoland.com\/wp-content\/uploads\/l-lizyna.webp\" \/>\n\t<meta property=\"og:image:width\" content=\"1024\" \/>\n\t<meta property=\"og:image:height\" content=\"1024\" \/>\n\t<meta property=\"og:image:type\" content=\"image\/webp\" \/>\n<script type=\"application\/ld+json\" class=\"yoast-schema-graph\">{\"@context\":\"https:\\\/\\\/schema.org\",\"@graph\":[{\"@type\":\"WebPage\",\"@id\":\"https:\\\/\\\/naturalpoland.com\\\/cs\\\/produkty\\\/produkty-pro-farmaceuticky-a-zdravotnicky-prumysl\\\/aminokyseliny\\\/l-lysin\\\/\",\"url\":\"https:\\\/\\\/naturalpoland.com\\\/cs\\\/produkty\\\/produkty-pro-farmaceuticky-a-zdravotnicky-prumysl\\\/aminokyseliny\\\/l-lysin\\\/\",\"name\":\"L-lysin - Velkoobchodn\u00ed distributor\",\"isPartOf\":{\"@id\":\"https:\\\/\\\/naturalpoland.com\\\/cs\\\/#website\"},\"primaryImageOfPage\":{\"@id\":\"https:\\\/\\\/naturalpoland.com\\\/cs\\\/produkty\\\/produkty-pro-farmaceuticky-a-zdravotnicky-prumysl\\\/aminokyseliny\\\/l-lysin\\\/#primaryimage\"},\"image\":{\"@id\":\"https:\\\/\\\/naturalpoland.com\\\/cs\\\/produkty\\\/produkty-pro-farmaceuticky-a-zdravotnicky-prumysl\\\/aminokyseliny\\\/l-lysin\\\/#primaryimage\"},\"thumbnailUrl\":\"https:\\\/\\\/naturalpoland.com\\\/wp-content\\\/uploads\\\/l-lizyna.webp\",\"datePublished\":\"2021-09-20T13:26:05+00:00\",\"dateModified\":\"2025-06-26T08:53:31+00:00\",\"description\":\"L-lysin ve form\u011b monohydrochloridu L-lysinu je esenci\u00e1ln\u00ed aminokyselina, kterou si lidsk\u00e9 t\u011blo nedok\u00e1\u017ee samo syntetizovat.\",\"breadcrumb\":{\"@id\":\"https:\\\/\\\/naturalpoland.com\\\/cs\\\/produkty\\\/produkty-pro-farmaceuticky-a-zdravotnicky-prumysl\\\/aminokyseliny\\\/l-lysin\\\/#breadcrumb\"},\"inLanguage\":\"cs\",\"potentialAction\":[{\"@type\":\"ReadAction\",\"target\":[\"https:\\\/\\\/naturalpoland.com\\\/cs\\\/produkty\\\/produkty-pro-farmaceuticky-a-zdravotnicky-prumysl\\\/aminokyseliny\\\/l-lysin\\\/\"]}]},{\"@type\":\"ImageObject\",\"inLanguage\":\"cs\",\"@id\":\"https:\\\/\\\/naturalpoland.com\\\/cs\\\/produkty\\\/produkty-pro-farmaceuticky-a-zdravotnicky-prumysl\\\/aminokyseliny\\\/l-lysin\\\/#primaryimage\",\"url\":\"https:\\\/\\\/naturalpoland.com\\\/wp-content\\\/uploads\\\/l-lizyna.webp\",\"contentUrl\":\"https:\\\/\\\/naturalpoland.com\\\/wp-content\\\/uploads\\\/l-lizyna.webp\",\"width\":1024,\"height\":1024,\"caption\":\"L-lizyna w postaci L-Lysine Monohydrochloride\"},{\"@type\":\"BreadcrumbList\",\"@id\":\"https:\\\/\\\/naturalpoland.com\\\/cs\\\/produkty\\\/produkty-pro-farmaceuticky-a-zdravotnicky-prumysl\\\/aminokyseliny\\\/l-lysin\\\/#breadcrumb\",\"itemListElement\":[{\"@type\":\"ListItem\",\"position\":1,\"name\":\"Dom\u016f\",\"item\":\"https:\\\/\\\/naturalpoland.com\\\/cs\\\/\"},{\"@type\":\"ListItem\",\"position\":2,\"name\":\"Produkty\",\"item\":\"https:\\\/\\\/naturalpoland.com\\\/cs\\\/produkty\\\/\"},{\"@type\":\"ListItem\",\"position\":3,\"name\":\"L-lysin\"}]},{\"@type\":\"WebSite\",\"@id\":\"https:\\\/\\\/naturalpoland.com\\\/cs\\\/#website\",\"url\":\"https:\\\/\\\/naturalpoland.com\\\/cs\\\/\",\"name\":\"NATURAL POLAND - Velkoobchodn\u00ed distributor surovin\",\"description\":\"Surowce dla przemys\u0142u spo\u017cywczego, kosmetycznego i farmaceutycznego\",\"publisher\":{\"@id\":\"https:\\\/\\\/naturalpoland.com\\\/cs\\\/#organization\"},\"potentialAction\":[{\"@type\":\"SearchAction\",\"target\":{\"@type\":\"EntryPoint\",\"urlTemplate\":\"https:\\\/\\\/naturalpoland.com\\\/cs\\\/?s={search_term_string}\"},\"query-input\":{\"@type\":\"PropertyValueSpecification\",\"valueRequired\":true,\"valueName\":\"search_term_string\"}}],\"inLanguage\":\"cs\"},{\"@type\":\"Organization\",\"@id\":\"https:\\\/\\\/naturalpoland.com\\\/cs\\\/#organization\",\"name\":\"Natural Poland\",\"url\":\"https:\\\/\\\/naturalpoland.com\\\/cs\\\/\",\"logo\":{\"@type\":\"ImageObject\",\"inLanguage\":\"cs\",\"@id\":\"https:\\\/\\\/naturalpoland.com\\\/cs\\\/#\\\/schema\\\/logo\\\/image\\\/\",\"url\":\"https:\\\/\\\/naturalpoland.com\\\/wp-content\\\/uploads\\\/2021\\\/05\\\/natural-poland-icon.png\",\"contentUrl\":\"https:\\\/\\\/naturalpoland.com\\\/wp-content\\\/uploads\\\/2021\\\/05\\\/natural-poland-icon.png\",\"width\":512,\"height\":512,\"caption\":\"Natural Poland\"},\"image\":{\"@id\":\"https:\\\/\\\/naturalpoland.com\\\/cs\\\/#\\\/schema\\\/logo\\\/image\\\/\"},\"sameAs\":[\"https:\\\/\\\/www.facebook.com\\\/naturalpoland.b2b\",\"https:\\\/\\\/pl.linkedin.com\\\/company\\\/natural-poland\",\"https:\\\/\\\/www.youtube.com\\\/channel\\\/UCgeGGkvOMahZo-xu_MSEWxg\"]}]}<\/script>\n<!-- \/ Yoast SEO plugin. -->","yoast_head_json":{"title":"L-lysin - Velkoobchodn\u00ed distributor","description":"L-lysin ve form\u011b monohydrochloridu L-lysinu je esenci\u00e1ln\u00ed aminokyselina, kterou si lidsk\u00e9 t\u011blo nedok\u00e1\u017ee samo syntetizovat.","robots":{"index":"index","follow":"follow","max-snippet":"max-snippet:-1","max-image-preview":"max-image-preview:large","max-video-preview":"max-video-preview:-1"},"canonical":"https:\/\/naturalpoland.com\/cs\/produkty\/produkty-pro-farmaceuticky-a-zdravotnicky-prumysl\/aminokyseliny\/l-lysin\/","og_locale":"cs_CZ","og_type":"article","og_title":"L-lysin - Velkoobchodn\u00ed distributor","og_description":"L-lysin ve form\u011b monohydrochloridu L-lysinu je esenci\u00e1ln\u00ed aminokyselina, kterou si lidsk\u00e9 t\u011blo nedok\u00e1\u017ee samo syntetizovat.","og_url":"https:\/\/naturalpoland.com\/cs\/produkty\/produkty-pro-farmaceuticky-a-zdravotnicky-prumysl\/aminokyseliny\/l-lysin\/","og_site_name":"NATURAL POLAND - Velkoobchodn\u00ed distributor surovin","article_publisher":"https:\/\/www.facebook.com\/naturalpoland.b2b","article_modified_time":"2025-06-26T08:53:31+00:00","og_image":[{"width":1024,"height":1024,"url":"https:\/\/naturalpoland.com\/wp-content\/uploads\/l-lizyna.webp","type":"image\/webp"}],"schema":{"@context":"https:\/\/schema.org","@graph":[{"@type":"WebPage","@id":"https:\/\/naturalpoland.com\/cs\/produkty\/produkty-pro-farmaceuticky-a-zdravotnicky-prumysl\/aminokyseliny\/l-lysin\/","url":"https:\/\/naturalpoland.com\/cs\/produkty\/produkty-pro-farmaceuticky-a-zdravotnicky-prumysl\/aminokyseliny\/l-lysin\/","name":"L-lysin - Velkoobchodn\u00ed distributor","isPartOf":{"@id":"https:\/\/naturalpoland.com\/cs\/#website"},"primaryImageOfPage":{"@id":"https:\/\/naturalpoland.com\/cs\/produkty\/produkty-pro-farmaceuticky-a-zdravotnicky-prumysl\/aminokyseliny\/l-lysin\/#primaryimage"},"image":{"@id":"https:\/\/naturalpoland.com\/cs\/produkty\/produkty-pro-farmaceuticky-a-zdravotnicky-prumysl\/aminokyseliny\/l-lysin\/#primaryimage"},"thumbnailUrl":"https:\/\/naturalpoland.com\/wp-content\/uploads\/l-lizyna.webp","datePublished":"2021-09-20T13:26:05+00:00","dateModified":"2025-06-26T08:53:31+00:00","description":"L-lysin ve form\u011b monohydrochloridu L-lysinu je esenci\u00e1ln\u00ed aminokyselina, kterou si lidsk\u00e9 t\u011blo nedok\u00e1\u017ee samo syntetizovat.","breadcrumb":{"@id":"https:\/\/naturalpoland.com\/cs\/produkty\/produkty-pro-farmaceuticky-a-zdravotnicky-prumysl\/aminokyseliny\/l-lysin\/#breadcrumb"},"inLanguage":"cs","potentialAction":[{"@type":"ReadAction","target":["https:\/\/naturalpoland.com\/cs\/produkty\/produkty-pro-farmaceuticky-a-zdravotnicky-prumysl\/aminokyseliny\/l-lysin\/"]}]},{"@type":"ImageObject","inLanguage":"cs","@id":"https:\/\/naturalpoland.com\/cs\/produkty\/produkty-pro-farmaceuticky-a-zdravotnicky-prumysl\/aminokyseliny\/l-lysin\/#primaryimage","url":"https:\/\/naturalpoland.com\/wp-content\/uploads\/l-lizyna.webp","contentUrl":"https:\/\/naturalpoland.com\/wp-content\/uploads\/l-lizyna.webp","width":1024,"height":1024,"caption":"L-lizyna w postaci L-Lysine Monohydrochloride"},{"@type":"BreadcrumbList","@id":"https:\/\/naturalpoland.com\/cs\/produkty\/produkty-pro-farmaceuticky-a-zdravotnicky-prumysl\/aminokyseliny\/l-lysin\/#breadcrumb","itemListElement":[{"@type":"ListItem","position":1,"name":"Dom\u016f","item":"https:\/\/naturalpoland.com\/cs\/"},{"@type":"ListItem","position":2,"name":"Produkty","item":"https:\/\/naturalpoland.com\/cs\/produkty\/"},{"@type":"ListItem","position":3,"name":"L-lysin"}]},{"@type":"WebSite","@id":"https:\/\/naturalpoland.com\/cs\/#website","url":"https:\/\/naturalpoland.com\/cs\/","name":"NATURAL POLAND - Velkoobchodn\u00ed distributor surovin","description":"Surowce dla przemys\u0142u spo\u017cywczego, kosmetycznego i farmaceutycznego","publisher":{"@id":"https:\/\/naturalpoland.com\/cs\/#organization"},"potentialAction":[{"@type":"SearchAction","target":{"@type":"EntryPoint","urlTemplate":"https:\/\/naturalpoland.com\/cs\/?s={search_term_string}"},"query-input":{"@type":"PropertyValueSpecification","valueRequired":true,"valueName":"search_term_string"}}],"inLanguage":"cs"},{"@type":"Organization","@id":"https:\/\/naturalpoland.com\/cs\/#organization","name":"Natural Poland","url":"https:\/\/naturalpoland.com\/cs\/","logo":{"@type":"ImageObject","inLanguage":"cs","@id":"https:\/\/naturalpoland.com\/cs\/#\/schema\/logo\/image\/","url":"https:\/\/naturalpoland.com\/wp-content\/uploads\/2021\/05\/natural-poland-icon.png","contentUrl":"https:\/\/naturalpoland.com\/wp-content\/uploads\/2021\/05\/natural-poland-icon.png","width":512,"height":512,"caption":"Natural Poland"},"image":{"@id":"https:\/\/naturalpoland.com\/cs\/#\/schema\/logo\/image\/"},"sameAs":["https:\/\/www.facebook.com\/naturalpoland.b2b","https:\/\/pl.linkedin.com\/company\/natural-poland","https:\/\/www.youtube.com\/channel\/UCgeGGkvOMahZo-xu_MSEWxg"]}]}},"_links":{"self":[{"href":"https:\/\/naturalpoland.com\/cs\/wp-json\/wp\/v2\/product\/11342","targetHints":{"allow":["GET"]}}],"collection":[{"href":"https:\/\/naturalpoland.com\/cs\/wp-json\/wp\/v2\/product"}],"about":[{"href":"https:\/\/naturalpoland.com\/cs\/wp-json\/wp\/v2\/types\/product"}],"wp:featuredmedia":[{"embeddable":true,"href":"https:\/\/naturalpoland.com\/cs\/wp-json\/wp\/v2\/media\/41634"}],"wp:attachment":[{"href":"https:\/\/naturalpoland.com\/cs\/wp-json\/wp\/v2\/media?parent=11342"}],"wp:term":[{"taxonomy":"product_brand","embeddable":true,"href":"https:\/\/naturalpoland.com\/cs\/wp-json\/wp\/v2\/product_brand?post=11342"},{"taxonomy":"product_cat","embeddable":true,"href":"https:\/\/naturalpoland.com\/cs\/wp-json\/wp\/v2\/product_cat?post=11342"},{"taxonomy":"product_tag","embeddable":true,"href":"https:\/\/naturalpoland.com\/cs\/wp-json\/wp\/v2\/product_tag?post=11342"}],"curies":[{"name":"wp","href":"https:\/\/api.w.org\/{rel}","templated":true}]}}