{"id":11345,"date":"2021-05-11T13:45:22","date_gmt":"2021-09-20T13:26:09","guid":{"rendered":"https:\/\/naturalpoland.pl\/produkty\/nezarazene\/l-citrulin\/"},"modified":"2021-09-20T15:26:09","modified_gmt":"2021-09-20T13:26:09","slug":"l-citrulin","status":"publish","type":"product","link":"https:\/\/naturalpoland.com\/cs\/produkty\/produkty-pro-farmaceuticky-a-zdravotnicky-prumysl\/aminokyseliny\/l-citrulin\/","title":{"rendered":"L-citrulin"},"content":{"rendered":"<p>Citrulin p\u0159isp\u00edv\u00e1 k synt\u00e9ze argininu, kter\u00fd se pak pou\u017e\u00edv\u00e1 k tvorb\u011b oxidu dusnat\u00e9ho. To zvy\u0161uje pr\u016ftok krve a umo\u017e\u0148uje rychlej\u0161\u00ed dod\u00e1v\u00e1n\u00ed l\u00e1tek do sval\u016f.<\/p>\n<p>Akce:<br \/>\nL-citrulin funguje jako l\u00e9k na \u00fanavu a oslaben\u00e9 svaly. M\u016f\u017ee b\u00fdt tak\u00e9 pou\u017eit p\u0159i demenci a srde\u010dn\u00edch chorob\u00e1ch. Zv\u00fd\u0161en\u00fd pr\u016ftok krve m\u016f\u017ee m\u00edt tak\u00e9 pozitivn\u00ed \u00fa\u010dinek p\u0159i l\u00e9\u010db\u011b srpkovit\u00e9 an\u00e9mie, cukrovky a vysok\u00e9ho krevn\u00edho tlaku. L-citrulin je tak\u00e9 doporu\u010dov\u00e1n sportovc\u016fm, proto\u017ee jim umo\u017e\u0148uje cvi\u010dit st\u00e1le intenzivn\u011bji.<\/p>\n","protected":false},"excerpt":{"rendered":"<p><strong>L-citrulin<\/strong> je aminokyselina, kter\u00e1 se spolu s ornithinem a argininem \u00fa\u010dastn\u00ed Krebsova cyklu mo\u010doviny. Pom\u00e1h\u00e1 tedy p\u0159em\u011b\u0148ovat \u010dpavek na mo\u010dovinu a sni\u017euje riziko bolestivosti i po intenzivn\u00edm tr\u00e9ninku.<\/p>\n","protected":false},"featured_media":11348,"template":"","meta":{"_acf_changed":false},"product_brand":[],"product_cat":[628],"product_tag":[],"class_list":{"0":"post-11345","1":"product","2":"type-product","3":"status-publish","4":"has-post-thumbnail","6":"product_cat-aminokyseliny","8":"first","9":"instock","10":"shipping-taxable","11":"product-type-simple"},"acf":[],"yoast_head":"<!-- This site is optimized with the Yoast SEO plugin v27.4 - https:\/\/yoast.com\/product\/yoast-seo-wordpress\/ -->\n<title>L-citrulin - Velkoobchodn\u00ed distributor<\/title>\n<meta name=\"robots\" content=\"index, follow, max-snippet:-1, max-image-preview:large, max-video-preview:-1\" \/>\n<link rel=\"canonical\" href=\"https:\/\/naturalpoland.com\/cs\/produkty\/produkty-pro-farmaceuticky-a-zdravotnicky-prumysl\/aminokyseliny\/l-citrulin\/\" \/>\n<meta property=\"og:locale\" content=\"cs_CZ\" \/>\n<meta property=\"og:type\" content=\"article\" \/>\n<meta property=\"og:title\" content=\"L-citrulin - Velkoobchodn\u00ed distributor\" \/>\n<meta property=\"og:description\" content=\"L-citrulin je aminokyselina, kter\u00e1 se spolu s ornithinem a argininem \u00fa\u010dastn\u00ed Krebsova cyklu mo\u010doviny. Pom\u00e1h\u00e1 tedy p\u0159em\u011b\u0148ovat \u010dpavek na mo\u010dovinu a sni\u017euje riziko bolestivosti i po intenzivn\u00edm tr\u00e9ninku.\" \/>\n<meta property=\"og:url\" content=\"https:\/\/naturalpoland.com\/cs\/produkty\/produkty-pro-farmaceuticky-a-zdravotnicky-prumysl\/aminokyseliny\/l-citrulin\/\" \/>\n<meta property=\"og:site_name\" content=\"NATURAL POLAND - Velkoobchodn\u00ed distributor surovin\" \/>\n<meta property=\"article:publisher\" content=\"https:\/\/www.facebook.com\/naturalpoland.b2b\" \/>\n<meta property=\"og:image\" content=\"https:\/\/naturalpoland.com\/wp-content\/uploads\/2021\/05\/l-citrulline.jpg\" \/>\n\t<meta property=\"og:image:width\" content=\"2281\" \/>\n\t<meta property=\"og:image:height\" content=\"864\" \/>\n\t<meta property=\"og:image:type\" content=\"image\/jpeg\" \/>\n<script type=\"application\/ld+json\" class=\"yoast-schema-graph\">{\"@context\":\"https:\\\/\\\/schema.org\",\"@graph\":[{\"@type\":\"WebPage\",\"@id\":\"https:\\\/\\\/naturalpoland.com\\\/cs\\\/produkty\\\/produkty-pro-farmaceuticky-a-zdravotnicky-prumysl\\\/aminokyseliny\\\/l-citrulin\\\/\",\"url\":\"https:\\\/\\\/naturalpoland.com\\\/cs\\\/produkty\\\/produkty-pro-farmaceuticky-a-zdravotnicky-prumysl\\\/aminokyseliny\\\/l-citrulin\\\/\",\"name\":\"L-citrulin - Velkoobchodn\u00ed distributor\",\"isPartOf\":{\"@id\":\"https:\\\/\\\/naturalpoland.com\\\/cs\\\/#website\"},\"primaryImageOfPage\":{\"@id\":\"https:\\\/\\\/naturalpoland.com\\\/cs\\\/produkty\\\/produkty-pro-farmaceuticky-a-zdravotnicky-prumysl\\\/aminokyseliny\\\/l-citrulin\\\/#primaryimage\"},\"image\":{\"@id\":\"https:\\\/\\\/naturalpoland.com\\\/cs\\\/produkty\\\/produkty-pro-farmaceuticky-a-zdravotnicky-prumysl\\\/aminokyseliny\\\/l-citrulin\\\/#primaryimage\"},\"thumbnailUrl\":\"https:\\\/\\\/naturalpoland.com\\\/wp-content\\\/uploads\\\/2021\\\/05\\\/l-citrulline.jpg\",\"datePublished\":\"2021-09-20T13:26:09+00:00\",\"breadcrumb\":{\"@id\":\"https:\\\/\\\/naturalpoland.com\\\/cs\\\/produkty\\\/produkty-pro-farmaceuticky-a-zdravotnicky-prumysl\\\/aminokyseliny\\\/l-citrulin\\\/#breadcrumb\"},\"inLanguage\":\"cs\",\"potentialAction\":[{\"@type\":\"ReadAction\",\"target\":[\"https:\\\/\\\/naturalpoland.com\\\/cs\\\/produkty\\\/produkty-pro-farmaceuticky-a-zdravotnicky-prumysl\\\/aminokyseliny\\\/l-citrulin\\\/\"]}]},{\"@type\":\"ImageObject\",\"inLanguage\":\"cs\",\"@id\":\"https:\\\/\\\/naturalpoland.com\\\/cs\\\/produkty\\\/produkty-pro-farmaceuticky-a-zdravotnicky-prumysl\\\/aminokyseliny\\\/l-citrulin\\\/#primaryimage\",\"url\":\"https:\\\/\\\/naturalpoland.com\\\/wp-content\\\/uploads\\\/2021\\\/05\\\/l-citrulline.jpg\",\"contentUrl\":\"https:\\\/\\\/naturalpoland.com\\\/wp-content\\\/uploads\\\/2021\\\/05\\\/l-citrulline.jpg\",\"width\":2281,\"height\":864},{\"@type\":\"BreadcrumbList\",\"@id\":\"https:\\\/\\\/naturalpoland.com\\\/cs\\\/produkty\\\/produkty-pro-farmaceuticky-a-zdravotnicky-prumysl\\\/aminokyseliny\\\/l-citrulin\\\/#breadcrumb\",\"itemListElement\":[{\"@type\":\"ListItem\",\"position\":1,\"name\":\"Dom\u016f\",\"item\":\"https:\\\/\\\/naturalpoland.com\\\/cs\\\/\"},{\"@type\":\"ListItem\",\"position\":2,\"name\":\"Produkty\",\"item\":\"https:\\\/\\\/naturalpoland.com\\\/cs\\\/produkty\\\/\"},{\"@type\":\"ListItem\",\"position\":3,\"name\":\"L-citrulin\"}]},{\"@type\":\"WebSite\",\"@id\":\"https:\\\/\\\/naturalpoland.com\\\/cs\\\/#website\",\"url\":\"https:\\\/\\\/naturalpoland.com\\\/cs\\\/\",\"name\":\"NATURAL POLAND - Velkoobchodn\u00ed distributor surovin\",\"description\":\"Surowce dla przemys\u0142u spo\u017cywczego, kosmetycznego i farmaceutycznego\",\"publisher\":{\"@id\":\"https:\\\/\\\/naturalpoland.com\\\/cs\\\/#organization\"},\"potentialAction\":[{\"@type\":\"SearchAction\",\"target\":{\"@type\":\"EntryPoint\",\"urlTemplate\":\"https:\\\/\\\/naturalpoland.com\\\/cs\\\/?s={search_term_string}\"},\"query-input\":{\"@type\":\"PropertyValueSpecification\",\"valueRequired\":true,\"valueName\":\"search_term_string\"}}],\"inLanguage\":\"cs\"},{\"@type\":\"Organization\",\"@id\":\"https:\\\/\\\/naturalpoland.com\\\/cs\\\/#organization\",\"name\":\"Natural Poland\",\"url\":\"https:\\\/\\\/naturalpoland.com\\\/cs\\\/\",\"logo\":{\"@type\":\"ImageObject\",\"inLanguage\":\"cs\",\"@id\":\"https:\\\/\\\/naturalpoland.com\\\/cs\\\/#\\\/schema\\\/logo\\\/image\\\/\",\"url\":\"https:\\\/\\\/naturalpoland.com\\\/wp-content\\\/uploads\\\/2021\\\/05\\\/natural-poland-icon.png\",\"contentUrl\":\"https:\\\/\\\/naturalpoland.com\\\/wp-content\\\/uploads\\\/2021\\\/05\\\/natural-poland-icon.png\",\"width\":512,\"height\":512,\"caption\":\"Natural Poland\"},\"image\":{\"@id\":\"https:\\\/\\\/naturalpoland.com\\\/cs\\\/#\\\/schema\\\/logo\\\/image\\\/\"},\"sameAs\":[\"https:\\\/\\\/www.facebook.com\\\/naturalpoland.b2b\",\"https:\\\/\\\/pl.linkedin.com\\\/company\\\/natural-poland\",\"https:\\\/\\\/www.youtube.com\\\/channel\\\/UCgeGGkvOMahZo-xu_MSEWxg\"]}]}<\/script>\n<!-- \/ Yoast SEO plugin. -->","yoast_head_json":{"title":"L-citrulin - Velkoobchodn\u00ed distributor","robots":{"index":"index","follow":"follow","max-snippet":"max-snippet:-1","max-image-preview":"max-image-preview:large","max-video-preview":"max-video-preview:-1"},"canonical":"https:\/\/naturalpoland.com\/cs\/produkty\/produkty-pro-farmaceuticky-a-zdravotnicky-prumysl\/aminokyseliny\/l-citrulin\/","og_locale":"cs_CZ","og_type":"article","og_title":"L-citrulin - Velkoobchodn\u00ed distributor","og_description":"L-citrulin je aminokyselina, kter\u00e1 se spolu s ornithinem a argininem \u00fa\u010dastn\u00ed Krebsova cyklu mo\u010doviny. Pom\u00e1h\u00e1 tedy p\u0159em\u011b\u0148ovat \u010dpavek na mo\u010dovinu a sni\u017euje riziko bolestivosti i po intenzivn\u00edm tr\u00e9ninku.","og_url":"https:\/\/naturalpoland.com\/cs\/produkty\/produkty-pro-farmaceuticky-a-zdravotnicky-prumysl\/aminokyseliny\/l-citrulin\/","og_site_name":"NATURAL POLAND - Velkoobchodn\u00ed distributor surovin","article_publisher":"https:\/\/www.facebook.com\/naturalpoland.b2b","og_image":[{"width":2281,"height":864,"url":"https:\/\/naturalpoland.com\/wp-content\/uploads\/2021\/05\/l-citrulline.jpg","type":"image\/jpeg"}],"schema":{"@context":"https:\/\/schema.org","@graph":[{"@type":"WebPage","@id":"https:\/\/naturalpoland.com\/cs\/produkty\/produkty-pro-farmaceuticky-a-zdravotnicky-prumysl\/aminokyseliny\/l-citrulin\/","url":"https:\/\/naturalpoland.com\/cs\/produkty\/produkty-pro-farmaceuticky-a-zdravotnicky-prumysl\/aminokyseliny\/l-citrulin\/","name":"L-citrulin - Velkoobchodn\u00ed distributor","isPartOf":{"@id":"https:\/\/naturalpoland.com\/cs\/#website"},"primaryImageOfPage":{"@id":"https:\/\/naturalpoland.com\/cs\/produkty\/produkty-pro-farmaceuticky-a-zdravotnicky-prumysl\/aminokyseliny\/l-citrulin\/#primaryimage"},"image":{"@id":"https:\/\/naturalpoland.com\/cs\/produkty\/produkty-pro-farmaceuticky-a-zdravotnicky-prumysl\/aminokyseliny\/l-citrulin\/#primaryimage"},"thumbnailUrl":"https:\/\/naturalpoland.com\/wp-content\/uploads\/2021\/05\/l-citrulline.jpg","datePublished":"2021-09-20T13:26:09+00:00","breadcrumb":{"@id":"https:\/\/naturalpoland.com\/cs\/produkty\/produkty-pro-farmaceuticky-a-zdravotnicky-prumysl\/aminokyseliny\/l-citrulin\/#breadcrumb"},"inLanguage":"cs","potentialAction":[{"@type":"ReadAction","target":["https:\/\/naturalpoland.com\/cs\/produkty\/produkty-pro-farmaceuticky-a-zdravotnicky-prumysl\/aminokyseliny\/l-citrulin\/"]}]},{"@type":"ImageObject","inLanguage":"cs","@id":"https:\/\/naturalpoland.com\/cs\/produkty\/produkty-pro-farmaceuticky-a-zdravotnicky-prumysl\/aminokyseliny\/l-citrulin\/#primaryimage","url":"https:\/\/naturalpoland.com\/wp-content\/uploads\/2021\/05\/l-citrulline.jpg","contentUrl":"https:\/\/naturalpoland.com\/wp-content\/uploads\/2021\/05\/l-citrulline.jpg","width":2281,"height":864},{"@type":"BreadcrumbList","@id":"https:\/\/naturalpoland.com\/cs\/produkty\/produkty-pro-farmaceuticky-a-zdravotnicky-prumysl\/aminokyseliny\/l-citrulin\/#breadcrumb","itemListElement":[{"@type":"ListItem","position":1,"name":"Dom\u016f","item":"https:\/\/naturalpoland.com\/cs\/"},{"@type":"ListItem","position":2,"name":"Produkty","item":"https:\/\/naturalpoland.com\/cs\/produkty\/"},{"@type":"ListItem","position":3,"name":"L-citrulin"}]},{"@type":"WebSite","@id":"https:\/\/naturalpoland.com\/cs\/#website","url":"https:\/\/naturalpoland.com\/cs\/","name":"NATURAL POLAND - Velkoobchodn\u00ed distributor surovin","description":"Surowce dla przemys\u0142u spo\u017cywczego, kosmetycznego i farmaceutycznego","publisher":{"@id":"https:\/\/naturalpoland.com\/cs\/#organization"},"potentialAction":[{"@type":"SearchAction","target":{"@type":"EntryPoint","urlTemplate":"https:\/\/naturalpoland.com\/cs\/?s={search_term_string}"},"query-input":{"@type":"PropertyValueSpecification","valueRequired":true,"valueName":"search_term_string"}}],"inLanguage":"cs"},{"@type":"Organization","@id":"https:\/\/naturalpoland.com\/cs\/#organization","name":"Natural Poland","url":"https:\/\/naturalpoland.com\/cs\/","logo":{"@type":"ImageObject","inLanguage":"cs","@id":"https:\/\/naturalpoland.com\/cs\/#\/schema\/logo\/image\/","url":"https:\/\/naturalpoland.com\/wp-content\/uploads\/2021\/05\/natural-poland-icon.png","contentUrl":"https:\/\/naturalpoland.com\/wp-content\/uploads\/2021\/05\/natural-poland-icon.png","width":512,"height":512,"caption":"Natural Poland"},"image":{"@id":"https:\/\/naturalpoland.com\/cs\/#\/schema\/logo\/image\/"},"sameAs":["https:\/\/www.facebook.com\/naturalpoland.b2b","https:\/\/pl.linkedin.com\/company\/natural-poland","https:\/\/www.youtube.com\/channel\/UCgeGGkvOMahZo-xu_MSEWxg"]}]}},"_links":{"self":[{"href":"https:\/\/naturalpoland.com\/cs\/wp-json\/wp\/v2\/product\/11345","targetHints":{"allow":["GET"]}}],"collection":[{"href":"https:\/\/naturalpoland.com\/cs\/wp-json\/wp\/v2\/product"}],"about":[{"href":"https:\/\/naturalpoland.com\/cs\/wp-json\/wp\/v2\/types\/product"}],"wp:featuredmedia":[{"embeddable":true,"href":"https:\/\/naturalpoland.com\/cs\/wp-json\/wp\/v2\/media\/11348"}],"wp:attachment":[{"href":"https:\/\/naturalpoland.com\/cs\/wp-json\/wp\/v2\/media?parent=11345"}],"wp:term":[{"taxonomy":"product_brand","embeddable":true,"href":"https:\/\/naturalpoland.com\/cs\/wp-json\/wp\/v2\/product_brand?post=11345"},{"taxonomy":"product_cat","embeddable":true,"href":"https:\/\/naturalpoland.com\/cs\/wp-json\/wp\/v2\/product_cat?post=11345"},{"taxonomy":"product_tag","embeddable":true,"href":"https:\/\/naturalpoland.com\/cs\/wp-json\/wp\/v2\/product_tag?post=11345"}],"curies":[{"name":"wp","href":"https:\/\/api.w.org\/{rel}","templated":true}]}}