{"id":11413,"date":"2021-05-11T13:47:46","date_gmt":"2021-09-20T13:28:30","guid":{"rendered":"https:\/\/naturalpoland.pl\/produkty\/nezarazene\/methylcobalamin-koenzym-b12\/"},"modified":"2024-11-13T14:27:04","modified_gmt":"2024-11-13T13:27:04","slug":"methylcobalamin-koenzym-b12","status":"publish","type":"product","link":"https:\/\/naturalpoland.com\/cs\/produkty\/produkty-pro-farmaceuticky-a-zdravotnicky-prumysl\/vitaminy\/methylcobalamin-koenzym-b12\/","title":{"rendered":"Methylcobalamin (koenzym B12)"},"content":{"rendered":"<h2>Hlavn\u00ed vlastnosti a funkce metylkobalaminu:<\/h2>\n<p>Vitamin B12 ve form\u011b metylkobalaminu podporuje krvetvorn\u00e9 funkce, je zodpov\u011bdn\u00fd za <strong>tvorbu erytrocyt\u016f<\/strong> (\u010derven\u00fdch krvinek) a podporuje procesy synt\u00e9zy DNA a RNA. Zabra\u0148uje tak vzniku megaloblastick\u00e9 an\u00e9mie a pom\u00e1h\u00e1 p\u0159edch\u00e1zet p\u0159\u00edznak\u016fm, jako jsou slabost, \u00fanava, probl\u00e9my s koncentrac\u00ed a bled\u00e1 k\u016f\u017ee. Vitamin B12 m\u00e1 tak\u00e9 vliv na funkci b\u00edl\u00fdch krvinek, <strong>podporuje imunitu<\/strong> a schopnost organismu bojovat proti infekc\u00edm. B12 je tak\u00e9 nezbytn\u00fd pro <strong>synt\u00e9zu myelinu<\/strong>, ochrann\u00e9ho obalu neuron\u016f, a pom\u00e1h\u00e1 tak zlep\u0161ovat nervov\u00e9 veden\u00ed. M\u00e1 pozitivn\u00ed vliv na kognitivn\u00ed funkce, zlep\u0161uje pam\u011b\u0165 a koncentraci a sni\u017euje riziko neurodegenerativn\u00edch onemocn\u011bn\u00ed a deprese. Vitamin B12 p\u0159isp\u00edv\u00e1 ke <strong>sn\u00ed\u017een\u00ed \u00fanavy<\/strong> a zlep\u0161uje energetick\u00fd metabolismus. Methylkobalamin nav\u00edc p\u0159isp\u00edv\u00e1 ke <strong>sn\u00ed\u017een\u00ed hladiny homocysteinu<\/strong>, aminokyseliny spojen\u00e9 s rizikem kardiovaskul\u00e1rn\u00edch onemocn\u011bn\u00ed. Regulac\u00ed hladiny homocysteinu sni\u017euje riziko ateroskler\u00f3zy, infarktu a mrtvice. <strong>P\u0159irozen\u00fdm zdrojem vitaminu B12<\/strong> jsou p\u0159edev\u0161\u00edm \u017eivo\u010di\u0161n\u00e9 produkty, jako je maso, ryby, vejce a ml\u00e9\u010dn\u00e9 v\u00fdrobky, proto je dopl\u0148ov\u00e1n\u00ed vitaminu <strong>B12<\/strong> kl\u00ed\u010dov\u00e9 pro ty, kte\u0159\u00ed se stravuj\u00ed rostlinnou stravou. Dopl\u0148ky s metylkobalaminem se doporu\u010duj\u00ed tak\u00e9 star\u0161\u00edm lidem, proto\u017ee jejich schopnost vst\u0159eb\u00e1vat tento vitamin se s v\u011bkem sni\u017euje. <strong>Doporu\u010den\u00e9 d\u00e1vkov\u00e1n\u00ed a bezpe\u010dnost<\/strong> &#8211; Suplementaci methylkobalaminem je vhodn\u00e9 p\u0159izp\u016fsobit individu\u00e1ln\u00edm pot\u0159eb\u00e1m, obvykle v d\u00e1vk\u00e1ch 500 a\u017e 1000 \u00b5g denn\u011b, pod dohledem l\u00e9ka\u0159e nebo odborn\u00edka na v\u00fd\u017eivu. Vitamin B12 je bezpe\u010dn\u00fd a v t\u011ble se nehromad\u00ed, proto\u017ee p\u0159ebytek se vylu\u010duje mo\u010d\u00ed.  <\/p>\n","protected":false},"excerpt":{"rendered":"<p><strong>Metylkobalamin<\/strong> (koenzym B12) je biologicky aktivn\u00ed forma <strong>vitaminu B12 <\/strong>s vysokou biologickou dostupnost\u00ed. Je obl\u00edbenou slo\u017ekou dopl\u0148k\u016f stravy, zejm\u00e9na pro vegany a vegetari\u00e1ny, seniory a osoby s poruchami vst\u0159eb\u00e1v\u00e1n\u00ed, u nich\u017e hroz\u00ed nedostatek tohoto vitaminu. <\/p>\n<p>&nbsp;<\/p>\n","protected":false},"featured_media":37746,"template":"","meta":{"_acf_changed":false},"product_brand":[],"product_cat":[631],"product_tag":[],"class_list":{"0":"post-11413","1":"product","2":"type-product","3":"status-publish","4":"has-post-thumbnail","6":"product_cat-vitaminy","8":"first","9":"instock","10":"shipping-taxable","11":"product-type-simple"},"acf":[],"yoast_head":"<!-- This site is optimized with the Yoast SEO plugin v27.5 - https:\/\/yoast.com\/product\/yoast-seo-wordpress\/ -->\n<title>Methylcobalamin (koenzym B12) - Velkoobchodn\u00ed distributor surovin NATURAL POLAND - Velkoobchodn\u00ed distributor surovin<\/title>\n<meta name=\"description\" content=\"Metylkobalamin je d\u016fle\u017eit\u00fd p\u0159i prevenci a l\u00e9\u010db\u011b nedostatku vitaminu B12, podporuje zdrav\u00ed nervov\u00e9ho, imunitn\u00edho a ob\u011bhov\u00e9ho syst\u00e9mu.\" \/>\n<meta name=\"robots\" content=\"index, follow, max-snippet:-1, max-image-preview:large, max-video-preview:-1\" \/>\n<link rel=\"canonical\" href=\"https:\/\/naturalpoland.com\/cs\/produkty\/produkty-pro-farmaceuticky-a-zdravotnicky-prumysl\/vitaminy\/methylcobalamin-koenzym-b12\/\" \/>\n<meta property=\"og:locale\" content=\"cs_CZ\" \/>\n<meta property=\"og:type\" content=\"article\" \/>\n<meta property=\"og:title\" content=\"Methylcobalamin (koenzym B12) - Velkoobchodn\u00ed distributor surovin NATURAL POLAND - Velkoobchodn\u00ed distributor surovin\" \/>\n<meta property=\"og:description\" content=\"Metylkobalamin je d\u016fle\u017eit\u00fd p\u0159i prevenci a l\u00e9\u010db\u011b nedostatku vitaminu B12, podporuje zdrav\u00ed nervov\u00e9ho, imunitn\u00edho a ob\u011bhov\u00e9ho syst\u00e9mu.\" \/>\n<meta property=\"og:url\" content=\"https:\/\/naturalpoland.com\/cs\/produkty\/produkty-pro-farmaceuticky-a-zdravotnicky-prumysl\/vitaminy\/methylcobalamin-koenzym-b12\/\" \/>\n<meta property=\"og:site_name\" content=\"NATURAL POLAND - Velkoobchodn\u00ed distributor surovin\" \/>\n<meta property=\"article:publisher\" content=\"https:\/\/www.facebook.com\/naturalpoland.b2b\" \/>\n<meta property=\"article:modified_time\" content=\"2024-11-13T13:27:04+00:00\" \/>\n<meta property=\"og:image\" content=\"https:\/\/naturalpoland.com\/wp-content\/uploads\/metylokobalamina.webp\" \/>\n\t<meta property=\"og:image:width\" content=\"700\" \/>\n\t<meta property=\"og:image:height\" content=\"700\" \/>\n\t<meta property=\"og:image:type\" content=\"image\/webp\" \/>\n<script type=\"application\/ld+json\" class=\"yoast-schema-graph\">{\"@context\":\"https:\\\/\\\/schema.org\",\"@graph\":[{\"@type\":\"WebPage\",\"@id\":\"https:\\\/\\\/naturalpoland.com\\\/cs\\\/produkty\\\/produkty-pro-farmaceuticky-a-zdravotnicky-prumysl\\\/vitaminy\\\/methylcobalamin-koenzym-b12\\\/\",\"url\":\"https:\\\/\\\/naturalpoland.com\\\/cs\\\/produkty\\\/produkty-pro-farmaceuticky-a-zdravotnicky-prumysl\\\/vitaminy\\\/methylcobalamin-koenzym-b12\\\/\",\"name\":\"Methylcobalamin (koenzym B12) - Velkoobchodn\u00ed distributor surovin NATURAL POLAND - Velkoobchodn\u00ed distributor surovin\",\"isPartOf\":{\"@id\":\"https:\\\/\\\/naturalpoland.com\\\/cs\\\/#website\"},\"primaryImageOfPage\":{\"@id\":\"https:\\\/\\\/naturalpoland.com\\\/cs\\\/produkty\\\/produkty-pro-farmaceuticky-a-zdravotnicky-prumysl\\\/vitaminy\\\/methylcobalamin-koenzym-b12\\\/#primaryimage\"},\"image\":{\"@id\":\"https:\\\/\\\/naturalpoland.com\\\/cs\\\/produkty\\\/produkty-pro-farmaceuticky-a-zdravotnicky-prumysl\\\/vitaminy\\\/methylcobalamin-koenzym-b12\\\/#primaryimage\"},\"thumbnailUrl\":\"https:\\\/\\\/naturalpoland.com\\\/wp-content\\\/uploads\\\/metylokobalamina.webp\",\"datePublished\":\"2021-09-20T13:28:30+00:00\",\"dateModified\":\"2024-11-13T13:27:04+00:00\",\"description\":\"Metylkobalamin je d\u016fle\u017eit\u00fd p\u0159i prevenci a l\u00e9\u010db\u011b nedostatku vitaminu B12, podporuje zdrav\u00ed nervov\u00e9ho, imunitn\u00edho a ob\u011bhov\u00e9ho syst\u00e9mu.\",\"breadcrumb\":{\"@id\":\"https:\\\/\\\/naturalpoland.com\\\/cs\\\/produkty\\\/produkty-pro-farmaceuticky-a-zdravotnicky-prumysl\\\/vitaminy\\\/methylcobalamin-koenzym-b12\\\/#breadcrumb\"},\"inLanguage\":\"cs\",\"potentialAction\":[{\"@type\":\"ReadAction\",\"target\":[\"https:\\\/\\\/naturalpoland.com\\\/cs\\\/produkty\\\/produkty-pro-farmaceuticky-a-zdravotnicky-prumysl\\\/vitaminy\\\/methylcobalamin-koenzym-b12\\\/\"]}]},{\"@type\":\"ImageObject\",\"inLanguage\":\"cs\",\"@id\":\"https:\\\/\\\/naturalpoland.com\\\/cs\\\/produkty\\\/produkty-pro-farmaceuticky-a-zdravotnicky-prumysl\\\/vitaminy\\\/methylcobalamin-koenzym-b12\\\/#primaryimage\",\"url\":\"https:\\\/\\\/naturalpoland.com\\\/wp-content\\\/uploads\\\/metylokobalamina.webp\",\"contentUrl\":\"https:\\\/\\\/naturalpoland.com\\\/wp-content\\\/uploads\\\/metylokobalamina.webp\",\"width\":700,\"height\":700,\"caption\":\"Metylokobalamina, witamina B12\"},{\"@type\":\"BreadcrumbList\",\"@id\":\"https:\\\/\\\/naturalpoland.com\\\/cs\\\/produkty\\\/produkty-pro-farmaceuticky-a-zdravotnicky-prumysl\\\/vitaminy\\\/methylcobalamin-koenzym-b12\\\/#breadcrumb\",\"itemListElement\":[{\"@type\":\"ListItem\",\"position\":1,\"name\":\"Dom\u016f\",\"item\":\"https:\\\/\\\/naturalpoland.com\\\/cs\\\/\"},{\"@type\":\"ListItem\",\"position\":2,\"name\":\"Produkty\",\"item\":\"https:\\\/\\\/naturalpoland.com\\\/cs\\\/produkty\\\/\"},{\"@type\":\"ListItem\",\"position\":3,\"name\":\"Methylcobalamin (koenzym B12)\"}]},{\"@type\":\"WebSite\",\"@id\":\"https:\\\/\\\/naturalpoland.com\\\/cs\\\/#website\",\"url\":\"https:\\\/\\\/naturalpoland.com\\\/cs\\\/\",\"name\":\"NATURAL POLAND - Velkoobchodn\u00ed distributor surovin\",\"description\":\"Surowce dla przemys\u0142u spo\u017cywczego, kosmetycznego i farmaceutycznego\",\"publisher\":{\"@id\":\"https:\\\/\\\/naturalpoland.com\\\/cs\\\/#organization\"},\"potentialAction\":[{\"@type\":\"SearchAction\",\"target\":{\"@type\":\"EntryPoint\",\"urlTemplate\":\"https:\\\/\\\/naturalpoland.com\\\/cs\\\/?s={search_term_string}\"},\"query-input\":{\"@type\":\"PropertyValueSpecification\",\"valueRequired\":true,\"valueName\":\"search_term_string\"}}],\"inLanguage\":\"cs\"},{\"@type\":\"Organization\",\"@id\":\"https:\\\/\\\/naturalpoland.com\\\/cs\\\/#organization\",\"name\":\"Natural Poland\",\"url\":\"https:\\\/\\\/naturalpoland.com\\\/cs\\\/\",\"logo\":{\"@type\":\"ImageObject\",\"inLanguage\":\"cs\",\"@id\":\"https:\\\/\\\/naturalpoland.com\\\/cs\\\/#\\\/schema\\\/logo\\\/image\\\/\",\"url\":\"https:\\\/\\\/naturalpoland.com\\\/wp-content\\\/uploads\\\/2021\\\/05\\\/natural-poland-icon.png\",\"contentUrl\":\"https:\\\/\\\/naturalpoland.com\\\/wp-content\\\/uploads\\\/2021\\\/05\\\/natural-poland-icon.png\",\"width\":512,\"height\":512,\"caption\":\"Natural Poland\"},\"image\":{\"@id\":\"https:\\\/\\\/naturalpoland.com\\\/cs\\\/#\\\/schema\\\/logo\\\/image\\\/\"},\"sameAs\":[\"https:\\\/\\\/www.facebook.com\\\/naturalpoland.b2b\",\"https:\\\/\\\/pl.linkedin.com\\\/company\\\/natural-poland\",\"https:\\\/\\\/www.youtube.com\\\/channel\\\/UCgeGGkvOMahZo-xu_MSEWxg\"]}]}<\/script>\n<!-- \/ Yoast SEO plugin. -->","yoast_head_json":{"title":"Methylcobalamin (koenzym B12) - Velkoobchodn\u00ed distributor surovin NATURAL POLAND - Velkoobchodn\u00ed distributor surovin","description":"Metylkobalamin je d\u016fle\u017eit\u00fd p\u0159i prevenci a l\u00e9\u010db\u011b nedostatku vitaminu B12, podporuje zdrav\u00ed nervov\u00e9ho, imunitn\u00edho a ob\u011bhov\u00e9ho syst\u00e9mu.","robots":{"index":"index","follow":"follow","max-snippet":"max-snippet:-1","max-image-preview":"max-image-preview:large","max-video-preview":"max-video-preview:-1"},"canonical":"https:\/\/naturalpoland.com\/cs\/produkty\/produkty-pro-farmaceuticky-a-zdravotnicky-prumysl\/vitaminy\/methylcobalamin-koenzym-b12\/","og_locale":"cs_CZ","og_type":"article","og_title":"Methylcobalamin (koenzym B12) - Velkoobchodn\u00ed distributor surovin NATURAL POLAND - Velkoobchodn\u00ed distributor surovin","og_description":"Metylkobalamin je d\u016fle\u017eit\u00fd p\u0159i prevenci a l\u00e9\u010db\u011b nedostatku vitaminu B12, podporuje zdrav\u00ed nervov\u00e9ho, imunitn\u00edho a ob\u011bhov\u00e9ho syst\u00e9mu.","og_url":"https:\/\/naturalpoland.com\/cs\/produkty\/produkty-pro-farmaceuticky-a-zdravotnicky-prumysl\/vitaminy\/methylcobalamin-koenzym-b12\/","og_site_name":"NATURAL POLAND - Velkoobchodn\u00ed distributor surovin","article_publisher":"https:\/\/www.facebook.com\/naturalpoland.b2b","article_modified_time":"2024-11-13T13:27:04+00:00","og_image":[{"width":700,"height":700,"url":"https:\/\/naturalpoland.com\/wp-content\/uploads\/metylokobalamina.webp","type":"image\/webp"}],"schema":{"@context":"https:\/\/schema.org","@graph":[{"@type":"WebPage","@id":"https:\/\/naturalpoland.com\/cs\/produkty\/produkty-pro-farmaceuticky-a-zdravotnicky-prumysl\/vitaminy\/methylcobalamin-koenzym-b12\/","url":"https:\/\/naturalpoland.com\/cs\/produkty\/produkty-pro-farmaceuticky-a-zdravotnicky-prumysl\/vitaminy\/methylcobalamin-koenzym-b12\/","name":"Methylcobalamin (koenzym B12) - Velkoobchodn\u00ed distributor surovin NATURAL POLAND - Velkoobchodn\u00ed distributor surovin","isPartOf":{"@id":"https:\/\/naturalpoland.com\/cs\/#website"},"primaryImageOfPage":{"@id":"https:\/\/naturalpoland.com\/cs\/produkty\/produkty-pro-farmaceuticky-a-zdravotnicky-prumysl\/vitaminy\/methylcobalamin-koenzym-b12\/#primaryimage"},"image":{"@id":"https:\/\/naturalpoland.com\/cs\/produkty\/produkty-pro-farmaceuticky-a-zdravotnicky-prumysl\/vitaminy\/methylcobalamin-koenzym-b12\/#primaryimage"},"thumbnailUrl":"https:\/\/naturalpoland.com\/wp-content\/uploads\/metylokobalamina.webp","datePublished":"2021-09-20T13:28:30+00:00","dateModified":"2024-11-13T13:27:04+00:00","description":"Metylkobalamin je d\u016fle\u017eit\u00fd p\u0159i prevenci a l\u00e9\u010db\u011b nedostatku vitaminu B12, podporuje zdrav\u00ed nervov\u00e9ho, imunitn\u00edho a ob\u011bhov\u00e9ho syst\u00e9mu.","breadcrumb":{"@id":"https:\/\/naturalpoland.com\/cs\/produkty\/produkty-pro-farmaceuticky-a-zdravotnicky-prumysl\/vitaminy\/methylcobalamin-koenzym-b12\/#breadcrumb"},"inLanguage":"cs","potentialAction":[{"@type":"ReadAction","target":["https:\/\/naturalpoland.com\/cs\/produkty\/produkty-pro-farmaceuticky-a-zdravotnicky-prumysl\/vitaminy\/methylcobalamin-koenzym-b12\/"]}]},{"@type":"ImageObject","inLanguage":"cs","@id":"https:\/\/naturalpoland.com\/cs\/produkty\/produkty-pro-farmaceuticky-a-zdravotnicky-prumysl\/vitaminy\/methylcobalamin-koenzym-b12\/#primaryimage","url":"https:\/\/naturalpoland.com\/wp-content\/uploads\/metylokobalamina.webp","contentUrl":"https:\/\/naturalpoland.com\/wp-content\/uploads\/metylokobalamina.webp","width":700,"height":700,"caption":"Metylokobalamina, witamina B12"},{"@type":"BreadcrumbList","@id":"https:\/\/naturalpoland.com\/cs\/produkty\/produkty-pro-farmaceuticky-a-zdravotnicky-prumysl\/vitaminy\/methylcobalamin-koenzym-b12\/#breadcrumb","itemListElement":[{"@type":"ListItem","position":1,"name":"Dom\u016f","item":"https:\/\/naturalpoland.com\/cs\/"},{"@type":"ListItem","position":2,"name":"Produkty","item":"https:\/\/naturalpoland.com\/cs\/produkty\/"},{"@type":"ListItem","position":3,"name":"Methylcobalamin (koenzym B12)"}]},{"@type":"WebSite","@id":"https:\/\/naturalpoland.com\/cs\/#website","url":"https:\/\/naturalpoland.com\/cs\/","name":"NATURAL POLAND - Velkoobchodn\u00ed distributor surovin","description":"Surowce dla przemys\u0142u spo\u017cywczego, kosmetycznego i farmaceutycznego","publisher":{"@id":"https:\/\/naturalpoland.com\/cs\/#organization"},"potentialAction":[{"@type":"SearchAction","target":{"@type":"EntryPoint","urlTemplate":"https:\/\/naturalpoland.com\/cs\/?s={search_term_string}"},"query-input":{"@type":"PropertyValueSpecification","valueRequired":true,"valueName":"search_term_string"}}],"inLanguage":"cs"},{"@type":"Organization","@id":"https:\/\/naturalpoland.com\/cs\/#organization","name":"Natural Poland","url":"https:\/\/naturalpoland.com\/cs\/","logo":{"@type":"ImageObject","inLanguage":"cs","@id":"https:\/\/naturalpoland.com\/cs\/#\/schema\/logo\/image\/","url":"https:\/\/naturalpoland.com\/wp-content\/uploads\/2021\/05\/natural-poland-icon.png","contentUrl":"https:\/\/naturalpoland.com\/wp-content\/uploads\/2021\/05\/natural-poland-icon.png","width":512,"height":512,"caption":"Natural Poland"},"image":{"@id":"https:\/\/naturalpoland.com\/cs\/#\/schema\/logo\/image\/"},"sameAs":["https:\/\/www.facebook.com\/naturalpoland.b2b","https:\/\/pl.linkedin.com\/company\/natural-poland","https:\/\/www.youtube.com\/channel\/UCgeGGkvOMahZo-xu_MSEWxg"]}]}},"_links":{"self":[{"href":"https:\/\/naturalpoland.com\/cs\/wp-json\/wp\/v2\/product\/11413","targetHints":{"allow":["GET"]}}],"collection":[{"href":"https:\/\/naturalpoland.com\/cs\/wp-json\/wp\/v2\/product"}],"about":[{"href":"https:\/\/naturalpoland.com\/cs\/wp-json\/wp\/v2\/types\/product"}],"wp:featuredmedia":[{"embeddable":true,"href":"https:\/\/naturalpoland.com\/cs\/wp-json\/wp\/v2\/media\/37746"}],"wp:attachment":[{"href":"https:\/\/naturalpoland.com\/cs\/wp-json\/wp\/v2\/media?parent=11413"}],"wp:term":[{"taxonomy":"product_brand","embeddable":true,"href":"https:\/\/naturalpoland.com\/cs\/wp-json\/wp\/v2\/product_brand?post=11413"},{"taxonomy":"product_cat","embeddable":true,"href":"https:\/\/naturalpoland.com\/cs\/wp-json\/wp\/v2\/product_cat?post=11413"},{"taxonomy":"product_tag","embeddable":true,"href":"https:\/\/naturalpoland.com\/cs\/wp-json\/wp\/v2\/product_tag?post=11413"}],"curies":[{"name":"wp","href":"https:\/\/api.w.org\/{rel}","templated":true}]}}