{"id":11437,"date":"2021-05-11T13:45:00","date_gmt":"2021-09-20T13:29:31","guid":{"rendered":"https:\/\/naturalpoland.pl\/produkty\/nezarazene\/ibisek-kvet\/"},"modified":"2024-10-07T12:01:20","modified_gmt":"2024-10-07T10:01:20","slug":"kvet-ibisku","status":"publish","type":"product","link":"https:\/\/naturalpoland.com\/cs\/produkty\/produkty-pro-potravinarsky-prumysl\/suroviny-pro-vyrobu\/kvet-ibisku\/","title":{"rendered":"Ibi\u0161ek kv\u011bt"},"content":{"rendered":"<p>N\u00e1lev z ibi\u0161kov\u00fdch kv\u011bt\u016f se vyzna\u010duje charakteristickou m\u00edrn\u011b trpkou chut\u00ed, kter\u00e1 se \u010dasto obohacuje o dal\u0161\u00ed p\u0159\u00edsady, aby byla chu\u0165 vyv\u00e1\u017een\u011bj\u0161\u00ed.<br \/>\nKrom\u011b v\u00fdjime\u010dn\u00e9 chuti je ibi\u0161ek proslul\u00fd sv\u00fdmi \u010detn\u00fdmi zdravotn\u00edmi \u00fa\u010dinky d\u00edky bohatstv\u00ed \u017eivin a antioxidant\u016f.   <\/p>\n<h2><\/h2>\n<h2>\u00da\u010dinn\u00e9 l\u00e1tky a zdravotn\u00ed \u00fa\u010dinky kv\u011btu ibi\u0161ku<\/h2>\n<p>  Kv\u011bt ibi\u0161ku obsahuje \u0159adu organick\u00fdch kyselin, jako je kyselina ibi\u0161kov\u00e1, kyselina citronov\u00e1, kyselina jable\u010dn\u00e1, kyselina vinn\u00e1 a kyselina \u0161\u0165avelov\u00e1, kter\u00e9 p\u0159isp\u00edvaj\u00ed k jeho charakteristick\u00e9 chuti a podporuj\u00ed metabolismus. Krom\u011b toho tento kv\u011bt obsahuje velk\u00e9 mno\u017estv\u00ed <a href=\"https:\/\/naturalpoland.com\/artykuly\/dodatki-do-zywnosci\/czym-sa-antocyjany-i-jakie-maja-zastosowanie\/\">antokyan\u016f<\/a>, <a href=\"https:\/\/naturalpoland.com\/artykuly\/produkty-naturalne\/czym-sa-i-jak-dzialaja-flawonoidy\/\">flavonoid\u016f<\/a> a <a href=\"https:\/\/naturalpoland.com\/artykuly\/produkty-naturalne\/przeciwutleniacze-w-kosmetykach-fenole-i-polifenole\/\">polyfenol\u016f<\/a>, kter\u00e9 jsou antioxidanty. Zpomaluj\u00ed proces st\u00e1rnut\u00ed poko\u017eky a zvy\u0161uj\u00ed odolnost t\u011bla. Chr\u00e1n\u00ed p\u0159ed infekcemi a urychluj\u00ed jejich hojen\u00ed. Je t\u0159eba tak\u00e9 p\u0159ipomenout, \u017ee ibi\u0161ek je bohat\u00fdm zdrojem vitaminu C. Krom\u011b vitaminu C dod\u00e1v\u00e1 ibi\u0161ek cenn\u00e9 miner\u00e1ln\u00ed l\u00e1tky, jako je v\u00e1pn\u00edk, fosfor a \u017eelezo, kter\u00e9 d\u00e1le podporuj\u00ed fungov\u00e1n\u00ed ob\u011bhov\u00e9ho a kostern\u00edho syst\u00e9mu.<br \/>\nObsahuje tak\u00e9 pektin a fytosteroly, kter\u00e9 pom\u00e1haj\u00ed regulovat hladinu cholesterolu.   <\/p>\n<h3><\/h3>\n<h3><strong>Akce podporuj\u00edc\u00ed zdrav\u00ed:<\/strong><\/h3>\n<ul>\n<li><strong>protiz\u00e1n\u011btliv\u00fd a antibakteri\u00e1ln\u00ed<\/strong> (prevence infekc\u00ed d\u00fdchac\u00edch cest)<\/li>\n<li><strong>Sn\u00ed\u017een\u00ed krevn\u00edho tlaku<\/strong><\/li>\n<li><strong>P\u016fsob\u00ed mo\u010dopudn\u011b,<\/strong> pom\u00e1h\u00e1 \u010distit t\u011blo od toxin\u016f a zabra\u0148uje stagnaci vody.<\/li>\n<li><strong>Pos\u00edlen\u00ed imunitn\u00edho syst\u00e9mu<\/strong> (ochrana p\u0159ed infekcemi).<\/li>\n<\/ul>\n<p>&nbsp;<\/p>\n<h2>Pou\u017eit\u00ed kv\u011btu ibi\u0161ku:<\/h2>\n<p><strong>Potravin\u00e1\u0159sk\u00fd pr\u016fmysl:<\/strong><strong>Su\u0161en\u00fd kv\u011bt ibi\u0161ku<\/strong> je obl\u00edbenou p\u0159\u00edsadou do ovocn\u00fdch a bylinn\u00fdch \u010daj\u016f.<br \/>\nN\u00e1lev\u016fm dod\u00e1v\u00e1 syt\u011b \u010dervenou barvu a kyselou chu\u0165.<br \/>\nLze jej tak\u00e9 pou\u017e\u00edt jako p\u0159\u00edrodn\u00ed potravin\u00e1\u0159sk\u00e9 barvivo a jako p\u0159\u00edsadu do instantn\u00edch n\u00e1poj\u016f a r\u016fzn\u00fdch chu\u0165ov\u00fdch sm\u011bs\u00ed.<br \/>\nDob\u0159e se m\u00eds\u00ed s dal\u0161\u00edmi bylinami a ovocem a obohacuje chu\u0165 \u010daj\u016f a chladiv\u00fdch n\u00e1poj\u016f. <strong>Bylinn\u00e1 medic\u00edna:<\/strong> N\u00e1lev z ibi\u0161ku se doporu\u010duje p\u0159i za\u017e\u00edvac\u00edch pot\u00ed\u017e\u00edch a slabosti.<br \/>\nD\u00edky sv\u00fdm proj\u00edmav\u00fdm a mo\u010dopudn\u00fdm vlastnostem se ibi\u0161ek pou\u017e\u00edv\u00e1 p\u0159i l\u00e9\u010db\u011b za\u017e\u00edvac\u00edch pot\u00ed\u017e\u00ed, jako je z\u00e1cpa.<br \/>\nM\u00e1 m\u00edrn\u00fd tonizuj\u00edc\u00ed \u00fa\u010dinek, podporuje norm\u00e1ln\u00ed funkci st\u0159ev a tak\u00e9 pom\u00e1h\u00e1 obnovit rovnov\u00e1hu organismu po nemoci nebo otrav\u011b j\u00eddlem. <strong>Kontraindikace:<\/strong> Vzhledem k nedostate\u010dn\u00e9mu v\u00fdzkumu bezpe\u010dnosti u\u017e\u00edv\u00e1n\u00ed ibi\u0161ku t\u011bhotn\u00fdmi a koj\u00edc\u00edmi \u017eenami se pro tuto skupinu nedoporu\u010duje.<br \/>\nIbi\u0161ek m\u016f\u017ee tak\u00e9 vykazovat estrogenn\u00ed \u00fa\u010dinky, co\u017e by m\u011bly vz\u00edt v \u00favahu ty, kter\u00e9 pl\u00e1nuj\u00ed t\u011bhotenstv\u00ed.      <\/p>\n","protected":false},"excerpt":{"rendered":"<p><strong>Kv\u011bt<\/strong><em>ibi\u0161ku (Hibiscus sabdariffa<\/em>) je zn\u00e1m\u00fd tak\u00e9 jako s\u00fad\u00e1nsk\u00fd sl\u00e9z nebo \u0161\u0165ov\u00edk kade\u0159av\u00fd.<br \/>\nPou\u017e\u00edv\u00e1 se v bylinn\u00e9 medic\u00edn\u011b a v potravin\u00e1\u0159stv\u00ed, zejm\u00e9na v su\u0161en\u00e9 form\u011b na \u010daje a n\u00e1levy. <\/p>\n","protected":false},"featured_media":36109,"template":"","meta":{"_acf_changed":false},"product_brand":[],"product_cat":[642,641],"product_tag":[],"class_list":{"0":"post-11437","1":"product","2":"type-product","3":"status-publish","4":"has-post-thumbnail","6":"product_cat-rostlinne-produkty","7":"product_cat-suroviny-pro-vyrobu","9":"first","10":"instock","11":"shipping-taxable","12":"product-type-simple"},"acf":[],"yoast_head":"<!-- This site is optimized with the Yoast SEO plugin v27.5 - https:\/\/yoast.com\/product\/yoast-seo-wordpress\/ -->\n<title>Ibi\u0161ek kv\u011bt - NATURAL POLAND - Velkoobchodn\u00ed distributor surovin<\/title>\n<meta name=\"description\" content=\"Kv\u011bt ibi\u0161ku m\u016f\u017ee podpo\u0159it zdrav\u00ed srdce, jater a imunitn\u00edho syst\u00e9mu a p\u0159isp\u011bt k celkov\u00e9mu zdrav\u00ed organismu.\" \/>\n<meta name=\"robots\" content=\"index, follow, max-snippet:-1, max-image-preview:large, max-video-preview:-1\" \/>\n<link rel=\"canonical\" href=\"https:\/\/naturalpoland.com\/cs\/produkty\/produkty-pro-potravinarsky-prumysl\/suroviny-pro-vyrobu\/kvet-ibisku\/\" \/>\n<meta property=\"og:locale\" content=\"cs_CZ\" \/>\n<meta property=\"og:type\" content=\"article\" \/>\n<meta property=\"og:title\" content=\"Ibi\u0161ek kv\u011bt - NATURAL POLAND - Velkoobchodn\u00ed distributor surovin\" \/>\n<meta property=\"og:description\" content=\"Kv\u011bt ibi\u0161ku m\u016f\u017ee podpo\u0159it zdrav\u00ed srdce, jater a imunitn\u00edho syst\u00e9mu a p\u0159isp\u011bt k celkov\u00e9mu zdrav\u00ed organismu.\" \/>\n<meta property=\"og:url\" content=\"https:\/\/naturalpoland.com\/cs\/produkty\/produkty-pro-potravinarsky-prumysl\/suroviny-pro-vyrobu\/kvet-ibisku\/\" \/>\n<meta property=\"og:site_name\" content=\"NATURAL POLAND - Velkoobchodn\u00ed distributor surovin\" \/>\n<meta property=\"article:publisher\" content=\"https:\/\/www.facebook.com\/naturalpoland.b2b\" \/>\n<meta property=\"article:modified_time\" content=\"2024-10-07T10:01:20+00:00\" \/>\n<meta property=\"og:image\" content=\"https:\/\/naturalpoland.com\/wp-content\/uploads\/suszone-kwiaty-hibiskusa.webp\" \/>\n\t<meta property=\"og:image:width\" content=\"619\" \/>\n\t<meta property=\"og:image:height\" content=\"619\" \/>\n\t<meta property=\"og:image:type\" content=\"image\/webp\" \/>\n<script type=\"application\/ld+json\" class=\"yoast-schema-graph\">{\"@context\":\"https:\\\/\\\/schema.org\",\"@graph\":[{\"@type\":\"WebPage\",\"@id\":\"https:\\\/\\\/naturalpoland.com\\\/cs\\\/produkty\\\/produkty-pro-potravinarsky-prumysl\\\/suroviny-pro-vyrobu\\\/kvet-ibisku\\\/\",\"url\":\"https:\\\/\\\/naturalpoland.com\\\/cs\\\/produkty\\\/produkty-pro-potravinarsky-prumysl\\\/suroviny-pro-vyrobu\\\/kvet-ibisku\\\/\",\"name\":\"Ibi\u0161ek kv\u011bt - NATURAL POLAND - Velkoobchodn\u00ed distributor surovin\",\"isPartOf\":{\"@id\":\"https:\\\/\\\/naturalpoland.com\\\/cs\\\/#website\"},\"primaryImageOfPage\":{\"@id\":\"https:\\\/\\\/naturalpoland.com\\\/cs\\\/produkty\\\/produkty-pro-potravinarsky-prumysl\\\/suroviny-pro-vyrobu\\\/kvet-ibisku\\\/#primaryimage\"},\"image\":{\"@id\":\"https:\\\/\\\/naturalpoland.com\\\/cs\\\/produkty\\\/produkty-pro-potravinarsky-prumysl\\\/suroviny-pro-vyrobu\\\/kvet-ibisku\\\/#primaryimage\"},\"thumbnailUrl\":\"https:\\\/\\\/naturalpoland.com\\\/wp-content\\\/uploads\\\/suszone-kwiaty-hibiskusa.webp\",\"datePublished\":\"2021-09-20T13:29:31+00:00\",\"dateModified\":\"2024-10-07T10:01:20+00:00\",\"description\":\"Kv\u011bt ibi\u0161ku m\u016f\u017ee podpo\u0159it zdrav\u00ed srdce, jater a imunitn\u00edho syst\u00e9mu a p\u0159isp\u011bt k celkov\u00e9mu zdrav\u00ed organismu.\",\"breadcrumb\":{\"@id\":\"https:\\\/\\\/naturalpoland.com\\\/cs\\\/produkty\\\/produkty-pro-potravinarsky-prumysl\\\/suroviny-pro-vyrobu\\\/kvet-ibisku\\\/#breadcrumb\"},\"inLanguage\":\"cs\",\"potentialAction\":[{\"@type\":\"ReadAction\",\"target\":[\"https:\\\/\\\/naturalpoland.com\\\/cs\\\/produkty\\\/produkty-pro-potravinarsky-prumysl\\\/suroviny-pro-vyrobu\\\/kvet-ibisku\\\/\"]}]},{\"@type\":\"ImageObject\",\"inLanguage\":\"cs\",\"@id\":\"https:\\\/\\\/naturalpoland.com\\\/cs\\\/produkty\\\/produkty-pro-potravinarsky-prumysl\\\/suroviny-pro-vyrobu\\\/kvet-ibisku\\\/#primaryimage\",\"url\":\"https:\\\/\\\/naturalpoland.com\\\/wp-content\\\/uploads\\\/suszone-kwiaty-hibiskusa.webp\",\"contentUrl\":\"https:\\\/\\\/naturalpoland.com\\\/wp-content\\\/uploads\\\/suszone-kwiaty-hibiskusa.webp\",\"width\":619,\"height\":619,\"caption\":\"suszone kwiaty hibiskusa\"},{\"@type\":\"BreadcrumbList\",\"@id\":\"https:\\\/\\\/naturalpoland.com\\\/cs\\\/produkty\\\/produkty-pro-potravinarsky-prumysl\\\/suroviny-pro-vyrobu\\\/kvet-ibisku\\\/#breadcrumb\",\"itemListElement\":[{\"@type\":\"ListItem\",\"position\":1,\"name\":\"Dom\u016f\",\"item\":\"https:\\\/\\\/naturalpoland.com\\\/cs\\\/\"},{\"@type\":\"ListItem\",\"position\":2,\"name\":\"Produkty\",\"item\":\"https:\\\/\\\/naturalpoland.com\\\/cs\\\/produkty\\\/\"},{\"@type\":\"ListItem\",\"position\":3,\"name\":\"Ibi\u0161ek kv\u011bt\"}]},{\"@type\":\"WebSite\",\"@id\":\"https:\\\/\\\/naturalpoland.com\\\/cs\\\/#website\",\"url\":\"https:\\\/\\\/naturalpoland.com\\\/cs\\\/\",\"name\":\"NATURAL POLAND - Velkoobchodn\u00ed distributor surovin\",\"description\":\"Surowce dla przemys\u0142u spo\u017cywczego, kosmetycznego i farmaceutycznego\",\"publisher\":{\"@id\":\"https:\\\/\\\/naturalpoland.com\\\/cs\\\/#organization\"},\"potentialAction\":[{\"@type\":\"SearchAction\",\"target\":{\"@type\":\"EntryPoint\",\"urlTemplate\":\"https:\\\/\\\/naturalpoland.com\\\/cs\\\/?s={search_term_string}\"},\"query-input\":{\"@type\":\"PropertyValueSpecification\",\"valueRequired\":true,\"valueName\":\"search_term_string\"}}],\"inLanguage\":\"cs\"},{\"@type\":\"Organization\",\"@id\":\"https:\\\/\\\/naturalpoland.com\\\/cs\\\/#organization\",\"name\":\"Natural Poland\",\"url\":\"https:\\\/\\\/naturalpoland.com\\\/cs\\\/\",\"logo\":{\"@type\":\"ImageObject\",\"inLanguage\":\"cs\",\"@id\":\"https:\\\/\\\/naturalpoland.com\\\/cs\\\/#\\\/schema\\\/logo\\\/image\\\/\",\"url\":\"https:\\\/\\\/naturalpoland.com\\\/wp-content\\\/uploads\\\/2021\\\/05\\\/natural-poland-icon.png\",\"contentUrl\":\"https:\\\/\\\/naturalpoland.com\\\/wp-content\\\/uploads\\\/2021\\\/05\\\/natural-poland-icon.png\",\"width\":512,\"height\":512,\"caption\":\"Natural Poland\"},\"image\":{\"@id\":\"https:\\\/\\\/naturalpoland.com\\\/cs\\\/#\\\/schema\\\/logo\\\/image\\\/\"},\"sameAs\":[\"https:\\\/\\\/www.facebook.com\\\/naturalpoland.b2b\",\"https:\\\/\\\/pl.linkedin.com\\\/company\\\/natural-poland\",\"https:\\\/\\\/www.youtube.com\\\/channel\\\/UCgeGGkvOMahZo-xu_MSEWxg\"]}]}<\/script>\n<!-- \/ Yoast SEO plugin. -->","yoast_head_json":{"title":"Ibi\u0161ek kv\u011bt - NATURAL POLAND - Velkoobchodn\u00ed distributor surovin","description":"Kv\u011bt ibi\u0161ku m\u016f\u017ee podpo\u0159it zdrav\u00ed srdce, jater a imunitn\u00edho syst\u00e9mu a p\u0159isp\u011bt k celkov\u00e9mu zdrav\u00ed organismu.","robots":{"index":"index","follow":"follow","max-snippet":"max-snippet:-1","max-image-preview":"max-image-preview:large","max-video-preview":"max-video-preview:-1"},"canonical":"https:\/\/naturalpoland.com\/cs\/produkty\/produkty-pro-potravinarsky-prumysl\/suroviny-pro-vyrobu\/kvet-ibisku\/","og_locale":"cs_CZ","og_type":"article","og_title":"Ibi\u0161ek kv\u011bt - NATURAL POLAND - Velkoobchodn\u00ed distributor surovin","og_description":"Kv\u011bt ibi\u0161ku m\u016f\u017ee podpo\u0159it zdrav\u00ed srdce, jater a imunitn\u00edho syst\u00e9mu a p\u0159isp\u011bt k celkov\u00e9mu zdrav\u00ed organismu.","og_url":"https:\/\/naturalpoland.com\/cs\/produkty\/produkty-pro-potravinarsky-prumysl\/suroviny-pro-vyrobu\/kvet-ibisku\/","og_site_name":"NATURAL POLAND - Velkoobchodn\u00ed distributor surovin","article_publisher":"https:\/\/www.facebook.com\/naturalpoland.b2b","article_modified_time":"2024-10-07T10:01:20+00:00","og_image":[{"width":619,"height":619,"url":"https:\/\/naturalpoland.com\/wp-content\/uploads\/suszone-kwiaty-hibiskusa.webp","type":"image\/webp"}],"schema":{"@context":"https:\/\/schema.org","@graph":[{"@type":"WebPage","@id":"https:\/\/naturalpoland.com\/cs\/produkty\/produkty-pro-potravinarsky-prumysl\/suroviny-pro-vyrobu\/kvet-ibisku\/","url":"https:\/\/naturalpoland.com\/cs\/produkty\/produkty-pro-potravinarsky-prumysl\/suroviny-pro-vyrobu\/kvet-ibisku\/","name":"Ibi\u0161ek kv\u011bt - NATURAL POLAND - Velkoobchodn\u00ed distributor surovin","isPartOf":{"@id":"https:\/\/naturalpoland.com\/cs\/#website"},"primaryImageOfPage":{"@id":"https:\/\/naturalpoland.com\/cs\/produkty\/produkty-pro-potravinarsky-prumysl\/suroviny-pro-vyrobu\/kvet-ibisku\/#primaryimage"},"image":{"@id":"https:\/\/naturalpoland.com\/cs\/produkty\/produkty-pro-potravinarsky-prumysl\/suroviny-pro-vyrobu\/kvet-ibisku\/#primaryimage"},"thumbnailUrl":"https:\/\/naturalpoland.com\/wp-content\/uploads\/suszone-kwiaty-hibiskusa.webp","datePublished":"2021-09-20T13:29:31+00:00","dateModified":"2024-10-07T10:01:20+00:00","description":"Kv\u011bt ibi\u0161ku m\u016f\u017ee podpo\u0159it zdrav\u00ed srdce, jater a imunitn\u00edho syst\u00e9mu a p\u0159isp\u011bt k celkov\u00e9mu zdrav\u00ed organismu.","breadcrumb":{"@id":"https:\/\/naturalpoland.com\/cs\/produkty\/produkty-pro-potravinarsky-prumysl\/suroviny-pro-vyrobu\/kvet-ibisku\/#breadcrumb"},"inLanguage":"cs","potentialAction":[{"@type":"ReadAction","target":["https:\/\/naturalpoland.com\/cs\/produkty\/produkty-pro-potravinarsky-prumysl\/suroviny-pro-vyrobu\/kvet-ibisku\/"]}]},{"@type":"ImageObject","inLanguage":"cs","@id":"https:\/\/naturalpoland.com\/cs\/produkty\/produkty-pro-potravinarsky-prumysl\/suroviny-pro-vyrobu\/kvet-ibisku\/#primaryimage","url":"https:\/\/naturalpoland.com\/wp-content\/uploads\/suszone-kwiaty-hibiskusa.webp","contentUrl":"https:\/\/naturalpoland.com\/wp-content\/uploads\/suszone-kwiaty-hibiskusa.webp","width":619,"height":619,"caption":"suszone kwiaty hibiskusa"},{"@type":"BreadcrumbList","@id":"https:\/\/naturalpoland.com\/cs\/produkty\/produkty-pro-potravinarsky-prumysl\/suroviny-pro-vyrobu\/kvet-ibisku\/#breadcrumb","itemListElement":[{"@type":"ListItem","position":1,"name":"Dom\u016f","item":"https:\/\/naturalpoland.com\/cs\/"},{"@type":"ListItem","position":2,"name":"Produkty","item":"https:\/\/naturalpoland.com\/cs\/produkty\/"},{"@type":"ListItem","position":3,"name":"Ibi\u0161ek kv\u011bt"}]},{"@type":"WebSite","@id":"https:\/\/naturalpoland.com\/cs\/#website","url":"https:\/\/naturalpoland.com\/cs\/","name":"NATURAL POLAND - Velkoobchodn\u00ed distributor surovin","description":"Surowce dla przemys\u0142u spo\u017cywczego, kosmetycznego i farmaceutycznego","publisher":{"@id":"https:\/\/naturalpoland.com\/cs\/#organization"},"potentialAction":[{"@type":"SearchAction","target":{"@type":"EntryPoint","urlTemplate":"https:\/\/naturalpoland.com\/cs\/?s={search_term_string}"},"query-input":{"@type":"PropertyValueSpecification","valueRequired":true,"valueName":"search_term_string"}}],"inLanguage":"cs"},{"@type":"Organization","@id":"https:\/\/naturalpoland.com\/cs\/#organization","name":"Natural Poland","url":"https:\/\/naturalpoland.com\/cs\/","logo":{"@type":"ImageObject","inLanguage":"cs","@id":"https:\/\/naturalpoland.com\/cs\/#\/schema\/logo\/image\/","url":"https:\/\/naturalpoland.com\/wp-content\/uploads\/2021\/05\/natural-poland-icon.png","contentUrl":"https:\/\/naturalpoland.com\/wp-content\/uploads\/2021\/05\/natural-poland-icon.png","width":512,"height":512,"caption":"Natural Poland"},"image":{"@id":"https:\/\/naturalpoland.com\/cs\/#\/schema\/logo\/image\/"},"sameAs":["https:\/\/www.facebook.com\/naturalpoland.b2b","https:\/\/pl.linkedin.com\/company\/natural-poland","https:\/\/www.youtube.com\/channel\/UCgeGGkvOMahZo-xu_MSEWxg"]}]}},"_links":{"self":[{"href":"https:\/\/naturalpoland.com\/cs\/wp-json\/wp\/v2\/product\/11437","targetHints":{"allow":["GET"]}}],"collection":[{"href":"https:\/\/naturalpoland.com\/cs\/wp-json\/wp\/v2\/product"}],"about":[{"href":"https:\/\/naturalpoland.com\/cs\/wp-json\/wp\/v2\/types\/product"}],"wp:featuredmedia":[{"embeddable":true,"href":"https:\/\/naturalpoland.com\/cs\/wp-json\/wp\/v2\/media\/36109"}],"wp:attachment":[{"href":"https:\/\/naturalpoland.com\/cs\/wp-json\/wp\/v2\/media?parent=11437"}],"wp:term":[{"taxonomy":"product_brand","embeddable":true,"href":"https:\/\/naturalpoland.com\/cs\/wp-json\/wp\/v2\/product_brand?post=11437"},{"taxonomy":"product_cat","embeddable":true,"href":"https:\/\/naturalpoland.com\/cs\/wp-json\/wp\/v2\/product_cat?post=11437"},{"taxonomy":"product_tag","embeddable":true,"href":"https:\/\/naturalpoland.com\/cs\/wp-json\/wp\/v2\/product_tag?post=11437"}],"curies":[{"name":"wp","href":"https:\/\/api.w.org\/{rel}","templated":true}]}}