{"id":11448,"date":"2021-05-11T13:47:00","date_gmt":"2021-05-11T11:47:00","guid":{"rendered":"https:\/\/naturalpoland.pl\/produkty\/nezarazene\/kakaove-maslo\/"},"modified":"2025-07-21T13:54:43","modified_gmt":"2025-07-21T11:54:43","slug":"kakaove-maslo","status":"publish","type":"product","link":"https:\/\/naturalpoland.com\/cs\/produkty\/produkty-pro-kosmeticky-prumysl\/kosmeticka-masla\/kakaove-maslo\/","title":{"rendered":"Kakaov\u00e9 m\u00e1slo"},"content":{"rendered":"<h2>Slo\u017een\u00ed kakaov\u00e9ho m\u00e1sla<\/h2>\n<p>M\u00e1slo obsahuje nasycen\u00e9 a nenasycen\u00e9 mastn\u00e9 kyseliny, jako jsou kyselina olejov\u00e1, stearov\u00e1 a palmitov\u00e1, d\u00edky kter\u00fdm je kakaov\u00e9 m\u00e1slo vynikaj\u00edc\u00edm emolientem s hydrata\u010dn\u00edmi a regenera\u010dn\u00edmi vlastnostmi. D\u00edky vysok\u00e9mu obsahu p\u0159\u00edrodn\u00edch antioxidant\u016f, v\u010detn\u011b polyfenol\u016f a vitaminu E, m\u00e1 siln\u00e9 antioxida\u010dn\u00ed \u00fa\u010dinky a zpomaluje proces st\u00e1rnut\u00ed pleti neutralizac\u00ed voln\u00fdch radik\u00e1l\u016f. <\/p>\n<h3>Obsah mastn\u00fdch kyselin<\/h3>\n<table>\n<tbody>\n<tr>\n<th>N\u00c1ZEV KYSELINY<\/th>\n<th>C-\u0158ET\u011aZEC<\/th>\n<th>ROZSAH (%)<\/th>\n<\/tr>\n<tr>\n<td>PALMITIC<\/td>\n<td>C16:0<\/td>\n<td>23.0 \u2013 30.0<\/td>\n<\/tr>\n<tr>\n<td>STEARIC<\/td>\n<td>C18:0<\/td>\n<td>30.0 \u2013 37.0<\/td>\n<\/tr>\n<tr>\n<td>OLEIC<\/td>\n<td>C18:1<\/td>\n<td>31.0 \u2013 39.0<\/td>\n<\/tr>\n<tr>\n<td>LINOLEIC<\/td>\n<td>C18:2<\/td>\n<td>1.5 \u2013 4.5<\/td>\n<\/tr>\n<\/tbody>\n<\/table>\n<p>&nbsp;<\/p>\n<h2>Vlastnosti a pou\u017eit\u00ed:<\/h2>\n<p><strong>v kosmetick\u00e9m pr\u016fmyslu:<\/strong><\/p>\n<p>Pravideln\u00e9 pou\u017e\u00edv\u00e1n\u00ed kakaov\u00e9ho m\u00e1sla zvy\u0161uje pru\u017enost poko\u017eky, pom\u00e1h\u00e1 v boji proti stri\u00edm a jizv\u00e1m, sjednocuje t\u00f3n pleti a chr\u00e1n\u00ed p\u0159ed ztr\u00e1tou vlhkosti. Jako kosmetick\u00fd p\u0159\u00edpravek je doporu\u010dov\u00e1n pro suchou, zralou a po\u0161kozenou ple\u0165 s probl\u00e9my jako atopick\u00fd ekz\u00e9m, lup\u00e9nka nebo praskliny poko\u017eky. <\/p>\n<p>M\u00e1slo m\u00e1 p\u0159irozen\u00fd UV filtr (SPF p\u0159ibli\u017en\u011b 4), tak\u017ee poskytuje jemnou ochranu p\u0159ed slune\u010dn\u00edm z\u00e1\u0159en\u00edm. Je tak\u00e9 vhodn\u00e9 jako produkt pro relaxa\u010dn\u00ed mas\u00e1\u017ee, pom\u00e1h\u00e1 sni\u017eovat nap\u011bt\u00ed a stres. <\/p>\n<p>M\u016f\u017ee b\u00fdt tak\u00e9 pou\u017e\u00edv\u00e1no v p\u00e9\u010di o vlasy jako maska dod\u00e1vaj\u00edc\u00ed hladkost, pru\u017enost a lesk.<\/p>\n<p><strong>V potravin\u00e1\u0159sk\u00e9m pr\u016fmyslu:<\/strong><\/p>\n<p>Kakaov\u00e9 m\u00e1slo se d\u00edky n\u00edzk\u00e9 teplot\u011b t\u00e1n\u00ed (30-35 \u00b0C) ide\u00e1ln\u011b hod\u00ed pro v\u00fdrobu \u010dokol\u00e1dy, kter\u00e9 dod\u00e1v\u00e1 bohatou chu\u0165 a kr\u00e9movou konzistenci, kter\u00e1 se snadno rozpou\u0161t\u00ed v \u00fastech.<\/p>\n<p>Vyzna\u010duje se velmi n\u00edzk\u00fdm obsahem voln\u00fdch mastn\u00fdch kyselin (0,5 %), n\u00edzkou peroxidovou hodnotou (1,17 meq O2\/kg) a minim\u00e1ln\u00ed vlhkost\u00ed (0,29 %). Je tedy stabiln\u00edm, trvanliv\u00fdm rostlinn\u00fdm tukem odoln\u00fdm v\u016f\u010di \u017eluknut\u00ed po dobu a\u017e dvou let p\u0159i spr\u00e1vn\u00e9m skladov\u00e1n\u00ed v temn\u00e9m a chladn\u00e9m m\u00edst\u011b. <\/p>\n","protected":false},"excerpt":{"rendered":"<p>Kakaov\u00e9 m\u00e1slo se vyr\u00e1b\u00ed za studena lisov\u00e1n\u00edm kakaov\u00fdch bob\u016f (<em>Theobroma cacao<\/em>). M\u00e1slo je zn\u00e1m\u00e9 svou charakteristickou, sladkou v\u016fn\u00ed a sv\u011btle \u017elutou barvou. <\/p>\n","protected":false},"featured_media":36137,"template":"","meta":{"_acf_changed":false},"product_brand":[],"product_cat":[635],"product_tag":[],"class_list":{"0":"post-11448","1":"product","2":"type-product","3":"status-publish","4":"has-post-thumbnail","6":"product_cat-kosmeticka-masla","7":"pa_grupa-substancji-emoliencia","9":"first","10":"instock","11":"shipping-taxable","12":"product-type-simple"},"acf":[],"yoast_head":"<!-- This site is optimized with the Yoast SEO plugin v27.5 - https:\/\/yoast.com\/product\/yoast-seo-wordpress\/ -->\n<title>Kakaov\u00e9 m\u00e1slo - NATURAL POLAND - Velkoobchodn\u00ed distributor surovin<\/title>\n<meta name=\"description\" content=\"Kakaov\u00e9 m\u00e1slo je kosmetick\u00fd a potravin\u00e1\u0159sk\u00fd produkt. M\u00e1 vysok\u00fd obsah tuku, tak\u017ee skv\u011ble funguje jako v\u00fd\u017eivn\u00fd a regenera\u010dn\u00ed produkt.\" \/>\n<meta name=\"robots\" content=\"index, follow, max-snippet:-1, max-image-preview:large, max-video-preview:-1\" \/>\n<link rel=\"canonical\" href=\"https:\/\/naturalpoland.com\/cs\/produkty\/produkty-pro-kosmeticky-prumysl\/kosmeticka-masla\/kakaove-maslo\/\" \/>\n<meta property=\"og:locale\" content=\"cs_CZ\" \/>\n<meta property=\"og:type\" content=\"article\" \/>\n<meta property=\"og:title\" content=\"Kakaov\u00e9 m\u00e1slo - NATURAL POLAND - Velkoobchodn\u00ed distributor surovin\" \/>\n<meta property=\"og:description\" content=\"Kakaov\u00e9 m\u00e1slo je kosmetick\u00fd a potravin\u00e1\u0159sk\u00fd produkt. M\u00e1 vysok\u00fd obsah tuku, tak\u017ee skv\u011ble funguje jako v\u00fd\u017eivn\u00fd a regenera\u010dn\u00ed produkt.\" \/>\n<meta property=\"og:url\" content=\"https:\/\/naturalpoland.com\/cs\/produkty\/produkty-pro-kosmeticky-prumysl\/kosmeticka-masla\/kakaove-maslo\/\" \/>\n<meta property=\"og:site_name\" content=\"NATURAL POLAND - Velkoobchodn\u00ed distributor surovin\" \/>\n<meta property=\"article:publisher\" content=\"https:\/\/www.facebook.com\/naturalpoland.b2b\" \/>\n<meta property=\"article:modified_time\" content=\"2025-07-21T11:54:43+00:00\" \/>\n<meta property=\"og:image\" content=\"https:\/\/naturalpoland.com\/wp-content\/uploads\/maslo-kakaowe.webp\" \/>\n\t<meta property=\"og:image:width\" content=\"619\" \/>\n\t<meta property=\"og:image:height\" content=\"619\" \/>\n\t<meta property=\"og:image:type\" content=\"image\/webp\" \/>\n<script type=\"application\/ld+json\" class=\"yoast-schema-graph\">{\"@context\":\"https:\\\/\\\/schema.org\",\"@graph\":[{\"@type\":\"WebPage\",\"@id\":\"https:\\\/\\\/naturalpoland.com\\\/cs\\\/produkty\\\/produkty-pro-kosmeticky-prumysl\\\/kosmeticka-masla\\\/kakaove-maslo\\\/\",\"url\":\"https:\\\/\\\/naturalpoland.com\\\/cs\\\/produkty\\\/produkty-pro-kosmeticky-prumysl\\\/kosmeticka-masla\\\/kakaove-maslo\\\/\",\"name\":\"Kakaov\u00e9 m\u00e1slo - NATURAL POLAND - Velkoobchodn\u00ed distributor surovin\",\"isPartOf\":{\"@id\":\"https:\\\/\\\/naturalpoland.com\\\/cs\\\/#website\"},\"primaryImageOfPage\":{\"@id\":\"https:\\\/\\\/naturalpoland.com\\\/cs\\\/produkty\\\/produkty-pro-kosmeticky-prumysl\\\/kosmeticka-masla\\\/kakaove-maslo\\\/#primaryimage\"},\"image\":{\"@id\":\"https:\\\/\\\/naturalpoland.com\\\/cs\\\/produkty\\\/produkty-pro-kosmeticky-prumysl\\\/kosmeticka-masla\\\/kakaove-maslo\\\/#primaryimage\"},\"thumbnailUrl\":\"https:\\\/\\\/naturalpoland.com\\\/wp-content\\\/uploads\\\/maslo-kakaowe.webp\",\"datePublished\":\"2021-05-11T11:47:00+00:00\",\"dateModified\":\"2025-07-21T11:54:43+00:00\",\"description\":\"Kakaov\u00e9 m\u00e1slo je kosmetick\u00fd a potravin\u00e1\u0159sk\u00fd produkt. M\u00e1 vysok\u00fd obsah tuku, tak\u017ee skv\u011ble funguje jako v\u00fd\u017eivn\u00fd a regenera\u010dn\u00ed produkt.\",\"breadcrumb\":{\"@id\":\"https:\\\/\\\/naturalpoland.com\\\/cs\\\/produkty\\\/produkty-pro-kosmeticky-prumysl\\\/kosmeticka-masla\\\/kakaove-maslo\\\/#breadcrumb\"},\"inLanguage\":\"cs\",\"potentialAction\":[{\"@type\":\"ReadAction\",\"target\":[\"https:\\\/\\\/naturalpoland.com\\\/cs\\\/produkty\\\/produkty-pro-kosmeticky-prumysl\\\/kosmeticka-masla\\\/kakaove-maslo\\\/\"]}]},{\"@type\":\"ImageObject\",\"inLanguage\":\"cs\",\"@id\":\"https:\\\/\\\/naturalpoland.com\\\/cs\\\/produkty\\\/produkty-pro-kosmeticky-prumysl\\\/kosmeticka-masla\\\/kakaove-maslo\\\/#primaryimage\",\"url\":\"https:\\\/\\\/naturalpoland.com\\\/wp-content\\\/uploads\\\/maslo-kakaowe.webp\",\"contentUrl\":\"https:\\\/\\\/naturalpoland.com\\\/wp-content\\\/uploads\\\/maslo-kakaowe.webp\",\"width\":619,\"height\":619,\"caption\":\"mas\u0142o kakaowe\"},{\"@type\":\"BreadcrumbList\",\"@id\":\"https:\\\/\\\/naturalpoland.com\\\/cs\\\/produkty\\\/produkty-pro-kosmeticky-prumysl\\\/kosmeticka-masla\\\/kakaove-maslo\\\/#breadcrumb\",\"itemListElement\":[{\"@type\":\"ListItem\",\"position\":1,\"name\":\"Dom\u016f\",\"item\":\"https:\\\/\\\/naturalpoland.com\\\/cs\\\/\"},{\"@type\":\"ListItem\",\"position\":2,\"name\":\"Produkty\",\"item\":\"https:\\\/\\\/naturalpoland.com\\\/cs\\\/produkty\\\/\"},{\"@type\":\"ListItem\",\"position\":3,\"name\":\"Kakaov\u00e9 m\u00e1slo\"}]},{\"@type\":\"WebSite\",\"@id\":\"https:\\\/\\\/naturalpoland.com\\\/cs\\\/#website\",\"url\":\"https:\\\/\\\/naturalpoland.com\\\/cs\\\/\",\"name\":\"NATURAL POLAND - Velkoobchodn\u00ed distributor surovin\",\"description\":\"Surowce dla przemys\u0142u spo\u017cywczego, kosmetycznego i farmaceutycznego\",\"publisher\":{\"@id\":\"https:\\\/\\\/naturalpoland.com\\\/cs\\\/#organization\"},\"potentialAction\":[{\"@type\":\"SearchAction\",\"target\":{\"@type\":\"EntryPoint\",\"urlTemplate\":\"https:\\\/\\\/naturalpoland.com\\\/cs\\\/?s={search_term_string}\"},\"query-input\":{\"@type\":\"PropertyValueSpecification\",\"valueRequired\":true,\"valueName\":\"search_term_string\"}}],\"inLanguage\":\"cs\"},{\"@type\":\"Organization\",\"@id\":\"https:\\\/\\\/naturalpoland.com\\\/cs\\\/#organization\",\"name\":\"Natural Poland\",\"url\":\"https:\\\/\\\/naturalpoland.com\\\/cs\\\/\",\"logo\":{\"@type\":\"ImageObject\",\"inLanguage\":\"cs\",\"@id\":\"https:\\\/\\\/naturalpoland.com\\\/cs\\\/#\\\/schema\\\/logo\\\/image\\\/\",\"url\":\"https:\\\/\\\/naturalpoland.com\\\/wp-content\\\/uploads\\\/2021\\\/05\\\/natural-poland-icon.png\",\"contentUrl\":\"https:\\\/\\\/naturalpoland.com\\\/wp-content\\\/uploads\\\/2021\\\/05\\\/natural-poland-icon.png\",\"width\":512,\"height\":512,\"caption\":\"Natural Poland\"},\"image\":{\"@id\":\"https:\\\/\\\/naturalpoland.com\\\/cs\\\/#\\\/schema\\\/logo\\\/image\\\/\"},\"sameAs\":[\"https:\\\/\\\/www.facebook.com\\\/naturalpoland.b2b\",\"https:\\\/\\\/pl.linkedin.com\\\/company\\\/natural-poland\",\"https:\\\/\\\/www.youtube.com\\\/channel\\\/UCgeGGkvOMahZo-xu_MSEWxg\"]}]}<\/script>\n<!-- \/ Yoast SEO plugin. -->","yoast_head_json":{"title":"Kakaov\u00e9 m\u00e1slo - NATURAL POLAND - Velkoobchodn\u00ed distributor surovin","description":"Kakaov\u00e9 m\u00e1slo je kosmetick\u00fd a potravin\u00e1\u0159sk\u00fd produkt. M\u00e1 vysok\u00fd obsah tuku, tak\u017ee skv\u011ble funguje jako v\u00fd\u017eivn\u00fd a regenera\u010dn\u00ed produkt.","robots":{"index":"index","follow":"follow","max-snippet":"max-snippet:-1","max-image-preview":"max-image-preview:large","max-video-preview":"max-video-preview:-1"},"canonical":"https:\/\/naturalpoland.com\/cs\/produkty\/produkty-pro-kosmeticky-prumysl\/kosmeticka-masla\/kakaove-maslo\/","og_locale":"cs_CZ","og_type":"article","og_title":"Kakaov\u00e9 m\u00e1slo - NATURAL POLAND - Velkoobchodn\u00ed distributor surovin","og_description":"Kakaov\u00e9 m\u00e1slo je kosmetick\u00fd a potravin\u00e1\u0159sk\u00fd produkt. M\u00e1 vysok\u00fd obsah tuku, tak\u017ee skv\u011ble funguje jako v\u00fd\u017eivn\u00fd a regenera\u010dn\u00ed produkt.","og_url":"https:\/\/naturalpoland.com\/cs\/produkty\/produkty-pro-kosmeticky-prumysl\/kosmeticka-masla\/kakaove-maslo\/","og_site_name":"NATURAL POLAND - Velkoobchodn\u00ed distributor surovin","article_publisher":"https:\/\/www.facebook.com\/naturalpoland.b2b","article_modified_time":"2025-07-21T11:54:43+00:00","og_image":[{"width":619,"height":619,"url":"https:\/\/naturalpoland.com\/wp-content\/uploads\/maslo-kakaowe.webp","type":"image\/webp"}],"schema":{"@context":"https:\/\/schema.org","@graph":[{"@type":"WebPage","@id":"https:\/\/naturalpoland.com\/cs\/produkty\/produkty-pro-kosmeticky-prumysl\/kosmeticka-masla\/kakaove-maslo\/","url":"https:\/\/naturalpoland.com\/cs\/produkty\/produkty-pro-kosmeticky-prumysl\/kosmeticka-masla\/kakaove-maslo\/","name":"Kakaov\u00e9 m\u00e1slo - NATURAL POLAND - Velkoobchodn\u00ed distributor surovin","isPartOf":{"@id":"https:\/\/naturalpoland.com\/cs\/#website"},"primaryImageOfPage":{"@id":"https:\/\/naturalpoland.com\/cs\/produkty\/produkty-pro-kosmeticky-prumysl\/kosmeticka-masla\/kakaove-maslo\/#primaryimage"},"image":{"@id":"https:\/\/naturalpoland.com\/cs\/produkty\/produkty-pro-kosmeticky-prumysl\/kosmeticka-masla\/kakaove-maslo\/#primaryimage"},"thumbnailUrl":"https:\/\/naturalpoland.com\/wp-content\/uploads\/maslo-kakaowe.webp","datePublished":"2021-05-11T11:47:00+00:00","dateModified":"2025-07-21T11:54:43+00:00","description":"Kakaov\u00e9 m\u00e1slo je kosmetick\u00fd a potravin\u00e1\u0159sk\u00fd produkt. M\u00e1 vysok\u00fd obsah tuku, tak\u017ee skv\u011ble funguje jako v\u00fd\u017eivn\u00fd a regenera\u010dn\u00ed produkt.","breadcrumb":{"@id":"https:\/\/naturalpoland.com\/cs\/produkty\/produkty-pro-kosmeticky-prumysl\/kosmeticka-masla\/kakaove-maslo\/#breadcrumb"},"inLanguage":"cs","potentialAction":[{"@type":"ReadAction","target":["https:\/\/naturalpoland.com\/cs\/produkty\/produkty-pro-kosmeticky-prumysl\/kosmeticka-masla\/kakaove-maslo\/"]}]},{"@type":"ImageObject","inLanguage":"cs","@id":"https:\/\/naturalpoland.com\/cs\/produkty\/produkty-pro-kosmeticky-prumysl\/kosmeticka-masla\/kakaove-maslo\/#primaryimage","url":"https:\/\/naturalpoland.com\/wp-content\/uploads\/maslo-kakaowe.webp","contentUrl":"https:\/\/naturalpoland.com\/wp-content\/uploads\/maslo-kakaowe.webp","width":619,"height":619,"caption":"mas\u0142o kakaowe"},{"@type":"BreadcrumbList","@id":"https:\/\/naturalpoland.com\/cs\/produkty\/produkty-pro-kosmeticky-prumysl\/kosmeticka-masla\/kakaove-maslo\/#breadcrumb","itemListElement":[{"@type":"ListItem","position":1,"name":"Dom\u016f","item":"https:\/\/naturalpoland.com\/cs\/"},{"@type":"ListItem","position":2,"name":"Produkty","item":"https:\/\/naturalpoland.com\/cs\/produkty\/"},{"@type":"ListItem","position":3,"name":"Kakaov\u00e9 m\u00e1slo"}]},{"@type":"WebSite","@id":"https:\/\/naturalpoland.com\/cs\/#website","url":"https:\/\/naturalpoland.com\/cs\/","name":"NATURAL POLAND - Velkoobchodn\u00ed distributor surovin","description":"Surowce dla przemys\u0142u spo\u017cywczego, kosmetycznego i farmaceutycznego","publisher":{"@id":"https:\/\/naturalpoland.com\/cs\/#organization"},"potentialAction":[{"@type":"SearchAction","target":{"@type":"EntryPoint","urlTemplate":"https:\/\/naturalpoland.com\/cs\/?s={search_term_string}"},"query-input":{"@type":"PropertyValueSpecification","valueRequired":true,"valueName":"search_term_string"}}],"inLanguage":"cs"},{"@type":"Organization","@id":"https:\/\/naturalpoland.com\/cs\/#organization","name":"Natural Poland","url":"https:\/\/naturalpoland.com\/cs\/","logo":{"@type":"ImageObject","inLanguage":"cs","@id":"https:\/\/naturalpoland.com\/cs\/#\/schema\/logo\/image\/","url":"https:\/\/naturalpoland.com\/wp-content\/uploads\/2021\/05\/natural-poland-icon.png","contentUrl":"https:\/\/naturalpoland.com\/wp-content\/uploads\/2021\/05\/natural-poland-icon.png","width":512,"height":512,"caption":"Natural Poland"},"image":{"@id":"https:\/\/naturalpoland.com\/cs\/#\/schema\/logo\/image\/"},"sameAs":["https:\/\/www.facebook.com\/naturalpoland.b2b","https:\/\/pl.linkedin.com\/company\/natural-poland","https:\/\/www.youtube.com\/channel\/UCgeGGkvOMahZo-xu_MSEWxg"]}]}},"_links":{"self":[{"href":"https:\/\/naturalpoland.com\/cs\/wp-json\/wp\/v2\/product\/11448","targetHints":{"allow":["GET"]}}],"collection":[{"href":"https:\/\/naturalpoland.com\/cs\/wp-json\/wp\/v2\/product"}],"about":[{"href":"https:\/\/naturalpoland.com\/cs\/wp-json\/wp\/v2\/types\/product"}],"wp:featuredmedia":[{"embeddable":true,"href":"https:\/\/naturalpoland.com\/cs\/wp-json\/wp\/v2\/media\/36137"}],"wp:attachment":[{"href":"https:\/\/naturalpoland.com\/cs\/wp-json\/wp\/v2\/media?parent=11448"}],"wp:term":[{"taxonomy":"product_brand","embeddable":true,"href":"https:\/\/naturalpoland.com\/cs\/wp-json\/wp\/v2\/product_brand?post=11448"},{"taxonomy":"product_cat","embeddable":true,"href":"https:\/\/naturalpoland.com\/cs\/wp-json\/wp\/v2\/product_cat?post=11448"},{"taxonomy":"product_tag","embeddable":true,"href":"https:\/\/naturalpoland.com\/cs\/wp-json\/wp\/v2\/product_tag?post=11448"}],"curies":[{"name":"wp","href":"https:\/\/api.w.org\/{rel}","templated":true}]}}