{"id":11450,"date":"2021-05-11T13:45:22","date_gmt":"2021-09-20T13:29:56","guid":{"rendered":"https:\/\/naturalpoland.pl\/produkty\/nezarazene\/l-cystin\/"},"modified":"2024-01-31T13:19:54","modified_gmt":"2024-01-31T12:19:54","slug":"l-cystin","status":"publish","type":"product","link":"https:\/\/naturalpoland.com\/cs\/produkty\/produkty-pro-farmaceuticky-a-zdravotnicky-prumysl\/aminokyseliny\/l-cystin\/","title":{"rendered":"L-cystin"},"content":{"rendered":"<p>L-Cystin je aminokyselina, kter\u00e1 hraje kl\u00ed\u010dovou roli p\u0159i synt\u00e9ze b\u00edlkovin a je nezbytn\u00e1 pro zdrav\u00ed zv\u00ed\u0159at. V krmivech se pou\u017e\u00edv\u00e1 p\u0159edev\u0161\u00edm pro sv\u00e9 <strong>antioxida\u010dn\u00ed vlastnosti<\/strong> a schopnost podporovat spr\u00e1vn\u00fd v\u00fdvoj a fungov\u00e1n\u00ed imunitn\u00edho syst\u00e9mu zv\u00ed\u0159at. Krom\u011b toho je L-cystin d\u016fle\u017eitou slo\u017ekou p\u0159i <strong>synt\u00e9ze keratinu<\/strong>, co\u017e se projevuje v kvalitn\u011bj\u0161\u00ed k\u016f\u017ei, srsti nebo pe\u0159\u00ed hospod\u00e1\u0159sk\u00fdch zv\u00ed\u0159at.<\/p>\n<p>Tento v\u00fdrobek spl\u0148uje p\u0159\u00edsn\u00e9 normy kvality, jako jsou specifikace AJI, EP a FCC. Je vhodn\u00fd pro vegetari\u00e1ny a vegany, co\u017e je d\u016fle\u017eit\u00fd aspekt v souvislosti s rostouc\u00edm ekologick\u00fdm a etick\u00fdm pov\u011bdom\u00edm o v\u00fdrob\u011b krmiv. D\u00edky sv\u00e9 chemick\u00e9 stabilit\u011b, n\u00edzk\u00e9mu obsahu vlhkosti a n\u00edzk\u00e9mu obsahu popela je vysoce kvalitn\u00ed slo\u017ekou, kter\u00e1 zaru\u010duje dlouhodobou \u00fa\u010dinnost a bezpe\u010dn\u00e9 pou\u017eit\u00ed.<\/p>\n<p>Z hlediska bezpe\u010dnosti je L-cystin ve form\u011b krmiva netoxick\u00fd produkt, kter\u00fd nedr\u00e1\u017ed\u00ed k\u016f\u017ei, o\u010di ani d\u00fdchac\u00ed cesty. Je snadno rozpustn\u00fd v miner\u00e1ln\u00edch kyselin\u00e1ch a alkalick\u00fdch roztoc\u00edch, zat\u00edmco ve vod\u011b a alkoholu je t\u00e9m\u011b\u0159 nerozpustn\u00fd, co\u017e je d\u016fle\u017eit\u00e9 p\u0159i p\u0159\u00edprav\u011b krmiv.<\/p>\n<p>P\u0159i v\u00fdrob\u011b krmn\u00e9ho L-cystinu se nepou\u017e\u00edvaj\u00ed \u017e\u00e1dn\u00e1 \u0161kodliv\u00e1 rozpou\u0161t\u011bdla, co\u017e je\u0161t\u011b v\u00edce zd\u016fraz\u0148uje jeho \u0161etrnost k \u017eivotn\u00edmu prost\u0159ed\u00ed. Kl\u00ed\u010dem k zachov\u00e1n\u00ed kvality a \u00fa\u010dinnosti je zaji\u0161t\u011bn\u00ed spr\u00e1vn\u00fdch skladovac\u00edch podm\u00ednek, jako je vzduchot\u011bsn\u00e9 uzav\u0159en\u00ed a ochrana p\u0159ed sv\u011btlem a vlhkost\u00ed.<\/p>\n","protected":false},"excerpt":{"rendered":"<p><strong>L-cystein<\/strong> ve form\u011b krmiva je jedine\u010dn\u00fd produkt pro <strong>krmiv\u00e1\u0159sk\u00fd pr\u016fmysl<\/strong>, kter\u00fd se z\u00edsk\u00e1v\u00e1 fermenta\u010dn\u00edm procesem za pou\u017eit\u00ed ekologicky udr\u017eiteln\u00fdch surovin, jako je geneticky nemodifikovan\u00e1 kuku\u0159ice. Je ve form\u011b b\u00edl\u00e9ho krystalick\u00e9ho pr\u00e1\u0161ku s t\u00e9m\u011b\u0159 neznatelnou chut\u00ed, co\u017e je d\u016fle\u017eit\u00e9 pro pou\u017eit\u00ed v krmivech.<\/p>\n","protected":false},"featured_media":11455,"template":"","meta":{"_acf_changed":false},"product_brand":[],"product_cat":[628,2507],"product_tag":[],"class_list":{"0":"post-11450","1":"product","2":"type-product","3":"status-publish","4":"has-post-thumbnail","6":"product_cat-aminokyseliny","7":"product_cat-suroviny-pro-krmiva-pro-zvirata","9":"first","10":"instock","11":"shipping-taxable","12":"product-type-simple"},"acf":[],"yoast_head":"<!-- This site is optimized with the Yoast SEO plugin v27.5 - https:\/\/yoast.com\/product\/yoast-seo-wordpress\/ -->\n<title>L-cystin - Velkoobchodn\u00ed distributor<\/title>\n<meta name=\"description\" content=\"L-cystin je kl\u00ed\u010dov\u00fdm prvkem modern\u00edho krmiv\u00e1\u0159sk\u00e9ho pr\u016fmyslu, kter\u00fd je sou\u010d\u00e1st\u00ed udr\u017eiteln\u00e9ho p\u0159\u00edstupu k v\u00fdrob\u011b krmiv.\" \/>\n<meta name=\"robots\" content=\"index, follow, max-snippet:-1, max-image-preview:large, max-video-preview:-1\" \/>\n<link rel=\"canonical\" href=\"https:\/\/naturalpoland.com\/cs\/produkty\/produkty-pro-farmaceuticky-a-zdravotnicky-prumysl\/aminokyseliny\/l-cystin\/\" \/>\n<meta property=\"og:locale\" content=\"cs_CZ\" \/>\n<meta property=\"og:type\" content=\"article\" \/>\n<meta property=\"og:title\" content=\"L-cystin - Velkoobchodn\u00ed distributor\" \/>\n<meta property=\"og:description\" content=\"L-cystin je kl\u00ed\u010dov\u00fdm prvkem modern\u00edho krmiv\u00e1\u0159sk\u00e9ho pr\u016fmyslu, kter\u00fd je sou\u010d\u00e1st\u00ed udr\u017eiteln\u00e9ho p\u0159\u00edstupu k v\u00fdrob\u011b krmiv.\" \/>\n<meta property=\"og:url\" content=\"https:\/\/naturalpoland.com\/cs\/produkty\/produkty-pro-farmaceuticky-a-zdravotnicky-prumysl\/aminokyseliny\/l-cystin\/\" \/>\n<meta property=\"og:site_name\" content=\"NATURAL POLAND - Velkoobchodn\u00ed distributor surovin\" \/>\n<meta property=\"article:publisher\" content=\"https:\/\/www.facebook.com\/naturalpoland.b2b\" \/>\n<meta property=\"article:modified_time\" content=\"2024-01-31T12:19:54+00:00\" \/>\n<meta property=\"og:image\" content=\"https:\/\/naturalpoland.com\/wp-content\/uploads\/2021\/05\/l-cystine-base.jpg\" \/>\n\t<meta property=\"og:image:width\" content=\"577\" \/>\n\t<meta property=\"og:image:height\" content=\"213\" \/>\n\t<meta property=\"og:image:type\" content=\"image\/jpeg\" \/>\n<script type=\"application\/ld+json\" class=\"yoast-schema-graph\">{\"@context\":\"https:\\\/\\\/schema.org\",\"@graph\":[{\"@type\":\"WebPage\",\"@id\":\"https:\\\/\\\/naturalpoland.com\\\/cs\\\/produkty\\\/produkty-pro-farmaceuticky-a-zdravotnicky-prumysl\\\/aminokyseliny\\\/l-cystin\\\/\",\"url\":\"https:\\\/\\\/naturalpoland.com\\\/cs\\\/produkty\\\/produkty-pro-farmaceuticky-a-zdravotnicky-prumysl\\\/aminokyseliny\\\/l-cystin\\\/\",\"name\":\"L-cystin - Velkoobchodn\u00ed distributor\",\"isPartOf\":{\"@id\":\"https:\\\/\\\/naturalpoland.com\\\/cs\\\/#website\"},\"primaryImageOfPage\":{\"@id\":\"https:\\\/\\\/naturalpoland.com\\\/cs\\\/produkty\\\/produkty-pro-farmaceuticky-a-zdravotnicky-prumysl\\\/aminokyseliny\\\/l-cystin\\\/#primaryimage\"},\"image\":{\"@id\":\"https:\\\/\\\/naturalpoland.com\\\/cs\\\/produkty\\\/produkty-pro-farmaceuticky-a-zdravotnicky-prumysl\\\/aminokyseliny\\\/l-cystin\\\/#primaryimage\"},\"thumbnailUrl\":\"https:\\\/\\\/naturalpoland.com\\\/wp-content\\\/uploads\\\/2021\\\/05\\\/l-cystine-base.jpg\",\"datePublished\":\"2021-09-20T13:29:56+00:00\",\"dateModified\":\"2024-01-31T12:19:54+00:00\",\"description\":\"L-cystin je kl\u00ed\u010dov\u00fdm prvkem modern\u00edho krmiv\u00e1\u0159sk\u00e9ho pr\u016fmyslu, kter\u00fd je sou\u010d\u00e1st\u00ed udr\u017eiteln\u00e9ho p\u0159\u00edstupu k v\u00fdrob\u011b krmiv.\",\"breadcrumb\":{\"@id\":\"https:\\\/\\\/naturalpoland.com\\\/cs\\\/produkty\\\/produkty-pro-farmaceuticky-a-zdravotnicky-prumysl\\\/aminokyseliny\\\/l-cystin\\\/#breadcrumb\"},\"inLanguage\":\"cs\",\"potentialAction\":[{\"@type\":\"ReadAction\",\"target\":[\"https:\\\/\\\/naturalpoland.com\\\/cs\\\/produkty\\\/produkty-pro-farmaceuticky-a-zdravotnicky-prumysl\\\/aminokyseliny\\\/l-cystin\\\/\"]}]},{\"@type\":\"ImageObject\",\"inLanguage\":\"cs\",\"@id\":\"https:\\\/\\\/naturalpoland.com\\\/cs\\\/produkty\\\/produkty-pro-farmaceuticky-a-zdravotnicky-prumysl\\\/aminokyseliny\\\/l-cystin\\\/#primaryimage\",\"url\":\"https:\\\/\\\/naturalpoland.com\\\/wp-content\\\/uploads\\\/2021\\\/05\\\/l-cystine-base.jpg\",\"contentUrl\":\"https:\\\/\\\/naturalpoland.com\\\/wp-content\\\/uploads\\\/2021\\\/05\\\/l-cystine-base.jpg\",\"width\":577,\"height\":213},{\"@type\":\"BreadcrumbList\",\"@id\":\"https:\\\/\\\/naturalpoland.com\\\/cs\\\/produkty\\\/produkty-pro-farmaceuticky-a-zdravotnicky-prumysl\\\/aminokyseliny\\\/l-cystin\\\/#breadcrumb\",\"itemListElement\":[{\"@type\":\"ListItem\",\"position\":1,\"name\":\"Dom\u016f\",\"item\":\"https:\\\/\\\/naturalpoland.com\\\/cs\\\/\"},{\"@type\":\"ListItem\",\"position\":2,\"name\":\"Produkty\",\"item\":\"https:\\\/\\\/naturalpoland.com\\\/cs\\\/produkty\\\/\"},{\"@type\":\"ListItem\",\"position\":3,\"name\":\"L-cystin\"}]},{\"@type\":\"WebSite\",\"@id\":\"https:\\\/\\\/naturalpoland.com\\\/cs\\\/#website\",\"url\":\"https:\\\/\\\/naturalpoland.com\\\/cs\\\/\",\"name\":\"NATURAL POLAND - Velkoobchodn\u00ed distributor surovin\",\"description\":\"Surowce dla przemys\u0142u spo\u017cywczego, kosmetycznego i farmaceutycznego\",\"publisher\":{\"@id\":\"https:\\\/\\\/naturalpoland.com\\\/cs\\\/#organization\"},\"potentialAction\":[{\"@type\":\"SearchAction\",\"target\":{\"@type\":\"EntryPoint\",\"urlTemplate\":\"https:\\\/\\\/naturalpoland.com\\\/cs\\\/?s={search_term_string}\"},\"query-input\":{\"@type\":\"PropertyValueSpecification\",\"valueRequired\":true,\"valueName\":\"search_term_string\"}}],\"inLanguage\":\"cs\"},{\"@type\":\"Organization\",\"@id\":\"https:\\\/\\\/naturalpoland.com\\\/cs\\\/#organization\",\"name\":\"Natural Poland\",\"url\":\"https:\\\/\\\/naturalpoland.com\\\/cs\\\/\",\"logo\":{\"@type\":\"ImageObject\",\"inLanguage\":\"cs\",\"@id\":\"https:\\\/\\\/naturalpoland.com\\\/cs\\\/#\\\/schema\\\/logo\\\/image\\\/\",\"url\":\"https:\\\/\\\/naturalpoland.com\\\/wp-content\\\/uploads\\\/2021\\\/05\\\/natural-poland-icon.png\",\"contentUrl\":\"https:\\\/\\\/naturalpoland.com\\\/wp-content\\\/uploads\\\/2021\\\/05\\\/natural-poland-icon.png\",\"width\":512,\"height\":512,\"caption\":\"Natural Poland\"},\"image\":{\"@id\":\"https:\\\/\\\/naturalpoland.com\\\/cs\\\/#\\\/schema\\\/logo\\\/image\\\/\"},\"sameAs\":[\"https:\\\/\\\/www.facebook.com\\\/naturalpoland.b2b\",\"https:\\\/\\\/pl.linkedin.com\\\/company\\\/natural-poland\",\"https:\\\/\\\/www.youtube.com\\\/channel\\\/UCgeGGkvOMahZo-xu_MSEWxg\"]}]}<\/script>\n<!-- \/ Yoast SEO plugin. -->","yoast_head_json":{"title":"L-cystin - Velkoobchodn\u00ed distributor","description":"L-cystin je kl\u00ed\u010dov\u00fdm prvkem modern\u00edho krmiv\u00e1\u0159sk\u00e9ho pr\u016fmyslu, kter\u00fd je sou\u010d\u00e1st\u00ed udr\u017eiteln\u00e9ho p\u0159\u00edstupu k v\u00fdrob\u011b krmiv.","robots":{"index":"index","follow":"follow","max-snippet":"max-snippet:-1","max-image-preview":"max-image-preview:large","max-video-preview":"max-video-preview:-1"},"canonical":"https:\/\/naturalpoland.com\/cs\/produkty\/produkty-pro-farmaceuticky-a-zdravotnicky-prumysl\/aminokyseliny\/l-cystin\/","og_locale":"cs_CZ","og_type":"article","og_title":"L-cystin - Velkoobchodn\u00ed distributor","og_description":"L-cystin je kl\u00ed\u010dov\u00fdm prvkem modern\u00edho krmiv\u00e1\u0159sk\u00e9ho pr\u016fmyslu, kter\u00fd je sou\u010d\u00e1st\u00ed udr\u017eiteln\u00e9ho p\u0159\u00edstupu k v\u00fdrob\u011b krmiv.","og_url":"https:\/\/naturalpoland.com\/cs\/produkty\/produkty-pro-farmaceuticky-a-zdravotnicky-prumysl\/aminokyseliny\/l-cystin\/","og_site_name":"NATURAL POLAND - Velkoobchodn\u00ed distributor surovin","article_publisher":"https:\/\/www.facebook.com\/naturalpoland.b2b","article_modified_time":"2024-01-31T12:19:54+00:00","og_image":[{"width":577,"height":213,"url":"https:\/\/naturalpoland.com\/wp-content\/uploads\/2021\/05\/l-cystine-base.jpg","type":"image\/jpeg"}],"schema":{"@context":"https:\/\/schema.org","@graph":[{"@type":"WebPage","@id":"https:\/\/naturalpoland.com\/cs\/produkty\/produkty-pro-farmaceuticky-a-zdravotnicky-prumysl\/aminokyseliny\/l-cystin\/","url":"https:\/\/naturalpoland.com\/cs\/produkty\/produkty-pro-farmaceuticky-a-zdravotnicky-prumysl\/aminokyseliny\/l-cystin\/","name":"L-cystin - Velkoobchodn\u00ed distributor","isPartOf":{"@id":"https:\/\/naturalpoland.com\/cs\/#website"},"primaryImageOfPage":{"@id":"https:\/\/naturalpoland.com\/cs\/produkty\/produkty-pro-farmaceuticky-a-zdravotnicky-prumysl\/aminokyseliny\/l-cystin\/#primaryimage"},"image":{"@id":"https:\/\/naturalpoland.com\/cs\/produkty\/produkty-pro-farmaceuticky-a-zdravotnicky-prumysl\/aminokyseliny\/l-cystin\/#primaryimage"},"thumbnailUrl":"https:\/\/naturalpoland.com\/wp-content\/uploads\/2021\/05\/l-cystine-base.jpg","datePublished":"2021-09-20T13:29:56+00:00","dateModified":"2024-01-31T12:19:54+00:00","description":"L-cystin je kl\u00ed\u010dov\u00fdm prvkem modern\u00edho krmiv\u00e1\u0159sk\u00e9ho pr\u016fmyslu, kter\u00fd je sou\u010d\u00e1st\u00ed udr\u017eiteln\u00e9ho p\u0159\u00edstupu k v\u00fdrob\u011b krmiv.","breadcrumb":{"@id":"https:\/\/naturalpoland.com\/cs\/produkty\/produkty-pro-farmaceuticky-a-zdravotnicky-prumysl\/aminokyseliny\/l-cystin\/#breadcrumb"},"inLanguage":"cs","potentialAction":[{"@type":"ReadAction","target":["https:\/\/naturalpoland.com\/cs\/produkty\/produkty-pro-farmaceuticky-a-zdravotnicky-prumysl\/aminokyseliny\/l-cystin\/"]}]},{"@type":"ImageObject","inLanguage":"cs","@id":"https:\/\/naturalpoland.com\/cs\/produkty\/produkty-pro-farmaceuticky-a-zdravotnicky-prumysl\/aminokyseliny\/l-cystin\/#primaryimage","url":"https:\/\/naturalpoland.com\/wp-content\/uploads\/2021\/05\/l-cystine-base.jpg","contentUrl":"https:\/\/naturalpoland.com\/wp-content\/uploads\/2021\/05\/l-cystine-base.jpg","width":577,"height":213},{"@type":"BreadcrumbList","@id":"https:\/\/naturalpoland.com\/cs\/produkty\/produkty-pro-farmaceuticky-a-zdravotnicky-prumysl\/aminokyseliny\/l-cystin\/#breadcrumb","itemListElement":[{"@type":"ListItem","position":1,"name":"Dom\u016f","item":"https:\/\/naturalpoland.com\/cs\/"},{"@type":"ListItem","position":2,"name":"Produkty","item":"https:\/\/naturalpoland.com\/cs\/produkty\/"},{"@type":"ListItem","position":3,"name":"L-cystin"}]},{"@type":"WebSite","@id":"https:\/\/naturalpoland.com\/cs\/#website","url":"https:\/\/naturalpoland.com\/cs\/","name":"NATURAL POLAND - Velkoobchodn\u00ed distributor surovin","description":"Surowce dla przemys\u0142u spo\u017cywczego, kosmetycznego i farmaceutycznego","publisher":{"@id":"https:\/\/naturalpoland.com\/cs\/#organization"},"potentialAction":[{"@type":"SearchAction","target":{"@type":"EntryPoint","urlTemplate":"https:\/\/naturalpoland.com\/cs\/?s={search_term_string}"},"query-input":{"@type":"PropertyValueSpecification","valueRequired":true,"valueName":"search_term_string"}}],"inLanguage":"cs"},{"@type":"Organization","@id":"https:\/\/naturalpoland.com\/cs\/#organization","name":"Natural Poland","url":"https:\/\/naturalpoland.com\/cs\/","logo":{"@type":"ImageObject","inLanguage":"cs","@id":"https:\/\/naturalpoland.com\/cs\/#\/schema\/logo\/image\/","url":"https:\/\/naturalpoland.com\/wp-content\/uploads\/2021\/05\/natural-poland-icon.png","contentUrl":"https:\/\/naturalpoland.com\/wp-content\/uploads\/2021\/05\/natural-poland-icon.png","width":512,"height":512,"caption":"Natural Poland"},"image":{"@id":"https:\/\/naturalpoland.com\/cs\/#\/schema\/logo\/image\/"},"sameAs":["https:\/\/www.facebook.com\/naturalpoland.b2b","https:\/\/pl.linkedin.com\/company\/natural-poland","https:\/\/www.youtube.com\/channel\/UCgeGGkvOMahZo-xu_MSEWxg"]}]}},"_links":{"self":[{"href":"https:\/\/naturalpoland.com\/cs\/wp-json\/wp\/v2\/product\/11450","targetHints":{"allow":["GET"]}}],"collection":[{"href":"https:\/\/naturalpoland.com\/cs\/wp-json\/wp\/v2\/product"}],"about":[{"href":"https:\/\/naturalpoland.com\/cs\/wp-json\/wp\/v2\/types\/product"}],"wp:featuredmedia":[{"embeddable":true,"href":"https:\/\/naturalpoland.com\/cs\/wp-json\/wp\/v2\/media\/11455"}],"wp:attachment":[{"href":"https:\/\/naturalpoland.com\/cs\/wp-json\/wp\/v2\/media?parent=11450"}],"wp:term":[{"taxonomy":"product_brand","embeddable":true,"href":"https:\/\/naturalpoland.com\/cs\/wp-json\/wp\/v2\/product_brand?post=11450"},{"taxonomy":"product_cat","embeddable":true,"href":"https:\/\/naturalpoland.com\/cs\/wp-json\/wp\/v2\/product_cat?post=11450"},{"taxonomy":"product_tag","embeddable":true,"href":"https:\/\/naturalpoland.com\/cs\/wp-json\/wp\/v2\/product_tag?post=11450"}],"curies":[{"name":"wp","href":"https:\/\/api.w.org\/{rel}","templated":true}]}}