{"id":11475,"date":"2021-05-11T13:50:10","date_gmt":"2021-05-11T11:50:10","guid":{"rendered":"https:\/\/naturalpoland.pl\/produkty\/nezarazene\/horcicny-olej\/"},"modified":"2025-07-09T12:19:10","modified_gmt":"2025-07-09T10:19:10","slug":"horcicny-olej","status":"publish","type":"product","link":"https:\/\/naturalpoland.com\/cs\/produkty\/produkty-pro-potravinarsky-prumysl\/jedle-oleje\/horcicny-olej\/","title":{"rendered":"Ho\u0159\u010di\u010dn\u00fd olej"},"content":{"rendered":"<p>Olej ze semen ho\u0159\u010dice je cenn\u00fdm produktem s \u0161irok\u00fdm vyu\u017eit\u00edm jak v potravin\u00e1\u0159sk\u00e9m, tak kosmetick\u00e9m pr\u016fmyslu.<\/p>\n<h2>Potravinov\u00e9 vlastnosti<\/h2>\n<p>Olej z ho\u0159\u010dice se odli\u0161uje od ostatn\u00edch rostlinn\u00fdch olej\u016f \u017elutou nebo jantarovou barvou a v\u00fdraznou, m\u00edrn\u011b pikantn\u00ed v\u016fn\u00ed. Obsahuje vysok\u00e9 koncentrace omega-3 a omega-6 mastn\u00fdch kyselin, kter\u00e9 jsou kl\u00ed\u010dov\u00e9 pro zdrav\u00ed srdce a spr\u00e1vnou funkci ob\u011bhov\u00e9ho syst\u00e9mu. Pravideln\u00e1 konzumace oleje ze semen ho\u0159\u010dice m\u016f\u017ee p\u0159isp\u011bt ke sn\u00ed\u017een\u00ed hladiny LDL cholesterolu (\u201e\u0161patn\u00e9ho cholesterolu\u201c) a podpo\u0159it krevn\u00ed ob\u011bh, co\u017e je d\u016fle\u017eit\u00e9 v prevenci kardiovaskul\u00e1rn\u00edch onemocn\u011bn\u00ed.  <\/p>\n<h2>Pou\u017eit\u00ed v p\u0159\u00edrodn\u00ed medic\u00edn\u011b<\/h2>\n<p>Tradi\u010dn\u011b byl olej z ho\u0159\u010dice tak\u00e9 pou\u017e\u00edv\u00e1n jako podp\u016frn\u00fd prost\u0159edek p\u0159i l\u00e9\u010db\u011b infekc\u00ed, ka\u0161le a nachlazen\u00ed d\u00edky sv\u00fdm antibakteri\u00e1ln\u00edm a protiz\u00e1n\u011btliv\u00fdm vlastnostem. Jeho vn\u011bj\u0161\u00ed aplikace m\u016f\u017ee p\u0159in\u00e9st \u00falevu p\u0159i z\u00e1n\u011btech d\u00fdchac\u00edch cest, p\u016fsob\u00ed uklid\u0148uj\u00edc\u00edm a zah\u0159\u00edvac\u00edm \u00fa\u010dinkem. <\/p>\n<h2>Kosmetick\u00e9 pou\u017eit\u00ed<\/h2>\n<p>V kosmetick\u00e9m pr\u016fmyslu je olej ze semen ho\u0159\u010dice cen\u011bn pro sv\u00e9 hydrata\u010dn\u00ed a regenera\u010dn\u00ed vlastnosti. Je bohat\u00fd na <a href=\"https:\/\/naturalpoland.com\/cs\/kategorie\/produkty-pro-farmaceuticky-a-zdravotnicky-prumysl\/vitaminy\/\">vitam\u00edny<\/a> A a E, kter\u00e9 jsou zn\u00e1m\u00fdmi antioxidanty. Pom\u00e1h\u00e1 udr\u017eovat pru\u017enost poko\u017eky, redukovat jemn\u00e9 vr\u00e1sky a zlep\u0161ovat celkovou texturu poko\u017eky. Olej je tak\u00e9 pou\u017e\u00edv\u00e1n pro p\u00e9\u010di o vlasy, kde p\u016fsob\u00ed v\u00fd\u017eivn\u011b a posiluje.   <\/p>\n<p>Olej z ho\u0159\u010dice je tak\u00e9 doporu\u010dov\u00e1n pro pou\u017eit\u00ed na suchou, popraskanou poko\u017eku pat a k\u0159ehk\u00e9 nehty, d\u00edky \u010demu\u017e m\u016f\u017ee b\u00fdt \u00fa\u010dinnou slo\u017ekou balz\u00e1m\u016f, kr\u00e9m\u016f a dal\u0161\u00edch produkt\u016f pro p\u00e9\u010di o t\u011blo. Olej m\u016f\u017ee tak\u00e9 poskytovat ochranu p\u0159ed \u0161kodliv\u00fdm p\u016fsoben\u00edm UV z\u00e1\u0159en\u00ed. <\/p>\n<hr>\n<h2>Obsah mastn\u00fdch kyselin:<\/h2>\n<table>\n<thead>\n<tr>\n<th>N\u00e1zev kyseliny<\/th>\n<th>C-\u0159et\u011bzec<\/th>\n<th>Rozsah (%)<\/th>\n<th>V\u00fdsledek<\/th>\n<\/tr>\n<\/thead>\n<tbody>\n<tr>\n<td>PALMITOV\u00c1<\/td>\n<td>C16:0<\/td>\n<td>1.0-5.0<\/td>\n<td>2.7<\/td>\n<\/tr>\n<tr>\n<td>STEAROV\u00c1<\/td>\n<td>C18:0<\/td>\n<td>0.5-3.0<\/td>\n<td>0.9<\/td>\n<\/tr>\n<tr>\n<td>OLEJOV\u00c1<\/td>\n<td>C18:1<\/td>\n<td>17.0-26.0<\/td>\n<td>21.9<\/td>\n<\/tr>\n<tr>\n<td>LINOLOV\u00c1<\/td>\n<td>C18:2<\/td>\n<td>7.0-12.0<\/td>\n<td>19.8<\/td>\n<\/tr>\n<tr>\n<td>LINOLENOV\u00c1<\/td>\n<td>C18:3<\/td>\n<td>5.0-16.0<\/td>\n<td>8.1<\/td>\n<\/tr>\n<tr>\n<td>IKOSENOV\u00c1<\/td>\n<td>C20:1<\/td>\n<td>5.0-16.0<\/td>\n<td>13.2<\/td>\n<\/tr>\n<tr>\n<td>ERUKOV\u00c1 (22:1n9)<\/td>\n<td>C22:1n9<\/td>\n<td>34.0-49.0<\/td>\n<td>39.8<\/td>\n<\/tr>\n<\/tbody>\n<\/table>\n<p>&nbsp;<\/p>\n","protected":false},"excerpt":{"rendered":"<p><strong>Olej ze semen b\u00edl\u00e9 ho\u0159\u010dice<\/strong> (ho\u0159\u010di\u010dn\u00fd olej) z\u00edsk\u00e1van\u00fd lisov\u00e1n\u00edm za studena je zn\u00e1m\u00fd jako <strong>Brassica Alba Seed Oil<\/strong> nebo <strong>Sinapis Alba Seed Oil.<\/strong><\/p>\n","protected":false},"featured_media":37450,"template":"","meta":{"_acf_changed":false},"product_brand":[],"product_cat":[625,640,636],"product_tag":[],"class_list":{"0":"post-11475","1":"product","2":"type-product","3":"status-publish","4":"has-post-thumbnail","6":"product_cat-jedle-a-kosmeticke-oleje","7":"product_cat-jedle-oleje","8":"product_cat-kosmeticke-oleje","9":"pa_metoda-pozyskiwania-lisovani-za-studena","11":"first","12":"instock","13":"shipping-taxable","14":"product-type-simple"},"acf":[],"yoast_head":"<!-- This site is optimized with the Yoast SEO plugin v27.6 - https:\/\/yoast.com\/product\/yoast-seo-wordpress\/ -->\n<title>Ho\u0159\u010di\u010dn\u00fd olej - NATURAL POLAND - Velkoobchodn\u00ed distributor surovin<\/title>\n<meta name=\"description\" content=\"Olej ze semen b\u00edl\u00e9 ho\u0159\u010dice se vyzna\u010duje \u010dervenohn\u011bdou nebo jantarovou barvou a v\u00fdraznou, m\u00edrn\u011b pikantn\u00ed v\u016fn\u00ed.\" \/>\n<meta name=\"robots\" content=\"index, follow, max-snippet:-1, max-image-preview:large, max-video-preview:-1\" \/>\n<link rel=\"canonical\" href=\"https:\/\/naturalpoland.com\/cs\/produkty\/produkty-pro-potravinarsky-prumysl\/jedle-oleje\/horcicny-olej\/\" \/>\n<meta property=\"og:locale\" content=\"cs_CZ\" \/>\n<meta property=\"og:type\" content=\"article\" \/>\n<meta property=\"og:title\" content=\"Ho\u0159\u010di\u010dn\u00fd olej - NATURAL POLAND - Velkoobchodn\u00ed distributor surovin\" \/>\n<meta property=\"og:description\" content=\"Olej ze semen b\u00edl\u00e9 ho\u0159\u010dice se vyzna\u010duje \u010dervenohn\u011bdou nebo jantarovou barvou a v\u00fdraznou, m\u00edrn\u011b pikantn\u00ed v\u016fn\u00ed.\" \/>\n<meta property=\"og:url\" content=\"https:\/\/naturalpoland.com\/cs\/produkty\/produkty-pro-potravinarsky-prumysl\/jedle-oleje\/horcicny-olej\/\" \/>\n<meta property=\"og:site_name\" content=\"NATURAL POLAND - Velkoobchodn\u00ed distributor surovin\" \/>\n<meta property=\"article:publisher\" content=\"https:\/\/www.facebook.com\/naturalpoland.b2b\" \/>\n<meta property=\"article:modified_time\" content=\"2025-07-09T10:19:10+00:00\" \/>\n<meta property=\"og:image\" content=\"https:\/\/naturalpoland.com\/wp-content\/uploads\/olej-z-nasion-gorczycy-bialej.webp\" \/>\n\t<meta property=\"og:image:width\" content=\"614\" \/>\n\t<meta property=\"og:image:height\" content=\"614\" \/>\n\t<meta property=\"og:image:type\" content=\"image\/webp\" \/>\n<script type=\"application\/ld+json\" class=\"yoast-schema-graph\">{\"@context\":\"https:\\\/\\\/schema.org\",\"@graph\":[{\"@type\":\"WebPage\",\"@id\":\"https:\\\/\\\/naturalpoland.com\\\/cs\\\/produkty\\\/produkty-pro-potravinarsky-prumysl\\\/jedle-oleje\\\/horcicny-olej\\\/\",\"url\":\"https:\\\/\\\/naturalpoland.com\\\/cs\\\/produkty\\\/produkty-pro-potravinarsky-prumysl\\\/jedle-oleje\\\/horcicny-olej\\\/\",\"name\":\"Ho\u0159\u010di\u010dn\u00fd olej - NATURAL POLAND - Velkoobchodn\u00ed distributor surovin\",\"isPartOf\":{\"@id\":\"https:\\\/\\\/naturalpoland.com\\\/cs\\\/#website\"},\"primaryImageOfPage\":{\"@id\":\"https:\\\/\\\/naturalpoland.com\\\/cs\\\/produkty\\\/produkty-pro-potravinarsky-prumysl\\\/jedle-oleje\\\/horcicny-olej\\\/#primaryimage\"},\"image\":{\"@id\":\"https:\\\/\\\/naturalpoland.com\\\/cs\\\/produkty\\\/produkty-pro-potravinarsky-prumysl\\\/jedle-oleje\\\/horcicny-olej\\\/#primaryimage\"},\"thumbnailUrl\":\"https:\\\/\\\/naturalpoland.com\\\/wp-content\\\/uploads\\\/olej-z-nasion-gorczycy-bialej.webp\",\"datePublished\":\"2021-05-11T11:50:10+00:00\",\"dateModified\":\"2025-07-09T10:19:10+00:00\",\"description\":\"Olej ze semen b\u00edl\u00e9 ho\u0159\u010dice se vyzna\u010duje \u010dervenohn\u011bdou nebo jantarovou barvou a v\u00fdraznou, m\u00edrn\u011b pikantn\u00ed v\u016fn\u00ed.\",\"breadcrumb\":{\"@id\":\"https:\\\/\\\/naturalpoland.com\\\/cs\\\/produkty\\\/produkty-pro-potravinarsky-prumysl\\\/jedle-oleje\\\/horcicny-olej\\\/#breadcrumb\"},\"inLanguage\":\"cs\",\"potentialAction\":[{\"@type\":\"ReadAction\",\"target\":[\"https:\\\/\\\/naturalpoland.com\\\/cs\\\/produkty\\\/produkty-pro-potravinarsky-prumysl\\\/jedle-oleje\\\/horcicny-olej\\\/\"]}]},{\"@type\":\"ImageObject\",\"inLanguage\":\"cs\",\"@id\":\"https:\\\/\\\/naturalpoland.com\\\/cs\\\/produkty\\\/produkty-pro-potravinarsky-prumysl\\\/jedle-oleje\\\/horcicny-olej\\\/#primaryimage\",\"url\":\"https:\\\/\\\/naturalpoland.com\\\/wp-content\\\/uploads\\\/olej-z-nasion-gorczycy-bialej.webp\",\"contentUrl\":\"https:\\\/\\\/naturalpoland.com\\\/wp-content\\\/uploads\\\/olej-z-nasion-gorczycy-bialej.webp\",\"width\":614,\"height\":614,\"caption\":\"o\"},{\"@type\":\"BreadcrumbList\",\"@id\":\"https:\\\/\\\/naturalpoland.com\\\/cs\\\/produkty\\\/produkty-pro-potravinarsky-prumysl\\\/jedle-oleje\\\/horcicny-olej\\\/#breadcrumb\",\"itemListElement\":[{\"@type\":\"ListItem\",\"position\":1,\"name\":\"Dom\u016f\",\"item\":\"https:\\\/\\\/naturalpoland.com\\\/cs\\\/\"},{\"@type\":\"ListItem\",\"position\":2,\"name\":\"Produkty\",\"item\":\"https:\\\/\\\/naturalpoland.com\\\/cs\\\/produkty\\\/\"},{\"@type\":\"ListItem\",\"position\":3,\"name\":\"Ho\u0159\u010di\u010dn\u00fd olej\"}]},{\"@type\":\"WebSite\",\"@id\":\"https:\\\/\\\/naturalpoland.com\\\/cs\\\/#website\",\"url\":\"https:\\\/\\\/naturalpoland.com\\\/cs\\\/\",\"name\":\"NATURAL POLAND - Velkoobchodn\u00ed distributor surovin\",\"description\":\"Surowce dla przemys\u0142u spo\u017cywczego, kosmetycznego i farmaceutycznego\",\"publisher\":{\"@id\":\"https:\\\/\\\/naturalpoland.com\\\/cs\\\/#organization\"},\"potentialAction\":[{\"@type\":\"SearchAction\",\"target\":{\"@type\":\"EntryPoint\",\"urlTemplate\":\"https:\\\/\\\/naturalpoland.com\\\/cs\\\/?s={search_term_string}\"},\"query-input\":{\"@type\":\"PropertyValueSpecification\",\"valueRequired\":true,\"valueName\":\"search_term_string\"}}],\"inLanguage\":\"cs\"},{\"@type\":\"Organization\",\"@id\":\"https:\\\/\\\/naturalpoland.com\\\/cs\\\/#organization\",\"name\":\"Natural Poland\",\"url\":\"https:\\\/\\\/naturalpoland.com\\\/cs\\\/\",\"logo\":{\"@type\":\"ImageObject\",\"inLanguage\":\"cs\",\"@id\":\"https:\\\/\\\/naturalpoland.com\\\/cs\\\/#\\\/schema\\\/logo\\\/image\\\/\",\"url\":\"https:\\\/\\\/naturalpoland.com\\\/wp-content\\\/uploads\\\/2021\\\/05\\\/natural-poland-icon.png\",\"contentUrl\":\"https:\\\/\\\/naturalpoland.com\\\/wp-content\\\/uploads\\\/2021\\\/05\\\/natural-poland-icon.png\",\"width\":512,\"height\":512,\"caption\":\"Natural Poland\"},\"image\":{\"@id\":\"https:\\\/\\\/naturalpoland.com\\\/cs\\\/#\\\/schema\\\/logo\\\/image\\\/\"},\"sameAs\":[\"https:\\\/\\\/www.facebook.com\\\/naturalpoland.b2b\",\"https:\\\/\\\/pl.linkedin.com\\\/company\\\/natural-poland\",\"https:\\\/\\\/www.youtube.com\\\/channel\\\/UCgeGGkvOMahZo-xu_MSEWxg\"]}]}<\/script>\n<!-- \/ Yoast SEO plugin. -->","yoast_head_json":{"title":"Ho\u0159\u010di\u010dn\u00fd olej - NATURAL POLAND - Velkoobchodn\u00ed distributor surovin","description":"Olej ze semen b\u00edl\u00e9 ho\u0159\u010dice se vyzna\u010duje \u010dervenohn\u011bdou nebo jantarovou barvou a v\u00fdraznou, m\u00edrn\u011b pikantn\u00ed v\u016fn\u00ed.","robots":{"index":"index","follow":"follow","max-snippet":"max-snippet:-1","max-image-preview":"max-image-preview:large","max-video-preview":"max-video-preview:-1"},"canonical":"https:\/\/naturalpoland.com\/cs\/produkty\/produkty-pro-potravinarsky-prumysl\/jedle-oleje\/horcicny-olej\/","og_locale":"cs_CZ","og_type":"article","og_title":"Ho\u0159\u010di\u010dn\u00fd olej - NATURAL POLAND - Velkoobchodn\u00ed distributor surovin","og_description":"Olej ze semen b\u00edl\u00e9 ho\u0159\u010dice se vyzna\u010duje \u010dervenohn\u011bdou nebo jantarovou barvou a v\u00fdraznou, m\u00edrn\u011b pikantn\u00ed v\u016fn\u00ed.","og_url":"https:\/\/naturalpoland.com\/cs\/produkty\/produkty-pro-potravinarsky-prumysl\/jedle-oleje\/horcicny-olej\/","og_site_name":"NATURAL POLAND - Velkoobchodn\u00ed distributor surovin","article_publisher":"https:\/\/www.facebook.com\/naturalpoland.b2b","article_modified_time":"2025-07-09T10:19:10+00:00","og_image":[{"width":614,"height":614,"url":"https:\/\/naturalpoland.com\/wp-content\/uploads\/olej-z-nasion-gorczycy-bialej.webp","type":"image\/webp"}],"schema":{"@context":"https:\/\/schema.org","@graph":[{"@type":"WebPage","@id":"https:\/\/naturalpoland.com\/cs\/produkty\/produkty-pro-potravinarsky-prumysl\/jedle-oleje\/horcicny-olej\/","url":"https:\/\/naturalpoland.com\/cs\/produkty\/produkty-pro-potravinarsky-prumysl\/jedle-oleje\/horcicny-olej\/","name":"Ho\u0159\u010di\u010dn\u00fd olej - NATURAL POLAND - Velkoobchodn\u00ed distributor surovin","isPartOf":{"@id":"https:\/\/naturalpoland.com\/cs\/#website"},"primaryImageOfPage":{"@id":"https:\/\/naturalpoland.com\/cs\/produkty\/produkty-pro-potravinarsky-prumysl\/jedle-oleje\/horcicny-olej\/#primaryimage"},"image":{"@id":"https:\/\/naturalpoland.com\/cs\/produkty\/produkty-pro-potravinarsky-prumysl\/jedle-oleje\/horcicny-olej\/#primaryimage"},"thumbnailUrl":"https:\/\/naturalpoland.com\/wp-content\/uploads\/olej-z-nasion-gorczycy-bialej.webp","datePublished":"2021-05-11T11:50:10+00:00","dateModified":"2025-07-09T10:19:10+00:00","description":"Olej ze semen b\u00edl\u00e9 ho\u0159\u010dice se vyzna\u010duje \u010dervenohn\u011bdou nebo jantarovou barvou a v\u00fdraznou, m\u00edrn\u011b pikantn\u00ed v\u016fn\u00ed.","breadcrumb":{"@id":"https:\/\/naturalpoland.com\/cs\/produkty\/produkty-pro-potravinarsky-prumysl\/jedle-oleje\/horcicny-olej\/#breadcrumb"},"inLanguage":"cs","potentialAction":[{"@type":"ReadAction","target":["https:\/\/naturalpoland.com\/cs\/produkty\/produkty-pro-potravinarsky-prumysl\/jedle-oleje\/horcicny-olej\/"]}]},{"@type":"ImageObject","inLanguage":"cs","@id":"https:\/\/naturalpoland.com\/cs\/produkty\/produkty-pro-potravinarsky-prumysl\/jedle-oleje\/horcicny-olej\/#primaryimage","url":"https:\/\/naturalpoland.com\/wp-content\/uploads\/olej-z-nasion-gorczycy-bialej.webp","contentUrl":"https:\/\/naturalpoland.com\/wp-content\/uploads\/olej-z-nasion-gorczycy-bialej.webp","width":614,"height":614,"caption":"o"},{"@type":"BreadcrumbList","@id":"https:\/\/naturalpoland.com\/cs\/produkty\/produkty-pro-potravinarsky-prumysl\/jedle-oleje\/horcicny-olej\/#breadcrumb","itemListElement":[{"@type":"ListItem","position":1,"name":"Dom\u016f","item":"https:\/\/naturalpoland.com\/cs\/"},{"@type":"ListItem","position":2,"name":"Produkty","item":"https:\/\/naturalpoland.com\/cs\/produkty\/"},{"@type":"ListItem","position":3,"name":"Ho\u0159\u010di\u010dn\u00fd olej"}]},{"@type":"WebSite","@id":"https:\/\/naturalpoland.com\/cs\/#website","url":"https:\/\/naturalpoland.com\/cs\/","name":"NATURAL POLAND - Velkoobchodn\u00ed distributor surovin","description":"Surowce dla przemys\u0142u spo\u017cywczego, kosmetycznego i farmaceutycznego","publisher":{"@id":"https:\/\/naturalpoland.com\/cs\/#organization"},"potentialAction":[{"@type":"SearchAction","target":{"@type":"EntryPoint","urlTemplate":"https:\/\/naturalpoland.com\/cs\/?s={search_term_string}"},"query-input":{"@type":"PropertyValueSpecification","valueRequired":true,"valueName":"search_term_string"}}],"inLanguage":"cs"},{"@type":"Organization","@id":"https:\/\/naturalpoland.com\/cs\/#organization","name":"Natural Poland","url":"https:\/\/naturalpoland.com\/cs\/","logo":{"@type":"ImageObject","inLanguage":"cs","@id":"https:\/\/naturalpoland.com\/cs\/#\/schema\/logo\/image\/","url":"https:\/\/naturalpoland.com\/wp-content\/uploads\/2021\/05\/natural-poland-icon.png","contentUrl":"https:\/\/naturalpoland.com\/wp-content\/uploads\/2021\/05\/natural-poland-icon.png","width":512,"height":512,"caption":"Natural Poland"},"image":{"@id":"https:\/\/naturalpoland.com\/cs\/#\/schema\/logo\/image\/"},"sameAs":["https:\/\/www.facebook.com\/naturalpoland.b2b","https:\/\/pl.linkedin.com\/company\/natural-poland","https:\/\/www.youtube.com\/channel\/UCgeGGkvOMahZo-xu_MSEWxg"]}]}},"_links":{"self":[{"href":"https:\/\/naturalpoland.com\/cs\/wp-json\/wp\/v2\/product\/11475","targetHints":{"allow":["GET"]}}],"collection":[{"href":"https:\/\/naturalpoland.com\/cs\/wp-json\/wp\/v2\/product"}],"about":[{"href":"https:\/\/naturalpoland.com\/cs\/wp-json\/wp\/v2\/types\/product"}],"wp:featuredmedia":[{"embeddable":true,"href":"https:\/\/naturalpoland.com\/cs\/wp-json\/wp\/v2\/media\/37450"}],"wp:attachment":[{"href":"https:\/\/naturalpoland.com\/cs\/wp-json\/wp\/v2\/media?parent=11475"}],"wp:term":[{"taxonomy":"product_brand","embeddable":true,"href":"https:\/\/naturalpoland.com\/cs\/wp-json\/wp\/v2\/product_brand?post=11475"},{"taxonomy":"product_cat","embeddable":true,"href":"https:\/\/naturalpoland.com\/cs\/wp-json\/wp\/v2\/product_cat?post=11475"},{"taxonomy":"product_tag","embeddable":true,"href":"https:\/\/naturalpoland.com\/cs\/wp-json\/wp\/v2\/product_tag?post=11475"}],"curies":[{"name":"wp","href":"https:\/\/api.w.org\/{rel}","templated":true}]}}