{"id":11531,"date":"2021-05-11T13:53:44","date_gmt":"2021-09-21T10:14:29","guid":{"rendered":"https:\/\/naturalpoland.pl\/produkty\/nezarazene\/peeling-boruvkoveho-seminka\/"},"modified":"2021-09-21T12:14:29","modified_gmt":"2021-09-21T10:14:29","slug":"loupani-bobuli","status":"publish","type":"product","link":"https:\/\/naturalpoland.com\/cs\/produkty\/produkty-pro-kosmeticky-prumysl\/peelingy\/loupani-bobuli\/","title":{"rendered":"Peeling bor\u016fvkov\u00e9ho sem\u00ednka"},"content":{"rendered":"<p>Vyplat\u00ed se pou\u017e\u00edt:<br \/>\nPeeling bor\u016fvkov\u00fdch sem\u00ednek je p\u0159\u00edrodn\u00ed kosmetika. Obsahuje vysokou koncentraci vitam\u00edn\u016f, antokyan\u016f a flavonoid\u016f. M\u00e1 omlazuj\u00edc\u00ed a osv\u011b\u017euj\u00edc\u00ed \u00fa\u010dinek. Jeho pravideln\u00e9 pou\u017e\u00edv\u00e1n\u00ed sni\u017euje viditelnost jizev a stri\u00ed, sjednocuje barvu a viditeln\u011b zpev\u0148uje poko\u017eku. M\u00e1 tak\u00e9 pozitivn\u00ed vliv na jeho prokrven\u00ed a okysli\u010den\u00ed. Peeling vyhlazuje poko\u017eku a zjem\u0148uje ji.<\/p>\n<p>&nbsp;<\/p>\n","protected":false},"excerpt":{"rendered":"<p><strong>Peeling bor\u016fvkov\u00e9ho sem\u00ednka<\/strong> poskytuje rychl\u00fd pocit hydratace a hladkosti. Pou\u017e\u00edv\u00e1 se k mechanick\u00e9mu odlupov\u00e1n\u00ed poko\u017eky. P\u0159id\u00e1v\u00e1 se do kosmetiky ve form\u011b gelu, kr\u00e9mu nebo oleje, aby byla p\u0159ipravena k pou\u017eit\u00ed a snadno se rozt\u00edrala po poko\u017ece. Takov\u00fd peeling, v z\u00e1vislosti na pot\u0159eb\u00e1ch poko\u017eky, lze pou\u017e\u00edt i dvakr\u00e1t t\u00fddn\u011b.<\/p>\n","protected":false},"featured_media":6295,"template":"","meta":[],"product_brand":[],"product_cat":[637],"product_tag":[],"class_list":{"0":"post-11531","1":"product","2":"type-product","3":"status-publish","4":"has-post-thumbnail","6":"product_cat-peelingy","8":"first","9":"instock","10":"shipping-taxable","11":"product-type-simple"},"yoast_head":"<!-- This site is optimized with the Yoast SEO plugin v27.4 - https:\/\/yoast.com\/product\/yoast-seo-wordpress\/ -->\n<title>Peeling bor\u016fvkov\u00e9ho sem\u00ednka - Velkoobchodn\u00ed distributor<\/title>\n<meta name=\"robots\" content=\"index, follow, max-snippet:-1, max-image-preview:large, max-video-preview:-1\" \/>\n<link rel=\"canonical\" href=\"https:\/\/naturalpoland.com\/cs\/produkty\/produkty-pro-kosmeticky-prumysl\/peelingy\/loupani-bobuli\/\" \/>\n<meta property=\"og:locale\" content=\"cs_CZ\" \/>\n<meta property=\"og:type\" content=\"article\" \/>\n<meta property=\"og:title\" content=\"Peeling bor\u016fvkov\u00e9ho sem\u00ednka - Velkoobchodn\u00ed distributor\" \/>\n<meta property=\"og:description\" content=\"Peeling bor\u016fvkov\u00e9ho sem\u00ednka poskytuje rychl\u00fd pocit hydratace a hladkosti. Pou\u017e\u00edv\u00e1 se k mechanick\u00e9mu odlupov\u00e1n\u00ed poko\u017eky. P\u0159id\u00e1v\u00e1 se do kosmetiky ve form\u011b gelu, kr\u00e9mu nebo oleje, aby byla p\u0159ipravena k pou\u017eit\u00ed a snadno se rozt\u00edrala po poko\u017ece. Takov\u00fd peeling, v z\u00e1vislosti na pot\u0159eb\u00e1ch poko\u017eky, lze pou\u017e\u00edt i dvakr\u00e1t t\u00fddn\u011b.\" \/>\n<meta property=\"og:url\" content=\"https:\/\/naturalpoland.com\/cs\/produkty\/produkty-pro-kosmeticky-prumysl\/peelingy\/loupani-bobuli\/\" \/>\n<meta property=\"og:site_name\" content=\"NATURAL POLAND - Velkoobchodn\u00ed distributor surovin\" \/>\n<meta property=\"article:publisher\" content=\"https:\/\/www.facebook.com\/naturalpoland.b2b\" \/>\n<meta property=\"og:image\" content=\"https:\/\/naturalpoland.com\/wp-content\/uploads\/2021\/05\/peeling-z-nasion-jagody.png\" \/>\n\t<meta property=\"og:image:width\" content=\"1130\" \/>\n\t<meta property=\"og:image:height\" content=\"1073\" \/>\n\t<meta property=\"og:image:type\" content=\"image\/png\" \/>\n<script type=\"application\/ld+json\" class=\"yoast-schema-graph\">{\"@context\":\"https:\\\/\\\/schema.org\",\"@graph\":[{\"@type\":\"WebPage\",\"@id\":\"https:\\\/\\\/naturalpoland.com\\\/cs\\\/produkty\\\/produkty-pro-kosmeticky-prumysl\\\/peelingy\\\/loupani-bobuli\\\/\",\"url\":\"https:\\\/\\\/naturalpoland.com\\\/cs\\\/produkty\\\/produkty-pro-kosmeticky-prumysl\\\/peelingy\\\/loupani-bobuli\\\/\",\"name\":\"Peeling bor\u016fvkov\u00e9ho sem\u00ednka - Velkoobchodn\u00ed distributor\",\"isPartOf\":{\"@id\":\"https:\\\/\\\/naturalpoland.com\\\/cs\\\/#website\"},\"primaryImageOfPage\":{\"@id\":\"https:\\\/\\\/naturalpoland.com\\\/cs\\\/produkty\\\/produkty-pro-kosmeticky-prumysl\\\/peelingy\\\/loupani-bobuli\\\/#primaryimage\"},\"image\":{\"@id\":\"https:\\\/\\\/naturalpoland.com\\\/cs\\\/produkty\\\/produkty-pro-kosmeticky-prumysl\\\/peelingy\\\/loupani-bobuli\\\/#primaryimage\"},\"thumbnailUrl\":\"https:\\\/\\\/naturalpoland.com\\\/wp-content\\\/uploads\\\/2021\\\/05\\\/peeling-z-nasion-jagody.png\",\"datePublished\":\"2021-09-21T10:14:29+00:00\",\"breadcrumb\":{\"@id\":\"https:\\\/\\\/naturalpoland.com\\\/cs\\\/produkty\\\/produkty-pro-kosmeticky-prumysl\\\/peelingy\\\/loupani-bobuli\\\/#breadcrumb\"},\"inLanguage\":\"cs\",\"potentialAction\":[{\"@type\":\"ReadAction\",\"target\":[\"https:\\\/\\\/naturalpoland.com\\\/cs\\\/produkty\\\/produkty-pro-kosmeticky-prumysl\\\/peelingy\\\/loupani-bobuli\\\/\"]}]},{\"@type\":\"ImageObject\",\"inLanguage\":\"cs\",\"@id\":\"https:\\\/\\\/naturalpoland.com\\\/cs\\\/produkty\\\/produkty-pro-kosmeticky-prumysl\\\/peelingy\\\/loupani-bobuli\\\/#primaryimage\",\"url\":\"https:\\\/\\\/naturalpoland.com\\\/wp-content\\\/uploads\\\/2021\\\/05\\\/peeling-z-nasion-jagody.png\",\"contentUrl\":\"https:\\\/\\\/naturalpoland.com\\\/wp-content\\\/uploads\\\/2021\\\/05\\\/peeling-z-nasion-jagody.png\",\"width\":1130,\"height\":1073,\"caption\":\"loup\u00e1n\u00ed semen bobul\u00ed\"},{\"@type\":\"BreadcrumbList\",\"@id\":\"https:\\\/\\\/naturalpoland.com\\\/cs\\\/produkty\\\/produkty-pro-kosmeticky-prumysl\\\/peelingy\\\/loupani-bobuli\\\/#breadcrumb\",\"itemListElement\":[{\"@type\":\"ListItem\",\"position\":1,\"name\":\"Dom\u016f\",\"item\":\"https:\\\/\\\/naturalpoland.com\\\/cs\\\/\"},{\"@type\":\"ListItem\",\"position\":2,\"name\":\"Produkty\",\"item\":\"https:\\\/\\\/naturalpoland.com\\\/cs\\\/produkty\\\/\"},{\"@type\":\"ListItem\",\"position\":3,\"name\":\"Peeling bor\u016fvkov\u00e9ho sem\u00ednka\"}]},{\"@type\":\"WebSite\",\"@id\":\"https:\\\/\\\/naturalpoland.com\\\/cs\\\/#website\",\"url\":\"https:\\\/\\\/naturalpoland.com\\\/cs\\\/\",\"name\":\"NATURAL POLAND - Velkoobchodn\u00ed distributor surovin\",\"description\":\"Surowce dla przemys\u0142u spo\u017cywczego, kosmetycznego i farmaceutycznego\",\"publisher\":{\"@id\":\"https:\\\/\\\/naturalpoland.com\\\/cs\\\/#organization\"},\"potentialAction\":[{\"@type\":\"SearchAction\",\"target\":{\"@type\":\"EntryPoint\",\"urlTemplate\":\"https:\\\/\\\/naturalpoland.com\\\/cs\\\/?s={search_term_string}\"},\"query-input\":{\"@type\":\"PropertyValueSpecification\",\"valueRequired\":true,\"valueName\":\"search_term_string\"}}],\"inLanguage\":\"cs\"},{\"@type\":\"Organization\",\"@id\":\"https:\\\/\\\/naturalpoland.com\\\/cs\\\/#organization\",\"name\":\"Natural Poland\",\"url\":\"https:\\\/\\\/naturalpoland.com\\\/cs\\\/\",\"logo\":{\"@type\":\"ImageObject\",\"inLanguage\":\"cs\",\"@id\":\"https:\\\/\\\/naturalpoland.com\\\/cs\\\/#\\\/schema\\\/logo\\\/image\\\/\",\"url\":\"https:\\\/\\\/naturalpoland.com\\\/wp-content\\\/uploads\\\/2021\\\/05\\\/natural-poland-icon.png\",\"contentUrl\":\"https:\\\/\\\/naturalpoland.com\\\/wp-content\\\/uploads\\\/2021\\\/05\\\/natural-poland-icon.png\",\"width\":512,\"height\":512,\"caption\":\"Natural Poland\"},\"image\":{\"@id\":\"https:\\\/\\\/naturalpoland.com\\\/cs\\\/#\\\/schema\\\/logo\\\/image\\\/\"},\"sameAs\":[\"https:\\\/\\\/www.facebook.com\\\/naturalpoland.b2b\",\"https:\\\/\\\/pl.linkedin.com\\\/company\\\/natural-poland\",\"https:\\\/\\\/www.youtube.com\\\/channel\\\/UCgeGGkvOMahZo-xu_MSEWxg\"]}]}<\/script>\n<!-- \/ Yoast SEO plugin. -->","yoast_head_json":{"title":"Peeling bor\u016fvkov\u00e9ho sem\u00ednka - Velkoobchodn\u00ed distributor","robots":{"index":"index","follow":"follow","max-snippet":"max-snippet:-1","max-image-preview":"max-image-preview:large","max-video-preview":"max-video-preview:-1"},"canonical":"https:\/\/naturalpoland.com\/cs\/produkty\/produkty-pro-kosmeticky-prumysl\/peelingy\/loupani-bobuli\/","og_locale":"cs_CZ","og_type":"article","og_title":"Peeling bor\u016fvkov\u00e9ho sem\u00ednka - Velkoobchodn\u00ed distributor","og_description":"Peeling bor\u016fvkov\u00e9ho sem\u00ednka poskytuje rychl\u00fd pocit hydratace a hladkosti. Pou\u017e\u00edv\u00e1 se k mechanick\u00e9mu odlupov\u00e1n\u00ed poko\u017eky. P\u0159id\u00e1v\u00e1 se do kosmetiky ve form\u011b gelu, kr\u00e9mu nebo oleje, aby byla p\u0159ipravena k pou\u017eit\u00ed a snadno se rozt\u00edrala po poko\u017ece. Takov\u00fd peeling, v z\u00e1vislosti na pot\u0159eb\u00e1ch poko\u017eky, lze pou\u017e\u00edt i dvakr\u00e1t t\u00fddn\u011b.","og_url":"https:\/\/naturalpoland.com\/cs\/produkty\/produkty-pro-kosmeticky-prumysl\/peelingy\/loupani-bobuli\/","og_site_name":"NATURAL POLAND - Velkoobchodn\u00ed distributor surovin","article_publisher":"https:\/\/www.facebook.com\/naturalpoland.b2b","og_image":[{"width":1130,"height":1073,"url":"https:\/\/naturalpoland.com\/wp-content\/uploads\/2021\/05\/peeling-z-nasion-jagody.png","type":"image\/png"}],"schema":{"@context":"https:\/\/schema.org","@graph":[{"@type":"WebPage","@id":"https:\/\/naturalpoland.com\/cs\/produkty\/produkty-pro-kosmeticky-prumysl\/peelingy\/loupani-bobuli\/","url":"https:\/\/naturalpoland.com\/cs\/produkty\/produkty-pro-kosmeticky-prumysl\/peelingy\/loupani-bobuli\/","name":"Peeling bor\u016fvkov\u00e9ho sem\u00ednka - Velkoobchodn\u00ed distributor","isPartOf":{"@id":"https:\/\/naturalpoland.com\/cs\/#website"},"primaryImageOfPage":{"@id":"https:\/\/naturalpoland.com\/cs\/produkty\/produkty-pro-kosmeticky-prumysl\/peelingy\/loupani-bobuli\/#primaryimage"},"image":{"@id":"https:\/\/naturalpoland.com\/cs\/produkty\/produkty-pro-kosmeticky-prumysl\/peelingy\/loupani-bobuli\/#primaryimage"},"thumbnailUrl":"https:\/\/naturalpoland.com\/wp-content\/uploads\/2021\/05\/peeling-z-nasion-jagody.png","datePublished":"2021-09-21T10:14:29+00:00","breadcrumb":{"@id":"https:\/\/naturalpoland.com\/cs\/produkty\/produkty-pro-kosmeticky-prumysl\/peelingy\/loupani-bobuli\/#breadcrumb"},"inLanguage":"cs","potentialAction":[{"@type":"ReadAction","target":["https:\/\/naturalpoland.com\/cs\/produkty\/produkty-pro-kosmeticky-prumysl\/peelingy\/loupani-bobuli\/"]}]},{"@type":"ImageObject","inLanguage":"cs","@id":"https:\/\/naturalpoland.com\/cs\/produkty\/produkty-pro-kosmeticky-prumysl\/peelingy\/loupani-bobuli\/#primaryimage","url":"https:\/\/naturalpoland.com\/wp-content\/uploads\/2021\/05\/peeling-z-nasion-jagody.png","contentUrl":"https:\/\/naturalpoland.com\/wp-content\/uploads\/2021\/05\/peeling-z-nasion-jagody.png","width":1130,"height":1073,"caption":"loup\u00e1n\u00ed semen bobul\u00ed"},{"@type":"BreadcrumbList","@id":"https:\/\/naturalpoland.com\/cs\/produkty\/produkty-pro-kosmeticky-prumysl\/peelingy\/loupani-bobuli\/#breadcrumb","itemListElement":[{"@type":"ListItem","position":1,"name":"Dom\u016f","item":"https:\/\/naturalpoland.com\/cs\/"},{"@type":"ListItem","position":2,"name":"Produkty","item":"https:\/\/naturalpoland.com\/cs\/produkty\/"},{"@type":"ListItem","position":3,"name":"Peeling bor\u016fvkov\u00e9ho sem\u00ednka"}]},{"@type":"WebSite","@id":"https:\/\/naturalpoland.com\/cs\/#website","url":"https:\/\/naturalpoland.com\/cs\/","name":"NATURAL POLAND - Velkoobchodn\u00ed distributor surovin","description":"Surowce dla przemys\u0142u spo\u017cywczego, kosmetycznego i farmaceutycznego","publisher":{"@id":"https:\/\/naturalpoland.com\/cs\/#organization"},"potentialAction":[{"@type":"SearchAction","target":{"@type":"EntryPoint","urlTemplate":"https:\/\/naturalpoland.com\/cs\/?s={search_term_string}"},"query-input":{"@type":"PropertyValueSpecification","valueRequired":true,"valueName":"search_term_string"}}],"inLanguage":"cs"},{"@type":"Organization","@id":"https:\/\/naturalpoland.com\/cs\/#organization","name":"Natural Poland","url":"https:\/\/naturalpoland.com\/cs\/","logo":{"@type":"ImageObject","inLanguage":"cs","@id":"https:\/\/naturalpoland.com\/cs\/#\/schema\/logo\/image\/","url":"https:\/\/naturalpoland.com\/wp-content\/uploads\/2021\/05\/natural-poland-icon.png","contentUrl":"https:\/\/naturalpoland.com\/wp-content\/uploads\/2021\/05\/natural-poland-icon.png","width":512,"height":512,"caption":"Natural Poland"},"image":{"@id":"https:\/\/naturalpoland.com\/cs\/#\/schema\/logo\/image\/"},"sameAs":["https:\/\/www.facebook.com\/naturalpoland.b2b","https:\/\/pl.linkedin.com\/company\/natural-poland","https:\/\/www.youtube.com\/channel\/UCgeGGkvOMahZo-xu_MSEWxg"]}]}},"_links":{"self":[{"href":"https:\/\/naturalpoland.com\/cs\/wp-json\/wp\/v2\/product\/11531","targetHints":{"allow":["GET"]}}],"collection":[{"href":"https:\/\/naturalpoland.com\/cs\/wp-json\/wp\/v2\/product"}],"about":[{"href":"https:\/\/naturalpoland.com\/cs\/wp-json\/wp\/v2\/types\/product"}],"wp:featuredmedia":[{"embeddable":true,"href":"https:\/\/naturalpoland.com\/cs\/wp-json\/wp\/v2\/media\/6295"}],"wp:attachment":[{"href":"https:\/\/naturalpoland.com\/cs\/wp-json\/wp\/v2\/media?parent=11531"}],"wp:term":[{"taxonomy":"product_brand","embeddable":true,"href":"https:\/\/naturalpoland.com\/cs\/wp-json\/wp\/v2\/product_brand?post=11531"},{"taxonomy":"product_cat","embeddable":true,"href":"https:\/\/naturalpoland.com\/cs\/wp-json\/wp\/v2\/product_cat?post=11531"},{"taxonomy":"product_tag","embeddable":true,"href":"https:\/\/naturalpoland.com\/cs\/wp-json\/wp\/v2\/product_tag?post=11531"}],"curies":[{"name":"wp","href":"https:\/\/api.w.org\/{rel}","templated":true}]}}