{"id":11609,"date":"2021-05-11T13:55:24","date_gmt":"2021-09-21T10:15:29","guid":{"rendered":"https:\/\/naturalpoland.pl\/produkty\/nezarazene\/platky-mesicku-lekarskeho\/"},"modified":"2021-09-21T12:15:29","modified_gmt":"2021-09-21T10:15:29","slug":"okvetni-listky-mesicku","status":"publish","type":"product","link":"https:\/\/naturalpoland.com\/cs\/produkty\/rostlinne-produkty\/okvetni-listky-mesicku\/","title":{"rendered":"Pl\u00e1tky m\u011bs\u00ed\u010dku l\u00e9ka\u0159sk\u00e9ho"},"content":{"rendered":"<p>Pl\u00e1tky m\u011bs\u00ed\u010dku l\u00e9ka\u0159sk\u00e9ho urychluj\u00ed regeneraci poko\u017eky. M\u011bly by b\u00fdt pou\u017e\u00edv\u00e1ny v p\u00e9\u010di o podr\u00e1\u017ed\u011bnou, citlivou a suchou poko\u017eku. Maj\u00ed protiz\u00e1n\u011btliv\u00e9 a bakteriostatick\u00e9 \u00fa\u010dinky. Podlo\u017eky lze tak\u00e9 pou\u017e\u00edt jako sou\u010d\u00e1st p\u0159\u00edpravk\u016f na k\u016f\u017ei s po\u0161kozen\u00edm, pohmo\u017ed\u011bninami nebo pop\u00e1leninami. M\u016f\u017ee b\u00fdt tak\u00e9 z\u00e1kladem pro macer\u00e1ty a odvary, kter\u00e9 poko\u017eku hydratuj\u00ed a regeneruj\u00ed.<\/p>\n","protected":false},"excerpt":{"rendered":"<p>Pl\u00e1tky m\u011bs\u00ed\u010dku l\u00e9ka\u0159sk\u00e9ho maj\u00ed charakteristickou oran\u017eovou barvu a p\u0159\u00edjemnou v\u016fni. P\u0159id\u00e1vaj\u00ed se hlavn\u011b do koupelov\u00e9 kosmetiky &#8211; m\u00fddla, s\u016fl, koule do koupele a p\u0159\u00edrodn\u00ed k\u0159oviny d\u00edky tomu, \u017ee zvy\u0161uj\u00ed jejich estetickou hodnotu. M\u011bs\u00ed\u010dek m\u00e1 v\u0161ak tak\u00e9 pozitivn\u00ed vliv na poko\u017eku, co\u017e stoj\u00ed za zapamatov\u00e1n\u00ed.<\/p>\n","protected":false},"featured_media":11612,"template":"","meta":{"_acf_changed":false},"product_brand":[],"product_cat":[642],"product_tag":[],"class_list":{"0":"post-11609","1":"product","2":"type-product","3":"status-publish","4":"has-post-thumbnail","6":"product_cat-rostlinne-produkty","8":"first","9":"instock","10":"shipping-taxable","11":"product-type-simple"},"acf":[],"yoast_head":"<!-- This site is optimized with the Yoast SEO plugin v27.5 - https:\/\/yoast.com\/product\/yoast-seo-wordpress\/ -->\n<title>Pl\u00e1tky m\u011bs\u00ed\u010dku l\u00e9ka\u0159sk\u00e9ho - Velkoobchodn\u00ed distributor<\/title>\n<meta name=\"robots\" content=\"index, follow, max-snippet:-1, max-image-preview:large, max-video-preview:-1\" \/>\n<link rel=\"canonical\" href=\"https:\/\/naturalpoland.com\/cs\/produkty\/rostlinne-produkty\/okvetni-listky-mesicku\/\" \/>\n<meta property=\"og:locale\" content=\"cs_CZ\" \/>\n<meta property=\"og:type\" content=\"article\" \/>\n<meta property=\"og:title\" content=\"Pl\u00e1tky m\u011bs\u00ed\u010dku l\u00e9ka\u0159sk\u00e9ho - Velkoobchodn\u00ed distributor\" \/>\n<meta property=\"og:description\" content=\"Pl\u00e1tky m\u011bs\u00ed\u010dku l\u00e9ka\u0159sk\u00e9ho maj\u00ed charakteristickou oran\u017eovou barvu a p\u0159\u00edjemnou v\u016fni. P\u0159id\u00e1vaj\u00ed se hlavn\u011b do koupelov\u00e9 kosmetiky - m\u00fddla, s\u016fl, koule do koupele a p\u0159\u00edrodn\u00ed k\u0159oviny d\u00edky tomu, \u017ee zvy\u0161uj\u00ed jejich estetickou hodnotu. M\u011bs\u00ed\u010dek m\u00e1 v\u0161ak tak\u00e9 pozitivn\u00ed vliv na poko\u017eku, co\u017e stoj\u00ed za zapamatov\u00e1n\u00ed.\" \/>\n<meta property=\"og:url\" content=\"https:\/\/naturalpoland.com\/cs\/produkty\/rostlinne-produkty\/okvetni-listky-mesicku\/\" \/>\n<meta property=\"og:site_name\" content=\"NATURAL POLAND - Velkoobchodn\u00ed distributor surovin\" \/>\n<meta property=\"article:publisher\" content=\"https:\/\/www.facebook.com\/naturalpoland.b2b\" \/>\n<meta property=\"og:image\" content=\"https:\/\/naturalpoland.com\/wp-content\/uploads\/2021\/05\/calendula-petals.png\" \/>\n\t<meta property=\"og:image:width\" content=\"640\" \/>\n\t<meta property=\"og:image:height\" content=\"640\" \/>\n\t<meta property=\"og:image:type\" content=\"image\/png\" \/>\n<script type=\"application\/ld+json\" class=\"yoast-schema-graph\">{\"@context\":\"https:\\\/\\\/schema.org\",\"@graph\":[{\"@type\":\"WebPage\",\"@id\":\"https:\\\/\\\/naturalpoland.com\\\/cs\\\/produkty\\\/rostlinne-produkty\\\/okvetni-listky-mesicku\\\/\",\"url\":\"https:\\\/\\\/naturalpoland.com\\\/cs\\\/produkty\\\/rostlinne-produkty\\\/okvetni-listky-mesicku\\\/\",\"name\":\"Pl\u00e1tky m\u011bs\u00ed\u010dku l\u00e9ka\u0159sk\u00e9ho - Velkoobchodn\u00ed distributor\",\"isPartOf\":{\"@id\":\"https:\\\/\\\/naturalpoland.com\\\/cs\\\/#website\"},\"primaryImageOfPage\":{\"@id\":\"https:\\\/\\\/naturalpoland.com\\\/cs\\\/produkty\\\/rostlinne-produkty\\\/okvetni-listky-mesicku\\\/#primaryimage\"},\"image\":{\"@id\":\"https:\\\/\\\/naturalpoland.com\\\/cs\\\/produkty\\\/rostlinne-produkty\\\/okvetni-listky-mesicku\\\/#primaryimage\"},\"thumbnailUrl\":\"https:\\\/\\\/naturalpoland.com\\\/wp-content\\\/uploads\\\/2021\\\/05\\\/calendula-petals.png\",\"datePublished\":\"2021-09-21T10:15:29+00:00\",\"breadcrumb\":{\"@id\":\"https:\\\/\\\/naturalpoland.com\\\/cs\\\/produkty\\\/rostlinne-produkty\\\/okvetni-listky-mesicku\\\/#breadcrumb\"},\"inLanguage\":\"cs\",\"potentialAction\":[{\"@type\":\"ReadAction\",\"target\":[\"https:\\\/\\\/naturalpoland.com\\\/cs\\\/produkty\\\/rostlinne-produkty\\\/okvetni-listky-mesicku\\\/\"]}]},{\"@type\":\"ImageObject\",\"inLanguage\":\"cs\",\"@id\":\"https:\\\/\\\/naturalpoland.com\\\/cs\\\/produkty\\\/rostlinne-produkty\\\/okvetni-listky-mesicku\\\/#primaryimage\",\"url\":\"https:\\\/\\\/naturalpoland.com\\\/wp-content\\\/uploads\\\/2021\\\/05\\\/calendula-petals.png\",\"contentUrl\":\"https:\\\/\\\/naturalpoland.com\\\/wp-content\\\/uploads\\\/2021\\\/05\\\/calendula-petals.png\",\"width\":640,\"height\":640},{\"@type\":\"BreadcrumbList\",\"@id\":\"https:\\\/\\\/naturalpoland.com\\\/cs\\\/produkty\\\/rostlinne-produkty\\\/okvetni-listky-mesicku\\\/#breadcrumb\",\"itemListElement\":[{\"@type\":\"ListItem\",\"position\":1,\"name\":\"Dom\u016f\",\"item\":\"https:\\\/\\\/naturalpoland.com\\\/cs\\\/\"},{\"@type\":\"ListItem\",\"position\":2,\"name\":\"Produkty\",\"item\":\"https:\\\/\\\/naturalpoland.com\\\/cs\\\/produkty\\\/\"},{\"@type\":\"ListItem\",\"position\":3,\"name\":\"Pl\u00e1tky m\u011bs\u00ed\u010dku l\u00e9ka\u0159sk\u00e9ho\"}]},{\"@type\":\"WebSite\",\"@id\":\"https:\\\/\\\/naturalpoland.com\\\/cs\\\/#website\",\"url\":\"https:\\\/\\\/naturalpoland.com\\\/cs\\\/\",\"name\":\"NATURAL POLAND - Velkoobchodn\u00ed distributor surovin\",\"description\":\"Surowce dla przemys\u0142u spo\u017cywczego, kosmetycznego i farmaceutycznego\",\"publisher\":{\"@id\":\"https:\\\/\\\/naturalpoland.com\\\/cs\\\/#organization\"},\"potentialAction\":[{\"@type\":\"SearchAction\",\"target\":{\"@type\":\"EntryPoint\",\"urlTemplate\":\"https:\\\/\\\/naturalpoland.com\\\/cs\\\/?s={search_term_string}\"},\"query-input\":{\"@type\":\"PropertyValueSpecification\",\"valueRequired\":true,\"valueName\":\"search_term_string\"}}],\"inLanguage\":\"cs\"},{\"@type\":\"Organization\",\"@id\":\"https:\\\/\\\/naturalpoland.com\\\/cs\\\/#organization\",\"name\":\"Natural Poland\",\"url\":\"https:\\\/\\\/naturalpoland.com\\\/cs\\\/\",\"logo\":{\"@type\":\"ImageObject\",\"inLanguage\":\"cs\",\"@id\":\"https:\\\/\\\/naturalpoland.com\\\/cs\\\/#\\\/schema\\\/logo\\\/image\\\/\",\"url\":\"https:\\\/\\\/naturalpoland.com\\\/wp-content\\\/uploads\\\/2021\\\/05\\\/natural-poland-icon.png\",\"contentUrl\":\"https:\\\/\\\/naturalpoland.com\\\/wp-content\\\/uploads\\\/2021\\\/05\\\/natural-poland-icon.png\",\"width\":512,\"height\":512,\"caption\":\"Natural Poland\"},\"image\":{\"@id\":\"https:\\\/\\\/naturalpoland.com\\\/cs\\\/#\\\/schema\\\/logo\\\/image\\\/\"},\"sameAs\":[\"https:\\\/\\\/www.facebook.com\\\/naturalpoland.b2b\",\"https:\\\/\\\/pl.linkedin.com\\\/company\\\/natural-poland\",\"https:\\\/\\\/www.youtube.com\\\/channel\\\/UCgeGGkvOMahZo-xu_MSEWxg\"]}]}<\/script>\n<!-- \/ Yoast SEO plugin. -->","yoast_head_json":{"title":"Pl\u00e1tky m\u011bs\u00ed\u010dku l\u00e9ka\u0159sk\u00e9ho - Velkoobchodn\u00ed distributor","robots":{"index":"index","follow":"follow","max-snippet":"max-snippet:-1","max-image-preview":"max-image-preview:large","max-video-preview":"max-video-preview:-1"},"canonical":"https:\/\/naturalpoland.com\/cs\/produkty\/rostlinne-produkty\/okvetni-listky-mesicku\/","og_locale":"cs_CZ","og_type":"article","og_title":"Pl\u00e1tky m\u011bs\u00ed\u010dku l\u00e9ka\u0159sk\u00e9ho - Velkoobchodn\u00ed distributor","og_description":"Pl\u00e1tky m\u011bs\u00ed\u010dku l\u00e9ka\u0159sk\u00e9ho maj\u00ed charakteristickou oran\u017eovou barvu a p\u0159\u00edjemnou v\u016fni. P\u0159id\u00e1vaj\u00ed se hlavn\u011b do koupelov\u00e9 kosmetiky - m\u00fddla, s\u016fl, koule do koupele a p\u0159\u00edrodn\u00ed k\u0159oviny d\u00edky tomu, \u017ee zvy\u0161uj\u00ed jejich estetickou hodnotu. M\u011bs\u00ed\u010dek m\u00e1 v\u0161ak tak\u00e9 pozitivn\u00ed vliv na poko\u017eku, co\u017e stoj\u00ed za zapamatov\u00e1n\u00ed.","og_url":"https:\/\/naturalpoland.com\/cs\/produkty\/rostlinne-produkty\/okvetni-listky-mesicku\/","og_site_name":"NATURAL POLAND - Velkoobchodn\u00ed distributor surovin","article_publisher":"https:\/\/www.facebook.com\/naturalpoland.b2b","og_image":[{"width":640,"height":640,"url":"https:\/\/naturalpoland.com\/wp-content\/uploads\/2021\/05\/calendula-petals.png","type":"image\/png"}],"schema":{"@context":"https:\/\/schema.org","@graph":[{"@type":"WebPage","@id":"https:\/\/naturalpoland.com\/cs\/produkty\/rostlinne-produkty\/okvetni-listky-mesicku\/","url":"https:\/\/naturalpoland.com\/cs\/produkty\/rostlinne-produkty\/okvetni-listky-mesicku\/","name":"Pl\u00e1tky m\u011bs\u00ed\u010dku l\u00e9ka\u0159sk\u00e9ho - Velkoobchodn\u00ed distributor","isPartOf":{"@id":"https:\/\/naturalpoland.com\/cs\/#website"},"primaryImageOfPage":{"@id":"https:\/\/naturalpoland.com\/cs\/produkty\/rostlinne-produkty\/okvetni-listky-mesicku\/#primaryimage"},"image":{"@id":"https:\/\/naturalpoland.com\/cs\/produkty\/rostlinne-produkty\/okvetni-listky-mesicku\/#primaryimage"},"thumbnailUrl":"https:\/\/naturalpoland.com\/wp-content\/uploads\/2021\/05\/calendula-petals.png","datePublished":"2021-09-21T10:15:29+00:00","breadcrumb":{"@id":"https:\/\/naturalpoland.com\/cs\/produkty\/rostlinne-produkty\/okvetni-listky-mesicku\/#breadcrumb"},"inLanguage":"cs","potentialAction":[{"@type":"ReadAction","target":["https:\/\/naturalpoland.com\/cs\/produkty\/rostlinne-produkty\/okvetni-listky-mesicku\/"]}]},{"@type":"ImageObject","inLanguage":"cs","@id":"https:\/\/naturalpoland.com\/cs\/produkty\/rostlinne-produkty\/okvetni-listky-mesicku\/#primaryimage","url":"https:\/\/naturalpoland.com\/wp-content\/uploads\/2021\/05\/calendula-petals.png","contentUrl":"https:\/\/naturalpoland.com\/wp-content\/uploads\/2021\/05\/calendula-petals.png","width":640,"height":640},{"@type":"BreadcrumbList","@id":"https:\/\/naturalpoland.com\/cs\/produkty\/rostlinne-produkty\/okvetni-listky-mesicku\/#breadcrumb","itemListElement":[{"@type":"ListItem","position":1,"name":"Dom\u016f","item":"https:\/\/naturalpoland.com\/cs\/"},{"@type":"ListItem","position":2,"name":"Produkty","item":"https:\/\/naturalpoland.com\/cs\/produkty\/"},{"@type":"ListItem","position":3,"name":"Pl\u00e1tky m\u011bs\u00ed\u010dku l\u00e9ka\u0159sk\u00e9ho"}]},{"@type":"WebSite","@id":"https:\/\/naturalpoland.com\/cs\/#website","url":"https:\/\/naturalpoland.com\/cs\/","name":"NATURAL POLAND - Velkoobchodn\u00ed distributor surovin","description":"Surowce dla przemys\u0142u spo\u017cywczego, kosmetycznego i farmaceutycznego","publisher":{"@id":"https:\/\/naturalpoland.com\/cs\/#organization"},"potentialAction":[{"@type":"SearchAction","target":{"@type":"EntryPoint","urlTemplate":"https:\/\/naturalpoland.com\/cs\/?s={search_term_string}"},"query-input":{"@type":"PropertyValueSpecification","valueRequired":true,"valueName":"search_term_string"}}],"inLanguage":"cs"},{"@type":"Organization","@id":"https:\/\/naturalpoland.com\/cs\/#organization","name":"Natural Poland","url":"https:\/\/naturalpoland.com\/cs\/","logo":{"@type":"ImageObject","inLanguage":"cs","@id":"https:\/\/naturalpoland.com\/cs\/#\/schema\/logo\/image\/","url":"https:\/\/naturalpoland.com\/wp-content\/uploads\/2021\/05\/natural-poland-icon.png","contentUrl":"https:\/\/naturalpoland.com\/wp-content\/uploads\/2021\/05\/natural-poland-icon.png","width":512,"height":512,"caption":"Natural Poland"},"image":{"@id":"https:\/\/naturalpoland.com\/cs\/#\/schema\/logo\/image\/"},"sameAs":["https:\/\/www.facebook.com\/naturalpoland.b2b","https:\/\/pl.linkedin.com\/company\/natural-poland","https:\/\/www.youtube.com\/channel\/UCgeGGkvOMahZo-xu_MSEWxg"]}]}},"_links":{"self":[{"href":"https:\/\/naturalpoland.com\/cs\/wp-json\/wp\/v2\/product\/11609","targetHints":{"allow":["GET"]}}],"collection":[{"href":"https:\/\/naturalpoland.com\/cs\/wp-json\/wp\/v2\/product"}],"about":[{"href":"https:\/\/naturalpoland.com\/cs\/wp-json\/wp\/v2\/types\/product"}],"wp:featuredmedia":[{"embeddable":true,"href":"https:\/\/naturalpoland.com\/cs\/wp-json\/wp\/v2\/media\/11612"}],"wp:attachment":[{"href":"https:\/\/naturalpoland.com\/cs\/wp-json\/wp\/v2\/media?parent=11609"}],"wp:term":[{"taxonomy":"product_brand","embeddable":true,"href":"https:\/\/naturalpoland.com\/cs\/wp-json\/wp\/v2\/product_brand?post=11609"},{"taxonomy":"product_cat","embeddable":true,"href":"https:\/\/naturalpoland.com\/cs\/wp-json\/wp\/v2\/product_cat?post=11609"},{"taxonomy":"product_tag","embeddable":true,"href":"https:\/\/naturalpoland.com\/cs\/wp-json\/wp\/v2\/product_tag?post=11609"}],"curies":[{"name":"wp","href":"https:\/\/api.w.org\/{rel}","templated":true}]}}