{"id":11634,"date":"2021-05-11T13:55:49","date_gmt":"2021-09-21T10:15:58","guid":{"rendered":"https:\/\/naturalpoland.pl\/produkty\/nezarazene\/sipkova-kura\/"},"modified":"2021-09-21T12:15:58","modified_gmt":"2021-09-21T10:15:58","slug":"kura-divokych-ruzi","status":"publish","type":"product","link":"https:\/\/naturalpoland.com\/cs\/produkty\/rostlinne-produkty\/kura-divokych-ruzi\/","title":{"rendered":"\u0160\u00edpkov\u00e1 k\u016fra"},"content":{"rendered":"<p>Tak\u00e9 pro tr\u00e1ven\u00ed:<br \/>\n\u0160\u00edpkov\u00e1 k\u016fra tak\u00e9 obsahuje velmi velk\u00e9 mno\u017estv\u00ed p\u0159\u00edrodn\u00ed vl\u00e1kniny. Proto zrychluje tr\u00e1ven\u00ed a usnad\u0148uje ho. Toto vl\u00e1kno tak\u00e9 reguluje fungov\u00e1n\u00ed tlust\u00e9ho st\u0159eva. M\u016f\u017ee inhibovat produkci nebezpe\u010dn\u00fdch nitrosamin\u016f, kter\u00e9 jsou v\u00fdsledkem konzumace zeleniny a ovoce s vysok\u00fdm obsahem dus\u00edku (to je zase d\u016fsledek nespr\u00e1vn\u00e9ho hnojen\u00ed).<\/p>\n","protected":false},"excerpt":{"rendered":"<p><strong>\u0160\u00edpkov\u00e1 k\u016fra<\/strong> m\u00e1 nejvy\u0161\u0161\u00ed koncentraci vitaminu C ze v\u0161ech \u010d\u00e1st\u00ed t\u00e9to rostliny. V pr\u016fm\u011bru 5 g su\u0161en\u00e9ho ovoce obsahuje a\u017e 100 mg vitaminu C. Je to tedy skv\u011bl\u00fd produkt pro pou\u017eit\u00ed v obdob\u00ed nachlazen\u00ed a zv\u00fd\u0161en\u00e9 infekce. M\u016f\u017ee b\u00fdt tak\u00e9 pou\u017eit jako dopln\u011bk stravy, kter\u00fd posiluje imunitu.<\/p>\n","protected":false},"featured_media":11637,"template":"","meta":{"_acf_changed":false},"product_brand":[],"product_cat":[642],"product_tag":[],"class_list":{"0":"post-11634","1":"product","2":"type-product","3":"status-publish","4":"has-post-thumbnail","6":"product_cat-rostlinne-produkty","8":"first","9":"instock","10":"shipping-taxable","11":"product-type-simple"},"acf":[],"yoast_head":"<!-- This site is optimized with the Yoast SEO plugin v27.5 - https:\/\/yoast.com\/product\/yoast-seo-wordpress\/ -->\n<title>\u0160\u00edpkov\u00e1 k\u016fra - Velkoobchodn\u00ed distributor<\/title>\n<meta name=\"robots\" content=\"index, follow, max-snippet:-1, max-image-preview:large, max-video-preview:-1\" \/>\n<link rel=\"canonical\" href=\"https:\/\/naturalpoland.com\/cs\/produkty\/rostlinne-produkty\/kura-divokych-ruzi\/\" \/>\n<meta property=\"og:locale\" content=\"cs_CZ\" \/>\n<meta property=\"og:type\" content=\"article\" \/>\n<meta property=\"og:title\" content=\"\u0160\u00edpkov\u00e1 k\u016fra - Velkoobchodn\u00ed distributor\" \/>\n<meta property=\"og:description\" content=\"\u0160\u00edpkov\u00e1 k\u016fra m\u00e1 nejvy\u0161\u0161\u00ed koncentraci vitaminu C ze v\u0161ech \u010d\u00e1st\u00ed t\u00e9to rostliny. V pr\u016fm\u011bru 5 g su\u0161en\u00e9ho ovoce obsahuje a\u017e 100 mg vitaminu C. Je to tedy skv\u011bl\u00fd produkt pro pou\u017eit\u00ed v obdob\u00ed nachlazen\u00ed a zv\u00fd\u0161en\u00e9 infekce. M\u016f\u017ee b\u00fdt tak\u00e9 pou\u017eit jako dopln\u011bk stravy, kter\u00fd posiluje imunitu.\" \/>\n<meta property=\"og:url\" content=\"https:\/\/naturalpoland.com\/cs\/produkty\/rostlinne-produkty\/kura-divokych-ruzi\/\" \/>\n<meta property=\"og:site_name\" content=\"NATURAL POLAND - Velkoobchodn\u00ed distributor surovin\" \/>\n<meta property=\"article:publisher\" content=\"https:\/\/www.facebook.com\/naturalpoland.b2b\" \/>\n<meta property=\"og:image\" content=\"https:\/\/naturalpoland.com\/wp-content\/uploads\/2021\/05\/skin-of-wild-rose-fruit.png\" \/>\n\t<meta property=\"og:image:width\" content=\"458\" \/>\n\t<meta property=\"og:image:height\" content=\"458\" \/>\n\t<meta property=\"og:image:type\" content=\"image\/png\" \/>\n<script type=\"application\/ld+json\" class=\"yoast-schema-graph\">{\"@context\":\"https:\\\/\\\/schema.org\",\"@graph\":[{\"@type\":\"WebPage\",\"@id\":\"https:\\\/\\\/naturalpoland.com\\\/cs\\\/produkty\\\/rostlinne-produkty\\\/kura-divokych-ruzi\\\/\",\"url\":\"https:\\\/\\\/naturalpoland.com\\\/cs\\\/produkty\\\/rostlinne-produkty\\\/kura-divokych-ruzi\\\/\",\"name\":\"\u0160\u00edpkov\u00e1 k\u016fra - Velkoobchodn\u00ed distributor\",\"isPartOf\":{\"@id\":\"https:\\\/\\\/naturalpoland.com\\\/cs\\\/#website\"},\"primaryImageOfPage\":{\"@id\":\"https:\\\/\\\/naturalpoland.com\\\/cs\\\/produkty\\\/rostlinne-produkty\\\/kura-divokych-ruzi\\\/#primaryimage\"},\"image\":{\"@id\":\"https:\\\/\\\/naturalpoland.com\\\/cs\\\/produkty\\\/rostlinne-produkty\\\/kura-divokych-ruzi\\\/#primaryimage\"},\"thumbnailUrl\":\"https:\\\/\\\/naturalpoland.com\\\/wp-content\\\/uploads\\\/2021\\\/05\\\/skin-of-wild-rose-fruit.png\",\"datePublished\":\"2021-09-21T10:15:58+00:00\",\"breadcrumb\":{\"@id\":\"https:\\\/\\\/naturalpoland.com\\\/cs\\\/produkty\\\/rostlinne-produkty\\\/kura-divokych-ruzi\\\/#breadcrumb\"},\"inLanguage\":\"cs\",\"potentialAction\":[{\"@type\":\"ReadAction\",\"target\":[\"https:\\\/\\\/naturalpoland.com\\\/cs\\\/produkty\\\/rostlinne-produkty\\\/kura-divokych-ruzi\\\/\"]}]},{\"@type\":\"ImageObject\",\"inLanguage\":\"cs\",\"@id\":\"https:\\\/\\\/naturalpoland.com\\\/cs\\\/produkty\\\/rostlinne-produkty\\\/kura-divokych-ruzi\\\/#primaryimage\",\"url\":\"https:\\\/\\\/naturalpoland.com\\\/wp-content\\\/uploads\\\/2021\\\/05\\\/skin-of-wild-rose-fruit.png\",\"contentUrl\":\"https:\\\/\\\/naturalpoland.com\\\/wp-content\\\/uploads\\\/2021\\\/05\\\/skin-of-wild-rose-fruit.png\",\"width\":458,\"height\":458},{\"@type\":\"BreadcrumbList\",\"@id\":\"https:\\\/\\\/naturalpoland.com\\\/cs\\\/produkty\\\/rostlinne-produkty\\\/kura-divokych-ruzi\\\/#breadcrumb\",\"itemListElement\":[{\"@type\":\"ListItem\",\"position\":1,\"name\":\"Dom\u016f\",\"item\":\"https:\\\/\\\/naturalpoland.com\\\/cs\\\/\"},{\"@type\":\"ListItem\",\"position\":2,\"name\":\"Produkty\",\"item\":\"https:\\\/\\\/naturalpoland.com\\\/cs\\\/produkty\\\/\"},{\"@type\":\"ListItem\",\"position\":3,\"name\":\"\u0160\u00edpkov\u00e1 k\u016fra\"}]},{\"@type\":\"WebSite\",\"@id\":\"https:\\\/\\\/naturalpoland.com\\\/cs\\\/#website\",\"url\":\"https:\\\/\\\/naturalpoland.com\\\/cs\\\/\",\"name\":\"NATURAL POLAND - Velkoobchodn\u00ed distributor surovin\",\"description\":\"Surowce dla przemys\u0142u spo\u017cywczego, kosmetycznego i farmaceutycznego\",\"publisher\":{\"@id\":\"https:\\\/\\\/naturalpoland.com\\\/cs\\\/#organization\"},\"potentialAction\":[{\"@type\":\"SearchAction\",\"target\":{\"@type\":\"EntryPoint\",\"urlTemplate\":\"https:\\\/\\\/naturalpoland.com\\\/cs\\\/?s={search_term_string}\"},\"query-input\":{\"@type\":\"PropertyValueSpecification\",\"valueRequired\":true,\"valueName\":\"search_term_string\"}}],\"inLanguage\":\"cs\"},{\"@type\":\"Organization\",\"@id\":\"https:\\\/\\\/naturalpoland.com\\\/cs\\\/#organization\",\"name\":\"Natural Poland\",\"url\":\"https:\\\/\\\/naturalpoland.com\\\/cs\\\/\",\"logo\":{\"@type\":\"ImageObject\",\"inLanguage\":\"cs\",\"@id\":\"https:\\\/\\\/naturalpoland.com\\\/cs\\\/#\\\/schema\\\/logo\\\/image\\\/\",\"url\":\"https:\\\/\\\/naturalpoland.com\\\/wp-content\\\/uploads\\\/2021\\\/05\\\/natural-poland-icon.png\",\"contentUrl\":\"https:\\\/\\\/naturalpoland.com\\\/wp-content\\\/uploads\\\/2021\\\/05\\\/natural-poland-icon.png\",\"width\":512,\"height\":512,\"caption\":\"Natural Poland\"},\"image\":{\"@id\":\"https:\\\/\\\/naturalpoland.com\\\/cs\\\/#\\\/schema\\\/logo\\\/image\\\/\"},\"sameAs\":[\"https:\\\/\\\/www.facebook.com\\\/naturalpoland.b2b\",\"https:\\\/\\\/pl.linkedin.com\\\/company\\\/natural-poland\",\"https:\\\/\\\/www.youtube.com\\\/channel\\\/UCgeGGkvOMahZo-xu_MSEWxg\"]}]}<\/script>\n<!-- \/ Yoast SEO plugin. -->","yoast_head_json":{"title":"\u0160\u00edpkov\u00e1 k\u016fra - Velkoobchodn\u00ed distributor","robots":{"index":"index","follow":"follow","max-snippet":"max-snippet:-1","max-image-preview":"max-image-preview:large","max-video-preview":"max-video-preview:-1"},"canonical":"https:\/\/naturalpoland.com\/cs\/produkty\/rostlinne-produkty\/kura-divokych-ruzi\/","og_locale":"cs_CZ","og_type":"article","og_title":"\u0160\u00edpkov\u00e1 k\u016fra - Velkoobchodn\u00ed distributor","og_description":"\u0160\u00edpkov\u00e1 k\u016fra m\u00e1 nejvy\u0161\u0161\u00ed koncentraci vitaminu C ze v\u0161ech \u010d\u00e1st\u00ed t\u00e9to rostliny. V pr\u016fm\u011bru 5 g su\u0161en\u00e9ho ovoce obsahuje a\u017e 100 mg vitaminu C. Je to tedy skv\u011bl\u00fd produkt pro pou\u017eit\u00ed v obdob\u00ed nachlazen\u00ed a zv\u00fd\u0161en\u00e9 infekce. M\u016f\u017ee b\u00fdt tak\u00e9 pou\u017eit jako dopln\u011bk stravy, kter\u00fd posiluje imunitu.","og_url":"https:\/\/naturalpoland.com\/cs\/produkty\/rostlinne-produkty\/kura-divokych-ruzi\/","og_site_name":"NATURAL POLAND - Velkoobchodn\u00ed distributor surovin","article_publisher":"https:\/\/www.facebook.com\/naturalpoland.b2b","og_image":[{"width":458,"height":458,"url":"https:\/\/naturalpoland.com\/wp-content\/uploads\/2021\/05\/skin-of-wild-rose-fruit.png","type":"image\/png"}],"schema":{"@context":"https:\/\/schema.org","@graph":[{"@type":"WebPage","@id":"https:\/\/naturalpoland.com\/cs\/produkty\/rostlinne-produkty\/kura-divokych-ruzi\/","url":"https:\/\/naturalpoland.com\/cs\/produkty\/rostlinne-produkty\/kura-divokych-ruzi\/","name":"\u0160\u00edpkov\u00e1 k\u016fra - Velkoobchodn\u00ed distributor","isPartOf":{"@id":"https:\/\/naturalpoland.com\/cs\/#website"},"primaryImageOfPage":{"@id":"https:\/\/naturalpoland.com\/cs\/produkty\/rostlinne-produkty\/kura-divokych-ruzi\/#primaryimage"},"image":{"@id":"https:\/\/naturalpoland.com\/cs\/produkty\/rostlinne-produkty\/kura-divokych-ruzi\/#primaryimage"},"thumbnailUrl":"https:\/\/naturalpoland.com\/wp-content\/uploads\/2021\/05\/skin-of-wild-rose-fruit.png","datePublished":"2021-09-21T10:15:58+00:00","breadcrumb":{"@id":"https:\/\/naturalpoland.com\/cs\/produkty\/rostlinne-produkty\/kura-divokych-ruzi\/#breadcrumb"},"inLanguage":"cs","potentialAction":[{"@type":"ReadAction","target":["https:\/\/naturalpoland.com\/cs\/produkty\/rostlinne-produkty\/kura-divokych-ruzi\/"]}]},{"@type":"ImageObject","inLanguage":"cs","@id":"https:\/\/naturalpoland.com\/cs\/produkty\/rostlinne-produkty\/kura-divokych-ruzi\/#primaryimage","url":"https:\/\/naturalpoland.com\/wp-content\/uploads\/2021\/05\/skin-of-wild-rose-fruit.png","contentUrl":"https:\/\/naturalpoland.com\/wp-content\/uploads\/2021\/05\/skin-of-wild-rose-fruit.png","width":458,"height":458},{"@type":"BreadcrumbList","@id":"https:\/\/naturalpoland.com\/cs\/produkty\/rostlinne-produkty\/kura-divokych-ruzi\/#breadcrumb","itemListElement":[{"@type":"ListItem","position":1,"name":"Dom\u016f","item":"https:\/\/naturalpoland.com\/cs\/"},{"@type":"ListItem","position":2,"name":"Produkty","item":"https:\/\/naturalpoland.com\/cs\/produkty\/"},{"@type":"ListItem","position":3,"name":"\u0160\u00edpkov\u00e1 k\u016fra"}]},{"@type":"WebSite","@id":"https:\/\/naturalpoland.com\/cs\/#website","url":"https:\/\/naturalpoland.com\/cs\/","name":"NATURAL POLAND - Velkoobchodn\u00ed distributor surovin","description":"Surowce dla przemys\u0142u spo\u017cywczego, kosmetycznego i farmaceutycznego","publisher":{"@id":"https:\/\/naturalpoland.com\/cs\/#organization"},"potentialAction":[{"@type":"SearchAction","target":{"@type":"EntryPoint","urlTemplate":"https:\/\/naturalpoland.com\/cs\/?s={search_term_string}"},"query-input":{"@type":"PropertyValueSpecification","valueRequired":true,"valueName":"search_term_string"}}],"inLanguage":"cs"},{"@type":"Organization","@id":"https:\/\/naturalpoland.com\/cs\/#organization","name":"Natural Poland","url":"https:\/\/naturalpoland.com\/cs\/","logo":{"@type":"ImageObject","inLanguage":"cs","@id":"https:\/\/naturalpoland.com\/cs\/#\/schema\/logo\/image\/","url":"https:\/\/naturalpoland.com\/wp-content\/uploads\/2021\/05\/natural-poland-icon.png","contentUrl":"https:\/\/naturalpoland.com\/wp-content\/uploads\/2021\/05\/natural-poland-icon.png","width":512,"height":512,"caption":"Natural Poland"},"image":{"@id":"https:\/\/naturalpoland.com\/cs\/#\/schema\/logo\/image\/"},"sameAs":["https:\/\/www.facebook.com\/naturalpoland.b2b","https:\/\/pl.linkedin.com\/company\/natural-poland","https:\/\/www.youtube.com\/channel\/UCgeGGkvOMahZo-xu_MSEWxg"]}]}},"_links":{"self":[{"href":"https:\/\/naturalpoland.com\/cs\/wp-json\/wp\/v2\/product\/11634","targetHints":{"allow":["GET"]}}],"collection":[{"href":"https:\/\/naturalpoland.com\/cs\/wp-json\/wp\/v2\/product"}],"about":[{"href":"https:\/\/naturalpoland.com\/cs\/wp-json\/wp\/v2\/types\/product"}],"wp:featuredmedia":[{"embeddable":true,"href":"https:\/\/naturalpoland.com\/cs\/wp-json\/wp\/v2\/media\/11637"}],"wp:attachment":[{"href":"https:\/\/naturalpoland.com\/cs\/wp-json\/wp\/v2\/media?parent=11634"}],"wp:term":[{"taxonomy":"product_brand","embeddable":true,"href":"https:\/\/naturalpoland.com\/cs\/wp-json\/wp\/v2\/product_brand?post=11634"},{"taxonomy":"product_cat","embeddable":true,"href":"https:\/\/naturalpoland.com\/cs\/wp-json\/wp\/v2\/product_cat?post=11634"},{"taxonomy":"product_tag","embeddable":true,"href":"https:\/\/naturalpoland.com\/cs\/wp-json\/wp\/v2\/product_tag?post=11634"}],"curies":[{"name":"wp","href":"https:\/\/api.w.org\/{rel}","templated":true}]}}