{"id":11686,"date":"2021-05-11T13:56:59","date_gmt":"2021-09-21T10:16:47","guid":{"rendered":"https:\/\/naturalpoland.pl\/produkty\/nezarazene\/suseny-kvet-divizny\/"},"modified":"2021-09-21T12:16:47","modified_gmt":"2021-09-21T10:16:47","slug":"mullein-ze-susenych-kvetin","status":"publish","type":"product","link":"https:\/\/naturalpoland.com\/cs\/produkty\/produkty-pro-potravinarsky-prumysl\/suroviny-pro-vyrobu\/mullein-ze-susenych-kvetin\/","title":{"rendered":"Su\u0161en\u00fd kv\u011bt divizny"},"content":{"rendered":"<p>Mullein m\u00e1 vysok\u00fd obsah flavonoid\u016f a t\u0159\u00edslovin. Pom\u00e1haj\u00ed p\u0159i hojen\u00ed ran, prole\u017eenin a pohmo\u017ed\u011bnin. Zvy\u0161uj\u00ed celkovou imunitu t\u011bla. Krom\u011b toho maj\u00ed uklid\u0148uj\u00edc\u00ed \u00fa\u010dinek na \u017ealude\u010dn\u00ed sliznici. Mohou b\u00fdt pou\u017eity k ochran\u011b tr\u00e1vic\u00edho syst\u00e9mu p\u0159i z\u00e1n\u011btech.<\/p>\n<p>Mullein se tak\u00e9 pou\u017e\u00edv\u00e1 k l\u00e9\u010db\u011b za\u017e\u00edvac\u00edch pot\u00ed\u017e\u00ed a dokonce i st\u0159evn\u00ed koliky. D\u00edky sv\u00e9mu bohat\u00e9mu slo\u017een\u00ed lze ochlazenou infuzi mulleinu pou\u017e\u00edt tak\u00e9 k myt\u00ed obli\u010deje s k\u016f\u017e\u00ed n\u00e1chylnou k akn\u00e9.<\/p>\n","protected":false},"excerpt":{"rendered":"<p>Su\u0161en\u00fd kv\u011bt mulleinu se pou\u017e\u00edv\u00e1 k p\u0159\u00edprav\u011b infuz\u00ed, kter\u00e9 se doporu\u010duj\u00ed konzumovat, aby se zbavily p\u0159etrv\u00e1vaj\u00edc\u00edho ka\u0161le. M\u016f\u017ee za to vysok\u00fd obsah saponin\u016f, kter\u00e9 stimuluj\u00ed vylu\u010dov\u00e1n\u00ed hlenu, kter\u00fd pokr\u00fdv\u00e1 d\u00fdchac\u00ed syst\u00e9m a usnad\u0148uje boj se such\u00fdm ka\u0161lem.<\/p>\n","protected":false},"featured_media":11690,"template":"","meta":[],"product_brand":[],"product_cat":[641],"product_tag":[],"class_list":{"0":"post-11686","1":"product","2":"type-product","3":"status-publish","4":"has-post-thumbnail","6":"product_cat-suroviny-pro-vyrobu","8":"first","9":"instock","10":"shipping-taxable","11":"product-type-simple"},"yoast_head":"<!-- This site is optimized with the Yoast SEO plugin v27.4 - https:\/\/yoast.com\/product\/yoast-seo-wordpress\/ -->\n<title>Su\u0161en\u00fd kv\u011bt divizny - Velkoobchodn\u00ed distributor<\/title>\n<meta name=\"robots\" content=\"index, follow, max-snippet:-1, max-image-preview:large, max-video-preview:-1\" \/>\n<link rel=\"canonical\" href=\"https:\/\/naturalpoland.com\/cs\/produkty\/produkty-pro-potravinarsky-prumysl\/suroviny-pro-vyrobu\/mullein-ze-susenych-kvetin\/\" \/>\n<meta property=\"og:locale\" content=\"cs_CZ\" \/>\n<meta property=\"og:type\" content=\"article\" \/>\n<meta property=\"og:title\" content=\"Su\u0161en\u00fd kv\u011bt divizny - Velkoobchodn\u00ed distributor\" \/>\n<meta property=\"og:description\" content=\"Su\u0161en\u00fd kv\u011bt mulleinu se pou\u017e\u00edv\u00e1 k p\u0159\u00edprav\u011b infuz\u00ed, kter\u00e9 se doporu\u010duj\u00ed konzumovat, aby se zbavily p\u0159etrv\u00e1vaj\u00edc\u00edho ka\u0161le. M\u016f\u017ee za to vysok\u00fd obsah saponin\u016f, kter\u00e9 stimuluj\u00ed vylu\u010dov\u00e1n\u00ed hlenu, kter\u00fd pokr\u00fdv\u00e1 d\u00fdchac\u00ed syst\u00e9m a usnad\u0148uje boj se such\u00fdm ka\u0161lem.\" \/>\n<meta property=\"og:url\" content=\"https:\/\/naturalpoland.com\/cs\/produkty\/produkty-pro-potravinarsky-prumysl\/suroviny-pro-vyrobu\/mullein-ze-susenych-kvetin\/\" \/>\n<meta property=\"og:site_name\" content=\"NATURAL POLAND - Velkoobchodn\u00ed distributor surovin\" \/>\n<meta property=\"article:publisher\" content=\"https:\/\/www.facebook.com\/naturalpoland.b2b\" \/>\n<meta property=\"og:image\" content=\"https:\/\/naturalpoland.com\/wp-content\/uploads\/2021\/05\/dried-mullein-flower.jpg\" \/>\n\t<meta property=\"og:image:width\" content=\"1024\" \/>\n\t<meta property=\"og:image:height\" content=\"1280\" \/>\n\t<meta property=\"og:image:type\" content=\"image\/jpeg\" \/>\n<script type=\"application\/ld+json\" class=\"yoast-schema-graph\">{\"@context\":\"https:\\\/\\\/schema.org\",\"@graph\":[{\"@type\":\"WebPage\",\"@id\":\"https:\\\/\\\/naturalpoland.com\\\/cs\\\/produkty\\\/produkty-pro-potravinarsky-prumysl\\\/suroviny-pro-vyrobu\\\/mullein-ze-susenych-kvetin\\\/\",\"url\":\"https:\\\/\\\/naturalpoland.com\\\/cs\\\/produkty\\\/produkty-pro-potravinarsky-prumysl\\\/suroviny-pro-vyrobu\\\/mullein-ze-susenych-kvetin\\\/\",\"name\":\"Su\u0161en\u00fd kv\u011bt divizny - Velkoobchodn\u00ed distributor\",\"isPartOf\":{\"@id\":\"https:\\\/\\\/naturalpoland.com\\\/cs\\\/#website\"},\"primaryImageOfPage\":{\"@id\":\"https:\\\/\\\/naturalpoland.com\\\/cs\\\/produkty\\\/produkty-pro-potravinarsky-prumysl\\\/suroviny-pro-vyrobu\\\/mullein-ze-susenych-kvetin\\\/#primaryimage\"},\"image\":{\"@id\":\"https:\\\/\\\/naturalpoland.com\\\/cs\\\/produkty\\\/produkty-pro-potravinarsky-prumysl\\\/suroviny-pro-vyrobu\\\/mullein-ze-susenych-kvetin\\\/#primaryimage\"},\"thumbnailUrl\":\"https:\\\/\\\/naturalpoland.com\\\/wp-content\\\/uploads\\\/2021\\\/05\\\/dried-mullein-flower.jpg\",\"datePublished\":\"2021-09-21T10:16:47+00:00\",\"breadcrumb\":{\"@id\":\"https:\\\/\\\/naturalpoland.com\\\/cs\\\/produkty\\\/produkty-pro-potravinarsky-prumysl\\\/suroviny-pro-vyrobu\\\/mullein-ze-susenych-kvetin\\\/#breadcrumb\"},\"inLanguage\":\"cs\",\"potentialAction\":[{\"@type\":\"ReadAction\",\"target\":[\"https:\\\/\\\/naturalpoland.com\\\/cs\\\/produkty\\\/produkty-pro-potravinarsky-prumysl\\\/suroviny-pro-vyrobu\\\/mullein-ze-susenych-kvetin\\\/\"]}]},{\"@type\":\"ImageObject\",\"inLanguage\":\"cs\",\"@id\":\"https:\\\/\\\/naturalpoland.com\\\/cs\\\/produkty\\\/produkty-pro-potravinarsky-prumysl\\\/suroviny-pro-vyrobu\\\/mullein-ze-susenych-kvetin\\\/#primaryimage\",\"url\":\"https:\\\/\\\/naturalpoland.com\\\/wp-content\\\/uploads\\\/2021\\\/05\\\/dried-mullein-flower.jpg\",\"contentUrl\":\"https:\\\/\\\/naturalpoland.com\\\/wp-content\\\/uploads\\\/2021\\\/05\\\/dried-mullein-flower.jpg\",\"width\":1024,\"height\":1280},{\"@type\":\"BreadcrumbList\",\"@id\":\"https:\\\/\\\/naturalpoland.com\\\/cs\\\/produkty\\\/produkty-pro-potravinarsky-prumysl\\\/suroviny-pro-vyrobu\\\/mullein-ze-susenych-kvetin\\\/#breadcrumb\",\"itemListElement\":[{\"@type\":\"ListItem\",\"position\":1,\"name\":\"Dom\u016f\",\"item\":\"https:\\\/\\\/naturalpoland.com\\\/cs\\\/\"},{\"@type\":\"ListItem\",\"position\":2,\"name\":\"Produkty\",\"item\":\"https:\\\/\\\/naturalpoland.com\\\/cs\\\/produkty\\\/\"},{\"@type\":\"ListItem\",\"position\":3,\"name\":\"Su\u0161en\u00fd kv\u011bt divizny\"}]},{\"@type\":\"WebSite\",\"@id\":\"https:\\\/\\\/naturalpoland.com\\\/cs\\\/#website\",\"url\":\"https:\\\/\\\/naturalpoland.com\\\/cs\\\/\",\"name\":\"NATURAL POLAND - Velkoobchodn\u00ed distributor surovin\",\"description\":\"Surowce dla przemys\u0142u spo\u017cywczego, kosmetycznego i farmaceutycznego\",\"publisher\":{\"@id\":\"https:\\\/\\\/naturalpoland.com\\\/cs\\\/#organization\"},\"potentialAction\":[{\"@type\":\"SearchAction\",\"target\":{\"@type\":\"EntryPoint\",\"urlTemplate\":\"https:\\\/\\\/naturalpoland.com\\\/cs\\\/?s={search_term_string}\"},\"query-input\":{\"@type\":\"PropertyValueSpecification\",\"valueRequired\":true,\"valueName\":\"search_term_string\"}}],\"inLanguage\":\"cs\"},{\"@type\":\"Organization\",\"@id\":\"https:\\\/\\\/naturalpoland.com\\\/cs\\\/#organization\",\"name\":\"Natural Poland\",\"url\":\"https:\\\/\\\/naturalpoland.com\\\/cs\\\/\",\"logo\":{\"@type\":\"ImageObject\",\"inLanguage\":\"cs\",\"@id\":\"https:\\\/\\\/naturalpoland.com\\\/cs\\\/#\\\/schema\\\/logo\\\/image\\\/\",\"url\":\"https:\\\/\\\/naturalpoland.com\\\/wp-content\\\/uploads\\\/2021\\\/05\\\/natural-poland-icon.png\",\"contentUrl\":\"https:\\\/\\\/naturalpoland.com\\\/wp-content\\\/uploads\\\/2021\\\/05\\\/natural-poland-icon.png\",\"width\":512,\"height\":512,\"caption\":\"Natural Poland\"},\"image\":{\"@id\":\"https:\\\/\\\/naturalpoland.com\\\/cs\\\/#\\\/schema\\\/logo\\\/image\\\/\"},\"sameAs\":[\"https:\\\/\\\/www.facebook.com\\\/naturalpoland.b2b\",\"https:\\\/\\\/pl.linkedin.com\\\/company\\\/natural-poland\",\"https:\\\/\\\/www.youtube.com\\\/channel\\\/UCgeGGkvOMahZo-xu_MSEWxg\"]}]}<\/script>\n<!-- \/ Yoast SEO plugin. -->","yoast_head_json":{"title":"Su\u0161en\u00fd kv\u011bt divizny - Velkoobchodn\u00ed distributor","robots":{"index":"index","follow":"follow","max-snippet":"max-snippet:-1","max-image-preview":"max-image-preview:large","max-video-preview":"max-video-preview:-1"},"canonical":"https:\/\/naturalpoland.com\/cs\/produkty\/produkty-pro-potravinarsky-prumysl\/suroviny-pro-vyrobu\/mullein-ze-susenych-kvetin\/","og_locale":"cs_CZ","og_type":"article","og_title":"Su\u0161en\u00fd kv\u011bt divizny - Velkoobchodn\u00ed distributor","og_description":"Su\u0161en\u00fd kv\u011bt mulleinu se pou\u017e\u00edv\u00e1 k p\u0159\u00edprav\u011b infuz\u00ed, kter\u00e9 se doporu\u010duj\u00ed konzumovat, aby se zbavily p\u0159etrv\u00e1vaj\u00edc\u00edho ka\u0161le. M\u016f\u017ee za to vysok\u00fd obsah saponin\u016f, kter\u00e9 stimuluj\u00ed vylu\u010dov\u00e1n\u00ed hlenu, kter\u00fd pokr\u00fdv\u00e1 d\u00fdchac\u00ed syst\u00e9m a usnad\u0148uje boj se such\u00fdm ka\u0161lem.","og_url":"https:\/\/naturalpoland.com\/cs\/produkty\/produkty-pro-potravinarsky-prumysl\/suroviny-pro-vyrobu\/mullein-ze-susenych-kvetin\/","og_site_name":"NATURAL POLAND - Velkoobchodn\u00ed distributor surovin","article_publisher":"https:\/\/www.facebook.com\/naturalpoland.b2b","og_image":[{"width":1024,"height":1280,"url":"https:\/\/naturalpoland.com\/wp-content\/uploads\/2021\/05\/dried-mullein-flower.jpg","type":"image\/jpeg"}],"schema":{"@context":"https:\/\/schema.org","@graph":[{"@type":"WebPage","@id":"https:\/\/naturalpoland.com\/cs\/produkty\/produkty-pro-potravinarsky-prumysl\/suroviny-pro-vyrobu\/mullein-ze-susenych-kvetin\/","url":"https:\/\/naturalpoland.com\/cs\/produkty\/produkty-pro-potravinarsky-prumysl\/suroviny-pro-vyrobu\/mullein-ze-susenych-kvetin\/","name":"Su\u0161en\u00fd kv\u011bt divizny - Velkoobchodn\u00ed distributor","isPartOf":{"@id":"https:\/\/naturalpoland.com\/cs\/#website"},"primaryImageOfPage":{"@id":"https:\/\/naturalpoland.com\/cs\/produkty\/produkty-pro-potravinarsky-prumysl\/suroviny-pro-vyrobu\/mullein-ze-susenych-kvetin\/#primaryimage"},"image":{"@id":"https:\/\/naturalpoland.com\/cs\/produkty\/produkty-pro-potravinarsky-prumysl\/suroviny-pro-vyrobu\/mullein-ze-susenych-kvetin\/#primaryimage"},"thumbnailUrl":"https:\/\/naturalpoland.com\/wp-content\/uploads\/2021\/05\/dried-mullein-flower.jpg","datePublished":"2021-09-21T10:16:47+00:00","breadcrumb":{"@id":"https:\/\/naturalpoland.com\/cs\/produkty\/produkty-pro-potravinarsky-prumysl\/suroviny-pro-vyrobu\/mullein-ze-susenych-kvetin\/#breadcrumb"},"inLanguage":"cs","potentialAction":[{"@type":"ReadAction","target":["https:\/\/naturalpoland.com\/cs\/produkty\/produkty-pro-potravinarsky-prumysl\/suroviny-pro-vyrobu\/mullein-ze-susenych-kvetin\/"]}]},{"@type":"ImageObject","inLanguage":"cs","@id":"https:\/\/naturalpoland.com\/cs\/produkty\/produkty-pro-potravinarsky-prumysl\/suroviny-pro-vyrobu\/mullein-ze-susenych-kvetin\/#primaryimage","url":"https:\/\/naturalpoland.com\/wp-content\/uploads\/2021\/05\/dried-mullein-flower.jpg","contentUrl":"https:\/\/naturalpoland.com\/wp-content\/uploads\/2021\/05\/dried-mullein-flower.jpg","width":1024,"height":1280},{"@type":"BreadcrumbList","@id":"https:\/\/naturalpoland.com\/cs\/produkty\/produkty-pro-potravinarsky-prumysl\/suroviny-pro-vyrobu\/mullein-ze-susenych-kvetin\/#breadcrumb","itemListElement":[{"@type":"ListItem","position":1,"name":"Dom\u016f","item":"https:\/\/naturalpoland.com\/cs\/"},{"@type":"ListItem","position":2,"name":"Produkty","item":"https:\/\/naturalpoland.com\/cs\/produkty\/"},{"@type":"ListItem","position":3,"name":"Su\u0161en\u00fd kv\u011bt divizny"}]},{"@type":"WebSite","@id":"https:\/\/naturalpoland.com\/cs\/#website","url":"https:\/\/naturalpoland.com\/cs\/","name":"NATURAL POLAND - Velkoobchodn\u00ed distributor surovin","description":"Surowce dla przemys\u0142u spo\u017cywczego, kosmetycznego i farmaceutycznego","publisher":{"@id":"https:\/\/naturalpoland.com\/cs\/#organization"},"potentialAction":[{"@type":"SearchAction","target":{"@type":"EntryPoint","urlTemplate":"https:\/\/naturalpoland.com\/cs\/?s={search_term_string}"},"query-input":{"@type":"PropertyValueSpecification","valueRequired":true,"valueName":"search_term_string"}}],"inLanguage":"cs"},{"@type":"Organization","@id":"https:\/\/naturalpoland.com\/cs\/#organization","name":"Natural Poland","url":"https:\/\/naturalpoland.com\/cs\/","logo":{"@type":"ImageObject","inLanguage":"cs","@id":"https:\/\/naturalpoland.com\/cs\/#\/schema\/logo\/image\/","url":"https:\/\/naturalpoland.com\/wp-content\/uploads\/2021\/05\/natural-poland-icon.png","contentUrl":"https:\/\/naturalpoland.com\/wp-content\/uploads\/2021\/05\/natural-poland-icon.png","width":512,"height":512,"caption":"Natural Poland"},"image":{"@id":"https:\/\/naturalpoland.com\/cs\/#\/schema\/logo\/image\/"},"sameAs":["https:\/\/www.facebook.com\/naturalpoland.b2b","https:\/\/pl.linkedin.com\/company\/natural-poland","https:\/\/www.youtube.com\/channel\/UCgeGGkvOMahZo-xu_MSEWxg"]}]}},"_links":{"self":[{"href":"https:\/\/naturalpoland.com\/cs\/wp-json\/wp\/v2\/product\/11686","targetHints":{"allow":["GET"]}}],"collection":[{"href":"https:\/\/naturalpoland.com\/cs\/wp-json\/wp\/v2\/product"}],"about":[{"href":"https:\/\/naturalpoland.com\/cs\/wp-json\/wp\/v2\/types\/product"}],"wp:featuredmedia":[{"embeddable":true,"href":"https:\/\/naturalpoland.com\/cs\/wp-json\/wp\/v2\/media\/11690"}],"wp:attachment":[{"href":"https:\/\/naturalpoland.com\/cs\/wp-json\/wp\/v2\/media?parent=11686"}],"wp:term":[{"taxonomy":"product_brand","embeddable":true,"href":"https:\/\/naturalpoland.com\/cs\/wp-json\/wp\/v2\/product_brand?post=11686"},{"taxonomy":"product_cat","embeddable":true,"href":"https:\/\/naturalpoland.com\/cs\/wp-json\/wp\/v2\/product_cat?post=11686"},{"taxonomy":"product_tag","embeddable":true,"href":"https:\/\/naturalpoland.com\/cs\/wp-json\/wp\/v2\/product_tag?post=11686"}],"curies":[{"name":"wp","href":"https:\/\/api.w.org\/{rel}","templated":true}]}}