{"id":11694,"date":"2021-05-11T13:56:59","date_gmt":"2021-09-21T10:16:51","guid":{"rendered":"https:\/\/naturalpoland.pl\/produkty\/nezarazene\/suseny-kvet-lipy\/"},"modified":"2025-06-26T10:54:24","modified_gmt":"2025-06-26T08:54:24","slug":"susena-lipa","status":"publish","type":"product","link":"https:\/\/naturalpoland.com\/cs\/produkty\/produkty-pro-potravinarsky-prumysl\/suroviny-pro-vyrobu\/susena-lipa\/","title":{"rendered":"Su\u0161en\u00fd kv\u011bt l\u00edpy"},"content":{"rendered":"<p>Su\u0161en\u00fd lipov\u00fd kv\u011bt poch\u00e1z\u00ed z voln\u011b rostouc\u00edch lip <strong>malolist\u00fdch<\/strong><em>(Tilia cordata<\/em>), jejich\u017e kv\u011btenstv\u00ed se ru\u010dn\u011b sb\u00edraj\u00ed v dob\u011b pln\u00e9ho kv\u011btu &#8211; od \u010dervna do \u010dervence. Pot\u00e9 se p\u0159irozen\u011b su\u0161\u00ed a jemn\u011b drt\u00ed, aby se zachovalo maximum bioaktivn\u00edch slo\u017eek. Kv\u011bty l\u00edpy se vyzna\u010duj\u00ed jemn\u011b nasl\u00e1dlou chut\u00ed a specifickou jemnou v\u016fn\u00ed a maj\u00ed sv\u011btle \u017elutozelenou barvu.  <\/p>\n<p data-start=\"762\" data-end=\"1304\">D\u00edky velk\u00e9mu mno\u017estv\u00ed flavonoid\u016f (nejm\u00e9n\u011b 0,7 % kvercetinu), rostlinn\u00fdch sliz\u016f, silic a kvercetinu je lipov\u00fd kv\u011bt hojn\u011b vyu\u017e\u00edv\u00e1n jak v dom\u00e1c\u00edch n\u00e1levech, tak v bylinn\u00e9m \u010di kosmetick\u00e9m pr\u016fmyslu. N\u00e1lev z l\u00edpy p\u016fsob\u00ed protiz\u00e1n\u011btliv\u011b, zklid\u0148uje z\u00e1n\u011bty v krku a \u00fastech, podporuje imunitu a usnad\u0148uje us\u00edn\u00e1n\u00ed. Lipov\u00e9 koupele p\u0159in\u00e1\u0161ej\u00ed uvoln\u011bn\u00ed a zklidn\u011bn\u00ed po stresuj\u00edc\u00edm dni. Antialergick\u00e9 vlastnosti kvercetinu d\u00e1le pom\u00e1haj\u00ed zm\u00edrnit p\u0159\u00edznaky alergie a podr\u00e1\u017ed\u011bn\u00ed k\u016f\u017ee.   <\/p>\n<p data-start=\"1306\" data-end=\"1779\">D\u00edky p\u0159\u00edsn\u00e9mu v\u00fdb\u011bru a kontrole kvality spl\u0148uje su\u0161en\u00fd lipov\u00fd kv\u011bt p\u0159\u00edsn\u00e9 bezpe\u010dnostn\u00ed normy: \u017e\u00e1dn\u00e9 organick\u00e9 ani miner\u00e1ln\u00ed p\u0159\u00edm\u011bsi (m\u00e9n\u011b ne\u017e 0,5 % a 0,3 %), vlhkost ni\u017e\u0161\u00ed ne\u017e 11 % a obsah popela ni\u017e\u0161\u00ed ne\u017e 9 %. V\u00fdrobek neobsahuje mikrobiologick\u00e9 kontaminanty, alkaloidy, \u0161k\u016fdce ani rozto\u010de. Bal\u00ed se do pap\u00edrov\u00fdch s\u00e1\u010dk\u016f, skladuje se v suchu p\u0159i teplot\u011b 5-25 \u00b0C, je chr\u00e1n\u011bn p\u0159ed sv\u011btlem a ciz\u00edmi pachy.  <\/p>\n","protected":false},"excerpt":{"rendered":"<p><strong data-start=\"251\" data-end=\"273\">Su\u0161en\u00fd lipov\u00fd kv\u011bt<\/strong> je pe\u010dliv\u011b extrahovan\u00e1 bylinn\u00e1 surovina, zn\u00e1m\u00e1 po generace pro sv\u00e9 uklid\u0148uj\u00edc\u00ed \u00fa\u010dinky.<\/p>\n","protected":false},"featured_media":41648,"template":"","meta":[],"product_brand":[],"product_cat":[641],"product_tag":[],"class_list":{"0":"post-11694","1":"product","2":"type-product","3":"status-publish","4":"has-post-thumbnail","6":"product_cat-suroviny-pro-vyrobu","8":"first","9":"instock","10":"shipping-taxable","11":"product-type-simple"},"yoast_head":"<!-- This site is optimized with the Yoast SEO plugin v27.3 - https:\/\/yoast.com\/product\/yoast-seo-wordpress\/ -->\n<title>Su\u0161en\u00fd kv\u011bt l\u00edpy - Velkoobchodn\u00ed distributor<\/title>\n<meta name=\"description\" content=\"Su\u0161en\u00fd kv\u011bt l\u00edpy se vyzna\u010duje jednoduch\u00fdmi listy ve tvaru srdce. Lze z n\u011bj p\u0159ipravit infuzi, kter\u00e1 pom\u00e1h\u00e1 p\u0159i z\u00e1n\u011btech v \u00fastech.\" \/>\n<meta name=\"robots\" content=\"index, follow, max-snippet:-1, max-image-preview:large, max-video-preview:-1\" \/>\n<link rel=\"canonical\" href=\"https:\/\/naturalpoland.com\/cs\/produkty\/produkty-pro-potravinarsky-prumysl\/suroviny-pro-vyrobu\/susena-lipa\/\" \/>\n<meta property=\"og:locale\" content=\"cs_CZ\" \/>\n<meta property=\"og:type\" content=\"article\" \/>\n<meta property=\"og:title\" content=\"Su\u0161en\u00fd kv\u011bt l\u00edpy - Velkoobchodn\u00ed distributor\" \/>\n<meta property=\"og:description\" content=\"Su\u0161en\u00fd kv\u011bt l\u00edpy se vyzna\u010duje jednoduch\u00fdmi listy ve tvaru srdce. Lze z n\u011bj p\u0159ipravit infuzi, kter\u00e1 pom\u00e1h\u00e1 p\u0159i z\u00e1n\u011btech v \u00fastech.\" \/>\n<meta property=\"og:url\" content=\"https:\/\/naturalpoland.com\/cs\/produkty\/produkty-pro-potravinarsky-prumysl\/suroviny-pro-vyrobu\/susena-lipa\/\" \/>\n<meta property=\"og:site_name\" content=\"NATURAL POLAND - Velkoobchodn\u00ed distributor surovin\" \/>\n<meta property=\"article:publisher\" content=\"https:\/\/www.facebook.com\/naturalpoland.b2b\" \/>\n<meta property=\"article:modified_time\" content=\"2025-06-26T08:54:24+00:00\" \/>\n<meta property=\"og:image\" content=\"https:\/\/naturalpoland.com\/wp-content\/uploads\/suszony-kwiat-lipy.webp\" \/>\n\t<meta property=\"og:image:width\" content=\"1024\" \/>\n\t<meta property=\"og:image:height\" content=\"1024\" \/>\n\t<meta property=\"og:image:type\" content=\"image\/webp\" \/>\n<script type=\"application\/ld+json\" class=\"yoast-schema-graph\">{\"@context\":\"https:\\\/\\\/schema.org\",\"@graph\":[{\"@type\":\"WebPage\",\"@id\":\"https:\\\/\\\/naturalpoland.com\\\/cs\\\/produkty\\\/produkty-pro-potravinarsky-prumysl\\\/suroviny-pro-vyrobu\\\/susena-lipa\\\/\",\"url\":\"https:\\\/\\\/naturalpoland.com\\\/cs\\\/produkty\\\/produkty-pro-potravinarsky-prumysl\\\/suroviny-pro-vyrobu\\\/susena-lipa\\\/\",\"name\":\"Su\u0161en\u00fd kv\u011bt l\u00edpy - Velkoobchodn\u00ed distributor\",\"isPartOf\":{\"@id\":\"https:\\\/\\\/naturalpoland.com\\\/cs\\\/#website\"},\"primaryImageOfPage\":{\"@id\":\"https:\\\/\\\/naturalpoland.com\\\/cs\\\/produkty\\\/produkty-pro-potravinarsky-prumysl\\\/suroviny-pro-vyrobu\\\/susena-lipa\\\/#primaryimage\"},\"image\":{\"@id\":\"https:\\\/\\\/naturalpoland.com\\\/cs\\\/produkty\\\/produkty-pro-potravinarsky-prumysl\\\/suroviny-pro-vyrobu\\\/susena-lipa\\\/#primaryimage\"},\"thumbnailUrl\":\"https:\\\/\\\/naturalpoland.com\\\/wp-content\\\/uploads\\\/suszony-kwiat-lipy.webp\",\"datePublished\":\"2021-09-21T10:16:51+00:00\",\"dateModified\":\"2025-06-26T08:54:24+00:00\",\"description\":\"Su\u0161en\u00fd kv\u011bt l\u00edpy se vyzna\u010duje jednoduch\u00fdmi listy ve tvaru srdce. Lze z n\u011bj p\u0159ipravit infuzi, kter\u00e1 pom\u00e1h\u00e1 p\u0159i z\u00e1n\u011btech v \u00fastech.\",\"breadcrumb\":{\"@id\":\"https:\\\/\\\/naturalpoland.com\\\/cs\\\/produkty\\\/produkty-pro-potravinarsky-prumysl\\\/suroviny-pro-vyrobu\\\/susena-lipa\\\/#breadcrumb\"},\"inLanguage\":\"cs\",\"potentialAction\":[{\"@type\":\"ReadAction\",\"target\":[\"https:\\\/\\\/naturalpoland.com\\\/cs\\\/produkty\\\/produkty-pro-potravinarsky-prumysl\\\/suroviny-pro-vyrobu\\\/susena-lipa\\\/\"]}]},{\"@type\":\"ImageObject\",\"inLanguage\":\"cs\",\"@id\":\"https:\\\/\\\/naturalpoland.com\\\/cs\\\/produkty\\\/produkty-pro-potravinarsky-prumysl\\\/suroviny-pro-vyrobu\\\/susena-lipa\\\/#primaryimage\",\"url\":\"https:\\\/\\\/naturalpoland.com\\\/wp-content\\\/uploads\\\/suszony-kwiat-lipy.webp\",\"contentUrl\":\"https:\\\/\\\/naturalpoland.com\\\/wp-content\\\/uploads\\\/suszony-kwiat-lipy.webp\",\"width\":1024,\"height\":1024,\"caption\":\"suszony kwiat lipy\"},{\"@type\":\"BreadcrumbList\",\"@id\":\"https:\\\/\\\/naturalpoland.com\\\/cs\\\/produkty\\\/produkty-pro-potravinarsky-prumysl\\\/suroviny-pro-vyrobu\\\/susena-lipa\\\/#breadcrumb\",\"itemListElement\":[{\"@type\":\"ListItem\",\"position\":1,\"name\":\"Dom\u016f\",\"item\":\"https:\\\/\\\/naturalpoland.com\\\/cs\\\/\"},{\"@type\":\"ListItem\",\"position\":2,\"name\":\"Produkty\",\"item\":\"https:\\\/\\\/naturalpoland.com\\\/cs\\\/produkty\\\/\"},{\"@type\":\"ListItem\",\"position\":3,\"name\":\"Su\u0161en\u00fd kv\u011bt l\u00edpy\"}]},{\"@type\":\"WebSite\",\"@id\":\"https:\\\/\\\/naturalpoland.com\\\/cs\\\/#website\",\"url\":\"https:\\\/\\\/naturalpoland.com\\\/cs\\\/\",\"name\":\"NATURAL POLAND - Velkoobchodn\u00ed distributor surovin\",\"description\":\"Surowce dla przemys\u0142u spo\u017cywczego, kosmetycznego i farmaceutycznego\",\"publisher\":{\"@id\":\"https:\\\/\\\/naturalpoland.com\\\/cs\\\/#organization\"},\"potentialAction\":[{\"@type\":\"SearchAction\",\"target\":{\"@type\":\"EntryPoint\",\"urlTemplate\":\"https:\\\/\\\/naturalpoland.com\\\/cs\\\/?s={search_term_string}\"},\"query-input\":{\"@type\":\"PropertyValueSpecification\",\"valueRequired\":true,\"valueName\":\"search_term_string\"}}],\"inLanguage\":\"cs\"},{\"@type\":\"Organization\",\"@id\":\"https:\\\/\\\/naturalpoland.com\\\/cs\\\/#organization\",\"name\":\"Natural Poland\",\"url\":\"https:\\\/\\\/naturalpoland.com\\\/cs\\\/\",\"logo\":{\"@type\":\"ImageObject\",\"inLanguage\":\"cs\",\"@id\":\"https:\\\/\\\/naturalpoland.com\\\/cs\\\/#\\\/schema\\\/logo\\\/image\\\/\",\"url\":\"https:\\\/\\\/naturalpoland.com\\\/wp-content\\\/uploads\\\/2021\\\/05\\\/natural-poland-icon.png\",\"contentUrl\":\"https:\\\/\\\/naturalpoland.com\\\/wp-content\\\/uploads\\\/2021\\\/05\\\/natural-poland-icon.png\",\"width\":512,\"height\":512,\"caption\":\"Natural Poland\"},\"image\":{\"@id\":\"https:\\\/\\\/naturalpoland.com\\\/cs\\\/#\\\/schema\\\/logo\\\/image\\\/\"},\"sameAs\":[\"https:\\\/\\\/www.facebook.com\\\/naturalpoland.b2b\",\"https:\\\/\\\/pl.linkedin.com\\\/company\\\/natural-poland\",\"https:\\\/\\\/www.youtube.com\\\/channel\\\/UCgeGGkvOMahZo-xu_MSEWxg\"]}]}<\/script>\n<!-- \/ Yoast SEO plugin. -->","yoast_head_json":{"title":"Su\u0161en\u00fd kv\u011bt l\u00edpy - Velkoobchodn\u00ed distributor","description":"Su\u0161en\u00fd kv\u011bt l\u00edpy se vyzna\u010duje jednoduch\u00fdmi listy ve tvaru srdce. Lze z n\u011bj p\u0159ipravit infuzi, kter\u00e1 pom\u00e1h\u00e1 p\u0159i z\u00e1n\u011btech v \u00fastech.","robots":{"index":"index","follow":"follow","max-snippet":"max-snippet:-1","max-image-preview":"max-image-preview:large","max-video-preview":"max-video-preview:-1"},"canonical":"https:\/\/naturalpoland.com\/cs\/produkty\/produkty-pro-potravinarsky-prumysl\/suroviny-pro-vyrobu\/susena-lipa\/","og_locale":"cs_CZ","og_type":"article","og_title":"Su\u0161en\u00fd kv\u011bt l\u00edpy - Velkoobchodn\u00ed distributor","og_description":"Su\u0161en\u00fd kv\u011bt l\u00edpy se vyzna\u010duje jednoduch\u00fdmi listy ve tvaru srdce. Lze z n\u011bj p\u0159ipravit infuzi, kter\u00e1 pom\u00e1h\u00e1 p\u0159i z\u00e1n\u011btech v \u00fastech.","og_url":"https:\/\/naturalpoland.com\/cs\/produkty\/produkty-pro-potravinarsky-prumysl\/suroviny-pro-vyrobu\/susena-lipa\/","og_site_name":"NATURAL POLAND - Velkoobchodn\u00ed distributor surovin","article_publisher":"https:\/\/www.facebook.com\/naturalpoland.b2b","article_modified_time":"2025-06-26T08:54:24+00:00","og_image":[{"width":1024,"height":1024,"url":"https:\/\/naturalpoland.com\/wp-content\/uploads\/suszony-kwiat-lipy.webp","type":"image\/webp"}],"schema":{"@context":"https:\/\/schema.org","@graph":[{"@type":"WebPage","@id":"https:\/\/naturalpoland.com\/cs\/produkty\/produkty-pro-potravinarsky-prumysl\/suroviny-pro-vyrobu\/susena-lipa\/","url":"https:\/\/naturalpoland.com\/cs\/produkty\/produkty-pro-potravinarsky-prumysl\/suroviny-pro-vyrobu\/susena-lipa\/","name":"Su\u0161en\u00fd kv\u011bt l\u00edpy - Velkoobchodn\u00ed distributor","isPartOf":{"@id":"https:\/\/naturalpoland.com\/cs\/#website"},"primaryImageOfPage":{"@id":"https:\/\/naturalpoland.com\/cs\/produkty\/produkty-pro-potravinarsky-prumysl\/suroviny-pro-vyrobu\/susena-lipa\/#primaryimage"},"image":{"@id":"https:\/\/naturalpoland.com\/cs\/produkty\/produkty-pro-potravinarsky-prumysl\/suroviny-pro-vyrobu\/susena-lipa\/#primaryimage"},"thumbnailUrl":"https:\/\/naturalpoland.com\/wp-content\/uploads\/suszony-kwiat-lipy.webp","datePublished":"2021-09-21T10:16:51+00:00","dateModified":"2025-06-26T08:54:24+00:00","description":"Su\u0161en\u00fd kv\u011bt l\u00edpy se vyzna\u010duje jednoduch\u00fdmi listy ve tvaru srdce. Lze z n\u011bj p\u0159ipravit infuzi, kter\u00e1 pom\u00e1h\u00e1 p\u0159i z\u00e1n\u011btech v \u00fastech.","breadcrumb":{"@id":"https:\/\/naturalpoland.com\/cs\/produkty\/produkty-pro-potravinarsky-prumysl\/suroviny-pro-vyrobu\/susena-lipa\/#breadcrumb"},"inLanguage":"cs","potentialAction":[{"@type":"ReadAction","target":["https:\/\/naturalpoland.com\/cs\/produkty\/produkty-pro-potravinarsky-prumysl\/suroviny-pro-vyrobu\/susena-lipa\/"]}]},{"@type":"ImageObject","inLanguage":"cs","@id":"https:\/\/naturalpoland.com\/cs\/produkty\/produkty-pro-potravinarsky-prumysl\/suroviny-pro-vyrobu\/susena-lipa\/#primaryimage","url":"https:\/\/naturalpoland.com\/wp-content\/uploads\/suszony-kwiat-lipy.webp","contentUrl":"https:\/\/naturalpoland.com\/wp-content\/uploads\/suszony-kwiat-lipy.webp","width":1024,"height":1024,"caption":"suszony kwiat lipy"},{"@type":"BreadcrumbList","@id":"https:\/\/naturalpoland.com\/cs\/produkty\/produkty-pro-potravinarsky-prumysl\/suroviny-pro-vyrobu\/susena-lipa\/#breadcrumb","itemListElement":[{"@type":"ListItem","position":1,"name":"Dom\u016f","item":"https:\/\/naturalpoland.com\/cs\/"},{"@type":"ListItem","position":2,"name":"Produkty","item":"https:\/\/naturalpoland.com\/cs\/produkty\/"},{"@type":"ListItem","position":3,"name":"Su\u0161en\u00fd kv\u011bt l\u00edpy"}]},{"@type":"WebSite","@id":"https:\/\/naturalpoland.com\/cs\/#website","url":"https:\/\/naturalpoland.com\/cs\/","name":"NATURAL POLAND - Velkoobchodn\u00ed distributor surovin","description":"Surowce dla przemys\u0142u spo\u017cywczego, kosmetycznego i farmaceutycznego","publisher":{"@id":"https:\/\/naturalpoland.com\/cs\/#organization"},"potentialAction":[{"@type":"SearchAction","target":{"@type":"EntryPoint","urlTemplate":"https:\/\/naturalpoland.com\/cs\/?s={search_term_string}"},"query-input":{"@type":"PropertyValueSpecification","valueRequired":true,"valueName":"search_term_string"}}],"inLanguage":"cs"},{"@type":"Organization","@id":"https:\/\/naturalpoland.com\/cs\/#organization","name":"Natural Poland","url":"https:\/\/naturalpoland.com\/cs\/","logo":{"@type":"ImageObject","inLanguage":"cs","@id":"https:\/\/naturalpoland.com\/cs\/#\/schema\/logo\/image\/","url":"https:\/\/naturalpoland.com\/wp-content\/uploads\/2021\/05\/natural-poland-icon.png","contentUrl":"https:\/\/naturalpoland.com\/wp-content\/uploads\/2021\/05\/natural-poland-icon.png","width":512,"height":512,"caption":"Natural Poland"},"image":{"@id":"https:\/\/naturalpoland.com\/cs\/#\/schema\/logo\/image\/"},"sameAs":["https:\/\/www.facebook.com\/naturalpoland.b2b","https:\/\/pl.linkedin.com\/company\/natural-poland","https:\/\/www.youtube.com\/channel\/UCgeGGkvOMahZo-xu_MSEWxg"]}]}},"_links":{"self":[{"href":"https:\/\/naturalpoland.com\/cs\/wp-json\/wp\/v2\/product\/11694","targetHints":{"allow":["GET"]}}],"collection":[{"href":"https:\/\/naturalpoland.com\/cs\/wp-json\/wp\/v2\/product"}],"about":[{"href":"https:\/\/naturalpoland.com\/cs\/wp-json\/wp\/v2\/types\/product"}],"wp:featuredmedia":[{"embeddable":true,"href":"https:\/\/naturalpoland.com\/cs\/wp-json\/wp\/v2\/media\/41648"}],"wp:attachment":[{"href":"https:\/\/naturalpoland.com\/cs\/wp-json\/wp\/v2\/media?parent=11694"}],"wp:term":[{"taxonomy":"product_brand","embeddable":true,"href":"https:\/\/naturalpoland.com\/cs\/wp-json\/wp\/v2\/product_brand?post=11694"},{"taxonomy":"product_cat","embeddable":true,"href":"https:\/\/naturalpoland.com\/cs\/wp-json\/wp\/v2\/product_cat?post=11694"},{"taxonomy":"product_tag","embeddable":true,"href":"https:\/\/naturalpoland.com\/cs\/wp-json\/wp\/v2\/product_tag?post=11694"}],"curies":[{"name":"wp","href":"https:\/\/api.w.org\/{rel}","templated":true}]}}