{"id":11712,"date":"2021-05-11T13:57:21","date_gmt":"2021-09-21T10:17:11","guid":{"rendered":"https:\/\/naturalpoland.pl\/produkty\/nezarazene\/datlovy-sirup\/"},"modified":"2021-09-21T12:17:11","modified_gmt":"2021-09-21T10:17:11","slug":"datlovy-sirup","status":"publish","type":"product","link":"https:\/\/naturalpoland.com\/cs\/produkty\/produkty-pro-potravinarsky-prumysl\/suroviny-pro-vyrobu\/datlovy-sirup\/","title":{"rendered":"Datlov\u00fd sirup"},"content":{"rendered":"<p>Charakteristick\u00fdm znakem datlov\u00e9ho sirupu je mimo jin\u00e9 hust\u00e1 konzistence a hn\u011bd\u00e1 barva. M\u00e1 tak\u00e9 skv\u011blou v\u016fni a je z\u00e1rove\u0148 velmi sladk\u00fd. V\u00fdsledkem je, \u017ee i mal\u00e9 mno\u017estv\u00ed ka\u017ed\u00e9ho j\u00eddla chutn\u00e1 mnohem l\u00e9pe.<\/p>\n","protected":false},"excerpt":{"rendered":"<p><strong>Datum zlato<\/strong> datlov\u00fd sirup je st\u00e1le v\u00edce pou\u017e\u00edvan\u00fdm dopl\u0148kem mnoha pokrm\u016f. Datlov\u00fd sirup, kter\u00fd nab\u00edz\u00edme, se z\u00edsk\u00e1v\u00e1 p\u0159\u00edmo z masa \u010derstv\u00e9ho ovoce z datlovn\u00edku &#8211; odtud tak\u00e9 poch\u00e1z\u00ed jeho n\u00e1zev. Jedn\u00e1 se o cenn\u00fd produkt po cel\u00e9m sv\u011bt\u011b, zn\u00e1m\u00fd pro sv\u00e9 mimo\u0159\u00e1dn\u00e9 vlastnosti.<\/p>\n","protected":false},"featured_media":11715,"template":"","meta":{"_acf_changed":false},"product_brand":[],"product_cat":[641],"product_tag":[],"class_list":{"0":"post-11712","1":"product","2":"type-product","3":"status-publish","4":"has-post-thumbnail","6":"product_cat-suroviny-pro-vyrobu","8":"first","9":"instock","10":"shipping-taxable","11":"product-type-simple"},"acf":[],"yoast_head":"<!-- This site is optimized with the Yoast SEO plugin v27.4 - https:\/\/yoast.com\/product\/yoast-seo-wordpress\/ -->\n<title>Datlov\u00fd sirup - Velkoobchodn\u00ed distributor<\/title>\n<meta name=\"robots\" content=\"index, follow, max-snippet:-1, max-image-preview:large, max-video-preview:-1\" \/>\n<link rel=\"canonical\" href=\"https:\/\/naturalpoland.com\/cs\/produkty\/produkty-pro-potravinarsky-prumysl\/suroviny-pro-vyrobu\/datlovy-sirup\/\" \/>\n<meta property=\"og:locale\" content=\"cs_CZ\" \/>\n<meta property=\"og:type\" content=\"article\" \/>\n<meta property=\"og:title\" content=\"Datlov\u00fd sirup - Velkoobchodn\u00ed distributor\" \/>\n<meta property=\"og:description\" content=\"Datum zlato datlov\u00fd sirup je st\u00e1le v\u00edce pou\u017e\u00edvan\u00fdm dopl\u0148kem mnoha pokrm\u016f. Datlov\u00fd sirup, kter\u00fd nab\u00edz\u00edme, se z\u00edsk\u00e1v\u00e1 p\u0159\u00edmo z masa \u010derstv\u00e9ho ovoce z datlovn\u00edku - odtud tak\u00e9 poch\u00e1z\u00ed jeho n\u00e1zev. Jedn\u00e1 se o cenn\u00fd produkt po cel\u00e9m sv\u011bt\u011b, zn\u00e1m\u00fd pro sv\u00e9 mimo\u0159\u00e1dn\u00e9 vlastnosti.\" \/>\n<meta property=\"og:url\" content=\"https:\/\/naturalpoland.com\/cs\/produkty\/produkty-pro-potravinarsky-prumysl\/suroviny-pro-vyrobu\/datlovy-sirup\/\" \/>\n<meta property=\"og:site_name\" content=\"NATURAL POLAND - Velkoobchodn\u00ed distributor surovin\" \/>\n<meta property=\"article:publisher\" content=\"https:\/\/www.facebook.com\/naturalpoland.b2b\" \/>\n<meta property=\"og:image\" content=\"https:\/\/naturalpoland.com\/wp-content\/uploads\/2021\/05\/date-syrup.jpg\" \/>\n\t<meta property=\"og:image:width\" content=\"290\" \/>\n\t<meta property=\"og:image:height\" content=\"226\" \/>\n\t<meta property=\"og:image:type\" content=\"image\/jpeg\" \/>\n<script type=\"application\/ld+json\" class=\"yoast-schema-graph\">{\"@context\":\"https:\\\/\\\/schema.org\",\"@graph\":[{\"@type\":\"WebPage\",\"@id\":\"https:\\\/\\\/naturalpoland.com\\\/cs\\\/produkty\\\/produkty-pro-potravinarsky-prumysl\\\/suroviny-pro-vyrobu\\\/datlovy-sirup\\\/\",\"url\":\"https:\\\/\\\/naturalpoland.com\\\/cs\\\/produkty\\\/produkty-pro-potravinarsky-prumysl\\\/suroviny-pro-vyrobu\\\/datlovy-sirup\\\/\",\"name\":\"Datlov\u00fd sirup - Velkoobchodn\u00ed distributor\",\"isPartOf\":{\"@id\":\"https:\\\/\\\/naturalpoland.com\\\/cs\\\/#website\"},\"primaryImageOfPage\":{\"@id\":\"https:\\\/\\\/naturalpoland.com\\\/cs\\\/produkty\\\/produkty-pro-potravinarsky-prumysl\\\/suroviny-pro-vyrobu\\\/datlovy-sirup\\\/#primaryimage\"},\"image\":{\"@id\":\"https:\\\/\\\/naturalpoland.com\\\/cs\\\/produkty\\\/produkty-pro-potravinarsky-prumysl\\\/suroviny-pro-vyrobu\\\/datlovy-sirup\\\/#primaryimage\"},\"thumbnailUrl\":\"https:\\\/\\\/naturalpoland.com\\\/wp-content\\\/uploads\\\/2021\\\/05\\\/date-syrup.jpg\",\"datePublished\":\"2021-09-21T10:17:11+00:00\",\"breadcrumb\":{\"@id\":\"https:\\\/\\\/naturalpoland.com\\\/cs\\\/produkty\\\/produkty-pro-potravinarsky-prumysl\\\/suroviny-pro-vyrobu\\\/datlovy-sirup\\\/#breadcrumb\"},\"inLanguage\":\"cs\",\"potentialAction\":[{\"@type\":\"ReadAction\",\"target\":[\"https:\\\/\\\/naturalpoland.com\\\/cs\\\/produkty\\\/produkty-pro-potravinarsky-prumysl\\\/suroviny-pro-vyrobu\\\/datlovy-sirup\\\/\"]}]},{\"@type\":\"ImageObject\",\"inLanguage\":\"cs\",\"@id\":\"https:\\\/\\\/naturalpoland.com\\\/cs\\\/produkty\\\/produkty-pro-potravinarsky-prumysl\\\/suroviny-pro-vyrobu\\\/datlovy-sirup\\\/#primaryimage\",\"url\":\"https:\\\/\\\/naturalpoland.com\\\/wp-content\\\/uploads\\\/2021\\\/05\\\/date-syrup.jpg\",\"contentUrl\":\"https:\\\/\\\/naturalpoland.com\\\/wp-content\\\/uploads\\\/2021\\\/05\\\/date-syrup.jpg\",\"width\":290,\"height\":226},{\"@type\":\"BreadcrumbList\",\"@id\":\"https:\\\/\\\/naturalpoland.com\\\/cs\\\/produkty\\\/produkty-pro-potravinarsky-prumysl\\\/suroviny-pro-vyrobu\\\/datlovy-sirup\\\/#breadcrumb\",\"itemListElement\":[{\"@type\":\"ListItem\",\"position\":1,\"name\":\"Dom\u016f\",\"item\":\"https:\\\/\\\/naturalpoland.com\\\/cs\\\/\"},{\"@type\":\"ListItem\",\"position\":2,\"name\":\"Produkty\",\"item\":\"https:\\\/\\\/naturalpoland.com\\\/cs\\\/produkty\\\/\"},{\"@type\":\"ListItem\",\"position\":3,\"name\":\"Datlov\u00fd sirup\"}]},{\"@type\":\"WebSite\",\"@id\":\"https:\\\/\\\/naturalpoland.com\\\/cs\\\/#website\",\"url\":\"https:\\\/\\\/naturalpoland.com\\\/cs\\\/\",\"name\":\"NATURAL POLAND - Velkoobchodn\u00ed distributor surovin\",\"description\":\"Surowce dla przemys\u0142u spo\u017cywczego, kosmetycznego i farmaceutycznego\",\"publisher\":{\"@id\":\"https:\\\/\\\/naturalpoland.com\\\/cs\\\/#organization\"},\"potentialAction\":[{\"@type\":\"SearchAction\",\"target\":{\"@type\":\"EntryPoint\",\"urlTemplate\":\"https:\\\/\\\/naturalpoland.com\\\/cs\\\/?s={search_term_string}\"},\"query-input\":{\"@type\":\"PropertyValueSpecification\",\"valueRequired\":true,\"valueName\":\"search_term_string\"}}],\"inLanguage\":\"cs\"},{\"@type\":\"Organization\",\"@id\":\"https:\\\/\\\/naturalpoland.com\\\/cs\\\/#organization\",\"name\":\"Natural Poland\",\"url\":\"https:\\\/\\\/naturalpoland.com\\\/cs\\\/\",\"logo\":{\"@type\":\"ImageObject\",\"inLanguage\":\"cs\",\"@id\":\"https:\\\/\\\/naturalpoland.com\\\/cs\\\/#\\\/schema\\\/logo\\\/image\\\/\",\"url\":\"https:\\\/\\\/naturalpoland.com\\\/wp-content\\\/uploads\\\/2021\\\/05\\\/natural-poland-icon.png\",\"contentUrl\":\"https:\\\/\\\/naturalpoland.com\\\/wp-content\\\/uploads\\\/2021\\\/05\\\/natural-poland-icon.png\",\"width\":512,\"height\":512,\"caption\":\"Natural Poland\"},\"image\":{\"@id\":\"https:\\\/\\\/naturalpoland.com\\\/cs\\\/#\\\/schema\\\/logo\\\/image\\\/\"},\"sameAs\":[\"https:\\\/\\\/www.facebook.com\\\/naturalpoland.b2b\",\"https:\\\/\\\/pl.linkedin.com\\\/company\\\/natural-poland\",\"https:\\\/\\\/www.youtube.com\\\/channel\\\/UCgeGGkvOMahZo-xu_MSEWxg\"]}]}<\/script>\n<!-- \/ Yoast SEO plugin. -->","yoast_head_json":{"title":"Datlov\u00fd sirup - Velkoobchodn\u00ed distributor","robots":{"index":"index","follow":"follow","max-snippet":"max-snippet:-1","max-image-preview":"max-image-preview:large","max-video-preview":"max-video-preview:-1"},"canonical":"https:\/\/naturalpoland.com\/cs\/produkty\/produkty-pro-potravinarsky-prumysl\/suroviny-pro-vyrobu\/datlovy-sirup\/","og_locale":"cs_CZ","og_type":"article","og_title":"Datlov\u00fd sirup - Velkoobchodn\u00ed distributor","og_description":"Datum zlato datlov\u00fd sirup je st\u00e1le v\u00edce pou\u017e\u00edvan\u00fdm dopl\u0148kem mnoha pokrm\u016f. Datlov\u00fd sirup, kter\u00fd nab\u00edz\u00edme, se z\u00edsk\u00e1v\u00e1 p\u0159\u00edmo z masa \u010derstv\u00e9ho ovoce z datlovn\u00edku - odtud tak\u00e9 poch\u00e1z\u00ed jeho n\u00e1zev. Jedn\u00e1 se o cenn\u00fd produkt po cel\u00e9m sv\u011bt\u011b, zn\u00e1m\u00fd pro sv\u00e9 mimo\u0159\u00e1dn\u00e9 vlastnosti.","og_url":"https:\/\/naturalpoland.com\/cs\/produkty\/produkty-pro-potravinarsky-prumysl\/suroviny-pro-vyrobu\/datlovy-sirup\/","og_site_name":"NATURAL POLAND - Velkoobchodn\u00ed distributor surovin","article_publisher":"https:\/\/www.facebook.com\/naturalpoland.b2b","og_image":[{"width":290,"height":226,"url":"https:\/\/naturalpoland.com\/wp-content\/uploads\/2021\/05\/date-syrup.jpg","type":"image\/jpeg"}],"schema":{"@context":"https:\/\/schema.org","@graph":[{"@type":"WebPage","@id":"https:\/\/naturalpoland.com\/cs\/produkty\/produkty-pro-potravinarsky-prumysl\/suroviny-pro-vyrobu\/datlovy-sirup\/","url":"https:\/\/naturalpoland.com\/cs\/produkty\/produkty-pro-potravinarsky-prumysl\/suroviny-pro-vyrobu\/datlovy-sirup\/","name":"Datlov\u00fd sirup - Velkoobchodn\u00ed distributor","isPartOf":{"@id":"https:\/\/naturalpoland.com\/cs\/#website"},"primaryImageOfPage":{"@id":"https:\/\/naturalpoland.com\/cs\/produkty\/produkty-pro-potravinarsky-prumysl\/suroviny-pro-vyrobu\/datlovy-sirup\/#primaryimage"},"image":{"@id":"https:\/\/naturalpoland.com\/cs\/produkty\/produkty-pro-potravinarsky-prumysl\/suroviny-pro-vyrobu\/datlovy-sirup\/#primaryimage"},"thumbnailUrl":"https:\/\/naturalpoland.com\/wp-content\/uploads\/2021\/05\/date-syrup.jpg","datePublished":"2021-09-21T10:17:11+00:00","breadcrumb":{"@id":"https:\/\/naturalpoland.com\/cs\/produkty\/produkty-pro-potravinarsky-prumysl\/suroviny-pro-vyrobu\/datlovy-sirup\/#breadcrumb"},"inLanguage":"cs","potentialAction":[{"@type":"ReadAction","target":["https:\/\/naturalpoland.com\/cs\/produkty\/produkty-pro-potravinarsky-prumysl\/suroviny-pro-vyrobu\/datlovy-sirup\/"]}]},{"@type":"ImageObject","inLanguage":"cs","@id":"https:\/\/naturalpoland.com\/cs\/produkty\/produkty-pro-potravinarsky-prumysl\/suroviny-pro-vyrobu\/datlovy-sirup\/#primaryimage","url":"https:\/\/naturalpoland.com\/wp-content\/uploads\/2021\/05\/date-syrup.jpg","contentUrl":"https:\/\/naturalpoland.com\/wp-content\/uploads\/2021\/05\/date-syrup.jpg","width":290,"height":226},{"@type":"BreadcrumbList","@id":"https:\/\/naturalpoland.com\/cs\/produkty\/produkty-pro-potravinarsky-prumysl\/suroviny-pro-vyrobu\/datlovy-sirup\/#breadcrumb","itemListElement":[{"@type":"ListItem","position":1,"name":"Dom\u016f","item":"https:\/\/naturalpoland.com\/cs\/"},{"@type":"ListItem","position":2,"name":"Produkty","item":"https:\/\/naturalpoland.com\/cs\/produkty\/"},{"@type":"ListItem","position":3,"name":"Datlov\u00fd sirup"}]},{"@type":"WebSite","@id":"https:\/\/naturalpoland.com\/cs\/#website","url":"https:\/\/naturalpoland.com\/cs\/","name":"NATURAL POLAND - Velkoobchodn\u00ed distributor surovin","description":"Surowce dla przemys\u0142u spo\u017cywczego, kosmetycznego i farmaceutycznego","publisher":{"@id":"https:\/\/naturalpoland.com\/cs\/#organization"},"potentialAction":[{"@type":"SearchAction","target":{"@type":"EntryPoint","urlTemplate":"https:\/\/naturalpoland.com\/cs\/?s={search_term_string}"},"query-input":{"@type":"PropertyValueSpecification","valueRequired":true,"valueName":"search_term_string"}}],"inLanguage":"cs"},{"@type":"Organization","@id":"https:\/\/naturalpoland.com\/cs\/#organization","name":"Natural Poland","url":"https:\/\/naturalpoland.com\/cs\/","logo":{"@type":"ImageObject","inLanguage":"cs","@id":"https:\/\/naturalpoland.com\/cs\/#\/schema\/logo\/image\/","url":"https:\/\/naturalpoland.com\/wp-content\/uploads\/2021\/05\/natural-poland-icon.png","contentUrl":"https:\/\/naturalpoland.com\/wp-content\/uploads\/2021\/05\/natural-poland-icon.png","width":512,"height":512,"caption":"Natural Poland"},"image":{"@id":"https:\/\/naturalpoland.com\/cs\/#\/schema\/logo\/image\/"},"sameAs":["https:\/\/www.facebook.com\/naturalpoland.b2b","https:\/\/pl.linkedin.com\/company\/natural-poland","https:\/\/www.youtube.com\/channel\/UCgeGGkvOMahZo-xu_MSEWxg"]}]}},"_links":{"self":[{"href":"https:\/\/naturalpoland.com\/cs\/wp-json\/wp\/v2\/product\/11712","targetHints":{"allow":["GET"]}}],"collection":[{"href":"https:\/\/naturalpoland.com\/cs\/wp-json\/wp\/v2\/product"}],"about":[{"href":"https:\/\/naturalpoland.com\/cs\/wp-json\/wp\/v2\/types\/product"}],"wp:featuredmedia":[{"embeddable":true,"href":"https:\/\/naturalpoland.com\/cs\/wp-json\/wp\/v2\/media\/11715"}],"wp:attachment":[{"href":"https:\/\/naturalpoland.com\/cs\/wp-json\/wp\/v2\/media?parent=11712"}],"wp:term":[{"taxonomy":"product_brand","embeddable":true,"href":"https:\/\/naturalpoland.com\/cs\/wp-json\/wp\/v2\/product_brand?post=11712"},{"taxonomy":"product_cat","embeddable":true,"href":"https:\/\/naturalpoland.com\/cs\/wp-json\/wp\/v2\/product_cat?post=11712"},{"taxonomy":"product_tag","embeddable":true,"href":"https:\/\/naturalpoland.com\/cs\/wp-json\/wp\/v2\/product_tag?post=11712"}],"curies":[{"name":"wp","href":"https:\/\/api.w.org\/{rel}","templated":true}]}}