{"id":11801,"date":"2021-05-11T13:58:32","date_gmt":"2021-05-11T11:58:32","guid":{"rendered":"https:\/\/naturalpoland.pl\/produkty\/nezarazene\/sojovy-vosk\/"},"modified":"2026-02-23T12:29:44","modified_gmt":"2026-02-23T11:29:44","slug":"sojovy-vosk","status":"publish","type":"product","link":"https:\/\/naturalpoland.com\/cs\/produkty\/vosky\/sojovy-vosk\/","title":{"rendered":"Sojov\u00fd vosk"},"content":{"rendered":"<h2>Charakteristika s\u00f3jov\u00e9ho vosku<\/h2>\n<p>S\u00f3jov\u00fd vosk se vyskytuje v podob\u011b sv\u011btl\u00fdch voskov\u00fdch lup\u00ednk\u016f. Produkt m\u00e1 charakteristickou jemnou v\u016fni a sv\u011btlou barvu (Lovibond max. 3). Je vhodn\u00fd pro v\u00fdrobu barven\u00fdch a vonn\u00fdch sv\u00ed\u010dek. Bod t\u00e1n\u00ed v rozmez\u00ed 42\u201360 \u00b0C zaji\u0161\u0165uje dobrou stabilitu p\u0159i pokojov\u00e9 teplot\u011b a z\u00e1rove\u0148 rovnom\u011brn\u00e9 a kontrolovan\u00e9 ho\u0159en\u00ed.   <\/p>\n<h2>Vlastnosti s\u00f3jov\u00e9ho vosku<\/h2>\n<p>S\u00f3jov\u00fd vosk je p\u0159edev\u0161\u00edm p\u0159\u00edrodn\u00ed <strong>alternativa k parafinu<\/strong> a v\u010del\u00edmu vosku. D\u00edky sv\u00e9mu rostlinn\u00e9mu p\u016fvodu je vhodn\u00fd pro produkty ur\u010den\u00e9 vegan\u016fm a vegetari\u00e1n\u016fm. <\/p>\n<p>P\u0159i ho\u0159en\u00ed sv\u00ed\u010dek se s\u00f3jov\u00fd vosk tav\u00ed p\u0159i pom\u011brn\u011b n\u00edzk\u00e9 teplot\u011b, vytv\u00e1\u0159\u00ed rovnou hladinu a omezuje vznik nadm\u011brn\u00e9ho mno\u017estv\u00ed kou\u0159e. Lipidov\u00e1 struktura vosku zp\u016fsobuje, \u017ee po roztaven\u00ed vytv\u00e1\u0159\u00ed p\u0159\u00edjemnou na dotek, m\u011bkkou konzistenci. Proto m\u016f\u017ee b\u00fdt vyu\u017e\u00edv\u00e1n v mas\u00e1\u017en\u00edch sv\u00ed\u010dk\u00e1ch \u2013 po roztaven\u00ed <strong>m\u016f\u017ee b\u00fdt aplikov\u00e1n p\u0159\u00edmo na poko\u017eku<\/strong>, zaji\u0161\u0165uje proma\u0161t\u011bn\u00ed a vyhlazen\u00ed. S\u00f3jov\u00fd vosk <strong>p\u016fsob\u00ed emoliencyjn\u011b<\/strong>, omezuje transepiderm\u00e1ln\u00ed ztr\u00e1tu vody a zlep\u0161uje komfort poko\u017eky.   <\/p>\n<p>S\u00f3jov\u00fd vosk je kompatibiln\u00ed s <a href=\"https:\/\/naturalpoland.com\/cs\/kategorie\/produkty-pro-kosmeticky-prumysl\/esencialni-oleje\/\">esenci\u00e1ln\u00edmi oleji<\/a> a von\u00fdmi kompozicemi. Umo\u017e\u0148uje vytv\u00e1\u0159en\u00ed sv\u00ed\u010dek s intenzivn\u00ed, dlouhotrvaj\u00edc\u00ed v\u016fn\u00ed. Teplotn\u00ed stabilita a homogenn\u00ed struktura z n\u011bj \u010din\u00ed p\u0159edv\u00eddatelnou surovinu ve v\u00fdrobn\u00edm procesu.  <\/p>\n<h2>Pou\u017eit\u00ed s\u00f3jov\u00e9ho vosku<\/h2>\n<p>S\u00f3jov\u00fd vosk nach\u00e1z\u00ed \u0161irok\u00e9 uplatn\u011bn\u00ed v:<\/p>\n<ul>\n<li>v\u00fdrob\u011b ekologick\u00fdch a vonn\u00fdch sv\u00ed\u010dek,<\/li>\n<li>sv\u00ed\u010dk\u00e1ch pro aromaterapii,<\/li>\n<li>mas\u00e1\u017en\u00edch sv\u00ed\u010dk\u00e1ch,<\/li>\n<li>vonn\u00fdch vosc\u00edch typu melts,<\/li>\n<li>p\u0159\u00edrodn\u00ed kosmetice (balz\u00e1my v kostce, t\u011blov\u00e1 m\u00e1sla),<\/li>\n<li>DIY produktech a ru\u010dn\u00edch prac\u00edch.<\/li>\n<\/ul>\n<p>Vzhledem k jakostn\u00edm parametr\u016fm potvrzen\u00fdm ve specifikaci a kontrole bodu t\u00e1n\u00ed je surovina vhodn\u00e1 pro aplikace vy\u017eaduj\u00edc\u00ed opakovatelnost a stabilitu v\u00fdrobn\u00edch \u0161ar\u017e\u00ed.<\/p>\n","protected":false},"excerpt":{"rendered":"<p><strong>S\u00f3jov\u00fd vosk<\/strong> v lup\u00ednc\u00edch je rostlinn\u00fd vosk z\u00edsk\u00e1van\u00fd z hydrogenovan\u00e9ho s\u00f3jov\u00e9ho oleje, ur\u010den\u00fd pro sv\u00ed\u010dkov\u00e9 aplikace a vybran\u00e9 kosmetick\u00e9 formulace.<\/p>\n","protected":false},"featured_media":46142,"template":"","meta":{"_acf_changed":false},"product_brand":[],"product_cat":[643],"product_tag":[],"class_list":{"0":"post-11801","1":"product","2":"type-product","3":"status-publish","4":"has-post-thumbnail","6":"product_cat-vosky","8":"first","9":"instock","10":"shipping-taxable","11":"product-type-simple"},"acf":[],"yoast_head":"<!-- This site is optimized with the Yoast SEO plugin v27.5 - https:\/\/yoast.com\/product\/yoast-seo-wordpress\/ -->\n<title>Sojov\u00fd vosk - Velkoobchodn\u00ed distributor<\/title>\n<meta name=\"description\" content=\"S\u00f3jov\u00fd vosk v lup\u00ednc\u00edch \u2013 p\u0159\u00edrodn\u00ed surovina pro vonn\u00e9 sv\u00ed\u010dky, aromaterapii a mas\u00e1\u017en\u00ed sv\u00ed\u010dky. Rostlinn\u00e1 alternativa k parafinu a v\u010del\u00edmu vosku.\" \/>\n<meta name=\"robots\" content=\"index, follow, max-snippet:-1, max-image-preview:large, max-video-preview:-1\" \/>\n<link rel=\"canonical\" href=\"https:\/\/naturalpoland.com\/cs\/produkty\/vosky\/sojovy-vosk\/\" \/>\n<meta property=\"og:locale\" content=\"cs_CZ\" \/>\n<meta property=\"og:type\" content=\"article\" \/>\n<meta property=\"og:title\" content=\"Sojov\u00fd vosk - Velkoobchodn\u00ed distributor\" \/>\n<meta property=\"og:description\" content=\"S\u00f3jov\u00fd vosk v lup\u00ednc\u00edch \u2013 p\u0159\u00edrodn\u00ed surovina pro vonn\u00e9 sv\u00ed\u010dky, aromaterapii a mas\u00e1\u017en\u00ed sv\u00ed\u010dky. Rostlinn\u00e1 alternativa k parafinu a v\u010del\u00edmu vosku.\" \/>\n<meta property=\"og:url\" content=\"https:\/\/naturalpoland.com\/cs\/produkty\/vosky\/sojovy-vosk\/\" \/>\n<meta property=\"og:site_name\" content=\"NATURAL POLAND - Velkoobchodn\u00ed distributor surovin\" \/>\n<meta property=\"article:publisher\" content=\"https:\/\/www.facebook.com\/naturalpoland.b2b\" \/>\n<meta property=\"article:modified_time\" content=\"2026-02-23T11:29:44+00:00\" \/>\n<meta property=\"og:image\" content=\"https:\/\/naturalpoland.com\/wp-content\/uploads\/wosk-sojowy.webp\" \/>\n\t<meta property=\"og:image:width\" content=\"1024\" \/>\n\t<meta property=\"og:image:height\" content=\"1024\" \/>\n\t<meta property=\"og:image:type\" content=\"image\/webp\" \/>\n<script type=\"application\/ld+json\" class=\"yoast-schema-graph\">{\"@context\":\"https:\\\/\\\/schema.org\",\"@graph\":[{\"@type\":\"WebPage\",\"@id\":\"https:\\\/\\\/naturalpoland.com\\\/cs\\\/produkty\\\/vosky\\\/sojovy-vosk\\\/\",\"url\":\"https:\\\/\\\/naturalpoland.com\\\/cs\\\/produkty\\\/vosky\\\/sojovy-vosk\\\/\",\"name\":\"Sojov\u00fd vosk - Velkoobchodn\u00ed distributor\",\"isPartOf\":{\"@id\":\"https:\\\/\\\/naturalpoland.com\\\/cs\\\/#website\"},\"primaryImageOfPage\":{\"@id\":\"https:\\\/\\\/naturalpoland.com\\\/cs\\\/produkty\\\/vosky\\\/sojovy-vosk\\\/#primaryimage\"},\"image\":{\"@id\":\"https:\\\/\\\/naturalpoland.com\\\/cs\\\/produkty\\\/vosky\\\/sojovy-vosk\\\/#primaryimage\"},\"thumbnailUrl\":\"https:\\\/\\\/naturalpoland.com\\\/wp-content\\\/uploads\\\/wosk-sojowy.webp\",\"datePublished\":\"2021-05-11T11:58:32+00:00\",\"dateModified\":\"2026-02-23T11:29:44+00:00\",\"description\":\"S\u00f3jov\u00fd vosk v lup\u00ednc\u00edch \u2013 p\u0159\u00edrodn\u00ed surovina pro vonn\u00e9 sv\u00ed\u010dky, aromaterapii a mas\u00e1\u017en\u00ed sv\u00ed\u010dky. Rostlinn\u00e1 alternativa k parafinu a v\u010del\u00edmu vosku.\",\"breadcrumb\":{\"@id\":\"https:\\\/\\\/naturalpoland.com\\\/cs\\\/produkty\\\/vosky\\\/sojovy-vosk\\\/#breadcrumb\"},\"inLanguage\":\"cs\",\"potentialAction\":[{\"@type\":\"ReadAction\",\"target\":[\"https:\\\/\\\/naturalpoland.com\\\/cs\\\/produkty\\\/vosky\\\/sojovy-vosk\\\/\"]}]},{\"@type\":\"ImageObject\",\"inLanguage\":\"cs\",\"@id\":\"https:\\\/\\\/naturalpoland.com\\\/cs\\\/produkty\\\/vosky\\\/sojovy-vosk\\\/#primaryimage\",\"url\":\"https:\\\/\\\/naturalpoland.com\\\/wp-content\\\/uploads\\\/wosk-sojowy.webp\",\"contentUrl\":\"https:\\\/\\\/naturalpoland.com\\\/wp-content\\\/uploads\\\/wosk-sojowy.webp\",\"width\":1024,\"height\":1024,\"caption\":\"s\u00f3jov\u00fd vosk v lup\u00ednc\u00edch\"},{\"@type\":\"BreadcrumbList\",\"@id\":\"https:\\\/\\\/naturalpoland.com\\\/cs\\\/produkty\\\/vosky\\\/sojovy-vosk\\\/#breadcrumb\",\"itemListElement\":[{\"@type\":\"ListItem\",\"position\":1,\"name\":\"Dom\u016f\",\"item\":\"https:\\\/\\\/naturalpoland.com\\\/cs\\\/\"},{\"@type\":\"ListItem\",\"position\":2,\"name\":\"Produkty\",\"item\":\"https:\\\/\\\/naturalpoland.com\\\/cs\\\/produkty\\\/\"},{\"@type\":\"ListItem\",\"position\":3,\"name\":\"Sojov\u00fd vosk\"}]},{\"@type\":\"WebSite\",\"@id\":\"https:\\\/\\\/naturalpoland.com\\\/cs\\\/#website\",\"url\":\"https:\\\/\\\/naturalpoland.com\\\/cs\\\/\",\"name\":\"NATURAL POLAND - Velkoobchodn\u00ed distributor surovin\",\"description\":\"Surowce dla przemys\u0142u spo\u017cywczego, kosmetycznego i farmaceutycznego\",\"publisher\":{\"@id\":\"https:\\\/\\\/naturalpoland.com\\\/cs\\\/#organization\"},\"potentialAction\":[{\"@type\":\"SearchAction\",\"target\":{\"@type\":\"EntryPoint\",\"urlTemplate\":\"https:\\\/\\\/naturalpoland.com\\\/cs\\\/?s={search_term_string}\"},\"query-input\":{\"@type\":\"PropertyValueSpecification\",\"valueRequired\":true,\"valueName\":\"search_term_string\"}}],\"inLanguage\":\"cs\"},{\"@type\":\"Organization\",\"@id\":\"https:\\\/\\\/naturalpoland.com\\\/cs\\\/#organization\",\"name\":\"Natural Poland\",\"url\":\"https:\\\/\\\/naturalpoland.com\\\/cs\\\/\",\"logo\":{\"@type\":\"ImageObject\",\"inLanguage\":\"cs\",\"@id\":\"https:\\\/\\\/naturalpoland.com\\\/cs\\\/#\\\/schema\\\/logo\\\/image\\\/\",\"url\":\"https:\\\/\\\/naturalpoland.com\\\/wp-content\\\/uploads\\\/2021\\\/05\\\/natural-poland-icon.png\",\"contentUrl\":\"https:\\\/\\\/naturalpoland.com\\\/wp-content\\\/uploads\\\/2021\\\/05\\\/natural-poland-icon.png\",\"width\":512,\"height\":512,\"caption\":\"Natural Poland\"},\"image\":{\"@id\":\"https:\\\/\\\/naturalpoland.com\\\/cs\\\/#\\\/schema\\\/logo\\\/image\\\/\"},\"sameAs\":[\"https:\\\/\\\/www.facebook.com\\\/naturalpoland.b2b\",\"https:\\\/\\\/pl.linkedin.com\\\/company\\\/natural-poland\",\"https:\\\/\\\/www.youtube.com\\\/channel\\\/UCgeGGkvOMahZo-xu_MSEWxg\"]}]}<\/script>\n<!-- \/ Yoast SEO plugin. -->","yoast_head_json":{"title":"Sojov\u00fd vosk - Velkoobchodn\u00ed distributor","description":"S\u00f3jov\u00fd vosk v lup\u00ednc\u00edch \u2013 p\u0159\u00edrodn\u00ed surovina pro vonn\u00e9 sv\u00ed\u010dky, aromaterapii a mas\u00e1\u017en\u00ed sv\u00ed\u010dky. Rostlinn\u00e1 alternativa k parafinu a v\u010del\u00edmu vosku.","robots":{"index":"index","follow":"follow","max-snippet":"max-snippet:-1","max-image-preview":"max-image-preview:large","max-video-preview":"max-video-preview:-1"},"canonical":"https:\/\/naturalpoland.com\/cs\/produkty\/vosky\/sojovy-vosk\/","og_locale":"cs_CZ","og_type":"article","og_title":"Sojov\u00fd vosk - Velkoobchodn\u00ed distributor","og_description":"S\u00f3jov\u00fd vosk v lup\u00ednc\u00edch \u2013 p\u0159\u00edrodn\u00ed surovina pro vonn\u00e9 sv\u00ed\u010dky, aromaterapii a mas\u00e1\u017en\u00ed sv\u00ed\u010dky. Rostlinn\u00e1 alternativa k parafinu a v\u010del\u00edmu vosku.","og_url":"https:\/\/naturalpoland.com\/cs\/produkty\/vosky\/sojovy-vosk\/","og_site_name":"NATURAL POLAND - Velkoobchodn\u00ed distributor surovin","article_publisher":"https:\/\/www.facebook.com\/naturalpoland.b2b","article_modified_time":"2026-02-23T11:29:44+00:00","og_image":[{"width":1024,"height":1024,"url":"https:\/\/naturalpoland.com\/wp-content\/uploads\/wosk-sojowy.webp","type":"image\/webp"}],"schema":{"@context":"https:\/\/schema.org","@graph":[{"@type":"WebPage","@id":"https:\/\/naturalpoland.com\/cs\/produkty\/vosky\/sojovy-vosk\/","url":"https:\/\/naturalpoland.com\/cs\/produkty\/vosky\/sojovy-vosk\/","name":"Sojov\u00fd vosk - Velkoobchodn\u00ed distributor","isPartOf":{"@id":"https:\/\/naturalpoland.com\/cs\/#website"},"primaryImageOfPage":{"@id":"https:\/\/naturalpoland.com\/cs\/produkty\/vosky\/sojovy-vosk\/#primaryimage"},"image":{"@id":"https:\/\/naturalpoland.com\/cs\/produkty\/vosky\/sojovy-vosk\/#primaryimage"},"thumbnailUrl":"https:\/\/naturalpoland.com\/wp-content\/uploads\/wosk-sojowy.webp","datePublished":"2021-05-11T11:58:32+00:00","dateModified":"2026-02-23T11:29:44+00:00","description":"S\u00f3jov\u00fd vosk v lup\u00ednc\u00edch \u2013 p\u0159\u00edrodn\u00ed surovina pro vonn\u00e9 sv\u00ed\u010dky, aromaterapii a mas\u00e1\u017en\u00ed sv\u00ed\u010dky. Rostlinn\u00e1 alternativa k parafinu a v\u010del\u00edmu vosku.","breadcrumb":{"@id":"https:\/\/naturalpoland.com\/cs\/produkty\/vosky\/sojovy-vosk\/#breadcrumb"},"inLanguage":"cs","potentialAction":[{"@type":"ReadAction","target":["https:\/\/naturalpoland.com\/cs\/produkty\/vosky\/sojovy-vosk\/"]}]},{"@type":"ImageObject","inLanguage":"cs","@id":"https:\/\/naturalpoland.com\/cs\/produkty\/vosky\/sojovy-vosk\/#primaryimage","url":"https:\/\/naturalpoland.com\/wp-content\/uploads\/wosk-sojowy.webp","contentUrl":"https:\/\/naturalpoland.com\/wp-content\/uploads\/wosk-sojowy.webp","width":1024,"height":1024,"caption":"s\u00f3jov\u00fd vosk v lup\u00ednc\u00edch"},{"@type":"BreadcrumbList","@id":"https:\/\/naturalpoland.com\/cs\/produkty\/vosky\/sojovy-vosk\/#breadcrumb","itemListElement":[{"@type":"ListItem","position":1,"name":"Dom\u016f","item":"https:\/\/naturalpoland.com\/cs\/"},{"@type":"ListItem","position":2,"name":"Produkty","item":"https:\/\/naturalpoland.com\/cs\/produkty\/"},{"@type":"ListItem","position":3,"name":"Sojov\u00fd vosk"}]},{"@type":"WebSite","@id":"https:\/\/naturalpoland.com\/cs\/#website","url":"https:\/\/naturalpoland.com\/cs\/","name":"NATURAL POLAND - Velkoobchodn\u00ed distributor surovin","description":"Surowce dla przemys\u0142u spo\u017cywczego, kosmetycznego i farmaceutycznego","publisher":{"@id":"https:\/\/naturalpoland.com\/cs\/#organization"},"potentialAction":[{"@type":"SearchAction","target":{"@type":"EntryPoint","urlTemplate":"https:\/\/naturalpoland.com\/cs\/?s={search_term_string}"},"query-input":{"@type":"PropertyValueSpecification","valueRequired":true,"valueName":"search_term_string"}}],"inLanguage":"cs"},{"@type":"Organization","@id":"https:\/\/naturalpoland.com\/cs\/#organization","name":"Natural Poland","url":"https:\/\/naturalpoland.com\/cs\/","logo":{"@type":"ImageObject","inLanguage":"cs","@id":"https:\/\/naturalpoland.com\/cs\/#\/schema\/logo\/image\/","url":"https:\/\/naturalpoland.com\/wp-content\/uploads\/2021\/05\/natural-poland-icon.png","contentUrl":"https:\/\/naturalpoland.com\/wp-content\/uploads\/2021\/05\/natural-poland-icon.png","width":512,"height":512,"caption":"Natural Poland"},"image":{"@id":"https:\/\/naturalpoland.com\/cs\/#\/schema\/logo\/image\/"},"sameAs":["https:\/\/www.facebook.com\/naturalpoland.b2b","https:\/\/pl.linkedin.com\/company\/natural-poland","https:\/\/www.youtube.com\/channel\/UCgeGGkvOMahZo-xu_MSEWxg"]}]}},"_links":{"self":[{"href":"https:\/\/naturalpoland.com\/cs\/wp-json\/wp\/v2\/product\/11801","targetHints":{"allow":["GET"]}}],"collection":[{"href":"https:\/\/naturalpoland.com\/cs\/wp-json\/wp\/v2\/product"}],"about":[{"href":"https:\/\/naturalpoland.com\/cs\/wp-json\/wp\/v2\/types\/product"}],"wp:featuredmedia":[{"embeddable":true,"href":"https:\/\/naturalpoland.com\/cs\/wp-json\/wp\/v2\/media\/46142"}],"wp:attachment":[{"href":"https:\/\/naturalpoland.com\/cs\/wp-json\/wp\/v2\/media?parent=11801"}],"wp:term":[{"taxonomy":"product_brand","embeddable":true,"href":"https:\/\/naturalpoland.com\/cs\/wp-json\/wp\/v2\/product_brand?post=11801"},{"taxonomy":"product_cat","embeddable":true,"href":"https:\/\/naturalpoland.com\/cs\/wp-json\/wp\/v2\/product_cat?post=11801"},{"taxonomy":"product_tag","embeddable":true,"href":"https:\/\/naturalpoland.com\/cs\/wp-json\/wp\/v2\/product_tag?post=11801"}],"curies":[{"name":"wp","href":"https:\/\/api.w.org\/{rel}","templated":true}]}}