{"id":11844,"date":"2021-05-21T10:51:01","date_gmt":"2021-05-21T08:51:01","guid":{"rendered":"https:\/\/naturalpoland.pl\/produkty\/nezarazene\/alfa-arbutin\/"},"modified":"2025-07-01T12:00:55","modified_gmt":"2025-07-01T10:00:55","slug":"alfa-arbutin","status":"publish","type":"product","link":"https:\/\/naturalpoland.com\/cs\/produkty\/produkty-pro-kosmeticky-prumysl\/kosmeticke-suroviny\/alfa-arbutin\/","title":{"rendered":"Alfa arbutin"},"content":{"rendered":"<h2>\u00da\u010dinek alfa-arbutinu<\/h2>\n<p>Alfa-arbutin je \u010dist\u00e1, ve vod\u011b rozpustn\u00e1 \u00fa\u010dinn\u00e1 l\u00e1tka s vysokou \u00fa\u010dinnost\u00ed p\u0159i zesv\u011btlov\u00e1n\u00ed poko\u017eky. P\u016fsob\u00ed tak, \u017ee inhibuje aktivitu enzymu tyrozin\u00e1zy, kter\u00fd je zodpov\u011bdn\u00fd za tvorbu melaninu \u2013 pigmentu zp\u016fsobuj\u00edc\u00edho pigmentov\u00e9 skvrny, pihy a op\u00e1len\u00ed. D\u00edky tomu:  <\/p>\n<ul data-start=\"871\" data-end=\"1079\">\n<li data-start=\"871\" data-end=\"919\">\n<p data-start=\"873\" data-end=\"919\"><strong data-start=\"873\" data-end=\"917\">zesv\u011btluje ple\u0165 a sjednocuje t\u00f3n poko\u017eky<\/strong><\/p>\n<\/li>\n<li data-start=\"920\" data-end=\"999\">\n<p data-start=\"922\" data-end=\"999\"><strong data-start=\"922\" data-end=\"997\">redukuje slune\u010dn\u00ed pigmentace, pihy a sta\u0159eck\u00e9 skvrny (liver spots)<\/strong><\/p>\n<\/li>\n<li data-start=\"1000\" data-end=\"1079\">\n<p data-start=\"1002\" data-end=\"1079\"><strong data-start=\"1002\" data-end=\"1079\">zvy\u0161uje jas poko\u017eky a minimalizuje \u00fa\u010dinky opalov\u00e1n\u00ed po expozici UV z\u00e1\u0159en\u00ed<\/strong><\/p>\n<\/li>\n<\/ul>\n<p data-start=\"1081\" data-end=\"1110\">Ve srovn\u00e1n\u00ed s beta-arbutinem:<\/p>\n<ul data-start=\"1111\" data-end=\"1353\">\n<li data-start=\"1111\" data-end=\"1207\">\n<p data-start=\"1113\" data-end=\"1207\">M\u00e1 <strong data-start=\"1116\" data-end=\"1171\">10\u00d7 vy\u0161\u0161\u00ed \u00fa\u010dinnost inhibice tyrozin\u00e1zy<\/strong> (potvrzeno in vitro a in vivo)<\/p>\n<\/li>\n<li data-start=\"1208\" data-end=\"1261\">\n<p data-start=\"1210\" data-end=\"1261\">Vykazuje <strong data-start=\"1219\" data-end=\"1249\">v\u00fdrazn\u011b vy\u0161\u0161\u00ed chemickou stabilitu<\/strong><\/p>\n<\/li>\n<li data-start=\"1262\" data-end=\"1353\">\n<p data-start=\"1264\" data-end=\"1353\"><strong data-start=\"1264\" data-end=\"1294\">Nepotla\u010duje r\u016fst bun\u011bk<\/strong> p\u0159i koncentraci 1 mmol\/L, co\u017e potvrzuje jeho bezpe\u010dnost<\/p>\n<\/li>\n<\/ul>\n<h2>Aplikace<\/h2>\n<p data-start=\"1382\" data-end=\"1435\">Alpha-arbutin se pou\u017e\u00edv\u00e1 v kosmetice<span style=\"font-size: 14.4px;\"> pro zesv\u011btlen\u00ed poko\u017eky obli\u010deje<\/span> a t\u011bla a pro<span style=\"font-size: 14.4px;\">prevenci pigmentov\u00fdch skvrn (slune\u010dn\u00edch, sta\u0159eck\u00fdch, hormon\u00e1ln\u00edch). <\/span><span style=\"font-size: 14.4px;\">Pou\u017e\u00edv\u00e1 se tak\u00e9 v p\u00e9\u010di o ple\u0165 s nejednotn\u00fdm t\u00f3nem<\/span> <span style=\"font-size: 14.4px;\">a v b\u011blic\u00edch a depigmenta\u010dn\u00edch p\u0159\u00edpravc\u00edch (OTC i profesion\u00e1ln\u00edch).<\/span><\/p>\n<p data-start=\"1666\" data-end=\"1760\">Lze jej snadno za\u0159adit do vodn\u00ed f\u00e1ze kosmetick\u00fdch formulac\u00ed: kr\u00e9m\u016f, s\u00e9r, emulz\u00ed a tonik.<\/p>\n","protected":false},"excerpt":{"rendered":"<p>Natural Poland je velkoobchodn\u00edm distributorem vysoce kvalitn\u00edho <strong>alfa-arbutinu (\u03b1-Arbutin)<\/strong>. Tento produkt se vyu\u017e\u00edv\u00e1 v modern\u00edch kosmetick\u00fdch p\u0159\u00edpravc\u00edch.  M\u00e1 zesv\u011btluj\u00edc\u00ed \u00fa\u010dinky.<\/p>\n","protected":false},"featured_media":11850,"template":"","meta":{"_acf_changed":false},"product_brand":[],"product_cat":[638],"product_tag":[],"class_list":{"0":"post-11844","1":"product","2":"type-product","3":"status-publish","4":"has-post-thumbnail","6":"product_cat-kosmeticke-suroviny","8":"first","9":"instock","10":"shipping-taxable","11":"product-type-simple"},"acf":[],"yoast_head":"<!-- This site is optimized with the Yoast SEO plugin v27.5 - https:\/\/yoast.com\/product\/yoast-seo-wordpress\/ -->\n<title>Alfa arbutin - Velkoobchodn\u00ed distributor<\/title>\n<meta name=\"description\" content=\"Alfa-arbutin p\u016fsob\u00ed inhibic\u00ed aktivity enzymu tyrozin\u00e1zy, kter\u00fd je odpov\u011bdn\u00fd za tvorbu melaninu \u2013 pigmentu zp\u016fsobuj\u00edc\u00edho pigmentaci.\" \/>\n<meta name=\"robots\" content=\"index, follow, max-snippet:-1, max-image-preview:large, max-video-preview:-1\" \/>\n<link rel=\"canonical\" href=\"https:\/\/naturalpoland.com\/cs\/produkty\/produkty-pro-kosmeticky-prumysl\/kosmeticke-suroviny\/alfa-arbutin\/\" \/>\n<meta property=\"og:locale\" content=\"cs_CZ\" \/>\n<meta property=\"og:type\" content=\"article\" \/>\n<meta property=\"og:title\" content=\"Alfa arbutin - Velkoobchodn\u00ed distributor\" \/>\n<meta property=\"og:description\" content=\"Alfa-arbutin p\u016fsob\u00ed inhibic\u00ed aktivity enzymu tyrozin\u00e1zy, kter\u00fd je odpov\u011bdn\u00fd za tvorbu melaninu \u2013 pigmentu zp\u016fsobuj\u00edc\u00edho pigmentaci.\" \/>\n<meta property=\"og:url\" content=\"https:\/\/naturalpoland.com\/cs\/produkty\/produkty-pro-kosmeticky-prumysl\/kosmeticke-suroviny\/alfa-arbutin\/\" \/>\n<meta property=\"og:site_name\" content=\"NATURAL POLAND - Velkoobchodn\u00ed distributor surovin\" \/>\n<meta property=\"article:publisher\" content=\"https:\/\/www.facebook.com\/naturalpoland.b2b\" \/>\n<meta property=\"article:modified_time\" content=\"2025-07-01T10:00:55+00:00\" \/>\n<meta property=\"og:image\" content=\"https:\/\/naturalpoland.com\/wp-content\/uploads\/alfa-arbutyna.jpg\" \/>\n\t<meta property=\"og:image:width\" content=\"472\" \/>\n\t<meta property=\"og:image:height\" content=\"418\" \/>\n\t<meta property=\"og:image:type\" content=\"image\/jpeg\" \/>\n<script type=\"application\/ld+json\" class=\"yoast-schema-graph\">{\"@context\":\"https:\\\/\\\/schema.org\",\"@graph\":[{\"@type\":\"WebPage\",\"@id\":\"https:\\\/\\\/naturalpoland.com\\\/cs\\\/produkty\\\/produkty-pro-kosmeticky-prumysl\\\/kosmeticke-suroviny\\\/alfa-arbutin\\\/\",\"url\":\"https:\\\/\\\/naturalpoland.com\\\/cs\\\/produkty\\\/produkty-pro-kosmeticky-prumysl\\\/kosmeticke-suroviny\\\/alfa-arbutin\\\/\",\"name\":\"Alfa arbutin - Velkoobchodn\u00ed distributor\",\"isPartOf\":{\"@id\":\"https:\\\/\\\/naturalpoland.com\\\/cs\\\/#website\"},\"primaryImageOfPage\":{\"@id\":\"https:\\\/\\\/naturalpoland.com\\\/cs\\\/produkty\\\/produkty-pro-kosmeticky-prumysl\\\/kosmeticke-suroviny\\\/alfa-arbutin\\\/#primaryimage\"},\"image\":{\"@id\":\"https:\\\/\\\/naturalpoland.com\\\/cs\\\/produkty\\\/produkty-pro-kosmeticky-prumysl\\\/kosmeticke-suroviny\\\/alfa-arbutin\\\/#primaryimage\"},\"thumbnailUrl\":\"https:\\\/\\\/naturalpoland.com\\\/wp-content\\\/uploads\\\/alfa-arbutyna.jpg\",\"datePublished\":\"2021-05-21T08:51:01+00:00\",\"dateModified\":\"2025-07-01T10:00:55+00:00\",\"description\":\"Alfa-arbutin p\u016fsob\u00ed inhibic\u00ed aktivity enzymu tyrozin\u00e1zy, kter\u00fd je odpov\u011bdn\u00fd za tvorbu melaninu \u2013 pigmentu zp\u016fsobuj\u00edc\u00edho pigmentaci.\",\"breadcrumb\":{\"@id\":\"https:\\\/\\\/naturalpoland.com\\\/cs\\\/produkty\\\/produkty-pro-kosmeticky-prumysl\\\/kosmeticke-suroviny\\\/alfa-arbutin\\\/#breadcrumb\"},\"inLanguage\":\"cs\",\"potentialAction\":[{\"@type\":\"ReadAction\",\"target\":[\"https:\\\/\\\/naturalpoland.com\\\/cs\\\/produkty\\\/produkty-pro-kosmeticky-prumysl\\\/kosmeticke-suroviny\\\/alfa-arbutin\\\/\"]}]},{\"@type\":\"ImageObject\",\"inLanguage\":\"cs\",\"@id\":\"https:\\\/\\\/naturalpoland.com\\\/cs\\\/produkty\\\/produkty-pro-kosmeticky-prumysl\\\/kosmeticke-suroviny\\\/alfa-arbutin\\\/#primaryimage\",\"url\":\"https:\\\/\\\/naturalpoland.com\\\/wp-content\\\/uploads\\\/alfa-arbutyna.jpg\",\"contentUrl\":\"https:\\\/\\\/naturalpoland.com\\\/wp-content\\\/uploads\\\/alfa-arbutyna.jpg\",\"width\":472,\"height\":418,\"caption\":\"velkoobchod s alfa-arbutinem\"},{\"@type\":\"BreadcrumbList\",\"@id\":\"https:\\\/\\\/naturalpoland.com\\\/cs\\\/produkty\\\/produkty-pro-kosmeticky-prumysl\\\/kosmeticke-suroviny\\\/alfa-arbutin\\\/#breadcrumb\",\"itemListElement\":[{\"@type\":\"ListItem\",\"position\":1,\"name\":\"Dom\u016f\",\"item\":\"https:\\\/\\\/naturalpoland.com\\\/cs\\\/\"},{\"@type\":\"ListItem\",\"position\":2,\"name\":\"Produkty\",\"item\":\"https:\\\/\\\/naturalpoland.com\\\/cs\\\/produkty\\\/\"},{\"@type\":\"ListItem\",\"position\":3,\"name\":\"Alfa arbutin\"}]},{\"@type\":\"WebSite\",\"@id\":\"https:\\\/\\\/naturalpoland.com\\\/cs\\\/#website\",\"url\":\"https:\\\/\\\/naturalpoland.com\\\/cs\\\/\",\"name\":\"NATURAL POLAND - Velkoobchodn\u00ed distributor surovin\",\"description\":\"Surowce dla przemys\u0142u spo\u017cywczego, kosmetycznego i farmaceutycznego\",\"publisher\":{\"@id\":\"https:\\\/\\\/naturalpoland.com\\\/cs\\\/#organization\"},\"potentialAction\":[{\"@type\":\"SearchAction\",\"target\":{\"@type\":\"EntryPoint\",\"urlTemplate\":\"https:\\\/\\\/naturalpoland.com\\\/cs\\\/?s={search_term_string}\"},\"query-input\":{\"@type\":\"PropertyValueSpecification\",\"valueRequired\":true,\"valueName\":\"search_term_string\"}}],\"inLanguage\":\"cs\"},{\"@type\":\"Organization\",\"@id\":\"https:\\\/\\\/naturalpoland.com\\\/cs\\\/#organization\",\"name\":\"Natural Poland\",\"url\":\"https:\\\/\\\/naturalpoland.com\\\/cs\\\/\",\"logo\":{\"@type\":\"ImageObject\",\"inLanguage\":\"cs\",\"@id\":\"https:\\\/\\\/naturalpoland.com\\\/cs\\\/#\\\/schema\\\/logo\\\/image\\\/\",\"url\":\"https:\\\/\\\/naturalpoland.com\\\/wp-content\\\/uploads\\\/2021\\\/05\\\/natural-poland-icon.png\",\"contentUrl\":\"https:\\\/\\\/naturalpoland.com\\\/wp-content\\\/uploads\\\/2021\\\/05\\\/natural-poland-icon.png\",\"width\":512,\"height\":512,\"caption\":\"Natural Poland\"},\"image\":{\"@id\":\"https:\\\/\\\/naturalpoland.com\\\/cs\\\/#\\\/schema\\\/logo\\\/image\\\/\"},\"sameAs\":[\"https:\\\/\\\/www.facebook.com\\\/naturalpoland.b2b\",\"https:\\\/\\\/pl.linkedin.com\\\/company\\\/natural-poland\",\"https:\\\/\\\/www.youtube.com\\\/channel\\\/UCgeGGkvOMahZo-xu_MSEWxg\"]}]}<\/script>\n<!-- \/ Yoast SEO plugin. -->","yoast_head_json":{"title":"Alfa arbutin - Velkoobchodn\u00ed distributor","description":"Alfa-arbutin p\u016fsob\u00ed inhibic\u00ed aktivity enzymu tyrozin\u00e1zy, kter\u00fd je odpov\u011bdn\u00fd za tvorbu melaninu \u2013 pigmentu zp\u016fsobuj\u00edc\u00edho pigmentaci.","robots":{"index":"index","follow":"follow","max-snippet":"max-snippet:-1","max-image-preview":"max-image-preview:large","max-video-preview":"max-video-preview:-1"},"canonical":"https:\/\/naturalpoland.com\/cs\/produkty\/produkty-pro-kosmeticky-prumysl\/kosmeticke-suroviny\/alfa-arbutin\/","og_locale":"cs_CZ","og_type":"article","og_title":"Alfa arbutin - Velkoobchodn\u00ed distributor","og_description":"Alfa-arbutin p\u016fsob\u00ed inhibic\u00ed aktivity enzymu tyrozin\u00e1zy, kter\u00fd je odpov\u011bdn\u00fd za tvorbu melaninu \u2013 pigmentu zp\u016fsobuj\u00edc\u00edho pigmentaci.","og_url":"https:\/\/naturalpoland.com\/cs\/produkty\/produkty-pro-kosmeticky-prumysl\/kosmeticke-suroviny\/alfa-arbutin\/","og_site_name":"NATURAL POLAND - Velkoobchodn\u00ed distributor surovin","article_publisher":"https:\/\/www.facebook.com\/naturalpoland.b2b","article_modified_time":"2025-07-01T10:00:55+00:00","og_image":[{"width":472,"height":418,"url":"https:\/\/naturalpoland.com\/wp-content\/uploads\/alfa-arbutyna.jpg","type":"image\/jpeg"}],"schema":{"@context":"https:\/\/schema.org","@graph":[{"@type":"WebPage","@id":"https:\/\/naturalpoland.com\/cs\/produkty\/produkty-pro-kosmeticky-prumysl\/kosmeticke-suroviny\/alfa-arbutin\/","url":"https:\/\/naturalpoland.com\/cs\/produkty\/produkty-pro-kosmeticky-prumysl\/kosmeticke-suroviny\/alfa-arbutin\/","name":"Alfa arbutin - Velkoobchodn\u00ed distributor","isPartOf":{"@id":"https:\/\/naturalpoland.com\/cs\/#website"},"primaryImageOfPage":{"@id":"https:\/\/naturalpoland.com\/cs\/produkty\/produkty-pro-kosmeticky-prumysl\/kosmeticke-suroviny\/alfa-arbutin\/#primaryimage"},"image":{"@id":"https:\/\/naturalpoland.com\/cs\/produkty\/produkty-pro-kosmeticky-prumysl\/kosmeticke-suroviny\/alfa-arbutin\/#primaryimage"},"thumbnailUrl":"https:\/\/naturalpoland.com\/wp-content\/uploads\/alfa-arbutyna.jpg","datePublished":"2021-05-21T08:51:01+00:00","dateModified":"2025-07-01T10:00:55+00:00","description":"Alfa-arbutin p\u016fsob\u00ed inhibic\u00ed aktivity enzymu tyrozin\u00e1zy, kter\u00fd je odpov\u011bdn\u00fd za tvorbu melaninu \u2013 pigmentu zp\u016fsobuj\u00edc\u00edho pigmentaci.","breadcrumb":{"@id":"https:\/\/naturalpoland.com\/cs\/produkty\/produkty-pro-kosmeticky-prumysl\/kosmeticke-suroviny\/alfa-arbutin\/#breadcrumb"},"inLanguage":"cs","potentialAction":[{"@type":"ReadAction","target":["https:\/\/naturalpoland.com\/cs\/produkty\/produkty-pro-kosmeticky-prumysl\/kosmeticke-suroviny\/alfa-arbutin\/"]}]},{"@type":"ImageObject","inLanguage":"cs","@id":"https:\/\/naturalpoland.com\/cs\/produkty\/produkty-pro-kosmeticky-prumysl\/kosmeticke-suroviny\/alfa-arbutin\/#primaryimage","url":"https:\/\/naturalpoland.com\/wp-content\/uploads\/alfa-arbutyna.jpg","contentUrl":"https:\/\/naturalpoland.com\/wp-content\/uploads\/alfa-arbutyna.jpg","width":472,"height":418,"caption":"velkoobchod s alfa-arbutinem"},{"@type":"BreadcrumbList","@id":"https:\/\/naturalpoland.com\/cs\/produkty\/produkty-pro-kosmeticky-prumysl\/kosmeticke-suroviny\/alfa-arbutin\/#breadcrumb","itemListElement":[{"@type":"ListItem","position":1,"name":"Dom\u016f","item":"https:\/\/naturalpoland.com\/cs\/"},{"@type":"ListItem","position":2,"name":"Produkty","item":"https:\/\/naturalpoland.com\/cs\/produkty\/"},{"@type":"ListItem","position":3,"name":"Alfa arbutin"}]},{"@type":"WebSite","@id":"https:\/\/naturalpoland.com\/cs\/#website","url":"https:\/\/naturalpoland.com\/cs\/","name":"NATURAL POLAND - Velkoobchodn\u00ed distributor surovin","description":"Surowce dla przemys\u0142u spo\u017cywczego, kosmetycznego i farmaceutycznego","publisher":{"@id":"https:\/\/naturalpoland.com\/cs\/#organization"},"potentialAction":[{"@type":"SearchAction","target":{"@type":"EntryPoint","urlTemplate":"https:\/\/naturalpoland.com\/cs\/?s={search_term_string}"},"query-input":{"@type":"PropertyValueSpecification","valueRequired":true,"valueName":"search_term_string"}}],"inLanguage":"cs"},{"@type":"Organization","@id":"https:\/\/naturalpoland.com\/cs\/#organization","name":"Natural Poland","url":"https:\/\/naturalpoland.com\/cs\/","logo":{"@type":"ImageObject","inLanguage":"cs","@id":"https:\/\/naturalpoland.com\/cs\/#\/schema\/logo\/image\/","url":"https:\/\/naturalpoland.com\/wp-content\/uploads\/2021\/05\/natural-poland-icon.png","contentUrl":"https:\/\/naturalpoland.com\/wp-content\/uploads\/2021\/05\/natural-poland-icon.png","width":512,"height":512,"caption":"Natural Poland"},"image":{"@id":"https:\/\/naturalpoland.com\/cs\/#\/schema\/logo\/image\/"},"sameAs":["https:\/\/www.facebook.com\/naturalpoland.b2b","https:\/\/pl.linkedin.com\/company\/natural-poland","https:\/\/www.youtube.com\/channel\/UCgeGGkvOMahZo-xu_MSEWxg"]}]}},"_links":{"self":[{"href":"https:\/\/naturalpoland.com\/cs\/wp-json\/wp\/v2\/product\/11844","targetHints":{"allow":["GET"]}}],"collection":[{"href":"https:\/\/naturalpoland.com\/cs\/wp-json\/wp\/v2\/product"}],"about":[{"href":"https:\/\/naturalpoland.com\/cs\/wp-json\/wp\/v2\/types\/product"}],"wp:featuredmedia":[{"embeddable":true,"href":"https:\/\/naturalpoland.com\/cs\/wp-json\/wp\/v2\/media\/11850"}],"wp:attachment":[{"href":"https:\/\/naturalpoland.com\/cs\/wp-json\/wp\/v2\/media?parent=11844"}],"wp:term":[{"taxonomy":"product_brand","embeddable":true,"href":"https:\/\/naturalpoland.com\/cs\/wp-json\/wp\/v2\/product_brand?post=11844"},{"taxonomy":"product_cat","embeddable":true,"href":"https:\/\/naturalpoland.com\/cs\/wp-json\/wp\/v2\/product_cat?post=11844"},{"taxonomy":"product_tag","embeddable":true,"href":"https:\/\/naturalpoland.com\/cs\/wp-json\/wp\/v2\/product_tag?post=11844"}],"curies":[{"name":"wp","href":"https:\/\/api.w.org\/{rel}","templated":true}]}}