{"id":11887,"date":"2021-05-11T13:51:22","date_gmt":"2021-05-11T11:51:22","guid":{"rendered":"https:\/\/naturalpoland.pl\/produkty\/nezarazene\/olej-z-jahodovych-seminek\/"},"modified":"2026-02-05T10:44:01","modified_gmt":"2026-02-05T09:44:01","slug":"jahodovy-olej","status":"publish","type":"product","link":"https:\/\/naturalpoland.com\/cs\/produkty\/produkty-pro-potravinarsky-prumysl\/jedle-oleje\/jahodovy-olej\/","title":{"rendered":"Olej z jahodov\u00fdch semen"},"content":{"rendered":"<h2 class=\"wp-block-heading\">Olej ze semen jahod \u2013 pou\u017eit\u00ed<\/h2>\n<p>Olej ze semen jahod m\u00e1 mnoho kosmetick\u00fdch pou\u017eit\u00ed. S jeho pou\u017eit\u00edm m\u016f\u017eete p\u0159ipravit ple\u0165ov\u00e9 kr\u00e9my, nehtovou a vlasovou kosmetiku, ple\u0165ov\u00e9 vody a regenera\u010dn\u00ed a zvlh\u010duj\u00edc\u00ed koupelov\u00e9 v\u00fdrobky. D\u00edky tomu si jej v\u00fdrobci kosmetiky dychtiv\u011b vyb\u00edraj\u00ed.<\/p>\n<p><strong>P\u0159\u00edklady pou\u017eit\u00ed oleju ze semen jahod:<\/strong><\/p>\n<ul class=\"wp-block-list\">\n<li>mas\u00e1\u017en\u00ed olej,<\/li>\n<li>maska na vlasy,<\/li>\n<li>olej na nehty,<\/li>\n<li>b\u00e1ze pod make-up<\/li>\n<li>p\u0159\u00edsada do hotov\u00fdch kr\u00e9m\u016f,<\/li>\n<li>s\u00e9rum na vlasy,<\/li>\n<li>produkt na odli\u010dov\u00e1n\u00ed,<\/li>\n<li>olej do koupele.<\/li>\n<\/ul>\n<h3 class=\"wp-block-heading\"><strong>Olej ze semen jahod na obli\u010dej<\/strong><\/h3>\n<p>Olej ze semen jahod se rychle vst\u0159eb\u00e1v\u00e1, nezanech\u00e1v\u00e1 mastn\u00fd film na poko\u017ece, d\u00edky \u010demu\u017e se hod\u00ed jako <strong>podklad pod make-up<\/strong>. Tento olej m\u00e1 p\u0159irozenou, p\u0159\u00edjemnou v\u016fni jahod, neobsahuje \u017e\u00e1dn\u00e9 p\u0159\u00edsady. P\u0159\u00edrodn\u00ed olej ze semen jahod m\u00e1 nazelenalou barvu, m\u00e1 charakteristickou, p\u0159\u00edjemnou sladkou v\u016fni.  <\/p>\n<p>M\u016f\u017ee b\u00fdt <strong>pou\u017e\u00edv\u00e1n u ka\u017ed\u00e9ho typu poko\u017eky<\/strong> \u2013 sm\u00ed\u0161en\u00e9, citliv\u00e9, n\u00e1chyln\u00e9 k podr\u00e1\u017ed\u011bn\u00ed, such\u00e9. Je t\u0159eba pamatovat, \u017ee pokud chceme, aby olej vykazoval maximum sv\u00fdch vlastnost\u00ed, mus\u00ed b\u00fdt nan\u00e1\u0161en na p\u0159edem o\u010di\u0161t\u011bnou poko\u017eku obli\u010deje. <\/p>\n<h3 class=\"wp-block-heading\"><strong>Olej ze semen jahod \u2013 komedogennost<\/strong><\/h3>\n<p>Olej ze semen malin nen\u00ed komedogenn\u00ed \u2013 to znamen\u00e1, \u017ee neucp\u00e1v\u00e1 p\u00f3ry a nezp\u016fsobuje vznik nov\u00fdch \u010dern\u00fdch te\u010dek. Hod\u00ed se pro ka\u017edodenn\u00ed p\u00e9\u010di. <\/p>\n<h3><strong>Olej ze semen jahod na vlasy<\/strong><\/h3>\n<p>Nav\u00edc <strong>olej ze semen jahod m\u00e1 p\u0159\u00edzniv\u00fd \u00fa\u010dinek na vlasy<\/strong>. Zabra\u0148uje \u0161t\u011bpen\u00ed kone\u010dk\u016f, vyhlazuje a hydratuje. <strong>Pou\u017eit\u00ed oleju ze semen jahod jako vt\u00edr\u00e1n\u00ed<\/strong> do vlas\u016f umo\u017en\u00ed, aby se vlasy staly pru\u017en\u011bj\u0161\u00edmi, vy\u017eiven\u00fdmi a obnovil se jejich lesk. <\/p>\n<h2 class=\"wp-block-heading\">Olej ze semen jahod \u2013 vlastnosti<\/h2>\n<p>Olej z jahod hydratuje poko\u017eku po del\u0161\u00ed dobu. Je to velmi vydatn\u00fd produkt, rychle se vst\u0159eb\u00e1v\u00e1 a nezp\u016fsobuje ucp\u00e1v\u00e1n\u00ed p\u00f3r\u016f ani nezanech\u00e1v\u00e1 mastn\u00e9 skvrny. <\/p>\n<p>K dal\u0161\u00edm v\u00fdhod\u00e1m <strong>pou\u017eit\u00ed oleju ze semen jahod<\/strong> lze za\u0159adit: protivr\u00e1skov\u00fd \u00fa\u010dinek, zadr\u017eov\u00e1n\u00ed vody v poko\u017ece (zabra\u0148uje TEWL), zm\u00edr\u0148ov\u00e1n\u00ed podr\u00e1\u017ed\u011bn\u00ed a z\u00e1n\u011btliv\u00fdch stav\u016f. Tento olej m\u016f\u017ee p\u0159\u00edzniv\u011b podpo\u0159it boj s akn\u00e9, regeneruje poko\u017eku, hydratuje vlasy a poko\u017eku. M\u00e1 tak\u00e9 <strong>stahuj\u00edc\u00ed vlastnosti<\/strong> \u2013 hod\u00ed se do antiaging p\u0159\u00edpravk\u016f.  <\/p>\n<p>V kosmetice ur\u010den\u00e9 k p\u00e9\u010di: vytv\u00e1\u0159\u00ed ochrannou vrstvu, hydratuje, vyhlazuje, redukuje z\u00e1n\u011btliv\u00e9 stavy. V kosmetice na t\u011blo \u2013 jako jsou balz\u00e1my a kr\u00e9my bude plnit hydrata\u010dn\u00ed funkci, pom\u016f\u017ee zpevnit poko\u017eku a regenerovat ji. <\/p>\n<h2 class=\"wp-block-heading\">Jak pou\u017e\u00edvat olej ze semen jahod?<\/h2>\n<p>Tento olej m\u016f\u017ee b\u00fdt pou\u017e\u00edv\u00e1n jako samostatn\u00fd produkt \u2013 sta\u010d\u00ed nan\u00e9st n\u011bkolik kapek oleju na poko\u017eku a jemn\u011b vmas\u00edrovat, po\u010dkat na vst\u0159eb\u00e1n\u00ed. Jako druh\u00fd zp\u016fsob pou\u017eit\u00ed: n\u011bkolik kapek oleju rozet\u0159eme na dlan\u00edch a pot\u00e9 vmas\u00edrujeme do kone\u010dk\u016f vlas\u016f. <\/p>\n<p>Hod\u00ed se tak\u00e9 jako s\u00e9rum na nehty a nehtov\u00e9 k\u016f\u017ei\u010dky, sta\u010d\u00ed nan\u00e9st olej na nehty a vmas\u00edrovat do k\u016f\u017ei\u010dek \u2013 skv\u011ble vy\u017eiv\u00ed na\u0161e nehty. Olej ze semen jahod m\u016f\u017ee obohatit hotovou kosmetiku, sta\u010d\u00ed vz\u00edt mal\u00e9 mno\u017estv\u00ed kosmetiky a mimo hlavn\u00ed obal k n\u00ed p\u0159idat n\u011bkolik kapek oleju, to umo\u017en\u00ed z\u00edskat p\u0159\u00edzniv\u00e9 vlastnosti na\u0161\u00ed ka\u017edodenn\u011b pou\u017e\u00edvan\u00e9 kosmetiky. <\/p>\n<p><strong>Doporu\u010den\u00e1 koncentrace v kosmetice je 1-100%.<\/strong><\/p>\n<h2 class=\"wp-block-heading\">Slo\u017een\u00ed oleju ze semen jahod:<\/h2>\n<p>Ve slo\u017een\u00ed oleju ze semen jahod se vyskytuje <a href=\"https:\/\/naturalpoland.com\/cs\/produkty\/produkty-pro-farmaceuticky-a-zdravotnicky-prumysl\/vitaminy\/vitamin-e\/\"><strong>vitam\u00edn E<\/strong><\/a> a F, kyselina palmitov\u00e1, kyselina stearov\u00e1, omega 3 a 6 kyseliny, <a href=\"https:\/\/naturalpoland.com\/cs\/produkty\/produkty-pro-farmaceuticky-a-zdravotnicky-prumysl\/pridavky-k-doplnkum-stravy\/ellagisol-lsme-elagic-acid\/\"><strong>kyselina elagov\u00e1<\/strong><\/a>. Tato posledn\u00ed se \u0159ad\u00ed do skupiny antioxidant\u016f, tedy vykazuje protiz\u00e1n\u011btliv\u00e9 vlastnosti. V tomto oleji se vyskytuj\u00ed tak\u00e9 mastn\u00e9 kyseliny jako:  <\/p>\n<ul class=\"wp-block-list\">\n<li><strong>kyselina olejov\u00e1<\/strong> \u2013 vytv\u00e1\u0159\u00ed na povrchu poko\u017eky ochrann\u00fd film, zabra\u0148uje TEWL, hydratuje a vyhlazuje.<\/li>\n<li><strong>kyselina linolenov\u00e1<\/strong> \u2013 vykazuje uklid\u0148uj\u00edc\u00ed vlastnosti, zm\u00edr\u0148uje z\u00e1n\u011btliv\u00e9 stavy, vyhlazuje.<\/li>\n<li><strong>kyselina linolov\u00e1<\/strong> \u2013 p\u016fsob\u00ed hydrata\u010dn\u011b, m\u016f\u017ee zm\u00edr\u0148ovat z\u00e1n\u011btliv\u00e9 stavy, redukovat zarudnut\u00ed, zabra\u0148uje ucp\u00e1v\u00e1n\u00ed p\u00f3r\u016f poko\u017eky.<\/li>\n<\/ul>\n<h3><strong>Obsah mastn\u00fdch kyselin<\/strong><\/h3>\n<p>&nbsp;<\/p>\n<table>\n<tbody>\n<tr>\n<td>N\u00e1zev kyseliny<\/td>\n<td>C-\u0159et\u011bzec<\/td>\n<td>Rozsah (%)<\/td>\n<td>V\u00fdsledek<\/td>\n<\/tr>\n<tr>\n<td>LESS<\/td>\n<td>&lt; C16:0<\/td>\n<td>0,1-0,2<\/td>\n<td>0,2<\/td>\n<\/tr>\n<tr>\n<td>PALMITIC<\/td>\n<td>C16:0<\/td>\n<td>3-9,0<\/td>\n<td>4,58<\/td>\n<\/tr>\n<tr>\n<td>STEARIC<\/td>\n<td>C18:0<\/td>\n<td>0,5-4,0<\/td>\n<td>1,61<\/td>\n<\/tr>\n<tr>\n<td>OLEIC<\/td>\n<td>C18:1<\/td>\n<td>14,0-29,0<\/td>\n<td>15,75<\/td>\n<\/tr>\n<tr>\n<td>LINOLEIC<\/td>\n<td>C18:2<\/td>\n<td>35,0-49,0<\/td>\n<td>47,43<\/td>\n<\/tr>\n<tr>\n<td>LINOLENIC<\/td>\n<td>C18:3<\/td>\n<td>25-32,5<\/td>\n<td>29,53<\/td>\n<\/tr>\n<\/tbody>\n<\/table>\n<p>&nbsp;<\/p>\n<p>&nbsp;<\/p>\n<hr>\n<p><strong>Literatura:<\/strong><br \/>\nNov\u00e9 oleje rostlinn\u00e9ho p\u016fvodu v kosmetice \u2013 pe\u010duj\u00edc\u00ed a l\u00e9\u010div\u00e9 vlastnosti, Paluszkiewicz Ilona, \u010dervenec 2019.<\/p>\n","protected":false},"excerpt":{"rendered":"<p>Jsme \u010desk\u00fdm distributorem p\u0159\u00edrodn\u00edho oleju ze semen jahod (<em>Fragaria Ananassa (Strawberry) Seed Oil<\/em>) potravin\u00e1\u0159sk\u00e9 a kosmetick\u00e9 kvality. Olej ze semen jahod je lisov\u00e1n za studena, nerafinovan\u00fd.  Je extr\u00e9mn\u011b bohat\u00fd na mastn\u00e9 kyseliny a tak\u00e9 vitam\u00edny A, E a F.<\/p>\n","protected":false},"featured_media":34277,"template":"","meta":{"_acf_changed":false},"product_brand":[],"product_cat":[625,640,636],"product_tag":[],"class_list":{"0":"post-11887","1":"product","2":"type-product","3":"status-publish","4":"has-post-thumbnail","6":"product_cat-jedle-a-kosmeticke-oleje","7":"product_cat-jedle-oleje","8":"product_cat-kosmeticke-oleje","10":"first","11":"instock","12":"shipping-taxable","13":"product-type-simple"},"acf":[],"yoast_head":"<!-- This site is optimized with the Yoast SEO plugin v27.5 - https:\/\/yoast.com\/product\/yoast-seo-wordpress\/ -->\n<title>Olej z jahodov\u00fdch semen - NATURAL POLAND - Velkoobchodn\u00ed distributor surovin<\/title>\n<meta name=\"description\" content=\"Olej ze semen jahod se z\u00edsk\u00e1v\u00e1 z tohoto obl\u00edben\u00e9ho ovoce pomoc\u00ed lisov\u00e1n\u00ed jeho sem\u00ednek za studena. Je mimo\u0159\u00e1dn\u011b bohat\u00fd na mastn\u00e9 kyseliny a tak\u00e9 vitam\u00edn A, E a F.\" \/>\n<meta name=\"robots\" content=\"index, follow, max-snippet:-1, max-image-preview:large, max-video-preview:-1\" \/>\n<link rel=\"canonical\" href=\"https:\/\/naturalpoland.com\/cs\/produkty\/produkty-pro-potravinarsky-prumysl\/jedle-oleje\/jahodovy-olej\/\" \/>\n<meta property=\"og:locale\" content=\"cs_CZ\" \/>\n<meta property=\"og:type\" content=\"article\" \/>\n<meta property=\"og:title\" content=\"Olej z jahodov\u00fdch semen - NATURAL POLAND - Velkoobchodn\u00ed distributor surovin\" \/>\n<meta property=\"og:description\" content=\"Olej ze semen jahod se z\u00edsk\u00e1v\u00e1 z tohoto obl\u00edben\u00e9ho ovoce pomoc\u00ed lisov\u00e1n\u00ed jeho sem\u00ednek za studena. Je mimo\u0159\u00e1dn\u011b bohat\u00fd na mastn\u00e9 kyseliny a tak\u00e9 vitam\u00edn A, E a F.\" \/>\n<meta property=\"og:url\" content=\"https:\/\/naturalpoland.com\/cs\/produkty\/produkty-pro-potravinarsky-prumysl\/jedle-oleje\/jahodovy-olej\/\" \/>\n<meta property=\"og:site_name\" content=\"NATURAL POLAND - Velkoobchodn\u00ed distributor surovin\" \/>\n<meta property=\"article:publisher\" content=\"https:\/\/www.facebook.com\/naturalpoland.b2b\" \/>\n<meta property=\"article:modified_time\" content=\"2026-02-05T09:44:01+00:00\" \/>\n<meta property=\"og:image\" content=\"https:\/\/naturalpoland.com\/wp-content\/uploads\/olej-z-truskawek.webp\" \/>\n\t<meta property=\"og:image:width\" content=\"615\" \/>\n\t<meta property=\"og:image:height\" content=\"615\" \/>\n\t<meta property=\"og:image:type\" content=\"image\/webp\" \/>\n<script type=\"application\/ld+json\" class=\"yoast-schema-graph\">{\"@context\":\"https:\\\/\\\/schema.org\",\"@graph\":[{\"@type\":\"WebPage\",\"@id\":\"https:\\\/\\\/naturalpoland.com\\\/cs\\\/produkty\\\/produkty-pro-potravinarsky-prumysl\\\/jedle-oleje\\\/jahodovy-olej\\\/\",\"url\":\"https:\\\/\\\/naturalpoland.com\\\/cs\\\/produkty\\\/produkty-pro-potravinarsky-prumysl\\\/jedle-oleje\\\/jahodovy-olej\\\/\",\"name\":\"Olej z jahodov\u00fdch semen - NATURAL POLAND - Velkoobchodn\u00ed distributor surovin\",\"isPartOf\":{\"@id\":\"https:\\\/\\\/naturalpoland.com\\\/cs\\\/#website\"},\"primaryImageOfPage\":{\"@id\":\"https:\\\/\\\/naturalpoland.com\\\/cs\\\/produkty\\\/produkty-pro-potravinarsky-prumysl\\\/jedle-oleje\\\/jahodovy-olej\\\/#primaryimage\"},\"image\":{\"@id\":\"https:\\\/\\\/naturalpoland.com\\\/cs\\\/produkty\\\/produkty-pro-potravinarsky-prumysl\\\/jedle-oleje\\\/jahodovy-olej\\\/#primaryimage\"},\"thumbnailUrl\":\"https:\\\/\\\/naturalpoland.com\\\/wp-content\\\/uploads\\\/olej-z-truskawek.webp\",\"datePublished\":\"2021-05-11T11:51:22+00:00\",\"dateModified\":\"2026-02-05T09:44:01+00:00\",\"description\":\"Olej ze semen jahod se z\u00edsk\u00e1v\u00e1 z tohoto obl\u00edben\u00e9ho ovoce pomoc\u00ed lisov\u00e1n\u00ed jeho sem\u00ednek za studena. Je mimo\u0159\u00e1dn\u011b bohat\u00fd na mastn\u00e9 kyseliny a tak\u00e9 vitam\u00edn A, E a F.\",\"breadcrumb\":{\"@id\":\"https:\\\/\\\/naturalpoland.com\\\/cs\\\/produkty\\\/produkty-pro-potravinarsky-prumysl\\\/jedle-oleje\\\/jahodovy-olej\\\/#breadcrumb\"},\"inLanguage\":\"cs\",\"potentialAction\":[{\"@type\":\"ReadAction\",\"target\":[\"https:\\\/\\\/naturalpoland.com\\\/cs\\\/produkty\\\/produkty-pro-potravinarsky-prumysl\\\/jedle-oleje\\\/jahodovy-olej\\\/\"]}]},{\"@type\":\"ImageObject\",\"inLanguage\":\"cs\",\"@id\":\"https:\\\/\\\/naturalpoland.com\\\/cs\\\/produkty\\\/produkty-pro-potravinarsky-prumysl\\\/jedle-oleje\\\/jahodovy-olej\\\/#primaryimage\",\"url\":\"https:\\\/\\\/naturalpoland.com\\\/wp-content\\\/uploads\\\/olej-z-truskawek.webp\",\"contentUrl\":\"https:\\\/\\\/naturalpoland.com\\\/wp-content\\\/uploads\\\/olej-z-truskawek.webp\",\"width\":615,\"height\":615,\"caption\":\"olej ze semen jahod\"},{\"@type\":\"BreadcrumbList\",\"@id\":\"https:\\\/\\\/naturalpoland.com\\\/cs\\\/produkty\\\/produkty-pro-potravinarsky-prumysl\\\/jedle-oleje\\\/jahodovy-olej\\\/#breadcrumb\",\"itemListElement\":[{\"@type\":\"ListItem\",\"position\":1,\"name\":\"Dom\u016f\",\"item\":\"https:\\\/\\\/naturalpoland.com\\\/cs\\\/\"},{\"@type\":\"ListItem\",\"position\":2,\"name\":\"Produkty\",\"item\":\"https:\\\/\\\/naturalpoland.com\\\/cs\\\/produkty\\\/\"},{\"@type\":\"ListItem\",\"position\":3,\"name\":\"Olej z jahodov\u00fdch semen\"}]},{\"@type\":\"WebSite\",\"@id\":\"https:\\\/\\\/naturalpoland.com\\\/cs\\\/#website\",\"url\":\"https:\\\/\\\/naturalpoland.com\\\/cs\\\/\",\"name\":\"NATURAL POLAND - Velkoobchodn\u00ed distributor surovin\",\"description\":\"Surowce dla przemys\u0142u spo\u017cywczego, kosmetycznego i farmaceutycznego\",\"publisher\":{\"@id\":\"https:\\\/\\\/naturalpoland.com\\\/cs\\\/#organization\"},\"potentialAction\":[{\"@type\":\"SearchAction\",\"target\":{\"@type\":\"EntryPoint\",\"urlTemplate\":\"https:\\\/\\\/naturalpoland.com\\\/cs\\\/?s={search_term_string}\"},\"query-input\":{\"@type\":\"PropertyValueSpecification\",\"valueRequired\":true,\"valueName\":\"search_term_string\"}}],\"inLanguage\":\"cs\"},{\"@type\":\"Organization\",\"@id\":\"https:\\\/\\\/naturalpoland.com\\\/cs\\\/#organization\",\"name\":\"Natural Poland\",\"url\":\"https:\\\/\\\/naturalpoland.com\\\/cs\\\/\",\"logo\":{\"@type\":\"ImageObject\",\"inLanguage\":\"cs\",\"@id\":\"https:\\\/\\\/naturalpoland.com\\\/cs\\\/#\\\/schema\\\/logo\\\/image\\\/\",\"url\":\"https:\\\/\\\/naturalpoland.com\\\/wp-content\\\/uploads\\\/2021\\\/05\\\/natural-poland-icon.png\",\"contentUrl\":\"https:\\\/\\\/naturalpoland.com\\\/wp-content\\\/uploads\\\/2021\\\/05\\\/natural-poland-icon.png\",\"width\":512,\"height\":512,\"caption\":\"Natural Poland\"},\"image\":{\"@id\":\"https:\\\/\\\/naturalpoland.com\\\/cs\\\/#\\\/schema\\\/logo\\\/image\\\/\"},\"sameAs\":[\"https:\\\/\\\/www.facebook.com\\\/naturalpoland.b2b\",\"https:\\\/\\\/pl.linkedin.com\\\/company\\\/natural-poland\",\"https:\\\/\\\/www.youtube.com\\\/channel\\\/UCgeGGkvOMahZo-xu_MSEWxg\"]}]}<\/script>\n<!-- \/ Yoast SEO plugin. -->","yoast_head_json":{"title":"Olej z jahodov\u00fdch semen - NATURAL POLAND - Velkoobchodn\u00ed distributor surovin","description":"Olej ze semen jahod se z\u00edsk\u00e1v\u00e1 z tohoto obl\u00edben\u00e9ho ovoce pomoc\u00ed lisov\u00e1n\u00ed jeho sem\u00ednek za studena. Je mimo\u0159\u00e1dn\u011b bohat\u00fd na mastn\u00e9 kyseliny a tak\u00e9 vitam\u00edn A, E a F.","robots":{"index":"index","follow":"follow","max-snippet":"max-snippet:-1","max-image-preview":"max-image-preview:large","max-video-preview":"max-video-preview:-1"},"canonical":"https:\/\/naturalpoland.com\/cs\/produkty\/produkty-pro-potravinarsky-prumysl\/jedle-oleje\/jahodovy-olej\/","og_locale":"cs_CZ","og_type":"article","og_title":"Olej z jahodov\u00fdch semen - NATURAL POLAND - Velkoobchodn\u00ed distributor surovin","og_description":"Olej ze semen jahod se z\u00edsk\u00e1v\u00e1 z tohoto obl\u00edben\u00e9ho ovoce pomoc\u00ed lisov\u00e1n\u00ed jeho sem\u00ednek za studena. Je mimo\u0159\u00e1dn\u011b bohat\u00fd na mastn\u00e9 kyseliny a tak\u00e9 vitam\u00edn A, E a F.","og_url":"https:\/\/naturalpoland.com\/cs\/produkty\/produkty-pro-potravinarsky-prumysl\/jedle-oleje\/jahodovy-olej\/","og_site_name":"NATURAL POLAND - Velkoobchodn\u00ed distributor surovin","article_publisher":"https:\/\/www.facebook.com\/naturalpoland.b2b","article_modified_time":"2026-02-05T09:44:01+00:00","og_image":[{"width":615,"height":615,"url":"https:\/\/naturalpoland.com\/wp-content\/uploads\/olej-z-truskawek.webp","type":"image\/webp"}],"schema":{"@context":"https:\/\/schema.org","@graph":[{"@type":"WebPage","@id":"https:\/\/naturalpoland.com\/cs\/produkty\/produkty-pro-potravinarsky-prumysl\/jedle-oleje\/jahodovy-olej\/","url":"https:\/\/naturalpoland.com\/cs\/produkty\/produkty-pro-potravinarsky-prumysl\/jedle-oleje\/jahodovy-olej\/","name":"Olej z jahodov\u00fdch semen - NATURAL POLAND - Velkoobchodn\u00ed distributor surovin","isPartOf":{"@id":"https:\/\/naturalpoland.com\/cs\/#website"},"primaryImageOfPage":{"@id":"https:\/\/naturalpoland.com\/cs\/produkty\/produkty-pro-potravinarsky-prumysl\/jedle-oleje\/jahodovy-olej\/#primaryimage"},"image":{"@id":"https:\/\/naturalpoland.com\/cs\/produkty\/produkty-pro-potravinarsky-prumysl\/jedle-oleje\/jahodovy-olej\/#primaryimage"},"thumbnailUrl":"https:\/\/naturalpoland.com\/wp-content\/uploads\/olej-z-truskawek.webp","datePublished":"2021-05-11T11:51:22+00:00","dateModified":"2026-02-05T09:44:01+00:00","description":"Olej ze semen jahod se z\u00edsk\u00e1v\u00e1 z tohoto obl\u00edben\u00e9ho ovoce pomoc\u00ed lisov\u00e1n\u00ed jeho sem\u00ednek za studena. Je mimo\u0159\u00e1dn\u011b bohat\u00fd na mastn\u00e9 kyseliny a tak\u00e9 vitam\u00edn A, E a F.","breadcrumb":{"@id":"https:\/\/naturalpoland.com\/cs\/produkty\/produkty-pro-potravinarsky-prumysl\/jedle-oleje\/jahodovy-olej\/#breadcrumb"},"inLanguage":"cs","potentialAction":[{"@type":"ReadAction","target":["https:\/\/naturalpoland.com\/cs\/produkty\/produkty-pro-potravinarsky-prumysl\/jedle-oleje\/jahodovy-olej\/"]}]},{"@type":"ImageObject","inLanguage":"cs","@id":"https:\/\/naturalpoland.com\/cs\/produkty\/produkty-pro-potravinarsky-prumysl\/jedle-oleje\/jahodovy-olej\/#primaryimage","url":"https:\/\/naturalpoland.com\/wp-content\/uploads\/olej-z-truskawek.webp","contentUrl":"https:\/\/naturalpoland.com\/wp-content\/uploads\/olej-z-truskawek.webp","width":615,"height":615,"caption":"olej ze semen jahod"},{"@type":"BreadcrumbList","@id":"https:\/\/naturalpoland.com\/cs\/produkty\/produkty-pro-potravinarsky-prumysl\/jedle-oleje\/jahodovy-olej\/#breadcrumb","itemListElement":[{"@type":"ListItem","position":1,"name":"Dom\u016f","item":"https:\/\/naturalpoland.com\/cs\/"},{"@type":"ListItem","position":2,"name":"Produkty","item":"https:\/\/naturalpoland.com\/cs\/produkty\/"},{"@type":"ListItem","position":3,"name":"Olej z jahodov\u00fdch semen"}]},{"@type":"WebSite","@id":"https:\/\/naturalpoland.com\/cs\/#website","url":"https:\/\/naturalpoland.com\/cs\/","name":"NATURAL POLAND - Velkoobchodn\u00ed distributor surovin","description":"Surowce dla przemys\u0142u spo\u017cywczego, kosmetycznego i farmaceutycznego","publisher":{"@id":"https:\/\/naturalpoland.com\/cs\/#organization"},"potentialAction":[{"@type":"SearchAction","target":{"@type":"EntryPoint","urlTemplate":"https:\/\/naturalpoland.com\/cs\/?s={search_term_string}"},"query-input":{"@type":"PropertyValueSpecification","valueRequired":true,"valueName":"search_term_string"}}],"inLanguage":"cs"},{"@type":"Organization","@id":"https:\/\/naturalpoland.com\/cs\/#organization","name":"Natural Poland","url":"https:\/\/naturalpoland.com\/cs\/","logo":{"@type":"ImageObject","inLanguage":"cs","@id":"https:\/\/naturalpoland.com\/cs\/#\/schema\/logo\/image\/","url":"https:\/\/naturalpoland.com\/wp-content\/uploads\/2021\/05\/natural-poland-icon.png","contentUrl":"https:\/\/naturalpoland.com\/wp-content\/uploads\/2021\/05\/natural-poland-icon.png","width":512,"height":512,"caption":"Natural Poland"},"image":{"@id":"https:\/\/naturalpoland.com\/cs\/#\/schema\/logo\/image\/"},"sameAs":["https:\/\/www.facebook.com\/naturalpoland.b2b","https:\/\/pl.linkedin.com\/company\/natural-poland","https:\/\/www.youtube.com\/channel\/UCgeGGkvOMahZo-xu_MSEWxg"]}]}},"_links":{"self":[{"href":"https:\/\/naturalpoland.com\/cs\/wp-json\/wp\/v2\/product\/11887","targetHints":{"allow":["GET"]}}],"collection":[{"href":"https:\/\/naturalpoland.com\/cs\/wp-json\/wp\/v2\/product"}],"about":[{"href":"https:\/\/naturalpoland.com\/cs\/wp-json\/wp\/v2\/types\/product"}],"wp:featuredmedia":[{"embeddable":true,"href":"https:\/\/naturalpoland.com\/cs\/wp-json\/wp\/v2\/media\/34277"}],"wp:attachment":[{"href":"https:\/\/naturalpoland.com\/cs\/wp-json\/wp\/v2\/media?parent=11887"}],"wp:term":[{"taxonomy":"product_brand","embeddable":true,"href":"https:\/\/naturalpoland.com\/cs\/wp-json\/wp\/v2\/product_brand?post=11887"},{"taxonomy":"product_cat","embeddable":true,"href":"https:\/\/naturalpoland.com\/cs\/wp-json\/wp\/v2\/product_cat?post=11887"},{"taxonomy":"product_tag","embeddable":true,"href":"https:\/\/naturalpoland.com\/cs\/wp-json\/wp\/v2\/product_tag?post=11887"}],"curies":[{"name":"wp","href":"https:\/\/api.w.org\/{rel}","templated":true}]}}