{"id":11908,"date":"2021-05-11T13:51:44","date_gmt":"2021-09-21T12:35:50","guid":{"rendered":"https:\/\/naturalpoland.pl\/produkty\/nezarazene\/orechovy-olej\/"},"modified":"2025-04-16T15:25:14","modified_gmt":"2025-04-16T13:25:14","slug":"orechovy-olej","status":"publish","type":"product","link":"https:\/\/naturalpoland.com\/cs\/produkty\/produkty-pro-potravinarsky-prumysl\/jedle-oleje\/orechovy-olej\/","title":{"rendered":"O\u0159echov\u00fd olej"},"content":{"rendered":"<p>Olej z vla\u0161sk\u00fdch o\u0159ech\u016f se z\u00edsk\u00e1v\u00e1 lisov\u00e1n\u00edm z o\u0159e\u0161\u00e1ku. Je ve form\u011b \u010dir\u00e9, sv\u011btle \u017elut\u00e9 olejovit\u00e9 kapaliny. P\u0159i rafinaci je olej zbaven charakteristick\u00e9ho z\u00e1pachu. Olej m\u00e1 tak\u00e9 profil mastn\u00fdch kyselin, v n\u011bm\u017e p\u0159eva\u017euj\u00ed esenci\u00e1ln\u00ed mastn\u00e9 kyseliny &#8211; p\u0159edev\u0161\u00edm kyselina linolov\u00e1 (54-65 %) a kyselina olejov\u00e1 (14-21 %). D\u00e1le obsahuje men\u0161\u00ed mno\u017estv\u00ed kyseliny linolov\u00e9, palmitov\u00e9 a stearov\u00e9.    <\/p>\n<h2>Pou\u017eit\u00ed o\u0159echov\u00e9ho oleje<\/h2>\n<p>D\u00edky sv\u00e9mu bohat\u00e9mu profilu mastn\u00fdch kyselin a jemn\u00e9 povaze se olej z vla\u0161sk\u00fdch o\u0159ech\u016f hojn\u011b pou\u017e\u00edv\u00e1<strong> v kosmetice jako vy\u017eivuj\u00edc\u00ed a hydrata\u010dn\u00ed slo\u017eka<\/strong> v p\u0159\u00edpravc\u00edch pro p\u00e9\u010di o ple\u0165 a vlasy.<\/p>\n<p>Je cen\u011bn\u00fd tak\u00e9 <strong>v potravin\u00e1\u0159sk\u00e9m pr\u016fmyslu,<\/strong> zejm\u00e9na ve funk\u010dn\u00edch a <strong>zdrav\u00fdch<\/strong> potravin\u00e1ch.<\/p>\n<p><strong>V dopl\u0148c\u00edch stravy<\/strong> se m\u016f\u017ee pou\u017e\u00edvat jako <strong>nosi\u010d \u00fa\u010dinn\u00fdch l\u00e1tek<\/strong> nebo jako slo\u017eka podporuj\u00edc\u00ed <strong>zdrav\u00ed kardiovaskul\u00e1rn\u00edho syst\u00e9mu<\/strong> d\u00edky vysok\u00e9mu obsahu nenasycen\u00fdch mastn\u00fdch kyselin.<\/p>\n<p>D\u00edky sv\u00e9 neutr\u00e1ln\u00ed v\u016fni a stabilit\u011b se m\u016f\u017ee pou\u017e\u00edvat tak\u00e9 jako <strong>z\u00e1klad pro v\u00fdrobu esenci\u00e1ln\u00edch olej\u016f, aromat<\/strong> a technick\u00fdch v\u00fdrobk\u016f.<\/p>\n","protected":false},"excerpt":{"rendered":"<p>Olej z vla\u0161sk\u00fdch o\u0159ech\u016f pro potravin\u00e1\u0159sk\u00e9 a kosmetick\u00e9 \u00fa\u010dely je bohat\u00fdm zdrojem tuk\u016f Omega-3, b\u00edlkovin, antioxidant\u016f, rostlinn\u00fdch sterol\u016f, ho\u0159\u010d\u00edku, m\u011bdi a vitam\u00edn\u016f A a D.<\/p>\n","protected":false},"featured_media":40720,"template":"","meta":[],"product_brand":[],"product_cat":[625,640,636],"product_tag":[],"class_list":{"0":"post-11908","1":"product","2":"type-product","3":"status-publish","4":"has-post-thumbnail","6":"product_cat-jedle-a-kosmeticke-oleje","7":"product_cat-jedle-oleje","8":"product_cat-kosmeticke-oleje","10":"first","11":"instock","12":"shipping-taxable","13":"product-type-simple"},"yoast_head":"<!-- This site is optimized with the Yoast SEO plugin v27.3 - https:\/\/yoast.com\/product\/yoast-seo-wordpress\/ -->\n<title>O\u0159echov\u00fd olej - Velkoobchodn\u00ed distributor<\/title>\n<meta name=\"description\" content=\"Olej z vla\u0161sk\u00fdch o\u0159ech\u016f je vysoce kvalitn\u00ed rostlinn\u00fd olej z\u00edskan\u00fd lisov\u00e1n\u00edm a rafinac\u00ed ze semen vla\u0161sk\u00fdch o\u0159ech\u016f.\" \/>\n<meta name=\"robots\" content=\"index, follow, max-snippet:-1, max-image-preview:large, max-video-preview:-1\" \/>\n<link rel=\"canonical\" href=\"https:\/\/naturalpoland.com\/cs\/produkty\/produkty-pro-potravinarsky-prumysl\/jedle-oleje\/orechovy-olej\/\" \/>\n<meta property=\"og:locale\" content=\"cs_CZ\" \/>\n<meta property=\"og:type\" content=\"article\" \/>\n<meta property=\"og:title\" content=\"O\u0159echov\u00fd olej - Velkoobchodn\u00ed distributor\" \/>\n<meta property=\"og:description\" content=\"Olej z vla\u0161sk\u00fdch o\u0159ech\u016f je vysoce kvalitn\u00ed rostlinn\u00fd olej z\u00edskan\u00fd lisov\u00e1n\u00edm a rafinac\u00ed ze semen vla\u0161sk\u00fdch o\u0159ech\u016f.\" \/>\n<meta property=\"og:url\" content=\"https:\/\/naturalpoland.com\/cs\/produkty\/produkty-pro-potravinarsky-prumysl\/jedle-oleje\/orechovy-olej\/\" \/>\n<meta property=\"og:site_name\" content=\"NATURAL POLAND - Velkoobchodn\u00ed distributor surovin\" \/>\n<meta property=\"article:publisher\" content=\"https:\/\/www.facebook.com\/naturalpoland.b2b\" \/>\n<meta property=\"article:modified_time\" content=\"2025-04-16T13:25:14+00:00\" \/>\n<meta property=\"og:image\" content=\"https:\/\/naturalpoland.com\/wp-content\/uploads\/olej-z-orzechow-wloskich.webp\" \/>\n\t<meta property=\"og:image:width\" content=\"1024\" \/>\n\t<meta property=\"og:image:height\" content=\"1024\" \/>\n\t<meta property=\"og:image:type\" content=\"image\/webp\" \/>\n<script type=\"application\/ld+json\" class=\"yoast-schema-graph\">{\"@context\":\"https:\\\/\\\/schema.org\",\"@graph\":[{\"@type\":\"WebPage\",\"@id\":\"https:\\\/\\\/naturalpoland.com\\\/cs\\\/produkty\\\/produkty-pro-potravinarsky-prumysl\\\/jedle-oleje\\\/orechovy-olej\\\/\",\"url\":\"https:\\\/\\\/naturalpoland.com\\\/cs\\\/produkty\\\/produkty-pro-potravinarsky-prumysl\\\/jedle-oleje\\\/orechovy-olej\\\/\",\"name\":\"O\u0159echov\u00fd olej - Velkoobchodn\u00ed distributor\",\"isPartOf\":{\"@id\":\"https:\\\/\\\/naturalpoland.com\\\/cs\\\/#website\"},\"primaryImageOfPage\":{\"@id\":\"https:\\\/\\\/naturalpoland.com\\\/cs\\\/produkty\\\/produkty-pro-potravinarsky-prumysl\\\/jedle-oleje\\\/orechovy-olej\\\/#primaryimage\"},\"image\":{\"@id\":\"https:\\\/\\\/naturalpoland.com\\\/cs\\\/produkty\\\/produkty-pro-potravinarsky-prumysl\\\/jedle-oleje\\\/orechovy-olej\\\/#primaryimage\"},\"thumbnailUrl\":\"https:\\\/\\\/naturalpoland.com\\\/wp-content\\\/uploads\\\/olej-z-orzechow-wloskich.webp\",\"datePublished\":\"2021-09-21T12:35:50+00:00\",\"dateModified\":\"2025-04-16T13:25:14+00:00\",\"description\":\"Olej z vla\u0161sk\u00fdch o\u0159ech\u016f je vysoce kvalitn\u00ed rostlinn\u00fd olej z\u00edskan\u00fd lisov\u00e1n\u00edm a rafinac\u00ed ze semen vla\u0161sk\u00fdch o\u0159ech\u016f.\",\"breadcrumb\":{\"@id\":\"https:\\\/\\\/naturalpoland.com\\\/cs\\\/produkty\\\/produkty-pro-potravinarsky-prumysl\\\/jedle-oleje\\\/orechovy-olej\\\/#breadcrumb\"},\"inLanguage\":\"cs\",\"potentialAction\":[{\"@type\":\"ReadAction\",\"target\":[\"https:\\\/\\\/naturalpoland.com\\\/cs\\\/produkty\\\/produkty-pro-potravinarsky-prumysl\\\/jedle-oleje\\\/orechovy-olej\\\/\"]}]},{\"@type\":\"ImageObject\",\"inLanguage\":\"cs\",\"@id\":\"https:\\\/\\\/naturalpoland.com\\\/cs\\\/produkty\\\/produkty-pro-potravinarsky-prumysl\\\/jedle-oleje\\\/orechovy-olej\\\/#primaryimage\",\"url\":\"https:\\\/\\\/naturalpoland.com\\\/wp-content\\\/uploads\\\/olej-z-orzechow-wloskich.webp\",\"contentUrl\":\"https:\\\/\\\/naturalpoland.com\\\/wp-content\\\/uploads\\\/olej-z-orzechow-wloskich.webp\",\"width\":1024,\"height\":1024,\"caption\":\"Olej z orzech\u00f3w w\u0142oskich\"},{\"@type\":\"BreadcrumbList\",\"@id\":\"https:\\\/\\\/naturalpoland.com\\\/cs\\\/produkty\\\/produkty-pro-potravinarsky-prumysl\\\/jedle-oleje\\\/orechovy-olej\\\/#breadcrumb\",\"itemListElement\":[{\"@type\":\"ListItem\",\"position\":1,\"name\":\"Dom\u016f\",\"item\":\"https:\\\/\\\/naturalpoland.com\\\/cs\\\/\"},{\"@type\":\"ListItem\",\"position\":2,\"name\":\"Produkty\",\"item\":\"https:\\\/\\\/naturalpoland.com\\\/cs\\\/produkty\\\/\"},{\"@type\":\"ListItem\",\"position\":3,\"name\":\"O\u0159echov\u00fd olej\"}]},{\"@type\":\"WebSite\",\"@id\":\"https:\\\/\\\/naturalpoland.com\\\/cs\\\/#website\",\"url\":\"https:\\\/\\\/naturalpoland.com\\\/cs\\\/\",\"name\":\"NATURAL POLAND - Velkoobchodn\u00ed distributor surovin\",\"description\":\"Surowce dla przemys\u0142u spo\u017cywczego, kosmetycznego i farmaceutycznego\",\"publisher\":{\"@id\":\"https:\\\/\\\/naturalpoland.com\\\/cs\\\/#organization\"},\"potentialAction\":[{\"@type\":\"SearchAction\",\"target\":{\"@type\":\"EntryPoint\",\"urlTemplate\":\"https:\\\/\\\/naturalpoland.com\\\/cs\\\/?s={search_term_string}\"},\"query-input\":{\"@type\":\"PropertyValueSpecification\",\"valueRequired\":true,\"valueName\":\"search_term_string\"}}],\"inLanguage\":\"cs\"},{\"@type\":\"Organization\",\"@id\":\"https:\\\/\\\/naturalpoland.com\\\/cs\\\/#organization\",\"name\":\"Natural Poland\",\"url\":\"https:\\\/\\\/naturalpoland.com\\\/cs\\\/\",\"logo\":{\"@type\":\"ImageObject\",\"inLanguage\":\"cs\",\"@id\":\"https:\\\/\\\/naturalpoland.com\\\/cs\\\/#\\\/schema\\\/logo\\\/image\\\/\",\"url\":\"https:\\\/\\\/naturalpoland.com\\\/wp-content\\\/uploads\\\/2021\\\/05\\\/natural-poland-icon.png\",\"contentUrl\":\"https:\\\/\\\/naturalpoland.com\\\/wp-content\\\/uploads\\\/2021\\\/05\\\/natural-poland-icon.png\",\"width\":512,\"height\":512,\"caption\":\"Natural Poland\"},\"image\":{\"@id\":\"https:\\\/\\\/naturalpoland.com\\\/cs\\\/#\\\/schema\\\/logo\\\/image\\\/\"},\"sameAs\":[\"https:\\\/\\\/www.facebook.com\\\/naturalpoland.b2b\",\"https:\\\/\\\/pl.linkedin.com\\\/company\\\/natural-poland\",\"https:\\\/\\\/www.youtube.com\\\/channel\\\/UCgeGGkvOMahZo-xu_MSEWxg\"]}]}<\/script>\n<!-- \/ Yoast SEO plugin. -->","yoast_head_json":{"title":"O\u0159echov\u00fd olej - Velkoobchodn\u00ed distributor","description":"Olej z vla\u0161sk\u00fdch o\u0159ech\u016f je vysoce kvalitn\u00ed rostlinn\u00fd olej z\u00edskan\u00fd lisov\u00e1n\u00edm a rafinac\u00ed ze semen vla\u0161sk\u00fdch o\u0159ech\u016f.","robots":{"index":"index","follow":"follow","max-snippet":"max-snippet:-1","max-image-preview":"max-image-preview:large","max-video-preview":"max-video-preview:-1"},"canonical":"https:\/\/naturalpoland.com\/cs\/produkty\/produkty-pro-potravinarsky-prumysl\/jedle-oleje\/orechovy-olej\/","og_locale":"cs_CZ","og_type":"article","og_title":"O\u0159echov\u00fd olej - Velkoobchodn\u00ed distributor","og_description":"Olej z vla\u0161sk\u00fdch o\u0159ech\u016f je vysoce kvalitn\u00ed rostlinn\u00fd olej z\u00edskan\u00fd lisov\u00e1n\u00edm a rafinac\u00ed ze semen vla\u0161sk\u00fdch o\u0159ech\u016f.","og_url":"https:\/\/naturalpoland.com\/cs\/produkty\/produkty-pro-potravinarsky-prumysl\/jedle-oleje\/orechovy-olej\/","og_site_name":"NATURAL POLAND - Velkoobchodn\u00ed distributor surovin","article_publisher":"https:\/\/www.facebook.com\/naturalpoland.b2b","article_modified_time":"2025-04-16T13:25:14+00:00","og_image":[{"width":1024,"height":1024,"url":"https:\/\/naturalpoland.com\/wp-content\/uploads\/olej-z-orzechow-wloskich.webp","type":"image\/webp"}],"schema":{"@context":"https:\/\/schema.org","@graph":[{"@type":"WebPage","@id":"https:\/\/naturalpoland.com\/cs\/produkty\/produkty-pro-potravinarsky-prumysl\/jedle-oleje\/orechovy-olej\/","url":"https:\/\/naturalpoland.com\/cs\/produkty\/produkty-pro-potravinarsky-prumysl\/jedle-oleje\/orechovy-olej\/","name":"O\u0159echov\u00fd olej - Velkoobchodn\u00ed distributor","isPartOf":{"@id":"https:\/\/naturalpoland.com\/cs\/#website"},"primaryImageOfPage":{"@id":"https:\/\/naturalpoland.com\/cs\/produkty\/produkty-pro-potravinarsky-prumysl\/jedle-oleje\/orechovy-olej\/#primaryimage"},"image":{"@id":"https:\/\/naturalpoland.com\/cs\/produkty\/produkty-pro-potravinarsky-prumysl\/jedle-oleje\/orechovy-olej\/#primaryimage"},"thumbnailUrl":"https:\/\/naturalpoland.com\/wp-content\/uploads\/olej-z-orzechow-wloskich.webp","datePublished":"2021-09-21T12:35:50+00:00","dateModified":"2025-04-16T13:25:14+00:00","description":"Olej z vla\u0161sk\u00fdch o\u0159ech\u016f je vysoce kvalitn\u00ed rostlinn\u00fd olej z\u00edskan\u00fd lisov\u00e1n\u00edm a rafinac\u00ed ze semen vla\u0161sk\u00fdch o\u0159ech\u016f.","breadcrumb":{"@id":"https:\/\/naturalpoland.com\/cs\/produkty\/produkty-pro-potravinarsky-prumysl\/jedle-oleje\/orechovy-olej\/#breadcrumb"},"inLanguage":"cs","potentialAction":[{"@type":"ReadAction","target":["https:\/\/naturalpoland.com\/cs\/produkty\/produkty-pro-potravinarsky-prumysl\/jedle-oleje\/orechovy-olej\/"]}]},{"@type":"ImageObject","inLanguage":"cs","@id":"https:\/\/naturalpoland.com\/cs\/produkty\/produkty-pro-potravinarsky-prumysl\/jedle-oleje\/orechovy-olej\/#primaryimage","url":"https:\/\/naturalpoland.com\/wp-content\/uploads\/olej-z-orzechow-wloskich.webp","contentUrl":"https:\/\/naturalpoland.com\/wp-content\/uploads\/olej-z-orzechow-wloskich.webp","width":1024,"height":1024,"caption":"Olej z orzech\u00f3w w\u0142oskich"},{"@type":"BreadcrumbList","@id":"https:\/\/naturalpoland.com\/cs\/produkty\/produkty-pro-potravinarsky-prumysl\/jedle-oleje\/orechovy-olej\/#breadcrumb","itemListElement":[{"@type":"ListItem","position":1,"name":"Dom\u016f","item":"https:\/\/naturalpoland.com\/cs\/"},{"@type":"ListItem","position":2,"name":"Produkty","item":"https:\/\/naturalpoland.com\/cs\/produkty\/"},{"@type":"ListItem","position":3,"name":"O\u0159echov\u00fd olej"}]},{"@type":"WebSite","@id":"https:\/\/naturalpoland.com\/cs\/#website","url":"https:\/\/naturalpoland.com\/cs\/","name":"NATURAL POLAND - Velkoobchodn\u00ed distributor surovin","description":"Surowce dla przemys\u0142u spo\u017cywczego, kosmetycznego i farmaceutycznego","publisher":{"@id":"https:\/\/naturalpoland.com\/cs\/#organization"},"potentialAction":[{"@type":"SearchAction","target":{"@type":"EntryPoint","urlTemplate":"https:\/\/naturalpoland.com\/cs\/?s={search_term_string}"},"query-input":{"@type":"PropertyValueSpecification","valueRequired":true,"valueName":"search_term_string"}}],"inLanguage":"cs"},{"@type":"Organization","@id":"https:\/\/naturalpoland.com\/cs\/#organization","name":"Natural Poland","url":"https:\/\/naturalpoland.com\/cs\/","logo":{"@type":"ImageObject","inLanguage":"cs","@id":"https:\/\/naturalpoland.com\/cs\/#\/schema\/logo\/image\/","url":"https:\/\/naturalpoland.com\/wp-content\/uploads\/2021\/05\/natural-poland-icon.png","contentUrl":"https:\/\/naturalpoland.com\/wp-content\/uploads\/2021\/05\/natural-poland-icon.png","width":512,"height":512,"caption":"Natural Poland"},"image":{"@id":"https:\/\/naturalpoland.com\/cs\/#\/schema\/logo\/image\/"},"sameAs":["https:\/\/www.facebook.com\/naturalpoland.b2b","https:\/\/pl.linkedin.com\/company\/natural-poland","https:\/\/www.youtube.com\/channel\/UCgeGGkvOMahZo-xu_MSEWxg"]}]}},"_links":{"self":[{"href":"https:\/\/naturalpoland.com\/cs\/wp-json\/wp\/v2\/product\/11908","targetHints":{"allow":["GET"]}}],"collection":[{"href":"https:\/\/naturalpoland.com\/cs\/wp-json\/wp\/v2\/product"}],"about":[{"href":"https:\/\/naturalpoland.com\/cs\/wp-json\/wp\/v2\/types\/product"}],"wp:featuredmedia":[{"embeddable":true,"href":"https:\/\/naturalpoland.com\/cs\/wp-json\/wp\/v2\/media\/40720"}],"wp:attachment":[{"href":"https:\/\/naturalpoland.com\/cs\/wp-json\/wp\/v2\/media?parent=11908"}],"wp:term":[{"taxonomy":"product_brand","embeddable":true,"href":"https:\/\/naturalpoland.com\/cs\/wp-json\/wp\/v2\/product_brand?post=11908"},{"taxonomy":"product_cat","embeddable":true,"href":"https:\/\/naturalpoland.com\/cs\/wp-json\/wp\/v2\/product_cat?post=11908"},{"taxonomy":"product_tag","embeddable":true,"href":"https:\/\/naturalpoland.com\/cs\/wp-json\/wp\/v2\/product_tag?post=11908"}],"curies":[{"name":"wp","href":"https:\/\/api.w.org\/{rel}","templated":true}]}}