{"id":11927,"date":"2021-05-11T13:52:08","date_gmt":"2021-09-21T12:36:11","guid":{"rendered":"https:\/\/naturalpoland.pl\/produkty\/nezarazene\/ostropestrecovy-olej\/"},"modified":"2021-09-21T14:36:11","modified_gmt":"2021-09-21T12:36:11","slug":"ostropestrecovy-olej","status":"publish","type":"product","link":"https:\/\/naturalpoland.com\/cs\/produkty\/produkty-pro-potravinarsky-prumysl\/jedle-oleje\/ostropestrecovy-olej\/","title":{"rendered":"Ostropest\u0159ecov\u00fd olej"},"content":{"rendered":"<p>Olej z ostropest\u0159ce mari\u00e1nsk\u00e9ho obsahuje komplex flavonolignan\u016f. Z\u00edsk\u00e1no z ostropest\u0159ce mari\u00e1nsk\u00e9ho<strong> silymarin<\/strong> m\u00e1 protiz\u00e1n\u011btliv\u00e9 a regenera\u010dn\u00ed vlastnosti. Je to l\u00e1tka, kter\u00e1 d\u00edky sv\u00fdm choleretick\u00fdm vlastnostem podporuje o\u010distu t\u011bla, detoxikaci a ochranu p\u0159ed toxiny. Odstra\u0148uje \u0161kodliv\u00e9 \u00fa\u010dinky konzumace alkoholu, pesticid\u016f absorbovan\u00fdch potravou, t\u011b\u017ek\u00fdch kov\u016f konzumovan\u00fdch vodou.<\/p>\n<p>Pravideln\u00e1 konzumace oleje z ostropest\u0159ce mari\u00e1nsk\u00e9ho pom\u00e1h\u00e1 p\u0159edch\u00e1zet tvorb\u011b \u017elu\u010dov\u00fdch kamen\u016f a tak\u00e9 sni\u017euje vysok\u00fd cholesterol, l\u00e9\u010d\u00ed sez\u00f3nn\u00ed alergie a m\u00e1 vlastnosti, kter\u00e9 zpomaluj\u00ed st\u00e1rnut\u00ed.<\/p>\n<p>Ostropest\u0159ecov\u00fd olej v kosmetice pom\u00e1h\u00e1 zbavit se pup\u00ednk\u016f, ekz\u00e9m\u016f a akn\u00e9. Hydratuje a zjem\u0148uje poko\u017eku. Zabra\u0148uje vypad\u00e1v\u00e1n\u00ed vlas\u016f a posiluje vlasov\u00e9 folikuly.<\/p>\n<p>&nbsp;<\/p>\n","protected":false},"excerpt":{"rendered":"<p>\u010cist\u00fd ostropest\u0159ecov\u00fd olej dod\u00e1v\u00e1me ve velk\u00e9m. Olej se z\u00edsk\u00e1v\u00e1 lisov\u00e1n\u00edm za studena.<\/p>\n<p>Ostropest\u0159ecov\u00fd olej je bohat\u00fdm zdrojem karotenoid\u016f, vitam\u00edn\u016f E, D, K a B, jako\u017e i makro a mikroprvk\u016f a biologicky aktivn\u00edch l\u00e1tek.<\/p>\n<p>&nbsp;<\/p>\n","protected":false},"featured_media":11931,"template":"","meta":{"_acf_changed":false},"product_brand":[],"product_cat":[625,640,636],"product_tag":[],"class_list":{"0":"post-11927","1":"product","2":"type-product","3":"status-publish","4":"has-post-thumbnail","6":"product_cat-jedle-a-kosmeticke-oleje","7":"product_cat-jedle-oleje","8":"product_cat-kosmeticke-oleje","10":"first","11":"instock","12":"shipping-taxable","13":"product-type-simple"},"acf":[],"yoast_head":"<!-- This site is optimized with the Yoast SEO plugin v27.4 - https:\/\/yoast.com\/product\/yoast-seo-wordpress\/ -->\n<title>Ostropest\u0159ecov\u00fd olej - Velkoobchodn\u00ed distributor<\/title>\n<meta name=\"robots\" content=\"index, follow, max-snippet:-1, max-image-preview:large, max-video-preview:-1\" \/>\n<link rel=\"canonical\" href=\"https:\/\/naturalpoland.com\/cs\/produkty\/produkty-pro-potravinarsky-prumysl\/jedle-oleje\/ostropestrecovy-olej\/\" \/>\n<meta property=\"og:locale\" content=\"cs_CZ\" \/>\n<meta property=\"og:type\" content=\"article\" \/>\n<meta property=\"og:title\" content=\"Ostropest\u0159ecov\u00fd olej - Velkoobchodn\u00ed distributor\" \/>\n<meta property=\"og:description\" content=\"\u010cist\u00fd ostropest\u0159ecov\u00fd olej dod\u00e1v\u00e1me ve velk\u00e9m. Olej se z\u00edsk\u00e1v\u00e1 lisov\u00e1n\u00edm za studena. Ostropest\u0159ecov\u00fd olej je bohat\u00fdm zdrojem karotenoid\u016f, vitam\u00edn\u016f E, D, K a B, jako\u017e i makro a mikroprvk\u016f a biologicky aktivn\u00edch l\u00e1tek. &nbsp;\" \/>\n<meta property=\"og:url\" content=\"https:\/\/naturalpoland.com\/cs\/produkty\/produkty-pro-potravinarsky-prumysl\/jedle-oleje\/ostropestrecovy-olej\/\" \/>\n<meta property=\"og:site_name\" content=\"NATURAL POLAND - Velkoobchodn\u00ed distributor surovin\" \/>\n<meta property=\"article:publisher\" content=\"https:\/\/www.facebook.com\/naturalpoland.b2b\" \/>\n<meta property=\"og:image\" content=\"https:\/\/naturalpoland.com\/wp-content\/uploads\/2021\/05\/milk-thistle-oil.jpg\" \/>\n\t<meta property=\"og:image:width\" content=\"800\" \/>\n\t<meta property=\"og:image:height\" content=\"800\" \/>\n\t<meta property=\"og:image:type\" content=\"image\/jpeg\" \/>\n<script type=\"application\/ld+json\" class=\"yoast-schema-graph\">{\"@context\":\"https:\\\/\\\/schema.org\",\"@graph\":[{\"@type\":\"WebPage\",\"@id\":\"https:\\\/\\\/naturalpoland.com\\\/cs\\\/produkty\\\/produkty-pro-potravinarsky-prumysl\\\/jedle-oleje\\\/ostropestrecovy-olej\\\/\",\"url\":\"https:\\\/\\\/naturalpoland.com\\\/cs\\\/produkty\\\/produkty-pro-potravinarsky-prumysl\\\/jedle-oleje\\\/ostropestrecovy-olej\\\/\",\"name\":\"Ostropest\u0159ecov\u00fd olej - Velkoobchodn\u00ed distributor\",\"isPartOf\":{\"@id\":\"https:\\\/\\\/naturalpoland.com\\\/cs\\\/#website\"},\"primaryImageOfPage\":{\"@id\":\"https:\\\/\\\/naturalpoland.com\\\/cs\\\/produkty\\\/produkty-pro-potravinarsky-prumysl\\\/jedle-oleje\\\/ostropestrecovy-olej\\\/#primaryimage\"},\"image\":{\"@id\":\"https:\\\/\\\/naturalpoland.com\\\/cs\\\/produkty\\\/produkty-pro-potravinarsky-prumysl\\\/jedle-oleje\\\/ostropestrecovy-olej\\\/#primaryimage\"},\"thumbnailUrl\":\"https:\\\/\\\/naturalpoland.com\\\/wp-content\\\/uploads\\\/2021\\\/05\\\/milk-thistle-oil.jpg\",\"datePublished\":\"2021-09-21T12:36:11+00:00\",\"breadcrumb\":{\"@id\":\"https:\\\/\\\/naturalpoland.com\\\/cs\\\/produkty\\\/produkty-pro-potravinarsky-prumysl\\\/jedle-oleje\\\/ostropestrecovy-olej\\\/#breadcrumb\"},\"inLanguage\":\"cs\",\"potentialAction\":[{\"@type\":\"ReadAction\",\"target\":[\"https:\\\/\\\/naturalpoland.com\\\/cs\\\/produkty\\\/produkty-pro-potravinarsky-prumysl\\\/jedle-oleje\\\/ostropestrecovy-olej\\\/\"]}]},{\"@type\":\"ImageObject\",\"inLanguage\":\"cs\",\"@id\":\"https:\\\/\\\/naturalpoland.com\\\/cs\\\/produkty\\\/produkty-pro-potravinarsky-prumysl\\\/jedle-oleje\\\/ostropestrecovy-olej\\\/#primaryimage\",\"url\":\"https:\\\/\\\/naturalpoland.com\\\/wp-content\\\/uploads\\\/2021\\\/05\\\/milk-thistle-oil.jpg\",\"contentUrl\":\"https:\\\/\\\/naturalpoland.com\\\/wp-content\\\/uploads\\\/2021\\\/05\\\/milk-thistle-oil.jpg\",\"width\":800,\"height\":800},{\"@type\":\"BreadcrumbList\",\"@id\":\"https:\\\/\\\/naturalpoland.com\\\/cs\\\/produkty\\\/produkty-pro-potravinarsky-prumysl\\\/jedle-oleje\\\/ostropestrecovy-olej\\\/#breadcrumb\",\"itemListElement\":[{\"@type\":\"ListItem\",\"position\":1,\"name\":\"Dom\u016f\",\"item\":\"https:\\\/\\\/naturalpoland.com\\\/cs\\\/\"},{\"@type\":\"ListItem\",\"position\":2,\"name\":\"Produkty\",\"item\":\"https:\\\/\\\/naturalpoland.com\\\/cs\\\/produkty\\\/\"},{\"@type\":\"ListItem\",\"position\":3,\"name\":\"Ostropest\u0159ecov\u00fd olej\"}]},{\"@type\":\"WebSite\",\"@id\":\"https:\\\/\\\/naturalpoland.com\\\/cs\\\/#website\",\"url\":\"https:\\\/\\\/naturalpoland.com\\\/cs\\\/\",\"name\":\"NATURAL POLAND - Velkoobchodn\u00ed distributor surovin\",\"description\":\"Surowce dla przemys\u0142u spo\u017cywczego, kosmetycznego i farmaceutycznego\",\"publisher\":{\"@id\":\"https:\\\/\\\/naturalpoland.com\\\/cs\\\/#organization\"},\"potentialAction\":[{\"@type\":\"SearchAction\",\"target\":{\"@type\":\"EntryPoint\",\"urlTemplate\":\"https:\\\/\\\/naturalpoland.com\\\/cs\\\/?s={search_term_string}\"},\"query-input\":{\"@type\":\"PropertyValueSpecification\",\"valueRequired\":true,\"valueName\":\"search_term_string\"}}],\"inLanguage\":\"cs\"},{\"@type\":\"Organization\",\"@id\":\"https:\\\/\\\/naturalpoland.com\\\/cs\\\/#organization\",\"name\":\"Natural Poland\",\"url\":\"https:\\\/\\\/naturalpoland.com\\\/cs\\\/\",\"logo\":{\"@type\":\"ImageObject\",\"inLanguage\":\"cs\",\"@id\":\"https:\\\/\\\/naturalpoland.com\\\/cs\\\/#\\\/schema\\\/logo\\\/image\\\/\",\"url\":\"https:\\\/\\\/naturalpoland.com\\\/wp-content\\\/uploads\\\/2021\\\/05\\\/natural-poland-icon.png\",\"contentUrl\":\"https:\\\/\\\/naturalpoland.com\\\/wp-content\\\/uploads\\\/2021\\\/05\\\/natural-poland-icon.png\",\"width\":512,\"height\":512,\"caption\":\"Natural Poland\"},\"image\":{\"@id\":\"https:\\\/\\\/naturalpoland.com\\\/cs\\\/#\\\/schema\\\/logo\\\/image\\\/\"},\"sameAs\":[\"https:\\\/\\\/www.facebook.com\\\/naturalpoland.b2b\",\"https:\\\/\\\/pl.linkedin.com\\\/company\\\/natural-poland\",\"https:\\\/\\\/www.youtube.com\\\/channel\\\/UCgeGGkvOMahZo-xu_MSEWxg\"]}]}<\/script>\n<!-- \/ Yoast SEO plugin. -->","yoast_head_json":{"title":"Ostropest\u0159ecov\u00fd olej - Velkoobchodn\u00ed distributor","robots":{"index":"index","follow":"follow","max-snippet":"max-snippet:-1","max-image-preview":"max-image-preview:large","max-video-preview":"max-video-preview:-1"},"canonical":"https:\/\/naturalpoland.com\/cs\/produkty\/produkty-pro-potravinarsky-prumysl\/jedle-oleje\/ostropestrecovy-olej\/","og_locale":"cs_CZ","og_type":"article","og_title":"Ostropest\u0159ecov\u00fd olej - Velkoobchodn\u00ed distributor","og_description":"\u010cist\u00fd ostropest\u0159ecov\u00fd olej dod\u00e1v\u00e1me ve velk\u00e9m. Olej se z\u00edsk\u00e1v\u00e1 lisov\u00e1n\u00edm za studena. Ostropest\u0159ecov\u00fd olej je bohat\u00fdm zdrojem karotenoid\u016f, vitam\u00edn\u016f E, D, K a B, jako\u017e i makro a mikroprvk\u016f a biologicky aktivn\u00edch l\u00e1tek. &nbsp;","og_url":"https:\/\/naturalpoland.com\/cs\/produkty\/produkty-pro-potravinarsky-prumysl\/jedle-oleje\/ostropestrecovy-olej\/","og_site_name":"NATURAL POLAND - Velkoobchodn\u00ed distributor surovin","article_publisher":"https:\/\/www.facebook.com\/naturalpoland.b2b","og_image":[{"width":800,"height":800,"url":"https:\/\/naturalpoland.com\/wp-content\/uploads\/2021\/05\/milk-thistle-oil.jpg","type":"image\/jpeg"}],"schema":{"@context":"https:\/\/schema.org","@graph":[{"@type":"WebPage","@id":"https:\/\/naturalpoland.com\/cs\/produkty\/produkty-pro-potravinarsky-prumysl\/jedle-oleje\/ostropestrecovy-olej\/","url":"https:\/\/naturalpoland.com\/cs\/produkty\/produkty-pro-potravinarsky-prumysl\/jedle-oleje\/ostropestrecovy-olej\/","name":"Ostropest\u0159ecov\u00fd olej - Velkoobchodn\u00ed distributor","isPartOf":{"@id":"https:\/\/naturalpoland.com\/cs\/#website"},"primaryImageOfPage":{"@id":"https:\/\/naturalpoland.com\/cs\/produkty\/produkty-pro-potravinarsky-prumysl\/jedle-oleje\/ostropestrecovy-olej\/#primaryimage"},"image":{"@id":"https:\/\/naturalpoland.com\/cs\/produkty\/produkty-pro-potravinarsky-prumysl\/jedle-oleje\/ostropestrecovy-olej\/#primaryimage"},"thumbnailUrl":"https:\/\/naturalpoland.com\/wp-content\/uploads\/2021\/05\/milk-thistle-oil.jpg","datePublished":"2021-09-21T12:36:11+00:00","breadcrumb":{"@id":"https:\/\/naturalpoland.com\/cs\/produkty\/produkty-pro-potravinarsky-prumysl\/jedle-oleje\/ostropestrecovy-olej\/#breadcrumb"},"inLanguage":"cs","potentialAction":[{"@type":"ReadAction","target":["https:\/\/naturalpoland.com\/cs\/produkty\/produkty-pro-potravinarsky-prumysl\/jedle-oleje\/ostropestrecovy-olej\/"]}]},{"@type":"ImageObject","inLanguage":"cs","@id":"https:\/\/naturalpoland.com\/cs\/produkty\/produkty-pro-potravinarsky-prumysl\/jedle-oleje\/ostropestrecovy-olej\/#primaryimage","url":"https:\/\/naturalpoland.com\/wp-content\/uploads\/2021\/05\/milk-thistle-oil.jpg","contentUrl":"https:\/\/naturalpoland.com\/wp-content\/uploads\/2021\/05\/milk-thistle-oil.jpg","width":800,"height":800},{"@type":"BreadcrumbList","@id":"https:\/\/naturalpoland.com\/cs\/produkty\/produkty-pro-potravinarsky-prumysl\/jedle-oleje\/ostropestrecovy-olej\/#breadcrumb","itemListElement":[{"@type":"ListItem","position":1,"name":"Dom\u016f","item":"https:\/\/naturalpoland.com\/cs\/"},{"@type":"ListItem","position":2,"name":"Produkty","item":"https:\/\/naturalpoland.com\/cs\/produkty\/"},{"@type":"ListItem","position":3,"name":"Ostropest\u0159ecov\u00fd olej"}]},{"@type":"WebSite","@id":"https:\/\/naturalpoland.com\/cs\/#website","url":"https:\/\/naturalpoland.com\/cs\/","name":"NATURAL POLAND - Velkoobchodn\u00ed distributor surovin","description":"Surowce dla przemys\u0142u spo\u017cywczego, kosmetycznego i farmaceutycznego","publisher":{"@id":"https:\/\/naturalpoland.com\/cs\/#organization"},"potentialAction":[{"@type":"SearchAction","target":{"@type":"EntryPoint","urlTemplate":"https:\/\/naturalpoland.com\/cs\/?s={search_term_string}"},"query-input":{"@type":"PropertyValueSpecification","valueRequired":true,"valueName":"search_term_string"}}],"inLanguage":"cs"},{"@type":"Organization","@id":"https:\/\/naturalpoland.com\/cs\/#organization","name":"Natural Poland","url":"https:\/\/naturalpoland.com\/cs\/","logo":{"@type":"ImageObject","inLanguage":"cs","@id":"https:\/\/naturalpoland.com\/cs\/#\/schema\/logo\/image\/","url":"https:\/\/naturalpoland.com\/wp-content\/uploads\/2021\/05\/natural-poland-icon.png","contentUrl":"https:\/\/naturalpoland.com\/wp-content\/uploads\/2021\/05\/natural-poland-icon.png","width":512,"height":512,"caption":"Natural Poland"},"image":{"@id":"https:\/\/naturalpoland.com\/cs\/#\/schema\/logo\/image\/"},"sameAs":["https:\/\/www.facebook.com\/naturalpoland.b2b","https:\/\/pl.linkedin.com\/company\/natural-poland","https:\/\/www.youtube.com\/channel\/UCgeGGkvOMahZo-xu_MSEWxg"]}]}},"_links":{"self":[{"href":"https:\/\/naturalpoland.com\/cs\/wp-json\/wp\/v2\/product\/11927","targetHints":{"allow":["GET"]}}],"collection":[{"href":"https:\/\/naturalpoland.com\/cs\/wp-json\/wp\/v2\/product"}],"about":[{"href":"https:\/\/naturalpoland.com\/cs\/wp-json\/wp\/v2\/types\/product"}],"wp:featuredmedia":[{"embeddable":true,"href":"https:\/\/naturalpoland.com\/cs\/wp-json\/wp\/v2\/media\/11931"}],"wp:attachment":[{"href":"https:\/\/naturalpoland.com\/cs\/wp-json\/wp\/v2\/media?parent=11927"}],"wp:term":[{"taxonomy":"product_brand","embeddable":true,"href":"https:\/\/naturalpoland.com\/cs\/wp-json\/wp\/v2\/product_brand?post=11927"},{"taxonomy":"product_cat","embeddable":true,"href":"https:\/\/naturalpoland.com\/cs\/wp-json\/wp\/v2\/product_cat?post=11927"},{"taxonomy":"product_tag","embeddable":true,"href":"https:\/\/naturalpoland.com\/cs\/wp-json\/wp\/v2\/product_tag?post=11927"}],"curies":[{"name":"wp","href":"https:\/\/api.w.org\/{rel}","templated":true}]}}