{"id":11981,"date":"2021-05-11T13:52:32","date_gmt":"2021-09-21T12:37:10","guid":{"rendered":"https:\/\/naturalpoland.pl\/produkty\/nezarazene\/olej-mono-tiare\/"},"modified":"2025-07-01T09:52:10","modified_gmt":"2025-07-01T07:52:10","slug":"olej-monoi-tiare","status":"publish","type":"product","link":"https:\/\/naturalpoland.com\/cs\/produkty\/produkty-pro-kosmeticky-prumysl\/kosmeticke-oleje\/olej-monoi-tiare\/","title":{"rendered":"Monoi de Tahiti"},"content":{"rendered":"<p>Nab\u00edzen\u00fd olej Monoi je nav\u00edc obohacen o p\u0159\u00edrodn\u00ed tokoferol (<strong><a href=\"https:\/\/naturalpoland.com\/cs\/produkty\/produkty-pro-farmaceuticky-a-zdravotnicky-prumysl\/vitaminy\/vitamin-e\/\">vitam\u00edn E<\/a><\/strong>) a jemn\u011b parfemov\u00e1n pro dlouhotrvaj\u00edc\u00ed smyslnou v\u016fni. M\u00e1 podobu pr\u016fsvitn\u00e9 olejov\u00e9 kapaliny sv\u011btle \u017elut\u00e9 a\u017e jantarov\u00e9 barvy s charakteristickou exotickou v\u016fn\u00ed. Vyzna\u010duje se vysok\u00fdm indexem zm\u00fddeln\u011bn\u00ed (252 mg KOH\/g), n\u00edzk\u00fdm stupn\u011bm oxidace (0,2 meq O\u2082\/kg) a m\u00edrnou kyselost\u00ed (1,5 mg KOH\/g).<\/p>\n<h2>Vlastnosti a aplikace<\/h2>\n<p>Monoi de Tahiti je zn\u00e1m\u00fd pro sv\u00e9 vy\u017eivuj\u00edc\u00ed, ochrann\u00e9 a regenera\u010dn\u00ed vlastnosti. P\u016fsob\u00ed jako intenzivn\u00ed <strong>zm\u011bk\u010dovadlo<\/strong> &#8211; zjem\u0148uje a vyhlazuje poko\u017eku a vlasy a vytv\u00e1\u0159\u00ed na jejich povrchu jemnou okluzivn\u00ed vrstvu, kter\u00e1 chr\u00e1n\u00ed p\u0159ed ztr\u00e1tou vlhkosti. D\u00edky obsahu vitaminu E vykazuje antioxida\u010dn\u00ed vlastnosti, podporuje p\u0159irozenou hydrolipidovou bari\u00e9ru poko\u017eky a zpomaluje projevy st\u00e1rnut\u00ed. <strong>V\u00fdta\u017eek z gard\u00e9nie<\/strong> dod\u00e1v\u00e1 pleti zklid\u0148uj\u00edc\u00ed a uklid\u0148uj\u00edc\u00ed vlastnosti, tak\u017ee je ide\u00e1ln\u00ed pro suchou, citlivou a podr\u00e1\u017ed\u011bnou ple\u0165.<\/p>\n<p>Produkt se pou\u017e\u00edv\u00e1 p\u0159i v\u00fdrob\u011b luxusn\u00edch ple\u0165ov\u00fdch ml\u00e9k, mas\u00e1\u017en\u00edch olej\u016f, masek na vlasy, t\u011blov\u00fdch kr\u00e9m\u016f a opalovac\u00edch p\u0159\u00edpravk\u016f a kosmetiky po opalov\u00e1n\u00ed. Slo\u017een\u00ed dod\u00e1v\u00e1 jedine\u010dn\u00fd exotick\u00fd charakter. V\u00fdrobek je ur\u010den pouze pro kosmetick\u00e9 pou\u017eit\u00ed.<\/p>\n","protected":false},"excerpt":{"rendered":"<p><strong>Monoi de Tahiti<\/strong> je tradi\u010dn\u00ed polyn\u00e9sk\u00fd olej vznikaj\u00edc\u00ed macerac\u00ed kv\u011bt\u016f gard\u00e9nie tahitsk\u00e9 (<em>Gardenia tahitensis<\/em>) v panensk\u00e9m kokosov\u00e9m oleji. Tento exotick\u00fd olej poch\u00e1z\u00ed z ostrova Tahiti a je obl\u00edbenou slo\u017ekou koupelov\u00fdch olej\u016f, p\u0159\u00edpravk\u016f po opalov\u00e1n\u00ed, masek na vlasy i kondicion\u00e9r\u016f.<\/p>\n","protected":false},"featured_media":40937,"template":"","meta":{"_acf_changed":false},"product_brand":[],"product_cat":[636],"product_tag":[],"class_list":{"0":"post-11981","1":"product","2":"type-product","3":"status-publish","4":"has-post-thumbnail","6":"product_cat-kosmeticke-oleje","8":"first","9":"instock","10":"shipping-taxable","11":"product-type-simple"},"acf":[],"yoast_head":"<!-- This site is optimized with the Yoast SEO plugin v27.5 - https:\/\/yoast.com\/product\/yoast-seo-wordpress\/ -->\n<title>Monoi de Tahiti - Velkoobchodn\u00ed distributor<\/title>\n<meta name=\"description\" content=\"Olej Monoi z Tahiti je zn\u00e1m\u00fd pro sv\u00e9 v\u00fdjime\u010dn\u00e9 vy\u017eivuj\u00edc\u00ed, ochrann\u00e9 a regenera\u010dn\u00ed vlastnosti. P\u016fsob\u00ed jako intenzivn\u00ed zm\u011bk\u010dovadlo - zjem\u0148uje a vyhlazuje.\" \/>\n<meta name=\"robots\" content=\"index, follow, max-snippet:-1, max-image-preview:large, max-video-preview:-1\" \/>\n<link rel=\"canonical\" href=\"https:\/\/naturalpoland.com\/cs\/produkty\/produkty-pro-kosmeticky-prumysl\/kosmeticke-oleje\/olej-monoi-tiare\/\" \/>\n<meta property=\"og:locale\" content=\"cs_CZ\" \/>\n<meta property=\"og:type\" content=\"article\" \/>\n<meta property=\"og:title\" content=\"Monoi de Tahiti - Velkoobchodn\u00ed distributor\" \/>\n<meta property=\"og:description\" content=\"Olej Monoi z Tahiti je zn\u00e1m\u00fd pro sv\u00e9 v\u00fdjime\u010dn\u00e9 vy\u017eivuj\u00edc\u00ed, ochrann\u00e9 a regenera\u010dn\u00ed vlastnosti. P\u016fsob\u00ed jako intenzivn\u00ed zm\u011bk\u010dovadlo - zjem\u0148uje a vyhlazuje.\" \/>\n<meta property=\"og:url\" content=\"https:\/\/naturalpoland.com\/cs\/produkty\/produkty-pro-kosmeticky-prumysl\/kosmeticke-oleje\/olej-monoi-tiare\/\" \/>\n<meta property=\"og:site_name\" content=\"NATURAL POLAND - Velkoobchodn\u00ed distributor surovin\" \/>\n<meta property=\"article:publisher\" content=\"https:\/\/www.facebook.com\/naturalpoland.b2b\" \/>\n<meta property=\"article:modified_time\" content=\"2025-07-01T07:52:10+00:00\" \/>\n<meta property=\"og:image\" content=\"https:\/\/naturalpoland.com\/wp-content\/uploads\/olejek-monoi-z-tahiti.webp\" \/>\n\t<meta property=\"og:image:width\" content=\"1024\" \/>\n\t<meta property=\"og:image:height\" content=\"1024\" \/>\n\t<meta property=\"og:image:type\" content=\"image\/webp\" \/>\n<script type=\"application\/ld+json\" class=\"yoast-schema-graph\">{\"@context\":\"https:\\\/\\\/schema.org\",\"@graph\":[{\"@type\":\"WebPage\",\"@id\":\"https:\\\/\\\/naturalpoland.com\\\/cs\\\/produkty\\\/produkty-pro-kosmeticky-prumysl\\\/kosmeticke-oleje\\\/olej-monoi-tiare\\\/\",\"url\":\"https:\\\/\\\/naturalpoland.com\\\/cs\\\/produkty\\\/produkty-pro-kosmeticky-prumysl\\\/kosmeticke-oleje\\\/olej-monoi-tiare\\\/\",\"name\":\"Monoi de Tahiti - Velkoobchodn\u00ed distributor\",\"isPartOf\":{\"@id\":\"https:\\\/\\\/naturalpoland.com\\\/cs\\\/#website\"},\"primaryImageOfPage\":{\"@id\":\"https:\\\/\\\/naturalpoland.com\\\/cs\\\/produkty\\\/produkty-pro-kosmeticky-prumysl\\\/kosmeticke-oleje\\\/olej-monoi-tiare\\\/#primaryimage\"},\"image\":{\"@id\":\"https:\\\/\\\/naturalpoland.com\\\/cs\\\/produkty\\\/produkty-pro-kosmeticky-prumysl\\\/kosmeticke-oleje\\\/olej-monoi-tiare\\\/#primaryimage\"},\"thumbnailUrl\":\"https:\\\/\\\/naturalpoland.com\\\/wp-content\\\/uploads\\\/olejek-monoi-z-tahiti.webp\",\"datePublished\":\"2021-09-21T12:37:10+00:00\",\"dateModified\":\"2025-07-01T07:52:10+00:00\",\"description\":\"Olej Monoi z Tahiti je zn\u00e1m\u00fd pro sv\u00e9 v\u00fdjime\u010dn\u00e9 vy\u017eivuj\u00edc\u00ed, ochrann\u00e9 a regenera\u010dn\u00ed vlastnosti. P\u016fsob\u00ed jako intenzivn\u00ed zm\u011bk\u010dovadlo - zjem\u0148uje a vyhlazuje.\",\"breadcrumb\":{\"@id\":\"https:\\\/\\\/naturalpoland.com\\\/cs\\\/produkty\\\/produkty-pro-kosmeticky-prumysl\\\/kosmeticke-oleje\\\/olej-monoi-tiare\\\/#breadcrumb\"},\"inLanguage\":\"cs\",\"potentialAction\":[{\"@type\":\"ReadAction\",\"target\":[\"https:\\\/\\\/naturalpoland.com\\\/cs\\\/produkty\\\/produkty-pro-kosmeticky-prumysl\\\/kosmeticke-oleje\\\/olej-monoi-tiare\\\/\"]}]},{\"@type\":\"ImageObject\",\"inLanguage\":\"cs\",\"@id\":\"https:\\\/\\\/naturalpoland.com\\\/cs\\\/produkty\\\/produkty-pro-kosmeticky-prumysl\\\/kosmeticke-oleje\\\/olej-monoi-tiare\\\/#primaryimage\",\"url\":\"https:\\\/\\\/naturalpoland.com\\\/wp-content\\\/uploads\\\/olejek-monoi-z-tahiti.webp\",\"contentUrl\":\"https:\\\/\\\/naturalpoland.com\\\/wp-content\\\/uploads\\\/olejek-monoi-z-tahiti.webp\",\"width\":1024,\"height\":1024,\"caption\":\"Olejek Monoi z Tahiti\"},{\"@type\":\"BreadcrumbList\",\"@id\":\"https:\\\/\\\/naturalpoland.com\\\/cs\\\/produkty\\\/produkty-pro-kosmeticky-prumysl\\\/kosmeticke-oleje\\\/olej-monoi-tiare\\\/#breadcrumb\",\"itemListElement\":[{\"@type\":\"ListItem\",\"position\":1,\"name\":\"Dom\u016f\",\"item\":\"https:\\\/\\\/naturalpoland.com\\\/cs\\\/\"},{\"@type\":\"ListItem\",\"position\":2,\"name\":\"Produkty\",\"item\":\"https:\\\/\\\/naturalpoland.com\\\/cs\\\/produkty\\\/\"},{\"@type\":\"ListItem\",\"position\":3,\"name\":\"Monoi de Tahiti\"}]},{\"@type\":\"WebSite\",\"@id\":\"https:\\\/\\\/naturalpoland.com\\\/cs\\\/#website\",\"url\":\"https:\\\/\\\/naturalpoland.com\\\/cs\\\/\",\"name\":\"NATURAL POLAND - Velkoobchodn\u00ed distributor surovin\",\"description\":\"Surowce dla przemys\u0142u spo\u017cywczego, kosmetycznego i farmaceutycznego\",\"publisher\":{\"@id\":\"https:\\\/\\\/naturalpoland.com\\\/cs\\\/#organization\"},\"potentialAction\":[{\"@type\":\"SearchAction\",\"target\":{\"@type\":\"EntryPoint\",\"urlTemplate\":\"https:\\\/\\\/naturalpoland.com\\\/cs\\\/?s={search_term_string}\"},\"query-input\":{\"@type\":\"PropertyValueSpecification\",\"valueRequired\":true,\"valueName\":\"search_term_string\"}}],\"inLanguage\":\"cs\"},{\"@type\":\"Organization\",\"@id\":\"https:\\\/\\\/naturalpoland.com\\\/cs\\\/#organization\",\"name\":\"Natural Poland\",\"url\":\"https:\\\/\\\/naturalpoland.com\\\/cs\\\/\",\"logo\":{\"@type\":\"ImageObject\",\"inLanguage\":\"cs\",\"@id\":\"https:\\\/\\\/naturalpoland.com\\\/cs\\\/#\\\/schema\\\/logo\\\/image\\\/\",\"url\":\"https:\\\/\\\/naturalpoland.com\\\/wp-content\\\/uploads\\\/2021\\\/05\\\/natural-poland-icon.png\",\"contentUrl\":\"https:\\\/\\\/naturalpoland.com\\\/wp-content\\\/uploads\\\/2021\\\/05\\\/natural-poland-icon.png\",\"width\":512,\"height\":512,\"caption\":\"Natural Poland\"},\"image\":{\"@id\":\"https:\\\/\\\/naturalpoland.com\\\/cs\\\/#\\\/schema\\\/logo\\\/image\\\/\"},\"sameAs\":[\"https:\\\/\\\/www.facebook.com\\\/naturalpoland.b2b\",\"https:\\\/\\\/pl.linkedin.com\\\/company\\\/natural-poland\",\"https:\\\/\\\/www.youtube.com\\\/channel\\\/UCgeGGkvOMahZo-xu_MSEWxg\"]}]}<\/script>\n<!-- \/ Yoast SEO plugin. -->","yoast_head_json":{"title":"Monoi de Tahiti - Velkoobchodn\u00ed distributor","description":"Olej Monoi z Tahiti je zn\u00e1m\u00fd pro sv\u00e9 v\u00fdjime\u010dn\u00e9 vy\u017eivuj\u00edc\u00ed, ochrann\u00e9 a regenera\u010dn\u00ed vlastnosti. P\u016fsob\u00ed jako intenzivn\u00ed zm\u011bk\u010dovadlo - zjem\u0148uje a vyhlazuje.","robots":{"index":"index","follow":"follow","max-snippet":"max-snippet:-1","max-image-preview":"max-image-preview:large","max-video-preview":"max-video-preview:-1"},"canonical":"https:\/\/naturalpoland.com\/cs\/produkty\/produkty-pro-kosmeticky-prumysl\/kosmeticke-oleje\/olej-monoi-tiare\/","og_locale":"cs_CZ","og_type":"article","og_title":"Monoi de Tahiti - Velkoobchodn\u00ed distributor","og_description":"Olej Monoi z Tahiti je zn\u00e1m\u00fd pro sv\u00e9 v\u00fdjime\u010dn\u00e9 vy\u017eivuj\u00edc\u00ed, ochrann\u00e9 a regenera\u010dn\u00ed vlastnosti. P\u016fsob\u00ed jako intenzivn\u00ed zm\u011bk\u010dovadlo - zjem\u0148uje a vyhlazuje.","og_url":"https:\/\/naturalpoland.com\/cs\/produkty\/produkty-pro-kosmeticky-prumysl\/kosmeticke-oleje\/olej-monoi-tiare\/","og_site_name":"NATURAL POLAND - Velkoobchodn\u00ed distributor surovin","article_publisher":"https:\/\/www.facebook.com\/naturalpoland.b2b","article_modified_time":"2025-07-01T07:52:10+00:00","og_image":[{"width":1024,"height":1024,"url":"https:\/\/naturalpoland.com\/wp-content\/uploads\/olejek-monoi-z-tahiti.webp","type":"image\/webp"}],"schema":{"@context":"https:\/\/schema.org","@graph":[{"@type":"WebPage","@id":"https:\/\/naturalpoland.com\/cs\/produkty\/produkty-pro-kosmeticky-prumysl\/kosmeticke-oleje\/olej-monoi-tiare\/","url":"https:\/\/naturalpoland.com\/cs\/produkty\/produkty-pro-kosmeticky-prumysl\/kosmeticke-oleje\/olej-monoi-tiare\/","name":"Monoi de Tahiti - Velkoobchodn\u00ed distributor","isPartOf":{"@id":"https:\/\/naturalpoland.com\/cs\/#website"},"primaryImageOfPage":{"@id":"https:\/\/naturalpoland.com\/cs\/produkty\/produkty-pro-kosmeticky-prumysl\/kosmeticke-oleje\/olej-monoi-tiare\/#primaryimage"},"image":{"@id":"https:\/\/naturalpoland.com\/cs\/produkty\/produkty-pro-kosmeticky-prumysl\/kosmeticke-oleje\/olej-monoi-tiare\/#primaryimage"},"thumbnailUrl":"https:\/\/naturalpoland.com\/wp-content\/uploads\/olejek-monoi-z-tahiti.webp","datePublished":"2021-09-21T12:37:10+00:00","dateModified":"2025-07-01T07:52:10+00:00","description":"Olej Monoi z Tahiti je zn\u00e1m\u00fd pro sv\u00e9 v\u00fdjime\u010dn\u00e9 vy\u017eivuj\u00edc\u00ed, ochrann\u00e9 a regenera\u010dn\u00ed vlastnosti. P\u016fsob\u00ed jako intenzivn\u00ed zm\u011bk\u010dovadlo - zjem\u0148uje a vyhlazuje.","breadcrumb":{"@id":"https:\/\/naturalpoland.com\/cs\/produkty\/produkty-pro-kosmeticky-prumysl\/kosmeticke-oleje\/olej-monoi-tiare\/#breadcrumb"},"inLanguage":"cs","potentialAction":[{"@type":"ReadAction","target":["https:\/\/naturalpoland.com\/cs\/produkty\/produkty-pro-kosmeticky-prumysl\/kosmeticke-oleje\/olej-monoi-tiare\/"]}]},{"@type":"ImageObject","inLanguage":"cs","@id":"https:\/\/naturalpoland.com\/cs\/produkty\/produkty-pro-kosmeticky-prumysl\/kosmeticke-oleje\/olej-monoi-tiare\/#primaryimage","url":"https:\/\/naturalpoland.com\/wp-content\/uploads\/olejek-monoi-z-tahiti.webp","contentUrl":"https:\/\/naturalpoland.com\/wp-content\/uploads\/olejek-monoi-z-tahiti.webp","width":1024,"height":1024,"caption":"Olejek Monoi z Tahiti"},{"@type":"BreadcrumbList","@id":"https:\/\/naturalpoland.com\/cs\/produkty\/produkty-pro-kosmeticky-prumysl\/kosmeticke-oleje\/olej-monoi-tiare\/#breadcrumb","itemListElement":[{"@type":"ListItem","position":1,"name":"Dom\u016f","item":"https:\/\/naturalpoland.com\/cs\/"},{"@type":"ListItem","position":2,"name":"Produkty","item":"https:\/\/naturalpoland.com\/cs\/produkty\/"},{"@type":"ListItem","position":3,"name":"Monoi de Tahiti"}]},{"@type":"WebSite","@id":"https:\/\/naturalpoland.com\/cs\/#website","url":"https:\/\/naturalpoland.com\/cs\/","name":"NATURAL POLAND - Velkoobchodn\u00ed distributor surovin","description":"Surowce dla przemys\u0142u spo\u017cywczego, kosmetycznego i farmaceutycznego","publisher":{"@id":"https:\/\/naturalpoland.com\/cs\/#organization"},"potentialAction":[{"@type":"SearchAction","target":{"@type":"EntryPoint","urlTemplate":"https:\/\/naturalpoland.com\/cs\/?s={search_term_string}"},"query-input":{"@type":"PropertyValueSpecification","valueRequired":true,"valueName":"search_term_string"}}],"inLanguage":"cs"},{"@type":"Organization","@id":"https:\/\/naturalpoland.com\/cs\/#organization","name":"Natural Poland","url":"https:\/\/naturalpoland.com\/cs\/","logo":{"@type":"ImageObject","inLanguage":"cs","@id":"https:\/\/naturalpoland.com\/cs\/#\/schema\/logo\/image\/","url":"https:\/\/naturalpoland.com\/wp-content\/uploads\/2021\/05\/natural-poland-icon.png","contentUrl":"https:\/\/naturalpoland.com\/wp-content\/uploads\/2021\/05\/natural-poland-icon.png","width":512,"height":512,"caption":"Natural Poland"},"image":{"@id":"https:\/\/naturalpoland.com\/cs\/#\/schema\/logo\/image\/"},"sameAs":["https:\/\/www.facebook.com\/naturalpoland.b2b","https:\/\/pl.linkedin.com\/company\/natural-poland","https:\/\/www.youtube.com\/channel\/UCgeGGkvOMahZo-xu_MSEWxg"]}]}},"_links":{"self":[{"href":"https:\/\/naturalpoland.com\/cs\/wp-json\/wp\/v2\/product\/11981","targetHints":{"allow":["GET"]}}],"collection":[{"href":"https:\/\/naturalpoland.com\/cs\/wp-json\/wp\/v2\/product"}],"about":[{"href":"https:\/\/naturalpoland.com\/cs\/wp-json\/wp\/v2\/types\/product"}],"wp:featuredmedia":[{"embeddable":true,"href":"https:\/\/naturalpoland.com\/cs\/wp-json\/wp\/v2\/media\/40937"}],"wp:attachment":[{"href":"https:\/\/naturalpoland.com\/cs\/wp-json\/wp\/v2\/media?parent=11981"}],"wp:term":[{"taxonomy":"product_brand","embeddable":true,"href":"https:\/\/naturalpoland.com\/cs\/wp-json\/wp\/v2\/product_brand?post=11981"},{"taxonomy":"product_cat","embeddable":true,"href":"https:\/\/naturalpoland.com\/cs\/wp-json\/wp\/v2\/product_cat?post=11981"},{"taxonomy":"product_tag","embeddable":true,"href":"https:\/\/naturalpoland.com\/cs\/wp-json\/wp\/v2\/product_tag?post=11981"}],"curies":[{"name":"wp","href":"https:\/\/api.w.org\/{rel}","templated":true}]}}