{"id":11997,"date":"2021-05-11T13:52:33","date_gmt":"2021-09-21T12:37:20","guid":{"rendered":"https:\/\/naturalpoland.pl\/produkty\/nezarazene\/ovoce-bile-moruse\/"},"modified":"2024-09-18T14:00:41","modified_gmt":"2024-09-18T12:00:41","slug":"moruse-ovoce-bila","status":"publish","type":"product","link":"https:\/\/naturalpoland.com\/cs\/produkty\/rostlinne-produkty\/moruse-ovoce-bila\/","title":{"rendered":"Ovoce b\u00edl\u00e9 moru\u0161e"},"content":{"rendered":"<h2>Zdravotn\u00ed vlastnosti moru\u0161e b\u00edl\u00e9:<\/h2>\n<p>  Su\u0161en\u00e9 plody moru\u0161e b\u00edl\u00e9 obsahuj\u00ed velk\u00e9 mno\u017estv\u00ed vitaminu C, kter\u00fd p\u016fsob\u00ed jako siln\u00fd antioxidant, podporuje imunitn\u00ed syst\u00e9m a chr\u00e1n\u00ed t\u011blo p\u0159ed voln\u00fdmi radik\u00e1ly.<br \/>\nPlody jsou tak\u00e9 zdrojem \u017eeleza, drasl\u00edku, fosforu a ho\u0159\u010d\u00edku, kter\u00e9 podporuj\u00ed ob\u011bhov\u00fd a svalov\u00fd syst\u00e9m.<br \/>\nKrom\u011b toho je moru\u0161e b\u00edl\u00e1 bohat\u00e1 na polyfenoly, jako je <strong>resveratrol,<\/strong> kter\u00e9 vykazuj\u00ed siln\u00e9 antioxida\u010dn\u00ed a protiz\u00e1n\u011btliv\u00e9 \u00fa\u010dinky.<br \/>\nPlody moru\u0161e jsou tak\u00e9 zdrojem <strong>vl\u00e1kniny,<\/strong> kter\u00e1 zlep\u0161uje st\u0159evn\u00ed peristaltiku, podporuje tr\u00e1ven\u00ed a zabra\u0148uje z\u00e1cp\u011b.<br \/>\nZa svou nejv\u011bt\u0161\u00ed popularitu v\u0161ak moru\u0161e b\u00edl\u00e1 vd\u011b\u010d\u00ed l\u00e1tce, kter\u00e1 brzd\u00ed rozklad cukr\u016f.     Pr\u00e1v\u011b d\u00edky n\u00ed se tyto sladk\u00e9 plody pou\u017e\u00edvaj\u00ed v boji proti zbyte\u010dn\u00fdm kilogram\u016fm a mohou b\u00fdt d\u016fle\u017eitou slo\u017ekou stravy lid\u00ed s cukrovkou. Moru\u0161e pom\u00e1h\u00e1 sni\u017eovat hladinu krevn\u00edho cukru a cholesterolu. Sni\u017euje tak\u00e9 chu\u0165 na sladk\u00e9.  <\/p>\n<h2>Pou\u017eit\u00ed plod\u016f moru\u0161e b\u00edl\u00e9:<\/h2>\n<p>  Plody moru\u0161e v su\u0161en\u00e9 form\u011b lze pou\u017e\u00edt k p\u0159\u00edprav\u011b n\u00e1lev\u016f a odvar\u016f.<br \/>\nM\u00e1 sladkou, lehce o\u0159\u00ed\u0161kovou chu\u0165, kter\u00e1 se hod\u00ed do mnoha sladk\u00fdch i slan\u00fdch recept\u016f.<br \/>\nSu\u0161en\u00e9 plody lze konzumovat tak\u00e9 samostatn\u011b a jako p\u0159\u00eddavek do ovesn\u00fdch vlo\u010dek, m\u00fcsli, koktejl\u016f, sladk\u00e9ho pe\u010diva, sal\u00e1t\u016f nebo dezert\u016f.    &nbsp;<\/p>\n","protected":false},"excerpt":{"rendered":"<p>Plody moru\u0161e b\u00edl\u00e9<em>(Morus alba)<\/em> p\u0159ipom\u00ednaj\u00ed sv\u00fdm tvarem maliny nebo ostru\u017einy.<br \/>\nPoch\u00e1z\u00ed z Asie a dnes se p\u011bstuje tak\u00e9 v Evrop\u011b a Americe.<br \/>\nM\u00e1 sladkou, m\u00edrn\u011b nev\u00fdraznou chu\u0165.<br \/>\nSu\u0161en\u00e1 moru\u0161e b\u00edl\u00e1 si uchov\u00e1v\u00e1 \u017eiviny: vl\u00e1kninu, vitamin C, \u017eelezo, drasl\u00edk a antioxidanty.   <\/p>\n","protected":false},"featured_media":35705,"template":"","meta":{"_acf_changed":false},"product_brand":[],"product_cat":[642],"product_tag":[],"class_list":{"0":"post-11997","1":"product","2":"type-product","3":"status-publish","4":"has-post-thumbnail","6":"product_cat-rostlinne-produkty","8":"first","9":"instock","10":"shipping-taxable","11":"product-type-simple"},"acf":[],"yoast_head":"<!-- This site is optimized with the Yoast SEO plugin v27.5 - https:\/\/yoast.com\/product\/yoast-seo-wordpress\/ -->\n<title>Ovoce b\u00edl\u00e9 moru\u0161e - NATURAL POLAND - Velkoobchodn\u00ed distributor surovin<\/title>\n<meta name=\"description\" content=\"Plody moru\u0161e b\u00edl\u00e9 maj\u00ed protiz\u00e1n\u011btliv\u00e9 \u00fa\u010dinky, pom\u00e1haj\u00ed v boji proti obezit\u011b a reguluj\u00ed hladinu cholesterolu a cukru v krvi.\" \/>\n<meta name=\"robots\" content=\"index, follow, max-snippet:-1, max-image-preview:large, max-video-preview:-1\" \/>\n<link rel=\"canonical\" href=\"https:\/\/naturalpoland.com\/cs\/produkty\/rostlinne-produkty\/moruse-ovoce-bila\/\" \/>\n<meta property=\"og:locale\" content=\"cs_CZ\" \/>\n<meta property=\"og:type\" content=\"article\" \/>\n<meta property=\"og:title\" content=\"Ovoce b\u00edl\u00e9 moru\u0161e - NATURAL POLAND - Velkoobchodn\u00ed distributor surovin\" \/>\n<meta property=\"og:description\" content=\"Plody moru\u0161e b\u00edl\u00e9 maj\u00ed protiz\u00e1n\u011btliv\u00e9 \u00fa\u010dinky, pom\u00e1haj\u00ed v boji proti obezit\u011b a reguluj\u00ed hladinu cholesterolu a cukru v krvi.\" \/>\n<meta property=\"og:url\" content=\"https:\/\/naturalpoland.com\/cs\/produkty\/rostlinne-produkty\/moruse-ovoce-bila\/\" \/>\n<meta property=\"og:site_name\" content=\"NATURAL POLAND - Velkoobchodn\u00ed distributor surovin\" \/>\n<meta property=\"article:publisher\" content=\"https:\/\/www.facebook.com\/naturalpoland.b2b\" \/>\n<meta property=\"article:modified_time\" content=\"2024-09-18T12:00:41+00:00\" \/>\n<meta property=\"og:image\" content=\"https:\/\/naturalpoland.com\/wp-content\/uploads\/owoc-morwy-bialej.webp\" \/>\n\t<meta property=\"og:image:width\" content=\"700\" \/>\n\t<meta property=\"og:image:height\" content=\"700\" \/>\n\t<meta property=\"og:image:type\" content=\"image\/webp\" \/>\n<script type=\"application\/ld+json\" class=\"yoast-schema-graph\">{\"@context\":\"https:\\\/\\\/schema.org\",\"@graph\":[{\"@type\":\"WebPage\",\"@id\":\"https:\\\/\\\/naturalpoland.com\\\/cs\\\/produkty\\\/rostlinne-produkty\\\/moruse-ovoce-bila\\\/\",\"url\":\"https:\\\/\\\/naturalpoland.com\\\/cs\\\/produkty\\\/rostlinne-produkty\\\/moruse-ovoce-bila\\\/\",\"name\":\"Ovoce b\u00edl\u00e9 moru\u0161e - NATURAL POLAND - Velkoobchodn\u00ed distributor surovin\",\"isPartOf\":{\"@id\":\"https:\\\/\\\/naturalpoland.com\\\/cs\\\/#website\"},\"primaryImageOfPage\":{\"@id\":\"https:\\\/\\\/naturalpoland.com\\\/cs\\\/produkty\\\/rostlinne-produkty\\\/moruse-ovoce-bila\\\/#primaryimage\"},\"image\":{\"@id\":\"https:\\\/\\\/naturalpoland.com\\\/cs\\\/produkty\\\/rostlinne-produkty\\\/moruse-ovoce-bila\\\/#primaryimage\"},\"thumbnailUrl\":\"https:\\\/\\\/naturalpoland.com\\\/wp-content\\\/uploads\\\/owoc-morwy-bialej.webp\",\"datePublished\":\"2021-09-21T12:37:20+00:00\",\"dateModified\":\"2024-09-18T12:00:41+00:00\",\"description\":\"Plody moru\u0161e b\u00edl\u00e9 maj\u00ed protiz\u00e1n\u011btliv\u00e9 \u00fa\u010dinky, pom\u00e1haj\u00ed v boji proti obezit\u011b a reguluj\u00ed hladinu cholesterolu a cukru v krvi.\",\"breadcrumb\":{\"@id\":\"https:\\\/\\\/naturalpoland.com\\\/cs\\\/produkty\\\/rostlinne-produkty\\\/moruse-ovoce-bila\\\/#breadcrumb\"},\"inLanguage\":\"cs\",\"potentialAction\":[{\"@type\":\"ReadAction\",\"target\":[\"https:\\\/\\\/naturalpoland.com\\\/cs\\\/produkty\\\/rostlinne-produkty\\\/moruse-ovoce-bila\\\/\"]}]},{\"@type\":\"ImageObject\",\"inLanguage\":\"cs\",\"@id\":\"https:\\\/\\\/naturalpoland.com\\\/cs\\\/produkty\\\/rostlinne-produkty\\\/moruse-ovoce-bila\\\/#primaryimage\",\"url\":\"https:\\\/\\\/naturalpoland.com\\\/wp-content\\\/uploads\\\/owoc-morwy-bialej.webp\",\"contentUrl\":\"https:\\\/\\\/naturalpoland.com\\\/wp-content\\\/uploads\\\/owoc-morwy-bialej.webp\",\"width\":700,\"height\":700,\"caption\":\"owoce morwy bia\u0142ej\"},{\"@type\":\"BreadcrumbList\",\"@id\":\"https:\\\/\\\/naturalpoland.com\\\/cs\\\/produkty\\\/rostlinne-produkty\\\/moruse-ovoce-bila\\\/#breadcrumb\",\"itemListElement\":[{\"@type\":\"ListItem\",\"position\":1,\"name\":\"Dom\u016f\",\"item\":\"https:\\\/\\\/naturalpoland.com\\\/cs\\\/\"},{\"@type\":\"ListItem\",\"position\":2,\"name\":\"Produkty\",\"item\":\"https:\\\/\\\/naturalpoland.com\\\/cs\\\/produkty\\\/\"},{\"@type\":\"ListItem\",\"position\":3,\"name\":\"Ovoce b\u00edl\u00e9 moru\u0161e\"}]},{\"@type\":\"WebSite\",\"@id\":\"https:\\\/\\\/naturalpoland.com\\\/cs\\\/#website\",\"url\":\"https:\\\/\\\/naturalpoland.com\\\/cs\\\/\",\"name\":\"NATURAL POLAND - Velkoobchodn\u00ed distributor surovin\",\"description\":\"Surowce dla przemys\u0142u spo\u017cywczego, kosmetycznego i farmaceutycznego\",\"publisher\":{\"@id\":\"https:\\\/\\\/naturalpoland.com\\\/cs\\\/#organization\"},\"potentialAction\":[{\"@type\":\"SearchAction\",\"target\":{\"@type\":\"EntryPoint\",\"urlTemplate\":\"https:\\\/\\\/naturalpoland.com\\\/cs\\\/?s={search_term_string}\"},\"query-input\":{\"@type\":\"PropertyValueSpecification\",\"valueRequired\":true,\"valueName\":\"search_term_string\"}}],\"inLanguage\":\"cs\"},{\"@type\":\"Organization\",\"@id\":\"https:\\\/\\\/naturalpoland.com\\\/cs\\\/#organization\",\"name\":\"Natural Poland\",\"url\":\"https:\\\/\\\/naturalpoland.com\\\/cs\\\/\",\"logo\":{\"@type\":\"ImageObject\",\"inLanguage\":\"cs\",\"@id\":\"https:\\\/\\\/naturalpoland.com\\\/cs\\\/#\\\/schema\\\/logo\\\/image\\\/\",\"url\":\"https:\\\/\\\/naturalpoland.com\\\/wp-content\\\/uploads\\\/2021\\\/05\\\/natural-poland-icon.png\",\"contentUrl\":\"https:\\\/\\\/naturalpoland.com\\\/wp-content\\\/uploads\\\/2021\\\/05\\\/natural-poland-icon.png\",\"width\":512,\"height\":512,\"caption\":\"Natural Poland\"},\"image\":{\"@id\":\"https:\\\/\\\/naturalpoland.com\\\/cs\\\/#\\\/schema\\\/logo\\\/image\\\/\"},\"sameAs\":[\"https:\\\/\\\/www.facebook.com\\\/naturalpoland.b2b\",\"https:\\\/\\\/pl.linkedin.com\\\/company\\\/natural-poland\",\"https:\\\/\\\/www.youtube.com\\\/channel\\\/UCgeGGkvOMahZo-xu_MSEWxg\"]}]}<\/script>\n<!-- \/ Yoast SEO plugin. -->","yoast_head_json":{"title":"Ovoce b\u00edl\u00e9 moru\u0161e - NATURAL POLAND - Velkoobchodn\u00ed distributor surovin","description":"Plody moru\u0161e b\u00edl\u00e9 maj\u00ed protiz\u00e1n\u011btliv\u00e9 \u00fa\u010dinky, pom\u00e1haj\u00ed v boji proti obezit\u011b a reguluj\u00ed hladinu cholesterolu a cukru v krvi.","robots":{"index":"index","follow":"follow","max-snippet":"max-snippet:-1","max-image-preview":"max-image-preview:large","max-video-preview":"max-video-preview:-1"},"canonical":"https:\/\/naturalpoland.com\/cs\/produkty\/rostlinne-produkty\/moruse-ovoce-bila\/","og_locale":"cs_CZ","og_type":"article","og_title":"Ovoce b\u00edl\u00e9 moru\u0161e - NATURAL POLAND - Velkoobchodn\u00ed distributor surovin","og_description":"Plody moru\u0161e b\u00edl\u00e9 maj\u00ed protiz\u00e1n\u011btliv\u00e9 \u00fa\u010dinky, pom\u00e1haj\u00ed v boji proti obezit\u011b a reguluj\u00ed hladinu cholesterolu a cukru v krvi.","og_url":"https:\/\/naturalpoland.com\/cs\/produkty\/rostlinne-produkty\/moruse-ovoce-bila\/","og_site_name":"NATURAL POLAND - Velkoobchodn\u00ed distributor surovin","article_publisher":"https:\/\/www.facebook.com\/naturalpoland.b2b","article_modified_time":"2024-09-18T12:00:41+00:00","og_image":[{"width":700,"height":700,"url":"https:\/\/naturalpoland.com\/wp-content\/uploads\/owoc-morwy-bialej.webp","type":"image\/webp"}],"schema":{"@context":"https:\/\/schema.org","@graph":[{"@type":"WebPage","@id":"https:\/\/naturalpoland.com\/cs\/produkty\/rostlinne-produkty\/moruse-ovoce-bila\/","url":"https:\/\/naturalpoland.com\/cs\/produkty\/rostlinne-produkty\/moruse-ovoce-bila\/","name":"Ovoce b\u00edl\u00e9 moru\u0161e - NATURAL POLAND - Velkoobchodn\u00ed distributor surovin","isPartOf":{"@id":"https:\/\/naturalpoland.com\/cs\/#website"},"primaryImageOfPage":{"@id":"https:\/\/naturalpoland.com\/cs\/produkty\/rostlinne-produkty\/moruse-ovoce-bila\/#primaryimage"},"image":{"@id":"https:\/\/naturalpoland.com\/cs\/produkty\/rostlinne-produkty\/moruse-ovoce-bila\/#primaryimage"},"thumbnailUrl":"https:\/\/naturalpoland.com\/wp-content\/uploads\/owoc-morwy-bialej.webp","datePublished":"2021-09-21T12:37:20+00:00","dateModified":"2024-09-18T12:00:41+00:00","description":"Plody moru\u0161e b\u00edl\u00e9 maj\u00ed protiz\u00e1n\u011btliv\u00e9 \u00fa\u010dinky, pom\u00e1haj\u00ed v boji proti obezit\u011b a reguluj\u00ed hladinu cholesterolu a cukru v krvi.","breadcrumb":{"@id":"https:\/\/naturalpoland.com\/cs\/produkty\/rostlinne-produkty\/moruse-ovoce-bila\/#breadcrumb"},"inLanguage":"cs","potentialAction":[{"@type":"ReadAction","target":["https:\/\/naturalpoland.com\/cs\/produkty\/rostlinne-produkty\/moruse-ovoce-bila\/"]}]},{"@type":"ImageObject","inLanguage":"cs","@id":"https:\/\/naturalpoland.com\/cs\/produkty\/rostlinne-produkty\/moruse-ovoce-bila\/#primaryimage","url":"https:\/\/naturalpoland.com\/wp-content\/uploads\/owoc-morwy-bialej.webp","contentUrl":"https:\/\/naturalpoland.com\/wp-content\/uploads\/owoc-morwy-bialej.webp","width":700,"height":700,"caption":"owoce morwy bia\u0142ej"},{"@type":"BreadcrumbList","@id":"https:\/\/naturalpoland.com\/cs\/produkty\/rostlinne-produkty\/moruse-ovoce-bila\/#breadcrumb","itemListElement":[{"@type":"ListItem","position":1,"name":"Dom\u016f","item":"https:\/\/naturalpoland.com\/cs\/"},{"@type":"ListItem","position":2,"name":"Produkty","item":"https:\/\/naturalpoland.com\/cs\/produkty\/"},{"@type":"ListItem","position":3,"name":"Ovoce b\u00edl\u00e9 moru\u0161e"}]},{"@type":"WebSite","@id":"https:\/\/naturalpoland.com\/cs\/#website","url":"https:\/\/naturalpoland.com\/cs\/","name":"NATURAL POLAND - Velkoobchodn\u00ed distributor surovin","description":"Surowce dla przemys\u0142u spo\u017cywczego, kosmetycznego i farmaceutycznego","publisher":{"@id":"https:\/\/naturalpoland.com\/cs\/#organization"},"potentialAction":[{"@type":"SearchAction","target":{"@type":"EntryPoint","urlTemplate":"https:\/\/naturalpoland.com\/cs\/?s={search_term_string}"},"query-input":{"@type":"PropertyValueSpecification","valueRequired":true,"valueName":"search_term_string"}}],"inLanguage":"cs"},{"@type":"Organization","@id":"https:\/\/naturalpoland.com\/cs\/#organization","name":"Natural Poland","url":"https:\/\/naturalpoland.com\/cs\/","logo":{"@type":"ImageObject","inLanguage":"cs","@id":"https:\/\/naturalpoland.com\/cs\/#\/schema\/logo\/image\/","url":"https:\/\/naturalpoland.com\/wp-content\/uploads\/2021\/05\/natural-poland-icon.png","contentUrl":"https:\/\/naturalpoland.com\/wp-content\/uploads\/2021\/05\/natural-poland-icon.png","width":512,"height":512,"caption":"Natural Poland"},"image":{"@id":"https:\/\/naturalpoland.com\/cs\/#\/schema\/logo\/image\/"},"sameAs":["https:\/\/www.facebook.com\/naturalpoland.b2b","https:\/\/pl.linkedin.com\/company\/natural-poland","https:\/\/www.youtube.com\/channel\/UCgeGGkvOMahZo-xu_MSEWxg"]}]}},"_links":{"self":[{"href":"https:\/\/naturalpoland.com\/cs\/wp-json\/wp\/v2\/product\/11997","targetHints":{"allow":["GET"]}}],"collection":[{"href":"https:\/\/naturalpoland.com\/cs\/wp-json\/wp\/v2\/product"}],"about":[{"href":"https:\/\/naturalpoland.com\/cs\/wp-json\/wp\/v2\/types\/product"}],"wp:featuredmedia":[{"embeddable":true,"href":"https:\/\/naturalpoland.com\/cs\/wp-json\/wp\/v2\/media\/35705"}],"wp:attachment":[{"href":"https:\/\/naturalpoland.com\/cs\/wp-json\/wp\/v2\/media?parent=11997"}],"wp:term":[{"taxonomy":"product_brand","embeddable":true,"href":"https:\/\/naturalpoland.com\/cs\/wp-json\/wp\/v2\/product_brand?post=11997"},{"taxonomy":"product_cat","embeddable":true,"href":"https:\/\/naturalpoland.com\/cs\/wp-json\/wp\/v2\/product_cat?post=11997"},{"taxonomy":"product_tag","embeddable":true,"href":"https:\/\/naturalpoland.com\/cs\/wp-json\/wp\/v2\/product_tag?post=11997"}],"curies":[{"name":"wp","href":"https:\/\/api.w.org\/{rel}","templated":true}]}}