{"id":12033,"date":"2021-05-11T13:52:58","date_gmt":"2021-09-21T12:37:50","guid":{"rendered":"https:\/\/naturalpoland.pl\/produkty\/nezarazene\/peeling-bezovych-semen\/"},"modified":"2021-09-21T14:37:50","modified_gmt":"2021-09-21T12:37:50","slug":"peeling-bezovych-semen","status":"publish","type":"product","link":"https:\/\/naturalpoland.com\/cs\/produkty\/produkty-pro-kosmeticky-prumysl\/peelingy\/peeling-bezovych-semen\/","title":{"rendered":"Peeling bezov\u00fdch semen"},"content":{"rendered":"<p>Peeling semen bezu se z\u00edsk\u00e1v\u00e1 pot\u00e9, co se semena Sambucus nigra d\u016fkladn\u011b rozemelou. Je skv\u011bl\u00fdm zdrojem ovocn\u00fdch kyselin, pektinu a vl\u00e1kniny. Obsahuje tak\u00e9 antokyany, kter\u00e9 maj\u00ed antioxida\u010dn\u00ed vlastnosti. Tento peeling lze pou\u017e\u00edt jako p\u0159\u00eddavek do m\u00fddel, gel\u016f nebo na olejovou b\u00e1zi.<\/p>\n<p>Mechanick\u00e9 od\u011bru:<br \/>\nPeeling ze semen bezu se pou\u017e\u00edv\u00e1 k mechanick\u00e9mu obru\u0161ov\u00e1n\u00ed odum\u0159el\u00fdch ko\u017en\u00edch bun\u011bk. To odhaluje mladou, jemnou a m\u011bk\u010d\u00ed poko\u017eku. Mas\u00e1\u017e s pou\u017eit\u00edm peelingu okysli\u010duje poko\u017eku a zlep\u0161uje mikrocirkulaci. Pravideln\u00e9 pou\u017e\u00edv\u00e1n\u00ed peelingu m\u00e1 za n\u00e1sledek odstran\u011bn\u00ed rohov\u00e9 vrstvy a viditeln\u011b zpevn\u011bn\u00ed poko\u017eky. D\u00edky jeho pou\u017eit\u00ed je mo\u017en\u00e9 sn\u00ed\u017eit viditelnost drobn\u00fdch jizev.<\/p>\n","protected":false},"excerpt":{"rendered":"<p><strong>Peeling bezov\u00fdch semen<\/strong> ve form\u011b mlet\u00fdch bezov\u00fdch semen s obsahem pektinu, vl\u00e1kniny a ovocn\u00fdch kyselin. Mechanicky odstra\u0148uj\u00ed mrtvou poko\u017eku a stimuluj\u00ed obnovu poko\u017eky. Pou\u017eit\u00ed k\u0159ovin z bezov\u00fdch sem\u00ednek zlep\u0161uje krevn\u00ed ob\u011bh, urychluje regeneraci a zanech\u00e1v\u00e1 poko\u017eku jemn\u011bj\u0161\u00ed a pru\u017en\u011bj\u0161\u00ed.<\/p>\n","protected":false},"featured_media":10406,"template":"","meta":[],"product_brand":[],"product_cat":[637],"product_tag":[],"class_list":{"0":"post-12033","1":"product","2":"type-product","3":"status-publish","4":"has-post-thumbnail","6":"product_cat-peelingy","8":"first","9":"instock","10":"shipping-taxable","11":"product-type-simple"},"yoast_head":"<!-- This site is optimized with the Yoast SEO plugin v27.4 - https:\/\/yoast.com\/product\/yoast-seo-wordpress\/ -->\n<title>Peeling bezov\u00fdch semen - Velkoobchodn\u00ed distributor<\/title>\n<meta name=\"robots\" content=\"index, follow, max-snippet:-1, max-image-preview:large, max-video-preview:-1\" \/>\n<link rel=\"canonical\" href=\"https:\/\/naturalpoland.com\/cs\/produkty\/produkty-pro-kosmeticky-prumysl\/peelingy\/peeling-bezovych-semen\/\" \/>\n<meta property=\"og:locale\" content=\"cs_CZ\" \/>\n<meta property=\"og:type\" content=\"article\" \/>\n<meta property=\"og:title\" content=\"Peeling bezov\u00fdch semen - Velkoobchodn\u00ed distributor\" \/>\n<meta property=\"og:description\" content=\"Peeling bezov\u00fdch semen ve form\u011b mlet\u00fdch bezov\u00fdch semen s obsahem pektinu, vl\u00e1kniny a ovocn\u00fdch kyselin. Mechanicky odstra\u0148uj\u00ed mrtvou poko\u017eku a stimuluj\u00ed obnovu poko\u017eky. Pou\u017eit\u00ed k\u0159ovin z bezov\u00fdch sem\u00ednek zlep\u0161uje krevn\u00ed ob\u011bh, urychluje regeneraci a zanech\u00e1v\u00e1 poko\u017eku jemn\u011bj\u0161\u00ed a pru\u017en\u011bj\u0161\u00ed.\" \/>\n<meta property=\"og:url\" content=\"https:\/\/naturalpoland.com\/cs\/produkty\/produkty-pro-kosmeticky-prumysl\/peelingy\/peeling-bezovych-semen\/\" \/>\n<meta property=\"og:site_name\" content=\"NATURAL POLAND - Velkoobchodn\u00ed distributor surovin\" \/>\n<meta property=\"article:publisher\" content=\"https:\/\/www.facebook.com\/naturalpoland.b2b\" \/>\n<meta property=\"og:image\" content=\"https:\/\/naturalpoland.com\/wp-content\/uploads\/peeling-z-nasion-czarnego-bzu.jpg\" \/>\n\t<meta property=\"og:image:width\" content=\"650\" \/>\n\t<meta property=\"og:image:height\" content=\"650\" \/>\n\t<meta property=\"og:image:type\" content=\"image\/jpeg\" \/>\n<script type=\"application\/ld+json\" class=\"yoast-schema-graph\">{\"@context\":\"https:\\\/\\\/schema.org\",\"@graph\":[{\"@type\":\"WebPage\",\"@id\":\"https:\\\/\\\/naturalpoland.com\\\/cs\\\/produkty\\\/produkty-pro-kosmeticky-prumysl\\\/peelingy\\\/peeling-bezovych-semen\\\/\",\"url\":\"https:\\\/\\\/naturalpoland.com\\\/cs\\\/produkty\\\/produkty-pro-kosmeticky-prumysl\\\/peelingy\\\/peeling-bezovych-semen\\\/\",\"name\":\"Peeling bezov\u00fdch semen - Velkoobchodn\u00ed distributor\",\"isPartOf\":{\"@id\":\"https:\\\/\\\/naturalpoland.com\\\/cs\\\/#website\"},\"primaryImageOfPage\":{\"@id\":\"https:\\\/\\\/naturalpoland.com\\\/cs\\\/produkty\\\/produkty-pro-kosmeticky-prumysl\\\/peelingy\\\/peeling-bezovych-semen\\\/#primaryimage\"},\"image\":{\"@id\":\"https:\\\/\\\/naturalpoland.com\\\/cs\\\/produkty\\\/produkty-pro-kosmeticky-prumysl\\\/peelingy\\\/peeling-bezovych-semen\\\/#primaryimage\"},\"thumbnailUrl\":\"https:\\\/\\\/naturalpoland.com\\\/wp-content\\\/uploads\\\/peeling-z-nasion-czarnego-bzu.jpg\",\"datePublished\":\"2021-09-21T12:37:50+00:00\",\"breadcrumb\":{\"@id\":\"https:\\\/\\\/naturalpoland.com\\\/cs\\\/produkty\\\/produkty-pro-kosmeticky-prumysl\\\/peelingy\\\/peeling-bezovych-semen\\\/#breadcrumb\"},\"inLanguage\":\"cs\",\"potentialAction\":[{\"@type\":\"ReadAction\",\"target\":[\"https:\\\/\\\/naturalpoland.com\\\/cs\\\/produkty\\\/produkty-pro-kosmeticky-prumysl\\\/peelingy\\\/peeling-bezovych-semen\\\/\"]}]},{\"@type\":\"ImageObject\",\"inLanguage\":\"cs\",\"@id\":\"https:\\\/\\\/naturalpoland.com\\\/cs\\\/produkty\\\/produkty-pro-kosmeticky-prumysl\\\/peelingy\\\/peeling-bezovych-semen\\\/#primaryimage\",\"url\":\"https:\\\/\\\/naturalpoland.com\\\/wp-content\\\/uploads\\\/peeling-z-nasion-czarnego-bzu.jpg\",\"contentUrl\":\"https:\\\/\\\/naturalpoland.com\\\/wp-content\\\/uploads\\\/peeling-z-nasion-czarnego-bzu.jpg\",\"width\":650,\"height\":650,\"caption\":\"loup\u00e1n\u00ed semen bezu\"},{\"@type\":\"BreadcrumbList\",\"@id\":\"https:\\\/\\\/naturalpoland.com\\\/cs\\\/produkty\\\/produkty-pro-kosmeticky-prumysl\\\/peelingy\\\/peeling-bezovych-semen\\\/#breadcrumb\",\"itemListElement\":[{\"@type\":\"ListItem\",\"position\":1,\"name\":\"Dom\u016f\",\"item\":\"https:\\\/\\\/naturalpoland.com\\\/cs\\\/\"},{\"@type\":\"ListItem\",\"position\":2,\"name\":\"Produkty\",\"item\":\"https:\\\/\\\/naturalpoland.com\\\/cs\\\/produkty\\\/\"},{\"@type\":\"ListItem\",\"position\":3,\"name\":\"Peeling bezov\u00fdch semen\"}]},{\"@type\":\"WebSite\",\"@id\":\"https:\\\/\\\/naturalpoland.com\\\/cs\\\/#website\",\"url\":\"https:\\\/\\\/naturalpoland.com\\\/cs\\\/\",\"name\":\"NATURAL POLAND - Velkoobchodn\u00ed distributor surovin\",\"description\":\"Surowce dla przemys\u0142u spo\u017cywczego, kosmetycznego i farmaceutycznego\",\"publisher\":{\"@id\":\"https:\\\/\\\/naturalpoland.com\\\/cs\\\/#organization\"},\"potentialAction\":[{\"@type\":\"SearchAction\",\"target\":{\"@type\":\"EntryPoint\",\"urlTemplate\":\"https:\\\/\\\/naturalpoland.com\\\/cs\\\/?s={search_term_string}\"},\"query-input\":{\"@type\":\"PropertyValueSpecification\",\"valueRequired\":true,\"valueName\":\"search_term_string\"}}],\"inLanguage\":\"cs\"},{\"@type\":\"Organization\",\"@id\":\"https:\\\/\\\/naturalpoland.com\\\/cs\\\/#organization\",\"name\":\"Natural Poland\",\"url\":\"https:\\\/\\\/naturalpoland.com\\\/cs\\\/\",\"logo\":{\"@type\":\"ImageObject\",\"inLanguage\":\"cs\",\"@id\":\"https:\\\/\\\/naturalpoland.com\\\/cs\\\/#\\\/schema\\\/logo\\\/image\\\/\",\"url\":\"https:\\\/\\\/naturalpoland.com\\\/wp-content\\\/uploads\\\/2021\\\/05\\\/natural-poland-icon.png\",\"contentUrl\":\"https:\\\/\\\/naturalpoland.com\\\/wp-content\\\/uploads\\\/2021\\\/05\\\/natural-poland-icon.png\",\"width\":512,\"height\":512,\"caption\":\"Natural Poland\"},\"image\":{\"@id\":\"https:\\\/\\\/naturalpoland.com\\\/cs\\\/#\\\/schema\\\/logo\\\/image\\\/\"},\"sameAs\":[\"https:\\\/\\\/www.facebook.com\\\/naturalpoland.b2b\",\"https:\\\/\\\/pl.linkedin.com\\\/company\\\/natural-poland\",\"https:\\\/\\\/www.youtube.com\\\/channel\\\/UCgeGGkvOMahZo-xu_MSEWxg\"]}]}<\/script>\n<!-- \/ Yoast SEO plugin. -->","yoast_head_json":{"title":"Peeling bezov\u00fdch semen - Velkoobchodn\u00ed distributor","robots":{"index":"index","follow":"follow","max-snippet":"max-snippet:-1","max-image-preview":"max-image-preview:large","max-video-preview":"max-video-preview:-1"},"canonical":"https:\/\/naturalpoland.com\/cs\/produkty\/produkty-pro-kosmeticky-prumysl\/peelingy\/peeling-bezovych-semen\/","og_locale":"cs_CZ","og_type":"article","og_title":"Peeling bezov\u00fdch semen - Velkoobchodn\u00ed distributor","og_description":"Peeling bezov\u00fdch semen ve form\u011b mlet\u00fdch bezov\u00fdch semen s obsahem pektinu, vl\u00e1kniny a ovocn\u00fdch kyselin. Mechanicky odstra\u0148uj\u00ed mrtvou poko\u017eku a stimuluj\u00ed obnovu poko\u017eky. Pou\u017eit\u00ed k\u0159ovin z bezov\u00fdch sem\u00ednek zlep\u0161uje krevn\u00ed ob\u011bh, urychluje regeneraci a zanech\u00e1v\u00e1 poko\u017eku jemn\u011bj\u0161\u00ed a pru\u017en\u011bj\u0161\u00ed.","og_url":"https:\/\/naturalpoland.com\/cs\/produkty\/produkty-pro-kosmeticky-prumysl\/peelingy\/peeling-bezovych-semen\/","og_site_name":"NATURAL POLAND - Velkoobchodn\u00ed distributor surovin","article_publisher":"https:\/\/www.facebook.com\/naturalpoland.b2b","og_image":[{"width":650,"height":650,"url":"https:\/\/naturalpoland.com\/wp-content\/uploads\/peeling-z-nasion-czarnego-bzu.jpg","type":"image\/jpeg"}],"schema":{"@context":"https:\/\/schema.org","@graph":[{"@type":"WebPage","@id":"https:\/\/naturalpoland.com\/cs\/produkty\/produkty-pro-kosmeticky-prumysl\/peelingy\/peeling-bezovych-semen\/","url":"https:\/\/naturalpoland.com\/cs\/produkty\/produkty-pro-kosmeticky-prumysl\/peelingy\/peeling-bezovych-semen\/","name":"Peeling bezov\u00fdch semen - Velkoobchodn\u00ed distributor","isPartOf":{"@id":"https:\/\/naturalpoland.com\/cs\/#website"},"primaryImageOfPage":{"@id":"https:\/\/naturalpoland.com\/cs\/produkty\/produkty-pro-kosmeticky-prumysl\/peelingy\/peeling-bezovych-semen\/#primaryimage"},"image":{"@id":"https:\/\/naturalpoland.com\/cs\/produkty\/produkty-pro-kosmeticky-prumysl\/peelingy\/peeling-bezovych-semen\/#primaryimage"},"thumbnailUrl":"https:\/\/naturalpoland.com\/wp-content\/uploads\/peeling-z-nasion-czarnego-bzu.jpg","datePublished":"2021-09-21T12:37:50+00:00","breadcrumb":{"@id":"https:\/\/naturalpoland.com\/cs\/produkty\/produkty-pro-kosmeticky-prumysl\/peelingy\/peeling-bezovych-semen\/#breadcrumb"},"inLanguage":"cs","potentialAction":[{"@type":"ReadAction","target":["https:\/\/naturalpoland.com\/cs\/produkty\/produkty-pro-kosmeticky-prumysl\/peelingy\/peeling-bezovych-semen\/"]}]},{"@type":"ImageObject","inLanguage":"cs","@id":"https:\/\/naturalpoland.com\/cs\/produkty\/produkty-pro-kosmeticky-prumysl\/peelingy\/peeling-bezovych-semen\/#primaryimage","url":"https:\/\/naturalpoland.com\/wp-content\/uploads\/peeling-z-nasion-czarnego-bzu.jpg","contentUrl":"https:\/\/naturalpoland.com\/wp-content\/uploads\/peeling-z-nasion-czarnego-bzu.jpg","width":650,"height":650,"caption":"loup\u00e1n\u00ed semen bezu"},{"@type":"BreadcrumbList","@id":"https:\/\/naturalpoland.com\/cs\/produkty\/produkty-pro-kosmeticky-prumysl\/peelingy\/peeling-bezovych-semen\/#breadcrumb","itemListElement":[{"@type":"ListItem","position":1,"name":"Dom\u016f","item":"https:\/\/naturalpoland.com\/cs\/"},{"@type":"ListItem","position":2,"name":"Produkty","item":"https:\/\/naturalpoland.com\/cs\/produkty\/"},{"@type":"ListItem","position":3,"name":"Peeling bezov\u00fdch semen"}]},{"@type":"WebSite","@id":"https:\/\/naturalpoland.com\/cs\/#website","url":"https:\/\/naturalpoland.com\/cs\/","name":"NATURAL POLAND - Velkoobchodn\u00ed distributor surovin","description":"Surowce dla przemys\u0142u spo\u017cywczego, kosmetycznego i farmaceutycznego","publisher":{"@id":"https:\/\/naturalpoland.com\/cs\/#organization"},"potentialAction":[{"@type":"SearchAction","target":{"@type":"EntryPoint","urlTemplate":"https:\/\/naturalpoland.com\/cs\/?s={search_term_string}"},"query-input":{"@type":"PropertyValueSpecification","valueRequired":true,"valueName":"search_term_string"}}],"inLanguage":"cs"},{"@type":"Organization","@id":"https:\/\/naturalpoland.com\/cs\/#organization","name":"Natural Poland","url":"https:\/\/naturalpoland.com\/cs\/","logo":{"@type":"ImageObject","inLanguage":"cs","@id":"https:\/\/naturalpoland.com\/cs\/#\/schema\/logo\/image\/","url":"https:\/\/naturalpoland.com\/wp-content\/uploads\/2021\/05\/natural-poland-icon.png","contentUrl":"https:\/\/naturalpoland.com\/wp-content\/uploads\/2021\/05\/natural-poland-icon.png","width":512,"height":512,"caption":"Natural Poland"},"image":{"@id":"https:\/\/naturalpoland.com\/cs\/#\/schema\/logo\/image\/"},"sameAs":["https:\/\/www.facebook.com\/naturalpoland.b2b","https:\/\/pl.linkedin.com\/company\/natural-poland","https:\/\/www.youtube.com\/channel\/UCgeGGkvOMahZo-xu_MSEWxg"]}]}},"_links":{"self":[{"href":"https:\/\/naturalpoland.com\/cs\/wp-json\/wp\/v2\/product\/12033","targetHints":{"allow":["GET"]}}],"collection":[{"href":"https:\/\/naturalpoland.com\/cs\/wp-json\/wp\/v2\/product"}],"about":[{"href":"https:\/\/naturalpoland.com\/cs\/wp-json\/wp\/v2\/types\/product"}],"wp:featuredmedia":[{"embeddable":true,"href":"https:\/\/naturalpoland.com\/cs\/wp-json\/wp\/v2\/media\/10406"}],"wp:attachment":[{"href":"https:\/\/naturalpoland.com\/cs\/wp-json\/wp\/v2\/media?parent=12033"}],"wp:term":[{"taxonomy":"product_brand","embeddable":true,"href":"https:\/\/naturalpoland.com\/cs\/wp-json\/wp\/v2\/product_brand?post=12033"},{"taxonomy":"product_cat","embeddable":true,"href":"https:\/\/naturalpoland.com\/cs\/wp-json\/wp\/v2\/product_cat?post=12033"},{"taxonomy":"product_tag","embeddable":true,"href":"https:\/\/naturalpoland.com\/cs\/wp-json\/wp\/v2\/product_tag?post=12033"}],"curies":[{"name":"wp","href":"https:\/\/api.w.org\/{rel}","templated":true}]}}