{"id":12150,"date":"2021-05-11T13:37:43","date_gmt":"2021-09-21T12:55:47","guid":{"rendered":"https:\/\/naturalpoland.pl\/produkty\/nezarazene\/ocistit\/"},"modified":"2025-06-24T11:01:12","modified_gmt":"2025-06-24T09:01:12","slug":"cistky","status":"publish","type":"product","link":"https:\/\/naturalpoland.com\/cs\/produkty\/rostlinne-produkty\/cistky\/","title":{"rendered":"Cist (Cistus)"},"content":{"rendered":"<h2 class=\"wp-block-heading\">Co je to cist?<\/h2>\n<p>N\u00e1zev cist ozna\u010duje rostliny rodu Cistus z \u010deledi cistovit\u00fdch (<em>Cistaceae<\/em>). Tento rod zahrnuje asi 20 druh\u016f rostlin bohat\u00fdch na biologicky aktivn\u00ed l\u00e1tky a vykazuj\u00edc\u00edch l\u00e9\u010div\u00e9 \u00fa\u010dinky. V Evrop\u011b je nejzn\u00e1m\u011bj\u0161\u00ed druh <strong>cist \u0161ed\u00fd<\/strong> (<em>Cistus incanus<\/em>), kter\u00fd se t\u011b\u0161\u00ed velk\u00e9 oblib\u011b i v \u010cesk\u00e9 republice. <\/p>\n<p>Cist je zn\u00e1m\u00fd p\u0159edev\u0161\u00edm vysok\u00fdm obsahem <strong>antioxidant\u016f<\/strong>, d\u00edky nim\u017e m\u00e1 v\u00fdrazn\u00e9 prosp\u011b\u0161n\u00e9 \u00fa\u010dinky vyu\u017e\u00edvan\u00e9 jak ve farmacii, tak v kosmetice. Chemick\u00e9 slo\u017een\u00ed cistu je bohat\u00e9 na polyfenolov\u00e9 slou\u010deniny (flavonoidy, t\u0159\u00edsloviny, proantokyanidiny, fenolov\u00e9 kyseliny) a na terpenov\u00e9 l\u00e1tky p\u0159\u00edtomn\u00e9 v \u00e9terick\u00e9m oleji. <\/p>\n<p>&nbsp;<\/p>\n<h2 class=\"wp-block-heading\">L\u00e9\u010div\u00e9 vlastnosti cistu<\/h2>\n<p>N\u00e1levy a p\u0159\u00edpravky z cistu jsou obl\u00edben\u00e9 zejm\u00e9na d\u00edky sv\u00fdm protiz\u00e1n\u011btliv\u00fdm, antibakteri\u00e1ln\u00edm, antivirov\u00fdm, protipl\u00eds\u0148ov\u00fdm a imunostimula\u010dn\u00edm \u00fa\u010dink\u016fm. Doporu\u010duj\u00ed se tak\u00e9 jako dopln\u011bk p\u0159i prevenci chronick\u00fdch onemocn\u011bn\u00ed, jako je cukrovka, vysok\u00fd krevn\u00ed tlak nebo Alzheimerova choroba. <\/p>\n<p>&nbsp;<\/p>\n<h3 class=\"wp-block-heading\">Antioxida\u010dn\u00ed a protiz\u00e1n\u011btliv\u00e9 \u00fa\u010dinky<\/h3>\n<p>D\u00edky vysok\u00e9mu obsahu polyfenol\u016f m\u00e1 cist siln\u00e9 antioxida\u010dn\u00ed \u00fa\u010dinky. Tyto slou\u010deniny dok\u00e1\u017eou neutralizovat voln\u00e9 radik\u00e1ly, br\u00e1nit jejich vzniku a chr\u00e1nit bu\u0148ky p\u0159ed oxida\u010dn\u00edm stresem. Tyto vlastnosti se cen\u00ed p\u0159i prevenci kardiovaskul\u00e1rn\u00edch, neurodegenerativn\u00edch onemocn\u011bn\u00ed a rakoviny. U osob, kter\u00e9 pravideln\u011b pij\u00ed n\u00e1lev z cistu, bylo zaznamen\u00e1no zlep\u0161en\u00ed lipidov\u00e9ho profilu \u2013 zv\u00fd\u0161en\u00ed hladiny \u201edobr\u00e9ho\u201c HDL cholesterolu a sn\u00ed\u017een\u00ed hladiny triglycerid\u016f. \u00c9terick\u00fd olej z cistu prok\u00e1zal v laboratorn\u00edch studi\u00edch neuroprotektivn\u00ed \u00fa\u010dinky t\u00edm, \u017ee inhibuje enzymy spojen\u00e9 s rozvojem Alzheimerovy choroby.    <\/p>\n<p>Antioxida\u010dn\u00ed aktivita se prom\u00edt\u00e1 i do protiz\u00e1n\u011btliv\u00e9ho p\u016fsoben\u00ed a podpory imunitn\u00edho syst\u00e9mu. V\u00fdzkumy ukazuj\u00ed, \u017ee flavonoidy obsa\u017een\u00e9 v cistu mohou, podobn\u011b jako nesteroidn\u00ed protiz\u00e1n\u011btliv\u00e9 l\u00e9ky, inhibovat aktivitu cyklooxygen\u00e1zy (COX). T\u00edm sni\u017euj\u00ed produkci proz\u00e1n\u011btliv\u00fdch cytokin\u016f a urychluj\u00ed hojen\u00ed z\u00e1n\u011btliv\u00fdch lo\u017eisek.  <\/p>\n<p>&nbsp;<\/p>\n<p><img decoding=\"async\" class=\"aligncenter size-full wp-image-17102\" src=\"https:\/\/naturalpoland.com\/wp-content\/uploads\/czystek-wlasciwosci-lecznicze.jpg\" alt=\"cist - l\u00e9\u010div\u00e9 vlastnosti\" width=\"1000\" height=\"522\" srcset=\"https:\/\/naturalpoland.com\/wp-content\/uploads\/czystek-wlasciwosci-lecznicze.jpg 1000w, https:\/\/naturalpoland.com\/wp-content\/uploads\/czystek-wlasciwosci-lecznicze-510x266.jpg 510w, https:\/\/naturalpoland.com\/wp-content\/uploads\/czystek-wlasciwosci-lecznicze-300x157.jpg 300w, https:\/\/naturalpoland.com\/wp-content\/uploads\/czystek-wlasciwosci-lecznicze-768x401.jpg 768w\" sizes=\"(max-width: 1000px) 100vw, 1000px\" \/><\/p>\n<p>&nbsp;<\/p>\n<h3 class=\"wp-block-heading\">Antimikrobi\u00e1ln\u00ed \u00fa\u010dinky<\/h3>\n<p>Studie ukazuj\u00ed, \u017ee p\u0159\u00edpravky z cistu maj\u00ed tak\u00e9 slibn\u00e9 antivirov\u00e9 \u00fa\u010dinky. U pacient\u016f s p\u0159\u00edznaky infekc\u00ed horn\u00edch cest d\u00fdchac\u00edch pom\u00e1haly zkr\u00e1tit dobu trv\u00e1n\u00ed onemocn\u011bn\u00ed a zm\u00edrnit jeho p\u0159\u00edznaky. V laboratorn\u00edch a zv\u00ed\u0159ec\u00edch modelech vodn\u00ed extrakty z cistu \u00fa\u010dinn\u011b inhibovaly aktivitu r\u016fzn\u00fdch podtyp\u016f pta\u010d\u00ed a lidsk\u00e9 ch\u0159ipky, a to bez vedlej\u0161\u00edch \u00fa\u010dink\u016f a bez vzniku rezistence viru. Krom\u011b antivirov\u00e9 aktivity byl prok\u00e1z\u00e1n i antibakteri\u00e1ln\u00ed \u00fa\u010dinek \u00e9terick\u00e9ho oleje z list\u016f cistu a protiparazit\u00e1rn\u00ed \u00fa\u010dinek n\u011bkter\u00fdch izolovan\u00fdch biologicky aktivn\u00edch slo\u017eek proti druhu Leishmania donovani.   <\/p>\n<p>&nbsp;<\/p>\n<h2 class=\"wp-block-heading\">Vyu\u017eit\u00ed cistu v kosmetice<\/h2>\n<p>D\u00edky siln\u00fdm antioxida\u010dn\u00edm vlastnostem nach\u00e1z\u00ed cist \u0161irok\u00e9 uplatn\u011bn\u00ed i <a href=\"https:\/\/naturalpoland.pl\/kategoria\/produkty-dla-przemyslu-kosmetycznego\/\"><strong>v kosmetick\u00e9m pr\u016fmyslu<\/strong><\/a>. Polyfenoly pom\u00e1haj\u00ed neutralizovat voln\u00e9 radik\u00e1ly a sni\u017euj\u00ed aktivitu kolagen\u00e1zy, co\u017e se prom\u00edt\u00e1 do anti-aging \u00fa\u010dinku suroviny. Antimikrobi\u00e1ln\u00ed a protiz\u00e1n\u011btliv\u00e9 vlastnosti p\u0159isp\u00edvaj\u00ed k boji s akn\u00e9, zat\u00edmco pos\u00edlen\u00ed c\u00e9vn\u00ed st\u011bny je oce\u0148ov\u00e1no lidmi s citlivou, kuper\u00f3zn\u00ed plet\u00ed. L\u00e1tky obsa\u017een\u00e9 v \u00e9terick\u00e9m oleji podporuj\u00ed regeneraci bun\u011bk a urychluj\u00ed hojen\u00ed drobn\u00fdch ran.   <\/p>\n<hr>\n<p><small><strong>Bibliografie<\/strong>:<\/small><br \/>\n<small>Kubica P, Ekiert H, Ekiert RJ, Szopa A. (2016). Gatunki rodzaju Cistus sp. \u2013 taksonomia, wyst\u0119powanie, sk\u0142ad chemiczny, aplikacje terapeutyczne i badania biotechnologiczne. Post\u0119py Fitoterapii, 17(3): 179-188. http:\/\/www.postepyfitoterapii.pl\/wp-content\/uploads\/2016\/12\/pf_2016_179-188.pdf<br \/>\nStarzec A, W\u0142odarczyk M, Urbanowicz I, Fecka I. (2020). Charakterystyka, potencja\u0142 leczniczy i prozdrowotny Cistus \u00d7 incanus L. Farmacja Polska, 76(11): 647-664. https:\/\/www.ptfarm.pl\/download\/?file=File%2FFarmacja+Polska%2F2020%2F11%2F06_SZ_Czystek_n.pdf<br \/>\nhttps:\/\/biotechnologia.pl\/kosmetologia\/o-czystku-raz-jeszcze-dobroczynny-wplyw-ziela-na-skore-i-nie-tylko,16115<br \/>\nhttps:\/\/dietetycy.org.pl\/czystek\/      <\/small><\/p>\n<hr>\n<h5 class=\"author-name uppercase pt-half\">dr n. farm. Katarzyna Kimel  <\/h5>\n<p class=\"author-desc small\">Doktorka farmaceutick\u00fdch v\u011bd, kter\u00e1 se specializuje na v\u00fdzkum rostlinn\u00fdch l\u00e9\u010div a p\u0159\u00edrodn\u00edch biologicky aktivn\u00edch l\u00e1tek. Milovnice cestov\u00e1n\u00ed a tr\u00e1ven\u00ed voln\u00e9ho \u010dasu v p\u0159\u00edrod\u011b. <\/p>\n","protected":false},"excerpt":{"rendered":"<p>Cist je rostlina, kter\u00e1 se tradi\u010dn\u011b vyu\u017e\u00edv\u00e1 v p\u0159\u00edrodn\u00ed medic\u00edn\u011b. Jeho hlavn\u00edm p\u0159\u00ednosem je pos\u00edlen\u00ed imunitn\u00edho syst\u00e9mu. Pou\u017e\u00edv\u00e1 se p\u0159i nachlazen\u00ed, ch\u0159ipce a alergi\u00edch. \u010casto se doporu\u010duje lidem, kte\u0159\u00ed t\u011bmito onemocn\u011bn\u00edmi \u010dasto trp\u00ed, proto\u017ee cist pom\u00e1h\u00e1 zvy\u0161ovat jejich odolnost.   <\/p>\n","protected":false},"featured_media":7943,"template":"","meta":{"_acf_changed":false},"product_brand":[],"product_cat":[642],"product_tag":[],"class_list":{"0":"post-12150","1":"product","2":"type-product","3":"status-publish","4":"has-post-thumbnail","6":"product_cat-rostlinne-produkty","8":"first","9":"instock","10":"shipping-taxable","11":"product-type-simple"},"acf":[],"yoast_head":"<!-- This site is optimized with the Yoast SEO plugin v27.5 - https:\/\/yoast.com\/product\/yoast-seo-wordpress\/ -->\n<title>Cist (Cistus) - NATURAL POLAND - Velkoobchodn\u00ed distributor surovin<\/title>\n<meta name=\"description\" content=\"Pyr\u00e9 se pou\u017e\u00edv\u00e1 jako n\u00e1poj a k vn\u011bj\u0161\u00edmu om\u00fdv\u00e1n\u00ed poko\u017eky. Jak n\u00e1zev napov\u00edd\u00e1, \u00fakolem byliny je \u00fa\u010dinn\u011b ji o\u010distit.\" \/>\n<meta name=\"robots\" content=\"index, follow, max-snippet:-1, max-image-preview:large, max-video-preview:-1\" \/>\n<link rel=\"canonical\" href=\"https:\/\/naturalpoland.com\/cs\/produkty\/rostlinne-produkty\/cistky\/\" \/>\n<meta property=\"og:locale\" content=\"cs_CZ\" \/>\n<meta property=\"og:type\" content=\"article\" \/>\n<meta property=\"og:title\" content=\"Cist (Cistus) - NATURAL POLAND - Velkoobchodn\u00ed distributor surovin\" \/>\n<meta property=\"og:description\" content=\"Pyr\u00e9 se pou\u017e\u00edv\u00e1 jako n\u00e1poj a k vn\u011bj\u0161\u00edmu om\u00fdv\u00e1n\u00ed poko\u017eky. Jak n\u00e1zev napov\u00edd\u00e1, \u00fakolem byliny je \u00fa\u010dinn\u011b ji o\u010distit.\" \/>\n<meta property=\"og:url\" content=\"https:\/\/naturalpoland.com\/cs\/produkty\/rostlinne-produkty\/cistky\/\" \/>\n<meta property=\"og:site_name\" content=\"NATURAL POLAND - Velkoobchodn\u00ed distributor surovin\" \/>\n<meta property=\"article:publisher\" content=\"https:\/\/www.facebook.com\/naturalpoland.b2b\" \/>\n<meta property=\"article:modified_time\" content=\"2025-06-24T09:01:12+00:00\" \/>\n<meta property=\"og:image\" content=\"https:\/\/naturalpoland.com\/wp-content\/uploads\/2021\/05\/cistus.jpg\" \/>\n\t<meta property=\"og:image:width\" content=\"640\" \/>\n\t<meta property=\"og:image:height\" content=\"426\" \/>\n\t<meta property=\"og:image:type\" content=\"image\/jpeg\" \/>\n<script type=\"application\/ld+json\" class=\"yoast-schema-graph\">{\"@context\":\"https:\\\/\\\/schema.org\",\"@graph\":[{\"@type\":\"WebPage\",\"@id\":\"https:\\\/\\\/naturalpoland.com\\\/cs\\\/produkty\\\/rostlinne-produkty\\\/cistky\\\/\",\"url\":\"https:\\\/\\\/naturalpoland.com\\\/cs\\\/produkty\\\/rostlinne-produkty\\\/cistky\\\/\",\"name\":\"Cist (Cistus) - NATURAL POLAND - Velkoobchodn\u00ed distributor surovin\",\"isPartOf\":{\"@id\":\"https:\\\/\\\/naturalpoland.com\\\/cs\\\/#website\"},\"primaryImageOfPage\":{\"@id\":\"https:\\\/\\\/naturalpoland.com\\\/cs\\\/produkty\\\/rostlinne-produkty\\\/cistky\\\/#primaryimage\"},\"image\":{\"@id\":\"https:\\\/\\\/naturalpoland.com\\\/cs\\\/produkty\\\/rostlinne-produkty\\\/cistky\\\/#primaryimage\"},\"thumbnailUrl\":\"https:\\\/\\\/naturalpoland.com\\\/wp-content\\\/uploads\\\/2021\\\/05\\\/cistus.jpg\",\"datePublished\":\"2021-09-21T12:55:47+00:00\",\"dateModified\":\"2025-06-24T09:01:12+00:00\",\"description\":\"Pyr\u00e9 se pou\u017e\u00edv\u00e1 jako n\u00e1poj a k vn\u011bj\u0161\u00edmu om\u00fdv\u00e1n\u00ed poko\u017eky. Jak n\u00e1zev napov\u00edd\u00e1, \u00fakolem byliny je \u00fa\u010dinn\u011b ji o\u010distit.\",\"breadcrumb\":{\"@id\":\"https:\\\/\\\/naturalpoland.com\\\/cs\\\/produkty\\\/rostlinne-produkty\\\/cistky\\\/#breadcrumb\"},\"inLanguage\":\"cs\",\"potentialAction\":[{\"@type\":\"ReadAction\",\"target\":[\"https:\\\/\\\/naturalpoland.com\\\/cs\\\/produkty\\\/rostlinne-produkty\\\/cistky\\\/\"]}]},{\"@type\":\"ImageObject\",\"inLanguage\":\"cs\",\"@id\":\"https:\\\/\\\/naturalpoland.com\\\/cs\\\/produkty\\\/rostlinne-produkty\\\/cistky\\\/#primaryimage\",\"url\":\"https:\\\/\\\/naturalpoland.com\\\/wp-content\\\/uploads\\\/2021\\\/05\\\/cistus.jpg\",\"contentUrl\":\"https:\\\/\\\/naturalpoland.com\\\/wp-content\\\/uploads\\\/2021\\\/05\\\/cistus.jpg\",\"width\":640,\"height\":426},{\"@type\":\"BreadcrumbList\",\"@id\":\"https:\\\/\\\/naturalpoland.com\\\/cs\\\/produkty\\\/rostlinne-produkty\\\/cistky\\\/#breadcrumb\",\"itemListElement\":[{\"@type\":\"ListItem\",\"position\":1,\"name\":\"Dom\u016f\",\"item\":\"https:\\\/\\\/naturalpoland.com\\\/cs\\\/\"},{\"@type\":\"ListItem\",\"position\":2,\"name\":\"Produkty\",\"item\":\"https:\\\/\\\/naturalpoland.com\\\/cs\\\/produkty\\\/\"},{\"@type\":\"ListItem\",\"position\":3,\"name\":\"Cist (Cistus)\"}]},{\"@type\":\"WebSite\",\"@id\":\"https:\\\/\\\/naturalpoland.com\\\/cs\\\/#website\",\"url\":\"https:\\\/\\\/naturalpoland.com\\\/cs\\\/\",\"name\":\"NATURAL POLAND - Velkoobchodn\u00ed distributor surovin\",\"description\":\"Surowce dla przemys\u0142u spo\u017cywczego, kosmetycznego i farmaceutycznego\",\"publisher\":{\"@id\":\"https:\\\/\\\/naturalpoland.com\\\/cs\\\/#organization\"},\"potentialAction\":[{\"@type\":\"SearchAction\",\"target\":{\"@type\":\"EntryPoint\",\"urlTemplate\":\"https:\\\/\\\/naturalpoland.com\\\/cs\\\/?s={search_term_string}\"},\"query-input\":{\"@type\":\"PropertyValueSpecification\",\"valueRequired\":true,\"valueName\":\"search_term_string\"}}],\"inLanguage\":\"cs\"},{\"@type\":\"Organization\",\"@id\":\"https:\\\/\\\/naturalpoland.com\\\/cs\\\/#organization\",\"name\":\"Natural Poland\",\"url\":\"https:\\\/\\\/naturalpoland.com\\\/cs\\\/\",\"logo\":{\"@type\":\"ImageObject\",\"inLanguage\":\"cs\",\"@id\":\"https:\\\/\\\/naturalpoland.com\\\/cs\\\/#\\\/schema\\\/logo\\\/image\\\/\",\"url\":\"https:\\\/\\\/naturalpoland.com\\\/wp-content\\\/uploads\\\/2021\\\/05\\\/natural-poland-icon.png\",\"contentUrl\":\"https:\\\/\\\/naturalpoland.com\\\/wp-content\\\/uploads\\\/2021\\\/05\\\/natural-poland-icon.png\",\"width\":512,\"height\":512,\"caption\":\"Natural Poland\"},\"image\":{\"@id\":\"https:\\\/\\\/naturalpoland.com\\\/cs\\\/#\\\/schema\\\/logo\\\/image\\\/\"},\"sameAs\":[\"https:\\\/\\\/www.facebook.com\\\/naturalpoland.b2b\",\"https:\\\/\\\/pl.linkedin.com\\\/company\\\/natural-poland\",\"https:\\\/\\\/www.youtube.com\\\/channel\\\/UCgeGGkvOMahZo-xu_MSEWxg\"]}]}<\/script>\n<!-- \/ Yoast SEO plugin. -->","yoast_head_json":{"title":"Cist (Cistus) - NATURAL POLAND - Velkoobchodn\u00ed distributor surovin","description":"Pyr\u00e9 se pou\u017e\u00edv\u00e1 jako n\u00e1poj a k vn\u011bj\u0161\u00edmu om\u00fdv\u00e1n\u00ed poko\u017eky. Jak n\u00e1zev napov\u00edd\u00e1, \u00fakolem byliny je \u00fa\u010dinn\u011b ji o\u010distit.","robots":{"index":"index","follow":"follow","max-snippet":"max-snippet:-1","max-image-preview":"max-image-preview:large","max-video-preview":"max-video-preview:-1"},"canonical":"https:\/\/naturalpoland.com\/cs\/produkty\/rostlinne-produkty\/cistky\/","og_locale":"cs_CZ","og_type":"article","og_title":"Cist (Cistus) - NATURAL POLAND - Velkoobchodn\u00ed distributor surovin","og_description":"Pyr\u00e9 se pou\u017e\u00edv\u00e1 jako n\u00e1poj a k vn\u011bj\u0161\u00edmu om\u00fdv\u00e1n\u00ed poko\u017eky. Jak n\u00e1zev napov\u00edd\u00e1, \u00fakolem byliny je \u00fa\u010dinn\u011b ji o\u010distit.","og_url":"https:\/\/naturalpoland.com\/cs\/produkty\/rostlinne-produkty\/cistky\/","og_site_name":"NATURAL POLAND - Velkoobchodn\u00ed distributor surovin","article_publisher":"https:\/\/www.facebook.com\/naturalpoland.b2b","article_modified_time":"2025-06-24T09:01:12+00:00","og_image":[{"width":640,"height":426,"url":"https:\/\/naturalpoland.com\/wp-content\/uploads\/2021\/05\/cistus.jpg","type":"image\/jpeg"}],"schema":{"@context":"https:\/\/schema.org","@graph":[{"@type":"WebPage","@id":"https:\/\/naturalpoland.com\/cs\/produkty\/rostlinne-produkty\/cistky\/","url":"https:\/\/naturalpoland.com\/cs\/produkty\/rostlinne-produkty\/cistky\/","name":"Cist (Cistus) - NATURAL POLAND - Velkoobchodn\u00ed distributor surovin","isPartOf":{"@id":"https:\/\/naturalpoland.com\/cs\/#website"},"primaryImageOfPage":{"@id":"https:\/\/naturalpoland.com\/cs\/produkty\/rostlinne-produkty\/cistky\/#primaryimage"},"image":{"@id":"https:\/\/naturalpoland.com\/cs\/produkty\/rostlinne-produkty\/cistky\/#primaryimage"},"thumbnailUrl":"https:\/\/naturalpoland.com\/wp-content\/uploads\/2021\/05\/cistus.jpg","datePublished":"2021-09-21T12:55:47+00:00","dateModified":"2025-06-24T09:01:12+00:00","description":"Pyr\u00e9 se pou\u017e\u00edv\u00e1 jako n\u00e1poj a k vn\u011bj\u0161\u00edmu om\u00fdv\u00e1n\u00ed poko\u017eky. Jak n\u00e1zev napov\u00edd\u00e1, \u00fakolem byliny je \u00fa\u010dinn\u011b ji o\u010distit.","breadcrumb":{"@id":"https:\/\/naturalpoland.com\/cs\/produkty\/rostlinne-produkty\/cistky\/#breadcrumb"},"inLanguage":"cs","potentialAction":[{"@type":"ReadAction","target":["https:\/\/naturalpoland.com\/cs\/produkty\/rostlinne-produkty\/cistky\/"]}]},{"@type":"ImageObject","inLanguage":"cs","@id":"https:\/\/naturalpoland.com\/cs\/produkty\/rostlinne-produkty\/cistky\/#primaryimage","url":"https:\/\/naturalpoland.com\/wp-content\/uploads\/2021\/05\/cistus.jpg","contentUrl":"https:\/\/naturalpoland.com\/wp-content\/uploads\/2021\/05\/cistus.jpg","width":640,"height":426},{"@type":"BreadcrumbList","@id":"https:\/\/naturalpoland.com\/cs\/produkty\/rostlinne-produkty\/cistky\/#breadcrumb","itemListElement":[{"@type":"ListItem","position":1,"name":"Dom\u016f","item":"https:\/\/naturalpoland.com\/cs\/"},{"@type":"ListItem","position":2,"name":"Produkty","item":"https:\/\/naturalpoland.com\/cs\/produkty\/"},{"@type":"ListItem","position":3,"name":"Cist (Cistus)"}]},{"@type":"WebSite","@id":"https:\/\/naturalpoland.com\/cs\/#website","url":"https:\/\/naturalpoland.com\/cs\/","name":"NATURAL POLAND - Velkoobchodn\u00ed distributor surovin","description":"Surowce dla przemys\u0142u spo\u017cywczego, kosmetycznego i farmaceutycznego","publisher":{"@id":"https:\/\/naturalpoland.com\/cs\/#organization"},"potentialAction":[{"@type":"SearchAction","target":{"@type":"EntryPoint","urlTemplate":"https:\/\/naturalpoland.com\/cs\/?s={search_term_string}"},"query-input":{"@type":"PropertyValueSpecification","valueRequired":true,"valueName":"search_term_string"}}],"inLanguage":"cs"},{"@type":"Organization","@id":"https:\/\/naturalpoland.com\/cs\/#organization","name":"Natural Poland","url":"https:\/\/naturalpoland.com\/cs\/","logo":{"@type":"ImageObject","inLanguage":"cs","@id":"https:\/\/naturalpoland.com\/cs\/#\/schema\/logo\/image\/","url":"https:\/\/naturalpoland.com\/wp-content\/uploads\/2021\/05\/natural-poland-icon.png","contentUrl":"https:\/\/naturalpoland.com\/wp-content\/uploads\/2021\/05\/natural-poland-icon.png","width":512,"height":512,"caption":"Natural Poland"},"image":{"@id":"https:\/\/naturalpoland.com\/cs\/#\/schema\/logo\/image\/"},"sameAs":["https:\/\/www.facebook.com\/naturalpoland.b2b","https:\/\/pl.linkedin.com\/company\/natural-poland","https:\/\/www.youtube.com\/channel\/UCgeGGkvOMahZo-xu_MSEWxg"]}]}},"_links":{"self":[{"href":"https:\/\/naturalpoland.com\/cs\/wp-json\/wp\/v2\/product\/12150","targetHints":{"allow":["GET"]}}],"collection":[{"href":"https:\/\/naturalpoland.com\/cs\/wp-json\/wp\/v2\/product"}],"about":[{"href":"https:\/\/naturalpoland.com\/cs\/wp-json\/wp\/v2\/types\/product"}],"wp:featuredmedia":[{"embeddable":true,"href":"https:\/\/naturalpoland.com\/cs\/wp-json\/wp\/v2\/media\/7943"}],"wp:attachment":[{"href":"https:\/\/naturalpoland.com\/cs\/wp-json\/wp\/v2\/media?parent=12150"}],"wp:term":[{"taxonomy":"product_brand","embeddable":true,"href":"https:\/\/naturalpoland.com\/cs\/wp-json\/wp\/v2\/product_brand?post=12150"},{"taxonomy":"product_cat","embeddable":true,"href":"https:\/\/naturalpoland.com\/cs\/wp-json\/wp\/v2\/product_cat?post=12150"},{"taxonomy":"product_tag","embeddable":true,"href":"https:\/\/naturalpoland.com\/cs\/wp-json\/wp\/v2\/product_tag?post=12150"}],"curies":[{"name":"wp","href":"https:\/\/api.w.org\/{rel}","templated":true}]}}