{"id":12249,"date":"2021-05-11T13:39:23","date_gmt":"2021-09-21T12:57:49","guid":{"rendered":"https:\/\/naturalpoland.pl\/produkty\/nezarazene\/extrakt-z-horkeho-melounu-momordica-charantia\/"},"modified":"2021-09-21T14:57:49","modified_gmt":"2021-09-21T12:57:49","slug":"extrakt-z-horkeho-melounu-momordica-charantia","status":"publish","type":"product","link":"https:\/\/naturalpoland.com\/cs\/produkty\/rostlinne-vytazky\/extrakt-z-horkeho-melounu-momordica-charantia\/","title":{"rendered":"Extrakt z ho\u0159k\u00e9ho melounu (Momordica charantia)"},"content":{"rendered":"<p>Ho\u0159k\u00fd meloun je ovoce, kter\u00e9 vypad\u00e1 velmi zaj\u00edmav\u011b. Je to vzd\u00e1len\u00fd p\u0159\u00edbuzn\u00fd okurky a melounu. Chu\u0165 je podobn\u00e1 kari a obvykle se nejed\u00ed syrov\u00e1, ale sp\u00ed\u0161e ve form\u011b dopl\u0148k\u016f.<\/p>\n<p>Extrakt z ho\u0159k\u00e9ho melounu obsahuje antioxidanty, kter\u00e9 zpomaluj\u00ed st\u00e1rnut\u00ed bun\u011bk a glykogen, kter\u00fd zlep\u0161uje v\u00fdkon sval\u016f. U\u017e\u00edv\u00e1n\u00ed tohoto extraktu se doporu\u010duje p\u0159edev\u0161\u00edm sportovc\u016fm a lidem, kte\u0159\u00ed cht\u011bj\u00ed zhubnout.<\/p>\n","protected":false},"excerpt":{"rendered":"<p>Extrakt z ho\u0159k\u00e9ho melounu (<em> Momordica charantia<\/em> ) je v Evrop\u011b skute\u010dn\u00fdm hitem ji\u017e n\u011bkolik let. Je sou\u010d\u00e1st\u00ed p\u0159\u00edpravk\u016f, kter\u00e9 zlep\u0161uj\u00ed metabolismus gluk\u00f3zy. Reguluje hladinu cukru v krvi, proto se doporu\u010duje i diabetik\u016fm.<\/p>\n","protected":false},"featured_media":35772,"template":"","meta":{"_acf_changed":false},"product_brand":[],"product_cat":[622],"product_tag":[],"class_list":{"0":"post-12249","1":"product","2":"type-product","3":"status-publish","4":"has-post-thumbnail","6":"product_cat-rostlinne-vytazky","7":"pa_czesc-rosliny-ovoce","9":"first","10":"instock","11":"shipping-taxable","12":"product-type-simple"},"acf":[],"yoast_head":"<!-- This site is optimized with the Yoast SEO plugin v27.6 - https:\/\/yoast.com\/product\/yoast-seo-wordpress\/ -->\n<title>Extrakt z ho\u0159k\u00e9ho melounu (Momordica charantia) - Velkoobchodn\u00ed distributor<\/title>\n<meta name=\"robots\" content=\"index, follow, max-snippet:-1, max-image-preview:large, max-video-preview:-1\" \/>\n<link rel=\"canonical\" href=\"https:\/\/naturalpoland.com\/cs\/produkty\/rostlinne-vytazky\/extrakt-z-horkeho-melounu-momordica-charantia\/\" \/>\n<meta property=\"og:locale\" content=\"cs_CZ\" \/>\n<meta property=\"og:type\" content=\"article\" \/>\n<meta property=\"og:title\" content=\"Extrakt z ho\u0159k\u00e9ho melounu (Momordica charantia) - Velkoobchodn\u00ed distributor\" \/>\n<meta property=\"og:description\" content=\"Extrakt z ho\u0159k\u00e9ho melounu ( Momordica charantia ) je v Evrop\u011b skute\u010dn\u00fdm hitem ji\u017e n\u011bkolik let. Je sou\u010d\u00e1st\u00ed p\u0159\u00edpravk\u016f, kter\u00e9 zlep\u0161uj\u00ed metabolismus gluk\u00f3zy. Reguluje hladinu cukru v krvi, proto se doporu\u010duje i diabetik\u016fm.\" \/>\n<meta property=\"og:url\" content=\"https:\/\/naturalpoland.com\/cs\/produkty\/rostlinne-vytazky\/extrakt-z-horkeho-melounu-momordica-charantia\/\" \/>\n<meta property=\"og:site_name\" content=\"NATURAL POLAND - Velkoobchodn\u00ed distributor surovin\" \/>\n<meta property=\"article:publisher\" content=\"https:\/\/www.facebook.com\/naturalpoland.b2b\" \/>\n<meta property=\"og:image\" content=\"https:\/\/naturalpoland.com\/wp-content\/uploads\/ekstrakt-z-gorzkiego-melona.webp\" \/>\n\t<meta property=\"og:image:width\" content=\"619\" \/>\n\t<meta property=\"og:image:height\" content=\"619\" \/>\n\t<meta property=\"og:image:type\" content=\"image\/webp\" \/>\n<script type=\"application\/ld+json\" class=\"yoast-schema-graph\">{\"@context\":\"https:\\\/\\\/schema.org\",\"@graph\":[{\"@type\":\"WebPage\",\"@id\":\"https:\\\/\\\/naturalpoland.com\\\/cs\\\/produkty\\\/rostlinne-vytazky\\\/extrakt-z-horkeho-melounu-momordica-charantia\\\/\",\"url\":\"https:\\\/\\\/naturalpoland.com\\\/cs\\\/produkty\\\/rostlinne-vytazky\\\/extrakt-z-horkeho-melounu-momordica-charantia\\\/\",\"name\":\"Extrakt z ho\u0159k\u00e9ho melounu (Momordica charantia) - Velkoobchodn\u00ed distributor\",\"isPartOf\":{\"@id\":\"https:\\\/\\\/naturalpoland.com\\\/cs\\\/#website\"},\"primaryImageOfPage\":{\"@id\":\"https:\\\/\\\/naturalpoland.com\\\/cs\\\/produkty\\\/rostlinne-vytazky\\\/extrakt-z-horkeho-melounu-momordica-charantia\\\/#primaryimage\"},\"image\":{\"@id\":\"https:\\\/\\\/naturalpoland.com\\\/cs\\\/produkty\\\/rostlinne-vytazky\\\/extrakt-z-horkeho-melounu-momordica-charantia\\\/#primaryimage\"},\"thumbnailUrl\":\"https:\\\/\\\/naturalpoland.com\\\/wp-content\\\/uploads\\\/ekstrakt-z-gorzkiego-melona.webp\",\"datePublished\":\"2021-09-21T12:57:49+00:00\",\"breadcrumb\":{\"@id\":\"https:\\\/\\\/naturalpoland.com\\\/cs\\\/produkty\\\/rostlinne-vytazky\\\/extrakt-z-horkeho-melounu-momordica-charantia\\\/#breadcrumb\"},\"inLanguage\":\"cs\",\"potentialAction\":[{\"@type\":\"ReadAction\",\"target\":[\"https:\\\/\\\/naturalpoland.com\\\/cs\\\/produkty\\\/rostlinne-vytazky\\\/extrakt-z-horkeho-melounu-momordica-charantia\\\/\"]}]},{\"@type\":\"ImageObject\",\"inLanguage\":\"cs\",\"@id\":\"https:\\\/\\\/naturalpoland.com\\\/cs\\\/produkty\\\/rostlinne-vytazky\\\/extrakt-z-horkeho-melounu-momordica-charantia\\\/#primaryimage\",\"url\":\"https:\\\/\\\/naturalpoland.com\\\/wp-content\\\/uploads\\\/ekstrakt-z-gorzkiego-melona.webp\",\"contentUrl\":\"https:\\\/\\\/naturalpoland.com\\\/wp-content\\\/uploads\\\/ekstrakt-z-gorzkiego-melona.webp\",\"width\":619,\"height\":619,\"caption\":\"ekstrakt z gorzkiego melona\"},{\"@type\":\"BreadcrumbList\",\"@id\":\"https:\\\/\\\/naturalpoland.com\\\/cs\\\/produkty\\\/rostlinne-vytazky\\\/extrakt-z-horkeho-melounu-momordica-charantia\\\/#breadcrumb\",\"itemListElement\":[{\"@type\":\"ListItem\",\"position\":1,\"name\":\"Dom\u016f\",\"item\":\"https:\\\/\\\/naturalpoland.com\\\/cs\\\/\"},{\"@type\":\"ListItem\",\"position\":2,\"name\":\"Produkty\",\"item\":\"https:\\\/\\\/naturalpoland.com\\\/cs\\\/produkty\\\/\"},{\"@type\":\"ListItem\",\"position\":3,\"name\":\"Extrakt z ho\u0159k\u00e9ho melounu (Momordica charantia)\"}]},{\"@type\":\"WebSite\",\"@id\":\"https:\\\/\\\/naturalpoland.com\\\/cs\\\/#website\",\"url\":\"https:\\\/\\\/naturalpoland.com\\\/cs\\\/\",\"name\":\"NATURAL POLAND - Velkoobchodn\u00ed distributor surovin\",\"description\":\"Surowce dla przemys\u0142u spo\u017cywczego, kosmetycznego i farmaceutycznego\",\"publisher\":{\"@id\":\"https:\\\/\\\/naturalpoland.com\\\/cs\\\/#organization\"},\"potentialAction\":[{\"@type\":\"SearchAction\",\"target\":{\"@type\":\"EntryPoint\",\"urlTemplate\":\"https:\\\/\\\/naturalpoland.com\\\/cs\\\/?s={search_term_string}\"},\"query-input\":{\"@type\":\"PropertyValueSpecification\",\"valueRequired\":true,\"valueName\":\"search_term_string\"}}],\"inLanguage\":\"cs\"},{\"@type\":\"Organization\",\"@id\":\"https:\\\/\\\/naturalpoland.com\\\/cs\\\/#organization\",\"name\":\"Natural Poland\",\"url\":\"https:\\\/\\\/naturalpoland.com\\\/cs\\\/\",\"logo\":{\"@type\":\"ImageObject\",\"inLanguage\":\"cs\",\"@id\":\"https:\\\/\\\/naturalpoland.com\\\/cs\\\/#\\\/schema\\\/logo\\\/image\\\/\",\"url\":\"https:\\\/\\\/naturalpoland.com\\\/wp-content\\\/uploads\\\/2021\\\/05\\\/natural-poland-icon.png\",\"contentUrl\":\"https:\\\/\\\/naturalpoland.com\\\/wp-content\\\/uploads\\\/2021\\\/05\\\/natural-poland-icon.png\",\"width\":512,\"height\":512,\"caption\":\"Natural Poland\"},\"image\":{\"@id\":\"https:\\\/\\\/naturalpoland.com\\\/cs\\\/#\\\/schema\\\/logo\\\/image\\\/\"},\"sameAs\":[\"https:\\\/\\\/www.facebook.com\\\/naturalpoland.b2b\",\"https:\\\/\\\/pl.linkedin.com\\\/company\\\/natural-poland\",\"https:\\\/\\\/www.youtube.com\\\/channel\\\/UCgeGGkvOMahZo-xu_MSEWxg\"]}]}<\/script>\n<!-- \/ Yoast SEO plugin. -->","yoast_head_json":{"title":"Extrakt z ho\u0159k\u00e9ho melounu (Momordica charantia) - Velkoobchodn\u00ed distributor","robots":{"index":"index","follow":"follow","max-snippet":"max-snippet:-1","max-image-preview":"max-image-preview:large","max-video-preview":"max-video-preview:-1"},"canonical":"https:\/\/naturalpoland.com\/cs\/produkty\/rostlinne-vytazky\/extrakt-z-horkeho-melounu-momordica-charantia\/","og_locale":"cs_CZ","og_type":"article","og_title":"Extrakt z ho\u0159k\u00e9ho melounu (Momordica charantia) - Velkoobchodn\u00ed distributor","og_description":"Extrakt z ho\u0159k\u00e9ho melounu ( Momordica charantia ) je v Evrop\u011b skute\u010dn\u00fdm hitem ji\u017e n\u011bkolik let. Je sou\u010d\u00e1st\u00ed p\u0159\u00edpravk\u016f, kter\u00e9 zlep\u0161uj\u00ed metabolismus gluk\u00f3zy. Reguluje hladinu cukru v krvi, proto se doporu\u010duje i diabetik\u016fm.","og_url":"https:\/\/naturalpoland.com\/cs\/produkty\/rostlinne-vytazky\/extrakt-z-horkeho-melounu-momordica-charantia\/","og_site_name":"NATURAL POLAND - Velkoobchodn\u00ed distributor surovin","article_publisher":"https:\/\/www.facebook.com\/naturalpoland.b2b","og_image":[{"width":619,"height":619,"url":"https:\/\/naturalpoland.com\/wp-content\/uploads\/ekstrakt-z-gorzkiego-melona.webp","type":"image\/webp"}],"schema":{"@context":"https:\/\/schema.org","@graph":[{"@type":"WebPage","@id":"https:\/\/naturalpoland.com\/cs\/produkty\/rostlinne-vytazky\/extrakt-z-horkeho-melounu-momordica-charantia\/","url":"https:\/\/naturalpoland.com\/cs\/produkty\/rostlinne-vytazky\/extrakt-z-horkeho-melounu-momordica-charantia\/","name":"Extrakt z ho\u0159k\u00e9ho melounu (Momordica charantia) - Velkoobchodn\u00ed distributor","isPartOf":{"@id":"https:\/\/naturalpoland.com\/cs\/#website"},"primaryImageOfPage":{"@id":"https:\/\/naturalpoland.com\/cs\/produkty\/rostlinne-vytazky\/extrakt-z-horkeho-melounu-momordica-charantia\/#primaryimage"},"image":{"@id":"https:\/\/naturalpoland.com\/cs\/produkty\/rostlinne-vytazky\/extrakt-z-horkeho-melounu-momordica-charantia\/#primaryimage"},"thumbnailUrl":"https:\/\/naturalpoland.com\/wp-content\/uploads\/ekstrakt-z-gorzkiego-melona.webp","datePublished":"2021-09-21T12:57:49+00:00","breadcrumb":{"@id":"https:\/\/naturalpoland.com\/cs\/produkty\/rostlinne-vytazky\/extrakt-z-horkeho-melounu-momordica-charantia\/#breadcrumb"},"inLanguage":"cs","potentialAction":[{"@type":"ReadAction","target":["https:\/\/naturalpoland.com\/cs\/produkty\/rostlinne-vytazky\/extrakt-z-horkeho-melounu-momordica-charantia\/"]}]},{"@type":"ImageObject","inLanguage":"cs","@id":"https:\/\/naturalpoland.com\/cs\/produkty\/rostlinne-vytazky\/extrakt-z-horkeho-melounu-momordica-charantia\/#primaryimage","url":"https:\/\/naturalpoland.com\/wp-content\/uploads\/ekstrakt-z-gorzkiego-melona.webp","contentUrl":"https:\/\/naturalpoland.com\/wp-content\/uploads\/ekstrakt-z-gorzkiego-melona.webp","width":619,"height":619,"caption":"ekstrakt z gorzkiego melona"},{"@type":"BreadcrumbList","@id":"https:\/\/naturalpoland.com\/cs\/produkty\/rostlinne-vytazky\/extrakt-z-horkeho-melounu-momordica-charantia\/#breadcrumb","itemListElement":[{"@type":"ListItem","position":1,"name":"Dom\u016f","item":"https:\/\/naturalpoland.com\/cs\/"},{"@type":"ListItem","position":2,"name":"Produkty","item":"https:\/\/naturalpoland.com\/cs\/produkty\/"},{"@type":"ListItem","position":3,"name":"Extrakt z ho\u0159k\u00e9ho melounu (Momordica charantia)"}]},{"@type":"WebSite","@id":"https:\/\/naturalpoland.com\/cs\/#website","url":"https:\/\/naturalpoland.com\/cs\/","name":"NATURAL POLAND - Velkoobchodn\u00ed distributor surovin","description":"Surowce dla przemys\u0142u spo\u017cywczego, kosmetycznego i farmaceutycznego","publisher":{"@id":"https:\/\/naturalpoland.com\/cs\/#organization"},"potentialAction":[{"@type":"SearchAction","target":{"@type":"EntryPoint","urlTemplate":"https:\/\/naturalpoland.com\/cs\/?s={search_term_string}"},"query-input":{"@type":"PropertyValueSpecification","valueRequired":true,"valueName":"search_term_string"}}],"inLanguage":"cs"},{"@type":"Organization","@id":"https:\/\/naturalpoland.com\/cs\/#organization","name":"Natural Poland","url":"https:\/\/naturalpoland.com\/cs\/","logo":{"@type":"ImageObject","inLanguage":"cs","@id":"https:\/\/naturalpoland.com\/cs\/#\/schema\/logo\/image\/","url":"https:\/\/naturalpoland.com\/wp-content\/uploads\/2021\/05\/natural-poland-icon.png","contentUrl":"https:\/\/naturalpoland.com\/wp-content\/uploads\/2021\/05\/natural-poland-icon.png","width":512,"height":512,"caption":"Natural Poland"},"image":{"@id":"https:\/\/naturalpoland.com\/cs\/#\/schema\/logo\/image\/"},"sameAs":["https:\/\/www.facebook.com\/naturalpoland.b2b","https:\/\/pl.linkedin.com\/company\/natural-poland","https:\/\/www.youtube.com\/channel\/UCgeGGkvOMahZo-xu_MSEWxg"]}]}},"_links":{"self":[{"href":"https:\/\/naturalpoland.com\/cs\/wp-json\/wp\/v2\/product\/12249","targetHints":{"allow":["GET"]}}],"collection":[{"href":"https:\/\/naturalpoland.com\/cs\/wp-json\/wp\/v2\/product"}],"about":[{"href":"https:\/\/naturalpoland.com\/cs\/wp-json\/wp\/v2\/types\/product"}],"wp:featuredmedia":[{"embeddable":true,"href":"https:\/\/naturalpoland.com\/cs\/wp-json\/wp\/v2\/media\/35772"}],"wp:attachment":[{"href":"https:\/\/naturalpoland.com\/cs\/wp-json\/wp\/v2\/media?parent=12249"}],"wp:term":[{"taxonomy":"product_brand","embeddable":true,"href":"https:\/\/naturalpoland.com\/cs\/wp-json\/wp\/v2\/product_brand?post=12249"},{"taxonomy":"product_cat","embeddable":true,"href":"https:\/\/naturalpoland.com\/cs\/wp-json\/wp\/v2\/product_cat?post=12249"},{"taxonomy":"product_tag","embeddable":true,"href":"https:\/\/naturalpoland.com\/cs\/wp-json\/wp\/v2\/product_tag?post=12249"}],"curies":[{"name":"wp","href":"https:\/\/api.w.org\/{rel}","templated":true}]}}