{"id":12267,"date":"2021-05-11T13:39:46","date_gmt":"2021-09-21T12:58:11","guid":{"rendered":"https:\/\/naturalpoland.pl\/produkty\/nezarazene\/extrakt-z-gynostemmy\/"},"modified":"2021-09-21T14:58:11","modified_gmt":"2021-09-21T12:58:11","slug":"extrahovat-z-gynostemma-cinske-jmeno-jiao-gu-lan","status":"publish","type":"product","link":"https:\/\/naturalpoland.com\/cs\/produkty\/rostlinne-vytazky\/extrahovat-z-gynostemma-cinske-jmeno-jiao-gu-lan\/","title":{"rendered":"Extrakt z Gynostemmy"},"content":{"rendered":"<p><strong>Extrakt Gynostemma ke sn\u00ed\u017een\u00ed cholesterolu<\/strong><\/p>\n<p>V\u00fdzkum Gynostenma uk\u00e1zal, \u017ee jeho pravideln\u00e9 u\u017e\u00edv\u00e1n\u00ed sni\u017euje hladinu cholesterolu a triglycerid\u016f. Proto se doporu\u010duje zlep\u0161it stav ob\u011bhov\u00e9ho syst\u00e9mu, sn\u00ed\u017eit riziko ateroskler\u00f3zy a onemocn\u011bn\u00ed srdce samotn\u00e9ho. Extrakt m\u016f\u017ee tak\u00e9 podporovat spr\u00e1vnou funkci jater a detoxikovat t\u011blo.<\/p>\n","protected":false},"excerpt":{"rendered":"<p><strong>Extrakt Gynostemma (\u010d\u00ednsk\u00e9 jm\u00e9no: Jiao Gu Lan)<\/strong> \u0159\u00edk\u00e1 se j\u00ed tak\u00e9 bylina \u017eivota nebo bylina dlouhov\u011bkosti. V alternativn\u00ed medic\u00edn\u011b z D\u00e1ln\u00e9ho v\u00fdchodu hraje d\u016fle\u017eitou roli jako l\u00e9k na mnoho nemoc\u00ed. Pou\u017e\u00edv\u00e1 se na migr\u00e9ny, probl\u00e9my se sp\u00e1nkem, cukrovku, deprese, astma a onemocn\u011bn\u00ed jater. Mnoho \u010c\u00ed\u0148an\u016f v\u011b\u0159\u00ed, \u017ee to prodlu\u017euje \u017eivot.<\/p>\n","protected":false},"featured_media":34566,"template":"","meta":{"_acf_changed":false},"product_brand":[],"product_cat":[622],"product_tag":[],"class_list":{"0":"post-12267","1":"product","2":"type-product","3":"status-publish","4":"has-post-thumbnail","6":"product_cat-rostlinne-vytazky","8":"first","9":"instock","10":"shipping-taxable","11":"product-type-simple"},"acf":[],"yoast_head":"<!-- This site is optimized with the Yoast SEO plugin v27.6 - https:\/\/yoast.com\/product\/yoast-seo-wordpress\/ -->\n<title>Extrakt z Gynostemmy - Velkoobchodn\u00ed distributor<\/title>\n<meta name=\"robots\" content=\"index, follow, max-snippet:-1, max-image-preview:large, max-video-preview:-1\" \/>\n<link rel=\"canonical\" href=\"https:\/\/naturalpoland.com\/cs\/produkty\/rostlinne-vytazky\/extrahovat-z-gynostemma-cinske-jmeno-jiao-gu-lan\/\" \/>\n<meta property=\"og:locale\" content=\"cs_CZ\" \/>\n<meta property=\"og:type\" content=\"article\" \/>\n<meta property=\"og:title\" content=\"Extrakt z Gynostemmy - Velkoobchodn\u00ed distributor\" \/>\n<meta property=\"og:description\" content=\"Extrakt Gynostemma (\u010d\u00ednsk\u00e9 jm\u00e9no: Jiao Gu Lan) \u0159\u00edk\u00e1 se j\u00ed tak\u00e9 bylina \u017eivota nebo bylina dlouhov\u011bkosti. V alternativn\u00ed medic\u00edn\u011b z D\u00e1ln\u00e9ho v\u00fdchodu hraje d\u016fle\u017eitou roli jako l\u00e9k na mnoho nemoc\u00ed. Pou\u017e\u00edv\u00e1 se na migr\u00e9ny, probl\u00e9my se sp\u00e1nkem, cukrovku, deprese, astma a onemocn\u011bn\u00ed jater. Mnoho \u010c\u00ed\u0148an\u016f v\u011b\u0159\u00ed, \u017ee to prodlu\u017euje \u017eivot.\" \/>\n<meta property=\"og:url\" content=\"https:\/\/naturalpoland.com\/cs\/produkty\/rostlinne-vytazky\/extrahovat-z-gynostemma-cinske-jmeno-jiao-gu-lan\/\" \/>\n<meta property=\"og:site_name\" content=\"NATURAL POLAND - Velkoobchodn\u00ed distributor surovin\" \/>\n<meta property=\"article:publisher\" content=\"https:\/\/www.facebook.com\/naturalpoland.b2b\" \/>\n<meta property=\"og:image\" content=\"https:\/\/naturalpoland.com\/wp-content\/uploads\/ekstrakt-z-gynostemma-pentaphyllum.webp\" \/>\n\t<meta property=\"og:image:width\" content=\"612\" \/>\n\t<meta property=\"og:image:height\" content=\"612\" \/>\n\t<meta property=\"og:image:type\" content=\"image\/webp\" \/>\n<script type=\"application\/ld+json\" class=\"yoast-schema-graph\">{\"@context\":\"https:\\\/\\\/schema.org\",\"@graph\":[{\"@type\":\"WebPage\",\"@id\":\"https:\\\/\\\/naturalpoland.com\\\/cs\\\/produkty\\\/rostlinne-vytazky\\\/extrahovat-z-gynostemma-cinske-jmeno-jiao-gu-lan\\\/\",\"url\":\"https:\\\/\\\/naturalpoland.com\\\/cs\\\/produkty\\\/rostlinne-vytazky\\\/extrahovat-z-gynostemma-cinske-jmeno-jiao-gu-lan\\\/\",\"name\":\"Extrakt z Gynostemmy - Velkoobchodn\u00ed distributor\",\"isPartOf\":{\"@id\":\"https:\\\/\\\/naturalpoland.com\\\/cs\\\/#website\"},\"primaryImageOfPage\":{\"@id\":\"https:\\\/\\\/naturalpoland.com\\\/cs\\\/produkty\\\/rostlinne-vytazky\\\/extrahovat-z-gynostemma-cinske-jmeno-jiao-gu-lan\\\/#primaryimage\"},\"image\":{\"@id\":\"https:\\\/\\\/naturalpoland.com\\\/cs\\\/produkty\\\/rostlinne-vytazky\\\/extrahovat-z-gynostemma-cinske-jmeno-jiao-gu-lan\\\/#primaryimage\"},\"thumbnailUrl\":\"https:\\\/\\\/naturalpoland.com\\\/wp-content\\\/uploads\\\/ekstrakt-z-gynostemma-pentaphyllum.webp\",\"datePublished\":\"2021-09-21T12:58:11+00:00\",\"breadcrumb\":{\"@id\":\"https:\\\/\\\/naturalpoland.com\\\/cs\\\/produkty\\\/rostlinne-vytazky\\\/extrahovat-z-gynostemma-cinske-jmeno-jiao-gu-lan\\\/#breadcrumb\"},\"inLanguage\":\"cs\",\"potentialAction\":[{\"@type\":\"ReadAction\",\"target\":[\"https:\\\/\\\/naturalpoland.com\\\/cs\\\/produkty\\\/rostlinne-vytazky\\\/extrahovat-z-gynostemma-cinske-jmeno-jiao-gu-lan\\\/\"]}]},{\"@type\":\"ImageObject\",\"inLanguage\":\"cs\",\"@id\":\"https:\\\/\\\/naturalpoland.com\\\/cs\\\/produkty\\\/rostlinne-vytazky\\\/extrahovat-z-gynostemma-cinske-jmeno-jiao-gu-lan\\\/#primaryimage\",\"url\":\"https:\\\/\\\/naturalpoland.com\\\/wp-content\\\/uploads\\\/ekstrakt-z-gynostemma-pentaphyllum.webp\",\"contentUrl\":\"https:\\\/\\\/naturalpoland.com\\\/wp-content\\\/uploads\\\/ekstrakt-z-gynostemma-pentaphyllum.webp\",\"width\":612,\"height\":612,\"caption\":\"Ekstrakt z Gynostemma Pentaphyllum\"},{\"@type\":\"BreadcrumbList\",\"@id\":\"https:\\\/\\\/naturalpoland.com\\\/cs\\\/produkty\\\/rostlinne-vytazky\\\/extrahovat-z-gynostemma-cinske-jmeno-jiao-gu-lan\\\/#breadcrumb\",\"itemListElement\":[{\"@type\":\"ListItem\",\"position\":1,\"name\":\"Dom\u016f\",\"item\":\"https:\\\/\\\/naturalpoland.com\\\/cs\\\/\"},{\"@type\":\"ListItem\",\"position\":2,\"name\":\"Produkty\",\"item\":\"https:\\\/\\\/naturalpoland.com\\\/cs\\\/produkty\\\/\"},{\"@type\":\"ListItem\",\"position\":3,\"name\":\"Extrakt z Gynostemmy\"}]},{\"@type\":\"WebSite\",\"@id\":\"https:\\\/\\\/naturalpoland.com\\\/cs\\\/#website\",\"url\":\"https:\\\/\\\/naturalpoland.com\\\/cs\\\/\",\"name\":\"NATURAL POLAND - Velkoobchodn\u00ed distributor surovin\",\"description\":\"Surowce dla przemys\u0142u spo\u017cywczego, kosmetycznego i farmaceutycznego\",\"publisher\":{\"@id\":\"https:\\\/\\\/naturalpoland.com\\\/cs\\\/#organization\"},\"potentialAction\":[{\"@type\":\"SearchAction\",\"target\":{\"@type\":\"EntryPoint\",\"urlTemplate\":\"https:\\\/\\\/naturalpoland.com\\\/cs\\\/?s={search_term_string}\"},\"query-input\":{\"@type\":\"PropertyValueSpecification\",\"valueRequired\":true,\"valueName\":\"search_term_string\"}}],\"inLanguage\":\"cs\"},{\"@type\":\"Organization\",\"@id\":\"https:\\\/\\\/naturalpoland.com\\\/cs\\\/#organization\",\"name\":\"Natural Poland\",\"url\":\"https:\\\/\\\/naturalpoland.com\\\/cs\\\/\",\"logo\":{\"@type\":\"ImageObject\",\"inLanguage\":\"cs\",\"@id\":\"https:\\\/\\\/naturalpoland.com\\\/cs\\\/#\\\/schema\\\/logo\\\/image\\\/\",\"url\":\"https:\\\/\\\/naturalpoland.com\\\/wp-content\\\/uploads\\\/2021\\\/05\\\/natural-poland-icon.png\",\"contentUrl\":\"https:\\\/\\\/naturalpoland.com\\\/wp-content\\\/uploads\\\/2021\\\/05\\\/natural-poland-icon.png\",\"width\":512,\"height\":512,\"caption\":\"Natural Poland\"},\"image\":{\"@id\":\"https:\\\/\\\/naturalpoland.com\\\/cs\\\/#\\\/schema\\\/logo\\\/image\\\/\"},\"sameAs\":[\"https:\\\/\\\/www.facebook.com\\\/naturalpoland.b2b\",\"https:\\\/\\\/pl.linkedin.com\\\/company\\\/natural-poland\",\"https:\\\/\\\/www.youtube.com\\\/channel\\\/UCgeGGkvOMahZo-xu_MSEWxg\"]}]}<\/script>\n<!-- \/ Yoast SEO plugin. -->","yoast_head_json":{"title":"Extrakt z Gynostemmy - Velkoobchodn\u00ed distributor","robots":{"index":"index","follow":"follow","max-snippet":"max-snippet:-1","max-image-preview":"max-image-preview:large","max-video-preview":"max-video-preview:-1"},"canonical":"https:\/\/naturalpoland.com\/cs\/produkty\/rostlinne-vytazky\/extrahovat-z-gynostemma-cinske-jmeno-jiao-gu-lan\/","og_locale":"cs_CZ","og_type":"article","og_title":"Extrakt z Gynostemmy - Velkoobchodn\u00ed distributor","og_description":"Extrakt Gynostemma (\u010d\u00ednsk\u00e9 jm\u00e9no: Jiao Gu Lan) \u0159\u00edk\u00e1 se j\u00ed tak\u00e9 bylina \u017eivota nebo bylina dlouhov\u011bkosti. V alternativn\u00ed medic\u00edn\u011b z D\u00e1ln\u00e9ho v\u00fdchodu hraje d\u016fle\u017eitou roli jako l\u00e9k na mnoho nemoc\u00ed. Pou\u017e\u00edv\u00e1 se na migr\u00e9ny, probl\u00e9my se sp\u00e1nkem, cukrovku, deprese, astma a onemocn\u011bn\u00ed jater. Mnoho \u010c\u00ed\u0148an\u016f v\u011b\u0159\u00ed, \u017ee to prodlu\u017euje \u017eivot.","og_url":"https:\/\/naturalpoland.com\/cs\/produkty\/rostlinne-vytazky\/extrahovat-z-gynostemma-cinske-jmeno-jiao-gu-lan\/","og_site_name":"NATURAL POLAND - Velkoobchodn\u00ed distributor surovin","article_publisher":"https:\/\/www.facebook.com\/naturalpoland.b2b","og_image":[{"width":612,"height":612,"url":"https:\/\/naturalpoland.com\/wp-content\/uploads\/ekstrakt-z-gynostemma-pentaphyllum.webp","type":"image\/webp"}],"schema":{"@context":"https:\/\/schema.org","@graph":[{"@type":"WebPage","@id":"https:\/\/naturalpoland.com\/cs\/produkty\/rostlinne-vytazky\/extrahovat-z-gynostemma-cinske-jmeno-jiao-gu-lan\/","url":"https:\/\/naturalpoland.com\/cs\/produkty\/rostlinne-vytazky\/extrahovat-z-gynostemma-cinske-jmeno-jiao-gu-lan\/","name":"Extrakt z Gynostemmy - Velkoobchodn\u00ed distributor","isPartOf":{"@id":"https:\/\/naturalpoland.com\/cs\/#website"},"primaryImageOfPage":{"@id":"https:\/\/naturalpoland.com\/cs\/produkty\/rostlinne-vytazky\/extrahovat-z-gynostemma-cinske-jmeno-jiao-gu-lan\/#primaryimage"},"image":{"@id":"https:\/\/naturalpoland.com\/cs\/produkty\/rostlinne-vytazky\/extrahovat-z-gynostemma-cinske-jmeno-jiao-gu-lan\/#primaryimage"},"thumbnailUrl":"https:\/\/naturalpoland.com\/wp-content\/uploads\/ekstrakt-z-gynostemma-pentaphyllum.webp","datePublished":"2021-09-21T12:58:11+00:00","breadcrumb":{"@id":"https:\/\/naturalpoland.com\/cs\/produkty\/rostlinne-vytazky\/extrahovat-z-gynostemma-cinske-jmeno-jiao-gu-lan\/#breadcrumb"},"inLanguage":"cs","potentialAction":[{"@type":"ReadAction","target":["https:\/\/naturalpoland.com\/cs\/produkty\/rostlinne-vytazky\/extrahovat-z-gynostemma-cinske-jmeno-jiao-gu-lan\/"]}]},{"@type":"ImageObject","inLanguage":"cs","@id":"https:\/\/naturalpoland.com\/cs\/produkty\/rostlinne-vytazky\/extrahovat-z-gynostemma-cinske-jmeno-jiao-gu-lan\/#primaryimage","url":"https:\/\/naturalpoland.com\/wp-content\/uploads\/ekstrakt-z-gynostemma-pentaphyllum.webp","contentUrl":"https:\/\/naturalpoland.com\/wp-content\/uploads\/ekstrakt-z-gynostemma-pentaphyllum.webp","width":612,"height":612,"caption":"Ekstrakt z Gynostemma Pentaphyllum"},{"@type":"BreadcrumbList","@id":"https:\/\/naturalpoland.com\/cs\/produkty\/rostlinne-vytazky\/extrahovat-z-gynostemma-cinske-jmeno-jiao-gu-lan\/#breadcrumb","itemListElement":[{"@type":"ListItem","position":1,"name":"Dom\u016f","item":"https:\/\/naturalpoland.com\/cs\/"},{"@type":"ListItem","position":2,"name":"Produkty","item":"https:\/\/naturalpoland.com\/cs\/produkty\/"},{"@type":"ListItem","position":3,"name":"Extrakt z Gynostemmy"}]},{"@type":"WebSite","@id":"https:\/\/naturalpoland.com\/cs\/#website","url":"https:\/\/naturalpoland.com\/cs\/","name":"NATURAL POLAND - Velkoobchodn\u00ed distributor surovin","description":"Surowce dla przemys\u0142u spo\u017cywczego, kosmetycznego i farmaceutycznego","publisher":{"@id":"https:\/\/naturalpoland.com\/cs\/#organization"},"potentialAction":[{"@type":"SearchAction","target":{"@type":"EntryPoint","urlTemplate":"https:\/\/naturalpoland.com\/cs\/?s={search_term_string}"},"query-input":{"@type":"PropertyValueSpecification","valueRequired":true,"valueName":"search_term_string"}}],"inLanguage":"cs"},{"@type":"Organization","@id":"https:\/\/naturalpoland.com\/cs\/#organization","name":"Natural Poland","url":"https:\/\/naturalpoland.com\/cs\/","logo":{"@type":"ImageObject","inLanguage":"cs","@id":"https:\/\/naturalpoland.com\/cs\/#\/schema\/logo\/image\/","url":"https:\/\/naturalpoland.com\/wp-content\/uploads\/2021\/05\/natural-poland-icon.png","contentUrl":"https:\/\/naturalpoland.com\/wp-content\/uploads\/2021\/05\/natural-poland-icon.png","width":512,"height":512,"caption":"Natural Poland"},"image":{"@id":"https:\/\/naturalpoland.com\/cs\/#\/schema\/logo\/image\/"},"sameAs":["https:\/\/www.facebook.com\/naturalpoland.b2b","https:\/\/pl.linkedin.com\/company\/natural-poland","https:\/\/www.youtube.com\/channel\/UCgeGGkvOMahZo-xu_MSEWxg"]}]}},"_links":{"self":[{"href":"https:\/\/naturalpoland.com\/cs\/wp-json\/wp\/v2\/product\/12267","targetHints":{"allow":["GET"]}}],"collection":[{"href":"https:\/\/naturalpoland.com\/cs\/wp-json\/wp\/v2\/product"}],"about":[{"href":"https:\/\/naturalpoland.com\/cs\/wp-json\/wp\/v2\/types\/product"}],"wp:featuredmedia":[{"embeddable":true,"href":"https:\/\/naturalpoland.com\/cs\/wp-json\/wp\/v2\/media\/34566"}],"wp:attachment":[{"href":"https:\/\/naturalpoland.com\/cs\/wp-json\/wp\/v2\/media?parent=12267"}],"wp:term":[{"taxonomy":"product_brand","embeddable":true,"href":"https:\/\/naturalpoland.com\/cs\/wp-json\/wp\/v2\/product_brand?post=12267"},{"taxonomy":"product_cat","embeddable":true,"href":"https:\/\/naturalpoland.com\/cs\/wp-json\/wp\/v2\/product_cat?post=12267"},{"taxonomy":"product_tag","embeddable":true,"href":"https:\/\/naturalpoland.com\/cs\/wp-json\/wp\/v2\/product_tag?post=12267"}],"curies":[{"name":"wp","href":"https:\/\/api.w.org\/{rel}","templated":true}]}}