{"id":12270,"date":"2021-05-11T13:39:46","date_gmt":"2021-09-21T12:58:14","guid":{"rendered":"https:\/\/naturalpoland.pl\/produkty\/nezarazene\/extrakt-z-hlohu\/"},"modified":"2024-09-12T15:36:42","modified_gmt":"2024-09-12T13:36:42","slug":"vytazek-z-hlohu-se-dvema-krky","status":"publish","type":"product","link":"https:\/\/naturalpoland.com\/cs\/produkty\/rostlinne-vytazky\/vytazek-z-hlohu-se-dvema-krky\/","title":{"rendered":"Extrakt z hlohu"},"content":{"rendered":"<h2>Akce:<\/h2>\n<p>  Hlohov\u00fd extrakt se pou\u017e\u00edv\u00e1 k dosa\u017een\u00ed stavu relaxace. M\u00e1 relaxa\u010dn\u00ed \u00fa\u010dinek. M\u016f\u017ee uklidnit rozt\u0159\u00ed\u0161t\u011bn\u00e9 nervy a usnadnit zdrav\u00fd sp\u00e1nek. Extrakt nav\u00edc upravuje srde\u010dn\u00ed \u010dinnost, posiluje c\u00e9vy a zlep\u0161uje krevn\u00ed ob\u011bh.<br \/>\nZv\u00fd\u0161en\u00edm pr\u016ftoku krve do srdce a dal\u0161\u00edch org\u00e1n\u016f m\u016f\u017ee sn\u00ed\u017eit pocity du\u0161nosti a \u00fanavy.<br \/>\nExtrakt z hlohu nav\u00edc vykazuje antibakteri\u00e1ln\u00ed a protipl\u00eds\u0148ov\u00e9 \u00fa\u010dinky.    <\/p>\n<h2>Vlastnosti:<\/h2>\n<p>  Hloh je rostlina s vysok\u00fdm obsahem drasl\u00edku, v\u00e1pn\u00edku, ho\u0159\u010d\u00edku, fosforu a sod\u00edku. M\u00e1 tak\u00e9 mnoho vitaminu C. Obsahuje tak\u00e9 flavonoidy a prokyanidiny. Procyaniny sni\u017euj\u00ed krevn\u00ed tlak a usnad\u0148uj\u00ed jeho normalizaci. Hloh tak\u00e9 obsahuje polyfenoly, kter\u00e9 jsou antioxidanty a zpomaluj\u00ed proces st\u00e1rnut\u00ed. D\u00edky nim je extrakt vhodn\u00fd i pro p\u00e9\u010di o poko\u017eku.<\/p>\n","protected":false},"excerpt":{"rendered":"<p><strong>Extrakt z plod\u016f hlohu (<em>Crataegus oxyacantha<\/em>)<\/strong> se <strong>z\u00edsk\u00e1v\u00e1<\/strong> z p\u0159\u00edrodn\u00edch lokalit v \u010c\u00edn\u011b.<br \/>\nJeho hlavn\u00edmi \u00fa\u010dinn\u00fdmi l\u00e1tkami jsou <strong>flavonoidn\u00ed slou\u010deniny,<\/strong> jako jsou prokyanidiny, s antioxida\u010dn\u00edmi a kardiovaskul\u00e1rn\u00edmi podp\u016frn\u00fdmi vlastnostmi. <\/p>\n","protected":false},"featured_media":35523,"template":"","meta":{"_acf_changed":false},"product_brand":[],"product_cat":[622],"product_tag":[],"class_list":{"0":"post-12270","1":"product","2":"type-product","3":"status-publish","4":"has-post-thumbnail","6":"product_cat-rostlinne-vytazky","7":"pa_czesc-rosliny-ovoce","9":"first","10":"instock","11":"shipping-taxable","12":"product-type-simple"},"acf":[],"yoast_head":"<!-- This site is optimized with the Yoast SEO plugin v27.4 - https:\/\/yoast.com\/product\/yoast-seo-wordpress\/ -->\n<title>Extrakt z hlohu - NATURAL POLAND - Velkoobchodn\u00ed distributor surovin<\/title>\n<meta name=\"description\" content=\"Extrakt z hlohu m\u00e1 \u0159adu zdravotn\u00edch \u00fa\u010dink\u016f: zlep\u0161uje krevn\u00ed ob\u011bh, posiluje c\u00e9vy a reguluje krevn\u00ed tlak.\" \/>\n<meta name=\"robots\" content=\"index, follow, max-snippet:-1, max-image-preview:large, max-video-preview:-1\" \/>\n<link rel=\"canonical\" href=\"https:\/\/naturalpoland.com\/cs\/produkty\/rostlinne-vytazky\/vytazek-z-hlohu-se-dvema-krky\/\" \/>\n<meta property=\"og:locale\" content=\"cs_CZ\" \/>\n<meta property=\"og:type\" content=\"article\" \/>\n<meta property=\"og:title\" content=\"Extrakt z hlohu - NATURAL POLAND - Velkoobchodn\u00ed distributor surovin\" \/>\n<meta property=\"og:description\" content=\"Extrakt z hlohu m\u00e1 \u0159adu zdravotn\u00edch \u00fa\u010dink\u016f: zlep\u0161uje krevn\u00ed ob\u011bh, posiluje c\u00e9vy a reguluje krevn\u00ed tlak.\" \/>\n<meta property=\"og:url\" content=\"https:\/\/naturalpoland.com\/cs\/produkty\/rostlinne-vytazky\/vytazek-z-hlohu-se-dvema-krky\/\" \/>\n<meta property=\"og:site_name\" content=\"NATURAL POLAND - Velkoobchodn\u00ed distributor surovin\" \/>\n<meta property=\"article:publisher\" content=\"https:\/\/www.facebook.com\/naturalpoland.b2b\" \/>\n<meta property=\"article:modified_time\" content=\"2024-09-12T13:36:42+00:00\" \/>\n<meta property=\"og:image\" content=\"https:\/\/naturalpoland.com\/wp-content\/uploads\/ekstrakt-z-owocu-glogu.webp\" \/>\n\t<meta property=\"og:image:width\" content=\"619\" \/>\n\t<meta property=\"og:image:height\" content=\"619\" \/>\n\t<meta property=\"og:image:type\" content=\"image\/webp\" \/>\n<script type=\"application\/ld+json\" class=\"yoast-schema-graph\">{\"@context\":\"https:\\\/\\\/schema.org\",\"@graph\":[{\"@type\":\"WebPage\",\"@id\":\"https:\\\/\\\/naturalpoland.com\\\/cs\\\/produkty\\\/rostlinne-vytazky\\\/vytazek-z-hlohu-se-dvema-krky\\\/\",\"url\":\"https:\\\/\\\/naturalpoland.com\\\/cs\\\/produkty\\\/rostlinne-vytazky\\\/vytazek-z-hlohu-se-dvema-krky\\\/\",\"name\":\"Extrakt z hlohu - NATURAL POLAND - Velkoobchodn\u00ed distributor surovin\",\"isPartOf\":{\"@id\":\"https:\\\/\\\/naturalpoland.com\\\/cs\\\/#website\"},\"primaryImageOfPage\":{\"@id\":\"https:\\\/\\\/naturalpoland.com\\\/cs\\\/produkty\\\/rostlinne-vytazky\\\/vytazek-z-hlohu-se-dvema-krky\\\/#primaryimage\"},\"image\":{\"@id\":\"https:\\\/\\\/naturalpoland.com\\\/cs\\\/produkty\\\/rostlinne-vytazky\\\/vytazek-z-hlohu-se-dvema-krky\\\/#primaryimage\"},\"thumbnailUrl\":\"https:\\\/\\\/naturalpoland.com\\\/wp-content\\\/uploads\\\/ekstrakt-z-owocu-glogu.webp\",\"datePublished\":\"2021-09-21T12:58:14+00:00\",\"dateModified\":\"2024-09-12T13:36:42+00:00\",\"description\":\"Extrakt z hlohu m\u00e1 \u0159adu zdravotn\u00edch \u00fa\u010dink\u016f: zlep\u0161uje krevn\u00ed ob\u011bh, posiluje c\u00e9vy a reguluje krevn\u00ed tlak.\",\"breadcrumb\":{\"@id\":\"https:\\\/\\\/naturalpoland.com\\\/cs\\\/produkty\\\/rostlinne-vytazky\\\/vytazek-z-hlohu-se-dvema-krky\\\/#breadcrumb\"},\"inLanguage\":\"cs\",\"potentialAction\":[{\"@type\":\"ReadAction\",\"target\":[\"https:\\\/\\\/naturalpoland.com\\\/cs\\\/produkty\\\/rostlinne-vytazky\\\/vytazek-z-hlohu-se-dvema-krky\\\/\"]}]},{\"@type\":\"ImageObject\",\"inLanguage\":\"cs\",\"@id\":\"https:\\\/\\\/naturalpoland.com\\\/cs\\\/produkty\\\/rostlinne-vytazky\\\/vytazek-z-hlohu-se-dvema-krky\\\/#primaryimage\",\"url\":\"https:\\\/\\\/naturalpoland.com\\\/wp-content\\\/uploads\\\/ekstrakt-z-owocu-glogu.webp\",\"contentUrl\":\"https:\\\/\\\/naturalpoland.com\\\/wp-content\\\/uploads\\\/ekstrakt-z-owocu-glogu.webp\",\"width\":619,\"height\":619,\"caption\":\"Ekstrakt z owoc\u00f3w g\u0142ogu\"},{\"@type\":\"BreadcrumbList\",\"@id\":\"https:\\\/\\\/naturalpoland.com\\\/cs\\\/produkty\\\/rostlinne-vytazky\\\/vytazek-z-hlohu-se-dvema-krky\\\/#breadcrumb\",\"itemListElement\":[{\"@type\":\"ListItem\",\"position\":1,\"name\":\"Dom\u016f\",\"item\":\"https:\\\/\\\/naturalpoland.com\\\/cs\\\/\"},{\"@type\":\"ListItem\",\"position\":2,\"name\":\"Produkty\",\"item\":\"https:\\\/\\\/naturalpoland.com\\\/cs\\\/produkty\\\/\"},{\"@type\":\"ListItem\",\"position\":3,\"name\":\"Extrakt z hlohu\"}]},{\"@type\":\"WebSite\",\"@id\":\"https:\\\/\\\/naturalpoland.com\\\/cs\\\/#website\",\"url\":\"https:\\\/\\\/naturalpoland.com\\\/cs\\\/\",\"name\":\"NATURAL POLAND - Velkoobchodn\u00ed distributor surovin\",\"description\":\"Surowce dla przemys\u0142u spo\u017cywczego, kosmetycznego i farmaceutycznego\",\"publisher\":{\"@id\":\"https:\\\/\\\/naturalpoland.com\\\/cs\\\/#organization\"},\"potentialAction\":[{\"@type\":\"SearchAction\",\"target\":{\"@type\":\"EntryPoint\",\"urlTemplate\":\"https:\\\/\\\/naturalpoland.com\\\/cs\\\/?s={search_term_string}\"},\"query-input\":{\"@type\":\"PropertyValueSpecification\",\"valueRequired\":true,\"valueName\":\"search_term_string\"}}],\"inLanguage\":\"cs\"},{\"@type\":\"Organization\",\"@id\":\"https:\\\/\\\/naturalpoland.com\\\/cs\\\/#organization\",\"name\":\"Natural Poland\",\"url\":\"https:\\\/\\\/naturalpoland.com\\\/cs\\\/\",\"logo\":{\"@type\":\"ImageObject\",\"inLanguage\":\"cs\",\"@id\":\"https:\\\/\\\/naturalpoland.com\\\/cs\\\/#\\\/schema\\\/logo\\\/image\\\/\",\"url\":\"https:\\\/\\\/naturalpoland.com\\\/wp-content\\\/uploads\\\/2021\\\/05\\\/natural-poland-icon.png\",\"contentUrl\":\"https:\\\/\\\/naturalpoland.com\\\/wp-content\\\/uploads\\\/2021\\\/05\\\/natural-poland-icon.png\",\"width\":512,\"height\":512,\"caption\":\"Natural Poland\"},\"image\":{\"@id\":\"https:\\\/\\\/naturalpoland.com\\\/cs\\\/#\\\/schema\\\/logo\\\/image\\\/\"},\"sameAs\":[\"https:\\\/\\\/www.facebook.com\\\/naturalpoland.b2b\",\"https:\\\/\\\/pl.linkedin.com\\\/company\\\/natural-poland\",\"https:\\\/\\\/www.youtube.com\\\/channel\\\/UCgeGGkvOMahZo-xu_MSEWxg\"]}]}<\/script>\n<!-- \/ Yoast SEO plugin. -->","yoast_head_json":{"title":"Extrakt z hlohu - NATURAL POLAND - Velkoobchodn\u00ed distributor surovin","description":"Extrakt z hlohu m\u00e1 \u0159adu zdravotn\u00edch \u00fa\u010dink\u016f: zlep\u0161uje krevn\u00ed ob\u011bh, posiluje c\u00e9vy a reguluje krevn\u00ed tlak.","robots":{"index":"index","follow":"follow","max-snippet":"max-snippet:-1","max-image-preview":"max-image-preview:large","max-video-preview":"max-video-preview:-1"},"canonical":"https:\/\/naturalpoland.com\/cs\/produkty\/rostlinne-vytazky\/vytazek-z-hlohu-se-dvema-krky\/","og_locale":"cs_CZ","og_type":"article","og_title":"Extrakt z hlohu - NATURAL POLAND - Velkoobchodn\u00ed distributor surovin","og_description":"Extrakt z hlohu m\u00e1 \u0159adu zdravotn\u00edch \u00fa\u010dink\u016f: zlep\u0161uje krevn\u00ed ob\u011bh, posiluje c\u00e9vy a reguluje krevn\u00ed tlak.","og_url":"https:\/\/naturalpoland.com\/cs\/produkty\/rostlinne-vytazky\/vytazek-z-hlohu-se-dvema-krky\/","og_site_name":"NATURAL POLAND - Velkoobchodn\u00ed distributor surovin","article_publisher":"https:\/\/www.facebook.com\/naturalpoland.b2b","article_modified_time":"2024-09-12T13:36:42+00:00","og_image":[{"width":619,"height":619,"url":"https:\/\/naturalpoland.com\/wp-content\/uploads\/ekstrakt-z-owocu-glogu.webp","type":"image\/webp"}],"schema":{"@context":"https:\/\/schema.org","@graph":[{"@type":"WebPage","@id":"https:\/\/naturalpoland.com\/cs\/produkty\/rostlinne-vytazky\/vytazek-z-hlohu-se-dvema-krky\/","url":"https:\/\/naturalpoland.com\/cs\/produkty\/rostlinne-vytazky\/vytazek-z-hlohu-se-dvema-krky\/","name":"Extrakt z hlohu - NATURAL POLAND - Velkoobchodn\u00ed distributor surovin","isPartOf":{"@id":"https:\/\/naturalpoland.com\/cs\/#website"},"primaryImageOfPage":{"@id":"https:\/\/naturalpoland.com\/cs\/produkty\/rostlinne-vytazky\/vytazek-z-hlohu-se-dvema-krky\/#primaryimage"},"image":{"@id":"https:\/\/naturalpoland.com\/cs\/produkty\/rostlinne-vytazky\/vytazek-z-hlohu-se-dvema-krky\/#primaryimage"},"thumbnailUrl":"https:\/\/naturalpoland.com\/wp-content\/uploads\/ekstrakt-z-owocu-glogu.webp","datePublished":"2021-09-21T12:58:14+00:00","dateModified":"2024-09-12T13:36:42+00:00","description":"Extrakt z hlohu m\u00e1 \u0159adu zdravotn\u00edch \u00fa\u010dink\u016f: zlep\u0161uje krevn\u00ed ob\u011bh, posiluje c\u00e9vy a reguluje krevn\u00ed tlak.","breadcrumb":{"@id":"https:\/\/naturalpoland.com\/cs\/produkty\/rostlinne-vytazky\/vytazek-z-hlohu-se-dvema-krky\/#breadcrumb"},"inLanguage":"cs","potentialAction":[{"@type":"ReadAction","target":["https:\/\/naturalpoland.com\/cs\/produkty\/rostlinne-vytazky\/vytazek-z-hlohu-se-dvema-krky\/"]}]},{"@type":"ImageObject","inLanguage":"cs","@id":"https:\/\/naturalpoland.com\/cs\/produkty\/rostlinne-vytazky\/vytazek-z-hlohu-se-dvema-krky\/#primaryimage","url":"https:\/\/naturalpoland.com\/wp-content\/uploads\/ekstrakt-z-owocu-glogu.webp","contentUrl":"https:\/\/naturalpoland.com\/wp-content\/uploads\/ekstrakt-z-owocu-glogu.webp","width":619,"height":619,"caption":"Ekstrakt z owoc\u00f3w g\u0142ogu"},{"@type":"BreadcrumbList","@id":"https:\/\/naturalpoland.com\/cs\/produkty\/rostlinne-vytazky\/vytazek-z-hlohu-se-dvema-krky\/#breadcrumb","itemListElement":[{"@type":"ListItem","position":1,"name":"Dom\u016f","item":"https:\/\/naturalpoland.com\/cs\/"},{"@type":"ListItem","position":2,"name":"Produkty","item":"https:\/\/naturalpoland.com\/cs\/produkty\/"},{"@type":"ListItem","position":3,"name":"Extrakt z hlohu"}]},{"@type":"WebSite","@id":"https:\/\/naturalpoland.com\/cs\/#website","url":"https:\/\/naturalpoland.com\/cs\/","name":"NATURAL POLAND - Velkoobchodn\u00ed distributor surovin","description":"Surowce dla przemys\u0142u spo\u017cywczego, kosmetycznego i farmaceutycznego","publisher":{"@id":"https:\/\/naturalpoland.com\/cs\/#organization"},"potentialAction":[{"@type":"SearchAction","target":{"@type":"EntryPoint","urlTemplate":"https:\/\/naturalpoland.com\/cs\/?s={search_term_string}"},"query-input":{"@type":"PropertyValueSpecification","valueRequired":true,"valueName":"search_term_string"}}],"inLanguage":"cs"},{"@type":"Organization","@id":"https:\/\/naturalpoland.com\/cs\/#organization","name":"Natural Poland","url":"https:\/\/naturalpoland.com\/cs\/","logo":{"@type":"ImageObject","inLanguage":"cs","@id":"https:\/\/naturalpoland.com\/cs\/#\/schema\/logo\/image\/","url":"https:\/\/naturalpoland.com\/wp-content\/uploads\/2021\/05\/natural-poland-icon.png","contentUrl":"https:\/\/naturalpoland.com\/wp-content\/uploads\/2021\/05\/natural-poland-icon.png","width":512,"height":512,"caption":"Natural Poland"},"image":{"@id":"https:\/\/naturalpoland.com\/cs\/#\/schema\/logo\/image\/"},"sameAs":["https:\/\/www.facebook.com\/naturalpoland.b2b","https:\/\/pl.linkedin.com\/company\/natural-poland","https:\/\/www.youtube.com\/channel\/UCgeGGkvOMahZo-xu_MSEWxg"]}]}},"_links":{"self":[{"href":"https:\/\/naturalpoland.com\/cs\/wp-json\/wp\/v2\/product\/12270","targetHints":{"allow":["GET"]}}],"collection":[{"href":"https:\/\/naturalpoland.com\/cs\/wp-json\/wp\/v2\/product"}],"about":[{"href":"https:\/\/naturalpoland.com\/cs\/wp-json\/wp\/v2\/types\/product"}],"wp:featuredmedia":[{"embeddable":true,"href":"https:\/\/naturalpoland.com\/cs\/wp-json\/wp\/v2\/media\/35523"}],"wp:attachment":[{"href":"https:\/\/naturalpoland.com\/cs\/wp-json\/wp\/v2\/media?parent=12270"}],"wp:term":[{"taxonomy":"product_brand","embeddable":true,"href":"https:\/\/naturalpoland.com\/cs\/wp-json\/wp\/v2\/product_brand?post=12270"},{"taxonomy":"product_cat","embeddable":true,"href":"https:\/\/naturalpoland.com\/cs\/wp-json\/wp\/v2\/product_cat?post=12270"},{"taxonomy":"product_tag","embeddable":true,"href":"https:\/\/naturalpoland.com\/cs\/wp-json\/wp\/v2\/product_tag?post=12270"}],"curies":[{"name":"wp","href":"https:\/\/api.w.org\/{rel}","templated":true}]}}