{"id":12317,"date":"2021-05-11T13:40:12","date_gmt":"2021-09-21T12:59:32","guid":{"rendered":"https:\/\/naturalpoland.pl\/produkty\/nezarazene\/extrakt-ze-listu-ostruziny-sladke\/"},"modified":"2025-06-30T13:50:12","modified_gmt":"2025-06-30T11:50:12","slug":"extrakt-z-listu-ostruzina-sladka","status":"publish","type":"product","link":"https:\/\/naturalpoland.com\/cs\/produkty\/rostlinne-vytazky\/extrakt-z-listu-ostruzina-sladka\/","title":{"rendered":"Extrakt z list\u016f ostru\u017einy sladk\u00e9"},"content":{"rendered":"<p>Extrakt z list\u016f ostru\u017einy sladk\u00e9 lze pou\u017e\u00edt ke slazen\u00ed produkt\u016f. M\u00e1 tak\u00e9 l\u00e9\u010div\u00e9 vlastnosti, d\u00edky nim\u017e se snadno pou\u017e\u00edv\u00e1 p\u0159i v\u00fdrob\u011b kosmetiky. V prvn\u00ed \u0159ad\u011b si mus\u00edte pamatovat, \u017ee ostru\u017eina m\u00e1 vysok\u00fd obsah antioxidant\u016f, proto se doporu\u010duje pro p\u00e9\u010di o zralou a problematickou ple\u0165.<\/p>\n<p>Sladk\u00e9 ostru\u017einov\u00e9 listy se doporu\u010duj\u00ed k p\u0159\u00edprav\u011b infuz\u00ed p\u0159i an\u00e9mii. M\u016f\u017eete je tak\u00e9 p\u0159idat do koupele, abyste poko\u017eku d\u016fkladn\u011b vy\u010distili a zpevnili. Tento extrakt m\u00e1 vysok\u00fd obsah vitam\u00edn\u016f C a E, kter\u00e9 pom\u00e1haj\u00ed poko\u017eku regenerovat a nav\u00edc ji zpev\u0148uj\u00ed a omlazuj\u00ed. Obsahuje tak\u00e9 antokyany, kter\u00e9 maj\u00ed protiz\u00e1n\u011btliv\u00e9 a antibakteri\u00e1ln\u00ed vlastnosti.<\/p>\n","protected":false},"excerpt":{"rendered":"<p>Extrakt z list\u016f ostru\u017einy sladk\u00e9 je p\u0159\u00edrodn\u00ed sladidlo ur\u010den\u00e9 pro potravin\u00e1\u0159sk\u00fd pr\u016fmysl. Tento extrakt se pou\u017e\u00edv\u00e1 k maskov\u00e1n\u00ed ho\u0159kosti a oslazen\u00ed potravin\u00e1\u0159sk\u00fdch v\u00fdrobk\u016f.<\/p>\n<p>Sladk\u00e9 ostru\u017einov\u00e9 listy se z\u00edsk\u00e1vaj\u00ed ze nezne\u010di\u0161t\u011bn\u00fdch oblast\u00ed st\u0159edn\u00ed \u010c\u00edny, z plant\u00e1\u017e\u00ed, kter\u00e9 jsme zkontrolovali.<\/p>\n","protected":false},"featured_media":8221,"template":"","meta":{"_acf_changed":false},"product_brand":[],"product_cat":[622],"product_tag":[],"class_list":{"0":"post-12317","1":"product","2":"type-product","3":"status-publish","4":"has-post-thumbnail","6":"product_cat-rostlinne-vytazky","8":"first","9":"instock","10":"shipping-taxable","11":"product-type-simple"},"acf":[],"yoast_head":"<!-- This site is optimized with the Yoast SEO plugin v27.4 - https:\/\/yoast.com\/product\/yoast-seo-wordpress\/ -->\n<title>Extrakt z list\u016f ostru\u017einy sladk\u00e9 - Velkoobchodn\u00ed distributor<\/title>\n<meta name=\"robots\" content=\"index, follow, max-snippet:-1, max-image-preview:large, max-video-preview:-1\" \/>\n<link rel=\"canonical\" href=\"https:\/\/naturalpoland.com\/cs\/produkty\/rostlinne-vytazky\/extrakt-z-listu-ostruzina-sladka\/\" \/>\n<meta property=\"og:locale\" content=\"cs_CZ\" \/>\n<meta property=\"og:type\" content=\"article\" \/>\n<meta property=\"og:title\" content=\"Extrakt z list\u016f ostru\u017einy sladk\u00e9 - Velkoobchodn\u00ed distributor\" \/>\n<meta property=\"og:description\" content=\"Extrakt z list\u016f ostru\u017einy sladk\u00e9 je p\u0159\u00edrodn\u00ed sladidlo ur\u010den\u00e9 pro potravin\u00e1\u0159sk\u00fd pr\u016fmysl. Tento extrakt se pou\u017e\u00edv\u00e1 k maskov\u00e1n\u00ed ho\u0159kosti a oslazen\u00ed potravin\u00e1\u0159sk\u00fdch v\u00fdrobk\u016f.  Sladk\u00e9 ostru\u017einov\u00e9 listy se z\u00edsk\u00e1vaj\u00ed ze nezne\u010di\u0161t\u011bn\u00fdch oblast\u00ed st\u0159edn\u00ed \u010c\u00edny, z plant\u00e1\u017e\u00ed, kter\u00e9 jsme zkontrolovali.\" \/>\n<meta property=\"og:url\" content=\"https:\/\/naturalpoland.com\/cs\/produkty\/rostlinne-vytazky\/extrakt-z-listu-ostruzina-sladka\/\" \/>\n<meta property=\"og:site_name\" content=\"NATURAL POLAND - Velkoobchodn\u00ed distributor surovin\" \/>\n<meta property=\"article:publisher\" content=\"https:\/\/www.facebook.com\/naturalpoland.b2b\" \/>\n<meta property=\"article:modified_time\" content=\"2025-06-30T11:50:12+00:00\" \/>\n<meta property=\"og:image\" content=\"https:\/\/naturalpoland.com\/wp-content\/uploads\/2021\/05\/fresh-blackberry-leaf-extract.jpg\" \/>\n\t<meta property=\"og:image:width\" content=\"1920\" \/>\n\t<meta property=\"og:image:height\" content=\"1280\" \/>\n\t<meta property=\"og:image:type\" content=\"image\/jpeg\" \/>\n<script type=\"application\/ld+json\" class=\"yoast-schema-graph\">{\"@context\":\"https:\\\/\\\/schema.org\",\"@graph\":[{\"@type\":\"WebPage\",\"@id\":\"https:\\\/\\\/naturalpoland.com\\\/cs\\\/produkty\\\/rostlinne-vytazky\\\/extrakt-z-listu-ostruzina-sladka\\\/\",\"url\":\"https:\\\/\\\/naturalpoland.com\\\/cs\\\/produkty\\\/rostlinne-vytazky\\\/extrakt-z-listu-ostruzina-sladka\\\/\",\"name\":\"Extrakt z list\u016f ostru\u017einy sladk\u00e9 - Velkoobchodn\u00ed distributor\",\"isPartOf\":{\"@id\":\"https:\\\/\\\/naturalpoland.com\\\/cs\\\/#website\"},\"primaryImageOfPage\":{\"@id\":\"https:\\\/\\\/naturalpoland.com\\\/cs\\\/produkty\\\/rostlinne-vytazky\\\/extrakt-z-listu-ostruzina-sladka\\\/#primaryimage\"},\"image\":{\"@id\":\"https:\\\/\\\/naturalpoland.com\\\/cs\\\/produkty\\\/rostlinne-vytazky\\\/extrakt-z-listu-ostruzina-sladka\\\/#primaryimage\"},\"thumbnailUrl\":\"https:\\\/\\\/naturalpoland.com\\\/wp-content\\\/uploads\\\/2021\\\/05\\\/fresh-blackberry-leaf-extract.jpg\",\"datePublished\":\"2021-09-21T12:59:32+00:00\",\"dateModified\":\"2025-06-30T11:50:12+00:00\",\"breadcrumb\":{\"@id\":\"https:\\\/\\\/naturalpoland.com\\\/cs\\\/produkty\\\/rostlinne-vytazky\\\/extrakt-z-listu-ostruzina-sladka\\\/#breadcrumb\"},\"inLanguage\":\"cs\",\"potentialAction\":[{\"@type\":\"ReadAction\",\"target\":[\"https:\\\/\\\/naturalpoland.com\\\/cs\\\/produkty\\\/rostlinne-vytazky\\\/extrakt-z-listu-ostruzina-sladka\\\/\"]}]},{\"@type\":\"ImageObject\",\"inLanguage\":\"cs\",\"@id\":\"https:\\\/\\\/naturalpoland.com\\\/cs\\\/produkty\\\/rostlinne-vytazky\\\/extrakt-z-listu-ostruzina-sladka\\\/#primaryimage\",\"url\":\"https:\\\/\\\/naturalpoland.com\\\/wp-content\\\/uploads\\\/2021\\\/05\\\/fresh-blackberry-leaf-extract.jpg\",\"contentUrl\":\"https:\\\/\\\/naturalpoland.com\\\/wp-content\\\/uploads\\\/2021\\\/05\\\/fresh-blackberry-leaf-extract.jpg\",\"width\":1920,\"height\":1280},{\"@type\":\"BreadcrumbList\",\"@id\":\"https:\\\/\\\/naturalpoland.com\\\/cs\\\/produkty\\\/rostlinne-vytazky\\\/extrakt-z-listu-ostruzina-sladka\\\/#breadcrumb\",\"itemListElement\":[{\"@type\":\"ListItem\",\"position\":1,\"name\":\"Dom\u016f\",\"item\":\"https:\\\/\\\/naturalpoland.com\\\/cs\\\/\"},{\"@type\":\"ListItem\",\"position\":2,\"name\":\"Produkty\",\"item\":\"https:\\\/\\\/naturalpoland.com\\\/cs\\\/produkty\\\/\"},{\"@type\":\"ListItem\",\"position\":3,\"name\":\"Extrakt z list\u016f ostru\u017einy sladk\u00e9\"}]},{\"@type\":\"WebSite\",\"@id\":\"https:\\\/\\\/naturalpoland.com\\\/cs\\\/#website\",\"url\":\"https:\\\/\\\/naturalpoland.com\\\/cs\\\/\",\"name\":\"NATURAL POLAND - Velkoobchodn\u00ed distributor surovin\",\"description\":\"Surowce dla przemys\u0142u spo\u017cywczego, kosmetycznego i farmaceutycznego\",\"publisher\":{\"@id\":\"https:\\\/\\\/naturalpoland.com\\\/cs\\\/#organization\"},\"potentialAction\":[{\"@type\":\"SearchAction\",\"target\":{\"@type\":\"EntryPoint\",\"urlTemplate\":\"https:\\\/\\\/naturalpoland.com\\\/cs\\\/?s={search_term_string}\"},\"query-input\":{\"@type\":\"PropertyValueSpecification\",\"valueRequired\":true,\"valueName\":\"search_term_string\"}}],\"inLanguage\":\"cs\"},{\"@type\":\"Organization\",\"@id\":\"https:\\\/\\\/naturalpoland.com\\\/cs\\\/#organization\",\"name\":\"Natural Poland\",\"url\":\"https:\\\/\\\/naturalpoland.com\\\/cs\\\/\",\"logo\":{\"@type\":\"ImageObject\",\"inLanguage\":\"cs\",\"@id\":\"https:\\\/\\\/naturalpoland.com\\\/cs\\\/#\\\/schema\\\/logo\\\/image\\\/\",\"url\":\"https:\\\/\\\/naturalpoland.com\\\/wp-content\\\/uploads\\\/2021\\\/05\\\/natural-poland-icon.png\",\"contentUrl\":\"https:\\\/\\\/naturalpoland.com\\\/wp-content\\\/uploads\\\/2021\\\/05\\\/natural-poland-icon.png\",\"width\":512,\"height\":512,\"caption\":\"Natural Poland\"},\"image\":{\"@id\":\"https:\\\/\\\/naturalpoland.com\\\/cs\\\/#\\\/schema\\\/logo\\\/image\\\/\"},\"sameAs\":[\"https:\\\/\\\/www.facebook.com\\\/naturalpoland.b2b\",\"https:\\\/\\\/pl.linkedin.com\\\/company\\\/natural-poland\",\"https:\\\/\\\/www.youtube.com\\\/channel\\\/UCgeGGkvOMahZo-xu_MSEWxg\"]}]}<\/script>\n<!-- \/ Yoast SEO plugin. -->","yoast_head_json":{"title":"Extrakt z list\u016f ostru\u017einy sladk\u00e9 - Velkoobchodn\u00ed distributor","robots":{"index":"index","follow":"follow","max-snippet":"max-snippet:-1","max-image-preview":"max-image-preview:large","max-video-preview":"max-video-preview:-1"},"canonical":"https:\/\/naturalpoland.com\/cs\/produkty\/rostlinne-vytazky\/extrakt-z-listu-ostruzina-sladka\/","og_locale":"cs_CZ","og_type":"article","og_title":"Extrakt z list\u016f ostru\u017einy sladk\u00e9 - Velkoobchodn\u00ed distributor","og_description":"Extrakt z list\u016f ostru\u017einy sladk\u00e9 je p\u0159\u00edrodn\u00ed sladidlo ur\u010den\u00e9 pro potravin\u00e1\u0159sk\u00fd pr\u016fmysl. Tento extrakt se pou\u017e\u00edv\u00e1 k maskov\u00e1n\u00ed ho\u0159kosti a oslazen\u00ed potravin\u00e1\u0159sk\u00fdch v\u00fdrobk\u016f.  Sladk\u00e9 ostru\u017einov\u00e9 listy se z\u00edsk\u00e1vaj\u00ed ze nezne\u010di\u0161t\u011bn\u00fdch oblast\u00ed st\u0159edn\u00ed \u010c\u00edny, z plant\u00e1\u017e\u00ed, kter\u00e9 jsme zkontrolovali.","og_url":"https:\/\/naturalpoland.com\/cs\/produkty\/rostlinne-vytazky\/extrakt-z-listu-ostruzina-sladka\/","og_site_name":"NATURAL POLAND - Velkoobchodn\u00ed distributor surovin","article_publisher":"https:\/\/www.facebook.com\/naturalpoland.b2b","article_modified_time":"2025-06-30T11:50:12+00:00","og_image":[{"width":1920,"height":1280,"url":"https:\/\/naturalpoland.com\/wp-content\/uploads\/2021\/05\/fresh-blackberry-leaf-extract.jpg","type":"image\/jpeg"}],"schema":{"@context":"https:\/\/schema.org","@graph":[{"@type":"WebPage","@id":"https:\/\/naturalpoland.com\/cs\/produkty\/rostlinne-vytazky\/extrakt-z-listu-ostruzina-sladka\/","url":"https:\/\/naturalpoland.com\/cs\/produkty\/rostlinne-vytazky\/extrakt-z-listu-ostruzina-sladka\/","name":"Extrakt z list\u016f ostru\u017einy sladk\u00e9 - Velkoobchodn\u00ed distributor","isPartOf":{"@id":"https:\/\/naturalpoland.com\/cs\/#website"},"primaryImageOfPage":{"@id":"https:\/\/naturalpoland.com\/cs\/produkty\/rostlinne-vytazky\/extrakt-z-listu-ostruzina-sladka\/#primaryimage"},"image":{"@id":"https:\/\/naturalpoland.com\/cs\/produkty\/rostlinne-vytazky\/extrakt-z-listu-ostruzina-sladka\/#primaryimage"},"thumbnailUrl":"https:\/\/naturalpoland.com\/wp-content\/uploads\/2021\/05\/fresh-blackberry-leaf-extract.jpg","datePublished":"2021-09-21T12:59:32+00:00","dateModified":"2025-06-30T11:50:12+00:00","breadcrumb":{"@id":"https:\/\/naturalpoland.com\/cs\/produkty\/rostlinne-vytazky\/extrakt-z-listu-ostruzina-sladka\/#breadcrumb"},"inLanguage":"cs","potentialAction":[{"@type":"ReadAction","target":["https:\/\/naturalpoland.com\/cs\/produkty\/rostlinne-vytazky\/extrakt-z-listu-ostruzina-sladka\/"]}]},{"@type":"ImageObject","inLanguage":"cs","@id":"https:\/\/naturalpoland.com\/cs\/produkty\/rostlinne-vytazky\/extrakt-z-listu-ostruzina-sladka\/#primaryimage","url":"https:\/\/naturalpoland.com\/wp-content\/uploads\/2021\/05\/fresh-blackberry-leaf-extract.jpg","contentUrl":"https:\/\/naturalpoland.com\/wp-content\/uploads\/2021\/05\/fresh-blackberry-leaf-extract.jpg","width":1920,"height":1280},{"@type":"BreadcrumbList","@id":"https:\/\/naturalpoland.com\/cs\/produkty\/rostlinne-vytazky\/extrakt-z-listu-ostruzina-sladka\/#breadcrumb","itemListElement":[{"@type":"ListItem","position":1,"name":"Dom\u016f","item":"https:\/\/naturalpoland.com\/cs\/"},{"@type":"ListItem","position":2,"name":"Produkty","item":"https:\/\/naturalpoland.com\/cs\/produkty\/"},{"@type":"ListItem","position":3,"name":"Extrakt z list\u016f ostru\u017einy sladk\u00e9"}]},{"@type":"WebSite","@id":"https:\/\/naturalpoland.com\/cs\/#website","url":"https:\/\/naturalpoland.com\/cs\/","name":"NATURAL POLAND - Velkoobchodn\u00ed distributor surovin","description":"Surowce dla przemys\u0142u spo\u017cywczego, kosmetycznego i farmaceutycznego","publisher":{"@id":"https:\/\/naturalpoland.com\/cs\/#organization"},"potentialAction":[{"@type":"SearchAction","target":{"@type":"EntryPoint","urlTemplate":"https:\/\/naturalpoland.com\/cs\/?s={search_term_string}"},"query-input":{"@type":"PropertyValueSpecification","valueRequired":true,"valueName":"search_term_string"}}],"inLanguage":"cs"},{"@type":"Organization","@id":"https:\/\/naturalpoland.com\/cs\/#organization","name":"Natural Poland","url":"https:\/\/naturalpoland.com\/cs\/","logo":{"@type":"ImageObject","inLanguage":"cs","@id":"https:\/\/naturalpoland.com\/cs\/#\/schema\/logo\/image\/","url":"https:\/\/naturalpoland.com\/wp-content\/uploads\/2021\/05\/natural-poland-icon.png","contentUrl":"https:\/\/naturalpoland.com\/wp-content\/uploads\/2021\/05\/natural-poland-icon.png","width":512,"height":512,"caption":"Natural Poland"},"image":{"@id":"https:\/\/naturalpoland.com\/cs\/#\/schema\/logo\/image\/"},"sameAs":["https:\/\/www.facebook.com\/naturalpoland.b2b","https:\/\/pl.linkedin.com\/company\/natural-poland","https:\/\/www.youtube.com\/channel\/UCgeGGkvOMahZo-xu_MSEWxg"]}]}},"_links":{"self":[{"href":"https:\/\/naturalpoland.com\/cs\/wp-json\/wp\/v2\/product\/12317","targetHints":{"allow":["GET"]}}],"collection":[{"href":"https:\/\/naturalpoland.com\/cs\/wp-json\/wp\/v2\/product"}],"about":[{"href":"https:\/\/naturalpoland.com\/cs\/wp-json\/wp\/v2\/types\/product"}],"wp:featuredmedia":[{"embeddable":true,"href":"https:\/\/naturalpoland.com\/cs\/wp-json\/wp\/v2\/media\/8221"}],"wp:attachment":[{"href":"https:\/\/naturalpoland.com\/cs\/wp-json\/wp\/v2\/media?parent=12317"}],"wp:term":[{"taxonomy":"product_brand","embeddable":true,"href":"https:\/\/naturalpoland.com\/cs\/wp-json\/wp\/v2\/product_brand?post=12317"},{"taxonomy":"product_cat","embeddable":true,"href":"https:\/\/naturalpoland.com\/cs\/wp-json\/wp\/v2\/product_cat?post=12317"},{"taxonomy":"product_tag","embeddable":true,"href":"https:\/\/naturalpoland.com\/cs\/wp-json\/wp\/v2\/product_tag?post=12317"}],"curies":[{"name":"wp","href":"https:\/\/api.w.org\/{rel}","templated":true}]}}