{"id":12432,"date":"2021-05-11T13:42:56","date_gmt":"2021-09-21T13:02:23","guid":{"rendered":"https:\/\/naturalpoland.pl\/produkty\/nezarazene\/glykosidy-steviolu-95-reb-a-80-a-reb-a-60-stevia\/"},"modified":"2021-09-21T15:02:23","modified_gmt":"2021-09-21T13:02:23","slug":"steviol-glykosidy-95-reb-a-80-i-reb-a-60-stevia","status":"publish","type":"product","link":"https:\/\/naturalpoland.com\/cs\/produkty\/produkty-pro-potravinarsky-prumysl\/suroviny-pro-vyrobu\/steviol-glykosidy-95-reb-a-80-i-reb-a-60-stevia\/","title":{"rendered":"Glykosidy steviolu 95 REB-A 80 a REB-A 60 (Stevia)"},"content":{"rendered":"<p>St\u00e9vie nav\u00edc neobsahuje konzervanty ani ho\u0159k\u00e9 l\u00e1tky, kter\u00e9 by mohly nep\u0159\u00edzniv\u011b ovlivnit jej\u00ed p\u0159irozenou, sladkou chu\u0165. Stevia se doporu\u010duje lidem, kte\u0159\u00ed cht\u011bj\u00ed zhubnout, diabetik\u016fm, lidem, kte\u0159\u00ed maj\u00ed probl\u00e9my s kol\u00eds\u00e1n\u00edm krevn\u00edho cukru, a tak\u00e9 lidem, kte\u0159\u00ed cht\u011bj\u00ed \u017e\u00edt zdrav\u011b. D\u016fle\u017eit\u00e9 je, \u017ee st\u00e9vii mohou konzumovat dosp\u011bl\u00ed i d\u011bti. Mohou ji tedy j\u00edst cel\u00e9 rodiny.<\/p>\n","protected":false},"excerpt":{"rendered":"<p>Glykosidy steviolu 95 REB-A 80 a REB-A 60, b\u011b\u017en\u011b zn\u00e1m\u00e9 jako st\u00e9vie nebo st\u00e9vie, jsou rostlinn\u00fdmi n\u00e1hra\u017ekami b\u00edl\u00e9ho cukru. Za svou popularitu vd\u011b\u010d\u00ed sv\u00fdm vlastnostem. Glykosidy Steviol jsou sladk\u00e9 a lze je snadno pou\u017e\u00edt jako zdravou a p\u0159irozenou n\u00e1hradu za b\u00edl\u00fd cukr.<\/p>\n","protected":false},"featured_media":12435,"template":"","meta":{"_acf_changed":false},"product_brand":[],"product_cat":[641],"product_tag":[],"class_list":{"0":"post-12432","1":"product","2":"type-product","3":"status-publish","4":"has-post-thumbnail","6":"product_cat-suroviny-pro-vyrobu","7":"pa_grupa-substancji-fenoly-a-polyfenoly","9":"first","10":"instock","11":"shipping-taxable","12":"product-type-simple"},"acf":[],"yoast_head":"<!-- This site is optimized with the Yoast SEO plugin v27.4 - https:\/\/yoast.com\/product\/yoast-seo-wordpress\/ -->\n<title>Glykosidy steviolu 95 REB-A 80 a REB-A 60 (Stevia) - Velkoobchodn\u00ed distributor<\/title>\n<meta name=\"robots\" content=\"index, follow, max-snippet:-1, max-image-preview:large, max-video-preview:-1\" \/>\n<link rel=\"canonical\" href=\"https:\/\/naturalpoland.com\/cs\/produkty\/produkty-pro-potravinarsky-prumysl\/suroviny-pro-vyrobu\/steviol-glykosidy-95-reb-a-80-i-reb-a-60-stevia\/\" \/>\n<meta property=\"og:locale\" content=\"cs_CZ\" \/>\n<meta property=\"og:type\" content=\"article\" \/>\n<meta property=\"og:title\" content=\"Glykosidy steviolu 95 REB-A 80 a REB-A 60 (Stevia) - Velkoobchodn\u00ed distributor\" \/>\n<meta property=\"og:description\" content=\"Glykosidy steviolu 95 REB-A 80 a REB-A 60, b\u011b\u017en\u011b zn\u00e1m\u00e9 jako st\u00e9vie nebo st\u00e9vie, jsou rostlinn\u00fdmi n\u00e1hra\u017ekami b\u00edl\u00e9ho cukru. Za svou popularitu vd\u011b\u010d\u00ed sv\u00fdm vlastnostem. Glykosidy Steviol jsou sladk\u00e9 a lze je snadno pou\u017e\u00edt jako zdravou a p\u0159irozenou n\u00e1hradu za b\u00edl\u00fd cukr.\" \/>\n<meta property=\"og:url\" content=\"https:\/\/naturalpoland.com\/cs\/produkty\/produkty-pro-potravinarsky-prumysl\/suroviny-pro-vyrobu\/steviol-glykosidy-95-reb-a-80-i-reb-a-60-stevia\/\" \/>\n<meta property=\"og:site_name\" content=\"NATURAL POLAND - Velkoobchodn\u00ed distributor surovin\" \/>\n<meta property=\"article:publisher\" content=\"https:\/\/www.facebook.com\/naturalpoland.b2b\" \/>\n<meta property=\"og:image\" content=\"https:\/\/naturalpoland.com\/wp-content\/uploads\/2021\/05\/steviol-glycosides-95-reb-a-80-and-reb-a-60-stevia.jpg\" \/>\n\t<meta property=\"og:image:width\" content=\"1688\" \/>\n\t<meta property=\"og:image:height\" content=\"1125\" \/>\n\t<meta property=\"og:image:type\" content=\"image\/jpeg\" \/>\n<script type=\"application\/ld+json\" class=\"yoast-schema-graph\">{\"@context\":\"https:\\\/\\\/schema.org\",\"@graph\":[{\"@type\":\"WebPage\",\"@id\":\"https:\\\/\\\/naturalpoland.com\\\/cs\\\/produkty\\\/produkty-pro-potravinarsky-prumysl\\\/suroviny-pro-vyrobu\\\/steviol-glykosidy-95-reb-a-80-i-reb-a-60-stevia\\\/\",\"url\":\"https:\\\/\\\/naturalpoland.com\\\/cs\\\/produkty\\\/produkty-pro-potravinarsky-prumysl\\\/suroviny-pro-vyrobu\\\/steviol-glykosidy-95-reb-a-80-i-reb-a-60-stevia\\\/\",\"name\":\"Glykosidy steviolu 95 REB-A 80 a REB-A 60 (Stevia) - Velkoobchodn\u00ed distributor\",\"isPartOf\":{\"@id\":\"https:\\\/\\\/naturalpoland.com\\\/cs\\\/#website\"},\"primaryImageOfPage\":{\"@id\":\"https:\\\/\\\/naturalpoland.com\\\/cs\\\/produkty\\\/produkty-pro-potravinarsky-prumysl\\\/suroviny-pro-vyrobu\\\/steviol-glykosidy-95-reb-a-80-i-reb-a-60-stevia\\\/#primaryimage\"},\"image\":{\"@id\":\"https:\\\/\\\/naturalpoland.com\\\/cs\\\/produkty\\\/produkty-pro-potravinarsky-prumysl\\\/suroviny-pro-vyrobu\\\/steviol-glykosidy-95-reb-a-80-i-reb-a-60-stevia\\\/#primaryimage\"},\"thumbnailUrl\":\"https:\\\/\\\/naturalpoland.com\\\/wp-content\\\/uploads\\\/2021\\\/05\\\/steviol-glycosides-95-reb-a-80-and-reb-a-60-stevia.jpg\",\"datePublished\":\"2021-09-21T13:02:23+00:00\",\"breadcrumb\":{\"@id\":\"https:\\\/\\\/naturalpoland.com\\\/cs\\\/produkty\\\/produkty-pro-potravinarsky-prumysl\\\/suroviny-pro-vyrobu\\\/steviol-glykosidy-95-reb-a-80-i-reb-a-60-stevia\\\/#breadcrumb\"},\"inLanguage\":\"cs\",\"potentialAction\":[{\"@type\":\"ReadAction\",\"target\":[\"https:\\\/\\\/naturalpoland.com\\\/cs\\\/produkty\\\/produkty-pro-potravinarsky-prumysl\\\/suroviny-pro-vyrobu\\\/steviol-glykosidy-95-reb-a-80-i-reb-a-60-stevia\\\/\"]}]},{\"@type\":\"ImageObject\",\"inLanguage\":\"cs\",\"@id\":\"https:\\\/\\\/naturalpoland.com\\\/cs\\\/produkty\\\/produkty-pro-potravinarsky-prumysl\\\/suroviny-pro-vyrobu\\\/steviol-glykosidy-95-reb-a-80-i-reb-a-60-stevia\\\/#primaryimage\",\"url\":\"https:\\\/\\\/naturalpoland.com\\\/wp-content\\\/uploads\\\/2021\\\/05\\\/steviol-glycosides-95-reb-a-80-and-reb-a-60-stevia.jpg\",\"contentUrl\":\"https:\\\/\\\/naturalpoland.com\\\/wp-content\\\/uploads\\\/2021\\\/05\\\/steviol-glycosides-95-reb-a-80-and-reb-a-60-stevia.jpg\",\"width\":1688,\"height\":1125},{\"@type\":\"BreadcrumbList\",\"@id\":\"https:\\\/\\\/naturalpoland.com\\\/cs\\\/produkty\\\/produkty-pro-potravinarsky-prumysl\\\/suroviny-pro-vyrobu\\\/steviol-glykosidy-95-reb-a-80-i-reb-a-60-stevia\\\/#breadcrumb\",\"itemListElement\":[{\"@type\":\"ListItem\",\"position\":1,\"name\":\"Dom\u016f\",\"item\":\"https:\\\/\\\/naturalpoland.com\\\/cs\\\/\"},{\"@type\":\"ListItem\",\"position\":2,\"name\":\"Produkty\",\"item\":\"https:\\\/\\\/naturalpoland.com\\\/cs\\\/produkty\\\/\"},{\"@type\":\"ListItem\",\"position\":3,\"name\":\"Glykosidy steviolu 95 REB-A 80 a REB-A 60 (Stevia)\"}]},{\"@type\":\"WebSite\",\"@id\":\"https:\\\/\\\/naturalpoland.com\\\/cs\\\/#website\",\"url\":\"https:\\\/\\\/naturalpoland.com\\\/cs\\\/\",\"name\":\"NATURAL POLAND - Velkoobchodn\u00ed distributor surovin\",\"description\":\"Surowce dla przemys\u0142u spo\u017cywczego, kosmetycznego i farmaceutycznego\",\"publisher\":{\"@id\":\"https:\\\/\\\/naturalpoland.com\\\/cs\\\/#organization\"},\"potentialAction\":[{\"@type\":\"SearchAction\",\"target\":{\"@type\":\"EntryPoint\",\"urlTemplate\":\"https:\\\/\\\/naturalpoland.com\\\/cs\\\/?s={search_term_string}\"},\"query-input\":{\"@type\":\"PropertyValueSpecification\",\"valueRequired\":true,\"valueName\":\"search_term_string\"}}],\"inLanguage\":\"cs\"},{\"@type\":\"Organization\",\"@id\":\"https:\\\/\\\/naturalpoland.com\\\/cs\\\/#organization\",\"name\":\"Natural Poland\",\"url\":\"https:\\\/\\\/naturalpoland.com\\\/cs\\\/\",\"logo\":{\"@type\":\"ImageObject\",\"inLanguage\":\"cs\",\"@id\":\"https:\\\/\\\/naturalpoland.com\\\/cs\\\/#\\\/schema\\\/logo\\\/image\\\/\",\"url\":\"https:\\\/\\\/naturalpoland.com\\\/wp-content\\\/uploads\\\/2021\\\/05\\\/natural-poland-icon.png\",\"contentUrl\":\"https:\\\/\\\/naturalpoland.com\\\/wp-content\\\/uploads\\\/2021\\\/05\\\/natural-poland-icon.png\",\"width\":512,\"height\":512,\"caption\":\"Natural Poland\"},\"image\":{\"@id\":\"https:\\\/\\\/naturalpoland.com\\\/cs\\\/#\\\/schema\\\/logo\\\/image\\\/\"},\"sameAs\":[\"https:\\\/\\\/www.facebook.com\\\/naturalpoland.b2b\",\"https:\\\/\\\/pl.linkedin.com\\\/company\\\/natural-poland\",\"https:\\\/\\\/www.youtube.com\\\/channel\\\/UCgeGGkvOMahZo-xu_MSEWxg\"]}]}<\/script>\n<!-- \/ Yoast SEO plugin. -->","yoast_head_json":{"title":"Glykosidy steviolu 95 REB-A 80 a REB-A 60 (Stevia) - Velkoobchodn\u00ed distributor","robots":{"index":"index","follow":"follow","max-snippet":"max-snippet:-1","max-image-preview":"max-image-preview:large","max-video-preview":"max-video-preview:-1"},"canonical":"https:\/\/naturalpoland.com\/cs\/produkty\/produkty-pro-potravinarsky-prumysl\/suroviny-pro-vyrobu\/steviol-glykosidy-95-reb-a-80-i-reb-a-60-stevia\/","og_locale":"cs_CZ","og_type":"article","og_title":"Glykosidy steviolu 95 REB-A 80 a REB-A 60 (Stevia) - Velkoobchodn\u00ed distributor","og_description":"Glykosidy steviolu 95 REB-A 80 a REB-A 60, b\u011b\u017en\u011b zn\u00e1m\u00e9 jako st\u00e9vie nebo st\u00e9vie, jsou rostlinn\u00fdmi n\u00e1hra\u017ekami b\u00edl\u00e9ho cukru. Za svou popularitu vd\u011b\u010d\u00ed sv\u00fdm vlastnostem. Glykosidy Steviol jsou sladk\u00e9 a lze je snadno pou\u017e\u00edt jako zdravou a p\u0159irozenou n\u00e1hradu za b\u00edl\u00fd cukr.","og_url":"https:\/\/naturalpoland.com\/cs\/produkty\/produkty-pro-potravinarsky-prumysl\/suroviny-pro-vyrobu\/steviol-glykosidy-95-reb-a-80-i-reb-a-60-stevia\/","og_site_name":"NATURAL POLAND - Velkoobchodn\u00ed distributor surovin","article_publisher":"https:\/\/www.facebook.com\/naturalpoland.b2b","og_image":[{"width":1688,"height":1125,"url":"https:\/\/naturalpoland.com\/wp-content\/uploads\/2021\/05\/steviol-glycosides-95-reb-a-80-and-reb-a-60-stevia.jpg","type":"image\/jpeg"}],"schema":{"@context":"https:\/\/schema.org","@graph":[{"@type":"WebPage","@id":"https:\/\/naturalpoland.com\/cs\/produkty\/produkty-pro-potravinarsky-prumysl\/suroviny-pro-vyrobu\/steviol-glykosidy-95-reb-a-80-i-reb-a-60-stevia\/","url":"https:\/\/naturalpoland.com\/cs\/produkty\/produkty-pro-potravinarsky-prumysl\/suroviny-pro-vyrobu\/steviol-glykosidy-95-reb-a-80-i-reb-a-60-stevia\/","name":"Glykosidy steviolu 95 REB-A 80 a REB-A 60 (Stevia) - Velkoobchodn\u00ed distributor","isPartOf":{"@id":"https:\/\/naturalpoland.com\/cs\/#website"},"primaryImageOfPage":{"@id":"https:\/\/naturalpoland.com\/cs\/produkty\/produkty-pro-potravinarsky-prumysl\/suroviny-pro-vyrobu\/steviol-glykosidy-95-reb-a-80-i-reb-a-60-stevia\/#primaryimage"},"image":{"@id":"https:\/\/naturalpoland.com\/cs\/produkty\/produkty-pro-potravinarsky-prumysl\/suroviny-pro-vyrobu\/steviol-glykosidy-95-reb-a-80-i-reb-a-60-stevia\/#primaryimage"},"thumbnailUrl":"https:\/\/naturalpoland.com\/wp-content\/uploads\/2021\/05\/steviol-glycosides-95-reb-a-80-and-reb-a-60-stevia.jpg","datePublished":"2021-09-21T13:02:23+00:00","breadcrumb":{"@id":"https:\/\/naturalpoland.com\/cs\/produkty\/produkty-pro-potravinarsky-prumysl\/suroviny-pro-vyrobu\/steviol-glykosidy-95-reb-a-80-i-reb-a-60-stevia\/#breadcrumb"},"inLanguage":"cs","potentialAction":[{"@type":"ReadAction","target":["https:\/\/naturalpoland.com\/cs\/produkty\/produkty-pro-potravinarsky-prumysl\/suroviny-pro-vyrobu\/steviol-glykosidy-95-reb-a-80-i-reb-a-60-stevia\/"]}]},{"@type":"ImageObject","inLanguage":"cs","@id":"https:\/\/naturalpoland.com\/cs\/produkty\/produkty-pro-potravinarsky-prumysl\/suroviny-pro-vyrobu\/steviol-glykosidy-95-reb-a-80-i-reb-a-60-stevia\/#primaryimage","url":"https:\/\/naturalpoland.com\/wp-content\/uploads\/2021\/05\/steviol-glycosides-95-reb-a-80-and-reb-a-60-stevia.jpg","contentUrl":"https:\/\/naturalpoland.com\/wp-content\/uploads\/2021\/05\/steviol-glycosides-95-reb-a-80-and-reb-a-60-stevia.jpg","width":1688,"height":1125},{"@type":"BreadcrumbList","@id":"https:\/\/naturalpoland.com\/cs\/produkty\/produkty-pro-potravinarsky-prumysl\/suroviny-pro-vyrobu\/steviol-glykosidy-95-reb-a-80-i-reb-a-60-stevia\/#breadcrumb","itemListElement":[{"@type":"ListItem","position":1,"name":"Dom\u016f","item":"https:\/\/naturalpoland.com\/cs\/"},{"@type":"ListItem","position":2,"name":"Produkty","item":"https:\/\/naturalpoland.com\/cs\/produkty\/"},{"@type":"ListItem","position":3,"name":"Glykosidy steviolu 95 REB-A 80 a REB-A 60 (Stevia)"}]},{"@type":"WebSite","@id":"https:\/\/naturalpoland.com\/cs\/#website","url":"https:\/\/naturalpoland.com\/cs\/","name":"NATURAL POLAND - Velkoobchodn\u00ed distributor surovin","description":"Surowce dla przemys\u0142u spo\u017cywczego, kosmetycznego i farmaceutycznego","publisher":{"@id":"https:\/\/naturalpoland.com\/cs\/#organization"},"potentialAction":[{"@type":"SearchAction","target":{"@type":"EntryPoint","urlTemplate":"https:\/\/naturalpoland.com\/cs\/?s={search_term_string}"},"query-input":{"@type":"PropertyValueSpecification","valueRequired":true,"valueName":"search_term_string"}}],"inLanguage":"cs"},{"@type":"Organization","@id":"https:\/\/naturalpoland.com\/cs\/#organization","name":"Natural Poland","url":"https:\/\/naturalpoland.com\/cs\/","logo":{"@type":"ImageObject","inLanguage":"cs","@id":"https:\/\/naturalpoland.com\/cs\/#\/schema\/logo\/image\/","url":"https:\/\/naturalpoland.com\/wp-content\/uploads\/2021\/05\/natural-poland-icon.png","contentUrl":"https:\/\/naturalpoland.com\/wp-content\/uploads\/2021\/05\/natural-poland-icon.png","width":512,"height":512,"caption":"Natural Poland"},"image":{"@id":"https:\/\/naturalpoland.com\/cs\/#\/schema\/logo\/image\/"},"sameAs":["https:\/\/www.facebook.com\/naturalpoland.b2b","https:\/\/pl.linkedin.com\/company\/natural-poland","https:\/\/www.youtube.com\/channel\/UCgeGGkvOMahZo-xu_MSEWxg"]}]}},"_links":{"self":[{"href":"https:\/\/naturalpoland.com\/cs\/wp-json\/wp\/v2\/product\/12432","targetHints":{"allow":["GET"]}}],"collection":[{"href":"https:\/\/naturalpoland.com\/cs\/wp-json\/wp\/v2\/product"}],"about":[{"href":"https:\/\/naturalpoland.com\/cs\/wp-json\/wp\/v2\/types\/product"}],"wp:featuredmedia":[{"embeddable":true,"href":"https:\/\/naturalpoland.com\/cs\/wp-json\/wp\/v2\/media\/12435"}],"wp:attachment":[{"href":"https:\/\/naturalpoland.com\/cs\/wp-json\/wp\/v2\/media?parent=12432"}],"wp:term":[{"taxonomy":"product_brand","embeddable":true,"href":"https:\/\/naturalpoland.com\/cs\/wp-json\/wp\/v2\/product_brand?post=12432"},{"taxonomy":"product_cat","embeddable":true,"href":"https:\/\/naturalpoland.com\/cs\/wp-json\/wp\/v2\/product_cat?post=12432"},{"taxonomy":"product_tag","embeddable":true,"href":"https:\/\/naturalpoland.com\/cs\/wp-json\/wp\/v2\/product_tag?post=12432"}],"curies":[{"name":"wp","href":"https:\/\/api.w.org\/{rel}","templated":true}]}}