{"id":12504,"date":"2021-05-11T13:47:22","date_gmt":"2021-09-21T13:03:22","guid":{"rendered":"https:\/\/naturalpoland.pl\/produkty\/nezarazene\/merunkove-maslo\/"},"modified":"2021-09-21T15:03:22","modified_gmt":"2021-09-21T13:03:22","slug":"maslo-merunka","status":"publish","type":"product","link":"https:\/\/naturalpoland.com\/cs\/produkty\/produkty-pro-kosmeticky-prumysl\/kosmeticka-masla\/maslo-merunka\/","title":{"rendered":"Meru\u0148kov\u00e9 m\u00e1slo"},"content":{"rendered":"<p>\u00da\u010dinky na k\u016f\u017ei:<br \/>\nMeru\u0148kov\u00e9 m\u00e1slo je p\u0159edev\u0161\u00edm siln\u00fd zvlh\u010dova\u010d. D\u00edky pom\u011brn\u011b mastn\u00e9mu slo\u017een\u00ed sni\u017euje ztr\u00e1tu vody z t\u011bla a je p\u0159ek\u00e1\u017ekou pro suchost poko\u017eky. M\u00e1slo obsahuje vitam\u00edny A a E. M\u00e1 tak\u00e9 antioxida\u010dn\u00ed vlastnosti, tak\u017ee zpomaluje proces st\u00e1rnut\u00ed poko\u017eky. M\u00e1slo m\u00e1 tak\u00e9 revitaliza\u010dn\u00ed a regenera\u010dn\u00ed vlastnosti.<\/p>\n<p>&nbsp;<\/p>\n","protected":false},"excerpt":{"rendered":"<p><strong>Meru\u0148kov\u00e9 m\u00e1slo<\/strong> je hydrogenovan\u00fd meru\u0148kov\u00fd olej. P\u0159i pokojov\u00e9 teplot\u011b m\u00e1 konzistenci sv\u011btl\u00e9ho m\u00e1sla s n\u00e1padn\u00fdmi hrudkami. Po zah\u0159\u00e1t\u00ed se st\u00e1v\u00e1 homogenn\u011bj\u0161\u00ed a je vhodn\u00fd jako z\u00e1klad pro ple\u0165ov\u00e1 ml\u00e9ka, kr\u00e9my a m\u00fddla. Meru\u0148kov\u00e9 m\u00e1slo zanech\u00e1v\u00e1 na poko\u017ece mastn\u00fd film, kter\u00fd se po p\u00e1r minut\u00e1ch vst\u0159eb\u00e1 a nezanech\u00e1 pocit mastn\u00e9 poko\u017eky.<\/p>\n<p>&nbsp;<\/p>\n","protected":false},"featured_media":24069,"template":"","meta":[],"product_brand":[],"product_cat":[635],"product_tag":[],"class_list":{"0":"post-12504","1":"product","2":"type-product","3":"status-publish","4":"has-post-thumbnail","6":"product_cat-kosmeticka-masla","8":"first","9":"instock","10":"shipping-taxable","11":"product-type-simple"},"yoast_head":"<!-- This site is optimized with the Yoast SEO plugin v27.3 - https:\/\/yoast.com\/product\/yoast-seo-wordpress\/ -->\n<title>Meru\u0148kov\u00e9 m\u00e1slo - Velkoobchodn\u00ed distributor<\/title>\n<meta name=\"robots\" content=\"index, follow, max-snippet:-1, max-image-preview:large, max-video-preview:-1\" \/>\n<link rel=\"canonical\" href=\"https:\/\/naturalpoland.com\/cs\/produkty\/produkty-pro-kosmeticky-prumysl\/kosmeticka-masla\/maslo-merunka\/\" \/>\n<meta property=\"og:locale\" content=\"cs_CZ\" \/>\n<meta property=\"og:type\" content=\"article\" \/>\n<meta property=\"og:title\" content=\"Meru\u0148kov\u00e9 m\u00e1slo - Velkoobchodn\u00ed distributor\" \/>\n<meta property=\"og:description\" content=\"Meru\u0148kov\u00e9 m\u00e1slo je hydrogenovan\u00fd meru\u0148kov\u00fd olej. P\u0159i pokojov\u00e9 teplot\u011b m\u00e1 konzistenci sv\u011btl\u00e9ho m\u00e1sla s n\u00e1padn\u00fdmi hrudkami. Po zah\u0159\u00e1t\u00ed se st\u00e1v\u00e1 homogenn\u011bj\u0161\u00ed a je vhodn\u00fd jako z\u00e1klad pro ple\u0165ov\u00e1 ml\u00e9ka, kr\u00e9my a m\u00fddla. Meru\u0148kov\u00e9 m\u00e1slo zanech\u00e1v\u00e1 na poko\u017ece mastn\u00fd film, kter\u00fd se po p\u00e1r minut\u00e1ch vst\u0159eb\u00e1 a nezanech\u00e1 pocit mastn\u00e9 poko\u017eky. &nbsp;\" \/>\n<meta property=\"og:url\" content=\"https:\/\/naturalpoland.com\/cs\/produkty\/produkty-pro-kosmeticky-prumysl\/kosmeticka-masla\/maslo-merunka\/\" \/>\n<meta property=\"og:site_name\" content=\"NATURAL POLAND - Velkoobchodn\u00ed distributor surovin\" \/>\n<meta property=\"article:publisher\" content=\"https:\/\/www.facebook.com\/naturalpoland.b2b\" \/>\n<meta property=\"og:image\" content=\"https:\/\/naturalpoland.com\/wp-content\/uploads\/apricot-butter-1.jpg\" \/>\n\t<meta property=\"og:image:width\" content=\"1024\" \/>\n\t<meta property=\"og:image:height\" content=\"1024\" \/>\n\t<meta property=\"og:image:type\" content=\"image\/jpeg\" \/>\n<script type=\"application\/ld+json\" class=\"yoast-schema-graph\">{\"@context\":\"https:\\\/\\\/schema.org\",\"@graph\":[{\"@type\":\"WebPage\",\"@id\":\"https:\\\/\\\/naturalpoland.com\\\/cs\\\/produkty\\\/produkty-pro-kosmeticky-prumysl\\\/kosmeticka-masla\\\/maslo-merunka\\\/\",\"url\":\"https:\\\/\\\/naturalpoland.com\\\/cs\\\/produkty\\\/produkty-pro-kosmeticky-prumysl\\\/kosmeticka-masla\\\/maslo-merunka\\\/\",\"name\":\"Meru\u0148kov\u00e9 m\u00e1slo - Velkoobchodn\u00ed distributor\",\"isPartOf\":{\"@id\":\"https:\\\/\\\/naturalpoland.com\\\/cs\\\/#website\"},\"primaryImageOfPage\":{\"@id\":\"https:\\\/\\\/naturalpoland.com\\\/cs\\\/produkty\\\/produkty-pro-kosmeticky-prumysl\\\/kosmeticka-masla\\\/maslo-merunka\\\/#primaryimage\"},\"image\":{\"@id\":\"https:\\\/\\\/naturalpoland.com\\\/cs\\\/produkty\\\/produkty-pro-kosmeticky-prumysl\\\/kosmeticka-masla\\\/maslo-merunka\\\/#primaryimage\"},\"thumbnailUrl\":\"https:\\\/\\\/naturalpoland.com\\\/wp-content\\\/uploads\\\/apricot-butter-1.jpg\",\"datePublished\":\"2021-09-21T13:03:22+00:00\",\"breadcrumb\":{\"@id\":\"https:\\\/\\\/naturalpoland.com\\\/cs\\\/produkty\\\/produkty-pro-kosmeticky-prumysl\\\/kosmeticka-masla\\\/maslo-merunka\\\/#breadcrumb\"},\"inLanguage\":\"cs\",\"potentialAction\":[{\"@type\":\"ReadAction\",\"target\":[\"https:\\\/\\\/naturalpoland.com\\\/cs\\\/produkty\\\/produkty-pro-kosmeticky-prumysl\\\/kosmeticka-masla\\\/maslo-merunka\\\/\"]}]},{\"@type\":\"ImageObject\",\"inLanguage\":\"cs\",\"@id\":\"https:\\\/\\\/naturalpoland.com\\\/cs\\\/produkty\\\/produkty-pro-kosmeticky-prumysl\\\/kosmeticka-masla\\\/maslo-merunka\\\/#primaryimage\",\"url\":\"https:\\\/\\\/naturalpoland.com\\\/wp-content\\\/uploads\\\/apricot-butter-1.jpg\",\"contentUrl\":\"https:\\\/\\\/naturalpoland.com\\\/wp-content\\\/uploads\\\/apricot-butter-1.jpg\",\"width\":1024,\"height\":1024,\"caption\":\"mas\u0142o morelowe\"},{\"@type\":\"BreadcrumbList\",\"@id\":\"https:\\\/\\\/naturalpoland.com\\\/cs\\\/produkty\\\/produkty-pro-kosmeticky-prumysl\\\/kosmeticka-masla\\\/maslo-merunka\\\/#breadcrumb\",\"itemListElement\":[{\"@type\":\"ListItem\",\"position\":1,\"name\":\"Dom\u016f\",\"item\":\"https:\\\/\\\/naturalpoland.com\\\/cs\\\/\"},{\"@type\":\"ListItem\",\"position\":2,\"name\":\"Produkty\",\"item\":\"https:\\\/\\\/naturalpoland.com\\\/cs\\\/produkty\\\/\"},{\"@type\":\"ListItem\",\"position\":3,\"name\":\"Meru\u0148kov\u00e9 m\u00e1slo\"}]},{\"@type\":\"WebSite\",\"@id\":\"https:\\\/\\\/naturalpoland.com\\\/cs\\\/#website\",\"url\":\"https:\\\/\\\/naturalpoland.com\\\/cs\\\/\",\"name\":\"NATURAL POLAND - Velkoobchodn\u00ed distributor surovin\",\"description\":\"Surowce dla przemys\u0142u spo\u017cywczego, kosmetycznego i farmaceutycznego\",\"publisher\":{\"@id\":\"https:\\\/\\\/naturalpoland.com\\\/cs\\\/#organization\"},\"potentialAction\":[{\"@type\":\"SearchAction\",\"target\":{\"@type\":\"EntryPoint\",\"urlTemplate\":\"https:\\\/\\\/naturalpoland.com\\\/cs\\\/?s={search_term_string}\"},\"query-input\":{\"@type\":\"PropertyValueSpecification\",\"valueRequired\":true,\"valueName\":\"search_term_string\"}}],\"inLanguage\":\"cs\"},{\"@type\":\"Organization\",\"@id\":\"https:\\\/\\\/naturalpoland.com\\\/cs\\\/#organization\",\"name\":\"Natural Poland\",\"url\":\"https:\\\/\\\/naturalpoland.com\\\/cs\\\/\",\"logo\":{\"@type\":\"ImageObject\",\"inLanguage\":\"cs\",\"@id\":\"https:\\\/\\\/naturalpoland.com\\\/cs\\\/#\\\/schema\\\/logo\\\/image\\\/\",\"url\":\"https:\\\/\\\/naturalpoland.com\\\/wp-content\\\/uploads\\\/2021\\\/05\\\/natural-poland-icon.png\",\"contentUrl\":\"https:\\\/\\\/naturalpoland.com\\\/wp-content\\\/uploads\\\/2021\\\/05\\\/natural-poland-icon.png\",\"width\":512,\"height\":512,\"caption\":\"Natural Poland\"},\"image\":{\"@id\":\"https:\\\/\\\/naturalpoland.com\\\/cs\\\/#\\\/schema\\\/logo\\\/image\\\/\"},\"sameAs\":[\"https:\\\/\\\/www.facebook.com\\\/naturalpoland.b2b\",\"https:\\\/\\\/pl.linkedin.com\\\/company\\\/natural-poland\",\"https:\\\/\\\/www.youtube.com\\\/channel\\\/UCgeGGkvOMahZo-xu_MSEWxg\"]}]}<\/script>\n<!-- \/ Yoast SEO plugin. -->","yoast_head_json":{"title":"Meru\u0148kov\u00e9 m\u00e1slo - Velkoobchodn\u00ed distributor","robots":{"index":"index","follow":"follow","max-snippet":"max-snippet:-1","max-image-preview":"max-image-preview:large","max-video-preview":"max-video-preview:-1"},"canonical":"https:\/\/naturalpoland.com\/cs\/produkty\/produkty-pro-kosmeticky-prumysl\/kosmeticka-masla\/maslo-merunka\/","og_locale":"cs_CZ","og_type":"article","og_title":"Meru\u0148kov\u00e9 m\u00e1slo - Velkoobchodn\u00ed distributor","og_description":"Meru\u0148kov\u00e9 m\u00e1slo je hydrogenovan\u00fd meru\u0148kov\u00fd olej. P\u0159i pokojov\u00e9 teplot\u011b m\u00e1 konzistenci sv\u011btl\u00e9ho m\u00e1sla s n\u00e1padn\u00fdmi hrudkami. Po zah\u0159\u00e1t\u00ed se st\u00e1v\u00e1 homogenn\u011bj\u0161\u00ed a je vhodn\u00fd jako z\u00e1klad pro ple\u0165ov\u00e1 ml\u00e9ka, kr\u00e9my a m\u00fddla. Meru\u0148kov\u00e9 m\u00e1slo zanech\u00e1v\u00e1 na poko\u017ece mastn\u00fd film, kter\u00fd se po p\u00e1r minut\u00e1ch vst\u0159eb\u00e1 a nezanech\u00e1 pocit mastn\u00e9 poko\u017eky. &nbsp;","og_url":"https:\/\/naturalpoland.com\/cs\/produkty\/produkty-pro-kosmeticky-prumysl\/kosmeticka-masla\/maslo-merunka\/","og_site_name":"NATURAL POLAND - Velkoobchodn\u00ed distributor surovin","article_publisher":"https:\/\/www.facebook.com\/naturalpoland.b2b","og_image":[{"width":1024,"height":1024,"url":"https:\/\/naturalpoland.com\/wp-content\/uploads\/apricot-butter-1.jpg","type":"image\/jpeg"}],"schema":{"@context":"https:\/\/schema.org","@graph":[{"@type":"WebPage","@id":"https:\/\/naturalpoland.com\/cs\/produkty\/produkty-pro-kosmeticky-prumysl\/kosmeticka-masla\/maslo-merunka\/","url":"https:\/\/naturalpoland.com\/cs\/produkty\/produkty-pro-kosmeticky-prumysl\/kosmeticka-masla\/maslo-merunka\/","name":"Meru\u0148kov\u00e9 m\u00e1slo - Velkoobchodn\u00ed distributor","isPartOf":{"@id":"https:\/\/naturalpoland.com\/cs\/#website"},"primaryImageOfPage":{"@id":"https:\/\/naturalpoland.com\/cs\/produkty\/produkty-pro-kosmeticky-prumysl\/kosmeticka-masla\/maslo-merunka\/#primaryimage"},"image":{"@id":"https:\/\/naturalpoland.com\/cs\/produkty\/produkty-pro-kosmeticky-prumysl\/kosmeticka-masla\/maslo-merunka\/#primaryimage"},"thumbnailUrl":"https:\/\/naturalpoland.com\/wp-content\/uploads\/apricot-butter-1.jpg","datePublished":"2021-09-21T13:03:22+00:00","breadcrumb":{"@id":"https:\/\/naturalpoland.com\/cs\/produkty\/produkty-pro-kosmeticky-prumysl\/kosmeticka-masla\/maslo-merunka\/#breadcrumb"},"inLanguage":"cs","potentialAction":[{"@type":"ReadAction","target":["https:\/\/naturalpoland.com\/cs\/produkty\/produkty-pro-kosmeticky-prumysl\/kosmeticka-masla\/maslo-merunka\/"]}]},{"@type":"ImageObject","inLanguage":"cs","@id":"https:\/\/naturalpoland.com\/cs\/produkty\/produkty-pro-kosmeticky-prumysl\/kosmeticka-masla\/maslo-merunka\/#primaryimage","url":"https:\/\/naturalpoland.com\/wp-content\/uploads\/apricot-butter-1.jpg","contentUrl":"https:\/\/naturalpoland.com\/wp-content\/uploads\/apricot-butter-1.jpg","width":1024,"height":1024,"caption":"mas\u0142o morelowe"},{"@type":"BreadcrumbList","@id":"https:\/\/naturalpoland.com\/cs\/produkty\/produkty-pro-kosmeticky-prumysl\/kosmeticka-masla\/maslo-merunka\/#breadcrumb","itemListElement":[{"@type":"ListItem","position":1,"name":"Dom\u016f","item":"https:\/\/naturalpoland.com\/cs\/"},{"@type":"ListItem","position":2,"name":"Produkty","item":"https:\/\/naturalpoland.com\/cs\/produkty\/"},{"@type":"ListItem","position":3,"name":"Meru\u0148kov\u00e9 m\u00e1slo"}]},{"@type":"WebSite","@id":"https:\/\/naturalpoland.com\/cs\/#website","url":"https:\/\/naturalpoland.com\/cs\/","name":"NATURAL POLAND - Velkoobchodn\u00ed distributor surovin","description":"Surowce dla przemys\u0142u spo\u017cywczego, kosmetycznego i farmaceutycznego","publisher":{"@id":"https:\/\/naturalpoland.com\/cs\/#organization"},"potentialAction":[{"@type":"SearchAction","target":{"@type":"EntryPoint","urlTemplate":"https:\/\/naturalpoland.com\/cs\/?s={search_term_string}"},"query-input":{"@type":"PropertyValueSpecification","valueRequired":true,"valueName":"search_term_string"}}],"inLanguage":"cs"},{"@type":"Organization","@id":"https:\/\/naturalpoland.com\/cs\/#organization","name":"Natural Poland","url":"https:\/\/naturalpoland.com\/cs\/","logo":{"@type":"ImageObject","inLanguage":"cs","@id":"https:\/\/naturalpoland.com\/cs\/#\/schema\/logo\/image\/","url":"https:\/\/naturalpoland.com\/wp-content\/uploads\/2021\/05\/natural-poland-icon.png","contentUrl":"https:\/\/naturalpoland.com\/wp-content\/uploads\/2021\/05\/natural-poland-icon.png","width":512,"height":512,"caption":"Natural Poland"},"image":{"@id":"https:\/\/naturalpoland.com\/cs\/#\/schema\/logo\/image\/"},"sameAs":["https:\/\/www.facebook.com\/naturalpoland.b2b","https:\/\/pl.linkedin.com\/company\/natural-poland","https:\/\/www.youtube.com\/channel\/UCgeGGkvOMahZo-xu_MSEWxg"]}]}},"_links":{"self":[{"href":"https:\/\/naturalpoland.com\/cs\/wp-json\/wp\/v2\/product\/12504","targetHints":{"allow":["GET"]}}],"collection":[{"href":"https:\/\/naturalpoland.com\/cs\/wp-json\/wp\/v2\/product"}],"about":[{"href":"https:\/\/naturalpoland.com\/cs\/wp-json\/wp\/v2\/types\/product"}],"wp:featuredmedia":[{"embeddable":true,"href":"https:\/\/naturalpoland.com\/cs\/wp-json\/wp\/v2\/media\/24069"}],"wp:attachment":[{"href":"https:\/\/naturalpoland.com\/cs\/wp-json\/wp\/v2\/media?parent=12504"}],"wp:term":[{"taxonomy":"product_brand","embeddable":true,"href":"https:\/\/naturalpoland.com\/cs\/wp-json\/wp\/v2\/product_brand?post=12504"},{"taxonomy":"product_cat","embeddable":true,"href":"https:\/\/naturalpoland.com\/cs\/wp-json\/wp\/v2\/product_cat?post=12504"},{"taxonomy":"product_tag","embeddable":true,"href":"https:\/\/naturalpoland.com\/cs\/wp-json\/wp\/v2\/product_tag?post=12504"}],"curies":[{"name":"wp","href":"https:\/\/api.w.org\/{rel}","templated":true}]}}