{"id":12512,"date":"2021-05-11T13:47:23","date_gmt":"2021-05-11T11:47:23","guid":{"rendered":"https:\/\/naturalpoland.pl\/produkty\/nezarazene\/avokadove-maslo\/"},"modified":"2025-07-21T13:54:33","modified_gmt":"2025-07-21T11:54:33","slug":"maslo-s-avokadem","status":"publish","type":"product","link":"https:\/\/naturalpoland.com\/cs\/produkty\/produkty-pro-kosmeticky-prumysl\/kosmeticka-masla\/maslo-s-avokadem\/","title":{"rendered":"Avok\u00e1dov\u00e9 m\u00e1slo"},"content":{"rendered":"<h2>Vlastnosti<\/h2>\n<p>Avok\u00e1dov\u00e9 m\u00e1slo se vyzna\u010duje kr\u00e9movou konzistenc\u00ed a jemnou, nasl\u00e1dlou v\u016fn\u00ed. Produkt nach\u00e1z\u00ed \u0161irok\u00e9 uplatn\u011bn\u00ed v <a href=\"https:\/\/naturalpoland.com\/cs\/kategorie\/produkty-pro-kosmeticky-prumysl\/\">kosmetick\u00e9m pr\u016fmyslu<\/a>. <\/p>\n<p>Bohatstv\u00ed omega-9 mastn\u00fdch kyselin, zejm\u00e9na kyseliny olejov\u00e9, \u010din\u00ed avok\u00e1dov\u00e9 m\u00e1slo ide\u00e1ln\u00ed slo\u017ekou v p\u00e9\u010di o ple\u0165. Nejen \u017ee intenzivn\u011b hydratuje, ale tak\u00e9 poskytuje p\u0159irozenou ochranu p\u0159ed ztr\u00e1tou vlhkosti, co\u017e je kl\u00ed\u010dov\u00e9 pro udr\u017een\u00ed zdrav\u00e9ho a mladistv\u00e9ho vzhledu poko\u017eky. Kr\u00e9mov\u00e1 konzistence m\u00e1sla zp\u016fsobuje, \u017ee je snadno rozpustn\u00e9 a m\u016f\u017ee b\u00fdt pou\u017e\u00edv\u00e1no samostatn\u011b nebo jako slo\u017eka kr\u00e9m\u016f, balz\u00e1m\u016f, mast\u00ed a p\u0159\u00edrodn\u00edch m\u00fddel.  <\/p>\n<p>Avok\u00e1dov\u00e9 m\u00e1slo d\u00edky obsahu vitamin\u016f A, D a E a miner\u00e1l\u016f hraje kl\u00ed\u010dovou roli ve v\u00fd\u017eiv\u011b a regeneraci poko\u017eky. <a href=\"https:\/\/naturalpoland.com\/cs\/kategorie\/produkty-pro-farmaceuticky-a-zdravotnicky-prumysl\/vitaminy\/\">Vitaminy<\/a> jako siln\u00e9 antioxidanty pom\u00e1haj\u00ed v boji proti voln\u00fdm radik\u00e1l\u016fm, co\u017e p\u0159isp\u00edv\u00e1 ke zpomalen\u00ed proces\u016f st\u00e1rnut\u00ed poko\u017eky. Tyto hodnoty v kombinaci s vysokou schopnost\u00ed pronikat do poko\u017eky \u010din\u00ed avok\u00e1dov\u00e9 m\u00e1slo vynikaj\u00edc\u00ed volbou pro osoby se suchou, zralou \u010di podr\u00e1\u017ed\u011bnou poko\u017ekou. <\/p>\n<h2>Pou\u017eit\u00ed avok\u00e1dov\u00e9ho m\u00e1sla<\/h2>\n<p>Avok\u00e1dov\u00e9 m\u00e1slo lze pou\u017e\u00edt k p\u00e9\u010di o t\u011bhotensk\u00e9 b\u0159\u00ed\u0161ko, poko\u017eku kojenc\u016f, a tak\u00e9 jako intenzivn\u011b hydrata\u010dn\u00ed t\u011blov\u00fd balz\u00e1m. Jeho regenera\u010dn\u00ed vlastnosti zp\u016fsobuj\u00ed, \u017ee je tak\u00e9 doporu\u010dov\u00e1no k pou\u017eit\u00ed na popraskan\u00e9 rty, such\u00e9 lokty, kolena a chodidla. D\u00edky sv\u00fdm zvl\u00e1\u010d\u0148uj\u00edc\u00edm schopnostem je toto m\u00e1slo tak\u00e9 ide\u00e1ln\u00ed slo\u017ekou v mas\u00e1\u017en\u00edch produktech, podporuj\u00edc\u00ed relaxaci a regeneraci poko\u017eky.  <\/p>\n<p>Pou\u017eit\u00ed avok\u00e1dov\u00e9ho m\u00e1sla v p\u0159\u00edrodn\u00ed kosmetice je stejn\u011b v\u0161estrann\u00e9. M\u016f\u017ee b\u00fdt pou\u017e\u00edv\u00e1no k v\u00fdrob\u011b m\u00fddel, jako slo\u017eka kondicion\u00e9r\u016f na vlasy, t\u011blov\u00fdch balz\u00e1m\u016f \u010di peeling\u016f. P\u0159\u00eddavek avok\u00e1dov\u00e9ho m\u00e1sla do kosmetiky nejen zvy\u0161uje jej\u00ed hydrata\u010dn\u00ed vlastnosti, ale tak\u00e9 zvy\u0161uje jej\u00ed v\u00fd\u017eivnou hodnotu, co\u017e je obzvl\u00e1\u0161t\u011b d\u016fle\u017eit\u00e9 v produktech ur\u010den\u00fdch k intenzivn\u00ed regeneraci.  <\/p>\n<p>Avok\u00e1dov\u00e9 m\u00e1slo je nejen \u00fa\u010dinn\u00e9, ale i bezpe\u010dn\u00e9 k pou\u017eit\u00ed. Nen\u00ed komedogenn\u00ed, co\u017e znamen\u00e1, \u017ee neucp\u00e1v\u00e1 p\u00f3ry, \u010d\u00edm\u017e sni\u017euje riziko vzniku akn\u00e9. Jeho jemn\u00e1 formule je vhodn\u00e1 i pro nejcitliv\u011bj\u0161\u00ed poko\u017eku, co\u017e z n\u011bj \u010din\u00ed vynikaj\u00edc\u00ed volbu pro \u0161irokou \u0161k\u00e1lu u\u017eivatel\u016f.  <\/p>\n","protected":false},"excerpt":{"rendered":"<p>Avok\u00e1dov\u00e9 m\u00e1slo, z\u00edsk\u00e1van\u00e9 z plod\u016f <em>Persea gratissima<\/em> (avok\u00e1do) a obohacen\u00e9 procesem hydrogenace rostlinn\u00fdch olej\u016f, je zn\u00e1m\u00e9 sv\u00fdmi v\u00fdjime\u010dn\u00fdmi v\u00fd\u017eivn\u00fdmi a regenera\u010dn\u00edmi vlastnostmi.<\/p>\n","protected":false},"featured_media":15292,"template":"","meta":[],"product_brand":[],"product_cat":[635],"product_tag":[],"class_list":{"0":"post-12512","1":"product","2":"type-product","3":"status-publish","4":"has-post-thumbnail","6":"product_cat-kosmeticka-masla","8":"first","9":"instock","10":"shipping-taxable","11":"product-type-simple"},"yoast_head":"<!-- This site is optimized with the Yoast SEO plugin v27.3 - https:\/\/yoast.com\/product\/yoast-seo-wordpress\/ -->\n<title>Avok\u00e1dov\u00e9 m\u00e1slo - NATURAL POLAND - Velkoobchodn\u00ed distributor surovin<\/title>\n<meta name=\"description\" content=\"Avok\u00e1dov\u00e9 m\u00e1slo je produkt bohat\u00fd na \u017eiviny, kter\u00fd nab\u00edz\u00ed hlubokou hydrataci, intenzivn\u00ed regeneraci a ochranu pro poko\u017eku a vlasy.\" \/>\n<meta name=\"robots\" content=\"index, follow, max-snippet:-1, max-image-preview:large, max-video-preview:-1\" \/>\n<link rel=\"canonical\" href=\"https:\/\/naturalpoland.com\/cs\/produkty\/produkty-pro-kosmeticky-prumysl\/kosmeticka-masla\/maslo-s-avokadem\/\" \/>\n<meta property=\"og:locale\" content=\"cs_CZ\" \/>\n<meta property=\"og:type\" content=\"article\" \/>\n<meta property=\"og:title\" content=\"Avok\u00e1dov\u00e9 m\u00e1slo - NATURAL POLAND - Velkoobchodn\u00ed distributor surovin\" \/>\n<meta property=\"og:description\" content=\"Avok\u00e1dov\u00e9 m\u00e1slo je produkt bohat\u00fd na \u017eiviny, kter\u00fd nab\u00edz\u00ed hlubokou hydrataci, intenzivn\u00ed regeneraci a ochranu pro poko\u017eku a vlasy.\" \/>\n<meta property=\"og:url\" content=\"https:\/\/naturalpoland.com\/cs\/produkty\/produkty-pro-kosmeticky-prumysl\/kosmeticka-masla\/maslo-s-avokadem\/\" \/>\n<meta property=\"og:site_name\" content=\"NATURAL POLAND - Velkoobchodn\u00ed distributor surovin\" \/>\n<meta property=\"article:publisher\" content=\"https:\/\/www.facebook.com\/naturalpoland.b2b\" \/>\n<meta property=\"article:modified_time\" content=\"2025-07-21T11:54:33+00:00\" \/>\n<meta property=\"og:image\" content=\"https:\/\/naturalpoland.com\/wp-content\/uploads\/maslo-z-awokado.jpg\" \/>\n\t<meta property=\"og:image:width\" content=\"650\" \/>\n\t<meta property=\"og:image:height\" content=\"650\" \/>\n\t<meta property=\"og:image:type\" content=\"image\/jpeg\" \/>\n<script type=\"application\/ld+json\" class=\"yoast-schema-graph\">{\"@context\":\"https:\\\/\\\/schema.org\",\"@graph\":[{\"@type\":\"WebPage\",\"@id\":\"https:\\\/\\\/naturalpoland.com\\\/cs\\\/produkty\\\/produkty-pro-kosmeticky-prumysl\\\/kosmeticka-masla\\\/maslo-s-avokadem\\\/\",\"url\":\"https:\\\/\\\/naturalpoland.com\\\/cs\\\/produkty\\\/produkty-pro-kosmeticky-prumysl\\\/kosmeticka-masla\\\/maslo-s-avokadem\\\/\",\"name\":\"Avok\u00e1dov\u00e9 m\u00e1slo - NATURAL POLAND - Velkoobchodn\u00ed distributor surovin\",\"isPartOf\":{\"@id\":\"https:\\\/\\\/naturalpoland.com\\\/cs\\\/#website\"},\"primaryImageOfPage\":{\"@id\":\"https:\\\/\\\/naturalpoland.com\\\/cs\\\/produkty\\\/produkty-pro-kosmeticky-prumysl\\\/kosmeticka-masla\\\/maslo-s-avokadem\\\/#primaryimage\"},\"image\":{\"@id\":\"https:\\\/\\\/naturalpoland.com\\\/cs\\\/produkty\\\/produkty-pro-kosmeticky-prumysl\\\/kosmeticka-masla\\\/maslo-s-avokadem\\\/#primaryimage\"},\"thumbnailUrl\":\"https:\\\/\\\/naturalpoland.com\\\/wp-content\\\/uploads\\\/maslo-z-awokado.jpg\",\"datePublished\":\"2021-05-11T11:47:23+00:00\",\"dateModified\":\"2025-07-21T11:54:33+00:00\",\"description\":\"Avok\u00e1dov\u00e9 m\u00e1slo je produkt bohat\u00fd na \u017eiviny, kter\u00fd nab\u00edz\u00ed hlubokou hydrataci, intenzivn\u00ed regeneraci a ochranu pro poko\u017eku a vlasy.\",\"breadcrumb\":{\"@id\":\"https:\\\/\\\/naturalpoland.com\\\/cs\\\/produkty\\\/produkty-pro-kosmeticky-prumysl\\\/kosmeticka-masla\\\/maslo-s-avokadem\\\/#breadcrumb\"},\"inLanguage\":\"cs\",\"potentialAction\":[{\"@type\":\"ReadAction\",\"target\":[\"https:\\\/\\\/naturalpoland.com\\\/cs\\\/produkty\\\/produkty-pro-kosmeticky-prumysl\\\/kosmeticka-masla\\\/maslo-s-avokadem\\\/\"]}]},{\"@type\":\"ImageObject\",\"inLanguage\":\"cs\",\"@id\":\"https:\\\/\\\/naturalpoland.com\\\/cs\\\/produkty\\\/produkty-pro-kosmeticky-prumysl\\\/kosmeticka-masla\\\/maslo-s-avokadem\\\/#primaryimage\",\"url\":\"https:\\\/\\\/naturalpoland.com\\\/wp-content\\\/uploads\\\/maslo-z-awokado.jpg\",\"contentUrl\":\"https:\\\/\\\/naturalpoland.com\\\/wp-content\\\/uploads\\\/maslo-z-awokado.jpg\",\"width\":650,\"height\":650,\"caption\":\"mas\u0142o z awokado\"},{\"@type\":\"BreadcrumbList\",\"@id\":\"https:\\\/\\\/naturalpoland.com\\\/cs\\\/produkty\\\/produkty-pro-kosmeticky-prumysl\\\/kosmeticka-masla\\\/maslo-s-avokadem\\\/#breadcrumb\",\"itemListElement\":[{\"@type\":\"ListItem\",\"position\":1,\"name\":\"Dom\u016f\",\"item\":\"https:\\\/\\\/naturalpoland.com\\\/cs\\\/\"},{\"@type\":\"ListItem\",\"position\":2,\"name\":\"Produkty\",\"item\":\"https:\\\/\\\/naturalpoland.com\\\/cs\\\/produkty\\\/\"},{\"@type\":\"ListItem\",\"position\":3,\"name\":\"Avok\u00e1dov\u00e9 m\u00e1slo\"}]},{\"@type\":\"WebSite\",\"@id\":\"https:\\\/\\\/naturalpoland.com\\\/cs\\\/#website\",\"url\":\"https:\\\/\\\/naturalpoland.com\\\/cs\\\/\",\"name\":\"NATURAL POLAND - Velkoobchodn\u00ed distributor surovin\",\"description\":\"Surowce dla przemys\u0142u spo\u017cywczego, kosmetycznego i farmaceutycznego\",\"publisher\":{\"@id\":\"https:\\\/\\\/naturalpoland.com\\\/cs\\\/#organization\"},\"potentialAction\":[{\"@type\":\"SearchAction\",\"target\":{\"@type\":\"EntryPoint\",\"urlTemplate\":\"https:\\\/\\\/naturalpoland.com\\\/cs\\\/?s={search_term_string}\"},\"query-input\":{\"@type\":\"PropertyValueSpecification\",\"valueRequired\":true,\"valueName\":\"search_term_string\"}}],\"inLanguage\":\"cs\"},{\"@type\":\"Organization\",\"@id\":\"https:\\\/\\\/naturalpoland.com\\\/cs\\\/#organization\",\"name\":\"Natural Poland\",\"url\":\"https:\\\/\\\/naturalpoland.com\\\/cs\\\/\",\"logo\":{\"@type\":\"ImageObject\",\"inLanguage\":\"cs\",\"@id\":\"https:\\\/\\\/naturalpoland.com\\\/cs\\\/#\\\/schema\\\/logo\\\/image\\\/\",\"url\":\"https:\\\/\\\/naturalpoland.com\\\/wp-content\\\/uploads\\\/2021\\\/05\\\/natural-poland-icon.png\",\"contentUrl\":\"https:\\\/\\\/naturalpoland.com\\\/wp-content\\\/uploads\\\/2021\\\/05\\\/natural-poland-icon.png\",\"width\":512,\"height\":512,\"caption\":\"Natural Poland\"},\"image\":{\"@id\":\"https:\\\/\\\/naturalpoland.com\\\/cs\\\/#\\\/schema\\\/logo\\\/image\\\/\"},\"sameAs\":[\"https:\\\/\\\/www.facebook.com\\\/naturalpoland.b2b\",\"https:\\\/\\\/pl.linkedin.com\\\/company\\\/natural-poland\",\"https:\\\/\\\/www.youtube.com\\\/channel\\\/UCgeGGkvOMahZo-xu_MSEWxg\"]}]}<\/script>\n<!-- \/ Yoast SEO plugin. -->","yoast_head_json":{"title":"Avok\u00e1dov\u00e9 m\u00e1slo - NATURAL POLAND - Velkoobchodn\u00ed distributor surovin","description":"Avok\u00e1dov\u00e9 m\u00e1slo je produkt bohat\u00fd na \u017eiviny, kter\u00fd nab\u00edz\u00ed hlubokou hydrataci, intenzivn\u00ed regeneraci a ochranu pro poko\u017eku a vlasy.","robots":{"index":"index","follow":"follow","max-snippet":"max-snippet:-1","max-image-preview":"max-image-preview:large","max-video-preview":"max-video-preview:-1"},"canonical":"https:\/\/naturalpoland.com\/cs\/produkty\/produkty-pro-kosmeticky-prumysl\/kosmeticka-masla\/maslo-s-avokadem\/","og_locale":"cs_CZ","og_type":"article","og_title":"Avok\u00e1dov\u00e9 m\u00e1slo - NATURAL POLAND - Velkoobchodn\u00ed distributor surovin","og_description":"Avok\u00e1dov\u00e9 m\u00e1slo je produkt bohat\u00fd na \u017eiviny, kter\u00fd nab\u00edz\u00ed hlubokou hydrataci, intenzivn\u00ed regeneraci a ochranu pro poko\u017eku a vlasy.","og_url":"https:\/\/naturalpoland.com\/cs\/produkty\/produkty-pro-kosmeticky-prumysl\/kosmeticka-masla\/maslo-s-avokadem\/","og_site_name":"NATURAL POLAND - Velkoobchodn\u00ed distributor surovin","article_publisher":"https:\/\/www.facebook.com\/naturalpoland.b2b","article_modified_time":"2025-07-21T11:54:33+00:00","og_image":[{"width":650,"height":650,"url":"https:\/\/naturalpoland.com\/wp-content\/uploads\/maslo-z-awokado.jpg","type":"image\/jpeg"}],"schema":{"@context":"https:\/\/schema.org","@graph":[{"@type":"WebPage","@id":"https:\/\/naturalpoland.com\/cs\/produkty\/produkty-pro-kosmeticky-prumysl\/kosmeticka-masla\/maslo-s-avokadem\/","url":"https:\/\/naturalpoland.com\/cs\/produkty\/produkty-pro-kosmeticky-prumysl\/kosmeticka-masla\/maslo-s-avokadem\/","name":"Avok\u00e1dov\u00e9 m\u00e1slo - NATURAL POLAND - Velkoobchodn\u00ed distributor surovin","isPartOf":{"@id":"https:\/\/naturalpoland.com\/cs\/#website"},"primaryImageOfPage":{"@id":"https:\/\/naturalpoland.com\/cs\/produkty\/produkty-pro-kosmeticky-prumysl\/kosmeticka-masla\/maslo-s-avokadem\/#primaryimage"},"image":{"@id":"https:\/\/naturalpoland.com\/cs\/produkty\/produkty-pro-kosmeticky-prumysl\/kosmeticka-masla\/maslo-s-avokadem\/#primaryimage"},"thumbnailUrl":"https:\/\/naturalpoland.com\/wp-content\/uploads\/maslo-z-awokado.jpg","datePublished":"2021-05-11T11:47:23+00:00","dateModified":"2025-07-21T11:54:33+00:00","description":"Avok\u00e1dov\u00e9 m\u00e1slo je produkt bohat\u00fd na \u017eiviny, kter\u00fd nab\u00edz\u00ed hlubokou hydrataci, intenzivn\u00ed regeneraci a ochranu pro poko\u017eku a vlasy.","breadcrumb":{"@id":"https:\/\/naturalpoland.com\/cs\/produkty\/produkty-pro-kosmeticky-prumysl\/kosmeticka-masla\/maslo-s-avokadem\/#breadcrumb"},"inLanguage":"cs","potentialAction":[{"@type":"ReadAction","target":["https:\/\/naturalpoland.com\/cs\/produkty\/produkty-pro-kosmeticky-prumysl\/kosmeticka-masla\/maslo-s-avokadem\/"]}]},{"@type":"ImageObject","inLanguage":"cs","@id":"https:\/\/naturalpoland.com\/cs\/produkty\/produkty-pro-kosmeticky-prumysl\/kosmeticka-masla\/maslo-s-avokadem\/#primaryimage","url":"https:\/\/naturalpoland.com\/wp-content\/uploads\/maslo-z-awokado.jpg","contentUrl":"https:\/\/naturalpoland.com\/wp-content\/uploads\/maslo-z-awokado.jpg","width":650,"height":650,"caption":"mas\u0142o z awokado"},{"@type":"BreadcrumbList","@id":"https:\/\/naturalpoland.com\/cs\/produkty\/produkty-pro-kosmeticky-prumysl\/kosmeticka-masla\/maslo-s-avokadem\/#breadcrumb","itemListElement":[{"@type":"ListItem","position":1,"name":"Dom\u016f","item":"https:\/\/naturalpoland.com\/cs\/"},{"@type":"ListItem","position":2,"name":"Produkty","item":"https:\/\/naturalpoland.com\/cs\/produkty\/"},{"@type":"ListItem","position":3,"name":"Avok\u00e1dov\u00e9 m\u00e1slo"}]},{"@type":"WebSite","@id":"https:\/\/naturalpoland.com\/cs\/#website","url":"https:\/\/naturalpoland.com\/cs\/","name":"NATURAL POLAND - Velkoobchodn\u00ed distributor surovin","description":"Surowce dla przemys\u0142u spo\u017cywczego, kosmetycznego i farmaceutycznego","publisher":{"@id":"https:\/\/naturalpoland.com\/cs\/#organization"},"potentialAction":[{"@type":"SearchAction","target":{"@type":"EntryPoint","urlTemplate":"https:\/\/naturalpoland.com\/cs\/?s={search_term_string}"},"query-input":{"@type":"PropertyValueSpecification","valueRequired":true,"valueName":"search_term_string"}}],"inLanguage":"cs"},{"@type":"Organization","@id":"https:\/\/naturalpoland.com\/cs\/#organization","name":"Natural Poland","url":"https:\/\/naturalpoland.com\/cs\/","logo":{"@type":"ImageObject","inLanguage":"cs","@id":"https:\/\/naturalpoland.com\/cs\/#\/schema\/logo\/image\/","url":"https:\/\/naturalpoland.com\/wp-content\/uploads\/2021\/05\/natural-poland-icon.png","contentUrl":"https:\/\/naturalpoland.com\/wp-content\/uploads\/2021\/05\/natural-poland-icon.png","width":512,"height":512,"caption":"Natural Poland"},"image":{"@id":"https:\/\/naturalpoland.com\/cs\/#\/schema\/logo\/image\/"},"sameAs":["https:\/\/www.facebook.com\/naturalpoland.b2b","https:\/\/pl.linkedin.com\/company\/natural-poland","https:\/\/www.youtube.com\/channel\/UCgeGGkvOMahZo-xu_MSEWxg"]}]}},"_links":{"self":[{"href":"https:\/\/naturalpoland.com\/cs\/wp-json\/wp\/v2\/product\/12512","targetHints":{"allow":["GET"]}}],"collection":[{"href":"https:\/\/naturalpoland.com\/cs\/wp-json\/wp\/v2\/product"}],"about":[{"href":"https:\/\/naturalpoland.com\/cs\/wp-json\/wp\/v2\/types\/product"}],"wp:featuredmedia":[{"embeddable":true,"href":"https:\/\/naturalpoland.com\/cs\/wp-json\/wp\/v2\/media\/15292"}],"wp:attachment":[{"href":"https:\/\/naturalpoland.com\/cs\/wp-json\/wp\/v2\/media?parent=12512"}],"wp:term":[{"taxonomy":"product_brand","embeddable":true,"href":"https:\/\/naturalpoland.com\/cs\/wp-json\/wp\/v2\/product_brand?post=12512"},{"taxonomy":"product_cat","embeddable":true,"href":"https:\/\/naturalpoland.com\/cs\/wp-json\/wp\/v2\/product_cat?post=12512"},{"taxonomy":"product_tag","embeddable":true,"href":"https:\/\/naturalpoland.com\/cs\/wp-json\/wp\/v2\/product_tag?post=12512"}],"curies":[{"name":"wp","href":"https:\/\/api.w.org\/{rel}","templated":true}]}}