{"id":12537,"date":"2021-05-11T13:48:56","date_gmt":"2021-09-21T13:03:49","guid":{"rendered":"https:\/\/naturalpoland.pl\/produkty\/nezarazene\/kukuricny-olej\/"},"modified":"2025-06-09T13:07:57","modified_gmt":"2025-06-09T11:07:57","slug":"kukuricny-olej","status":"publish","type":"product","link":"https:\/\/naturalpoland.com\/cs\/produkty\/jedle-a-kosmeticke-oleje\/kukuricny-olej\/","title":{"rendered":"Kuku\u0159i\u010dn\u00fd olej"},"content":{"rendered":"<h2>Vlastnosti kuku\u0159i\u010dn\u00e9ho oleje<\/h2>\n<p>Kuku\u0159i\u010dn\u00fd olej je bohat\u00fd na polynenasycen\u00e9 mastn\u00e9 kyseliny, jako je kyselina linolov\u00e1 (p\u0159ibli\u017en\u011b 50 %) a mononenasycen\u00e1 kyselina olejov\u00e1 (p\u0159ibli\u017en\u011b 28 %). To sni\u017euje hladinu cholesterolu v krvi a podporuje kardiovaskul\u00e1rn\u00ed syst\u00e9m.  M\u00e1 tak\u00e9 vysok\u00fd obsah omega 6 a omega 3 mastn\u00fdch kyselin. Jejich \u00fakolem je podn\u00edtit metabolismus a stimulovat \u010dinnost st\u0159ev. Obsahuje tak\u00e9 vitamin E a fytosteroly, kter\u00e9 maj\u00ed antioxida\u010dn\u00ed funkci a pom\u00e1haj\u00ed sni\u017eovat hladinu \u201e\u0161patn\u00e9ho\u201c LDL cholesterolu.<\/p>\n<h2>Pou\u017eit\u00ed:<\/h2>\n<p>Kuku\u0159i\u010dn\u00fd olej lze pou\u017e\u00edt p\u0159i va\u0159en\u00ed, zejm\u00e9na do studen\u00fdch pokrm\u016f, jako jsou sal\u00e1ty a dipy.<\/p>\n<p>D\u00edky sv\u00fdm hydrata\u010dn\u00edm a vy\u017eivuj\u00edc\u00edm vlastnostem je tak\u00e9 cen\u011bnou slo\u017ekou v kosmetice.<\/p>\n","protected":false},"excerpt":{"rendered":"<p>Kuku\u0159i\u010dn\u00fd olej, zn\u00e1m\u00fd tak\u00e9 jako Zea <em>Mays Oil,<\/em> je nerafinovan\u00fd, vysoce kvalitn\u00ed produkt lisovan\u00fd za studena z kuku\u0159i\u010dn\u00fdch kl\u00ed\u010dk\u016f. M\u00e1 jemnou \u017elutou barvu a charakteristick\u00e9 aroma. <\/p>\n","protected":false},"featured_media":28918,"template":"","meta":[],"product_brand":[],"product_cat":[625],"product_tag":[],"class_list":{"0":"post-12537","1":"product","2":"type-product","3":"status-publish","4":"has-post-thumbnail","6":"product_cat-jedle-a-kosmeticke-oleje","7":"pa_czesc-rosliny-klicky","8":"pa_metoda-pozyskiwania-lisovani-za-studena","10":"first","11":"instock","12":"shipping-taxable","13":"product-type-simple"},"yoast_head":"<!-- This site is optimized with the Yoast SEO plugin v27.4 - https:\/\/yoast.com\/product\/yoast-seo-wordpress\/ -->\n<title>Kuku\u0159i\u010dn\u00fd olej - NATURAL POLAND - Velkoobchodn\u00ed distributor surovin<\/title>\n<meta name=\"description\" content=\"Kuku\u0159i\u010dn\u00fd olej, zn\u00e1m\u00fd tak\u00e9 jako Zea Mays Oil, je nerafinovan\u00fd, vysoce kvalitn\u00ed produkt lisovan\u00fd za studena z kuku\u0159i\u010dn\u00fdch kl\u00ed\u010dk\u016f.\" \/>\n<meta name=\"robots\" content=\"index, follow, max-snippet:-1, max-image-preview:large, max-video-preview:-1\" \/>\n<link rel=\"canonical\" href=\"https:\/\/naturalpoland.com\/cs\/produkty\/jedle-a-kosmeticke-oleje\/kukuricny-olej\/\" \/>\n<meta property=\"og:locale\" content=\"cs_CZ\" \/>\n<meta property=\"og:type\" content=\"article\" \/>\n<meta property=\"og:title\" content=\"Kuku\u0159i\u010dn\u00fd olej - NATURAL POLAND - Velkoobchodn\u00ed distributor surovin\" \/>\n<meta property=\"og:description\" content=\"Kuku\u0159i\u010dn\u00fd olej, zn\u00e1m\u00fd tak\u00e9 jako Zea Mays Oil, je nerafinovan\u00fd, vysoce kvalitn\u00ed produkt lisovan\u00fd za studena z kuku\u0159i\u010dn\u00fdch kl\u00ed\u010dk\u016f.\" \/>\n<meta property=\"og:url\" content=\"https:\/\/naturalpoland.com\/cs\/produkty\/jedle-a-kosmeticke-oleje\/kukuricny-olej\/\" \/>\n<meta property=\"og:site_name\" content=\"NATURAL POLAND - Velkoobchodn\u00ed distributor surovin\" \/>\n<meta property=\"article:publisher\" content=\"https:\/\/www.facebook.com\/naturalpoland.b2b\" \/>\n<meta property=\"article:modified_time\" content=\"2025-06-09T11:07:57+00:00\" \/>\n<meta property=\"og:image\" content=\"https:\/\/naturalpoland.com\/wp-content\/uploads\/corn-oil.webp\" \/>\n\t<meta property=\"og:image:width\" content=\"612\" \/>\n\t<meta property=\"og:image:height\" content=\"612\" \/>\n\t<meta property=\"og:image:type\" content=\"image\/webp\" \/>\n<script type=\"application\/ld+json\" class=\"yoast-schema-graph\">{\"@context\":\"https:\\\/\\\/schema.org\",\"@graph\":[{\"@type\":\"WebPage\",\"@id\":\"https:\\\/\\\/naturalpoland.com\\\/cs\\\/produkty\\\/jedle-a-kosmeticke-oleje\\\/kukuricny-olej\\\/\",\"url\":\"https:\\\/\\\/naturalpoland.com\\\/cs\\\/produkty\\\/jedle-a-kosmeticke-oleje\\\/kukuricny-olej\\\/\",\"name\":\"Kuku\u0159i\u010dn\u00fd olej - NATURAL POLAND - Velkoobchodn\u00ed distributor surovin\",\"isPartOf\":{\"@id\":\"https:\\\/\\\/naturalpoland.com\\\/cs\\\/#website\"},\"primaryImageOfPage\":{\"@id\":\"https:\\\/\\\/naturalpoland.com\\\/cs\\\/produkty\\\/jedle-a-kosmeticke-oleje\\\/kukuricny-olej\\\/#primaryimage\"},\"image\":{\"@id\":\"https:\\\/\\\/naturalpoland.com\\\/cs\\\/produkty\\\/jedle-a-kosmeticke-oleje\\\/kukuricny-olej\\\/#primaryimage\"},\"thumbnailUrl\":\"https:\\\/\\\/naturalpoland.com\\\/wp-content\\\/uploads\\\/corn-oil.webp\",\"datePublished\":\"2021-09-21T13:03:49+00:00\",\"dateModified\":\"2025-06-09T11:07:57+00:00\",\"description\":\"Kuku\u0159i\u010dn\u00fd olej, zn\u00e1m\u00fd tak\u00e9 jako Zea Mays Oil, je nerafinovan\u00fd, vysoce kvalitn\u00ed produkt lisovan\u00fd za studena z kuku\u0159i\u010dn\u00fdch kl\u00ed\u010dk\u016f.\",\"breadcrumb\":{\"@id\":\"https:\\\/\\\/naturalpoland.com\\\/cs\\\/produkty\\\/jedle-a-kosmeticke-oleje\\\/kukuricny-olej\\\/#breadcrumb\"},\"inLanguage\":\"cs\",\"potentialAction\":[{\"@type\":\"ReadAction\",\"target\":[\"https:\\\/\\\/naturalpoland.com\\\/cs\\\/produkty\\\/jedle-a-kosmeticke-oleje\\\/kukuricny-olej\\\/\"]}]},{\"@type\":\"ImageObject\",\"inLanguage\":\"cs\",\"@id\":\"https:\\\/\\\/naturalpoland.com\\\/cs\\\/produkty\\\/jedle-a-kosmeticke-oleje\\\/kukuricny-olej\\\/#primaryimage\",\"url\":\"https:\\\/\\\/naturalpoland.com\\\/wp-content\\\/uploads\\\/corn-oil.webp\",\"contentUrl\":\"https:\\\/\\\/naturalpoland.com\\\/wp-content\\\/uploads\\\/corn-oil.webp\",\"width\":612,\"height\":612,\"caption\":\"olej kukurydziany\"},{\"@type\":\"BreadcrumbList\",\"@id\":\"https:\\\/\\\/naturalpoland.com\\\/cs\\\/produkty\\\/jedle-a-kosmeticke-oleje\\\/kukuricny-olej\\\/#breadcrumb\",\"itemListElement\":[{\"@type\":\"ListItem\",\"position\":1,\"name\":\"Dom\u016f\",\"item\":\"https:\\\/\\\/naturalpoland.com\\\/cs\\\/\"},{\"@type\":\"ListItem\",\"position\":2,\"name\":\"Produkty\",\"item\":\"https:\\\/\\\/naturalpoland.com\\\/cs\\\/produkty\\\/\"},{\"@type\":\"ListItem\",\"position\":3,\"name\":\"Kuku\u0159i\u010dn\u00fd olej\"}]},{\"@type\":\"WebSite\",\"@id\":\"https:\\\/\\\/naturalpoland.com\\\/cs\\\/#website\",\"url\":\"https:\\\/\\\/naturalpoland.com\\\/cs\\\/\",\"name\":\"NATURAL POLAND - Velkoobchodn\u00ed distributor surovin\",\"description\":\"Surowce dla przemys\u0142u spo\u017cywczego, kosmetycznego i farmaceutycznego\",\"publisher\":{\"@id\":\"https:\\\/\\\/naturalpoland.com\\\/cs\\\/#organization\"},\"potentialAction\":[{\"@type\":\"SearchAction\",\"target\":{\"@type\":\"EntryPoint\",\"urlTemplate\":\"https:\\\/\\\/naturalpoland.com\\\/cs\\\/?s={search_term_string}\"},\"query-input\":{\"@type\":\"PropertyValueSpecification\",\"valueRequired\":true,\"valueName\":\"search_term_string\"}}],\"inLanguage\":\"cs\"},{\"@type\":\"Organization\",\"@id\":\"https:\\\/\\\/naturalpoland.com\\\/cs\\\/#organization\",\"name\":\"Natural Poland\",\"url\":\"https:\\\/\\\/naturalpoland.com\\\/cs\\\/\",\"logo\":{\"@type\":\"ImageObject\",\"inLanguage\":\"cs\",\"@id\":\"https:\\\/\\\/naturalpoland.com\\\/cs\\\/#\\\/schema\\\/logo\\\/image\\\/\",\"url\":\"https:\\\/\\\/naturalpoland.com\\\/wp-content\\\/uploads\\\/2021\\\/05\\\/natural-poland-icon.png\",\"contentUrl\":\"https:\\\/\\\/naturalpoland.com\\\/wp-content\\\/uploads\\\/2021\\\/05\\\/natural-poland-icon.png\",\"width\":512,\"height\":512,\"caption\":\"Natural Poland\"},\"image\":{\"@id\":\"https:\\\/\\\/naturalpoland.com\\\/cs\\\/#\\\/schema\\\/logo\\\/image\\\/\"},\"sameAs\":[\"https:\\\/\\\/www.facebook.com\\\/naturalpoland.b2b\",\"https:\\\/\\\/pl.linkedin.com\\\/company\\\/natural-poland\",\"https:\\\/\\\/www.youtube.com\\\/channel\\\/UCgeGGkvOMahZo-xu_MSEWxg\"]}]}<\/script>\n<!-- \/ Yoast SEO plugin. -->","yoast_head_json":{"title":"Kuku\u0159i\u010dn\u00fd olej - NATURAL POLAND - Velkoobchodn\u00ed distributor surovin","description":"Kuku\u0159i\u010dn\u00fd olej, zn\u00e1m\u00fd tak\u00e9 jako Zea Mays Oil, je nerafinovan\u00fd, vysoce kvalitn\u00ed produkt lisovan\u00fd za studena z kuku\u0159i\u010dn\u00fdch kl\u00ed\u010dk\u016f.","robots":{"index":"index","follow":"follow","max-snippet":"max-snippet:-1","max-image-preview":"max-image-preview:large","max-video-preview":"max-video-preview:-1"},"canonical":"https:\/\/naturalpoland.com\/cs\/produkty\/jedle-a-kosmeticke-oleje\/kukuricny-olej\/","og_locale":"cs_CZ","og_type":"article","og_title":"Kuku\u0159i\u010dn\u00fd olej - NATURAL POLAND - Velkoobchodn\u00ed distributor surovin","og_description":"Kuku\u0159i\u010dn\u00fd olej, zn\u00e1m\u00fd tak\u00e9 jako Zea Mays Oil, je nerafinovan\u00fd, vysoce kvalitn\u00ed produkt lisovan\u00fd za studena z kuku\u0159i\u010dn\u00fdch kl\u00ed\u010dk\u016f.","og_url":"https:\/\/naturalpoland.com\/cs\/produkty\/jedle-a-kosmeticke-oleje\/kukuricny-olej\/","og_site_name":"NATURAL POLAND - Velkoobchodn\u00ed distributor surovin","article_publisher":"https:\/\/www.facebook.com\/naturalpoland.b2b","article_modified_time":"2025-06-09T11:07:57+00:00","og_image":[{"width":612,"height":612,"url":"https:\/\/naturalpoland.com\/wp-content\/uploads\/corn-oil.webp","type":"image\/webp"}],"schema":{"@context":"https:\/\/schema.org","@graph":[{"@type":"WebPage","@id":"https:\/\/naturalpoland.com\/cs\/produkty\/jedle-a-kosmeticke-oleje\/kukuricny-olej\/","url":"https:\/\/naturalpoland.com\/cs\/produkty\/jedle-a-kosmeticke-oleje\/kukuricny-olej\/","name":"Kuku\u0159i\u010dn\u00fd olej - NATURAL POLAND - Velkoobchodn\u00ed distributor surovin","isPartOf":{"@id":"https:\/\/naturalpoland.com\/cs\/#website"},"primaryImageOfPage":{"@id":"https:\/\/naturalpoland.com\/cs\/produkty\/jedle-a-kosmeticke-oleje\/kukuricny-olej\/#primaryimage"},"image":{"@id":"https:\/\/naturalpoland.com\/cs\/produkty\/jedle-a-kosmeticke-oleje\/kukuricny-olej\/#primaryimage"},"thumbnailUrl":"https:\/\/naturalpoland.com\/wp-content\/uploads\/corn-oil.webp","datePublished":"2021-09-21T13:03:49+00:00","dateModified":"2025-06-09T11:07:57+00:00","description":"Kuku\u0159i\u010dn\u00fd olej, zn\u00e1m\u00fd tak\u00e9 jako Zea Mays Oil, je nerafinovan\u00fd, vysoce kvalitn\u00ed produkt lisovan\u00fd za studena z kuku\u0159i\u010dn\u00fdch kl\u00ed\u010dk\u016f.","breadcrumb":{"@id":"https:\/\/naturalpoland.com\/cs\/produkty\/jedle-a-kosmeticke-oleje\/kukuricny-olej\/#breadcrumb"},"inLanguage":"cs","potentialAction":[{"@type":"ReadAction","target":["https:\/\/naturalpoland.com\/cs\/produkty\/jedle-a-kosmeticke-oleje\/kukuricny-olej\/"]}]},{"@type":"ImageObject","inLanguage":"cs","@id":"https:\/\/naturalpoland.com\/cs\/produkty\/jedle-a-kosmeticke-oleje\/kukuricny-olej\/#primaryimage","url":"https:\/\/naturalpoland.com\/wp-content\/uploads\/corn-oil.webp","contentUrl":"https:\/\/naturalpoland.com\/wp-content\/uploads\/corn-oil.webp","width":612,"height":612,"caption":"olej kukurydziany"},{"@type":"BreadcrumbList","@id":"https:\/\/naturalpoland.com\/cs\/produkty\/jedle-a-kosmeticke-oleje\/kukuricny-olej\/#breadcrumb","itemListElement":[{"@type":"ListItem","position":1,"name":"Dom\u016f","item":"https:\/\/naturalpoland.com\/cs\/"},{"@type":"ListItem","position":2,"name":"Produkty","item":"https:\/\/naturalpoland.com\/cs\/produkty\/"},{"@type":"ListItem","position":3,"name":"Kuku\u0159i\u010dn\u00fd olej"}]},{"@type":"WebSite","@id":"https:\/\/naturalpoland.com\/cs\/#website","url":"https:\/\/naturalpoland.com\/cs\/","name":"NATURAL POLAND - Velkoobchodn\u00ed distributor surovin","description":"Surowce dla przemys\u0142u spo\u017cywczego, kosmetycznego i farmaceutycznego","publisher":{"@id":"https:\/\/naturalpoland.com\/cs\/#organization"},"potentialAction":[{"@type":"SearchAction","target":{"@type":"EntryPoint","urlTemplate":"https:\/\/naturalpoland.com\/cs\/?s={search_term_string}"},"query-input":{"@type":"PropertyValueSpecification","valueRequired":true,"valueName":"search_term_string"}}],"inLanguage":"cs"},{"@type":"Organization","@id":"https:\/\/naturalpoland.com\/cs\/#organization","name":"Natural Poland","url":"https:\/\/naturalpoland.com\/cs\/","logo":{"@type":"ImageObject","inLanguage":"cs","@id":"https:\/\/naturalpoland.com\/cs\/#\/schema\/logo\/image\/","url":"https:\/\/naturalpoland.com\/wp-content\/uploads\/2021\/05\/natural-poland-icon.png","contentUrl":"https:\/\/naturalpoland.com\/wp-content\/uploads\/2021\/05\/natural-poland-icon.png","width":512,"height":512,"caption":"Natural Poland"},"image":{"@id":"https:\/\/naturalpoland.com\/cs\/#\/schema\/logo\/image\/"},"sameAs":["https:\/\/www.facebook.com\/naturalpoland.b2b","https:\/\/pl.linkedin.com\/company\/natural-poland","https:\/\/www.youtube.com\/channel\/UCgeGGkvOMahZo-xu_MSEWxg"]}]}},"_links":{"self":[{"href":"https:\/\/naturalpoland.com\/cs\/wp-json\/wp\/v2\/product\/12537","targetHints":{"allow":["GET"]}}],"collection":[{"href":"https:\/\/naturalpoland.com\/cs\/wp-json\/wp\/v2\/product"}],"about":[{"href":"https:\/\/naturalpoland.com\/cs\/wp-json\/wp\/v2\/types\/product"}],"wp:featuredmedia":[{"embeddable":true,"href":"https:\/\/naturalpoland.com\/cs\/wp-json\/wp\/v2\/media\/28918"}],"wp:attachment":[{"href":"https:\/\/naturalpoland.com\/cs\/wp-json\/wp\/v2\/media?parent=12537"}],"wp:term":[{"taxonomy":"product_brand","embeddable":true,"href":"https:\/\/naturalpoland.com\/cs\/wp-json\/wp\/v2\/product_brand?post=12537"},{"taxonomy":"product_cat","embeddable":true,"href":"https:\/\/naturalpoland.com\/cs\/wp-json\/wp\/v2\/product_cat?post=12537"},{"taxonomy":"product_tag","embeddable":true,"href":"https:\/\/naturalpoland.com\/cs\/wp-json\/wp\/v2\/product_tag?post=12537"}],"curies":[{"name":"wp","href":"https:\/\/api.w.org\/{rel}","templated":true}]}}