{"id":12542,"date":"2021-05-11T13:48:56","date_gmt":"2021-09-21T13:03:50","guid":{"rendered":"https:\/\/naturalpoland.pl\/produkty\/nezarazene\/mandlovy-olej\/"},"modified":"2024-10-07T12:11:27","modified_gmt":"2024-10-07T10:11:27","slug":"mandlovy-olej","status":"publish","type":"product","link":"https:\/\/naturalpoland.com\/cs\/produkty\/produkty-pro-potravinarsky-prumysl\/jedle-oleje\/mandlovy-olej\/","title":{"rendered":"Mandlov\u00fd olej"},"content":{"rendered":"<p>Mandlov\u00fd olej pou\u017e\u00edvan\u00fd v potravin\u00e1ch dod\u00e1v\u00e1 pokrm\u016fm sladkou chu\u0165 a zlatavou barvu. M\u00e1 neutr\u00e1ln\u00ed aroma, tak\u017ee se skv\u011ble hod\u00ed k ostatn\u00edm p\u0159\u00edsad\u00e1m. V kosmetice mandlov\u00fd olej v\u00fdborn\u011b \u010dist\u00ed poko\u017eku od toxin\u016f, otev\u00edr\u00e1 p\u00f3ry a udr\u017euje vlhkost, kter\u00e1 br\u00e1n\u00ed vstupu mikroorganism\u016f.  <\/p>\n<h2>Vlastnosti oleje ze sladk\u00fdch mandl\u00ed:<\/h2>\n<ol>\n<li>Olej ze sladk\u00fdch mandl\u00ed je bohat\u00fd na kyselinu olejovou a linolovou, kter\u00e9 maj\u00ed hydrata\u010dn\u00ed a ochrann\u00e9 vlastnosti.<br \/>\nNa poko\u017ece vytv\u00e1\u0159\u00ed ochrannou bari\u00e9ru, zabra\u0148uje ztr\u00e1t\u011b vlhkosti a chr\u00e1n\u00ed p\u0159ed \u0161kodliv\u00fdmi vn\u011bj\u0161\u00edmi vlivy. <\/li>\n<li>D\u00edky obsahu vitam\u00edn\u016f (A, E) a miner\u00e1l\u016f podporuje mandlov\u00fd olej regeneraci ko\u017en\u00edch bun\u011bk, zlep\u0161uje pru\u017enost a pevnost poko\u017eky.<br \/>\nPom\u00e1h\u00e1 tak\u00e9 zklid\u0148ovat podr\u00e1\u017ed\u011bn\u00ed a z\u00e1n\u011bty, tak\u017ee je ide\u00e1ln\u00ed pro citlivou a suchou ple\u0165. <\/li>\n<li>Olej ze sladk\u00fdch mandl\u00ed m\u00e1 lehkou texturu, snadno se vst\u0159eb\u00e1v\u00e1 a nezanech\u00e1v\u00e1 na poko\u017ece mastn\u00fd film.<br \/>\nJe to vynikaj\u00edc\u00ed nosn\u00fd olej, ide\u00e1ln\u00ed pro pou\u017eit\u00ed v aromaterapii a jako z\u00e1klad pro \u0159ed\u011bn\u00ed esenci\u00e1ln\u00edch olej\u016f. <\/li>\n<\/ol>\n<h2>Aplikace<\/h2>\n<ol>\n<li><strong>Kosmetika pro p\u00e9\u010di o ple\u0165<\/strong>: kr\u00e9my, ple\u0165ov\u00e9 vody, mas\u00e1\u017en\u00ed oleje, ple\u0165ov\u00e9 masky.<\/li>\n<li><strong>P\u0159\u00edpravky pro p\u00e9\u010di o vlasy<\/strong>: \u0161ampony, kondicion\u00e9ry, masky<\/li>\n<li><strong>Farmaceutick\u00e9 p\u0159\u00edpravky<\/strong>: z\u00e1kladn\u00ed slo\u017eka l\u00e9\u010div\u00fdch mast\u00ed a kr\u00e9m\u016f<\/li>\n<li><strong>Potravin\u00e1\u0159sk\u00fd pr\u016fmysl<\/strong>: p\u0159id\u00e1v\u00e1 se do sal\u00e1t\u016f, dresink\u016f a dal\u0161\u00edch pokrm\u016f.<\/li>\n<\/ol>\n<hr>\n<h2>Obsah mastn\u00fdch kyselin<\/h2>\n<ul>\n<li><strong>Kyselina palmitov\u00e1 (C16):<\/strong> (v\u00fdsledek: 4,2 %)<\/li>\n<li><strong>Kyselina oleopalmitov\u00e1 (C16:1):<\/strong> max.<br \/>\n0,8 % (v\u00fdsledek: 0,15 %) <\/li>\n<li><strong>Kyselina stearov\u00e1 (C18<\/strong> ): max.<br \/>\n3 % (kompatibiln\u00ed) <\/li>\n<li><strong>Kyselina olejov\u00e1 (C18:1):<\/strong> (v\u00fdsledek: 67,41 %)<\/li>\n<li><strong>Kyselina linolov\u00e1 (C18:2):<\/strong> (v\u00fdsledek: 24,2 %).<\/li>\n<li><strong>Kyselina linolenov\u00e1 (C18:3):<\/strong> max.<br \/>\n0,4 % (v\u00fdsledek: 0,06 %) <\/li>\n<li><strong>Kyselina erukov\u00e1 (C22:1):<\/strong> &lt;0,1 % (vyhovuje)<\/li>\n<\/ul>\n<p>&nbsp;<\/p>\n","protected":false},"excerpt":{"rendered":"<p>Rafinovan\u00fd olej ze sladk\u00fdch mandl\u00ed je vysoce kvalitn\u00ed rostlinn\u00fd olej z\u00edskan\u00fd ze semen mandlon\u011b obecn\u00e9<em>(Prunus amygdalus dulcis)<\/em>.<br \/>\nObsahuje vitaminy E a A, esenci\u00e1ln\u00ed mastn\u00e9 kyseliny, b\u00edlkoviny, drasl\u00edk a zinek.<br \/>\nPou\u017e\u00edv\u00e1 se v kosmetick\u00e9m, farmaceutick\u00e9m a potravin\u00e1\u0159sk\u00e9m pr\u016fmyslu.  <\/p>\n","protected":false},"featured_media":6749,"template":"","meta":{"_acf_changed":false},"product_brand":[],"product_cat":[625,640,636],"product_tag":[],"class_list":{"0":"post-12542","1":"product","2":"type-product","3":"status-publish","4":"has-post-thumbnail","6":"product_cat-jedle-a-kosmeticke-oleje","7":"product_cat-jedle-oleje","8":"product_cat-kosmeticke-oleje","9":"pa_grupa-substancji-emoliencia","11":"first","12":"instock","13":"shipping-taxable","14":"product-type-simple"},"acf":[],"yoast_head":"<!-- This site is optimized with the Yoast SEO plugin v27.5 - https:\/\/yoast.com\/product\/yoast-seo-wordpress\/ -->\n<title>Mandlov\u00fd olej - NATURAL POLAND - Velkoobchodn\u00ed distributor surovin<\/title>\n<meta name=\"description\" content=\"Rafinovan\u00fd mandlov\u00fd olej se z\u00edsk\u00e1v\u00e1 ze semen mandlon\u011b obecn\u00e9, kter\u00e1 se pou\u017e\u00edvaj\u00ed v kosmetick\u00e9m a potravin\u00e1\u0159sk\u00e9m pr\u016fmyslu.\" \/>\n<meta name=\"robots\" content=\"index, follow, max-snippet:-1, max-image-preview:large, max-video-preview:-1\" \/>\n<link rel=\"canonical\" href=\"https:\/\/naturalpoland.com\/cs\/produkty\/produkty-pro-potravinarsky-prumysl\/jedle-oleje\/mandlovy-olej\/\" \/>\n<meta property=\"og:locale\" content=\"cs_CZ\" \/>\n<meta property=\"og:type\" content=\"article\" \/>\n<meta property=\"og:title\" content=\"Mandlov\u00fd olej - NATURAL POLAND - Velkoobchodn\u00ed distributor surovin\" \/>\n<meta property=\"og:description\" content=\"Rafinovan\u00fd mandlov\u00fd olej se z\u00edsk\u00e1v\u00e1 ze semen mandlon\u011b obecn\u00e9, kter\u00e1 se pou\u017e\u00edvaj\u00ed v kosmetick\u00e9m a potravin\u00e1\u0159sk\u00e9m pr\u016fmyslu.\" \/>\n<meta property=\"og:url\" content=\"https:\/\/naturalpoland.com\/cs\/produkty\/produkty-pro-potravinarsky-prumysl\/jedle-oleje\/mandlovy-olej\/\" \/>\n<meta property=\"og:site_name\" content=\"NATURAL POLAND - Velkoobchodn\u00ed distributor surovin\" \/>\n<meta property=\"article:publisher\" content=\"https:\/\/www.facebook.com\/naturalpoland.b2b\" \/>\n<meta property=\"article:modified_time\" content=\"2024-10-07T10:11:27+00:00\" \/>\n<meta property=\"og:image\" content=\"https:\/\/naturalpoland.com\/wp-content\/uploads\/olej-migdalowy-natural-poland.jpg\" \/>\n\t<meta property=\"og:image:width\" content=\"650\" \/>\n\t<meta property=\"og:image:height\" content=\"650\" \/>\n\t<meta property=\"og:image:type\" content=\"image\/jpeg\" \/>\n<script type=\"application\/ld+json\" class=\"yoast-schema-graph\">{\"@context\":\"https:\\\/\\\/schema.org\",\"@graph\":[{\"@type\":\"WebPage\",\"@id\":\"https:\\\/\\\/naturalpoland.com\\\/cs\\\/produkty\\\/produkty-pro-potravinarsky-prumysl\\\/jedle-oleje\\\/mandlovy-olej\\\/\",\"url\":\"https:\\\/\\\/naturalpoland.com\\\/cs\\\/produkty\\\/produkty-pro-potravinarsky-prumysl\\\/jedle-oleje\\\/mandlovy-olej\\\/\",\"name\":\"Mandlov\u00fd olej - NATURAL POLAND - Velkoobchodn\u00ed distributor surovin\",\"isPartOf\":{\"@id\":\"https:\\\/\\\/naturalpoland.com\\\/cs\\\/#website\"},\"primaryImageOfPage\":{\"@id\":\"https:\\\/\\\/naturalpoland.com\\\/cs\\\/produkty\\\/produkty-pro-potravinarsky-prumysl\\\/jedle-oleje\\\/mandlovy-olej\\\/#primaryimage\"},\"image\":{\"@id\":\"https:\\\/\\\/naturalpoland.com\\\/cs\\\/produkty\\\/produkty-pro-potravinarsky-prumysl\\\/jedle-oleje\\\/mandlovy-olej\\\/#primaryimage\"},\"thumbnailUrl\":\"https:\\\/\\\/naturalpoland.com\\\/wp-content\\\/uploads\\\/olej-migdalowy-natural-poland.jpg\",\"datePublished\":\"2021-09-21T13:03:50+00:00\",\"dateModified\":\"2024-10-07T10:11:27+00:00\",\"description\":\"Rafinovan\u00fd mandlov\u00fd olej se z\u00edsk\u00e1v\u00e1 ze semen mandlon\u011b obecn\u00e9, kter\u00e1 se pou\u017e\u00edvaj\u00ed v kosmetick\u00e9m a potravin\u00e1\u0159sk\u00e9m pr\u016fmyslu.\",\"breadcrumb\":{\"@id\":\"https:\\\/\\\/naturalpoland.com\\\/cs\\\/produkty\\\/produkty-pro-potravinarsky-prumysl\\\/jedle-oleje\\\/mandlovy-olej\\\/#breadcrumb\"},\"inLanguage\":\"cs\",\"potentialAction\":[{\"@type\":\"ReadAction\",\"target\":[\"https:\\\/\\\/naturalpoland.com\\\/cs\\\/produkty\\\/produkty-pro-potravinarsky-prumysl\\\/jedle-oleje\\\/mandlovy-olej\\\/\"]}]},{\"@type\":\"ImageObject\",\"inLanguage\":\"cs\",\"@id\":\"https:\\\/\\\/naturalpoland.com\\\/cs\\\/produkty\\\/produkty-pro-potravinarsky-prumysl\\\/jedle-oleje\\\/mandlovy-olej\\\/#primaryimage\",\"url\":\"https:\\\/\\\/naturalpoland.com\\\/wp-content\\\/uploads\\\/olej-migdalowy-natural-poland.jpg\",\"contentUrl\":\"https:\\\/\\\/naturalpoland.com\\\/wp-content\\\/uploads\\\/olej-migdalowy-natural-poland.jpg\",\"width\":650,\"height\":650,\"caption\":\"mandlov\u00fd olej p\u0159\u00edrodn\u00ed Polsko\"},{\"@type\":\"BreadcrumbList\",\"@id\":\"https:\\\/\\\/naturalpoland.com\\\/cs\\\/produkty\\\/produkty-pro-potravinarsky-prumysl\\\/jedle-oleje\\\/mandlovy-olej\\\/#breadcrumb\",\"itemListElement\":[{\"@type\":\"ListItem\",\"position\":1,\"name\":\"Dom\u016f\",\"item\":\"https:\\\/\\\/naturalpoland.com\\\/cs\\\/\"},{\"@type\":\"ListItem\",\"position\":2,\"name\":\"Produkty\",\"item\":\"https:\\\/\\\/naturalpoland.com\\\/cs\\\/produkty\\\/\"},{\"@type\":\"ListItem\",\"position\":3,\"name\":\"Mandlov\u00fd olej\"}]},{\"@type\":\"WebSite\",\"@id\":\"https:\\\/\\\/naturalpoland.com\\\/cs\\\/#website\",\"url\":\"https:\\\/\\\/naturalpoland.com\\\/cs\\\/\",\"name\":\"NATURAL POLAND - Velkoobchodn\u00ed distributor surovin\",\"description\":\"Surowce dla przemys\u0142u spo\u017cywczego, kosmetycznego i farmaceutycznego\",\"publisher\":{\"@id\":\"https:\\\/\\\/naturalpoland.com\\\/cs\\\/#organization\"},\"potentialAction\":[{\"@type\":\"SearchAction\",\"target\":{\"@type\":\"EntryPoint\",\"urlTemplate\":\"https:\\\/\\\/naturalpoland.com\\\/cs\\\/?s={search_term_string}\"},\"query-input\":{\"@type\":\"PropertyValueSpecification\",\"valueRequired\":true,\"valueName\":\"search_term_string\"}}],\"inLanguage\":\"cs\"},{\"@type\":\"Organization\",\"@id\":\"https:\\\/\\\/naturalpoland.com\\\/cs\\\/#organization\",\"name\":\"Natural Poland\",\"url\":\"https:\\\/\\\/naturalpoland.com\\\/cs\\\/\",\"logo\":{\"@type\":\"ImageObject\",\"inLanguage\":\"cs\",\"@id\":\"https:\\\/\\\/naturalpoland.com\\\/cs\\\/#\\\/schema\\\/logo\\\/image\\\/\",\"url\":\"https:\\\/\\\/naturalpoland.com\\\/wp-content\\\/uploads\\\/2021\\\/05\\\/natural-poland-icon.png\",\"contentUrl\":\"https:\\\/\\\/naturalpoland.com\\\/wp-content\\\/uploads\\\/2021\\\/05\\\/natural-poland-icon.png\",\"width\":512,\"height\":512,\"caption\":\"Natural Poland\"},\"image\":{\"@id\":\"https:\\\/\\\/naturalpoland.com\\\/cs\\\/#\\\/schema\\\/logo\\\/image\\\/\"},\"sameAs\":[\"https:\\\/\\\/www.facebook.com\\\/naturalpoland.b2b\",\"https:\\\/\\\/pl.linkedin.com\\\/company\\\/natural-poland\",\"https:\\\/\\\/www.youtube.com\\\/channel\\\/UCgeGGkvOMahZo-xu_MSEWxg\"]}]}<\/script>\n<!-- \/ Yoast SEO plugin. -->","yoast_head_json":{"title":"Mandlov\u00fd olej - NATURAL POLAND - Velkoobchodn\u00ed distributor surovin","description":"Rafinovan\u00fd mandlov\u00fd olej se z\u00edsk\u00e1v\u00e1 ze semen mandlon\u011b obecn\u00e9, kter\u00e1 se pou\u017e\u00edvaj\u00ed v kosmetick\u00e9m a potravin\u00e1\u0159sk\u00e9m pr\u016fmyslu.","robots":{"index":"index","follow":"follow","max-snippet":"max-snippet:-1","max-image-preview":"max-image-preview:large","max-video-preview":"max-video-preview:-1"},"canonical":"https:\/\/naturalpoland.com\/cs\/produkty\/produkty-pro-potravinarsky-prumysl\/jedle-oleje\/mandlovy-olej\/","og_locale":"cs_CZ","og_type":"article","og_title":"Mandlov\u00fd olej - NATURAL POLAND - Velkoobchodn\u00ed distributor surovin","og_description":"Rafinovan\u00fd mandlov\u00fd olej se z\u00edsk\u00e1v\u00e1 ze semen mandlon\u011b obecn\u00e9, kter\u00e1 se pou\u017e\u00edvaj\u00ed v kosmetick\u00e9m a potravin\u00e1\u0159sk\u00e9m pr\u016fmyslu.","og_url":"https:\/\/naturalpoland.com\/cs\/produkty\/produkty-pro-potravinarsky-prumysl\/jedle-oleje\/mandlovy-olej\/","og_site_name":"NATURAL POLAND - Velkoobchodn\u00ed distributor surovin","article_publisher":"https:\/\/www.facebook.com\/naturalpoland.b2b","article_modified_time":"2024-10-07T10:11:27+00:00","og_image":[{"width":650,"height":650,"url":"https:\/\/naturalpoland.com\/wp-content\/uploads\/olej-migdalowy-natural-poland.jpg","type":"image\/jpeg"}],"schema":{"@context":"https:\/\/schema.org","@graph":[{"@type":"WebPage","@id":"https:\/\/naturalpoland.com\/cs\/produkty\/produkty-pro-potravinarsky-prumysl\/jedle-oleje\/mandlovy-olej\/","url":"https:\/\/naturalpoland.com\/cs\/produkty\/produkty-pro-potravinarsky-prumysl\/jedle-oleje\/mandlovy-olej\/","name":"Mandlov\u00fd olej - NATURAL POLAND - Velkoobchodn\u00ed distributor surovin","isPartOf":{"@id":"https:\/\/naturalpoland.com\/cs\/#website"},"primaryImageOfPage":{"@id":"https:\/\/naturalpoland.com\/cs\/produkty\/produkty-pro-potravinarsky-prumysl\/jedle-oleje\/mandlovy-olej\/#primaryimage"},"image":{"@id":"https:\/\/naturalpoland.com\/cs\/produkty\/produkty-pro-potravinarsky-prumysl\/jedle-oleje\/mandlovy-olej\/#primaryimage"},"thumbnailUrl":"https:\/\/naturalpoland.com\/wp-content\/uploads\/olej-migdalowy-natural-poland.jpg","datePublished":"2021-09-21T13:03:50+00:00","dateModified":"2024-10-07T10:11:27+00:00","description":"Rafinovan\u00fd mandlov\u00fd olej se z\u00edsk\u00e1v\u00e1 ze semen mandlon\u011b obecn\u00e9, kter\u00e1 se pou\u017e\u00edvaj\u00ed v kosmetick\u00e9m a potravin\u00e1\u0159sk\u00e9m pr\u016fmyslu.","breadcrumb":{"@id":"https:\/\/naturalpoland.com\/cs\/produkty\/produkty-pro-potravinarsky-prumysl\/jedle-oleje\/mandlovy-olej\/#breadcrumb"},"inLanguage":"cs","potentialAction":[{"@type":"ReadAction","target":["https:\/\/naturalpoland.com\/cs\/produkty\/produkty-pro-potravinarsky-prumysl\/jedle-oleje\/mandlovy-olej\/"]}]},{"@type":"ImageObject","inLanguage":"cs","@id":"https:\/\/naturalpoland.com\/cs\/produkty\/produkty-pro-potravinarsky-prumysl\/jedle-oleje\/mandlovy-olej\/#primaryimage","url":"https:\/\/naturalpoland.com\/wp-content\/uploads\/olej-migdalowy-natural-poland.jpg","contentUrl":"https:\/\/naturalpoland.com\/wp-content\/uploads\/olej-migdalowy-natural-poland.jpg","width":650,"height":650,"caption":"mandlov\u00fd olej p\u0159\u00edrodn\u00ed Polsko"},{"@type":"BreadcrumbList","@id":"https:\/\/naturalpoland.com\/cs\/produkty\/produkty-pro-potravinarsky-prumysl\/jedle-oleje\/mandlovy-olej\/#breadcrumb","itemListElement":[{"@type":"ListItem","position":1,"name":"Dom\u016f","item":"https:\/\/naturalpoland.com\/cs\/"},{"@type":"ListItem","position":2,"name":"Produkty","item":"https:\/\/naturalpoland.com\/cs\/produkty\/"},{"@type":"ListItem","position":3,"name":"Mandlov\u00fd olej"}]},{"@type":"WebSite","@id":"https:\/\/naturalpoland.com\/cs\/#website","url":"https:\/\/naturalpoland.com\/cs\/","name":"NATURAL POLAND - Velkoobchodn\u00ed distributor surovin","description":"Surowce dla przemys\u0142u spo\u017cywczego, kosmetycznego i farmaceutycznego","publisher":{"@id":"https:\/\/naturalpoland.com\/cs\/#organization"},"potentialAction":[{"@type":"SearchAction","target":{"@type":"EntryPoint","urlTemplate":"https:\/\/naturalpoland.com\/cs\/?s={search_term_string}"},"query-input":{"@type":"PropertyValueSpecification","valueRequired":true,"valueName":"search_term_string"}}],"inLanguage":"cs"},{"@type":"Organization","@id":"https:\/\/naturalpoland.com\/cs\/#organization","name":"Natural Poland","url":"https:\/\/naturalpoland.com\/cs\/","logo":{"@type":"ImageObject","inLanguage":"cs","@id":"https:\/\/naturalpoland.com\/cs\/#\/schema\/logo\/image\/","url":"https:\/\/naturalpoland.com\/wp-content\/uploads\/2021\/05\/natural-poland-icon.png","contentUrl":"https:\/\/naturalpoland.com\/wp-content\/uploads\/2021\/05\/natural-poland-icon.png","width":512,"height":512,"caption":"Natural Poland"},"image":{"@id":"https:\/\/naturalpoland.com\/cs\/#\/schema\/logo\/image\/"},"sameAs":["https:\/\/www.facebook.com\/naturalpoland.b2b","https:\/\/pl.linkedin.com\/company\/natural-poland","https:\/\/www.youtube.com\/channel\/UCgeGGkvOMahZo-xu_MSEWxg"]}]}},"_links":{"self":[{"href":"https:\/\/naturalpoland.com\/cs\/wp-json\/wp\/v2\/product\/12542","targetHints":{"allow":["GET"]}}],"collection":[{"href":"https:\/\/naturalpoland.com\/cs\/wp-json\/wp\/v2\/product"}],"about":[{"href":"https:\/\/naturalpoland.com\/cs\/wp-json\/wp\/v2\/types\/product"}],"wp:featuredmedia":[{"embeddable":true,"href":"https:\/\/naturalpoland.com\/cs\/wp-json\/wp\/v2\/media\/6749"}],"wp:attachment":[{"href":"https:\/\/naturalpoland.com\/cs\/wp-json\/wp\/v2\/media?parent=12542"}],"wp:term":[{"taxonomy":"product_brand","embeddable":true,"href":"https:\/\/naturalpoland.com\/cs\/wp-json\/wp\/v2\/product_brand?post=12542"},{"taxonomy":"product_cat","embeddable":true,"href":"https:\/\/naturalpoland.com\/cs\/wp-json\/wp\/v2\/product_cat?post=12542"},{"taxonomy":"product_tag","embeddable":true,"href":"https:\/\/naturalpoland.com\/cs\/wp-json\/wp\/v2\/product_tag?post=12542"}],"curies":[{"name":"wp","href":"https:\/\/api.w.org\/{rel}","templated":true}]}}