{"id":12591,"date":"2021-05-11T13:49:46","date_gmt":"2021-09-21T13:04:36","guid":{"rendered":"https:\/\/naturalpoland.pl\/produkty\/nezarazene\/olej-ze-semen-acai\/"},"modified":"2021-09-21T15:04:36","modified_gmt":"2021-09-21T13:04:36","slug":"acai-seed-oil","status":"publish","type":"product","link":"https:\/\/naturalpoland.com\/cs\/produkty\/jedle-a-kosmeticke-oleje\/acai-seed-oil\/","title":{"rendered":"Olej ze semen Acai"},"content":{"rendered":"<p>Acai olej je extr\u00e9mn\u011b funk\u010dn\u00ed olej s vysok\u00fdmi v\u00fd\u017eivn\u00fdmi, antioxida\u010dn\u00edmi a protiz\u00e1n\u011btliv\u00fdmi vlastnostmi. Bobule Acai jsou klasifikov\u00e1ny jako zdrav\u00e9 a organick\u00e9 potraviny.<\/p>\n<p>Olej ze semen Acai je cenn\u00fdm dopl\u0148kem kr\u00e9mov\u00fdch z\u00e1klad\u016f a kosmetiky. Je ide\u00e1ln\u00ed pro p\u00e9\u010di o zralou poko\u017eku, proto\u017ee d\u00edky sv\u00fdm antioxida\u010dn\u00edm vlastnostem br\u00e1n\u00ed vzniku voln\u00fdch radik\u00e1l\u016f. Tento olej vyhlazuje, regeneruje a pom\u00e1h\u00e1 skr\u00fdvat zabarven\u00ed.<\/p>\n<p>Olej ze semen Acai je vhodn\u00fd i pro p\u00e9\u010di o vlasy: such\u00e9, po\u0161kozen\u00e9, s roz\u0161t\u011bpen\u00fdmi kone\u010dky, barven\u00e9 a odbarven\u00e9 vlasy, kter\u00e9 hloubkov\u011b hydratuj\u00ed a dod\u00e1vaj\u00ed jim lesk. M\u016f\u017ee b\u00fdt aplikov\u00e1n \u010dist\u00fd a ne\u0159ed\u011bn\u00fd na kone\u010dky vlas\u016f, co\u017e m\u016f\u017ee pomoci sn\u00ed\u017eit vzhled roz\u0161t\u011bpen\u00fdch a such\u00fdch kone\u010dk\u016f vlas\u016f. Olej lze tak\u00e9 pou\u017e\u00edt jako kondicion\u00e9r na nehty.<\/p>\n","protected":false},"excerpt":{"rendered":"<p>Za studena lisovan\u00fd nerafinovan\u00fd olej ze semen acai. Olej z\u00edskan\u00fd z plod\u016f divoce rostouc\u00ed palmy v brazilsk\u00e9 Amazonii. Ovoce je zn\u00e1m\u00e9 jako bobule acai, kter\u00fdm se p\u0159ipisuj\u00ed jedine\u010dn\u00e9 vlastnosti podporuj\u00edc\u00ed zdrav\u00ed.<\/p>\n","protected":false},"featured_media":9197,"template":"","meta":{"_acf_changed":false},"product_brand":[],"product_cat":[625],"product_tag":[],"class_list":{"0":"post-12591","1":"product","2":"type-product","3":"status-publish","4":"has-post-thumbnail","6":"product_cat-jedle-a-kosmeticke-oleje","8":"first","9":"instock","10":"shipping-taxable","11":"product-type-simple"},"acf":[],"yoast_head":"<!-- This site is optimized with the Yoast SEO plugin v27.6 - https:\/\/yoast.com\/product\/yoast-seo-wordpress\/ -->\n<title>Olej ze semen Acai - Velkoobchodn\u00ed distributor<\/title>\n<meta name=\"robots\" content=\"index, follow, max-snippet:-1, max-image-preview:large, max-video-preview:-1\" \/>\n<link rel=\"canonical\" href=\"https:\/\/naturalpoland.com\/cs\/produkty\/jedle-a-kosmeticke-oleje\/acai-seed-oil\/\" \/>\n<meta property=\"og:locale\" content=\"cs_CZ\" \/>\n<meta property=\"og:type\" content=\"article\" \/>\n<meta property=\"og:title\" content=\"Olej ze semen Acai - Velkoobchodn\u00ed distributor\" \/>\n<meta property=\"og:description\" content=\"Za studena lisovan\u00fd nerafinovan\u00fd olej ze semen acai. Olej z\u00edskan\u00fd z plod\u016f divoce rostouc\u00ed palmy v brazilsk\u00e9 Amazonii. Ovoce je zn\u00e1m\u00e9 jako bobule acai, kter\u00fdm se p\u0159ipisuj\u00ed jedine\u010dn\u00e9 vlastnosti podporuj\u00edc\u00ed zdrav\u00ed.\" \/>\n<meta property=\"og:url\" content=\"https:\/\/naturalpoland.com\/cs\/produkty\/jedle-a-kosmeticke-oleje\/acai-seed-oil\/\" \/>\n<meta property=\"og:site_name\" content=\"NATURAL POLAND - Velkoobchodn\u00ed distributor surovin\" \/>\n<meta property=\"article:publisher\" content=\"https:\/\/www.facebook.com\/naturalpoland.b2b\" \/>\n<meta property=\"og:image\" content=\"https:\/\/naturalpoland.com\/wp-content\/uploads\/2021\/05\/acai-seeds-oil.jpg\" \/>\n\t<meta property=\"og:image:width\" content=\"1694\" \/>\n\t<meta property=\"og:image:height\" content=\"1133\" \/>\n\t<meta property=\"og:image:type\" content=\"image\/jpeg\" \/>\n<script type=\"application\/ld+json\" class=\"yoast-schema-graph\">{\"@context\":\"https:\\\/\\\/schema.org\",\"@graph\":[{\"@type\":\"WebPage\",\"@id\":\"https:\\\/\\\/naturalpoland.com\\\/cs\\\/produkty\\\/jedle-a-kosmeticke-oleje\\\/acai-seed-oil\\\/\",\"url\":\"https:\\\/\\\/naturalpoland.com\\\/cs\\\/produkty\\\/jedle-a-kosmeticke-oleje\\\/acai-seed-oil\\\/\",\"name\":\"Olej ze semen Acai - Velkoobchodn\u00ed distributor\",\"isPartOf\":{\"@id\":\"https:\\\/\\\/naturalpoland.com\\\/cs\\\/#website\"},\"primaryImageOfPage\":{\"@id\":\"https:\\\/\\\/naturalpoland.com\\\/cs\\\/produkty\\\/jedle-a-kosmeticke-oleje\\\/acai-seed-oil\\\/#primaryimage\"},\"image\":{\"@id\":\"https:\\\/\\\/naturalpoland.com\\\/cs\\\/produkty\\\/jedle-a-kosmeticke-oleje\\\/acai-seed-oil\\\/#primaryimage\"},\"thumbnailUrl\":\"https:\\\/\\\/naturalpoland.com\\\/wp-content\\\/uploads\\\/2021\\\/05\\\/acai-seeds-oil.jpg\",\"datePublished\":\"2021-09-21T13:04:36+00:00\",\"breadcrumb\":{\"@id\":\"https:\\\/\\\/naturalpoland.com\\\/cs\\\/produkty\\\/jedle-a-kosmeticke-oleje\\\/acai-seed-oil\\\/#breadcrumb\"},\"inLanguage\":\"cs\",\"potentialAction\":[{\"@type\":\"ReadAction\",\"target\":[\"https:\\\/\\\/naturalpoland.com\\\/cs\\\/produkty\\\/jedle-a-kosmeticke-oleje\\\/acai-seed-oil\\\/\"]}]},{\"@type\":\"ImageObject\",\"inLanguage\":\"cs\",\"@id\":\"https:\\\/\\\/naturalpoland.com\\\/cs\\\/produkty\\\/jedle-a-kosmeticke-oleje\\\/acai-seed-oil\\\/#primaryimage\",\"url\":\"https:\\\/\\\/naturalpoland.com\\\/wp-content\\\/uploads\\\/2021\\\/05\\\/acai-seeds-oil.jpg\",\"contentUrl\":\"https:\\\/\\\/naturalpoland.com\\\/wp-content\\\/uploads\\\/2021\\\/05\\\/acai-seeds-oil.jpg\",\"width\":1694,\"height\":1133,\"caption\":\"Owoce acai\"},{\"@type\":\"BreadcrumbList\",\"@id\":\"https:\\\/\\\/naturalpoland.com\\\/cs\\\/produkty\\\/jedle-a-kosmeticke-oleje\\\/acai-seed-oil\\\/#breadcrumb\",\"itemListElement\":[{\"@type\":\"ListItem\",\"position\":1,\"name\":\"Dom\u016f\",\"item\":\"https:\\\/\\\/naturalpoland.com\\\/cs\\\/\"},{\"@type\":\"ListItem\",\"position\":2,\"name\":\"Produkty\",\"item\":\"https:\\\/\\\/naturalpoland.com\\\/cs\\\/produkty\\\/\"},{\"@type\":\"ListItem\",\"position\":3,\"name\":\"Olej ze semen Acai\"}]},{\"@type\":\"WebSite\",\"@id\":\"https:\\\/\\\/naturalpoland.com\\\/cs\\\/#website\",\"url\":\"https:\\\/\\\/naturalpoland.com\\\/cs\\\/\",\"name\":\"NATURAL POLAND - Velkoobchodn\u00ed distributor surovin\",\"description\":\"Surowce dla przemys\u0142u spo\u017cywczego, kosmetycznego i farmaceutycznego\",\"publisher\":{\"@id\":\"https:\\\/\\\/naturalpoland.com\\\/cs\\\/#organization\"},\"potentialAction\":[{\"@type\":\"SearchAction\",\"target\":{\"@type\":\"EntryPoint\",\"urlTemplate\":\"https:\\\/\\\/naturalpoland.com\\\/cs\\\/?s={search_term_string}\"},\"query-input\":{\"@type\":\"PropertyValueSpecification\",\"valueRequired\":true,\"valueName\":\"search_term_string\"}}],\"inLanguage\":\"cs\"},{\"@type\":\"Organization\",\"@id\":\"https:\\\/\\\/naturalpoland.com\\\/cs\\\/#organization\",\"name\":\"Natural Poland\",\"url\":\"https:\\\/\\\/naturalpoland.com\\\/cs\\\/\",\"logo\":{\"@type\":\"ImageObject\",\"inLanguage\":\"cs\",\"@id\":\"https:\\\/\\\/naturalpoland.com\\\/cs\\\/#\\\/schema\\\/logo\\\/image\\\/\",\"url\":\"https:\\\/\\\/naturalpoland.com\\\/wp-content\\\/uploads\\\/2021\\\/05\\\/natural-poland-icon.png\",\"contentUrl\":\"https:\\\/\\\/naturalpoland.com\\\/wp-content\\\/uploads\\\/2021\\\/05\\\/natural-poland-icon.png\",\"width\":512,\"height\":512,\"caption\":\"Natural Poland\"},\"image\":{\"@id\":\"https:\\\/\\\/naturalpoland.com\\\/cs\\\/#\\\/schema\\\/logo\\\/image\\\/\"},\"sameAs\":[\"https:\\\/\\\/www.facebook.com\\\/naturalpoland.b2b\",\"https:\\\/\\\/pl.linkedin.com\\\/company\\\/natural-poland\",\"https:\\\/\\\/www.youtube.com\\\/channel\\\/UCgeGGkvOMahZo-xu_MSEWxg\"]}]}<\/script>\n<!-- \/ Yoast SEO plugin. -->","yoast_head_json":{"title":"Olej ze semen Acai - Velkoobchodn\u00ed distributor","robots":{"index":"index","follow":"follow","max-snippet":"max-snippet:-1","max-image-preview":"max-image-preview:large","max-video-preview":"max-video-preview:-1"},"canonical":"https:\/\/naturalpoland.com\/cs\/produkty\/jedle-a-kosmeticke-oleje\/acai-seed-oil\/","og_locale":"cs_CZ","og_type":"article","og_title":"Olej ze semen Acai - Velkoobchodn\u00ed distributor","og_description":"Za studena lisovan\u00fd nerafinovan\u00fd olej ze semen acai. Olej z\u00edskan\u00fd z plod\u016f divoce rostouc\u00ed palmy v brazilsk\u00e9 Amazonii. Ovoce je zn\u00e1m\u00e9 jako bobule acai, kter\u00fdm se p\u0159ipisuj\u00ed jedine\u010dn\u00e9 vlastnosti podporuj\u00edc\u00ed zdrav\u00ed.","og_url":"https:\/\/naturalpoland.com\/cs\/produkty\/jedle-a-kosmeticke-oleje\/acai-seed-oil\/","og_site_name":"NATURAL POLAND - Velkoobchodn\u00ed distributor surovin","article_publisher":"https:\/\/www.facebook.com\/naturalpoland.b2b","og_image":[{"width":1694,"height":1133,"url":"https:\/\/naturalpoland.com\/wp-content\/uploads\/2021\/05\/acai-seeds-oil.jpg","type":"image\/jpeg"}],"schema":{"@context":"https:\/\/schema.org","@graph":[{"@type":"WebPage","@id":"https:\/\/naturalpoland.com\/cs\/produkty\/jedle-a-kosmeticke-oleje\/acai-seed-oil\/","url":"https:\/\/naturalpoland.com\/cs\/produkty\/jedle-a-kosmeticke-oleje\/acai-seed-oil\/","name":"Olej ze semen Acai - Velkoobchodn\u00ed distributor","isPartOf":{"@id":"https:\/\/naturalpoland.com\/cs\/#website"},"primaryImageOfPage":{"@id":"https:\/\/naturalpoland.com\/cs\/produkty\/jedle-a-kosmeticke-oleje\/acai-seed-oil\/#primaryimage"},"image":{"@id":"https:\/\/naturalpoland.com\/cs\/produkty\/jedle-a-kosmeticke-oleje\/acai-seed-oil\/#primaryimage"},"thumbnailUrl":"https:\/\/naturalpoland.com\/wp-content\/uploads\/2021\/05\/acai-seeds-oil.jpg","datePublished":"2021-09-21T13:04:36+00:00","breadcrumb":{"@id":"https:\/\/naturalpoland.com\/cs\/produkty\/jedle-a-kosmeticke-oleje\/acai-seed-oil\/#breadcrumb"},"inLanguage":"cs","potentialAction":[{"@type":"ReadAction","target":["https:\/\/naturalpoland.com\/cs\/produkty\/jedle-a-kosmeticke-oleje\/acai-seed-oil\/"]}]},{"@type":"ImageObject","inLanguage":"cs","@id":"https:\/\/naturalpoland.com\/cs\/produkty\/jedle-a-kosmeticke-oleje\/acai-seed-oil\/#primaryimage","url":"https:\/\/naturalpoland.com\/wp-content\/uploads\/2021\/05\/acai-seeds-oil.jpg","contentUrl":"https:\/\/naturalpoland.com\/wp-content\/uploads\/2021\/05\/acai-seeds-oil.jpg","width":1694,"height":1133,"caption":"Owoce acai"},{"@type":"BreadcrumbList","@id":"https:\/\/naturalpoland.com\/cs\/produkty\/jedle-a-kosmeticke-oleje\/acai-seed-oil\/#breadcrumb","itemListElement":[{"@type":"ListItem","position":1,"name":"Dom\u016f","item":"https:\/\/naturalpoland.com\/cs\/"},{"@type":"ListItem","position":2,"name":"Produkty","item":"https:\/\/naturalpoland.com\/cs\/produkty\/"},{"@type":"ListItem","position":3,"name":"Olej ze semen Acai"}]},{"@type":"WebSite","@id":"https:\/\/naturalpoland.com\/cs\/#website","url":"https:\/\/naturalpoland.com\/cs\/","name":"NATURAL POLAND - Velkoobchodn\u00ed distributor surovin","description":"Surowce dla przemys\u0142u spo\u017cywczego, kosmetycznego i farmaceutycznego","publisher":{"@id":"https:\/\/naturalpoland.com\/cs\/#organization"},"potentialAction":[{"@type":"SearchAction","target":{"@type":"EntryPoint","urlTemplate":"https:\/\/naturalpoland.com\/cs\/?s={search_term_string}"},"query-input":{"@type":"PropertyValueSpecification","valueRequired":true,"valueName":"search_term_string"}}],"inLanguage":"cs"},{"@type":"Organization","@id":"https:\/\/naturalpoland.com\/cs\/#organization","name":"Natural Poland","url":"https:\/\/naturalpoland.com\/cs\/","logo":{"@type":"ImageObject","inLanguage":"cs","@id":"https:\/\/naturalpoland.com\/cs\/#\/schema\/logo\/image\/","url":"https:\/\/naturalpoland.com\/wp-content\/uploads\/2021\/05\/natural-poland-icon.png","contentUrl":"https:\/\/naturalpoland.com\/wp-content\/uploads\/2021\/05\/natural-poland-icon.png","width":512,"height":512,"caption":"Natural Poland"},"image":{"@id":"https:\/\/naturalpoland.com\/cs\/#\/schema\/logo\/image\/"},"sameAs":["https:\/\/www.facebook.com\/naturalpoland.b2b","https:\/\/pl.linkedin.com\/company\/natural-poland","https:\/\/www.youtube.com\/channel\/UCgeGGkvOMahZo-xu_MSEWxg"]}]}},"_links":{"self":[{"href":"https:\/\/naturalpoland.com\/cs\/wp-json\/wp\/v2\/product\/12591","targetHints":{"allow":["GET"]}}],"collection":[{"href":"https:\/\/naturalpoland.com\/cs\/wp-json\/wp\/v2\/product"}],"about":[{"href":"https:\/\/naturalpoland.com\/cs\/wp-json\/wp\/v2\/types\/product"}],"wp:featuredmedia":[{"embeddable":true,"href":"https:\/\/naturalpoland.com\/cs\/wp-json\/wp\/v2\/media\/9197"}],"wp:attachment":[{"href":"https:\/\/naturalpoland.com\/cs\/wp-json\/wp\/v2\/media?parent=12591"}],"wp:term":[{"taxonomy":"product_brand","embeddable":true,"href":"https:\/\/naturalpoland.com\/cs\/wp-json\/wp\/v2\/product_brand?post=12591"},{"taxonomy":"product_cat","embeddable":true,"href":"https:\/\/naturalpoland.com\/cs\/wp-json\/wp\/v2\/product_cat?post=12591"},{"taxonomy":"product_tag","embeddable":true,"href":"https:\/\/naturalpoland.com\/cs\/wp-json\/wp\/v2\/product_tag?post=12591"}],"curies":[{"name":"wp","href":"https:\/\/api.w.org\/{rel}","templated":true}]}}