{"id":12607,"date":"2021-05-11T13:49:47","date_gmt":"2021-05-11T11:49:47","guid":{"rendered":"https:\/\/naturalpoland.pl\/produkty\/nezarazene\/olej-z-citronovych-semen\/"},"modified":"2026-02-05T11:20:14","modified_gmt":"2026-02-05T10:20:14","slug":"citronovy-olej","status":"publish","type":"product","link":"https:\/\/naturalpoland.com\/cs\/produkty\/jedle-a-kosmeticke-oleje\/citronovy-olej\/","title":{"rendered":"Olej z citronov\u00fdch semen"},"content":{"rendered":"<h2>Vlastnosti oleje ze semen citronu<\/h2>\n<p>Olej ze semen citronu je bohat\u00fdm zdrojem vitaminu C, mastn\u00fdch kyselin a antioxidant\u016f. Tyto slo\u017eky podporuj\u00ed zdrav\u00ed poko\u017eky, vlas\u016f a neht\u016f, poskytuj\u00ed jim odpov\u00eddaj\u00edc\u00ed v\u00fd\u017eivu a ochranu p\u0159ed voln\u00fdmi radik\u00e1ly. D\u00edky vysok\u00e9 koncentraci vitaminu C p\u016fsob\u00ed tento olej toniza\u010dn\u011b a rozjas\u0148uj\u00edc\u00edm zp\u016fsobem na poko\u017eku. Pravideln\u00e9 pou\u017e\u00edv\u00e1n\u00ed pom\u00e1h\u00e1 vyrovnat barevn\u00fd t\u00f3n poko\u017eky, sn\u00ed\u017eit viditelnost pigmentov\u00fdch skvrn a pi\u0939 a dodat poko\u017ece zdrav\u00fd lesk.   <\/p>\n<p>Antioxidanty obsa\u017een\u00e9 v oleji neutralizuj\u00ed voln\u00e9 radik\u00e1ly, co\u017e z n\u011bj \u010din\u00ed \u00fa\u010dinnou slo\u017eku anti-aging produkt\u016f. Pom\u00e1h\u00e1 p\u0159i redukci vr\u00e1sek a p\u0159edch\u00e1z\u00ed p\u0159ed\u010dasn\u00e9mu st\u00e1rnut\u00ed poko\u017eky. Nav\u00edc tento olej zvy\u0161uje odolnost a tvrdost neht\u016f, chr\u00e1n\u00ed je p\u0159ed l\u00e1mavost\u00ed. P\u0159i pou\u017eit\u00ed na vlasy posiluje jejich strukturu, dod\u00e1v\u00e1 jim lesk a podporuje regeneraci.   <\/p>\n<h2>Pou\u017eit\u00ed<\/h2>\n<p>Olej ze semen citronu je slo\u017ekou kr\u00e9m\u016f, s\u00e9r, tonik a masek na obli\u010dej, kter\u00e9 maj\u00ed za c\u00edl rozjasn\u011bn\u00ed pleti, redukci pigmentov\u00fdch skvrn a anti-aging \u00fa\u010dinek.<\/p>\n<p>M\u016f\u017ee b\u00fdt tak\u00e9 p\u0159id\u00e1v\u00e1n do \u0161ampon\u016f, kondicion\u00e9r\u016f a masek na vlasy, aby pomohl p\u0159i regeneraci a posilov\u00e1n\u00ed vlas\u016f, dodal jim zdrav\u00fd lesk a chr\u00e1nil p\u0159ed po\u0161kozen\u00edm.<\/p>\n<p>Tento olej lze pou\u017e\u00edvat p\u0159\u00edmo na nehty, aby se zv\u00fd\u0161ila jejich odolnost a p\u0159ede\u0161lo se l\u00e1mavosti. Je tak\u00e9 v\u00fdborn\u00fdm dopl\u0148kem balz\u00e1m\u016f na ruce a nohy. <\/p>\n<p>Olej ze semen citronu m\u016f\u017ee b\u00fdt tak\u00e9 pou\u017e\u00edv\u00e1n jako p\u0159\u00edsada do koupele, kde p\u016fsob\u00ed relaxa\u010dn\u011b a osv\u011b\u017euj\u00edc\u00edm zp\u016fsobem na poko\u017eku. Je tak\u00e9 \u00fa\u010dinnou slo\u017ekou p\u0159\u00edrodn\u00edch peeling\u016f, kter\u00e9 odstra\u0148uj\u00ed odum\u0159el\u00e9 bu\u0148ky poko\u017eky a zlep\u0161uj\u00ed jej\u00ed texturu. <\/p>\n","protected":false},"excerpt":{"rendered":"<p>Olej ze semen citronu (<em>Citrus limon seed oil<\/em>) je vz\u00e1cn\u00fd a hodnotn\u00fd produkt vyu\u017e\u00edvan\u00fd v r\u016fzn\u00fdch odv\u011btv\u00edch, v\u010detn\u011b potravin\u00e1\u0159sk\u00e9ho, farmaceutick\u00e9ho a kosmetick\u00e9ho.<\/p>\n","protected":false},"featured_media":32768,"template":"","meta":{"_acf_changed":false},"product_brand":[],"product_cat":[625],"product_tag":[],"class_list":{"0":"post-12607","1":"product","2":"type-product","3":"status-publish","4":"has-post-thumbnail","6":"product_cat-jedle-a-kosmeticke-oleje","7":"pa_grupa-substancji-zakladove-oleje","9":"first","10":"instock","11":"shipping-taxable","12":"product-type-simple"},"acf":[],"yoast_head":"<!-- This site is optimized with the Yoast SEO plugin v27.4 - https:\/\/yoast.com\/product\/yoast-seo-wordpress\/ -->\n<title>Olej z citronov\u00fdch semen - NATURAL POLAND - Velkoobchodn\u00ed distributor surovin<\/title>\n<meta name=\"description\" content=\"Olej ze semen citronu je v\u0161estrann\u00e1 kosmetick\u00e1 a farmaceutick\u00e1 slo\u017eka, kter\u00e1 p\u0159in\u00e1\u0161\u00ed \u010detn\u00e9 v\u00fdhody pro poko\u017eku, vlasy a nehty.\" \/>\n<meta name=\"robots\" content=\"index, follow, max-snippet:-1, max-image-preview:large, max-video-preview:-1\" \/>\n<link rel=\"canonical\" href=\"https:\/\/naturalpoland.com\/cs\/produkty\/jedle-a-kosmeticke-oleje\/citronovy-olej\/\" \/>\n<meta property=\"og:locale\" content=\"cs_CZ\" \/>\n<meta property=\"og:type\" content=\"article\" \/>\n<meta property=\"og:title\" content=\"Olej z citronov\u00fdch semen - NATURAL POLAND - Velkoobchodn\u00ed distributor surovin\" \/>\n<meta property=\"og:description\" content=\"Olej ze semen citronu je v\u0161estrann\u00e1 kosmetick\u00e1 a farmaceutick\u00e1 slo\u017eka, kter\u00e1 p\u0159in\u00e1\u0161\u00ed \u010detn\u00e9 v\u00fdhody pro poko\u017eku, vlasy a nehty.\" \/>\n<meta property=\"og:url\" content=\"https:\/\/naturalpoland.com\/cs\/produkty\/jedle-a-kosmeticke-oleje\/citronovy-olej\/\" \/>\n<meta property=\"og:site_name\" content=\"NATURAL POLAND - Velkoobchodn\u00ed distributor surovin\" \/>\n<meta property=\"article:publisher\" content=\"https:\/\/www.facebook.com\/naturalpoland.b2b\" \/>\n<meta property=\"article:modified_time\" content=\"2026-02-05T10:20:14+00:00\" \/>\n<meta property=\"og:image\" content=\"https:\/\/naturalpoland.com\/wp-content\/uploads\/olej-z-nasion-cytryny.webp\" \/>\n\t<meta property=\"og:image:width\" content=\"609\" \/>\n\t<meta property=\"og:image:height\" content=\"609\" \/>\n\t<meta property=\"og:image:type\" content=\"image\/webp\" \/>\n<script type=\"application\/ld+json\" class=\"yoast-schema-graph\">{\"@context\":\"https:\\\/\\\/schema.org\",\"@graph\":[{\"@type\":\"WebPage\",\"@id\":\"https:\\\/\\\/naturalpoland.com\\\/cs\\\/produkty\\\/jedle-a-kosmeticke-oleje\\\/citronovy-olej\\\/\",\"url\":\"https:\\\/\\\/naturalpoland.com\\\/cs\\\/produkty\\\/jedle-a-kosmeticke-oleje\\\/citronovy-olej\\\/\",\"name\":\"Olej z citronov\u00fdch semen - NATURAL POLAND - Velkoobchodn\u00ed distributor surovin\",\"isPartOf\":{\"@id\":\"https:\\\/\\\/naturalpoland.com\\\/cs\\\/#website\"},\"primaryImageOfPage\":{\"@id\":\"https:\\\/\\\/naturalpoland.com\\\/cs\\\/produkty\\\/jedle-a-kosmeticke-oleje\\\/citronovy-olej\\\/#primaryimage\"},\"image\":{\"@id\":\"https:\\\/\\\/naturalpoland.com\\\/cs\\\/produkty\\\/jedle-a-kosmeticke-oleje\\\/citronovy-olej\\\/#primaryimage\"},\"thumbnailUrl\":\"https:\\\/\\\/naturalpoland.com\\\/wp-content\\\/uploads\\\/olej-z-nasion-cytryny.webp\",\"datePublished\":\"2021-05-11T11:49:47+00:00\",\"dateModified\":\"2026-02-05T10:20:14+00:00\",\"description\":\"Olej ze semen citronu je v\u0161estrann\u00e1 kosmetick\u00e1 a farmaceutick\u00e1 slo\u017eka, kter\u00e1 p\u0159in\u00e1\u0161\u00ed \u010detn\u00e9 v\u00fdhody pro poko\u017eku, vlasy a nehty.\",\"breadcrumb\":{\"@id\":\"https:\\\/\\\/naturalpoland.com\\\/cs\\\/produkty\\\/jedle-a-kosmeticke-oleje\\\/citronovy-olej\\\/#breadcrumb\"},\"inLanguage\":\"cs\",\"potentialAction\":[{\"@type\":\"ReadAction\",\"target\":[\"https:\\\/\\\/naturalpoland.com\\\/cs\\\/produkty\\\/jedle-a-kosmeticke-oleje\\\/citronovy-olej\\\/\"]}]},{\"@type\":\"ImageObject\",\"inLanguage\":\"cs\",\"@id\":\"https:\\\/\\\/naturalpoland.com\\\/cs\\\/produkty\\\/jedle-a-kosmeticke-oleje\\\/citronovy-olej\\\/#primaryimage\",\"url\":\"https:\\\/\\\/naturalpoland.com\\\/wp-content\\\/uploads\\\/olej-z-nasion-cytryny.webp\",\"contentUrl\":\"https:\\\/\\\/naturalpoland.com\\\/wp-content\\\/uploads\\\/olej-z-nasion-cytryny.webp\",\"width\":609,\"height\":609,\"caption\":\"olej ze semen citronu v lahvi\u010dce\"},{\"@type\":\"BreadcrumbList\",\"@id\":\"https:\\\/\\\/naturalpoland.com\\\/cs\\\/produkty\\\/jedle-a-kosmeticke-oleje\\\/citronovy-olej\\\/#breadcrumb\",\"itemListElement\":[{\"@type\":\"ListItem\",\"position\":1,\"name\":\"Dom\u016f\",\"item\":\"https:\\\/\\\/naturalpoland.com\\\/cs\\\/\"},{\"@type\":\"ListItem\",\"position\":2,\"name\":\"Produkty\",\"item\":\"https:\\\/\\\/naturalpoland.com\\\/cs\\\/produkty\\\/\"},{\"@type\":\"ListItem\",\"position\":3,\"name\":\"Olej z citronov\u00fdch semen\"}]},{\"@type\":\"WebSite\",\"@id\":\"https:\\\/\\\/naturalpoland.com\\\/cs\\\/#website\",\"url\":\"https:\\\/\\\/naturalpoland.com\\\/cs\\\/\",\"name\":\"NATURAL POLAND - Velkoobchodn\u00ed distributor surovin\",\"description\":\"Surowce dla przemys\u0142u spo\u017cywczego, kosmetycznego i farmaceutycznego\",\"publisher\":{\"@id\":\"https:\\\/\\\/naturalpoland.com\\\/cs\\\/#organization\"},\"potentialAction\":[{\"@type\":\"SearchAction\",\"target\":{\"@type\":\"EntryPoint\",\"urlTemplate\":\"https:\\\/\\\/naturalpoland.com\\\/cs\\\/?s={search_term_string}\"},\"query-input\":{\"@type\":\"PropertyValueSpecification\",\"valueRequired\":true,\"valueName\":\"search_term_string\"}}],\"inLanguage\":\"cs\"},{\"@type\":\"Organization\",\"@id\":\"https:\\\/\\\/naturalpoland.com\\\/cs\\\/#organization\",\"name\":\"Natural Poland\",\"url\":\"https:\\\/\\\/naturalpoland.com\\\/cs\\\/\",\"logo\":{\"@type\":\"ImageObject\",\"inLanguage\":\"cs\",\"@id\":\"https:\\\/\\\/naturalpoland.com\\\/cs\\\/#\\\/schema\\\/logo\\\/image\\\/\",\"url\":\"https:\\\/\\\/naturalpoland.com\\\/wp-content\\\/uploads\\\/2021\\\/05\\\/natural-poland-icon.png\",\"contentUrl\":\"https:\\\/\\\/naturalpoland.com\\\/wp-content\\\/uploads\\\/2021\\\/05\\\/natural-poland-icon.png\",\"width\":512,\"height\":512,\"caption\":\"Natural Poland\"},\"image\":{\"@id\":\"https:\\\/\\\/naturalpoland.com\\\/cs\\\/#\\\/schema\\\/logo\\\/image\\\/\"},\"sameAs\":[\"https:\\\/\\\/www.facebook.com\\\/naturalpoland.b2b\",\"https:\\\/\\\/pl.linkedin.com\\\/company\\\/natural-poland\",\"https:\\\/\\\/www.youtube.com\\\/channel\\\/UCgeGGkvOMahZo-xu_MSEWxg\"]}]}<\/script>\n<!-- \/ Yoast SEO plugin. -->","yoast_head_json":{"title":"Olej z citronov\u00fdch semen - NATURAL POLAND - Velkoobchodn\u00ed distributor surovin","description":"Olej ze semen citronu je v\u0161estrann\u00e1 kosmetick\u00e1 a farmaceutick\u00e1 slo\u017eka, kter\u00e1 p\u0159in\u00e1\u0161\u00ed \u010detn\u00e9 v\u00fdhody pro poko\u017eku, vlasy a nehty.","robots":{"index":"index","follow":"follow","max-snippet":"max-snippet:-1","max-image-preview":"max-image-preview:large","max-video-preview":"max-video-preview:-1"},"canonical":"https:\/\/naturalpoland.com\/cs\/produkty\/jedle-a-kosmeticke-oleje\/citronovy-olej\/","og_locale":"cs_CZ","og_type":"article","og_title":"Olej z citronov\u00fdch semen - NATURAL POLAND - Velkoobchodn\u00ed distributor surovin","og_description":"Olej ze semen citronu je v\u0161estrann\u00e1 kosmetick\u00e1 a farmaceutick\u00e1 slo\u017eka, kter\u00e1 p\u0159in\u00e1\u0161\u00ed \u010detn\u00e9 v\u00fdhody pro poko\u017eku, vlasy a nehty.","og_url":"https:\/\/naturalpoland.com\/cs\/produkty\/jedle-a-kosmeticke-oleje\/citronovy-olej\/","og_site_name":"NATURAL POLAND - Velkoobchodn\u00ed distributor surovin","article_publisher":"https:\/\/www.facebook.com\/naturalpoland.b2b","article_modified_time":"2026-02-05T10:20:14+00:00","og_image":[{"width":609,"height":609,"url":"https:\/\/naturalpoland.com\/wp-content\/uploads\/olej-z-nasion-cytryny.webp","type":"image\/webp"}],"schema":{"@context":"https:\/\/schema.org","@graph":[{"@type":"WebPage","@id":"https:\/\/naturalpoland.com\/cs\/produkty\/jedle-a-kosmeticke-oleje\/citronovy-olej\/","url":"https:\/\/naturalpoland.com\/cs\/produkty\/jedle-a-kosmeticke-oleje\/citronovy-olej\/","name":"Olej z citronov\u00fdch semen - NATURAL POLAND - Velkoobchodn\u00ed distributor surovin","isPartOf":{"@id":"https:\/\/naturalpoland.com\/cs\/#website"},"primaryImageOfPage":{"@id":"https:\/\/naturalpoland.com\/cs\/produkty\/jedle-a-kosmeticke-oleje\/citronovy-olej\/#primaryimage"},"image":{"@id":"https:\/\/naturalpoland.com\/cs\/produkty\/jedle-a-kosmeticke-oleje\/citronovy-olej\/#primaryimage"},"thumbnailUrl":"https:\/\/naturalpoland.com\/wp-content\/uploads\/olej-z-nasion-cytryny.webp","datePublished":"2021-05-11T11:49:47+00:00","dateModified":"2026-02-05T10:20:14+00:00","description":"Olej ze semen citronu je v\u0161estrann\u00e1 kosmetick\u00e1 a farmaceutick\u00e1 slo\u017eka, kter\u00e1 p\u0159in\u00e1\u0161\u00ed \u010detn\u00e9 v\u00fdhody pro poko\u017eku, vlasy a nehty.","breadcrumb":{"@id":"https:\/\/naturalpoland.com\/cs\/produkty\/jedle-a-kosmeticke-oleje\/citronovy-olej\/#breadcrumb"},"inLanguage":"cs","potentialAction":[{"@type":"ReadAction","target":["https:\/\/naturalpoland.com\/cs\/produkty\/jedle-a-kosmeticke-oleje\/citronovy-olej\/"]}]},{"@type":"ImageObject","inLanguage":"cs","@id":"https:\/\/naturalpoland.com\/cs\/produkty\/jedle-a-kosmeticke-oleje\/citronovy-olej\/#primaryimage","url":"https:\/\/naturalpoland.com\/wp-content\/uploads\/olej-z-nasion-cytryny.webp","contentUrl":"https:\/\/naturalpoland.com\/wp-content\/uploads\/olej-z-nasion-cytryny.webp","width":609,"height":609,"caption":"olej ze semen citronu v lahvi\u010dce"},{"@type":"BreadcrumbList","@id":"https:\/\/naturalpoland.com\/cs\/produkty\/jedle-a-kosmeticke-oleje\/citronovy-olej\/#breadcrumb","itemListElement":[{"@type":"ListItem","position":1,"name":"Dom\u016f","item":"https:\/\/naturalpoland.com\/cs\/"},{"@type":"ListItem","position":2,"name":"Produkty","item":"https:\/\/naturalpoland.com\/cs\/produkty\/"},{"@type":"ListItem","position":3,"name":"Olej z citronov\u00fdch semen"}]},{"@type":"WebSite","@id":"https:\/\/naturalpoland.com\/cs\/#website","url":"https:\/\/naturalpoland.com\/cs\/","name":"NATURAL POLAND - Velkoobchodn\u00ed distributor surovin","description":"Surowce dla przemys\u0142u spo\u017cywczego, kosmetycznego i farmaceutycznego","publisher":{"@id":"https:\/\/naturalpoland.com\/cs\/#organization"},"potentialAction":[{"@type":"SearchAction","target":{"@type":"EntryPoint","urlTemplate":"https:\/\/naturalpoland.com\/cs\/?s={search_term_string}"},"query-input":{"@type":"PropertyValueSpecification","valueRequired":true,"valueName":"search_term_string"}}],"inLanguage":"cs"},{"@type":"Organization","@id":"https:\/\/naturalpoland.com\/cs\/#organization","name":"Natural Poland","url":"https:\/\/naturalpoland.com\/cs\/","logo":{"@type":"ImageObject","inLanguage":"cs","@id":"https:\/\/naturalpoland.com\/cs\/#\/schema\/logo\/image\/","url":"https:\/\/naturalpoland.com\/wp-content\/uploads\/2021\/05\/natural-poland-icon.png","contentUrl":"https:\/\/naturalpoland.com\/wp-content\/uploads\/2021\/05\/natural-poland-icon.png","width":512,"height":512,"caption":"Natural Poland"},"image":{"@id":"https:\/\/naturalpoland.com\/cs\/#\/schema\/logo\/image\/"},"sameAs":["https:\/\/www.facebook.com\/naturalpoland.b2b","https:\/\/pl.linkedin.com\/company\/natural-poland","https:\/\/www.youtube.com\/channel\/UCgeGGkvOMahZo-xu_MSEWxg"]}]}},"_links":{"self":[{"href":"https:\/\/naturalpoland.com\/cs\/wp-json\/wp\/v2\/product\/12607","targetHints":{"allow":["GET"]}}],"collection":[{"href":"https:\/\/naturalpoland.com\/cs\/wp-json\/wp\/v2\/product"}],"about":[{"href":"https:\/\/naturalpoland.com\/cs\/wp-json\/wp\/v2\/types\/product"}],"wp:featuredmedia":[{"embeddable":true,"href":"https:\/\/naturalpoland.com\/cs\/wp-json\/wp\/v2\/media\/32768"}],"wp:attachment":[{"href":"https:\/\/naturalpoland.com\/cs\/wp-json\/wp\/v2\/media?parent=12607"}],"wp:term":[{"taxonomy":"product_brand","embeddable":true,"href":"https:\/\/naturalpoland.com\/cs\/wp-json\/wp\/v2\/product_brand?post=12607"},{"taxonomy":"product_cat","embeddable":true,"href":"https:\/\/naturalpoland.com\/cs\/wp-json\/wp\/v2\/product_cat?post=12607"},{"taxonomy":"product_tag","embeddable":true,"href":"https:\/\/naturalpoland.com\/cs\/wp-json\/wp\/v2\/product_tag?post=12607"}],"curies":[{"name":"wp","href":"https:\/\/api.w.org\/{rel}","templated":true}]}}