{"id":12627,"date":"2021-05-11T13:50:10","date_gmt":"2021-05-11T11:50:10","guid":{"rendered":"https:\/\/naturalpoland.pl\/produkty\/nezarazene\/olej-ze-semen-cerneho-rybizu\/"},"modified":"2026-02-05T11:50:26","modified_gmt":"2026-02-05T10:50:26","slug":"olej-z-cerneho-rybizu","status":"publish","type":"product","link":"https:\/\/naturalpoland.com\/cs\/produkty\/produkty-pro-potravinarsky-prumysl\/jedle-oleje\/olej-z-cerneho-rybizu\/","title":{"rendered":"Olej z pecek \u010dern\u00e9ho ryb\u00edzu"},"content":{"rendered":"<h2>Vlastnosti a \u00fa\u010dinky oleje z pecek \u010dern\u00e9ho ryb\u00edzu<\/h2>\n<p>Olej z pecek \u010dern\u00e9ho ryb\u00edzu se vyzna\u010duje v\u00fdjime\u010dn\u011b p\u0159\u00edzniv\u00fdm slo\u017een\u00edm mastn\u00fdch kyselin. P\u0159ibli\u017en\u011b 73 % tvo\u0159\u00ed <strong>polynenasycen\u00e9 kyseliny<\/strong>, v\u010detn\u011b v\u00fdznamn\u00e9ho mno\u017estv\u00ed <strong>kyseliny linolov\u00e9<\/strong> <strong>(omega-6)<\/strong> a <strong>kyseliny alfa-linolenov\u00e9 (omega-3)<\/strong>, a tak\u00e9 pro \u010dern\u00fd ryb\u00edz charakteristick\u00e9 <strong>kyseliny gama-linolenov\u00e9 (GLA)<\/strong>. Takov\u00fd profil \u010din\u00ed surovinu v\u00fdznamnou v p\u00e9\u010di o suchou, zralou a citlivou poko\u017eku.  <\/p>\n<p>Obsa\u017een\u00e9 nenasycen\u00e9 mastn\u00e9 kyseliny podporuj\u00ed procesy regenerace lipidov\u00e9 bari\u00e9ry poko\u017eky, zlep\u0161uj\u00ed elasticitu a hydrolipidovou rovnov\u00e1hu poko\u017eky. Pravideln\u00e9 pou\u017e\u00edv\u00e1n\u00ed v kosmetick\u00fdch formulac\u00edch umo\u017e\u0148uje omezit ztr\u00e1tu vody z rohov\u00e9 vrstvy a podporuje repara\u010dn\u00ed procesy. <\/p>\n<p>V p\u0159\u00edtomnosti p\u0159\u00edrodn\u00edch tokoferol\u016f a fytosterol\u016f olej p\u016fsob\u00ed jako antioxidant, stabilizuje lipidov\u00e9 struktury v p\u0159\u00edpravc\u00edch a chr\u00e1n\u00ed je p\u0159ed oxida\u010dn\u00ed degradac\u00ed. Z tohoto d\u016fvodu p\u0159edstavuje cennou slo\u017eku v\u00fd\u017eivn\u00fdch emulz\u00ed, kr\u00e9m\u016f a s\u00e9r s ochrann\u00fdm \u00fa\u010dinkem. <\/p>\n<h2>Pou\u017eit\u00ed oleje z \u010dern\u00e9ho ryb\u00edzu v kosmetice<\/h2>\n<p>Olej z pecek \u010dern\u00e9ho ryb\u00edzu nach\u00e1z\u00ed uplatn\u011bn\u00ed v pe\u010duj\u00edc\u00edch a regenera\u010dn\u00edch formulac\u00edch:<\/p>\n<ul>\n<li>p\u0159\u00edpravky pro suchou, citlivou a zralou poko\u017eku,<\/li>\n<li>emulze a s\u00e9ra anti-aging,<\/li>\n<li>kosmetika pro p\u00e9\u010di o podr\u00e1\u017ed\u011bnou poko\u017eku nebo po z\u00e1kroc\u00edch,<\/li>\n<li>produkty pro p\u00e9\u010di o such\u00e9 a l\u00e1mav\u00e9 vlasy,<\/li>\n<li>ochrann\u00e9 balz\u00e1my a produkty pro mas\u00e1\u017e.<\/li>\n<\/ul>\n<p>Olej m\u016f\u017ee b\u00fdt pou\u017e\u00edv\u00e1n jak v <strong>tukov\u00e9 f\u00e1zi emulz\u00ed<\/strong>, tak jako <strong>z\u00e1kladn\u00ed slo\u017eka v produktech olejov\u00e9ho typu<\/strong>. Dob\u0159e se kombinuje s dal\u0161\u00edmi rostlinn\u00fdmi oleji s podobn\u00fdm profilem nenasycenosti, co\u017e umo\u017e\u0148uje vytv\u00e1\u0159en\u00ed vyv\u00e1\u017een\u00fdch lipidov\u00fdch kompozic. <\/p>\n<h3>Profil mastn\u00fdch kyselin<\/h3>\n<table>\n<tbody>\n<tr>\n<td>MASTN\u00c1 KYSELINA<\/td>\n<td>VAZBA<\/td>\n<td>NORMA (%)<\/td>\n<\/tr>\n<tr>\n<td>Kyselina palmitov\u00e1<\/td>\n<td>C16:0<\/td>\n<td>4-6<\/td>\n<\/tr>\n<tr>\n<td>Kyselina stearov\u00e1<\/td>\n<td>C18:0<\/td>\n<td>0,5-4<\/td>\n<\/tr>\n<tr>\n<td>Kyselina olejov\u00e1<\/td>\n<td>C18:1<\/td>\n<td>10-20<\/td>\n<\/tr>\n<tr>\n<td>Kyselina linolov\u00e1<\/td>\n<td>C18:2<\/td>\n<td>41-55<\/td>\n<\/tr>\n<tr>\n<td>Kyselina linolenov\u00e1<\/td>\n<td>C18:3<\/td>\n<td>11-16<\/td>\n<\/tr>\n<tr>\n<td>Kyselina arachov\u00e1<\/td>\n<td>C20:0<\/td>\n<td>0,2-0,7<\/td>\n<\/tr>\n<\/tbody>\n<\/table>\n","protected":false},"excerpt":{"rendered":"<p><strong>Olej z pecek \u010dern\u00e9ho ryb\u00edzu<\/strong> je p\u0159\u00edrodn\u00ed produkt z\u00edsk\u00e1van\u00fd procesem lisov\u00e1n\u00ed za studena semen <em>Ribes nigrum<\/em>. Surovina zachov\u00e1v\u00e1 plnost bioaktivn\u00edch l\u00e1tek p\u0159\u00edtomn\u00fdch v semenech, v\u010detn\u011b mastn\u00fdch kyselin, tokoferol\u016f a fytosterol\u016f. D\u00edky <strong>metod\u011b nerafinovan\u00e9ho lisov\u00e1n\u00ed<\/strong> se olej vyzna\u010duje autentickou v\u016fn\u00ed a barvou a je z\u00e1rove\u0148 zdrojem cenn\u00fdch lipid\u016f vysok\u00e9 biologick\u00e9 hodnoty.  <\/p>\n","protected":false},"featured_media":43544,"template":"","meta":[],"product_brand":[],"product_cat":[625,640,636],"product_tag":[],"class_list":{"0":"post-12627","1":"product","2":"type-product","3":"status-publish","4":"has-post-thumbnail","6":"product_cat-jedle-a-kosmeticke-oleje","7":"product_cat-jedle-oleje","8":"product_cat-kosmeticke-oleje","9":"pa_czesc-rosliny-semena","10":"pa_metoda-pozyskiwania-lisovani-za-studena","12":"first","13":"instock","14":"shipping-taxable","15":"product-type-simple"},"yoast_head":"<!-- This site is optimized with the Yoast SEO plugin v27.3 - https:\/\/yoast.com\/product\/yoast-seo-wordpress\/ -->\n<title>Olej z pecek \u010dern\u00e9ho ryb\u00edzu - NATURAL POLAND - Velkoobchodn\u00ed distributor surovin<\/title>\n<meta name=\"description\" content=\"Olej z pecek \u010dern\u00e9ho ryb\u00edzu lisovan\u00fd za studena (Ribes nigrum Seed Oil) \u2013 p\u0159\u00edrodn\u00ed kosmetick\u00e1 surovina bohat\u00e1 na kyseliny omega-3 a omega-6.\" \/>\n<meta name=\"robots\" content=\"index, follow, max-snippet:-1, max-image-preview:large, max-video-preview:-1\" \/>\n<link rel=\"canonical\" href=\"https:\/\/naturalpoland.com\/cs\/produkty\/produkty-pro-potravinarsky-prumysl\/jedle-oleje\/olej-z-cerneho-rybizu\/\" \/>\n<meta property=\"og:locale\" content=\"cs_CZ\" \/>\n<meta property=\"og:type\" content=\"article\" \/>\n<meta property=\"og:title\" content=\"Olej z pecek \u010dern\u00e9ho ryb\u00edzu - NATURAL POLAND - Velkoobchodn\u00ed distributor surovin\" \/>\n<meta property=\"og:description\" content=\"Olej z pecek \u010dern\u00e9ho ryb\u00edzu lisovan\u00fd za studena (Ribes nigrum Seed Oil) \u2013 p\u0159\u00edrodn\u00ed kosmetick\u00e1 surovina bohat\u00e1 na kyseliny omega-3 a omega-6.\" \/>\n<meta property=\"og:url\" content=\"https:\/\/naturalpoland.com\/cs\/produkty\/produkty-pro-potravinarsky-prumysl\/jedle-oleje\/olej-z-cerneho-rybizu\/\" \/>\n<meta property=\"og:site_name\" content=\"NATURAL POLAND - Velkoobchodn\u00ed distributor surovin\" \/>\n<meta property=\"article:publisher\" content=\"https:\/\/www.facebook.com\/naturalpoland.b2b\" \/>\n<meta property=\"article:modified_time\" content=\"2026-02-05T10:50:26+00:00\" \/>\n<meta property=\"og:image\" content=\"https:\/\/naturalpoland.com\/wp-content\/uploads\/olej-z-pestek-czarnej-porzeczki.webp\" \/>\n\t<meta property=\"og:image:width\" content=\"1024\" \/>\n\t<meta property=\"og:image:height\" content=\"1024\" \/>\n\t<meta property=\"og:image:type\" content=\"image\/webp\" \/>\n<script type=\"application\/ld+json\" class=\"yoast-schema-graph\">{\"@context\":\"https:\\\/\\\/schema.org\",\"@graph\":[{\"@type\":\"WebPage\",\"@id\":\"https:\\\/\\\/naturalpoland.com\\\/cs\\\/produkty\\\/produkty-pro-potravinarsky-prumysl\\\/jedle-oleje\\\/olej-z-cerneho-rybizu\\\/\",\"url\":\"https:\\\/\\\/naturalpoland.com\\\/cs\\\/produkty\\\/produkty-pro-potravinarsky-prumysl\\\/jedle-oleje\\\/olej-z-cerneho-rybizu\\\/\",\"name\":\"Olej z pecek \u010dern\u00e9ho ryb\u00edzu - NATURAL POLAND - Velkoobchodn\u00ed distributor surovin\",\"isPartOf\":{\"@id\":\"https:\\\/\\\/naturalpoland.com\\\/cs\\\/#website\"},\"primaryImageOfPage\":{\"@id\":\"https:\\\/\\\/naturalpoland.com\\\/cs\\\/produkty\\\/produkty-pro-potravinarsky-prumysl\\\/jedle-oleje\\\/olej-z-cerneho-rybizu\\\/#primaryimage\"},\"image\":{\"@id\":\"https:\\\/\\\/naturalpoland.com\\\/cs\\\/produkty\\\/produkty-pro-potravinarsky-prumysl\\\/jedle-oleje\\\/olej-z-cerneho-rybizu\\\/#primaryimage\"},\"thumbnailUrl\":\"https:\\\/\\\/naturalpoland.com\\\/wp-content\\\/uploads\\\/olej-z-pestek-czarnej-porzeczki.webp\",\"datePublished\":\"2021-05-11T11:50:10+00:00\",\"dateModified\":\"2026-02-05T10:50:26+00:00\",\"description\":\"Olej z pecek \u010dern\u00e9ho ryb\u00edzu lisovan\u00fd za studena (Ribes nigrum Seed Oil) \u2013 p\u0159\u00edrodn\u00ed kosmetick\u00e1 surovina bohat\u00e1 na kyseliny omega-3 a omega-6.\",\"breadcrumb\":{\"@id\":\"https:\\\/\\\/naturalpoland.com\\\/cs\\\/produkty\\\/produkty-pro-potravinarsky-prumysl\\\/jedle-oleje\\\/olej-z-cerneho-rybizu\\\/#breadcrumb\"},\"inLanguage\":\"cs\",\"potentialAction\":[{\"@type\":\"ReadAction\",\"target\":[\"https:\\\/\\\/naturalpoland.com\\\/cs\\\/produkty\\\/produkty-pro-potravinarsky-prumysl\\\/jedle-oleje\\\/olej-z-cerneho-rybizu\\\/\"]}]},{\"@type\":\"ImageObject\",\"inLanguage\":\"cs\",\"@id\":\"https:\\\/\\\/naturalpoland.com\\\/cs\\\/produkty\\\/produkty-pro-potravinarsky-prumysl\\\/jedle-oleje\\\/olej-z-cerneho-rybizu\\\/#primaryimage\",\"url\":\"https:\\\/\\\/naturalpoland.com\\\/wp-content\\\/uploads\\\/olej-z-pestek-czarnej-porzeczki.webp\",\"contentUrl\":\"https:\\\/\\\/naturalpoland.com\\\/wp-content\\\/uploads\\\/olej-z-pestek-czarnej-porzeczki.webp\",\"width\":1024,\"height\":1024,\"caption\":\"Olej z pecek \u010dern\u00e9ho ryb\u00edzu\"},{\"@type\":\"BreadcrumbList\",\"@id\":\"https:\\\/\\\/naturalpoland.com\\\/cs\\\/produkty\\\/produkty-pro-potravinarsky-prumysl\\\/jedle-oleje\\\/olej-z-cerneho-rybizu\\\/#breadcrumb\",\"itemListElement\":[{\"@type\":\"ListItem\",\"position\":1,\"name\":\"Dom\u016f\",\"item\":\"https:\\\/\\\/naturalpoland.com\\\/cs\\\/\"},{\"@type\":\"ListItem\",\"position\":2,\"name\":\"Produkty\",\"item\":\"https:\\\/\\\/naturalpoland.com\\\/cs\\\/produkty\\\/\"},{\"@type\":\"ListItem\",\"position\":3,\"name\":\"Olej z pecek \u010dern\u00e9ho ryb\u00edzu\"}]},{\"@type\":\"WebSite\",\"@id\":\"https:\\\/\\\/naturalpoland.com\\\/cs\\\/#website\",\"url\":\"https:\\\/\\\/naturalpoland.com\\\/cs\\\/\",\"name\":\"NATURAL POLAND - Velkoobchodn\u00ed distributor surovin\",\"description\":\"Surowce dla przemys\u0142u spo\u017cywczego, kosmetycznego i farmaceutycznego\",\"publisher\":{\"@id\":\"https:\\\/\\\/naturalpoland.com\\\/cs\\\/#organization\"},\"potentialAction\":[{\"@type\":\"SearchAction\",\"target\":{\"@type\":\"EntryPoint\",\"urlTemplate\":\"https:\\\/\\\/naturalpoland.com\\\/cs\\\/?s={search_term_string}\"},\"query-input\":{\"@type\":\"PropertyValueSpecification\",\"valueRequired\":true,\"valueName\":\"search_term_string\"}}],\"inLanguage\":\"cs\"},{\"@type\":\"Organization\",\"@id\":\"https:\\\/\\\/naturalpoland.com\\\/cs\\\/#organization\",\"name\":\"Natural Poland\",\"url\":\"https:\\\/\\\/naturalpoland.com\\\/cs\\\/\",\"logo\":{\"@type\":\"ImageObject\",\"inLanguage\":\"cs\",\"@id\":\"https:\\\/\\\/naturalpoland.com\\\/cs\\\/#\\\/schema\\\/logo\\\/image\\\/\",\"url\":\"https:\\\/\\\/naturalpoland.com\\\/wp-content\\\/uploads\\\/2021\\\/05\\\/natural-poland-icon.png\",\"contentUrl\":\"https:\\\/\\\/naturalpoland.com\\\/wp-content\\\/uploads\\\/2021\\\/05\\\/natural-poland-icon.png\",\"width\":512,\"height\":512,\"caption\":\"Natural Poland\"},\"image\":{\"@id\":\"https:\\\/\\\/naturalpoland.com\\\/cs\\\/#\\\/schema\\\/logo\\\/image\\\/\"},\"sameAs\":[\"https:\\\/\\\/www.facebook.com\\\/naturalpoland.b2b\",\"https:\\\/\\\/pl.linkedin.com\\\/company\\\/natural-poland\",\"https:\\\/\\\/www.youtube.com\\\/channel\\\/UCgeGGkvOMahZo-xu_MSEWxg\"]}]}<\/script>\n<!-- \/ Yoast SEO plugin. -->","yoast_head_json":{"title":"Olej z pecek \u010dern\u00e9ho ryb\u00edzu - NATURAL POLAND - Velkoobchodn\u00ed distributor surovin","description":"Olej z pecek \u010dern\u00e9ho ryb\u00edzu lisovan\u00fd za studena (Ribes nigrum Seed Oil) \u2013 p\u0159\u00edrodn\u00ed kosmetick\u00e1 surovina bohat\u00e1 na kyseliny omega-3 a omega-6.","robots":{"index":"index","follow":"follow","max-snippet":"max-snippet:-1","max-image-preview":"max-image-preview:large","max-video-preview":"max-video-preview:-1"},"canonical":"https:\/\/naturalpoland.com\/cs\/produkty\/produkty-pro-potravinarsky-prumysl\/jedle-oleje\/olej-z-cerneho-rybizu\/","og_locale":"cs_CZ","og_type":"article","og_title":"Olej z pecek \u010dern\u00e9ho ryb\u00edzu - NATURAL POLAND - Velkoobchodn\u00ed distributor surovin","og_description":"Olej z pecek \u010dern\u00e9ho ryb\u00edzu lisovan\u00fd za studena (Ribes nigrum Seed Oil) \u2013 p\u0159\u00edrodn\u00ed kosmetick\u00e1 surovina bohat\u00e1 na kyseliny omega-3 a omega-6.","og_url":"https:\/\/naturalpoland.com\/cs\/produkty\/produkty-pro-potravinarsky-prumysl\/jedle-oleje\/olej-z-cerneho-rybizu\/","og_site_name":"NATURAL POLAND - Velkoobchodn\u00ed distributor surovin","article_publisher":"https:\/\/www.facebook.com\/naturalpoland.b2b","article_modified_time":"2026-02-05T10:50:26+00:00","og_image":[{"width":1024,"height":1024,"url":"https:\/\/naturalpoland.com\/wp-content\/uploads\/olej-z-pestek-czarnej-porzeczki.webp","type":"image\/webp"}],"schema":{"@context":"https:\/\/schema.org","@graph":[{"@type":"WebPage","@id":"https:\/\/naturalpoland.com\/cs\/produkty\/produkty-pro-potravinarsky-prumysl\/jedle-oleje\/olej-z-cerneho-rybizu\/","url":"https:\/\/naturalpoland.com\/cs\/produkty\/produkty-pro-potravinarsky-prumysl\/jedle-oleje\/olej-z-cerneho-rybizu\/","name":"Olej z pecek \u010dern\u00e9ho ryb\u00edzu - NATURAL POLAND - Velkoobchodn\u00ed distributor surovin","isPartOf":{"@id":"https:\/\/naturalpoland.com\/cs\/#website"},"primaryImageOfPage":{"@id":"https:\/\/naturalpoland.com\/cs\/produkty\/produkty-pro-potravinarsky-prumysl\/jedle-oleje\/olej-z-cerneho-rybizu\/#primaryimage"},"image":{"@id":"https:\/\/naturalpoland.com\/cs\/produkty\/produkty-pro-potravinarsky-prumysl\/jedle-oleje\/olej-z-cerneho-rybizu\/#primaryimage"},"thumbnailUrl":"https:\/\/naturalpoland.com\/wp-content\/uploads\/olej-z-pestek-czarnej-porzeczki.webp","datePublished":"2021-05-11T11:50:10+00:00","dateModified":"2026-02-05T10:50:26+00:00","description":"Olej z pecek \u010dern\u00e9ho ryb\u00edzu lisovan\u00fd za studena (Ribes nigrum Seed Oil) \u2013 p\u0159\u00edrodn\u00ed kosmetick\u00e1 surovina bohat\u00e1 na kyseliny omega-3 a omega-6.","breadcrumb":{"@id":"https:\/\/naturalpoland.com\/cs\/produkty\/produkty-pro-potravinarsky-prumysl\/jedle-oleje\/olej-z-cerneho-rybizu\/#breadcrumb"},"inLanguage":"cs","potentialAction":[{"@type":"ReadAction","target":["https:\/\/naturalpoland.com\/cs\/produkty\/produkty-pro-potravinarsky-prumysl\/jedle-oleje\/olej-z-cerneho-rybizu\/"]}]},{"@type":"ImageObject","inLanguage":"cs","@id":"https:\/\/naturalpoland.com\/cs\/produkty\/produkty-pro-potravinarsky-prumysl\/jedle-oleje\/olej-z-cerneho-rybizu\/#primaryimage","url":"https:\/\/naturalpoland.com\/wp-content\/uploads\/olej-z-pestek-czarnej-porzeczki.webp","contentUrl":"https:\/\/naturalpoland.com\/wp-content\/uploads\/olej-z-pestek-czarnej-porzeczki.webp","width":1024,"height":1024,"caption":"Olej z pecek \u010dern\u00e9ho ryb\u00edzu"},{"@type":"BreadcrumbList","@id":"https:\/\/naturalpoland.com\/cs\/produkty\/produkty-pro-potravinarsky-prumysl\/jedle-oleje\/olej-z-cerneho-rybizu\/#breadcrumb","itemListElement":[{"@type":"ListItem","position":1,"name":"Dom\u016f","item":"https:\/\/naturalpoland.com\/cs\/"},{"@type":"ListItem","position":2,"name":"Produkty","item":"https:\/\/naturalpoland.com\/cs\/produkty\/"},{"@type":"ListItem","position":3,"name":"Olej z pecek \u010dern\u00e9ho ryb\u00edzu"}]},{"@type":"WebSite","@id":"https:\/\/naturalpoland.com\/cs\/#website","url":"https:\/\/naturalpoland.com\/cs\/","name":"NATURAL POLAND - Velkoobchodn\u00ed distributor surovin","description":"Surowce dla przemys\u0142u spo\u017cywczego, kosmetycznego i farmaceutycznego","publisher":{"@id":"https:\/\/naturalpoland.com\/cs\/#organization"},"potentialAction":[{"@type":"SearchAction","target":{"@type":"EntryPoint","urlTemplate":"https:\/\/naturalpoland.com\/cs\/?s={search_term_string}"},"query-input":{"@type":"PropertyValueSpecification","valueRequired":true,"valueName":"search_term_string"}}],"inLanguage":"cs"},{"@type":"Organization","@id":"https:\/\/naturalpoland.com\/cs\/#organization","name":"Natural Poland","url":"https:\/\/naturalpoland.com\/cs\/","logo":{"@type":"ImageObject","inLanguage":"cs","@id":"https:\/\/naturalpoland.com\/cs\/#\/schema\/logo\/image\/","url":"https:\/\/naturalpoland.com\/wp-content\/uploads\/2021\/05\/natural-poland-icon.png","contentUrl":"https:\/\/naturalpoland.com\/wp-content\/uploads\/2021\/05\/natural-poland-icon.png","width":512,"height":512,"caption":"Natural Poland"},"image":{"@id":"https:\/\/naturalpoland.com\/cs\/#\/schema\/logo\/image\/"},"sameAs":["https:\/\/www.facebook.com\/naturalpoland.b2b","https:\/\/pl.linkedin.com\/company\/natural-poland","https:\/\/www.youtube.com\/channel\/UCgeGGkvOMahZo-xu_MSEWxg"]}]}},"_links":{"self":[{"href":"https:\/\/naturalpoland.com\/cs\/wp-json\/wp\/v2\/product\/12627","targetHints":{"allow":["GET"]}}],"collection":[{"href":"https:\/\/naturalpoland.com\/cs\/wp-json\/wp\/v2\/product"}],"about":[{"href":"https:\/\/naturalpoland.com\/cs\/wp-json\/wp\/v2\/types\/product"}],"wp:featuredmedia":[{"embeddable":true,"href":"https:\/\/naturalpoland.com\/cs\/wp-json\/wp\/v2\/media\/43544"}],"wp:attachment":[{"href":"https:\/\/naturalpoland.com\/cs\/wp-json\/wp\/v2\/media?parent=12627"}],"wp:term":[{"taxonomy":"product_brand","embeddable":true,"href":"https:\/\/naturalpoland.com\/cs\/wp-json\/wp\/v2\/product_brand?post=12627"},{"taxonomy":"product_cat","embeddable":true,"href":"https:\/\/naturalpoland.com\/cs\/wp-json\/wp\/v2\/product_cat?post=12627"},{"taxonomy":"product_tag","embeddable":true,"href":"https:\/\/naturalpoland.com\/cs\/wp-json\/wp\/v2\/product_tag?post=12627"}],"curies":[{"name":"wp","href":"https:\/\/api.w.org\/{rel}","templated":true}]}}