{"id":12631,"date":"2021-05-11T13:50:10","date_gmt":"2021-09-21T13:05:06","guid":{"rendered":"https:\/\/naturalpoland.pl\/produkty\/nezarazene\/dynovy-olej\/"},"modified":"2024-12-23T14:24:57","modified_gmt":"2024-12-23T13:24:57","slug":"dynovy-olej","status":"publish","type":"product","link":"https:\/\/naturalpoland.com\/cs\/produkty\/produkty-pro-potravinarsky-prumysl\/jedle-oleje\/dynovy-olej\/","title":{"rendered":"D\u00fd\u0148ov\u00fd olej"},"content":{"rendered":"<h2>Slo\u017een\u00ed d\u00fd\u0148ov\u00e9ho oleje<\/h2>\n<p>D\u00fd\u0148ov\u00fd olej obsahuje \u00factyhodn\u00e9 mno\u017estv\u00ed nenasycen\u00fdch mastn\u00fdch kyselin, kter\u00e9 tvo\u0159\u00ed v\u00edce ne\u017e 85 % jeho slo\u017een\u00ed. Mezi hlavn\u00ed slo\u017eky pat\u0159\u00ed: <\/p>\n<ul>\n<li><strong>Kyselina linolov\u00e1 (C18:2)<\/strong>: (40-65 %) &#8211; p\u016fsob\u00ed protiz\u00e1n\u011btliv\u011b a podporuje zdrav\u00ed srdce.<\/li>\n<li><strong>Kyselina olejov\u00e1 (C18:1)<\/strong>: (18-41 %) &#8211; ovliv\u0148uje pru\u017enost poko\u017eky a podporuje ob\u011bhov\u00fd syst\u00e9m.<\/li>\n<li><strong>Kyselina palmitov\u00e1 (C16:0)<\/strong>: 10-16 % &#8211; podporuje regenera\u010dn\u00ed procesy poko\u017eky.<\/li>\n<li><strong>Kyselina stearov\u00e1 (C18:0)<\/strong>: (kyselina stearov\u00e1): 2-8 % &#8211; m\u00e1 ochrann\u00fd a hydrata\u010dn\u00ed \u00fa\u010dinek na poko\u017eku.<\/li>\n<\/ul>\n<p>Olej obsahuje tak\u00e9 \u0159adu fytosterol\u016f, v\u010detn\u011b <strong>cucurbitacinu,<\/strong> kter\u00fd je zn\u00e1m\u00fd sv\u00fdmi antiparazit\u00e1rn\u00edmi \u00fa\u010dinky, a p\u0159\u00edrodn\u00ed vitaminy a miner\u00e1ly.<\/p>\n<h2>Vlastnosti a \u00fa\u010dinky<\/h2>\n<p>D\u00fd\u0148ov\u00fd olej vykazuje \u0161irok\u00e9 spektrum zdrav\u00ed prosp\u011b\u0161n\u00fdch vlastnost\u00ed. Kukurbitacin obsa\u017een\u00fd v oleji m\u00e1 <strong>antiparazit\u00e1rn\u00ed<\/strong> \u00fa\u010dinek, proto\u017ee paralyzuje nervov\u00fd syst\u00e9m st\u0159evn\u00edch parazit\u016f, co\u017e umo\u017e\u0148uje jejich p\u0159irozen\u00e9 odstran\u011bn\u00ed z t\u011bla. Fytosteroly obsa\u017een\u00e9 v oleji zase<strong> zm\u00edr\u0148uj\u00ed za\u017e\u00edvac\u00ed pot\u00ed\u017ee<\/strong>, chr\u00e1n\u00ed \u017ealude\u010dn\u00ed sliznici a podporuj\u00ed funkci jater. Olej tak\u00e9 p\u016fsob\u00ed <strong>podp\u016frn\u011b na mo\u010dov\u00e9 cesty<\/strong> v p\u0159\u00edpad\u011b hyperaktivn\u00edho mo\u010dov\u00e9ho m\u011bch\u00fd\u0159e a podporuje zdrav\u00ed prostaty. Jako kosmetick\u00e1 slo\u017eka<strong> pom\u00e1h\u00e1<\/strong> olej<strong> vyhlazovat vr\u00e1sky<\/strong>, zesv\u011btlovat barevn\u00e9 zm\u011bny a urychlovat hojen\u00ed jizev a ran. M\u00e1 tak\u00e9 regenera\u010dn\u00ed \u00fa\u010dinky na such\u00e9 a po\u0161kozen\u00e9 vlasy.   <\/p>\n","protected":false},"excerpt":{"rendered":"<p><strong>D\u00fd\u0148ov\u00fd olej<\/strong><em>(Cucurbita Pepo L.)<\/em> se lisuje za studena z o\u010di\u0161t\u011bn\u00fdch a vyloupan\u00fdch d\u00fd\u0148ov\u00fdch semen. Vyzna\u010duje se charakteristickou m\u00edrn\u011b naho\u0159klou chut\u00ed. <\/p>\n","protected":false},"featured_media":38046,"template":"","meta":{"_acf_changed":false},"product_brand":[],"product_cat":[625,640,636],"product_tag":[],"class_list":{"0":"post-12631","1":"product","2":"type-product","3":"status-publish","4":"has-post-thumbnail","6":"product_cat-jedle-a-kosmeticke-oleje","7":"product_cat-jedle-oleje","8":"product_cat-kosmeticke-oleje","9":"pa_certyfikaty-certifikace-ekologickeho-zemedelstvi-eu-nop","10":"pa_certyfikaty-koser-certifikace","11":"pa_certyfikaty-cgmp-cs","12":"pa_certyfikaty-fssc22000-cs","13":"pa_certyfikaty-haccp-cs","14":"pa_certyfikaty-halal-cs","15":"pa_certyfikaty-iso22000-cs","16":"pa_czesc-rosliny-semena-cs","18":"first","19":"instock","20":"shipping-taxable","21":"product-type-simple"},"acf":[],"yoast_head":"<!-- This site is optimized with the Yoast SEO plugin v27.5 - https:\/\/yoast.com\/product\/yoast-seo-wordpress\/ -->\n<title>D\u00fd\u0148ov\u00fd olej - Velkoobchodn\u00ed distributor surovin NATURAL POLAND - Velkoobchodn\u00ed distributor surovin<\/title>\n<meta name=\"description\" content=\"Objednejte si \u010dist\u00fd d\u00fd\u0148ov\u00fd olej ve velk\u00e9m. D\u00fd\u0148ov\u00fd olej vykazuje \u0161irok\u00e9 spektrum zdrav\u00ed prosp\u011b\u0161n\u00fdch vlastnost\u00ed.\" \/>\n<meta name=\"robots\" content=\"index, follow, max-snippet:-1, max-image-preview:large, max-video-preview:-1\" \/>\n<link rel=\"canonical\" href=\"https:\/\/naturalpoland.com\/cs\/produkty\/produkty-pro-potravinarsky-prumysl\/jedle-oleje\/dynovy-olej\/\" \/>\n<meta property=\"og:locale\" content=\"cs_CZ\" \/>\n<meta property=\"og:type\" content=\"article\" \/>\n<meta property=\"og:title\" content=\"D\u00fd\u0148ov\u00fd olej - Velkoobchodn\u00ed distributor surovin NATURAL POLAND - Velkoobchodn\u00ed distributor surovin\" \/>\n<meta property=\"og:description\" content=\"Objednejte si \u010dist\u00fd d\u00fd\u0148ov\u00fd olej ve velk\u00e9m. D\u00fd\u0148ov\u00fd olej vykazuje \u0161irok\u00e9 spektrum zdrav\u00ed prosp\u011b\u0161n\u00fdch vlastnost\u00ed.\" \/>\n<meta property=\"og:url\" content=\"https:\/\/naturalpoland.com\/cs\/produkty\/produkty-pro-potravinarsky-prumysl\/jedle-oleje\/dynovy-olej\/\" \/>\n<meta property=\"og:site_name\" content=\"NATURAL POLAND - Velkoobchodn\u00ed distributor surovin\" \/>\n<meta property=\"article:publisher\" content=\"https:\/\/www.facebook.com\/naturalpoland.b2b\" \/>\n<meta property=\"article:modified_time\" content=\"2024-12-23T13:24:57+00:00\" \/>\n<meta property=\"og:image\" content=\"https:\/\/naturalpoland.com\/wp-content\/uploads\/olej-z-pestek-dyni.webp\" \/>\n\t<meta property=\"og:image:width\" content=\"614\" \/>\n\t<meta property=\"og:image:height\" content=\"614\" \/>\n\t<meta property=\"og:image:type\" content=\"image\/webp\" \/>\n<script type=\"application\/ld+json\" class=\"yoast-schema-graph\">{\"@context\":\"https:\\\/\\\/schema.org\",\"@graph\":[{\"@type\":\"WebPage\",\"@id\":\"https:\\\/\\\/naturalpoland.com\\\/cs\\\/produkty\\\/produkty-pro-potravinarsky-prumysl\\\/jedle-oleje\\\/dynovy-olej\\\/\",\"url\":\"https:\\\/\\\/naturalpoland.com\\\/cs\\\/produkty\\\/produkty-pro-potravinarsky-prumysl\\\/jedle-oleje\\\/dynovy-olej\\\/\",\"name\":\"D\u00fd\u0148ov\u00fd olej - Velkoobchodn\u00ed distributor surovin NATURAL POLAND - Velkoobchodn\u00ed distributor surovin\",\"isPartOf\":{\"@id\":\"https:\\\/\\\/naturalpoland.com\\\/cs\\\/#website\"},\"primaryImageOfPage\":{\"@id\":\"https:\\\/\\\/naturalpoland.com\\\/cs\\\/produkty\\\/produkty-pro-potravinarsky-prumysl\\\/jedle-oleje\\\/dynovy-olej\\\/#primaryimage\"},\"image\":{\"@id\":\"https:\\\/\\\/naturalpoland.com\\\/cs\\\/produkty\\\/produkty-pro-potravinarsky-prumysl\\\/jedle-oleje\\\/dynovy-olej\\\/#primaryimage\"},\"thumbnailUrl\":\"https:\\\/\\\/naturalpoland.com\\\/wp-content\\\/uploads\\\/olej-z-pestek-dyni.webp\",\"datePublished\":\"2021-09-21T13:05:06+00:00\",\"dateModified\":\"2024-12-23T13:24:57+00:00\",\"description\":\"Objednejte si \u010dist\u00fd d\u00fd\u0148ov\u00fd olej ve velk\u00e9m. D\u00fd\u0148ov\u00fd olej vykazuje \u0161irok\u00e9 spektrum zdrav\u00ed prosp\u011b\u0161n\u00fdch vlastnost\u00ed.\",\"breadcrumb\":{\"@id\":\"https:\\\/\\\/naturalpoland.com\\\/cs\\\/produkty\\\/produkty-pro-potravinarsky-prumysl\\\/jedle-oleje\\\/dynovy-olej\\\/#breadcrumb\"},\"inLanguage\":\"cs\",\"potentialAction\":[{\"@type\":\"ReadAction\",\"target\":[\"https:\\\/\\\/naturalpoland.com\\\/cs\\\/produkty\\\/produkty-pro-potravinarsky-prumysl\\\/jedle-oleje\\\/dynovy-olej\\\/\"]}]},{\"@type\":\"ImageObject\",\"inLanguage\":\"cs\",\"@id\":\"https:\\\/\\\/naturalpoland.com\\\/cs\\\/produkty\\\/produkty-pro-potravinarsky-prumysl\\\/jedle-oleje\\\/dynovy-olej\\\/#primaryimage\",\"url\":\"https:\\\/\\\/naturalpoland.com\\\/wp-content\\\/uploads\\\/olej-z-pestek-dyni.webp\",\"contentUrl\":\"https:\\\/\\\/naturalpoland.com\\\/wp-content\\\/uploads\\\/olej-z-pestek-dyni.webp\",\"width\":614,\"height\":614,\"caption\":\"olej z pestek dyni\"},{\"@type\":\"BreadcrumbList\",\"@id\":\"https:\\\/\\\/naturalpoland.com\\\/cs\\\/produkty\\\/produkty-pro-potravinarsky-prumysl\\\/jedle-oleje\\\/dynovy-olej\\\/#breadcrumb\",\"itemListElement\":[{\"@type\":\"ListItem\",\"position\":1,\"name\":\"Dom\u016f\",\"item\":\"https:\\\/\\\/naturalpoland.com\\\/cs\\\/\"},{\"@type\":\"ListItem\",\"position\":2,\"name\":\"Produkty\",\"item\":\"https:\\\/\\\/naturalpoland.com\\\/cs\\\/produkty\\\/\"},{\"@type\":\"ListItem\",\"position\":3,\"name\":\"D\u00fd\u0148ov\u00fd olej\"}]},{\"@type\":\"WebSite\",\"@id\":\"https:\\\/\\\/naturalpoland.com\\\/cs\\\/#website\",\"url\":\"https:\\\/\\\/naturalpoland.com\\\/cs\\\/\",\"name\":\"NATURAL POLAND - Velkoobchodn\u00ed distributor surovin\",\"description\":\"Surowce dla przemys\u0142u spo\u017cywczego, kosmetycznego i farmaceutycznego\",\"publisher\":{\"@id\":\"https:\\\/\\\/naturalpoland.com\\\/cs\\\/#organization\"},\"potentialAction\":[{\"@type\":\"SearchAction\",\"target\":{\"@type\":\"EntryPoint\",\"urlTemplate\":\"https:\\\/\\\/naturalpoland.com\\\/cs\\\/?s={search_term_string}\"},\"query-input\":{\"@type\":\"PropertyValueSpecification\",\"valueRequired\":true,\"valueName\":\"search_term_string\"}}],\"inLanguage\":\"cs\"},{\"@type\":\"Organization\",\"@id\":\"https:\\\/\\\/naturalpoland.com\\\/cs\\\/#organization\",\"name\":\"Natural Poland\",\"url\":\"https:\\\/\\\/naturalpoland.com\\\/cs\\\/\",\"logo\":{\"@type\":\"ImageObject\",\"inLanguage\":\"cs\",\"@id\":\"https:\\\/\\\/naturalpoland.com\\\/cs\\\/#\\\/schema\\\/logo\\\/image\\\/\",\"url\":\"https:\\\/\\\/naturalpoland.com\\\/wp-content\\\/uploads\\\/2021\\\/05\\\/natural-poland-icon.png\",\"contentUrl\":\"https:\\\/\\\/naturalpoland.com\\\/wp-content\\\/uploads\\\/2021\\\/05\\\/natural-poland-icon.png\",\"width\":512,\"height\":512,\"caption\":\"Natural Poland\"},\"image\":{\"@id\":\"https:\\\/\\\/naturalpoland.com\\\/cs\\\/#\\\/schema\\\/logo\\\/image\\\/\"},\"sameAs\":[\"https:\\\/\\\/www.facebook.com\\\/naturalpoland.b2b\",\"https:\\\/\\\/pl.linkedin.com\\\/company\\\/natural-poland\",\"https:\\\/\\\/www.youtube.com\\\/channel\\\/UCgeGGkvOMahZo-xu_MSEWxg\"]}]}<\/script>\n<!-- \/ Yoast SEO plugin. -->","yoast_head_json":{"title":"D\u00fd\u0148ov\u00fd olej - Velkoobchodn\u00ed distributor surovin NATURAL POLAND - Velkoobchodn\u00ed distributor surovin","description":"Objednejte si \u010dist\u00fd d\u00fd\u0148ov\u00fd olej ve velk\u00e9m. D\u00fd\u0148ov\u00fd olej vykazuje \u0161irok\u00e9 spektrum zdrav\u00ed prosp\u011b\u0161n\u00fdch vlastnost\u00ed.","robots":{"index":"index","follow":"follow","max-snippet":"max-snippet:-1","max-image-preview":"max-image-preview:large","max-video-preview":"max-video-preview:-1"},"canonical":"https:\/\/naturalpoland.com\/cs\/produkty\/produkty-pro-potravinarsky-prumysl\/jedle-oleje\/dynovy-olej\/","og_locale":"cs_CZ","og_type":"article","og_title":"D\u00fd\u0148ov\u00fd olej - Velkoobchodn\u00ed distributor surovin NATURAL POLAND - Velkoobchodn\u00ed distributor surovin","og_description":"Objednejte si \u010dist\u00fd d\u00fd\u0148ov\u00fd olej ve velk\u00e9m. D\u00fd\u0148ov\u00fd olej vykazuje \u0161irok\u00e9 spektrum zdrav\u00ed prosp\u011b\u0161n\u00fdch vlastnost\u00ed.","og_url":"https:\/\/naturalpoland.com\/cs\/produkty\/produkty-pro-potravinarsky-prumysl\/jedle-oleje\/dynovy-olej\/","og_site_name":"NATURAL POLAND - Velkoobchodn\u00ed distributor surovin","article_publisher":"https:\/\/www.facebook.com\/naturalpoland.b2b","article_modified_time":"2024-12-23T13:24:57+00:00","og_image":[{"width":614,"height":614,"url":"https:\/\/naturalpoland.com\/wp-content\/uploads\/olej-z-pestek-dyni.webp","type":"image\/webp"}],"schema":{"@context":"https:\/\/schema.org","@graph":[{"@type":"WebPage","@id":"https:\/\/naturalpoland.com\/cs\/produkty\/produkty-pro-potravinarsky-prumysl\/jedle-oleje\/dynovy-olej\/","url":"https:\/\/naturalpoland.com\/cs\/produkty\/produkty-pro-potravinarsky-prumysl\/jedle-oleje\/dynovy-olej\/","name":"D\u00fd\u0148ov\u00fd olej - Velkoobchodn\u00ed distributor surovin NATURAL POLAND - Velkoobchodn\u00ed distributor surovin","isPartOf":{"@id":"https:\/\/naturalpoland.com\/cs\/#website"},"primaryImageOfPage":{"@id":"https:\/\/naturalpoland.com\/cs\/produkty\/produkty-pro-potravinarsky-prumysl\/jedle-oleje\/dynovy-olej\/#primaryimage"},"image":{"@id":"https:\/\/naturalpoland.com\/cs\/produkty\/produkty-pro-potravinarsky-prumysl\/jedle-oleje\/dynovy-olej\/#primaryimage"},"thumbnailUrl":"https:\/\/naturalpoland.com\/wp-content\/uploads\/olej-z-pestek-dyni.webp","datePublished":"2021-09-21T13:05:06+00:00","dateModified":"2024-12-23T13:24:57+00:00","description":"Objednejte si \u010dist\u00fd d\u00fd\u0148ov\u00fd olej ve velk\u00e9m. D\u00fd\u0148ov\u00fd olej vykazuje \u0161irok\u00e9 spektrum zdrav\u00ed prosp\u011b\u0161n\u00fdch vlastnost\u00ed.","breadcrumb":{"@id":"https:\/\/naturalpoland.com\/cs\/produkty\/produkty-pro-potravinarsky-prumysl\/jedle-oleje\/dynovy-olej\/#breadcrumb"},"inLanguage":"cs","potentialAction":[{"@type":"ReadAction","target":["https:\/\/naturalpoland.com\/cs\/produkty\/produkty-pro-potravinarsky-prumysl\/jedle-oleje\/dynovy-olej\/"]}]},{"@type":"ImageObject","inLanguage":"cs","@id":"https:\/\/naturalpoland.com\/cs\/produkty\/produkty-pro-potravinarsky-prumysl\/jedle-oleje\/dynovy-olej\/#primaryimage","url":"https:\/\/naturalpoland.com\/wp-content\/uploads\/olej-z-pestek-dyni.webp","contentUrl":"https:\/\/naturalpoland.com\/wp-content\/uploads\/olej-z-pestek-dyni.webp","width":614,"height":614,"caption":"olej z pestek dyni"},{"@type":"BreadcrumbList","@id":"https:\/\/naturalpoland.com\/cs\/produkty\/produkty-pro-potravinarsky-prumysl\/jedle-oleje\/dynovy-olej\/#breadcrumb","itemListElement":[{"@type":"ListItem","position":1,"name":"Dom\u016f","item":"https:\/\/naturalpoland.com\/cs\/"},{"@type":"ListItem","position":2,"name":"Produkty","item":"https:\/\/naturalpoland.com\/cs\/produkty\/"},{"@type":"ListItem","position":3,"name":"D\u00fd\u0148ov\u00fd olej"}]},{"@type":"WebSite","@id":"https:\/\/naturalpoland.com\/cs\/#website","url":"https:\/\/naturalpoland.com\/cs\/","name":"NATURAL POLAND - Velkoobchodn\u00ed distributor surovin","description":"Surowce dla przemys\u0142u spo\u017cywczego, kosmetycznego i farmaceutycznego","publisher":{"@id":"https:\/\/naturalpoland.com\/cs\/#organization"},"potentialAction":[{"@type":"SearchAction","target":{"@type":"EntryPoint","urlTemplate":"https:\/\/naturalpoland.com\/cs\/?s={search_term_string}"},"query-input":{"@type":"PropertyValueSpecification","valueRequired":true,"valueName":"search_term_string"}}],"inLanguage":"cs"},{"@type":"Organization","@id":"https:\/\/naturalpoland.com\/cs\/#organization","name":"Natural Poland","url":"https:\/\/naturalpoland.com\/cs\/","logo":{"@type":"ImageObject","inLanguage":"cs","@id":"https:\/\/naturalpoland.com\/cs\/#\/schema\/logo\/image\/","url":"https:\/\/naturalpoland.com\/wp-content\/uploads\/2021\/05\/natural-poland-icon.png","contentUrl":"https:\/\/naturalpoland.com\/wp-content\/uploads\/2021\/05\/natural-poland-icon.png","width":512,"height":512,"caption":"Natural Poland"},"image":{"@id":"https:\/\/naturalpoland.com\/cs\/#\/schema\/logo\/image\/"},"sameAs":["https:\/\/www.facebook.com\/naturalpoland.b2b","https:\/\/pl.linkedin.com\/company\/natural-poland","https:\/\/www.youtube.com\/channel\/UCgeGGkvOMahZo-xu_MSEWxg"]}]}},"_links":{"self":[{"href":"https:\/\/naturalpoland.com\/cs\/wp-json\/wp\/v2\/product\/12631","targetHints":{"allow":["GET"]}}],"collection":[{"href":"https:\/\/naturalpoland.com\/cs\/wp-json\/wp\/v2\/product"}],"about":[{"href":"https:\/\/naturalpoland.com\/cs\/wp-json\/wp\/v2\/types\/product"}],"wp:featuredmedia":[{"embeddable":true,"href":"https:\/\/naturalpoland.com\/cs\/wp-json\/wp\/v2\/media\/38046"}],"wp:attachment":[{"href":"https:\/\/naturalpoland.com\/cs\/wp-json\/wp\/v2\/media?parent=12631"}],"wp:term":[{"taxonomy":"product_brand","embeddable":true,"href":"https:\/\/naturalpoland.com\/cs\/wp-json\/wp\/v2\/product_brand?post=12631"},{"taxonomy":"product_cat","embeddable":true,"href":"https:\/\/naturalpoland.com\/cs\/wp-json\/wp\/v2\/product_cat?post=12631"},{"taxonomy":"product_tag","embeddable":true,"href":"https:\/\/naturalpoland.com\/cs\/wp-json\/wp\/v2\/product_tag?post=12631"}],"curies":[{"name":"wp","href":"https:\/\/api.w.org\/{rel}","templated":true}]}}