{"id":12659,"date":"2021-05-11T13:50:33","date_gmt":"2021-09-21T13:05:29","guid":{"rendered":"https:\/\/naturalpoland.pl\/produkty\/nezarazene\/olej-ze-semene-kamelie\/"},"modified":"2021-09-21T15:05:29","modified_gmt":"2021-09-21T13:05:29","slug":"olej-z-kamelie","status":"publish","type":"product","link":"https:\/\/naturalpoland.com\/cs\/produkty\/jedle-a-kosmeticke-oleje\/olej-z-kamelie\/","title":{"rendered":"Olej ze semene kam\u00e9lie"},"content":{"rendered":"<p>Za prv\u00e9, tsubaki olej zvy\u0161uje produkci kolagenu v k\u016f\u017ei. To zase zlep\u0161uje jeho hustotu a br\u00e1n\u00ed degradaci elastick\u00fdch vl\u00e1ken. To urychluje regeneraci poko\u017eky a vypad\u00e1 mlad\u0161\u00ed. Olej m\u00e1 tak\u00e9 protiz\u00e1n\u011btliv\u00fd \u00fa\u010dinek, tak\u017ee m\u016f\u017ee pomoci p\u0159i hojen\u00ed drobn\u00fdch ran. Tak\u00e9 chr\u00e1n\u00ed p\u0159ed nadm\u011brn\u00fdmi ztr\u00e1tami vody, co\u017e zase zlep\u0161uje vzhled nejen poko\u017eky, ale i vlas\u016f.<\/p>\n","protected":false},"excerpt":{"rendered":"<p>Olej ze semen kam\u00e9lie se tak\u00e9 naz\u00fdv\u00e1<strong> s tsubaki olejem<\/strong> . Z\u00edsk\u00e1v\u00e1 se z japonsk\u00e9 kam\u00e9lie, kter\u00e1 pat\u0159\u00ed mezi druhy \u010dajovn\u00edku. V Japonsku se pou\u017e\u00edv\u00e1 od 8. stolet\u00ed. V Evrop\u011b z\u00edskal popularitu p\u0159ed n\u011bkolika lety. Pou\u017e\u00edv\u00e1 se v kosmetice pro p\u00e9\u010di o poko\u017eku a vlasy.<\/p>\n","protected":false},"featured_media":35759,"template":"","meta":[],"product_brand":[],"product_cat":[625],"product_tag":[],"class_list":{"0":"post-12659","1":"product","2":"type-product","3":"status-publish","4":"has-post-thumbnail","6":"product_cat-jedle-a-kosmeticke-oleje","7":"pa_certyfikaty-cosmos-cs","9":"first","10":"instock","11":"shipping-taxable","12":"product-type-simple"},"yoast_head":"<!-- This site is optimized with the Yoast SEO plugin v27.4 - https:\/\/yoast.com\/product\/yoast-seo-wordpress\/ -->\n<title>Olej ze semene kam\u00e9lie - Velkoobchodn\u00ed distributor<\/title>\n<meta name=\"robots\" content=\"index, follow, max-snippet:-1, max-image-preview:large, max-video-preview:-1\" \/>\n<link rel=\"canonical\" href=\"https:\/\/naturalpoland.com\/cs\/produkty\/jedle-a-kosmeticke-oleje\/olej-z-kamelie\/\" \/>\n<meta property=\"og:locale\" content=\"cs_CZ\" \/>\n<meta property=\"og:type\" content=\"article\" \/>\n<meta property=\"og:title\" content=\"Olej ze semene kam\u00e9lie - Velkoobchodn\u00ed distributor\" \/>\n<meta property=\"og:description\" content=\"Olej ze semen kam\u00e9lie se tak\u00e9 naz\u00fdv\u00e1 s tsubaki olejem . Z\u00edsk\u00e1v\u00e1 se z japonsk\u00e9 kam\u00e9lie, kter\u00e1 pat\u0159\u00ed mezi druhy \u010dajovn\u00edku. V Japonsku se pou\u017e\u00edv\u00e1 od 8. stolet\u00ed. V Evrop\u011b z\u00edskal popularitu p\u0159ed n\u011bkolika lety. Pou\u017e\u00edv\u00e1 se v kosmetice pro p\u00e9\u010di o poko\u017eku a vlasy.\" \/>\n<meta property=\"og:url\" content=\"https:\/\/naturalpoland.com\/cs\/produkty\/jedle-a-kosmeticke-oleje\/olej-z-kamelie\/\" \/>\n<meta property=\"og:site_name\" content=\"NATURAL POLAND - Velkoobchodn\u00ed distributor surovin\" \/>\n<meta property=\"article:publisher\" content=\"https:\/\/www.facebook.com\/naturalpoland.b2b\" \/>\n<meta property=\"og:image\" content=\"https:\/\/naturalpoland.com\/wp-content\/uploads\/olej-z-nasion-kamelii.webp\" \/>\n\t<meta property=\"og:image:width\" content=\"619\" \/>\n\t<meta property=\"og:image:height\" content=\"619\" \/>\n\t<meta property=\"og:image:type\" content=\"image\/webp\" \/>\n<script type=\"application\/ld+json\" class=\"yoast-schema-graph\">{\"@context\":\"https:\\\/\\\/schema.org\",\"@graph\":[{\"@type\":\"WebPage\",\"@id\":\"https:\\\/\\\/naturalpoland.com\\\/cs\\\/produkty\\\/jedle-a-kosmeticke-oleje\\\/olej-z-kamelie\\\/\",\"url\":\"https:\\\/\\\/naturalpoland.com\\\/cs\\\/produkty\\\/jedle-a-kosmeticke-oleje\\\/olej-z-kamelie\\\/\",\"name\":\"Olej ze semene kam\u00e9lie - Velkoobchodn\u00ed distributor\",\"isPartOf\":{\"@id\":\"https:\\\/\\\/naturalpoland.com\\\/cs\\\/#website\"},\"primaryImageOfPage\":{\"@id\":\"https:\\\/\\\/naturalpoland.com\\\/cs\\\/produkty\\\/jedle-a-kosmeticke-oleje\\\/olej-z-kamelie\\\/#primaryimage\"},\"image\":{\"@id\":\"https:\\\/\\\/naturalpoland.com\\\/cs\\\/produkty\\\/jedle-a-kosmeticke-oleje\\\/olej-z-kamelie\\\/#primaryimage\"},\"thumbnailUrl\":\"https:\\\/\\\/naturalpoland.com\\\/wp-content\\\/uploads\\\/olej-z-nasion-kamelii.webp\",\"datePublished\":\"2021-09-21T13:05:29+00:00\",\"breadcrumb\":{\"@id\":\"https:\\\/\\\/naturalpoland.com\\\/cs\\\/produkty\\\/jedle-a-kosmeticke-oleje\\\/olej-z-kamelie\\\/#breadcrumb\"},\"inLanguage\":\"cs\",\"potentialAction\":[{\"@type\":\"ReadAction\",\"target\":[\"https:\\\/\\\/naturalpoland.com\\\/cs\\\/produkty\\\/jedle-a-kosmeticke-oleje\\\/olej-z-kamelie\\\/\"]}]},{\"@type\":\"ImageObject\",\"inLanguage\":\"cs\",\"@id\":\"https:\\\/\\\/naturalpoland.com\\\/cs\\\/produkty\\\/jedle-a-kosmeticke-oleje\\\/olej-z-kamelie\\\/#primaryimage\",\"url\":\"https:\\\/\\\/naturalpoland.com\\\/wp-content\\\/uploads\\\/olej-z-nasion-kamelii.webp\",\"contentUrl\":\"https:\\\/\\\/naturalpoland.com\\\/wp-content\\\/uploads\\\/olej-z-nasion-kamelii.webp\",\"width\":619,\"height\":619,\"caption\":\"olej z nasion kamelii\"},{\"@type\":\"BreadcrumbList\",\"@id\":\"https:\\\/\\\/naturalpoland.com\\\/cs\\\/produkty\\\/jedle-a-kosmeticke-oleje\\\/olej-z-kamelie\\\/#breadcrumb\",\"itemListElement\":[{\"@type\":\"ListItem\",\"position\":1,\"name\":\"Dom\u016f\",\"item\":\"https:\\\/\\\/naturalpoland.com\\\/cs\\\/\"},{\"@type\":\"ListItem\",\"position\":2,\"name\":\"Produkty\",\"item\":\"https:\\\/\\\/naturalpoland.com\\\/cs\\\/produkty\\\/\"},{\"@type\":\"ListItem\",\"position\":3,\"name\":\"Olej ze semene kam\u00e9lie\"}]},{\"@type\":\"WebSite\",\"@id\":\"https:\\\/\\\/naturalpoland.com\\\/cs\\\/#website\",\"url\":\"https:\\\/\\\/naturalpoland.com\\\/cs\\\/\",\"name\":\"NATURAL POLAND - Velkoobchodn\u00ed distributor surovin\",\"description\":\"Surowce dla przemys\u0142u spo\u017cywczego, kosmetycznego i farmaceutycznego\",\"publisher\":{\"@id\":\"https:\\\/\\\/naturalpoland.com\\\/cs\\\/#organization\"},\"potentialAction\":[{\"@type\":\"SearchAction\",\"target\":{\"@type\":\"EntryPoint\",\"urlTemplate\":\"https:\\\/\\\/naturalpoland.com\\\/cs\\\/?s={search_term_string}\"},\"query-input\":{\"@type\":\"PropertyValueSpecification\",\"valueRequired\":true,\"valueName\":\"search_term_string\"}}],\"inLanguage\":\"cs\"},{\"@type\":\"Organization\",\"@id\":\"https:\\\/\\\/naturalpoland.com\\\/cs\\\/#organization\",\"name\":\"Natural Poland\",\"url\":\"https:\\\/\\\/naturalpoland.com\\\/cs\\\/\",\"logo\":{\"@type\":\"ImageObject\",\"inLanguage\":\"cs\",\"@id\":\"https:\\\/\\\/naturalpoland.com\\\/cs\\\/#\\\/schema\\\/logo\\\/image\\\/\",\"url\":\"https:\\\/\\\/naturalpoland.com\\\/wp-content\\\/uploads\\\/2021\\\/05\\\/natural-poland-icon.png\",\"contentUrl\":\"https:\\\/\\\/naturalpoland.com\\\/wp-content\\\/uploads\\\/2021\\\/05\\\/natural-poland-icon.png\",\"width\":512,\"height\":512,\"caption\":\"Natural Poland\"},\"image\":{\"@id\":\"https:\\\/\\\/naturalpoland.com\\\/cs\\\/#\\\/schema\\\/logo\\\/image\\\/\"},\"sameAs\":[\"https:\\\/\\\/www.facebook.com\\\/naturalpoland.b2b\",\"https:\\\/\\\/pl.linkedin.com\\\/company\\\/natural-poland\",\"https:\\\/\\\/www.youtube.com\\\/channel\\\/UCgeGGkvOMahZo-xu_MSEWxg\"]}]}<\/script>\n<!-- \/ Yoast SEO plugin. -->","yoast_head_json":{"title":"Olej ze semene kam\u00e9lie - Velkoobchodn\u00ed distributor","robots":{"index":"index","follow":"follow","max-snippet":"max-snippet:-1","max-image-preview":"max-image-preview:large","max-video-preview":"max-video-preview:-1"},"canonical":"https:\/\/naturalpoland.com\/cs\/produkty\/jedle-a-kosmeticke-oleje\/olej-z-kamelie\/","og_locale":"cs_CZ","og_type":"article","og_title":"Olej ze semene kam\u00e9lie - Velkoobchodn\u00ed distributor","og_description":"Olej ze semen kam\u00e9lie se tak\u00e9 naz\u00fdv\u00e1 s tsubaki olejem . Z\u00edsk\u00e1v\u00e1 se z japonsk\u00e9 kam\u00e9lie, kter\u00e1 pat\u0159\u00ed mezi druhy \u010dajovn\u00edku. V Japonsku se pou\u017e\u00edv\u00e1 od 8. stolet\u00ed. V Evrop\u011b z\u00edskal popularitu p\u0159ed n\u011bkolika lety. Pou\u017e\u00edv\u00e1 se v kosmetice pro p\u00e9\u010di o poko\u017eku a vlasy.","og_url":"https:\/\/naturalpoland.com\/cs\/produkty\/jedle-a-kosmeticke-oleje\/olej-z-kamelie\/","og_site_name":"NATURAL POLAND - Velkoobchodn\u00ed distributor surovin","article_publisher":"https:\/\/www.facebook.com\/naturalpoland.b2b","og_image":[{"width":619,"height":619,"url":"https:\/\/naturalpoland.com\/wp-content\/uploads\/olej-z-nasion-kamelii.webp","type":"image\/webp"}],"schema":{"@context":"https:\/\/schema.org","@graph":[{"@type":"WebPage","@id":"https:\/\/naturalpoland.com\/cs\/produkty\/jedle-a-kosmeticke-oleje\/olej-z-kamelie\/","url":"https:\/\/naturalpoland.com\/cs\/produkty\/jedle-a-kosmeticke-oleje\/olej-z-kamelie\/","name":"Olej ze semene kam\u00e9lie - Velkoobchodn\u00ed distributor","isPartOf":{"@id":"https:\/\/naturalpoland.com\/cs\/#website"},"primaryImageOfPage":{"@id":"https:\/\/naturalpoland.com\/cs\/produkty\/jedle-a-kosmeticke-oleje\/olej-z-kamelie\/#primaryimage"},"image":{"@id":"https:\/\/naturalpoland.com\/cs\/produkty\/jedle-a-kosmeticke-oleje\/olej-z-kamelie\/#primaryimage"},"thumbnailUrl":"https:\/\/naturalpoland.com\/wp-content\/uploads\/olej-z-nasion-kamelii.webp","datePublished":"2021-09-21T13:05:29+00:00","breadcrumb":{"@id":"https:\/\/naturalpoland.com\/cs\/produkty\/jedle-a-kosmeticke-oleje\/olej-z-kamelie\/#breadcrumb"},"inLanguage":"cs","potentialAction":[{"@type":"ReadAction","target":["https:\/\/naturalpoland.com\/cs\/produkty\/jedle-a-kosmeticke-oleje\/olej-z-kamelie\/"]}]},{"@type":"ImageObject","inLanguage":"cs","@id":"https:\/\/naturalpoland.com\/cs\/produkty\/jedle-a-kosmeticke-oleje\/olej-z-kamelie\/#primaryimage","url":"https:\/\/naturalpoland.com\/wp-content\/uploads\/olej-z-nasion-kamelii.webp","contentUrl":"https:\/\/naturalpoland.com\/wp-content\/uploads\/olej-z-nasion-kamelii.webp","width":619,"height":619,"caption":"olej z nasion kamelii"},{"@type":"BreadcrumbList","@id":"https:\/\/naturalpoland.com\/cs\/produkty\/jedle-a-kosmeticke-oleje\/olej-z-kamelie\/#breadcrumb","itemListElement":[{"@type":"ListItem","position":1,"name":"Dom\u016f","item":"https:\/\/naturalpoland.com\/cs\/"},{"@type":"ListItem","position":2,"name":"Produkty","item":"https:\/\/naturalpoland.com\/cs\/produkty\/"},{"@type":"ListItem","position":3,"name":"Olej ze semene kam\u00e9lie"}]},{"@type":"WebSite","@id":"https:\/\/naturalpoland.com\/cs\/#website","url":"https:\/\/naturalpoland.com\/cs\/","name":"NATURAL POLAND - Velkoobchodn\u00ed distributor surovin","description":"Surowce dla przemys\u0142u spo\u017cywczego, kosmetycznego i farmaceutycznego","publisher":{"@id":"https:\/\/naturalpoland.com\/cs\/#organization"},"potentialAction":[{"@type":"SearchAction","target":{"@type":"EntryPoint","urlTemplate":"https:\/\/naturalpoland.com\/cs\/?s={search_term_string}"},"query-input":{"@type":"PropertyValueSpecification","valueRequired":true,"valueName":"search_term_string"}}],"inLanguage":"cs"},{"@type":"Organization","@id":"https:\/\/naturalpoland.com\/cs\/#organization","name":"Natural Poland","url":"https:\/\/naturalpoland.com\/cs\/","logo":{"@type":"ImageObject","inLanguage":"cs","@id":"https:\/\/naturalpoland.com\/cs\/#\/schema\/logo\/image\/","url":"https:\/\/naturalpoland.com\/wp-content\/uploads\/2021\/05\/natural-poland-icon.png","contentUrl":"https:\/\/naturalpoland.com\/wp-content\/uploads\/2021\/05\/natural-poland-icon.png","width":512,"height":512,"caption":"Natural Poland"},"image":{"@id":"https:\/\/naturalpoland.com\/cs\/#\/schema\/logo\/image\/"},"sameAs":["https:\/\/www.facebook.com\/naturalpoland.b2b","https:\/\/pl.linkedin.com\/company\/natural-poland","https:\/\/www.youtube.com\/channel\/UCgeGGkvOMahZo-xu_MSEWxg"]}]}},"_links":{"self":[{"href":"https:\/\/naturalpoland.com\/cs\/wp-json\/wp\/v2\/product\/12659","targetHints":{"allow":["GET"]}}],"collection":[{"href":"https:\/\/naturalpoland.com\/cs\/wp-json\/wp\/v2\/product"}],"about":[{"href":"https:\/\/naturalpoland.com\/cs\/wp-json\/wp\/v2\/types\/product"}],"wp:featuredmedia":[{"embeddable":true,"href":"https:\/\/naturalpoland.com\/cs\/wp-json\/wp\/v2\/media\/35759"}],"wp:attachment":[{"href":"https:\/\/naturalpoland.com\/cs\/wp-json\/wp\/v2\/media?parent=12659"}],"wp:term":[{"taxonomy":"product_brand","embeddable":true,"href":"https:\/\/naturalpoland.com\/cs\/wp-json\/wp\/v2\/product_brand?post=12659"},{"taxonomy":"product_cat","embeddable":true,"href":"https:\/\/naturalpoland.com\/cs\/wp-json\/wp\/v2\/product_cat?post=12659"},{"taxonomy":"product_tag","embeddable":true,"href":"https:\/\/naturalpoland.com\/cs\/wp-json\/wp\/v2\/product_tag?post=12659"}],"curies":[{"name":"wp","href":"https:\/\/api.w.org\/{rel}","templated":true}]}}