{"id":12685,"date":"2021-05-11T13:50:56","date_gmt":"2021-09-21T13:05:54","guid":{"rendered":"https:\/\/naturalpoland.pl\/produkty\/nezarazene\/olej-z-mrkvovych-semen\/"},"modified":"2023-07-14T11:19:15","modified_gmt":"2023-07-14T09:19:15","slug":"mrkvovy-olej","status":"publish","type":"product","link":"https:\/\/naturalpoland.com\/cs\/produkty\/produkty-pro-potravinarsky-prumysl\/jedle-oleje\/mrkvovy-olej\/","title":{"rendered":"Olej z mrkvov\u00fdch semen"},"content":{"rendered":"<h3>Obsah mastn\u00fdch kyselin<\/h3>\n<table>\n<tbody>\n<tr>\n<th>N\u00c1ZEV KYSELINY<\/th>\n<th>C-\u0158ET\u011aZ<\/th>\n<th>ROZSAH (%)<\/th>\n<th>V\u00ddSLEDN\u00c1 METODA: PB-191\/LF<\/th>\n<\/tr>\n<tr>\n<td>PALMITICK\u00dd<\/td>\n<td>C16:0<\/td>\n<td>3,0-7,0<\/td>\n<td>4,5<\/td>\n<\/tr>\n<tr>\n<td>STEARIC<\/td>\n<td>C18:0<\/td>\n<td>0,05-4,0<\/td>\n<td>0,7<\/td>\n<\/tr>\n<tr>\n<td>OLEIC<\/td>\n<td>C18:1<\/td>\n<td>73,0-85,0<\/td>\n<td>79,9<\/td>\n<\/tr>\n<tr>\n<td>LINOLEKOV\u00c9<\/td>\n<td>C18: 2<\/td>\n<td>5,0-15,0<\/td>\n<td>10,3<\/td>\n<\/tr>\n<tr>\n<td>LINOLENICK\u00c1<\/td>\n<td>C18: 3<\/td>\n<td>0,0-1,0<\/td>\n<td>0,6<\/td>\n<\/tr>\n<\/tbody>\n<\/table>\n<p>Doporu\u010duje se pro r\u016fzn\u00e9 typy pleti, v\u010detn\u011b such\u00e9, norm\u00e1ln\u00ed nebo zral\u00e9 k\u016f\u017ee. M\u00e1 nazelenalou barvu a bylinnou a ko\u0159enitou v\u016fni. Lze jej pou\u017e\u00edt p\u0159\u00edmo na poko\u017eku, kone\u010dky vlas\u016f nebo jako s\u00e9rum na nehty. Je to velmi \u00fasporn\u00fd produkt. Pouh\u00fdch p\u00e1r kapek pou\u017e\u00edvan\u00fdch pravideln\u011b pro ka\u017edodenn\u00ed p\u00e9\u010di m\u016f\u017ee p\u0159in\u00e9st po\u017eadovan\u00fd efekt. Lze jej pou\u017e\u00edvat s dal\u0161\u00edmi oleji a kosmetikou pro p\u00e9\u010di o ple\u0165, kterou pou\u017e\u00edv\u00e1te ka\u017ed\u00fd den.     <\/p>\n<p>&nbsp;<\/p>\n<h2 class=\"entry-title\"><strong>Jak\u00e9 \u00fa\u010dinky m\u00e1 pou\u017e\u00edv\u00e1n\u00ed oleje z mrkvov\u00fdch semen<\/strong><\/h2>\n<p>Olej ze semen mrkve (latinsky <em>dacus carota<\/em>) z\u00edsk\u00e1v\u00e1 st\u00e1le v\u011bt\u0161\u00ed uzn\u00e1n\u00ed. Slo\u017eky, kter\u00e9 obsahuje, maj\u00ed celou \u0159adu zdrav\u00ed prosp\u011b\u0161n\u00fdch \u00fa\u010dink\u016f, v\u010detn\u011b pos\u00edlen\u00ed stavu poko\u017eky a vlas\u016f. V\u00fdhod oleje je samoz\u0159ejm\u011b mnohem v\u00edce. Pro\u010d jej pou\u017e\u00edvat a jak\u00fdch v\u00fdsledk\u016f lze dos\u00e1hnout po del\u0161\u00ed l\u00e9\u010db\u011b?    <\/p>\n<h3 class=\"wp-block-heading\"><strong>Co p\u0159esn\u011b je olej z divok\u00e9 mrkve?<\/strong><\/h3>\n<p><a href=\"\">Olej z mrkvov\u00fdch semen<\/a> se vyr\u00e1b\u00ed p\u0159i lisov\u00e1n\u00ed mrkvov\u00fdch semen za studena. Obvykle se jedn\u00e1 o druh macer\u00e1tu na b\u00e1zi slune\u010dnicov\u00e9ho oleje, kter\u00fd je\u0161t\u011b v\u00edce zd\u016fraz\u0148uje zdrav\u00ed prosp\u011b\u0161n\u00e9 \u00fa\u010dinky oleje. Je t\u011b\u017ek\u00e9 ji nepoznat, proto\u017ee von\u00ed zaj\u00edmav\u011b &#8211; zemit\u011b &#8211; a m\u00e1 intenzivn\u00ed oran\u017eovou barvu. D\u016fle\u017eit\u00e9 je tak\u00e9 v\u011bd\u011bt, \u017ee n\u011bkdy se olej dod\u00e1v\u00e1 ve sv\u011btle \u017elut\u00e9 barv\u011b.   <\/p>\n<h3 class=\"wp-block-heading\"><strong>Co obsahuje mrkvov\u00fd olej?<\/strong><\/h3>\n<p>Mrkvov\u00fd olej obsahuje mno\u017estv\u00ed t\u011blu prosp\u011b\u0161n\u00fdch l\u00e1tek. V\u00fdrazn\u00e1 oran\u017eov\u00e1 barva sama o sob\u011b sv\u011bd\u010d\u00ed o vysok\u00e9m obsahu beta karotenu v mrkvov\u00e9m oleji. Obsahuje tak\u00e9 velk\u00e9 mno\u017estv\u00ed mastn\u00fdch kyselin v\u010detn\u011b kyseliny stearov\u00e9 a linolov\u00e9 a vysok\u00e9 mno\u017estv\u00ed antioxidant\u016f. N\u00ed\u017ee uv\u00e1d\u00edme n\u011bkter\u00e9 z nejd\u016fle\u017eit\u011bj\u0161\u00edch slo\u017eek, kter\u00e9 jsou obsa\u017eeny v mrkvov\u00e9m oleji.    <\/p>\n<p><strong><a href=\"https:\/\/naturalpoland.pl\/produkty\/produkty-dla-przemyslu-farmaceutycznego-i-medycznego\/witaminy\/beta-karoten-100-naturalny\/\">Karoten<\/a> (provitamin A)<\/strong> &#8211; je mimo\u0159\u00e1dn\u011b d\u016fle\u017eit\u00e1 l\u00e1tka (rostlinn\u00e9 barvivo), kter\u00e1 je zodpov\u011bdn\u00e1 za tvorbu vitaminu A. Funguje dob\u0159e jako ochrana proti slune\u010dn\u00edmu z\u00e1\u0159en\u00ed a m\u00e1 zklid\u0148uj\u00edc\u00ed \u00fa\u010dinek na poko\u017eku po opalov\u00e1n\u00ed. Beta karoten je velmi dobr\u00fd antioxidant, kter\u00fd p\u016fsob\u00ed jako antioxidant a zpomaluje proces st\u00e1rnut\u00ed. Vyrovn\u00e1v\u00e1 t\u00f3n pleti, chr\u00e1n\u00ed p\u0159ed hyperpigmentac\u00ed a p\u016fsob\u00ed protiz\u00e1n\u011btliv\u011b. Podporuje tak\u00e9 org\u00e1n zraku, v\u010detn\u011b sn\u00ed\u017een\u00ed mo\u017enosti vzniku makul\u00e1rn\u00ed degenerace.    <\/p>\n<p><strong>Vitam\u00edn A<\/strong> &#8211; je tak\u00e9 velmi dobr\u00fdm antioxidantem. Prosp\u00edv\u00e1 poko\u017ece, vlas\u016fm a neht\u016fm a zpomaluje proces st\u00e1rnut\u00ed. Posiluje odolnost organismu, pod\u00edl\u00ed se na tvorb\u011b \u010derven\u00fdch krvinek a m\u00e1 v\u00fdznamn\u00fd vliv na procesy vid\u011bn\u00ed. Krom\u011b toho podporuje t\u011blo v boji proti bakteri\u00edm a vir\u016fm.   <\/p>\n<p><strong>Vitam\u00edn B<\/strong> &#8211; mimo\u0159\u00e1dn\u011b cenn\u00fd pro funkci mozku a celkov\u011b dobr\u00e9 fungov\u00e1n\u00ed nervov\u00e9ho syst\u00e9mu. Vitam\u00edny skupiny B maj\u00ed tak\u00e9 mnoho dal\u0161\u00edch \u00fakol\u016f, v\u010detn\u011b podpory c\u00e9vn\u00edho syst\u00e9mu, srdce, k\u016f\u017ee a sval\u016f. P\u0159isp\u00edvaj\u00ed tak\u00e9 k l\u00e1tkov\u00e9 v\u00fdm\u011bn\u011b a maj\u00ed p\u0159\u00edzniv\u00fd vliv na pam\u011b\u0165 a koncentraci. V souhrnu je to takov\u00fd vitam\u00edn pro pozitivn\u00ed energii a dobrou n\u00e1ladu.    <\/p>\n<p><strong>Vitam\u00edn C<\/strong> tento vitam\u00edn asi nen\u00ed t\u0159eba p\u0159edstavovat. Jeho \u00fakolem je podporovat imunitn\u00ed syst\u00e9m a napom\u00e1hat procesu hojen\u00ed. Krom\u011b toho tento vitam\u00edn zpomaluje proces st\u00e1rnut\u00ed. Pod\u00edl\u00ed se na synt\u00e9ze kolagenu, usnad\u0148uje vst\u0159eb\u00e1v\u00e1n\u00ed \u017eeleza a aktivuje mnoho enzym\u016f. M\u00e1 tak\u00e9 pozitivn\u00ed vliv na psychiku. Je tak\u00e9 cen\u011bn\u00fd ve stomatologii, proto\u017ee chr\u00e1n\u00ed zuby a d\u00e1sn\u011b p\u0159ed zubn\u00edm kazem. D\u00edky vitam\u00ednu C se r\u00e1ny hoj\u00ed rychleji.      <\/p>\n<p><strong>Vitam\u00edn F<\/strong> &#8211; hojn\u011b pou\u017e\u00edvan\u00fd v kosmetice a nep\u0159\u00edli\u0161 zn\u00e1m\u00fd vitamin F m\u00e1 mnoho v\u00fdhod. Ovliv\u0148uje stav poko\u017eky vlas\u016f a neht\u016f. Reguluje vylu\u010dov\u00e1n\u00ed ko\u017en\u00edho mazu a odstra\u0148uje akn\u00e9. Zaji\u0161\u0165uje spr\u00e1vnou \u00farove\u0148 vlhkosti v poko\u017ece a zpomaluje proces st\u00e1rnut\u00ed. Jeho pou\u017eit\u00ed je zn\u00e1m\u00e9 i v medic\u00edn\u011b. Vitam\u00edn F reguluje krevn\u00ed ob\u011bh a pom\u00e1h\u00e1 p\u0159i l\u00e9\u010db\u011b alergi\u00ed, revmatismu a roztrou\u0161en\u00e9 skler\u00f3zy. Podporuje tak\u00e9 nervov\u00fd a imunitn\u00ed syst\u00e9m.      <\/p>\n<p><strong><a href=\"https:\/\/naturalpoland.pl\/produkty\/produkty-dla-przemyslu-kosmetycznego\/surowce-kosmetyczne\/witamina-e\/\">Vitam\u00edn E<\/a><\/strong> &#8211; je to vitam\u00edn ml\u00e1d\u00ed a plodnosti (jak je b\u011b\u017en\u011b ozna\u010dov\u00e1n). Podporuje imunitn\u00ed syst\u00e9m a je velmi dobr\u00fdm antioxidantem. Sni\u017euje hladinu \u0161patn\u00e9ho cholesterolu a zabra\u0148uje vzniku aterosklerotick\u00fdch l\u00e9z\u00ed. Chr\u00e1n\u00ed \u010derven\u00e9 krvinky p\u0159ed p\u0159ed\u010dasn\u00fdm rozpadem. Zpomaluje proces st\u00e1rnut\u00ed pleti, zabra\u0148uje jej\u00edmu vysu\u0161ov\u00e1n\u00ed a z\u00e1rove\u0148 ji vyhlazuje. Vitamin E tak\u00e9 podporuje proces vid\u011bn\u00ed.     <\/p>\n<h3 class=\"wp-block-heading\"><strong>Olej z mrkvov\u00fdch sem\u00ednek zpomaluje st\u00e1rnut\u00ed pleti (a nejen to)<\/strong><\/h3>\n<p>D\u00edky mnoha antioxida\u010dn\u00edm slo\u017ek\u00e1m obsa\u017een\u00fdm v mrkvov\u00e9m oleji m\u00e1 velmi dobr\u00fd vliv na zdrav\u00ed poko\u017eky. Vyhlazuje ji, chr\u00e1n\u00ed ji p\u0159ed vysou\u0161en\u00edm a atmosf\u00e9rick\u00fdmi vlivy, jako je v\u00edtr a slunce. Mrkvov\u00fd olej stimuluje r\u016fst bun\u011bk, tak\u017ee ple\u0165 oml\u00e1dne a vypad\u00e1 z\u00e1\u0159iv\u011b. Je tak\u00e9 pevn\u011bj\u0161\u00ed a pru\u017en\u011bj\u0161\u00ed a redukuj\u00ed se na n\u00ed viditeln\u00e9 vr\u00e1sky.   <\/p>\n<h3 class=\"wp-block-heading\"><strong>Mrkvov\u00fd balz\u00e1m na ko\u017en\u00ed probl\u00e9my<\/strong><\/h3>\n<p>Mrkvov\u00fd olej m\u00e1 tak\u00e9 antiseptick\u00e9, protiz\u00e1n\u011btliv\u00e9 a protivirov\u00e9 \u00fa\u010dinky, proto se pou\u017e\u00edv\u00e1 k l\u00e9\u010db\u011b ko\u017en\u00edch onemocn\u011bn\u00ed. Zejm\u00e9na lup\u00e9nky, akn\u00e9 a atopie, ekz\u00e9m\u016f, jizev a hyperpigmentace. Mrkvov\u00fd olej se pou\u017e\u00edv\u00e1 tak\u00e9 na poko\u017eku vy\u017eaduj\u00edc\u00ed zvl\u00e1\u0161tn\u00ed p\u00e9\u010di, nap\u0159. p\u0159i ekz\u00e9mech nebo roz\u0161\u00ed\u0159en\u00fdch kapil\u00e1r\u00e1ch. Krom\u011b toho zklid\u0148uje a regeneruje poko\u017eku po intenzivn\u00edm opalov\u00e1n\u00ed.   <\/p>\n<h3 class=\"wp-block-heading\"><strong>Antibakteri\u00e1ln\u00ed a protiz\u00e1n\u011btliv\u00e9 \u00fa\u010dinky<\/strong><\/h3>\n<p>Mrkvov\u00fd olej se pou\u017e\u00edv\u00e1 i vnit\u0159n\u011b. D\u00edky sv\u00fdm protiz\u00e1n\u011btliv\u00fdm, antiseptick\u00fdm a antibakteri\u00e1ln\u00edm vlastnostem se pou\u017e\u00edv\u00e1 p\u0159i boji se z\u00e1n\u011bty v t\u011ble, jako je nachlazen\u00ed, z\u00e1n\u011bt hltanu a ch\u0159ipka. Olej pom\u00e1h\u00e1 p\u0159i ka\u0161li a alergick\u00e9 r\u00fdm\u011b. Zklid\u0148uje otoky, odstra\u0148uje hlen a \u010dist\u00ed choroboplodn\u00e9 z\u00e1rodky.   <\/p>\n<h3 class=\"wp-block-heading\"><strong>P\u0159\u00edzniv\u00e9 \u00fa\u010dinky na vlasy<\/strong><\/h3>\n<p>Mrkvov\u00fd olej je velmi u\u017eite\u010dn\u00fd pro p\u00e9\u010di o vlasy. Zejm\u00e9na ty se \u0161patnou kondic\u00ed &#8211; k\u0159ehk\u00e9, slab\u00e9 s rozt\u0159epen\u00fdmi kone\u010dky je t\u0159eba \u0159\u00e1dn\u011b hydratovat olejem. Vlasy o\u0161et\u0159en\u00e9 olejem jsou siln\u011bj\u0161\u00ed a l\u00e9pe se roz\u010des\u00e1vaj\u00ed. Z\u00edsk\u00e1vaj\u00ed lesk d\u00edky solidn\u00ed regeneraci cibulek Nejen vlasy, ale i poko\u017eka hlavy jsou \u0159\u00e1dn\u011b hydratovan\u00e9 a vy\u010di\u0161t\u011bn\u00e9.    <\/p>\n<h3 class=\"wp-block-heading\"><strong>D\u00e1vkov\u00e1n\u00ed a pou\u017eit\u00ed<\/strong><\/h3>\n<p>Mrkvov\u00fd olej lze zevn\u011b aplikovat r\u016fzn\u00fdmi zp\u016fsoby. Jeho velkou v\u00fdhodou je, \u017ee se velmi dob\u0159e vst\u0159eb\u00e1v\u00e1, tak\u017ee olej nezanech\u00e1v\u00e1 na poko\u017ece mastn\u00fd film. Pokud jej nanesete po koupeli, bude p\u016fsobit jako ple\u0165ov\u00e1 voda, kter\u00e1 poko\u017eku dob\u0159e hydratuje a dod\u00e1v\u00e1 j\u00ed pru\u017enost.  <\/p>\n<p>Mrkvov\u00fd olej se pou\u017e\u00edv\u00e1 tak\u00e9 v aromaterapii. N\u011bkolik kapek oleje m\u016f\u017eete p\u0159idat do koupele, abyste podpo\u0159ili svou poko\u017eku a dop\u0159\u00e1li si po\u0159\u00e1dnou d\u00e1vku relaxace. <\/p>\n<div class=\"blog-share text-center\"><\/div>\n","protected":false},"excerpt":{"rendered":"<p>Olej z mrkvov\u00fdch sem\u00ednek (<em>Daucus Carota Sativa Seed Oil<\/em>) se vyr\u00e1b\u00ed lisov\u00e1n\u00edm za studena. Je to produkt, kter\u00fd zpomaluje \u00fa\u010dinky st\u00e1rnut\u00ed k\u016f\u017ee, revitalizuje a zpev\u0148uje. <\/p>\n","protected":false},"featured_media":13569,"template":"","meta":{"_acf_changed":false},"product_brand":[],"product_cat":[625,640,636],"product_tag":[],"class_list":{"0":"post-12685","1":"product","2":"type-product","3":"status-publish","4":"has-post-thumbnail","6":"product_cat-jedle-a-kosmeticke-oleje","7":"product_cat-jedle-oleje","8":"product_cat-kosmeticke-oleje","10":"first","11":"instock","12":"shipping-taxable","13":"product-type-simple"},"acf":[],"yoast_head":"<!-- This site is optimized with the Yoast SEO plugin v27.5 - https:\/\/yoast.com\/product\/yoast-seo-wordpress\/ -->\n<title>Olej z mrkvov\u00fdch semen - Velkoobchodn\u00ed distributor<\/title>\n<meta name=\"description\" content=\"Olej z mrkvov\u00fdch sem\u00ednek (Daucus Carota Sativa Seed Oil) se vyr\u00e1b\u00ed lisov\u00e1n\u00edm za studena. Je to produkt, kter\u00fd zpomaluje \u00fa\u010dinky st\u00e1rnut\u00ed k\u016f\u017ee.\" \/>\n<meta name=\"robots\" content=\"index, follow, max-snippet:-1, max-image-preview:large, max-video-preview:-1\" \/>\n<link rel=\"canonical\" href=\"https:\/\/naturalpoland.com\/cs\/produkty\/produkty-pro-potravinarsky-prumysl\/jedle-oleje\/mrkvovy-olej\/\" \/>\n<meta property=\"og:locale\" content=\"cs_CZ\" \/>\n<meta property=\"og:type\" content=\"article\" \/>\n<meta property=\"og:title\" content=\"Olej z mrkvov\u00fdch semen - Velkoobchodn\u00ed distributor\" \/>\n<meta property=\"og:description\" content=\"Olej z mrkvov\u00fdch sem\u00ednek (Daucus Carota Sativa Seed Oil) se vyr\u00e1b\u00ed lisov\u00e1n\u00edm za studena. Je to produkt, kter\u00fd zpomaluje \u00fa\u010dinky st\u00e1rnut\u00ed k\u016f\u017ee.\" \/>\n<meta property=\"og:url\" content=\"https:\/\/naturalpoland.com\/cs\/produkty\/produkty-pro-potravinarsky-prumysl\/jedle-oleje\/mrkvovy-olej\/\" \/>\n<meta property=\"og:site_name\" content=\"NATURAL POLAND - Velkoobchodn\u00ed distributor surovin\" \/>\n<meta property=\"article:publisher\" content=\"https:\/\/www.facebook.com\/naturalpoland.b2b\" \/>\n<meta property=\"article:modified_time\" content=\"2023-07-14T09:19:15+00:00\" \/>\n<meta property=\"og:image\" content=\"https:\/\/naturalpoland.com\/wp-content\/uploads\/olej-z-nasion-marchwi-1.jpg\" \/>\n\t<meta property=\"og:image:width\" content=\"650\" \/>\n\t<meta property=\"og:image:height\" content=\"650\" \/>\n\t<meta property=\"og:image:type\" content=\"image\/jpeg\" \/>\n<script type=\"application\/ld+json\" class=\"yoast-schema-graph\">{\"@context\":\"https:\\\/\\\/schema.org\",\"@graph\":[{\"@type\":\"WebPage\",\"@id\":\"https:\\\/\\\/naturalpoland.com\\\/cs\\\/produkty\\\/produkty-pro-potravinarsky-prumysl\\\/jedle-oleje\\\/mrkvovy-olej\\\/\",\"url\":\"https:\\\/\\\/naturalpoland.com\\\/cs\\\/produkty\\\/produkty-pro-potravinarsky-prumysl\\\/jedle-oleje\\\/mrkvovy-olej\\\/\",\"name\":\"Olej z mrkvov\u00fdch semen - Velkoobchodn\u00ed distributor\",\"isPartOf\":{\"@id\":\"https:\\\/\\\/naturalpoland.com\\\/cs\\\/#website\"},\"primaryImageOfPage\":{\"@id\":\"https:\\\/\\\/naturalpoland.com\\\/cs\\\/produkty\\\/produkty-pro-potravinarsky-prumysl\\\/jedle-oleje\\\/mrkvovy-olej\\\/#primaryimage\"},\"image\":{\"@id\":\"https:\\\/\\\/naturalpoland.com\\\/cs\\\/produkty\\\/produkty-pro-potravinarsky-prumysl\\\/jedle-oleje\\\/mrkvovy-olej\\\/#primaryimage\"},\"thumbnailUrl\":\"https:\\\/\\\/naturalpoland.com\\\/wp-content\\\/uploads\\\/olej-z-nasion-marchwi-1.jpg\",\"datePublished\":\"2021-09-21T13:05:54+00:00\",\"dateModified\":\"2023-07-14T09:19:15+00:00\",\"description\":\"Olej z mrkvov\u00fdch sem\u00ednek (Daucus Carota Sativa Seed Oil) se vyr\u00e1b\u00ed lisov\u00e1n\u00edm za studena. Je to produkt, kter\u00fd zpomaluje \u00fa\u010dinky st\u00e1rnut\u00ed k\u016f\u017ee.\",\"breadcrumb\":{\"@id\":\"https:\\\/\\\/naturalpoland.com\\\/cs\\\/produkty\\\/produkty-pro-potravinarsky-prumysl\\\/jedle-oleje\\\/mrkvovy-olej\\\/#breadcrumb\"},\"inLanguage\":\"cs\",\"potentialAction\":[{\"@type\":\"ReadAction\",\"target\":[\"https:\\\/\\\/naturalpoland.com\\\/cs\\\/produkty\\\/produkty-pro-potravinarsky-prumysl\\\/jedle-oleje\\\/mrkvovy-olej\\\/\"]}]},{\"@type\":\"ImageObject\",\"inLanguage\":\"cs\",\"@id\":\"https:\\\/\\\/naturalpoland.com\\\/cs\\\/produkty\\\/produkty-pro-potravinarsky-prumysl\\\/jedle-oleje\\\/mrkvovy-olej\\\/#primaryimage\",\"url\":\"https:\\\/\\\/naturalpoland.com\\\/wp-content\\\/uploads\\\/olej-z-nasion-marchwi-1.jpg\",\"contentUrl\":\"https:\\\/\\\/naturalpoland.com\\\/wp-content\\\/uploads\\\/olej-z-nasion-marchwi-1.jpg\",\"width\":650,\"height\":650,\"caption\":\"Olej z mrkvov\u00fdch semen\"},{\"@type\":\"BreadcrumbList\",\"@id\":\"https:\\\/\\\/naturalpoland.com\\\/cs\\\/produkty\\\/produkty-pro-potravinarsky-prumysl\\\/jedle-oleje\\\/mrkvovy-olej\\\/#breadcrumb\",\"itemListElement\":[{\"@type\":\"ListItem\",\"position\":1,\"name\":\"Dom\u016f\",\"item\":\"https:\\\/\\\/naturalpoland.com\\\/cs\\\/\"},{\"@type\":\"ListItem\",\"position\":2,\"name\":\"Produkty\",\"item\":\"https:\\\/\\\/naturalpoland.com\\\/cs\\\/produkty\\\/\"},{\"@type\":\"ListItem\",\"position\":3,\"name\":\"Olej z mrkvov\u00fdch semen\"}]},{\"@type\":\"WebSite\",\"@id\":\"https:\\\/\\\/naturalpoland.com\\\/cs\\\/#website\",\"url\":\"https:\\\/\\\/naturalpoland.com\\\/cs\\\/\",\"name\":\"NATURAL POLAND - Velkoobchodn\u00ed distributor surovin\",\"description\":\"Surowce dla przemys\u0142u spo\u017cywczego, kosmetycznego i farmaceutycznego\",\"publisher\":{\"@id\":\"https:\\\/\\\/naturalpoland.com\\\/cs\\\/#organization\"},\"potentialAction\":[{\"@type\":\"SearchAction\",\"target\":{\"@type\":\"EntryPoint\",\"urlTemplate\":\"https:\\\/\\\/naturalpoland.com\\\/cs\\\/?s={search_term_string}\"},\"query-input\":{\"@type\":\"PropertyValueSpecification\",\"valueRequired\":true,\"valueName\":\"search_term_string\"}}],\"inLanguage\":\"cs\"},{\"@type\":\"Organization\",\"@id\":\"https:\\\/\\\/naturalpoland.com\\\/cs\\\/#organization\",\"name\":\"Natural Poland\",\"url\":\"https:\\\/\\\/naturalpoland.com\\\/cs\\\/\",\"logo\":{\"@type\":\"ImageObject\",\"inLanguage\":\"cs\",\"@id\":\"https:\\\/\\\/naturalpoland.com\\\/cs\\\/#\\\/schema\\\/logo\\\/image\\\/\",\"url\":\"https:\\\/\\\/naturalpoland.com\\\/wp-content\\\/uploads\\\/2021\\\/05\\\/natural-poland-icon.png\",\"contentUrl\":\"https:\\\/\\\/naturalpoland.com\\\/wp-content\\\/uploads\\\/2021\\\/05\\\/natural-poland-icon.png\",\"width\":512,\"height\":512,\"caption\":\"Natural Poland\"},\"image\":{\"@id\":\"https:\\\/\\\/naturalpoland.com\\\/cs\\\/#\\\/schema\\\/logo\\\/image\\\/\"},\"sameAs\":[\"https:\\\/\\\/www.facebook.com\\\/naturalpoland.b2b\",\"https:\\\/\\\/pl.linkedin.com\\\/company\\\/natural-poland\",\"https:\\\/\\\/www.youtube.com\\\/channel\\\/UCgeGGkvOMahZo-xu_MSEWxg\"]}]}<\/script>\n<!-- \/ Yoast SEO plugin. -->","yoast_head_json":{"title":"Olej z mrkvov\u00fdch semen - Velkoobchodn\u00ed distributor","description":"Olej z mrkvov\u00fdch sem\u00ednek (Daucus Carota Sativa Seed Oil) se vyr\u00e1b\u00ed lisov\u00e1n\u00edm za studena. Je to produkt, kter\u00fd zpomaluje \u00fa\u010dinky st\u00e1rnut\u00ed k\u016f\u017ee.","robots":{"index":"index","follow":"follow","max-snippet":"max-snippet:-1","max-image-preview":"max-image-preview:large","max-video-preview":"max-video-preview:-1"},"canonical":"https:\/\/naturalpoland.com\/cs\/produkty\/produkty-pro-potravinarsky-prumysl\/jedle-oleje\/mrkvovy-olej\/","og_locale":"cs_CZ","og_type":"article","og_title":"Olej z mrkvov\u00fdch semen - Velkoobchodn\u00ed distributor","og_description":"Olej z mrkvov\u00fdch sem\u00ednek (Daucus Carota Sativa Seed Oil) se vyr\u00e1b\u00ed lisov\u00e1n\u00edm za studena. Je to produkt, kter\u00fd zpomaluje \u00fa\u010dinky st\u00e1rnut\u00ed k\u016f\u017ee.","og_url":"https:\/\/naturalpoland.com\/cs\/produkty\/produkty-pro-potravinarsky-prumysl\/jedle-oleje\/mrkvovy-olej\/","og_site_name":"NATURAL POLAND - Velkoobchodn\u00ed distributor surovin","article_publisher":"https:\/\/www.facebook.com\/naturalpoland.b2b","article_modified_time":"2023-07-14T09:19:15+00:00","og_image":[{"width":650,"height":650,"url":"https:\/\/naturalpoland.com\/wp-content\/uploads\/olej-z-nasion-marchwi-1.jpg","type":"image\/jpeg"}],"schema":{"@context":"https:\/\/schema.org","@graph":[{"@type":"WebPage","@id":"https:\/\/naturalpoland.com\/cs\/produkty\/produkty-pro-potravinarsky-prumysl\/jedle-oleje\/mrkvovy-olej\/","url":"https:\/\/naturalpoland.com\/cs\/produkty\/produkty-pro-potravinarsky-prumysl\/jedle-oleje\/mrkvovy-olej\/","name":"Olej z mrkvov\u00fdch semen - Velkoobchodn\u00ed distributor","isPartOf":{"@id":"https:\/\/naturalpoland.com\/cs\/#website"},"primaryImageOfPage":{"@id":"https:\/\/naturalpoland.com\/cs\/produkty\/produkty-pro-potravinarsky-prumysl\/jedle-oleje\/mrkvovy-olej\/#primaryimage"},"image":{"@id":"https:\/\/naturalpoland.com\/cs\/produkty\/produkty-pro-potravinarsky-prumysl\/jedle-oleje\/mrkvovy-olej\/#primaryimage"},"thumbnailUrl":"https:\/\/naturalpoland.com\/wp-content\/uploads\/olej-z-nasion-marchwi-1.jpg","datePublished":"2021-09-21T13:05:54+00:00","dateModified":"2023-07-14T09:19:15+00:00","description":"Olej z mrkvov\u00fdch sem\u00ednek (Daucus Carota Sativa Seed Oil) se vyr\u00e1b\u00ed lisov\u00e1n\u00edm za studena. Je to produkt, kter\u00fd zpomaluje \u00fa\u010dinky st\u00e1rnut\u00ed k\u016f\u017ee.","breadcrumb":{"@id":"https:\/\/naturalpoland.com\/cs\/produkty\/produkty-pro-potravinarsky-prumysl\/jedle-oleje\/mrkvovy-olej\/#breadcrumb"},"inLanguage":"cs","potentialAction":[{"@type":"ReadAction","target":["https:\/\/naturalpoland.com\/cs\/produkty\/produkty-pro-potravinarsky-prumysl\/jedle-oleje\/mrkvovy-olej\/"]}]},{"@type":"ImageObject","inLanguage":"cs","@id":"https:\/\/naturalpoland.com\/cs\/produkty\/produkty-pro-potravinarsky-prumysl\/jedle-oleje\/mrkvovy-olej\/#primaryimage","url":"https:\/\/naturalpoland.com\/wp-content\/uploads\/olej-z-nasion-marchwi-1.jpg","contentUrl":"https:\/\/naturalpoland.com\/wp-content\/uploads\/olej-z-nasion-marchwi-1.jpg","width":650,"height":650,"caption":"Olej z mrkvov\u00fdch semen"},{"@type":"BreadcrumbList","@id":"https:\/\/naturalpoland.com\/cs\/produkty\/produkty-pro-potravinarsky-prumysl\/jedle-oleje\/mrkvovy-olej\/#breadcrumb","itemListElement":[{"@type":"ListItem","position":1,"name":"Dom\u016f","item":"https:\/\/naturalpoland.com\/cs\/"},{"@type":"ListItem","position":2,"name":"Produkty","item":"https:\/\/naturalpoland.com\/cs\/produkty\/"},{"@type":"ListItem","position":3,"name":"Olej z mrkvov\u00fdch semen"}]},{"@type":"WebSite","@id":"https:\/\/naturalpoland.com\/cs\/#website","url":"https:\/\/naturalpoland.com\/cs\/","name":"NATURAL POLAND - Velkoobchodn\u00ed distributor surovin","description":"Surowce dla przemys\u0142u spo\u017cywczego, kosmetycznego i farmaceutycznego","publisher":{"@id":"https:\/\/naturalpoland.com\/cs\/#organization"},"potentialAction":[{"@type":"SearchAction","target":{"@type":"EntryPoint","urlTemplate":"https:\/\/naturalpoland.com\/cs\/?s={search_term_string}"},"query-input":{"@type":"PropertyValueSpecification","valueRequired":true,"valueName":"search_term_string"}}],"inLanguage":"cs"},{"@type":"Organization","@id":"https:\/\/naturalpoland.com\/cs\/#organization","name":"Natural Poland","url":"https:\/\/naturalpoland.com\/cs\/","logo":{"@type":"ImageObject","inLanguage":"cs","@id":"https:\/\/naturalpoland.com\/cs\/#\/schema\/logo\/image\/","url":"https:\/\/naturalpoland.com\/wp-content\/uploads\/2021\/05\/natural-poland-icon.png","contentUrl":"https:\/\/naturalpoland.com\/wp-content\/uploads\/2021\/05\/natural-poland-icon.png","width":512,"height":512,"caption":"Natural Poland"},"image":{"@id":"https:\/\/naturalpoland.com\/cs\/#\/schema\/logo\/image\/"},"sameAs":["https:\/\/www.facebook.com\/naturalpoland.b2b","https:\/\/pl.linkedin.com\/company\/natural-poland","https:\/\/www.youtube.com\/channel\/UCgeGGkvOMahZo-xu_MSEWxg"]}]}},"_links":{"self":[{"href":"https:\/\/naturalpoland.com\/cs\/wp-json\/wp\/v2\/product\/12685","targetHints":{"allow":["GET"]}}],"collection":[{"href":"https:\/\/naturalpoland.com\/cs\/wp-json\/wp\/v2\/product"}],"about":[{"href":"https:\/\/naturalpoland.com\/cs\/wp-json\/wp\/v2\/types\/product"}],"wp:featuredmedia":[{"embeddable":true,"href":"https:\/\/naturalpoland.com\/cs\/wp-json\/wp\/v2\/media\/13569"}],"wp:attachment":[{"href":"https:\/\/naturalpoland.com\/cs\/wp-json\/wp\/v2\/media?parent=12685"}],"wp:term":[{"taxonomy":"product_brand","embeddable":true,"href":"https:\/\/naturalpoland.com\/cs\/wp-json\/wp\/v2\/product_brand?post=12685"},{"taxonomy":"product_cat","embeddable":true,"href":"https:\/\/naturalpoland.com\/cs\/wp-json\/wp\/v2\/product_cat?post=12685"},{"taxonomy":"product_tag","embeddable":true,"href":"https:\/\/naturalpoland.com\/cs\/wp-json\/wp\/v2\/product_tag?post=12685"}],"curies":[{"name":"wp","href":"https:\/\/api.w.org\/{rel}","templated":true}]}}