{"id":12699,"date":"2021-05-11T13:50:56","date_gmt":"2021-09-21T13:06:08","guid":{"rendered":"https:\/\/naturalpoland.pl\/produkty\/nezarazene\/neemovy-olej\/"},"modified":"2024-09-12T15:38:02","modified_gmt":"2024-09-12T13:38:02","slug":"olej-se-semeny-neem","status":"publish","type":"product","link":"https:\/\/naturalpoland.com\/cs\/produkty\/produkty-pro-kosmeticky-prumysl\/kosmeticke-oleje\/olej-se-semeny-neem\/","title":{"rendered":"Neemov\u00fd olej"},"content":{"rendered":"<p>Olej ze semen neemu je lisovan\u00fd za studena.<br \/>\nObsahuje \u00fa\u010dinn\u00e9 l\u00e1tky, jako jsou nenasycen\u00e9 mastn\u00e9 kyseliny, vitaminy C a E a bioaktivn\u00ed slou\u010deniny, nap\u0159\u00edklad <strong>azadirachtin,<\/strong> kter\u00fd vykazuje siln\u00e9 antibakteri\u00e1ln\u00ed, protipl\u00eds\u0148ov\u00e9 a protiz\u00e1n\u011btliv\u00e9 \u00fa\u010dinky.   <\/p>\n<h2>Vlastnosti neemov\u00e9ho oleje:<\/h2>\n<ul>\n<li>Antibakteri\u00e1ln\u00ed a protipl\u00eds\u0148ov\u00e9 \u00fa\u010dinky,<\/li>\n<li>Protiz\u00e1n\u011btliv\u00e9,<\/li>\n<li>Hydratace,<\/li>\n<li>Reguluje sekreci ko\u017en\u00edho mazu,<\/li>\n<li>Podpora l\u00e9\u010den\u00ed,<\/li>\n<li>Proti st\u00e1rnut\u00ed.<\/li>\n<\/ul>\n<h2>Pou\u017eit\u00ed:<\/h2>\n<p>  Neemov\u00fd olej se pou\u017e\u00edv\u00e1 v <strong>p\u00e9\u010di o ple\u0165 a vlasy<\/strong>.<br \/>\nJeho antibakteri\u00e1ln\u00ed a protiz\u00e1n\u011btliv\u00e9 vlastnosti jsou osv\u011bd\u010den\u00e9 p\u0159i l\u00e9\u010db\u011b akn\u00e9, ekz\u00e9m\u016f, lup\u00e9nky a dal\u0161\u00edch z\u00e1n\u011btliv\u00fdch ko\u017en\u00edch onemocn\u011bn\u00ed.<br \/>\nOlej pom\u00e1h\u00e1 regulovat \u010dinnost mazov\u00fdch \u017el\u00e1z a sni\u017euje vylu\u010dov\u00e1n\u00ed ko\u017en\u00edho mazu.<br \/>\nV p\u00e9\u010di o vlasy p\u016fsob\u00ed proti lup\u016fm, hydratuje a posiluje vlasov\u00e9 ko\u0159\u00ednky.<br \/>\nNeemov\u00fd olej lze pou\u017e\u00edvat p\u0159\u00edmo na poko\u017eku nebo jako p\u0159\u00edsadu do kr\u00e9m\u016f, ple\u0165ov\u00fdch vod, \u0161ampon\u016f a v aromaterapii.<br \/>\nD\u00edky sv\u00e9 v\u0161estrannosti je obl\u00edbenou volbou v kosmetick\u00fdch salonech a l\u00e1zn\u00edch.     <\/p>\n","protected":false},"excerpt":{"rendered":"<p>Neemov\u00fd olej je cenn\u00fd produkt z\u00edsk\u00e1van\u00fd ze semen indick\u00e9ho medovn\u00edku (Azadirachta indica), zn\u00e1m\u00e9ho tak\u00e9 jako strom neem, kter\u00fd je v tradi\u010dn\u00ed \u00e1jurv\u00e9dsk\u00e9 medic\u00edn\u011b cen\u011bn pro sv\u00e9 jedine\u010dn\u00e9 l\u00e9\u010div\u00e9 vlastnosti.<\/p>\n","protected":false},"featured_media":35536,"template":"","meta":{"_acf_changed":false},"product_brand":[],"product_cat":[625,636],"product_tag":[2252],"class_list":{"0":"post-12699","1":"product","2":"type-product","3":"status-publish","4":"has-post-thumbnail","6":"product_cat-jedle-a-kosmeticke-oleje","7":"product_cat-kosmeticke-oleje","8":"product_tag-africky-vyrobek","9":"pa_metoda-pozyskiwania-lisovani-za-studena","11":"first","12":"instock","13":"shipping-taxable","14":"product-type-simple"},"acf":[],"yoast_head":"<!-- This site is optimized with the Yoast SEO plugin v27.4 - https:\/\/yoast.com\/product\/yoast-seo-wordpress\/ -->\n<title>Neemov\u00fd olej - NATURAL POLAND - Velkoobchodn\u00ed distributor surovin<\/title>\n<meta name=\"description\" content=\"Neemov\u00fd olej je cenn\u00fd produkt z\u00edsk\u00e1van\u00fd ze semen indick\u00e9ho medovn\u00edku (Azadirachta indica), zn\u00e1m\u00e9ho tak\u00e9 jako strom neem.\" \/>\n<meta name=\"robots\" content=\"index, follow, max-snippet:-1, max-image-preview:large, max-video-preview:-1\" \/>\n<link rel=\"canonical\" href=\"https:\/\/naturalpoland.com\/cs\/produkty\/produkty-pro-kosmeticky-prumysl\/kosmeticke-oleje\/olej-se-semeny-neem\/\" \/>\n<meta property=\"og:locale\" content=\"cs_CZ\" \/>\n<meta property=\"og:type\" content=\"article\" \/>\n<meta property=\"og:title\" content=\"Neemov\u00fd olej - NATURAL POLAND - Velkoobchodn\u00ed distributor surovin\" \/>\n<meta property=\"og:description\" content=\"Neemov\u00fd olej je cenn\u00fd produkt z\u00edsk\u00e1van\u00fd ze semen indick\u00e9ho medovn\u00edku (Azadirachta indica), zn\u00e1m\u00e9ho tak\u00e9 jako strom neem.\" \/>\n<meta property=\"og:url\" content=\"https:\/\/naturalpoland.com\/cs\/produkty\/produkty-pro-kosmeticky-prumysl\/kosmeticke-oleje\/olej-se-semeny-neem\/\" \/>\n<meta property=\"og:site_name\" content=\"NATURAL POLAND - Velkoobchodn\u00ed distributor surovin\" \/>\n<meta property=\"article:publisher\" content=\"https:\/\/www.facebook.com\/naturalpoland.b2b\" \/>\n<meta property=\"article:modified_time\" content=\"2024-09-12T13:38:02+00:00\" \/>\n<meta property=\"og:image\" content=\"https:\/\/naturalpoland.com\/wp-content\/uploads\/neem-oil.webp\" \/>\n\t<meta property=\"og:image:width\" content=\"619\" \/>\n\t<meta property=\"og:image:height\" content=\"619\" \/>\n\t<meta property=\"og:image:type\" content=\"image\/webp\" \/>\n<script type=\"application\/ld+json\" class=\"yoast-schema-graph\">{\"@context\":\"https:\\\/\\\/schema.org\",\"@graph\":[{\"@type\":\"WebPage\",\"@id\":\"https:\\\/\\\/naturalpoland.com\\\/cs\\\/produkty\\\/produkty-pro-kosmeticky-prumysl\\\/kosmeticke-oleje\\\/olej-se-semeny-neem\\\/\",\"url\":\"https:\\\/\\\/naturalpoland.com\\\/cs\\\/produkty\\\/produkty-pro-kosmeticky-prumysl\\\/kosmeticke-oleje\\\/olej-se-semeny-neem\\\/\",\"name\":\"Neemov\u00fd olej - NATURAL POLAND - Velkoobchodn\u00ed distributor surovin\",\"isPartOf\":{\"@id\":\"https:\\\/\\\/naturalpoland.com\\\/cs\\\/#website\"},\"primaryImageOfPage\":{\"@id\":\"https:\\\/\\\/naturalpoland.com\\\/cs\\\/produkty\\\/produkty-pro-kosmeticky-prumysl\\\/kosmeticke-oleje\\\/olej-se-semeny-neem\\\/#primaryimage\"},\"image\":{\"@id\":\"https:\\\/\\\/naturalpoland.com\\\/cs\\\/produkty\\\/produkty-pro-kosmeticky-prumysl\\\/kosmeticke-oleje\\\/olej-se-semeny-neem\\\/#primaryimage\"},\"thumbnailUrl\":\"https:\\\/\\\/naturalpoland.com\\\/wp-content\\\/uploads\\\/neem-oil.webp\",\"datePublished\":\"2021-09-21T13:06:08+00:00\",\"dateModified\":\"2024-09-12T13:38:02+00:00\",\"description\":\"Neemov\u00fd olej je cenn\u00fd produkt z\u00edsk\u00e1van\u00fd ze semen indick\u00e9ho medovn\u00edku (Azadirachta indica), zn\u00e1m\u00e9ho tak\u00e9 jako strom neem.\",\"breadcrumb\":{\"@id\":\"https:\\\/\\\/naturalpoland.com\\\/cs\\\/produkty\\\/produkty-pro-kosmeticky-prumysl\\\/kosmeticke-oleje\\\/olej-se-semeny-neem\\\/#breadcrumb\"},\"inLanguage\":\"cs\",\"potentialAction\":[{\"@type\":\"ReadAction\",\"target\":[\"https:\\\/\\\/naturalpoland.com\\\/cs\\\/produkty\\\/produkty-pro-kosmeticky-prumysl\\\/kosmeticke-oleje\\\/olej-se-semeny-neem\\\/\"]}]},{\"@type\":\"ImageObject\",\"inLanguage\":\"cs\",\"@id\":\"https:\\\/\\\/naturalpoland.com\\\/cs\\\/produkty\\\/produkty-pro-kosmeticky-prumysl\\\/kosmeticke-oleje\\\/olej-se-semeny-neem\\\/#primaryimage\",\"url\":\"https:\\\/\\\/naturalpoland.com\\\/wp-content\\\/uploads\\\/neem-oil.webp\",\"contentUrl\":\"https:\\\/\\\/naturalpoland.com\\\/wp-content\\\/uploads\\\/neem-oil.webp\",\"width\":619,\"height\":619,\"caption\":\"olej neem w butelce\"},{\"@type\":\"BreadcrumbList\",\"@id\":\"https:\\\/\\\/naturalpoland.com\\\/cs\\\/produkty\\\/produkty-pro-kosmeticky-prumysl\\\/kosmeticke-oleje\\\/olej-se-semeny-neem\\\/#breadcrumb\",\"itemListElement\":[{\"@type\":\"ListItem\",\"position\":1,\"name\":\"Dom\u016f\",\"item\":\"https:\\\/\\\/naturalpoland.com\\\/cs\\\/\"},{\"@type\":\"ListItem\",\"position\":2,\"name\":\"Produkty\",\"item\":\"https:\\\/\\\/naturalpoland.com\\\/cs\\\/produkty\\\/\"},{\"@type\":\"ListItem\",\"position\":3,\"name\":\"Neemov\u00fd olej\"}]},{\"@type\":\"WebSite\",\"@id\":\"https:\\\/\\\/naturalpoland.com\\\/cs\\\/#website\",\"url\":\"https:\\\/\\\/naturalpoland.com\\\/cs\\\/\",\"name\":\"NATURAL POLAND - Velkoobchodn\u00ed distributor surovin\",\"description\":\"Surowce dla przemys\u0142u spo\u017cywczego, kosmetycznego i farmaceutycznego\",\"publisher\":{\"@id\":\"https:\\\/\\\/naturalpoland.com\\\/cs\\\/#organization\"},\"potentialAction\":[{\"@type\":\"SearchAction\",\"target\":{\"@type\":\"EntryPoint\",\"urlTemplate\":\"https:\\\/\\\/naturalpoland.com\\\/cs\\\/?s={search_term_string}\"},\"query-input\":{\"@type\":\"PropertyValueSpecification\",\"valueRequired\":true,\"valueName\":\"search_term_string\"}}],\"inLanguage\":\"cs\"},{\"@type\":\"Organization\",\"@id\":\"https:\\\/\\\/naturalpoland.com\\\/cs\\\/#organization\",\"name\":\"Natural Poland\",\"url\":\"https:\\\/\\\/naturalpoland.com\\\/cs\\\/\",\"logo\":{\"@type\":\"ImageObject\",\"inLanguage\":\"cs\",\"@id\":\"https:\\\/\\\/naturalpoland.com\\\/cs\\\/#\\\/schema\\\/logo\\\/image\\\/\",\"url\":\"https:\\\/\\\/naturalpoland.com\\\/wp-content\\\/uploads\\\/2021\\\/05\\\/natural-poland-icon.png\",\"contentUrl\":\"https:\\\/\\\/naturalpoland.com\\\/wp-content\\\/uploads\\\/2021\\\/05\\\/natural-poland-icon.png\",\"width\":512,\"height\":512,\"caption\":\"Natural Poland\"},\"image\":{\"@id\":\"https:\\\/\\\/naturalpoland.com\\\/cs\\\/#\\\/schema\\\/logo\\\/image\\\/\"},\"sameAs\":[\"https:\\\/\\\/www.facebook.com\\\/naturalpoland.b2b\",\"https:\\\/\\\/pl.linkedin.com\\\/company\\\/natural-poland\",\"https:\\\/\\\/www.youtube.com\\\/channel\\\/UCgeGGkvOMahZo-xu_MSEWxg\"]}]}<\/script>\n<!-- \/ Yoast SEO plugin. -->","yoast_head_json":{"title":"Neemov\u00fd olej - NATURAL POLAND - Velkoobchodn\u00ed distributor surovin","description":"Neemov\u00fd olej je cenn\u00fd produkt z\u00edsk\u00e1van\u00fd ze semen indick\u00e9ho medovn\u00edku (Azadirachta indica), zn\u00e1m\u00e9ho tak\u00e9 jako strom neem.","robots":{"index":"index","follow":"follow","max-snippet":"max-snippet:-1","max-image-preview":"max-image-preview:large","max-video-preview":"max-video-preview:-1"},"canonical":"https:\/\/naturalpoland.com\/cs\/produkty\/produkty-pro-kosmeticky-prumysl\/kosmeticke-oleje\/olej-se-semeny-neem\/","og_locale":"cs_CZ","og_type":"article","og_title":"Neemov\u00fd olej - NATURAL POLAND - Velkoobchodn\u00ed distributor surovin","og_description":"Neemov\u00fd olej je cenn\u00fd produkt z\u00edsk\u00e1van\u00fd ze semen indick\u00e9ho medovn\u00edku (Azadirachta indica), zn\u00e1m\u00e9ho tak\u00e9 jako strom neem.","og_url":"https:\/\/naturalpoland.com\/cs\/produkty\/produkty-pro-kosmeticky-prumysl\/kosmeticke-oleje\/olej-se-semeny-neem\/","og_site_name":"NATURAL POLAND - Velkoobchodn\u00ed distributor surovin","article_publisher":"https:\/\/www.facebook.com\/naturalpoland.b2b","article_modified_time":"2024-09-12T13:38:02+00:00","og_image":[{"width":619,"height":619,"url":"https:\/\/naturalpoland.com\/wp-content\/uploads\/neem-oil.webp","type":"image\/webp"}],"schema":{"@context":"https:\/\/schema.org","@graph":[{"@type":"WebPage","@id":"https:\/\/naturalpoland.com\/cs\/produkty\/produkty-pro-kosmeticky-prumysl\/kosmeticke-oleje\/olej-se-semeny-neem\/","url":"https:\/\/naturalpoland.com\/cs\/produkty\/produkty-pro-kosmeticky-prumysl\/kosmeticke-oleje\/olej-se-semeny-neem\/","name":"Neemov\u00fd olej - NATURAL POLAND - Velkoobchodn\u00ed distributor surovin","isPartOf":{"@id":"https:\/\/naturalpoland.com\/cs\/#website"},"primaryImageOfPage":{"@id":"https:\/\/naturalpoland.com\/cs\/produkty\/produkty-pro-kosmeticky-prumysl\/kosmeticke-oleje\/olej-se-semeny-neem\/#primaryimage"},"image":{"@id":"https:\/\/naturalpoland.com\/cs\/produkty\/produkty-pro-kosmeticky-prumysl\/kosmeticke-oleje\/olej-se-semeny-neem\/#primaryimage"},"thumbnailUrl":"https:\/\/naturalpoland.com\/wp-content\/uploads\/neem-oil.webp","datePublished":"2021-09-21T13:06:08+00:00","dateModified":"2024-09-12T13:38:02+00:00","description":"Neemov\u00fd olej je cenn\u00fd produkt z\u00edsk\u00e1van\u00fd ze semen indick\u00e9ho medovn\u00edku (Azadirachta indica), zn\u00e1m\u00e9ho tak\u00e9 jako strom neem.","breadcrumb":{"@id":"https:\/\/naturalpoland.com\/cs\/produkty\/produkty-pro-kosmeticky-prumysl\/kosmeticke-oleje\/olej-se-semeny-neem\/#breadcrumb"},"inLanguage":"cs","potentialAction":[{"@type":"ReadAction","target":["https:\/\/naturalpoland.com\/cs\/produkty\/produkty-pro-kosmeticky-prumysl\/kosmeticke-oleje\/olej-se-semeny-neem\/"]}]},{"@type":"ImageObject","inLanguage":"cs","@id":"https:\/\/naturalpoland.com\/cs\/produkty\/produkty-pro-kosmeticky-prumysl\/kosmeticke-oleje\/olej-se-semeny-neem\/#primaryimage","url":"https:\/\/naturalpoland.com\/wp-content\/uploads\/neem-oil.webp","contentUrl":"https:\/\/naturalpoland.com\/wp-content\/uploads\/neem-oil.webp","width":619,"height":619,"caption":"olej neem w butelce"},{"@type":"BreadcrumbList","@id":"https:\/\/naturalpoland.com\/cs\/produkty\/produkty-pro-kosmeticky-prumysl\/kosmeticke-oleje\/olej-se-semeny-neem\/#breadcrumb","itemListElement":[{"@type":"ListItem","position":1,"name":"Dom\u016f","item":"https:\/\/naturalpoland.com\/cs\/"},{"@type":"ListItem","position":2,"name":"Produkty","item":"https:\/\/naturalpoland.com\/cs\/produkty\/"},{"@type":"ListItem","position":3,"name":"Neemov\u00fd olej"}]},{"@type":"WebSite","@id":"https:\/\/naturalpoland.com\/cs\/#website","url":"https:\/\/naturalpoland.com\/cs\/","name":"NATURAL POLAND - Velkoobchodn\u00ed distributor surovin","description":"Surowce dla przemys\u0142u spo\u017cywczego, kosmetycznego i farmaceutycznego","publisher":{"@id":"https:\/\/naturalpoland.com\/cs\/#organization"},"potentialAction":[{"@type":"SearchAction","target":{"@type":"EntryPoint","urlTemplate":"https:\/\/naturalpoland.com\/cs\/?s={search_term_string}"},"query-input":{"@type":"PropertyValueSpecification","valueRequired":true,"valueName":"search_term_string"}}],"inLanguage":"cs"},{"@type":"Organization","@id":"https:\/\/naturalpoland.com\/cs\/#organization","name":"Natural Poland","url":"https:\/\/naturalpoland.com\/cs\/","logo":{"@type":"ImageObject","inLanguage":"cs","@id":"https:\/\/naturalpoland.com\/cs\/#\/schema\/logo\/image\/","url":"https:\/\/naturalpoland.com\/wp-content\/uploads\/2021\/05\/natural-poland-icon.png","contentUrl":"https:\/\/naturalpoland.com\/wp-content\/uploads\/2021\/05\/natural-poland-icon.png","width":512,"height":512,"caption":"Natural Poland"},"image":{"@id":"https:\/\/naturalpoland.com\/cs\/#\/schema\/logo\/image\/"},"sameAs":["https:\/\/www.facebook.com\/naturalpoland.b2b","https:\/\/pl.linkedin.com\/company\/natural-poland","https:\/\/www.youtube.com\/channel\/UCgeGGkvOMahZo-xu_MSEWxg"]}]}},"_links":{"self":[{"href":"https:\/\/naturalpoland.com\/cs\/wp-json\/wp\/v2\/product\/12699","targetHints":{"allow":["GET"]}}],"collection":[{"href":"https:\/\/naturalpoland.com\/cs\/wp-json\/wp\/v2\/product"}],"about":[{"href":"https:\/\/naturalpoland.com\/cs\/wp-json\/wp\/v2\/types\/product"}],"wp:featuredmedia":[{"embeddable":true,"href":"https:\/\/naturalpoland.com\/cs\/wp-json\/wp\/v2\/media\/35536"}],"wp:attachment":[{"href":"https:\/\/naturalpoland.com\/cs\/wp-json\/wp\/v2\/media?parent=12699"}],"wp:term":[{"taxonomy":"product_brand","embeddable":true,"href":"https:\/\/naturalpoland.com\/cs\/wp-json\/wp\/v2\/product_brand?post=12699"},{"taxonomy":"product_cat","embeddable":true,"href":"https:\/\/naturalpoland.com\/cs\/wp-json\/wp\/v2\/product_cat?post=12699"},{"taxonomy":"product_tag","embeddable":true,"href":"https:\/\/naturalpoland.com\/cs\/wp-json\/wp\/v2\/product_tag?post=12699"}],"curies":[{"name":"wp","href":"https:\/\/api.w.org\/{rel}","templated":true}]}}