{"id":12712,"date":"2021-05-11T13:51:21","date_gmt":"2021-09-21T13:06:19","guid":{"rendered":"https:\/\/naturalpoland.pl\/produkty\/nezarazene\/sezamovy-olej\/"},"modified":"2021-09-21T15:06:19","modified_gmt":"2021-09-21T13:06:19","slug":"sezamovy-olej","status":"publish","type":"product","link":"https:\/\/naturalpoland.com\/cs\/produkty\/produkty-pro-potravinarsky-prumysl\/jedle-oleje\/sezamovy-olej\/","title":{"rendered":"Sezamov\u00fd olej"},"content":{"rendered":"<p>Pravideln\u00e9 pou\u017e\u00edv\u00e1n\u00ed sezamov\u00e9ho oleje pom\u00e1h\u00e1 zlep\u0161it sr\u00e1\u017een\u00ed krve zv\u00fd\u0161en\u00edm po\u010dtu krevn\u00edch desti\u010dek. Tento olej se tak\u00e9 pou\u017e\u00edv\u00e1 k l\u00e9\u010db\u011b onemocn\u011bn\u00ed jater, srdce a slinivky b\u0159i\u0161n\u00ed.<\/p>\n<p>Sezamov\u00fd olej d\u00edky sv\u00fdm zah\u0159\u00edvac\u00edm vlastnostem pom\u00e1h\u00e1 p\u0159i l\u00e9\u010db\u011b nachlazen\u00ed, such\u00e9ho ka\u0161le, ch\u0159ipky, z\u00e1palu plic, astmatu a bolest\u00ed \u017ealudku.<\/p>\n<p>Zevn\u011b se sezamov\u00fd olej pou\u017e\u00edv\u00e1 k terapeutick\u00fdm mas\u00e1\u017e\u00edm a profylaxi p\u0159i artritid\u011b, osteopor\u00f3ze a revmatismu. Olej stimuluje r\u016fst vlas\u016f a d\u011bl\u00e1 je leskl\u00e9 a hust\u00e9. Je to p\u0159\u00edrodn\u00ed opalovac\u00ed kr\u00e9m, proto\u017ee \u00fa\u010dinn\u011b chr\u00e1n\u00ed p\u0159ed \u0161kodliv\u00fdmi UV paprsky.<\/p>\n","protected":false},"excerpt":{"rendered":"<p>Potravinov\u00fd a kosmetick\u00fd sezamov\u00fd olej se z\u00edsk\u00e1v\u00e1 ze surov\u00fdch lisovan\u00fdch sezamov\u00fdch sem\u00ednek. Olej se pou\u017e\u00edv\u00e1 jak v kulin\u00e1\u0159sk\u00fdch, terapeutick\u00fdch, tak v kosmetick\u00fdch \u00fa\u010del\u016fm. Je bohat\u00fd na \u017eelezo, zinek, fosfor, drasl\u00edk, k\u0159em\u00edk, nikl, ho\u0159\u010d\u00edk, m\u011b\u010f, mangan a dal\u0161\u00ed prvky.<\/p>\n","protected":false},"featured_media":12715,"template":"","meta":{"_acf_changed":false},"product_brand":[],"product_cat":[625,640,636],"product_tag":[],"class_list":{"0":"post-12712","1":"product","2":"type-product","3":"status-publish","4":"has-post-thumbnail","6":"product_cat-jedle-a-kosmeticke-oleje","7":"product_cat-jedle-oleje","8":"product_cat-kosmeticke-oleje","10":"first","11":"instock","12":"shipping-taxable","13":"product-type-simple"},"acf":[],"yoast_head":"<!-- This site is optimized with the Yoast SEO plugin v27.4 - https:\/\/yoast.com\/product\/yoast-seo-wordpress\/ -->\n<title>Sezamov\u00fd olej - Velkoobchodn\u00ed distributor<\/title>\n<meta name=\"robots\" content=\"index, follow, max-snippet:-1, max-image-preview:large, max-video-preview:-1\" \/>\n<link rel=\"canonical\" href=\"https:\/\/naturalpoland.com\/cs\/produkty\/produkty-pro-potravinarsky-prumysl\/jedle-oleje\/sezamovy-olej\/\" \/>\n<meta property=\"og:locale\" content=\"cs_CZ\" \/>\n<meta property=\"og:type\" content=\"article\" \/>\n<meta property=\"og:title\" content=\"Sezamov\u00fd olej - Velkoobchodn\u00ed distributor\" \/>\n<meta property=\"og:description\" content=\"Potravinov\u00fd a kosmetick\u00fd sezamov\u00fd olej se z\u00edsk\u00e1v\u00e1 ze surov\u00fdch lisovan\u00fdch sezamov\u00fdch sem\u00ednek. Olej se pou\u017e\u00edv\u00e1 jak v kulin\u00e1\u0159sk\u00fdch, terapeutick\u00fdch, tak v kosmetick\u00fdch \u00fa\u010del\u016fm. Je bohat\u00fd na \u017eelezo, zinek, fosfor, drasl\u00edk, k\u0159em\u00edk, nikl, ho\u0159\u010d\u00edk, m\u011b\u010f, mangan a dal\u0161\u00ed prvky.\" \/>\n<meta property=\"og:url\" content=\"https:\/\/naturalpoland.com\/cs\/produkty\/produkty-pro-potravinarsky-prumysl\/jedle-oleje\/sezamovy-olej\/\" \/>\n<meta property=\"og:site_name\" content=\"NATURAL POLAND - Velkoobchodn\u00ed distributor surovin\" \/>\n<meta property=\"article:publisher\" content=\"https:\/\/www.facebook.com\/naturalpoland.b2b\" \/>\n<meta property=\"og:image\" content=\"https:\/\/naturalpoland.com\/wp-content\/uploads\/2021\/05\/sesame-seed-oil.jpg\" \/>\n\t<meta property=\"og:image:width\" content=\"410\" \/>\n\t<meta property=\"og:image:height\" content=\"270\" \/>\n\t<meta property=\"og:image:type\" content=\"image\/jpeg\" \/>\n<script type=\"application\/ld+json\" class=\"yoast-schema-graph\">{\"@context\":\"https:\\\/\\\/schema.org\",\"@graph\":[{\"@type\":\"WebPage\",\"@id\":\"https:\\\/\\\/naturalpoland.com\\\/cs\\\/produkty\\\/produkty-pro-potravinarsky-prumysl\\\/jedle-oleje\\\/sezamovy-olej\\\/\",\"url\":\"https:\\\/\\\/naturalpoland.com\\\/cs\\\/produkty\\\/produkty-pro-potravinarsky-prumysl\\\/jedle-oleje\\\/sezamovy-olej\\\/\",\"name\":\"Sezamov\u00fd olej - Velkoobchodn\u00ed distributor\",\"isPartOf\":{\"@id\":\"https:\\\/\\\/naturalpoland.com\\\/cs\\\/#website\"},\"primaryImageOfPage\":{\"@id\":\"https:\\\/\\\/naturalpoland.com\\\/cs\\\/produkty\\\/produkty-pro-potravinarsky-prumysl\\\/jedle-oleje\\\/sezamovy-olej\\\/#primaryimage\"},\"image\":{\"@id\":\"https:\\\/\\\/naturalpoland.com\\\/cs\\\/produkty\\\/produkty-pro-potravinarsky-prumysl\\\/jedle-oleje\\\/sezamovy-olej\\\/#primaryimage\"},\"thumbnailUrl\":\"https:\\\/\\\/naturalpoland.com\\\/wp-content\\\/uploads\\\/2021\\\/05\\\/sesame-seed-oil.jpg\",\"datePublished\":\"2021-09-21T13:06:19+00:00\",\"breadcrumb\":{\"@id\":\"https:\\\/\\\/naturalpoland.com\\\/cs\\\/produkty\\\/produkty-pro-potravinarsky-prumysl\\\/jedle-oleje\\\/sezamovy-olej\\\/#breadcrumb\"},\"inLanguage\":\"cs\",\"potentialAction\":[{\"@type\":\"ReadAction\",\"target\":[\"https:\\\/\\\/naturalpoland.com\\\/cs\\\/produkty\\\/produkty-pro-potravinarsky-prumysl\\\/jedle-oleje\\\/sezamovy-olej\\\/\"]}]},{\"@type\":\"ImageObject\",\"inLanguage\":\"cs\",\"@id\":\"https:\\\/\\\/naturalpoland.com\\\/cs\\\/produkty\\\/produkty-pro-potravinarsky-prumysl\\\/jedle-oleje\\\/sezamovy-olej\\\/#primaryimage\",\"url\":\"https:\\\/\\\/naturalpoland.com\\\/wp-content\\\/uploads\\\/2021\\\/05\\\/sesame-seed-oil.jpg\",\"contentUrl\":\"https:\\\/\\\/naturalpoland.com\\\/wp-content\\\/uploads\\\/2021\\\/05\\\/sesame-seed-oil.jpg\",\"width\":410,\"height\":270},{\"@type\":\"BreadcrumbList\",\"@id\":\"https:\\\/\\\/naturalpoland.com\\\/cs\\\/produkty\\\/produkty-pro-potravinarsky-prumysl\\\/jedle-oleje\\\/sezamovy-olej\\\/#breadcrumb\",\"itemListElement\":[{\"@type\":\"ListItem\",\"position\":1,\"name\":\"Dom\u016f\",\"item\":\"https:\\\/\\\/naturalpoland.com\\\/cs\\\/\"},{\"@type\":\"ListItem\",\"position\":2,\"name\":\"Produkty\",\"item\":\"https:\\\/\\\/naturalpoland.com\\\/cs\\\/produkty\\\/\"},{\"@type\":\"ListItem\",\"position\":3,\"name\":\"Sezamov\u00fd olej\"}]},{\"@type\":\"WebSite\",\"@id\":\"https:\\\/\\\/naturalpoland.com\\\/cs\\\/#website\",\"url\":\"https:\\\/\\\/naturalpoland.com\\\/cs\\\/\",\"name\":\"NATURAL POLAND - Velkoobchodn\u00ed distributor surovin\",\"description\":\"Surowce dla przemys\u0142u spo\u017cywczego, kosmetycznego i farmaceutycznego\",\"publisher\":{\"@id\":\"https:\\\/\\\/naturalpoland.com\\\/cs\\\/#organization\"},\"potentialAction\":[{\"@type\":\"SearchAction\",\"target\":{\"@type\":\"EntryPoint\",\"urlTemplate\":\"https:\\\/\\\/naturalpoland.com\\\/cs\\\/?s={search_term_string}\"},\"query-input\":{\"@type\":\"PropertyValueSpecification\",\"valueRequired\":true,\"valueName\":\"search_term_string\"}}],\"inLanguage\":\"cs\"},{\"@type\":\"Organization\",\"@id\":\"https:\\\/\\\/naturalpoland.com\\\/cs\\\/#organization\",\"name\":\"Natural Poland\",\"url\":\"https:\\\/\\\/naturalpoland.com\\\/cs\\\/\",\"logo\":{\"@type\":\"ImageObject\",\"inLanguage\":\"cs\",\"@id\":\"https:\\\/\\\/naturalpoland.com\\\/cs\\\/#\\\/schema\\\/logo\\\/image\\\/\",\"url\":\"https:\\\/\\\/naturalpoland.com\\\/wp-content\\\/uploads\\\/2021\\\/05\\\/natural-poland-icon.png\",\"contentUrl\":\"https:\\\/\\\/naturalpoland.com\\\/wp-content\\\/uploads\\\/2021\\\/05\\\/natural-poland-icon.png\",\"width\":512,\"height\":512,\"caption\":\"Natural Poland\"},\"image\":{\"@id\":\"https:\\\/\\\/naturalpoland.com\\\/cs\\\/#\\\/schema\\\/logo\\\/image\\\/\"},\"sameAs\":[\"https:\\\/\\\/www.facebook.com\\\/naturalpoland.b2b\",\"https:\\\/\\\/pl.linkedin.com\\\/company\\\/natural-poland\",\"https:\\\/\\\/www.youtube.com\\\/channel\\\/UCgeGGkvOMahZo-xu_MSEWxg\"]}]}<\/script>\n<!-- \/ Yoast SEO plugin. -->","yoast_head_json":{"title":"Sezamov\u00fd olej - Velkoobchodn\u00ed distributor","robots":{"index":"index","follow":"follow","max-snippet":"max-snippet:-1","max-image-preview":"max-image-preview:large","max-video-preview":"max-video-preview:-1"},"canonical":"https:\/\/naturalpoland.com\/cs\/produkty\/produkty-pro-potravinarsky-prumysl\/jedle-oleje\/sezamovy-olej\/","og_locale":"cs_CZ","og_type":"article","og_title":"Sezamov\u00fd olej - Velkoobchodn\u00ed distributor","og_description":"Potravinov\u00fd a kosmetick\u00fd sezamov\u00fd olej se z\u00edsk\u00e1v\u00e1 ze surov\u00fdch lisovan\u00fdch sezamov\u00fdch sem\u00ednek. Olej se pou\u017e\u00edv\u00e1 jak v kulin\u00e1\u0159sk\u00fdch, terapeutick\u00fdch, tak v kosmetick\u00fdch \u00fa\u010del\u016fm. Je bohat\u00fd na \u017eelezo, zinek, fosfor, drasl\u00edk, k\u0159em\u00edk, nikl, ho\u0159\u010d\u00edk, m\u011b\u010f, mangan a dal\u0161\u00ed prvky.","og_url":"https:\/\/naturalpoland.com\/cs\/produkty\/produkty-pro-potravinarsky-prumysl\/jedle-oleje\/sezamovy-olej\/","og_site_name":"NATURAL POLAND - Velkoobchodn\u00ed distributor surovin","article_publisher":"https:\/\/www.facebook.com\/naturalpoland.b2b","og_image":[{"width":410,"height":270,"url":"https:\/\/naturalpoland.com\/wp-content\/uploads\/2021\/05\/sesame-seed-oil.jpg","type":"image\/jpeg"}],"schema":{"@context":"https:\/\/schema.org","@graph":[{"@type":"WebPage","@id":"https:\/\/naturalpoland.com\/cs\/produkty\/produkty-pro-potravinarsky-prumysl\/jedle-oleje\/sezamovy-olej\/","url":"https:\/\/naturalpoland.com\/cs\/produkty\/produkty-pro-potravinarsky-prumysl\/jedle-oleje\/sezamovy-olej\/","name":"Sezamov\u00fd olej - Velkoobchodn\u00ed distributor","isPartOf":{"@id":"https:\/\/naturalpoland.com\/cs\/#website"},"primaryImageOfPage":{"@id":"https:\/\/naturalpoland.com\/cs\/produkty\/produkty-pro-potravinarsky-prumysl\/jedle-oleje\/sezamovy-olej\/#primaryimage"},"image":{"@id":"https:\/\/naturalpoland.com\/cs\/produkty\/produkty-pro-potravinarsky-prumysl\/jedle-oleje\/sezamovy-olej\/#primaryimage"},"thumbnailUrl":"https:\/\/naturalpoland.com\/wp-content\/uploads\/2021\/05\/sesame-seed-oil.jpg","datePublished":"2021-09-21T13:06:19+00:00","breadcrumb":{"@id":"https:\/\/naturalpoland.com\/cs\/produkty\/produkty-pro-potravinarsky-prumysl\/jedle-oleje\/sezamovy-olej\/#breadcrumb"},"inLanguage":"cs","potentialAction":[{"@type":"ReadAction","target":["https:\/\/naturalpoland.com\/cs\/produkty\/produkty-pro-potravinarsky-prumysl\/jedle-oleje\/sezamovy-olej\/"]}]},{"@type":"ImageObject","inLanguage":"cs","@id":"https:\/\/naturalpoland.com\/cs\/produkty\/produkty-pro-potravinarsky-prumysl\/jedle-oleje\/sezamovy-olej\/#primaryimage","url":"https:\/\/naturalpoland.com\/wp-content\/uploads\/2021\/05\/sesame-seed-oil.jpg","contentUrl":"https:\/\/naturalpoland.com\/wp-content\/uploads\/2021\/05\/sesame-seed-oil.jpg","width":410,"height":270},{"@type":"BreadcrumbList","@id":"https:\/\/naturalpoland.com\/cs\/produkty\/produkty-pro-potravinarsky-prumysl\/jedle-oleje\/sezamovy-olej\/#breadcrumb","itemListElement":[{"@type":"ListItem","position":1,"name":"Dom\u016f","item":"https:\/\/naturalpoland.com\/cs\/"},{"@type":"ListItem","position":2,"name":"Produkty","item":"https:\/\/naturalpoland.com\/cs\/produkty\/"},{"@type":"ListItem","position":3,"name":"Sezamov\u00fd olej"}]},{"@type":"WebSite","@id":"https:\/\/naturalpoland.com\/cs\/#website","url":"https:\/\/naturalpoland.com\/cs\/","name":"NATURAL POLAND - Velkoobchodn\u00ed distributor surovin","description":"Surowce dla przemys\u0142u spo\u017cywczego, kosmetycznego i farmaceutycznego","publisher":{"@id":"https:\/\/naturalpoland.com\/cs\/#organization"},"potentialAction":[{"@type":"SearchAction","target":{"@type":"EntryPoint","urlTemplate":"https:\/\/naturalpoland.com\/cs\/?s={search_term_string}"},"query-input":{"@type":"PropertyValueSpecification","valueRequired":true,"valueName":"search_term_string"}}],"inLanguage":"cs"},{"@type":"Organization","@id":"https:\/\/naturalpoland.com\/cs\/#organization","name":"Natural Poland","url":"https:\/\/naturalpoland.com\/cs\/","logo":{"@type":"ImageObject","inLanguage":"cs","@id":"https:\/\/naturalpoland.com\/cs\/#\/schema\/logo\/image\/","url":"https:\/\/naturalpoland.com\/wp-content\/uploads\/2021\/05\/natural-poland-icon.png","contentUrl":"https:\/\/naturalpoland.com\/wp-content\/uploads\/2021\/05\/natural-poland-icon.png","width":512,"height":512,"caption":"Natural Poland"},"image":{"@id":"https:\/\/naturalpoland.com\/cs\/#\/schema\/logo\/image\/"},"sameAs":["https:\/\/www.facebook.com\/naturalpoland.b2b","https:\/\/pl.linkedin.com\/company\/natural-poland","https:\/\/www.youtube.com\/channel\/UCgeGGkvOMahZo-xu_MSEWxg"]}]}},"_links":{"self":[{"href":"https:\/\/naturalpoland.com\/cs\/wp-json\/wp\/v2\/product\/12712","targetHints":{"allow":["GET"]}}],"collection":[{"href":"https:\/\/naturalpoland.com\/cs\/wp-json\/wp\/v2\/product"}],"about":[{"href":"https:\/\/naturalpoland.com\/cs\/wp-json\/wp\/v2\/types\/product"}],"wp:featuredmedia":[{"embeddable":true,"href":"https:\/\/naturalpoland.com\/cs\/wp-json\/wp\/v2\/media\/12715"}],"wp:attachment":[{"href":"https:\/\/naturalpoland.com\/cs\/wp-json\/wp\/v2\/media?parent=12712"}],"wp:term":[{"taxonomy":"product_brand","embeddable":true,"href":"https:\/\/naturalpoland.com\/cs\/wp-json\/wp\/v2\/product_brand?post=12712"},{"taxonomy":"product_cat","embeddable":true,"href":"https:\/\/naturalpoland.com\/cs\/wp-json\/wp\/v2\/product_cat?post=12712"},{"taxonomy":"product_tag","embeddable":true,"href":"https:\/\/naturalpoland.com\/cs\/wp-json\/wp\/v2\/product_tag?post=12712"}],"curies":[{"name":"wp","href":"https:\/\/api.w.org\/{rel}","templated":true}]}}