{"id":15526,"date":"2021-06-28T12:56:44","date_gmt":"2021-12-20T12:30:10","guid":{"rendered":"https:\/\/naturalpoland.pl\/produkty\/nezarazene\/kokosovy-olej\/"},"modified":"2021-12-20T13:30:10","modified_gmt":"2021-12-20T12:30:10","slug":"kokosovy-olej","status":"publish","type":"product","link":"https:\/\/naturalpoland.com\/cs\/produkty\/jedle-a-kosmeticke-oleje\/kokosovy-olej\/","title":{"rendered":"Kokosov\u00fd olej"},"content":{"rendered":"<p>Chcete-li obdr\u017eet bezpe\u010dnostn\u00ed list na\u0161eho produktu, kontaktujte n\u00e1s.<\/p>\n<p>Olej z\u00edskan\u00fd z kokosov\u00e9 du\u017einy m\u00e1 mnoho uplatn\u011bn\u00ed nejen v potravin\u00e1\u0159sk\u00e9m pr\u016fmyslu, ale tak\u00e9 v kosmetice.<\/p>\n<p><strong>Nerafinovan\u00fd kokosov\u00fd olej<\/strong> (kokosov\u00e1 chu\u0165 a aroma) d\u00edky sv\u00fdm vlastnostem dokonale hydratuje poko\u017eku. Inhibuje rozvoj voln\u00fdch radik\u00e1l\u016f, co\u017e ovliv\u0148uje sv\u011b\u017eest a pru\u017enost poko\u017eky. D\u00e1 se pou\u017e\u00edt jako vlasov\u00fd kondicion\u00e9r, \u00fastn\u00ed voda nebo n\u00e1hrada p\u011bny na holen\u00ed.<\/p>\n<p><strong>Rafinovan\u00fd kokosov\u00fd olej<\/strong> bez chuti a z\u00e1pachu se zase pou\u017e\u00edv\u00e1 k pe\u010den\u00ed, sma\u017een\u00ed a pot\u00edr\u00e1n\u00ed.<\/p>\n<p>Olej je lisovan\u00fd za studena, d\u00edky \u010demu\u017e vydr\u017e\u00ed d\u00e9le \u010derstv\u00fd.<\/p>\n","protected":false},"excerpt":{"rendered":"<p>Vysoce kvalitn\u00ed <strong>PANENSK\u00dd KOKOSOV\u00dd OLEJ<\/strong> &#8211; velkoobchodn\u00ed distributor. Kokosov\u00fd olej se pou\u017e\u00edv\u00e1 ve farmaceutick\u00e9m a kosmetick\u00e9m pr\u016fmyslu.<\/p>\n<p>P\u0159\u00edpravek je bezpe\u010dn\u00fd, nedr\u00e1\u017ed\u00ed poko\u017eku. V kosmetick\u00fdch p\u0159\u00edpravc\u00edch p\u016fsob\u00ed jako rozpou\u0161t\u011bdlo pro dal\u0161\u00ed l\u00e1tky. Nav\u00edc poko\u017eku hydratuje a zjem\u0148uje. Kokosov\u00fd olej je polotuh\u00fd, b\u00edl\u00e9 barvy a m\u00e1 charakteristickou kokosovou v\u016fni.<\/p>\n","protected":false},"featured_media":15528,"template":"","meta":{"_acf_changed":false},"product_brand":[],"product_cat":[625],"product_tag":[2252],"class_list":{"0":"post-15526","1":"product","2":"type-product","3":"status-publish","4":"has-post-thumbnail","6":"product_cat-jedle-a-kosmeticke-oleje","7":"product_tag-africky-vyrobek","8":"pa_grupa-substancji-emoliencia","10":"first","11":"instock","12":"shipping-taxable","13":"product-type-simple"},"acf":[],"yoast_head":"<!-- This site is optimized with the Yoast SEO plugin v27.4 - https:\/\/yoast.com\/product\/yoast-seo-wordpress\/ -->\n<title>Kokosov\u00fd olej - Velkoobchodn\u00ed distributor<\/title>\n<meta name=\"robots\" content=\"index, follow, max-snippet:-1, max-image-preview:large, max-video-preview:-1\" \/>\n<link rel=\"canonical\" href=\"https:\/\/naturalpoland.com\/cs\/produkty\/jedle-a-kosmeticke-oleje\/kokosovy-olej\/\" \/>\n<meta property=\"og:locale\" content=\"cs_CZ\" \/>\n<meta property=\"og:type\" content=\"article\" \/>\n<meta property=\"og:title\" content=\"Kokosov\u00fd olej - Velkoobchodn\u00ed distributor\" \/>\n<meta property=\"og:description\" content=\"Vysoce kvalitn\u00ed PANENSK\u00dd KOKOSOV\u00dd OLEJ - velkoobchodn\u00ed distributor. Kokosov\u00fd olej se pou\u017e\u00edv\u00e1 ve farmaceutick\u00e9m a kosmetick\u00e9m pr\u016fmyslu. P\u0159\u00edpravek je bezpe\u010dn\u00fd, nedr\u00e1\u017ed\u00ed poko\u017eku. V kosmetick\u00fdch p\u0159\u00edpravc\u00edch p\u016fsob\u00ed jako rozpou\u0161t\u011bdlo pro dal\u0161\u00ed l\u00e1tky. Nav\u00edc poko\u017eku hydratuje a zjem\u0148uje. Kokosov\u00fd olej je polotuh\u00fd, b\u00edl\u00e9 barvy a m\u00e1 charakteristickou kokosovou v\u016fni.\" \/>\n<meta property=\"og:url\" content=\"https:\/\/naturalpoland.com\/cs\/produkty\/jedle-a-kosmeticke-oleje\/kokosovy-olej\/\" \/>\n<meta property=\"og:site_name\" content=\"NATURAL POLAND - Velkoobchodn\u00ed distributor surovin\" \/>\n<meta property=\"article:publisher\" content=\"https:\/\/www.facebook.com\/naturalpoland.b2b\" \/>\n<meta property=\"og:image\" content=\"https:\/\/naturalpoland.com\/wp-content\/uploads\/olej-kokosowy.jpg\" \/>\n\t<meta property=\"og:image:width\" content=\"650\" \/>\n\t<meta property=\"og:image:height\" content=\"542\" \/>\n\t<meta property=\"og:image:type\" content=\"image\/jpeg\" \/>\n<script type=\"application\/ld+json\" class=\"yoast-schema-graph\">{\"@context\":\"https:\\\/\\\/schema.org\",\"@graph\":[{\"@type\":\"WebPage\",\"@id\":\"https:\\\/\\\/naturalpoland.com\\\/cs\\\/produkty\\\/jedle-a-kosmeticke-oleje\\\/kokosovy-olej\\\/\",\"url\":\"https:\\\/\\\/naturalpoland.com\\\/cs\\\/produkty\\\/jedle-a-kosmeticke-oleje\\\/kokosovy-olej\\\/\",\"name\":\"Kokosov\u00fd olej - Velkoobchodn\u00ed distributor\",\"isPartOf\":{\"@id\":\"https:\\\/\\\/naturalpoland.com\\\/cs\\\/#website\"},\"primaryImageOfPage\":{\"@id\":\"https:\\\/\\\/naturalpoland.com\\\/cs\\\/produkty\\\/jedle-a-kosmeticke-oleje\\\/kokosovy-olej\\\/#primaryimage\"},\"image\":{\"@id\":\"https:\\\/\\\/naturalpoland.com\\\/cs\\\/produkty\\\/jedle-a-kosmeticke-oleje\\\/kokosovy-olej\\\/#primaryimage\"},\"thumbnailUrl\":\"https:\\\/\\\/naturalpoland.com\\\/wp-content\\\/uploads\\\/olej-kokosowy.jpg\",\"datePublished\":\"2021-12-20T12:30:10+00:00\",\"breadcrumb\":{\"@id\":\"https:\\\/\\\/naturalpoland.com\\\/cs\\\/produkty\\\/jedle-a-kosmeticke-oleje\\\/kokosovy-olej\\\/#breadcrumb\"},\"inLanguage\":\"cs\",\"potentialAction\":[{\"@type\":\"ReadAction\",\"target\":[\"https:\\\/\\\/naturalpoland.com\\\/cs\\\/produkty\\\/jedle-a-kosmeticke-oleje\\\/kokosovy-olej\\\/\"]}]},{\"@type\":\"ImageObject\",\"inLanguage\":\"cs\",\"@id\":\"https:\\\/\\\/naturalpoland.com\\\/cs\\\/produkty\\\/jedle-a-kosmeticke-oleje\\\/kokosovy-olej\\\/#primaryimage\",\"url\":\"https:\\\/\\\/naturalpoland.com\\\/wp-content\\\/uploads\\\/olej-kokosowy.jpg\",\"contentUrl\":\"https:\\\/\\\/naturalpoland.com\\\/wp-content\\\/uploads\\\/olej-kokosowy.jpg\",\"width\":650,\"height\":542},{\"@type\":\"BreadcrumbList\",\"@id\":\"https:\\\/\\\/naturalpoland.com\\\/cs\\\/produkty\\\/jedle-a-kosmeticke-oleje\\\/kokosovy-olej\\\/#breadcrumb\",\"itemListElement\":[{\"@type\":\"ListItem\",\"position\":1,\"name\":\"Dom\u016f\",\"item\":\"https:\\\/\\\/naturalpoland.com\\\/cs\\\/\"},{\"@type\":\"ListItem\",\"position\":2,\"name\":\"Produkty\",\"item\":\"https:\\\/\\\/naturalpoland.com\\\/cs\\\/produkty\\\/\"},{\"@type\":\"ListItem\",\"position\":3,\"name\":\"Kokosov\u00fd olej\"}]},{\"@type\":\"WebSite\",\"@id\":\"https:\\\/\\\/naturalpoland.com\\\/cs\\\/#website\",\"url\":\"https:\\\/\\\/naturalpoland.com\\\/cs\\\/\",\"name\":\"NATURAL POLAND - Velkoobchodn\u00ed distributor surovin\",\"description\":\"Surowce dla przemys\u0142u spo\u017cywczego, kosmetycznego i farmaceutycznego\",\"publisher\":{\"@id\":\"https:\\\/\\\/naturalpoland.com\\\/cs\\\/#organization\"},\"potentialAction\":[{\"@type\":\"SearchAction\",\"target\":{\"@type\":\"EntryPoint\",\"urlTemplate\":\"https:\\\/\\\/naturalpoland.com\\\/cs\\\/?s={search_term_string}\"},\"query-input\":{\"@type\":\"PropertyValueSpecification\",\"valueRequired\":true,\"valueName\":\"search_term_string\"}}],\"inLanguage\":\"cs\"},{\"@type\":\"Organization\",\"@id\":\"https:\\\/\\\/naturalpoland.com\\\/cs\\\/#organization\",\"name\":\"Natural Poland\",\"url\":\"https:\\\/\\\/naturalpoland.com\\\/cs\\\/\",\"logo\":{\"@type\":\"ImageObject\",\"inLanguage\":\"cs\",\"@id\":\"https:\\\/\\\/naturalpoland.com\\\/cs\\\/#\\\/schema\\\/logo\\\/image\\\/\",\"url\":\"https:\\\/\\\/naturalpoland.com\\\/wp-content\\\/uploads\\\/2021\\\/05\\\/natural-poland-icon.png\",\"contentUrl\":\"https:\\\/\\\/naturalpoland.com\\\/wp-content\\\/uploads\\\/2021\\\/05\\\/natural-poland-icon.png\",\"width\":512,\"height\":512,\"caption\":\"Natural Poland\"},\"image\":{\"@id\":\"https:\\\/\\\/naturalpoland.com\\\/cs\\\/#\\\/schema\\\/logo\\\/image\\\/\"},\"sameAs\":[\"https:\\\/\\\/www.facebook.com\\\/naturalpoland.b2b\",\"https:\\\/\\\/pl.linkedin.com\\\/company\\\/natural-poland\",\"https:\\\/\\\/www.youtube.com\\\/channel\\\/UCgeGGkvOMahZo-xu_MSEWxg\"]}]}<\/script>\n<!-- \/ Yoast SEO plugin. -->","yoast_head_json":{"title":"Kokosov\u00fd olej - Velkoobchodn\u00ed distributor","robots":{"index":"index","follow":"follow","max-snippet":"max-snippet:-1","max-image-preview":"max-image-preview:large","max-video-preview":"max-video-preview:-1"},"canonical":"https:\/\/naturalpoland.com\/cs\/produkty\/jedle-a-kosmeticke-oleje\/kokosovy-olej\/","og_locale":"cs_CZ","og_type":"article","og_title":"Kokosov\u00fd olej - Velkoobchodn\u00ed distributor","og_description":"Vysoce kvalitn\u00ed PANENSK\u00dd KOKOSOV\u00dd OLEJ - velkoobchodn\u00ed distributor. Kokosov\u00fd olej se pou\u017e\u00edv\u00e1 ve farmaceutick\u00e9m a kosmetick\u00e9m pr\u016fmyslu. P\u0159\u00edpravek je bezpe\u010dn\u00fd, nedr\u00e1\u017ed\u00ed poko\u017eku. V kosmetick\u00fdch p\u0159\u00edpravc\u00edch p\u016fsob\u00ed jako rozpou\u0161t\u011bdlo pro dal\u0161\u00ed l\u00e1tky. Nav\u00edc poko\u017eku hydratuje a zjem\u0148uje. Kokosov\u00fd olej je polotuh\u00fd, b\u00edl\u00e9 barvy a m\u00e1 charakteristickou kokosovou v\u016fni.","og_url":"https:\/\/naturalpoland.com\/cs\/produkty\/jedle-a-kosmeticke-oleje\/kokosovy-olej\/","og_site_name":"NATURAL POLAND - Velkoobchodn\u00ed distributor surovin","article_publisher":"https:\/\/www.facebook.com\/naturalpoland.b2b","og_image":[{"width":650,"height":542,"url":"https:\/\/naturalpoland.com\/wp-content\/uploads\/olej-kokosowy.jpg","type":"image\/jpeg"}],"schema":{"@context":"https:\/\/schema.org","@graph":[{"@type":"WebPage","@id":"https:\/\/naturalpoland.com\/cs\/produkty\/jedle-a-kosmeticke-oleje\/kokosovy-olej\/","url":"https:\/\/naturalpoland.com\/cs\/produkty\/jedle-a-kosmeticke-oleje\/kokosovy-olej\/","name":"Kokosov\u00fd olej - Velkoobchodn\u00ed distributor","isPartOf":{"@id":"https:\/\/naturalpoland.com\/cs\/#website"},"primaryImageOfPage":{"@id":"https:\/\/naturalpoland.com\/cs\/produkty\/jedle-a-kosmeticke-oleje\/kokosovy-olej\/#primaryimage"},"image":{"@id":"https:\/\/naturalpoland.com\/cs\/produkty\/jedle-a-kosmeticke-oleje\/kokosovy-olej\/#primaryimage"},"thumbnailUrl":"https:\/\/naturalpoland.com\/wp-content\/uploads\/olej-kokosowy.jpg","datePublished":"2021-12-20T12:30:10+00:00","breadcrumb":{"@id":"https:\/\/naturalpoland.com\/cs\/produkty\/jedle-a-kosmeticke-oleje\/kokosovy-olej\/#breadcrumb"},"inLanguage":"cs","potentialAction":[{"@type":"ReadAction","target":["https:\/\/naturalpoland.com\/cs\/produkty\/jedle-a-kosmeticke-oleje\/kokosovy-olej\/"]}]},{"@type":"ImageObject","inLanguage":"cs","@id":"https:\/\/naturalpoland.com\/cs\/produkty\/jedle-a-kosmeticke-oleje\/kokosovy-olej\/#primaryimage","url":"https:\/\/naturalpoland.com\/wp-content\/uploads\/olej-kokosowy.jpg","contentUrl":"https:\/\/naturalpoland.com\/wp-content\/uploads\/olej-kokosowy.jpg","width":650,"height":542},{"@type":"BreadcrumbList","@id":"https:\/\/naturalpoland.com\/cs\/produkty\/jedle-a-kosmeticke-oleje\/kokosovy-olej\/#breadcrumb","itemListElement":[{"@type":"ListItem","position":1,"name":"Dom\u016f","item":"https:\/\/naturalpoland.com\/cs\/"},{"@type":"ListItem","position":2,"name":"Produkty","item":"https:\/\/naturalpoland.com\/cs\/produkty\/"},{"@type":"ListItem","position":3,"name":"Kokosov\u00fd olej"}]},{"@type":"WebSite","@id":"https:\/\/naturalpoland.com\/cs\/#website","url":"https:\/\/naturalpoland.com\/cs\/","name":"NATURAL POLAND - Velkoobchodn\u00ed distributor surovin","description":"Surowce dla przemys\u0142u spo\u017cywczego, kosmetycznego i farmaceutycznego","publisher":{"@id":"https:\/\/naturalpoland.com\/cs\/#organization"},"potentialAction":[{"@type":"SearchAction","target":{"@type":"EntryPoint","urlTemplate":"https:\/\/naturalpoland.com\/cs\/?s={search_term_string}"},"query-input":{"@type":"PropertyValueSpecification","valueRequired":true,"valueName":"search_term_string"}}],"inLanguage":"cs"},{"@type":"Organization","@id":"https:\/\/naturalpoland.com\/cs\/#organization","name":"Natural Poland","url":"https:\/\/naturalpoland.com\/cs\/","logo":{"@type":"ImageObject","inLanguage":"cs","@id":"https:\/\/naturalpoland.com\/cs\/#\/schema\/logo\/image\/","url":"https:\/\/naturalpoland.com\/wp-content\/uploads\/2021\/05\/natural-poland-icon.png","contentUrl":"https:\/\/naturalpoland.com\/wp-content\/uploads\/2021\/05\/natural-poland-icon.png","width":512,"height":512,"caption":"Natural Poland"},"image":{"@id":"https:\/\/naturalpoland.com\/cs\/#\/schema\/logo\/image\/"},"sameAs":["https:\/\/www.facebook.com\/naturalpoland.b2b","https:\/\/pl.linkedin.com\/company\/natural-poland","https:\/\/www.youtube.com\/channel\/UCgeGGkvOMahZo-xu_MSEWxg"]}]}},"_links":{"self":[{"href":"https:\/\/naturalpoland.com\/cs\/wp-json\/wp\/v2\/product\/15526","targetHints":{"allow":["GET"]}}],"collection":[{"href":"https:\/\/naturalpoland.com\/cs\/wp-json\/wp\/v2\/product"}],"about":[{"href":"https:\/\/naturalpoland.com\/cs\/wp-json\/wp\/v2\/types\/product"}],"wp:featuredmedia":[{"embeddable":true,"href":"https:\/\/naturalpoland.com\/cs\/wp-json\/wp\/v2\/media\/15528"}],"wp:attachment":[{"href":"https:\/\/naturalpoland.com\/cs\/wp-json\/wp\/v2\/media?parent=15526"}],"wp:term":[{"taxonomy":"product_brand","embeddable":true,"href":"https:\/\/naturalpoland.com\/cs\/wp-json\/wp\/v2\/product_brand?post=15526"},{"taxonomy":"product_cat","embeddable":true,"href":"https:\/\/naturalpoland.com\/cs\/wp-json\/wp\/v2\/product_cat?post=15526"},{"taxonomy":"product_tag","embeddable":true,"href":"https:\/\/naturalpoland.com\/cs\/wp-json\/wp\/v2\/product_tag?post=15526"}],"curies":[{"name":"wp","href":"https:\/\/api.w.org\/{rel}","templated":true}]}}