{"id":15543,"date":"2021-06-30T14:09:48","date_gmt":"2021-12-20T12:30:23","guid":{"rendered":"https:\/\/naturalpoland.pl\/produkty\/nezarazene\/cetyl-alkohol\/"},"modified":"2021-12-20T13:30:27","modified_gmt":"2021-12-20T12:30:27","slug":"cetyl-alkohol","status":"publish","type":"product","link":"https:\/\/naturalpoland.com\/cs\/produkty\/produkty-pro-kosmeticky-prumysl\/kosmeticke-suroviny\/cetyl-alkohol\/","title":{"rendered":"Cetyl alkohol"},"content":{"rendered":"<p>Cetylalkohol je organick\u00e1 slou\u010denina ze skupiny mastn\u00fdch alkohol\u016f. Cetylalkohol je \u201emastn\u00e9\u201c zm\u011bk\u010dovadlo a stabiliz\u00e1tor emulze. Zvy\u0161uje viskozitu kosmetiky. Emulguje s vodou a vytv\u00e1\u0159\u00ed emulzi.<\/p>\n<p>Cetylalkohol nevykazuje \u017e\u00e1dnou toxicitu. Je nealergenn\u00ed a nedr\u00e1\u017ed\u00ed poko\u017eku. \u010cist\u00e1 forma l\u00e1tky je tak\u00e9 bezpe\u010dn\u00e1. V ple\u0165ov\u00e9 kosmetice p\u016fsob\u00ed komadogenn\u011b. Je to bezpe\u010dn\u00e1 p\u0159\u00edsada pro \u0161irok\u00e9 pou\u017eit\u00ed v kosmetick\u00e9m pr\u016fmyslu. Pou\u017e\u00edv\u00e1 se v mnoha produktech p\u00e9\u010de o ple\u0165 a vlasy, proto\u017ee je hydratuje a vyhlazuje.<\/p>\n<h2>Slo\u017een\u00ed produktu:<\/h2>\n<div class=\"row row-divided\"  id=\"row-542679717\">\n\n\t<div id=\"col-801303214\" class=\"col medium-1\/4 large-3\"  >\n\t\t\t\t<div class=\"col-inner\"  >\n\t\t\t\n\t\t\t\n<h3><\/h3>\n<div class=\"is-divider divider clearfix\" ><\/div>\n<div class=\"page\" title=\"Page 1\">\n<div class=\"layoutArea\">\n<div class=\"column\">\n<p><strong>N-dodekanol<\/strong><\/p>\n<div class=\"page\" title=\"Page 1\">\n<div class=\"layoutArea\">\n<div class=\"column\">\n<p><strong>tetradekanol<\/strong><\/p>\n<div class=\"page\" title=\"Page 1\">\n<div class=\"layoutArea\">\n<div class=\"column\">\n<p><strong>Hexadekan1-ol<\/strong><\/p>\n<div class=\"page\" title=\"Page 1\">\n<div class=\"layoutArea\">\n<div class=\"column\">\n<p><strong>Oktadekanol<\/strong><\/p>\n<\/div>\n<\/div>\n<\/div>\n<\/div>\n<\/div>\n<\/div>\n<\/div>\n<\/div>\n<\/div>\n<\/div>\n<\/div>\n<\/div>\n\t\t<\/div>\n\t\t\t\t\t<\/div>\n\n\t\n\n\t<div id=\"col-768349215\" class=\"col medium-1\/4 large-3\"  >\n\t\t\t\t<div class=\"col-inner\"  >\n\t\t\t\n\t\t\t\n<h3>Jm\u00e9no CAS<\/h3>\n<div class=\"is-divider divider clearfix\" ><\/div>\n<div class=\"page\" title=\"Page 1\">\n<div class=\"layoutArea\">\n<div class=\"column\">\n<p>112-53-8<\/p>\n<p>112-72-1<\/p>\n<p>36653-82-4<\/p>\n<p>112-92-5<\/p>\n<\/div>\n<\/div>\n<\/div>\n\t\t<\/div>\n\t\t\t\t\t<\/div>\n\n\t\n\n\t<div id=\"col-1232834405\" class=\"col medium-1\/4 large-3\"  >\n\t\t\t\t<div class=\"col-inner\"  >\n\t\t\t\n\t\t\t\n<h3>Nap\u0159. EINES<\/h3>\n<div class=\"is-divider divider clearfix\" ><\/div>\n<div class=\"page\" title=\"Page 1\">\n<div class=\"layoutArea\">\n<div class=\"column\">\n<p>203-982-0<\/p>\n<p>204-000-3<\/p>\n<p>253-149-0<\/p>\n<p>204-017-6<\/p>\n<\/div>\n<\/div>\n<\/div>\n\t\t<\/div>\n\t\t\t\t\t<\/div>\n\n\t\n\n\t<div id=\"col-2144949458\" class=\"col medium-1\/4 large-3\"  >\n\t\t\t\t<div class=\"col-inner\"  >\n\t\t\t\n\t\t\t\n<h3>\u017d\u00e1dn\u00e9 hmotnostn\u00ed procento<\/h3>\n<div class=\"is-divider divider clearfix\" ><\/div>\n<div class=\"page\" title=\"Page 1\">\n<div class=\"layoutArea\">\n<div class=\"column\">\n<p>0,5 Max<\/p>\n<p>1,0 Max<\/p>\n<p>98,00 min<\/p>\n<p>1,00 Max<\/p>\n<\/div>\n<\/div>\n<\/div>\n\t\t<\/div>\n\t\t\t\t\t<\/div>\n\n\t\n<\/div>\n","protected":false},"excerpt":{"rendered":"<p>Cetylalkohol (Cetylalkohol) &#8211; velkoobchodn\u00ed distribuce p\u0159\u00edmo od v\u00fdrobce. Jedn\u00e1 se o p\u0159\u00edpravek ve form\u011b b\u00edl\u00fdch pastilek bez z\u00e1pachu pro pou\u017eit\u00ed v kosmetick\u00e9m pr\u016fmyslu. Velmi dobr\u00e1 kvalita tohoto produktu umo\u017e\u0148uje z\u00edskat po\u017eadovanou konzistenci kosmetiky.<\/p>\n<p>Cetylalkohol je snadno biologicky odbourateln\u00fd (90 %). Nevy\u017eaduje speci\u00e1ln\u00ed dopravn\u00ed prost\u0159edky.<\/p>\n","protected":false},"featured_media":15546,"template":"","meta":[],"product_brand":[],"product_cat":[638],"product_tag":[],"class_list":{"0":"post-15543","1":"product","2":"type-product","3":"status-publish","4":"has-post-thumbnail","6":"product_cat-kosmeticke-suroviny","7":"pa_grupa-substancji-alkoholy","8":"pa_grupa-substancji-emoliencia","9":"pa_grupa-substancji-emulgatory-cs","11":"first","12":"instock","13":"shipping-taxable","14":"product-type-simple"},"yoast_head":"<!-- This site is optimized with the Yoast SEO plugin v27.4 - https:\/\/yoast.com\/product\/yoast-seo-wordpress\/ -->\n<title>Cetyl alkohol - Velkoobchodn\u00ed distributor<\/title>\n<meta name=\"robots\" content=\"index, follow, max-snippet:-1, max-image-preview:large, max-video-preview:-1\" \/>\n<link rel=\"canonical\" href=\"https:\/\/naturalpoland.com\/cs\/produkty\/produkty-pro-kosmeticky-prumysl\/kosmeticke-suroviny\/cetyl-alkohol\/\" \/>\n<meta property=\"og:locale\" content=\"cs_CZ\" \/>\n<meta property=\"og:type\" content=\"article\" \/>\n<meta property=\"og:title\" content=\"Cetyl alkohol - Velkoobchodn\u00ed distributor\" \/>\n<meta property=\"og:description\" content=\"Cetylalkohol (Cetylalkohol) - velkoobchodn\u00ed distribuce p\u0159\u00edmo od v\u00fdrobce. Jedn\u00e1 se o p\u0159\u00edpravek ve form\u011b b\u00edl\u00fdch pastilek bez z\u00e1pachu pro pou\u017eit\u00ed v kosmetick\u00e9m pr\u016fmyslu. Velmi dobr\u00e1 kvalita tohoto produktu umo\u017e\u0148uje z\u00edskat po\u017eadovanou konzistenci kosmetiky. Cetylalkohol je snadno biologicky odbourateln\u00fd (90 %). Nevy\u017eaduje speci\u00e1ln\u00ed dopravn\u00ed prost\u0159edky.\" \/>\n<meta property=\"og:url\" content=\"https:\/\/naturalpoland.com\/cs\/produkty\/produkty-pro-kosmeticky-prumysl\/kosmeticke-suroviny\/cetyl-alkohol\/\" \/>\n<meta property=\"og:site_name\" content=\"NATURAL POLAND - Velkoobchodn\u00ed distributor surovin\" \/>\n<meta property=\"article:publisher\" content=\"https:\/\/www.facebook.com\/naturalpoland.b2b\" \/>\n<meta property=\"article:modified_time\" content=\"2021-12-20T12:30:27+00:00\" \/>\n<meta property=\"og:image\" content=\"https:\/\/naturalpoland.com\/wp-content\/uploads\/cetyl-alkohol-alkohol-cetylowy.jpg\" \/>\n\t<meta property=\"og:image:width\" content=\"650\" \/>\n\t<meta property=\"og:image:height\" content=\"650\" \/>\n\t<meta property=\"og:image:type\" content=\"image\/jpeg\" \/>\n<script type=\"application\/ld+json\" class=\"yoast-schema-graph\">{\"@context\":\"https:\\\/\\\/schema.org\",\"@graph\":[{\"@type\":\"WebPage\",\"@id\":\"https:\\\/\\\/naturalpoland.com\\\/cs\\\/produkty\\\/produkty-pro-kosmeticky-prumysl\\\/kosmeticke-suroviny\\\/cetyl-alkohol\\\/\",\"url\":\"https:\\\/\\\/naturalpoland.com\\\/cs\\\/produkty\\\/produkty-pro-kosmeticky-prumysl\\\/kosmeticke-suroviny\\\/cetyl-alkohol\\\/\",\"name\":\"Cetyl alkohol - Velkoobchodn\u00ed distributor\",\"isPartOf\":{\"@id\":\"https:\\\/\\\/naturalpoland.com\\\/cs\\\/#website\"},\"primaryImageOfPage\":{\"@id\":\"https:\\\/\\\/naturalpoland.com\\\/cs\\\/produkty\\\/produkty-pro-kosmeticky-prumysl\\\/kosmeticke-suroviny\\\/cetyl-alkohol\\\/#primaryimage\"},\"image\":{\"@id\":\"https:\\\/\\\/naturalpoland.com\\\/cs\\\/produkty\\\/produkty-pro-kosmeticky-prumysl\\\/kosmeticke-suroviny\\\/cetyl-alkohol\\\/#primaryimage\"},\"thumbnailUrl\":\"https:\\\/\\\/naturalpoland.com\\\/wp-content\\\/uploads\\\/cetyl-alkohol-alkohol-cetylowy.jpg\",\"datePublished\":\"2021-12-20T12:30:23+00:00\",\"dateModified\":\"2021-12-20T12:30:27+00:00\",\"breadcrumb\":{\"@id\":\"https:\\\/\\\/naturalpoland.com\\\/cs\\\/produkty\\\/produkty-pro-kosmeticky-prumysl\\\/kosmeticke-suroviny\\\/cetyl-alkohol\\\/#breadcrumb\"},\"inLanguage\":\"cs\",\"potentialAction\":[{\"@type\":\"ReadAction\",\"target\":[\"https:\\\/\\\/naturalpoland.com\\\/cs\\\/produkty\\\/produkty-pro-kosmeticky-prumysl\\\/kosmeticke-suroviny\\\/cetyl-alkohol\\\/\"]}]},{\"@type\":\"ImageObject\",\"inLanguage\":\"cs\",\"@id\":\"https:\\\/\\\/naturalpoland.com\\\/cs\\\/produkty\\\/produkty-pro-kosmeticky-prumysl\\\/kosmeticke-suroviny\\\/cetyl-alkohol\\\/#primaryimage\",\"url\":\"https:\\\/\\\/naturalpoland.com\\\/wp-content\\\/uploads\\\/cetyl-alkohol-alkohol-cetylowy.jpg\",\"contentUrl\":\"https:\\\/\\\/naturalpoland.com\\\/wp-content\\\/uploads\\\/cetyl-alkohol-alkohol-cetylowy.jpg\",\"width\":650,\"height\":650},{\"@type\":\"BreadcrumbList\",\"@id\":\"https:\\\/\\\/naturalpoland.com\\\/cs\\\/produkty\\\/produkty-pro-kosmeticky-prumysl\\\/kosmeticke-suroviny\\\/cetyl-alkohol\\\/#breadcrumb\",\"itemListElement\":[{\"@type\":\"ListItem\",\"position\":1,\"name\":\"Dom\u016f\",\"item\":\"https:\\\/\\\/naturalpoland.com\\\/cs\\\/\"},{\"@type\":\"ListItem\",\"position\":2,\"name\":\"Produkty\",\"item\":\"https:\\\/\\\/naturalpoland.com\\\/cs\\\/produkty\\\/\"},{\"@type\":\"ListItem\",\"position\":3,\"name\":\"Cetyl alkohol\"}]},{\"@type\":\"WebSite\",\"@id\":\"https:\\\/\\\/naturalpoland.com\\\/cs\\\/#website\",\"url\":\"https:\\\/\\\/naturalpoland.com\\\/cs\\\/\",\"name\":\"NATURAL POLAND - Velkoobchodn\u00ed distributor surovin\",\"description\":\"Surowce dla przemys\u0142u spo\u017cywczego, kosmetycznego i farmaceutycznego\",\"publisher\":{\"@id\":\"https:\\\/\\\/naturalpoland.com\\\/cs\\\/#organization\"},\"potentialAction\":[{\"@type\":\"SearchAction\",\"target\":{\"@type\":\"EntryPoint\",\"urlTemplate\":\"https:\\\/\\\/naturalpoland.com\\\/cs\\\/?s={search_term_string}\"},\"query-input\":{\"@type\":\"PropertyValueSpecification\",\"valueRequired\":true,\"valueName\":\"search_term_string\"}}],\"inLanguage\":\"cs\"},{\"@type\":\"Organization\",\"@id\":\"https:\\\/\\\/naturalpoland.com\\\/cs\\\/#organization\",\"name\":\"Natural Poland\",\"url\":\"https:\\\/\\\/naturalpoland.com\\\/cs\\\/\",\"logo\":{\"@type\":\"ImageObject\",\"inLanguage\":\"cs\",\"@id\":\"https:\\\/\\\/naturalpoland.com\\\/cs\\\/#\\\/schema\\\/logo\\\/image\\\/\",\"url\":\"https:\\\/\\\/naturalpoland.com\\\/wp-content\\\/uploads\\\/2021\\\/05\\\/natural-poland-icon.png\",\"contentUrl\":\"https:\\\/\\\/naturalpoland.com\\\/wp-content\\\/uploads\\\/2021\\\/05\\\/natural-poland-icon.png\",\"width\":512,\"height\":512,\"caption\":\"Natural Poland\"},\"image\":{\"@id\":\"https:\\\/\\\/naturalpoland.com\\\/cs\\\/#\\\/schema\\\/logo\\\/image\\\/\"},\"sameAs\":[\"https:\\\/\\\/www.facebook.com\\\/naturalpoland.b2b\",\"https:\\\/\\\/pl.linkedin.com\\\/company\\\/natural-poland\",\"https:\\\/\\\/www.youtube.com\\\/channel\\\/UCgeGGkvOMahZo-xu_MSEWxg\"]}]}<\/script>\n<!-- \/ Yoast SEO plugin. -->","yoast_head_json":{"title":"Cetyl alkohol - Velkoobchodn\u00ed distributor","robots":{"index":"index","follow":"follow","max-snippet":"max-snippet:-1","max-image-preview":"max-image-preview:large","max-video-preview":"max-video-preview:-1"},"canonical":"https:\/\/naturalpoland.com\/cs\/produkty\/produkty-pro-kosmeticky-prumysl\/kosmeticke-suroviny\/cetyl-alkohol\/","og_locale":"cs_CZ","og_type":"article","og_title":"Cetyl alkohol - Velkoobchodn\u00ed distributor","og_description":"Cetylalkohol (Cetylalkohol) - velkoobchodn\u00ed distribuce p\u0159\u00edmo od v\u00fdrobce. Jedn\u00e1 se o p\u0159\u00edpravek ve form\u011b b\u00edl\u00fdch pastilek bez z\u00e1pachu pro pou\u017eit\u00ed v kosmetick\u00e9m pr\u016fmyslu. Velmi dobr\u00e1 kvalita tohoto produktu umo\u017e\u0148uje z\u00edskat po\u017eadovanou konzistenci kosmetiky. Cetylalkohol je snadno biologicky odbourateln\u00fd (90 %). Nevy\u017eaduje speci\u00e1ln\u00ed dopravn\u00ed prost\u0159edky.","og_url":"https:\/\/naturalpoland.com\/cs\/produkty\/produkty-pro-kosmeticky-prumysl\/kosmeticke-suroviny\/cetyl-alkohol\/","og_site_name":"NATURAL POLAND - Velkoobchodn\u00ed distributor surovin","article_publisher":"https:\/\/www.facebook.com\/naturalpoland.b2b","article_modified_time":"2021-12-20T12:30:27+00:00","og_image":[{"width":650,"height":650,"url":"https:\/\/naturalpoland.com\/wp-content\/uploads\/cetyl-alkohol-alkohol-cetylowy.jpg","type":"image\/jpeg"}],"schema":{"@context":"https:\/\/schema.org","@graph":[{"@type":"WebPage","@id":"https:\/\/naturalpoland.com\/cs\/produkty\/produkty-pro-kosmeticky-prumysl\/kosmeticke-suroviny\/cetyl-alkohol\/","url":"https:\/\/naturalpoland.com\/cs\/produkty\/produkty-pro-kosmeticky-prumysl\/kosmeticke-suroviny\/cetyl-alkohol\/","name":"Cetyl alkohol - Velkoobchodn\u00ed distributor","isPartOf":{"@id":"https:\/\/naturalpoland.com\/cs\/#website"},"primaryImageOfPage":{"@id":"https:\/\/naturalpoland.com\/cs\/produkty\/produkty-pro-kosmeticky-prumysl\/kosmeticke-suroviny\/cetyl-alkohol\/#primaryimage"},"image":{"@id":"https:\/\/naturalpoland.com\/cs\/produkty\/produkty-pro-kosmeticky-prumysl\/kosmeticke-suroviny\/cetyl-alkohol\/#primaryimage"},"thumbnailUrl":"https:\/\/naturalpoland.com\/wp-content\/uploads\/cetyl-alkohol-alkohol-cetylowy.jpg","datePublished":"2021-12-20T12:30:23+00:00","dateModified":"2021-12-20T12:30:27+00:00","breadcrumb":{"@id":"https:\/\/naturalpoland.com\/cs\/produkty\/produkty-pro-kosmeticky-prumysl\/kosmeticke-suroviny\/cetyl-alkohol\/#breadcrumb"},"inLanguage":"cs","potentialAction":[{"@type":"ReadAction","target":["https:\/\/naturalpoland.com\/cs\/produkty\/produkty-pro-kosmeticky-prumysl\/kosmeticke-suroviny\/cetyl-alkohol\/"]}]},{"@type":"ImageObject","inLanguage":"cs","@id":"https:\/\/naturalpoland.com\/cs\/produkty\/produkty-pro-kosmeticky-prumysl\/kosmeticke-suroviny\/cetyl-alkohol\/#primaryimage","url":"https:\/\/naturalpoland.com\/wp-content\/uploads\/cetyl-alkohol-alkohol-cetylowy.jpg","contentUrl":"https:\/\/naturalpoland.com\/wp-content\/uploads\/cetyl-alkohol-alkohol-cetylowy.jpg","width":650,"height":650},{"@type":"BreadcrumbList","@id":"https:\/\/naturalpoland.com\/cs\/produkty\/produkty-pro-kosmeticky-prumysl\/kosmeticke-suroviny\/cetyl-alkohol\/#breadcrumb","itemListElement":[{"@type":"ListItem","position":1,"name":"Dom\u016f","item":"https:\/\/naturalpoland.com\/cs\/"},{"@type":"ListItem","position":2,"name":"Produkty","item":"https:\/\/naturalpoland.com\/cs\/produkty\/"},{"@type":"ListItem","position":3,"name":"Cetyl alkohol"}]},{"@type":"WebSite","@id":"https:\/\/naturalpoland.com\/cs\/#website","url":"https:\/\/naturalpoland.com\/cs\/","name":"NATURAL POLAND - Velkoobchodn\u00ed distributor surovin","description":"Surowce dla przemys\u0142u spo\u017cywczego, kosmetycznego i farmaceutycznego","publisher":{"@id":"https:\/\/naturalpoland.com\/cs\/#organization"},"potentialAction":[{"@type":"SearchAction","target":{"@type":"EntryPoint","urlTemplate":"https:\/\/naturalpoland.com\/cs\/?s={search_term_string}"},"query-input":{"@type":"PropertyValueSpecification","valueRequired":true,"valueName":"search_term_string"}}],"inLanguage":"cs"},{"@type":"Organization","@id":"https:\/\/naturalpoland.com\/cs\/#organization","name":"Natural Poland","url":"https:\/\/naturalpoland.com\/cs\/","logo":{"@type":"ImageObject","inLanguage":"cs","@id":"https:\/\/naturalpoland.com\/cs\/#\/schema\/logo\/image\/","url":"https:\/\/naturalpoland.com\/wp-content\/uploads\/2021\/05\/natural-poland-icon.png","contentUrl":"https:\/\/naturalpoland.com\/wp-content\/uploads\/2021\/05\/natural-poland-icon.png","width":512,"height":512,"caption":"Natural Poland"},"image":{"@id":"https:\/\/naturalpoland.com\/cs\/#\/schema\/logo\/image\/"},"sameAs":["https:\/\/www.facebook.com\/naturalpoland.b2b","https:\/\/pl.linkedin.com\/company\/natural-poland","https:\/\/www.youtube.com\/channel\/UCgeGGkvOMahZo-xu_MSEWxg"]}]}},"_links":{"self":[{"href":"https:\/\/naturalpoland.com\/cs\/wp-json\/wp\/v2\/product\/15543","targetHints":{"allow":["GET"]}}],"collection":[{"href":"https:\/\/naturalpoland.com\/cs\/wp-json\/wp\/v2\/product"}],"about":[{"href":"https:\/\/naturalpoland.com\/cs\/wp-json\/wp\/v2\/types\/product"}],"wp:featuredmedia":[{"embeddable":true,"href":"https:\/\/naturalpoland.com\/cs\/wp-json\/wp\/v2\/media\/15546"}],"wp:attachment":[{"href":"https:\/\/naturalpoland.com\/cs\/wp-json\/wp\/v2\/media?parent=15543"}],"wp:term":[{"taxonomy":"product_brand","embeddable":true,"href":"https:\/\/naturalpoland.com\/cs\/wp-json\/wp\/v2\/product_brand?post=15543"},{"taxonomy":"product_cat","embeddable":true,"href":"https:\/\/naturalpoland.com\/cs\/wp-json\/wp\/v2\/product_cat?post=15543"},{"taxonomy":"product_tag","embeddable":true,"href":"https:\/\/naturalpoland.com\/cs\/wp-json\/wp\/v2\/product_tag?post=15543"}],"curies":[{"name":"wp","href":"https:\/\/api.w.org\/{rel}","templated":true}]}}